{"id":983,"date":"2020-07-08T12:33:37","date_gmt":"2020-07-08T15:33:37","guid":{"rendered":"https:\/\/loja.daniellebeatrizmakeup.com.br\/index.php\/produto\/import-placeholder-for-840\/"},"modified":"2026-04-12T22:40:41","modified_gmt":"2026-04-13T01:40:41","slug":"kit-eye-expert-maria-margarida","status":"publish","type":"product","link":"https:\/\/daniellebeatrizmakeup.com.br\/loja\/kit-eye-expert-maria-margarida\/","title":{"rendered":"Kit de Pinc\u00e9is Eye Expert Maria Margarida"},"content":{"rendered":"<p>O <a href=\"https:\/\/www.instagram.com\/p\/B2k3XGzAS5k\/\">Kit de Pinc\u00e9is Eye Expert<\/a> da <a href=\"https:\/\/daniellebeatrizmakeup.com.br\/loja\/maria-margarida\/\">Maria Margarida<\/a> para olhos \u00e9 composto por 7 pinc\u00e9is de qualidade profissional, feitos com cerdas naturais e sint\u00e9ticas de alt\u00edssima qualidade.<\/p>\n<p>O Kit \u00e9 composto por:<\/p>\n<ul>\n<li>O12 &#8211; Pincel L\u00e1pis &#8211; apresenta uma ponta suave e c\u00f4nica perfeita, criando uma defini\u00e7\u00e3o suave, excelente para marcar o c\u00f4ncavo de maneira precisa. (Cerda natural)<\/li>\n<li>O13 &#8211; Pincel Para Esfumar &#8211; apresenta uma cabe\u00e7a de escova macia, redonda. Perfeito quando usado com produtos em p\u00f3 para aplicar cor ao vinco e suavizar a cor dos olhos nas tampas, fornecendo controle firme. (Cerda Natural)<\/li>\n<li>O14 &#8211; Pincel Delineador Chanfrado &#8211; apresenta uma borda afiada com formato chanfrado e fibras sint\u00e9ticas para aplica\u00e7\u00e3o suave e uniforme do produto, criando uma a linha perfeita para o seu delineado. (Cerda Sint\u00e9tica)<\/li>\n<li>O19 &#8211; Pincel para Sombra &#8211; apresenta um formato ligeiramente achatado, feito com cerdas naturais de cabra e bordas ligeiramente arredondadas. Pincel elaborado para melhor aplica\u00e7\u00e3o de sombra com maior densidade. (Cerda Natural)<\/li>\n<li>O21 &#8211; Pincel Esfumar El\u00edptico &#8211; apresenta um topo ligeiramente firme e arredondado para mistura universal de produtos. Funciona bem para suavizar linhas e bordas intensas e \u00e9 excelente para esfumar cores na p\u00e1lpebra e tamb\u00e9m no c\u00f4ncavo. (Cerda Natural)<\/li>\n<li>O25 &#8211; Mini Pincel de Esfumar &#8211; apresenta cerdas macias, naturais e formato levemente arredondado. Este pincel \u00e9 perfeito para misturar produtos esfumando de maneira extremamente precisa com pouca utiliza\u00e7\u00e3o de produto. Proporciona um acabamento super profissional. (Cerda Natural)<\/li>\n<li>O27 &#8211; Pincel C\u00f4ncavo &#8211; apresenta uma ponta macia e c\u00f4nica. Desenvolvido com cerdas naturais de cabra e formato pontiagudo. Ele \u00e9 ideal para a constru\u00e7\u00e3o de camadas de cores na regi\u00e3o do c\u00f4ncavo. Com seu formato entre um pincel l\u00e1pis e um pincel de esfumar, ele aplica a sombra de maneira mais difusa mas ainda garantindo precis\u00e3o. (Cerda Natural)<\/li>\n<\/ul>\n<p>*Tamb\u00e9m vendidos separadamente.*<\/p>\n","protected":false},"excerpt":{"rendered":"<p>Kit de Pinc\u00e9is Eye Expert da Maria Margarida para olhos \u00e9 composto por 7 pinc\u00e9is de qualidade profissional, feitos com cerdas naturais e sint\u00e9ticas de alt\u00edssima qualidade.<\/p>\n","protected":false},"featured_media":1351,"comment_status":"open","ping_status":"closed","template":"","meta":{"_mbp_gutenberg_autopost":false},"product_brand":[],"product_cat":[314,73,312,133],"product_tag":[147,156,146,145,152],"woo-feed-brand":[],"class_list":{"0":"post-983","1":"product","2":"type-product","3":"status-publish","4":"has-post-thumbnail","6":"product_cat-kit-pinceis","7":"product_cat-maria-margarida","8":"product_cat-pincel-para-olhos","9":"product_cat-pinceis","10":"product_tag-conjunto-de-pinceis","11":"product_tag-kit","12":"product_tag-kit-de-pinceis","13":"product_tag-maria-margarida","14":"product_tag-pincel-esfumar","15":"yith_product_brand-maria-margarida","17":"first","18":"outofstock","19":"shipping-taxable","20":"purchasable","21":"product-type-simple"},"yoast_head":"<!-- This site is optimized with the Yoast SEO plugin v27.5 - https:\/\/yoast.com\/product\/yoast-seo-wordpress\/ -->\n<title>Kit de Pinc\u00e9is Eye Expert Maria Margarida - Loja DB Makeup<\/title>\n<meta name=\"description\" content=\"Kit Eye Expert para olhos, composto por 7 pinc\u00e9is de qualidade profissional, feitos com cerdas naturais e sint\u00e9ticas de alt\u00edssima qualidade.\" \/>\n<meta name=\"robots\" content=\"index, follow, max-snippet:-1, max-image-preview:large, max-video-preview:-1\" \/>\n<link rel=\"canonical\" href=\"https:\/\/daniellebeatrizmakeup.com.br\/loja\/kit-eye-expert-maria-margarida\/\" \/>\n<meta property=\"og:locale\" content=\"pt_BR\" \/>\n<meta property=\"og:type\" content=\"article\" \/>\n<meta property=\"og:title\" content=\"Kit de Pinc\u00e9is Eye Expert Maria Margarida - Loja DB Makeup\" \/>\n<meta property=\"og:description\" content=\"Kit Eye Expert para olhos, composto por 7 pinc\u00e9is de qualidade profissional, feitos com cerdas naturais e sint\u00e9ticas de alt\u00edssima qualidade.\" \/>\n<meta property=\"og:url\" content=\"https:\/\/daniellebeatrizmakeup.com.br\/loja\/kit-eye-expert-maria-margarida\/\" \/>\n<meta property=\"og:site_name\" content=\"Loja DB Makeup\" \/>\n<meta property=\"article:publisher\" content=\"https:\/\/www.facebook.com\/daniellebeatrizmakeup\" \/>\n<meta property=\"article:modified_time\" content=\"2026-04-13T01:40:41+00:00\" \/>\n<meta property=\"og:image\" content=\"https:\/\/daniellebeatrizmakeup.com.br\/loja\/wp-content\/uploads\/2020\/07\/kit-eye-expert-maria-margarida-2.jpg\" \/>\n\t<meta property=\"og:image:width\" content=\"1200\" \/>\n\t<meta property=\"og:image:height\" content=\"1200\" \/>\n\t<meta property=\"og:image:type\" content=\"image\/jpeg\" \/>\n<meta name=\"twitter:card\" content=\"summary_large_image\" \/>\n<meta name=\"twitter:site\" content=\"@danibetriz\" \/>\n<meta name=\"twitter:label1\" content=\"Est. tempo de leitura\" \/>\n\t<meta name=\"twitter:data1\" content=\"2 minutos\" \/>\n<script type=\"application\/ld+json\" class=\"yoast-schema-graph\">{\"@context\":\"https:\\\/\\\/schema.org\",\"@graph\":[{\"@type\":\"WebPage\",\"@id\":\"https:\\\/\\\/daniellebeatrizmakeup.com.br\\\/loja\\\/kit-eye-expert-maria-margarida\\\/\",\"url\":\"https:\\\/\\\/daniellebeatrizmakeup.com.br\\\/loja\\\/kit-eye-expert-maria-margarida\\\/\",\"name\":\"Kit de Pinc\u00e9is Eye Expert Maria Margarida - Loja DB Makeup\",\"isPartOf\":{\"@id\":\"https:\\\/\\\/daniellebeatrizmakeup.com.br\\\/loja\\\/#website\"},\"primaryImageOfPage\":{\"@id\":\"https:\\\/\\\/daniellebeatrizmakeup.com.br\\\/loja\\\/kit-eye-expert-maria-margarida\\\/#primaryimage\"},\"image\":{\"@id\":\"https:\\\/\\\/daniellebeatrizmakeup.com.br\\\/loja\\\/kit-eye-expert-maria-margarida\\\/#primaryimage\"},\"thumbnailUrl\":\"https:\\\/\\\/daniellebeatrizmakeup.com.br\\\/loja\\\/wp-content\\\/uploads\\\/2020\\\/07\\\/kit-eye-expert-maria-margarida-2.jpg\",\"datePublished\":\"2020-07-08T15:33:37+00:00\",\"dateModified\":\"2026-04-13T01:40:41+00:00\",\"description\":\"Kit Eye Expert para olhos, composto por 7 pinc\u00e9is de qualidade profissional, feitos com cerdas naturais e sint\u00e9ticas de alt\u00edssima qualidade.\",\"breadcrumb\":{\"@id\":\"https:\\\/\\\/daniellebeatrizmakeup.com.br\\\/loja\\\/kit-eye-expert-maria-margarida\\\/#breadcrumb\"},\"inLanguage\":\"pt-BR\",\"potentialAction\":[{\"@type\":\"ReadAction\",\"target\":[\"https:\\\/\\\/daniellebeatrizmakeup.com.br\\\/loja\\\/kit-eye-expert-maria-margarida\\\/\"]}]},{\"@type\":\"ImageObject\",\"inLanguage\":\"pt-BR\",\"@id\":\"https:\\\/\\\/daniellebeatrizmakeup.com.br\\\/loja\\\/kit-eye-expert-maria-margarida\\\/#primaryimage\",\"url\":\"https:\\\/\\\/daniellebeatrizmakeup.com.br\\\/loja\\\/wp-content\\\/uploads\\\/2020\\\/07\\\/kit-eye-expert-maria-margarida-2.jpg\",\"contentUrl\":\"https:\\\/\\\/daniellebeatrizmakeup.com.br\\\/loja\\\/wp-content\\\/uploads\\\/2020\\\/07\\\/kit-eye-expert-maria-margarida-2.jpg\",\"width\":1200,\"height\":1200,\"caption\":\"Kit de Pinc\u00e9is Eye Expert Maria Margarida\"},{\"@type\":\"BreadcrumbList\",\"@id\":\"https:\\\/\\\/daniellebeatrizmakeup.com.br\\\/loja\\\/kit-eye-expert-maria-margarida\\\/#breadcrumb\",\"itemListElement\":[{\"@type\":\"ListItem\",\"position\":1,\"name\":\"In\u00edcio\",\"item\":\"https:\\\/\\\/daniellebeatrizmakeup.com.br\\\/loja\\\/\"},{\"@type\":\"ListItem\",\"position\":2,\"name\":\"Todos\",\"item\":\"https:\\\/\\\/daniellebeatrizmakeup.com.br\\\/loja\\\/todos\\\/\"},{\"@type\":\"ListItem\",\"position\":3,\"name\":\"Kit de Pinc\u00e9is Eye Expert Maria Margarida\"}]},{\"@type\":\"WebSite\",\"@id\":\"https:\\\/\\\/daniellebeatrizmakeup.com.br\\\/loja\\\/#website\",\"url\":\"https:\\\/\\\/daniellebeatrizmakeup.com.br\\\/loja\\\/\",\"name\":\"Loja DB Makeup\",\"description\":\"A melhor loja de maquiagem para real\u00e7ar a sua beleza\",\"publisher\":{\"@id\":\"https:\\\/\\\/daniellebeatrizmakeup.com.br\\\/loja\\\/#organization\"},\"potentialAction\":[{\"@type\":\"SearchAction\",\"target\":{\"@type\":\"EntryPoint\",\"urlTemplate\":\"https:\\\/\\\/daniellebeatrizmakeup.com.br\\\/loja\\\/?s={search_term_string}\"},\"query-input\":{\"@type\":\"PropertyValueSpecification\",\"valueRequired\":true,\"valueName\":\"search_term_string\"}}],\"inLanguage\":\"pt-BR\"},{\"@type\":\"Organization\",\"@id\":\"https:\\\/\\\/daniellebeatrizmakeup.com.br\\\/loja\\\/#organization\",\"name\":\"Danielle Beatriz Makeup\",\"url\":\"https:\\\/\\\/daniellebeatrizmakeup.com.br\\\/loja\\\/\",\"logo\":{\"@type\":\"ImageObject\",\"inLanguage\":\"pt-BR\",\"@id\":\"https:\\\/\\\/daniellebeatrizmakeup.com.br\\\/loja\\\/#\\\/schema\\\/logo\\\/image\\\/\",\"url\":\"https:\\\/\\\/daniellebeatrizmakeup.com.br\\\/loja\\\/wp-content\\\/uploads\\\/2020\\\/10\\\/logo-loja-db-makeup.png\",\"contentUrl\":\"https:\\\/\\\/daniellebeatrizmakeup.com.br\\\/loja\\\/wp-content\\\/uploads\\\/2020\\\/10\\\/logo-loja-db-makeup.png\",\"width\":500,\"height\":110,\"caption\":\"Danielle Beatriz Makeup\"},\"image\":{\"@id\":\"https:\\\/\\\/daniellebeatrizmakeup.com.br\\\/loja\\\/#\\\/schema\\\/logo\\\/image\\\/\"},\"sameAs\":[\"https:\\\/\\\/www.facebook.com\\\/daniellebeatrizmakeup\",\"https:\\\/\\\/x.com\\\/danibetriz\",\"https:\\\/\\\/www.instagram.com\\\/daniellebeatrizmakeup\",\"https:\\\/\\\/pinterest.com\\\/daniellebeatrizmakeup\",\"https:\\\/\\\/www.youtube.com\\\/DanielleBeatriz\"]}]}<\/script>\n<!-- \/ Yoast SEO plugin. -->","yoast_head_json":{"title":"Kit de Pinc\u00e9is Eye Expert Maria Margarida - Loja DB Makeup","description":"Kit Eye Expert para olhos, composto por 7 pinc\u00e9is de qualidade profissional, feitos com cerdas naturais e sint\u00e9ticas de alt\u00edssima qualidade.","robots":{"index":"index","follow":"follow","max-snippet":"max-snippet:-1","max-image-preview":"max-image-preview:large","max-video-preview":"max-video-preview:-1"},"canonical":"https:\/\/daniellebeatrizmakeup.com.br\/loja\/kit-eye-expert-maria-margarida\/","og_locale":"pt_BR","og_type":"article","og_title":"Kit de Pinc\u00e9is Eye Expert Maria Margarida - Loja DB Makeup","og_description":"Kit Eye Expert para olhos, composto por 7 pinc\u00e9is de qualidade profissional, feitos com cerdas naturais e sint\u00e9ticas de alt\u00edssima qualidade.","og_url":"https:\/\/daniellebeatrizmakeup.com.br\/loja\/kit-eye-expert-maria-margarida\/","og_site_name":"Loja DB Makeup","article_publisher":"https:\/\/www.facebook.com\/daniellebeatrizmakeup","article_modified_time":"2026-04-13T01:40:41+00:00","og_image":[{"width":1200,"height":1200,"url":"https:\/\/daniellebeatrizmakeup.com.br\/loja\/wp-content\/uploads\/2020\/07\/kit-eye-expert-maria-margarida-2.jpg","type":"image\/jpeg"}],"twitter_card":"summary_large_image","twitter_site":"@danibetriz","twitter_misc":{"Est. tempo de leitura":"2 minutos"},"schema":{"@context":"https:\/\/schema.org","@graph":[{"@type":"WebPage","@id":"https:\/\/daniellebeatrizmakeup.com.br\/loja\/kit-eye-expert-maria-margarida\/","url":"https:\/\/daniellebeatrizmakeup.com.br\/loja\/kit-eye-expert-maria-margarida\/","name":"Kit de Pinc\u00e9is Eye Expert Maria Margarida - Loja DB Makeup","isPartOf":{"@id":"https:\/\/daniellebeatrizmakeup.com.br\/loja\/#website"},"primaryImageOfPage":{"@id":"https:\/\/daniellebeatrizmakeup.com.br\/loja\/kit-eye-expert-maria-margarida\/#primaryimage"},"image":{"@id":"https:\/\/daniellebeatrizmakeup.com.br\/loja\/kit-eye-expert-maria-margarida\/#primaryimage"},"thumbnailUrl":"https:\/\/daniellebeatrizmakeup.com.br\/loja\/wp-content\/uploads\/2020\/07\/kit-eye-expert-maria-margarida-2.jpg","datePublished":"2020-07-08T15:33:37+00:00","dateModified":"2026-04-13T01:40:41+00:00","description":"Kit Eye Expert para olhos, composto por 7 pinc\u00e9is de qualidade profissional, feitos com cerdas naturais e sint\u00e9ticas de alt\u00edssima qualidade.","breadcrumb":{"@id":"https:\/\/daniellebeatrizmakeup.com.br\/loja\/kit-eye-expert-maria-margarida\/#breadcrumb"},"inLanguage":"pt-BR","potentialAction":[{"@type":"ReadAction","target":["https:\/\/daniellebeatrizmakeup.com.br\/loja\/kit-eye-expert-maria-margarida\/"]}]},{"@type":"ImageObject","inLanguage":"pt-BR","@id":"https:\/\/daniellebeatrizmakeup.com.br\/loja\/kit-eye-expert-maria-margarida\/#primaryimage","url":"https:\/\/daniellebeatrizmakeup.com.br\/loja\/wp-content\/uploads\/2020\/07\/kit-eye-expert-maria-margarida-2.jpg","contentUrl":"https:\/\/daniellebeatrizmakeup.com.br\/loja\/wp-content\/uploads\/2020\/07\/kit-eye-expert-maria-margarida-2.jpg","width":1200,"height":1200,"caption":"Kit de Pinc\u00e9is Eye Expert Maria Margarida"},{"@type":"BreadcrumbList","@id":"https:\/\/daniellebeatrizmakeup.com.br\/loja\/kit-eye-expert-maria-margarida\/#breadcrumb","itemListElement":[{"@type":"ListItem","position":1,"name":"In\u00edcio","item":"https:\/\/daniellebeatrizmakeup.com.br\/loja\/"},{"@type":"ListItem","position":2,"name":"Todos","item":"https:\/\/daniellebeatrizmakeup.com.br\/loja\/todos\/"},{"@type":"ListItem","position":3,"name":"Kit de Pinc\u00e9is Eye Expert Maria Margarida"}]},{"@type":"WebSite","@id":"https:\/\/daniellebeatrizmakeup.com.br\/loja\/#website","url":"https:\/\/daniellebeatrizmakeup.com.br\/loja\/","name":"Loja DB Makeup","description":"A melhor loja de maquiagem para real\u00e7ar a sua beleza","publisher":{"@id":"https:\/\/daniellebeatrizmakeup.com.br\/loja\/#organization"},"potentialAction":[{"@type":"SearchAction","target":{"@type":"EntryPoint","urlTemplate":"https:\/\/daniellebeatrizmakeup.com.br\/loja\/?s={search_term_string}"},"query-input":{"@type":"PropertyValueSpecification","valueRequired":true,"valueName":"search_term_string"}}],"inLanguage":"pt-BR"},{"@type":"Organization","@id":"https:\/\/daniellebeatrizmakeup.com.br\/loja\/#organization","name":"Danielle Beatriz Makeup","url":"https:\/\/daniellebeatrizmakeup.com.br\/loja\/","logo":{"@type":"ImageObject","inLanguage":"pt-BR","@id":"https:\/\/daniellebeatrizmakeup.com.br\/loja\/#\/schema\/logo\/image\/","url":"https:\/\/daniellebeatrizmakeup.com.br\/loja\/wp-content\/uploads\/2020\/10\/logo-loja-db-makeup.png","contentUrl":"https:\/\/daniellebeatrizmakeup.com.br\/loja\/wp-content\/uploads\/2020\/10\/logo-loja-db-makeup.png","width":500,"height":110,"caption":"Danielle Beatriz Makeup"},"image":{"@id":"https:\/\/daniellebeatrizmakeup.com.br\/loja\/#\/schema\/logo\/image\/"},"sameAs":["https:\/\/www.facebook.com\/daniellebeatrizmakeup","https:\/\/x.com\/danibetriz","https:\/\/www.instagram.com\/daniellebeatrizmakeup","https:\/\/pinterest.com\/daniellebeatrizmakeup","https:\/\/www.youtube.com\/DanielleBeatriz"]}]}},"jetpack_sharing_enabled":true,"_links":{"self":[{"href":"https:\/\/daniellebeatrizmakeup.com.br\/loja\/wp-json\/wp\/v2\/product\/983","targetHints":{"allow":["GET"]}}],"collection":[{"href":"https:\/\/daniellebeatrizmakeup.com.br\/loja\/wp-json\/wp\/v2\/product"}],"about":[{"href":"https:\/\/daniellebeatrizmakeup.com.br\/loja\/wp-json\/wp\/v2\/types\/product"}],"replies":[{"embeddable":true,"href":"https:\/\/daniellebeatrizmakeup.com.br\/loja\/wp-json\/wp\/v2\/comments?post=983"}],"version-history":[{"count":2,"href":"https:\/\/daniellebeatrizmakeup.com.br\/loja\/wp-json\/wp\/v2\/product\/983\/revisions"}],"predecessor-version":[{"id":54459,"href":"https:\/\/daniellebeatrizmakeup.com.br\/loja\/wp-json\/wp\/v2\/product\/983\/revisions\/54459"}],"wp:featuredmedia":[{"embeddable":true,"href":"https:\/\/daniellebeatrizmakeup.com.br\/loja\/wp-json\/wp\/v2\/media\/1351"}],"wp:attachment":[{"href":"https:\/\/daniellebeatrizmakeup.com.br\/loja\/wp-json\/wp\/v2\/media?parent=983"}],"wp:term":[{"taxonomy":"product_brand","embeddable":true,"href":"https:\/\/daniellebeatrizmakeup.com.br\/loja\/wp-json\/wp\/v2\/product_brand?post=983"},{"taxonomy":"product_cat","embeddable":true,"href":"https:\/\/daniellebeatrizmakeup.com.br\/loja\/wp-json\/wp\/v2\/product_cat?post=983"},{"taxonomy":"product_tag","embeddable":true,"href":"https:\/\/daniellebeatrizmakeup.com.br\/loja\/wp-json\/wp\/v2\/product_tag?post=983"},{"taxonomy":"woo-feed-brand","embeddable":true,"href":"https:\/\/daniellebeatrizmakeup.com.br\/loja\/wp-json\/wp\/v2\/woo-feed-brand?post=983"}],"curies":[{"name":"wp","href":"https:\/\/api.w.org\/{rel}","templated":true}]}}