{"id":57851,"date":"2024-05-31T03:22:50","date_gmt":"2024-05-31T06:22:50","guid":{"rendered":"https:\/\/daniellebeatrizmakeup.com.br\/loja\/kit-3-grampos-em-harmonia\/"},"modified":"2025-06-06T14:40:52","modified_gmt":"2025-06-06T17:40:52","slug":"kit-3-grampos-em-harmonia","status":"publish","type":"product","link":"https:\/\/daniellebeatrizmakeup.com.br\/loja\/kit-3-grampos-em-harmonia\/","title":{"rendered":"Grampos em Harmonia DB Makeup"},"content":{"rendered":"<p>O Kit Grampos em Harmonia da DB Makeup foi especialmente desenvolvido para noivas e daminhas que desejam um toque delicado e sofisticado em seus penteados para o grande dia. Feito artesanalmente, cada grampo traz um brilho suave que complementa penteados presos ou semi-presos com eleg\u00e2ncia. O kit cont\u00e9m 3 grampos.<\/p>\n<h3>Simbologia dos Elementos do Kit Grampos em Harmonia DB Makeup<\/h3>\n<p>As p\u00e9rolas, conhecidas por sua feminilidade e pureza, trazem um toque de classe e nunca saem de moda. Os cristais adicionam um brilho sutil que reflete a luz de maneira encantadora, enquanto as flores de ABS simbolizam a delicadeza e o romantismo, tornando este kit perfeito para noivas que querem um visual delicado inesquec\u00edvel.<\/p>\n<h3>Medidas do Kit Grampos em Harmonia DB Makeup<\/h3>\n<p>As flores dos grampos s\u00e3o male\u00e1veis, permitindo que voc\u00ea ajuste e posicione cada uma de acordo com o seu gosto e necessidade.<\/p>\n<ul>\n<li>3 Flores: 10 \u00d7 4 \u00d7 1,5 cm<\/li>\n<li>2 Flores: 10 \u00d7 3 \u00d7 1,5 cm<\/li>\n<li>1 Flor: 10 \u00d7 3 \u00d7 1,5 cm<\/li>\n<\/ul>\n<p><strong>Obs.:<\/strong> Estaremos atentos quanto as medidas estabelecidas aqui, por\u00e9m por ser um trabalho feio \u00e0 m\u00e3o, os tamanhos podem sofrer m\u00ednimas diferen\u00e7as.<\/p>\n<h3>Materiais<\/h3>\n<p><span style=\"font-weight: 400;\">Utilizamos materiais de qualidade para a confec\u00e7\u00e3o das nossas grinaldas. Nossos arames s\u00e3o folheados, possuem alta durabilidade e n\u00e3o escurecem facilmente.<\/span><\/p>\n<h3>Aceitamos encomendas<\/h3>\n<ul>\n<li>Pedimos 20 dias para a confec\u00e7\u00e3o das pe\u00e7as feitas por encomenda. Em caso de urg\u00eancia, entre em contato pelo nosso WhatsApp para verificarmos a possibilidade de confec\u00e7\u00e3o em menos tempo. Queremos estar presentes no seu grande dia! (31) 99786-3165<\/li>\n<\/ul>\n<h3>Grinaldas da DB Makeup<\/h3>\n<p>A <a href=\"https:\/\/daniellebeatrizmakeup.com.br\/\">Danielle Beatriz Makeup<\/a> nasceu a partir de um sonho, proporcionar a beleza ideal para o seu dia a dia e para os momentos especiais da vida. Como maquiadora e penteadora, enquanto atendia minhas clientes, vi a necessidade de ter arranjos de cabelo para eventos memor\u00e1veis. Minha m\u00e3e, <a href=\"https:\/\/www.instagram.com\/maryarteflores\/\">Dulce Maria<\/a>, tamb\u00e9m sendo uma artista e muito criativa, com toda sua experi\u00eancia em trabalhos artesanais e flores artificiais, embarcou nessa jornada comigo. Todos os nossos arranjos s\u00e3o feitos \u00e0 m\u00e3o, por minha querida m\u00e3e, com muito carinho para o seu momento mais especial.<\/p>\n","protected":false},"excerpt":{"rendered":"<p>O Kit Grampos em Harmonia da DB Makeup foi especialmente desenvolvido para noivas e daminhas que desejam um toque delicado e sofisticado em seus penteados para o grande dia. Feito artesanalmente, cada grampo traz um brilho suave que complementa penteados presos ou semi-presos com eleg\u00e2ncia. O kit cont\u00e9m 3 grampos.<\/p>\n<h3>Simbologia dos Elementos do Kit Grampos em Harmonia DB Makeup<\/h3>\n<p>As p\u00e9rolas, conhecidas por sua feminilidade e pureza, trazem um toque de classe e nunca saem de moda. Os cristais adicionam um brilho sutil que reflete a luz de maneira encantadora, enquanto as flores de ABS simbolizam a delicadeza e o romantismo, tornando este kit perfeito para noivas que querem um visual delicado inesquec\u00edvel.<\/p>\n<h3>Medidas do Kit Grampos em Harmonia DB Makeup<\/h3>\n<p>As flores dos grampos s\u00e3o male\u00e1veis, permitindo que voc\u00ea ajuste e posicione cada uma de acordo com o seu gosto e necessidade.<\/p>\n<ul>\n<li>3 Flores: 10 \u00d7 4 \u00d7 1,5 cm<\/li>\n<li>2 Flores: 10 \u00d7 3 \u00d7 1,5 cm<\/li>\n<li>1 Flor: 10 \u00d7 3 \u00d7 1,5 cm<\/li>\n<\/ul>\n<p><strong>Obs.:<\/strong> Estaremos atentos quanto as medidas estabelecidas aqui, por\u00e9m por ser um trabalho feio \u00e0 m\u00e3o, os tamanhos podem sofrer m\u00ednimas diferen\u00e7as.<\/p>\n","protected":false},"featured_media":58099,"comment_status":"open","ping_status":"closed","template":"","meta":{"_mbp_gutenberg_autopost":false},"product_brand":[],"product_cat":[81,726,738],"product_tag":[],"woo-feed-brand":[],"class_list":{"0":"post-57851","1":"product","2":"type-product","3":"status-publish","4":"has-post-thumbnail","6":"product_cat-acessorios","7":"product_cat-db-makeup","8":"product_cat-grinalda","10":"first","11":"instock","12":"shipping-taxable","13":"purchasable","14":"product-type-simple"},"yoast_head":"<!-- This site is optimized with the Yoast SEO plugin v27.3 - https:\/\/yoast.com\/product\/yoast-seo-wordpress\/ -->\n<title>Grampos em Harmonia DB Makeup - Loja DB Makeup<\/title>\n<meta name=\"description\" content=\"Descubra o Kit Grampos em Harmonia. P\u00e9rolas, cristais e flores artesanais para um penteado inesquec\u00edvel em casamentos e festas. Compre j\u00e1!\" \/>\n<meta name=\"robots\" content=\"index, follow, max-snippet:-1, max-image-preview:large, max-video-preview:-1\" \/>\n<link rel=\"canonical\" href=\"https:\/\/daniellebeatrizmakeup.com.br\/loja\/kit-3-grampos-em-harmonia\/\" \/>\n<meta property=\"og:locale\" content=\"pt_BR\" \/>\n<meta property=\"og:type\" content=\"article\" \/>\n<meta property=\"og:title\" content=\"Grampos em Harmonia DB Makeup - Loja DB Makeup\" \/>\n<meta property=\"og:description\" content=\"Descubra o Kit Grampos em Harmonia. P\u00e9rolas, cristais e flores artesanais para um penteado inesquec\u00edvel em casamentos e festas. Compre j\u00e1!\" \/>\n<meta property=\"og:url\" content=\"https:\/\/daniellebeatrizmakeup.com.br\/loja\/kit-3-grampos-em-harmonia\/\" \/>\n<meta property=\"og:site_name\" content=\"Loja DB Makeup\" \/>\n<meta property=\"article:publisher\" content=\"https:\/\/www.facebook.com\/daniellebeatrizmakeup\" \/>\n<meta property=\"article:modified_time\" content=\"2025-06-06T17:40:52+00:00\" \/>\n<meta property=\"og:image\" content=\"https:\/\/daniellebeatrizmakeup.com.br\/loja\/wp-content\/uploads\/2024\/05\/grampos-em-harmonia-1-scaled.jpg\" \/>\n\t<meta property=\"og:image:width\" content=\"1919\" \/>\n\t<meta property=\"og:image:height\" content=\"2560\" \/>\n\t<meta property=\"og:image:type\" content=\"image\/jpeg\" \/>\n<meta name=\"twitter:card\" content=\"summary_large_image\" \/>\n<meta name=\"twitter:site\" content=\"@danibetriz\" \/>\n<meta name=\"twitter:label1\" content=\"Est. tempo de leitura\" \/>\n\t<meta name=\"twitter:data1\" content=\"2 minutos\" \/>\n<script type=\"application\/ld+json\" class=\"yoast-schema-graph\">{\"@context\":\"https:\\\/\\\/schema.org\",\"@graph\":[{\"@type\":\"WebPage\",\"@id\":\"https:\\\/\\\/daniellebeatrizmakeup.com.br\\\/loja\\\/kit-3-grampos-em-harmonia\\\/\",\"url\":\"https:\\\/\\\/daniellebeatrizmakeup.com.br\\\/loja\\\/kit-3-grampos-em-harmonia\\\/\",\"name\":\"Grampos em Harmonia DB Makeup - Loja DB Makeup\",\"isPartOf\":{\"@id\":\"https:\\\/\\\/daniellebeatrizmakeup.com.br\\\/loja\\\/#website\"},\"primaryImageOfPage\":{\"@id\":\"https:\\\/\\\/daniellebeatrizmakeup.com.br\\\/loja\\\/kit-3-grampos-em-harmonia\\\/#primaryimage\"},\"image\":{\"@id\":\"https:\\\/\\\/daniellebeatrizmakeup.com.br\\\/loja\\\/kit-3-grampos-em-harmonia\\\/#primaryimage\"},\"thumbnailUrl\":\"https:\\\/\\\/daniellebeatrizmakeup.com.br\\\/loja\\\/wp-content\\\/uploads\\\/2024\\\/05\\\/grampos-em-harmonia-1-scaled.jpg\",\"datePublished\":\"2024-05-31T06:22:50+00:00\",\"dateModified\":\"2025-06-06T17:40:52+00:00\",\"description\":\"Descubra o Kit Grampos em Harmonia. P\u00e9rolas, cristais e flores artesanais para um penteado inesquec\u00edvel em casamentos e festas. Compre j\u00e1!\",\"breadcrumb\":{\"@id\":\"https:\\\/\\\/daniellebeatrizmakeup.com.br\\\/loja\\\/kit-3-grampos-em-harmonia\\\/#breadcrumb\"},\"inLanguage\":\"pt-BR\",\"potentialAction\":[{\"@type\":\"ReadAction\",\"target\":[\"https:\\\/\\\/daniellebeatrizmakeup.com.br\\\/loja\\\/kit-3-grampos-em-harmonia\\\/\"]}]},{\"@type\":\"ImageObject\",\"inLanguage\":\"pt-BR\",\"@id\":\"https:\\\/\\\/daniellebeatrizmakeup.com.br\\\/loja\\\/kit-3-grampos-em-harmonia\\\/#primaryimage\",\"url\":\"https:\\\/\\\/daniellebeatrizmakeup.com.br\\\/loja\\\/wp-content\\\/uploads\\\/2024\\\/05\\\/grampos-em-harmonia-1-scaled.jpg\",\"contentUrl\":\"https:\\\/\\\/daniellebeatrizmakeup.com.br\\\/loja\\\/wp-content\\\/uploads\\\/2024\\\/05\\\/grampos-em-harmonia-1-scaled.jpg\",\"width\":1919,\"height\":2560},{\"@type\":\"BreadcrumbList\",\"@id\":\"https:\\\/\\\/daniellebeatrizmakeup.com.br\\\/loja\\\/kit-3-grampos-em-harmonia\\\/#breadcrumb\",\"itemListElement\":[{\"@type\":\"ListItem\",\"position\":1,\"name\":\"In\u00edcio\",\"item\":\"https:\\\/\\\/daniellebeatrizmakeup.com.br\\\/loja\\\/\"},{\"@type\":\"ListItem\",\"position\":2,\"name\":\"Todos\",\"item\":\"https:\\\/\\\/daniellebeatrizmakeup.com.br\\\/loja\\\/todos\\\/\"},{\"@type\":\"ListItem\",\"position\":3,\"name\":\"Grampos em Harmonia DB Makeup\"}]},{\"@type\":\"WebSite\",\"@id\":\"https:\\\/\\\/daniellebeatrizmakeup.com.br\\\/loja\\\/#website\",\"url\":\"https:\\\/\\\/daniellebeatrizmakeup.com.br\\\/loja\\\/\",\"name\":\"Loja DB Makeup\",\"description\":\"A melhor loja de maquiagem para real\u00e7ar a sua beleza\",\"publisher\":{\"@id\":\"https:\\\/\\\/daniellebeatrizmakeup.com.br\\\/loja\\\/#organization\"},\"potentialAction\":[{\"@type\":\"SearchAction\",\"target\":{\"@type\":\"EntryPoint\",\"urlTemplate\":\"https:\\\/\\\/daniellebeatrizmakeup.com.br\\\/loja\\\/?s={search_term_string}\"},\"query-input\":{\"@type\":\"PropertyValueSpecification\",\"valueRequired\":true,\"valueName\":\"search_term_string\"}}],\"inLanguage\":\"pt-BR\"},{\"@type\":\"Organization\",\"@id\":\"https:\\\/\\\/daniellebeatrizmakeup.com.br\\\/loja\\\/#organization\",\"name\":\"Danielle Beatriz Makeup\",\"url\":\"https:\\\/\\\/daniellebeatrizmakeup.com.br\\\/loja\\\/\",\"logo\":{\"@type\":\"ImageObject\",\"inLanguage\":\"pt-BR\",\"@id\":\"https:\\\/\\\/daniellebeatrizmakeup.com.br\\\/loja\\\/#\\\/schema\\\/logo\\\/image\\\/\",\"url\":\"https:\\\/\\\/daniellebeatrizmakeup.com.br\\\/loja\\\/wp-content\\\/uploads\\\/2020\\\/10\\\/logo-loja-db-makeup.png\",\"contentUrl\":\"https:\\\/\\\/daniellebeatrizmakeup.com.br\\\/loja\\\/wp-content\\\/uploads\\\/2020\\\/10\\\/logo-loja-db-makeup.png\",\"width\":500,\"height\":110,\"caption\":\"Danielle Beatriz Makeup\"},\"image\":{\"@id\":\"https:\\\/\\\/daniellebeatrizmakeup.com.br\\\/loja\\\/#\\\/schema\\\/logo\\\/image\\\/\"},\"sameAs\":[\"https:\\\/\\\/www.facebook.com\\\/daniellebeatrizmakeup\",\"https:\\\/\\\/x.com\\\/danibetriz\",\"https:\\\/\\\/www.instagram.com\\\/daniellebeatrizmakeup\",\"https:\\\/\\\/pinterest.com\\\/daniellebeatrizmakeup\",\"https:\\\/\\\/www.youtube.com\\\/DanielleBeatriz\"]}]}<\/script>\n<!-- \/ Yoast SEO plugin. -->","yoast_head_json":{"title":"Grampos em Harmonia DB Makeup - Loja DB Makeup","description":"Descubra o Kit Grampos em Harmonia. P\u00e9rolas, cristais e flores artesanais para um penteado inesquec\u00edvel em casamentos e festas. Compre j\u00e1!","robots":{"index":"index","follow":"follow","max-snippet":"max-snippet:-1","max-image-preview":"max-image-preview:large","max-video-preview":"max-video-preview:-1"},"canonical":"https:\/\/daniellebeatrizmakeup.com.br\/loja\/kit-3-grampos-em-harmonia\/","og_locale":"pt_BR","og_type":"article","og_title":"Grampos em Harmonia DB Makeup - Loja DB Makeup","og_description":"Descubra o Kit Grampos em Harmonia. P\u00e9rolas, cristais e flores artesanais para um penteado inesquec\u00edvel em casamentos e festas. Compre j\u00e1!","og_url":"https:\/\/daniellebeatrizmakeup.com.br\/loja\/kit-3-grampos-em-harmonia\/","og_site_name":"Loja DB Makeup","article_publisher":"https:\/\/www.facebook.com\/daniellebeatrizmakeup","article_modified_time":"2025-06-06T17:40:52+00:00","og_image":[{"width":1919,"height":2560,"url":"https:\/\/daniellebeatrizmakeup.com.br\/loja\/wp-content\/uploads\/2024\/05\/grampos-em-harmonia-1-scaled.jpg","type":"image\/jpeg"}],"twitter_card":"summary_large_image","twitter_site":"@danibetriz","twitter_misc":{"Est. tempo de leitura":"2 minutos"},"schema":{"@context":"https:\/\/schema.org","@graph":[{"@type":"WebPage","@id":"https:\/\/daniellebeatrizmakeup.com.br\/loja\/kit-3-grampos-em-harmonia\/","url":"https:\/\/daniellebeatrizmakeup.com.br\/loja\/kit-3-grampos-em-harmonia\/","name":"Grampos em Harmonia DB Makeup - Loja DB Makeup","isPartOf":{"@id":"https:\/\/daniellebeatrizmakeup.com.br\/loja\/#website"},"primaryImageOfPage":{"@id":"https:\/\/daniellebeatrizmakeup.com.br\/loja\/kit-3-grampos-em-harmonia\/#primaryimage"},"image":{"@id":"https:\/\/daniellebeatrizmakeup.com.br\/loja\/kit-3-grampos-em-harmonia\/#primaryimage"},"thumbnailUrl":"https:\/\/daniellebeatrizmakeup.com.br\/loja\/wp-content\/uploads\/2024\/05\/grampos-em-harmonia-1-scaled.jpg","datePublished":"2024-05-31T06:22:50+00:00","dateModified":"2025-06-06T17:40:52+00:00","description":"Descubra o Kit Grampos em Harmonia. P\u00e9rolas, cristais e flores artesanais para um penteado inesquec\u00edvel em casamentos e festas. Compre j\u00e1!","breadcrumb":{"@id":"https:\/\/daniellebeatrizmakeup.com.br\/loja\/kit-3-grampos-em-harmonia\/#breadcrumb"},"inLanguage":"pt-BR","potentialAction":[{"@type":"ReadAction","target":["https:\/\/daniellebeatrizmakeup.com.br\/loja\/kit-3-grampos-em-harmonia\/"]}]},{"@type":"ImageObject","inLanguage":"pt-BR","@id":"https:\/\/daniellebeatrizmakeup.com.br\/loja\/kit-3-grampos-em-harmonia\/#primaryimage","url":"https:\/\/daniellebeatrizmakeup.com.br\/loja\/wp-content\/uploads\/2024\/05\/grampos-em-harmonia-1-scaled.jpg","contentUrl":"https:\/\/daniellebeatrizmakeup.com.br\/loja\/wp-content\/uploads\/2024\/05\/grampos-em-harmonia-1-scaled.jpg","width":1919,"height":2560},{"@type":"BreadcrumbList","@id":"https:\/\/daniellebeatrizmakeup.com.br\/loja\/kit-3-grampos-em-harmonia\/#breadcrumb","itemListElement":[{"@type":"ListItem","position":1,"name":"In\u00edcio","item":"https:\/\/daniellebeatrizmakeup.com.br\/loja\/"},{"@type":"ListItem","position":2,"name":"Todos","item":"https:\/\/daniellebeatrizmakeup.com.br\/loja\/todos\/"},{"@type":"ListItem","position":3,"name":"Grampos em Harmonia DB Makeup"}]},{"@type":"WebSite","@id":"https:\/\/daniellebeatrizmakeup.com.br\/loja\/#website","url":"https:\/\/daniellebeatrizmakeup.com.br\/loja\/","name":"Loja DB Makeup","description":"A melhor loja de maquiagem para real\u00e7ar a sua beleza","publisher":{"@id":"https:\/\/daniellebeatrizmakeup.com.br\/loja\/#organization"},"potentialAction":[{"@type":"SearchAction","target":{"@type":"EntryPoint","urlTemplate":"https:\/\/daniellebeatrizmakeup.com.br\/loja\/?s={search_term_string}"},"query-input":{"@type":"PropertyValueSpecification","valueRequired":true,"valueName":"search_term_string"}}],"inLanguage":"pt-BR"},{"@type":"Organization","@id":"https:\/\/daniellebeatrizmakeup.com.br\/loja\/#organization","name":"Danielle Beatriz Makeup","url":"https:\/\/daniellebeatrizmakeup.com.br\/loja\/","logo":{"@type":"ImageObject","inLanguage":"pt-BR","@id":"https:\/\/daniellebeatrizmakeup.com.br\/loja\/#\/schema\/logo\/image\/","url":"https:\/\/daniellebeatrizmakeup.com.br\/loja\/wp-content\/uploads\/2020\/10\/logo-loja-db-makeup.png","contentUrl":"https:\/\/daniellebeatrizmakeup.com.br\/loja\/wp-content\/uploads\/2020\/10\/logo-loja-db-makeup.png","width":500,"height":110,"caption":"Danielle Beatriz Makeup"},"image":{"@id":"https:\/\/daniellebeatrizmakeup.com.br\/loja\/#\/schema\/logo\/image\/"},"sameAs":["https:\/\/www.facebook.com\/daniellebeatrizmakeup","https:\/\/x.com\/danibetriz","https:\/\/www.instagram.com\/daniellebeatrizmakeup","https:\/\/pinterest.com\/daniellebeatrizmakeup","https:\/\/www.youtube.com\/DanielleBeatriz"]}]}},"jetpack_sharing_enabled":true,"_links":{"self":[{"href":"https:\/\/daniellebeatrizmakeup.com.br\/loja\/wp-json\/wp\/v2\/product\/57851","targetHints":{"allow":["GET"]}}],"collection":[{"href":"https:\/\/daniellebeatrizmakeup.com.br\/loja\/wp-json\/wp\/v2\/product"}],"about":[{"href":"https:\/\/daniellebeatrizmakeup.com.br\/loja\/wp-json\/wp\/v2\/types\/product"}],"replies":[{"embeddable":true,"href":"https:\/\/daniellebeatrizmakeup.com.br\/loja\/wp-json\/wp\/v2\/comments?post=57851"}],"version-history":[{"count":3,"href":"https:\/\/daniellebeatrizmakeup.com.br\/loja\/wp-json\/wp\/v2\/product\/57851\/revisions"}],"predecessor-version":[{"id":58123,"href":"https:\/\/daniellebeatrizmakeup.com.br\/loja\/wp-json\/wp\/v2\/product\/57851\/revisions\/58123"}],"wp:featuredmedia":[{"embeddable":true,"href":"https:\/\/daniellebeatrizmakeup.com.br\/loja\/wp-json\/wp\/v2\/media\/58099"}],"wp:attachment":[{"href":"https:\/\/daniellebeatrizmakeup.com.br\/loja\/wp-json\/wp\/v2\/media?parent=57851"}],"wp:term":[{"taxonomy":"product_brand","embeddable":true,"href":"https:\/\/daniellebeatrizmakeup.com.br\/loja\/wp-json\/wp\/v2\/product_brand?post=57851"},{"taxonomy":"product_cat","embeddable":true,"href":"https:\/\/daniellebeatrizmakeup.com.br\/loja\/wp-json\/wp\/v2\/product_cat?post=57851"},{"taxonomy":"product_tag","embeddable":true,"href":"https:\/\/daniellebeatrizmakeup.com.br\/loja\/wp-json\/wp\/v2\/product_tag?post=57851"},{"taxonomy":"woo-feed-brand","embeddable":true,"href":"https:\/\/daniellebeatrizmakeup.com.br\/loja\/wp-json\/wp\/v2\/woo-feed-brand?post=57851"}],"curies":[{"name":"wp","href":"https:\/\/api.w.org\/{rel}","templated":true}]}}