{"id":57846,"date":"2024-05-31T03:22:34","date_gmt":"2024-05-31T06:22:34","guid":{"rendered":"https:\/\/daniellebeatrizmakeup.com.br\/loja\/sombra-duo-para-sobrancelha-feels-mood-ruby-rose\/"},"modified":"2024-12-03T00:00:37","modified_gmt":"2024-12-03T03:00:37","slug":"sombra-duo-para-sobrancelha-feels-mood-ruby-rose","status":"publish","type":"product","link":"https:\/\/daniellebeatrizmakeup.com.br\/loja\/sombra-duo-para-sobrancelha-feels-mood-ruby-rose\/","title":{"rendered":"Sombra Duo para Sobrancelhas Feels Mood Ruby Rose"},"content":{"rendered":"<p>A Sombra Duo para Sobrancelhas Feels Mood <a href=\"https:\/\/daniellebeatrizmakeup.com.br\/loja\/ruby-rose\/\">Ruby Rose<\/a> \u00e9 a escolha ideal para quem busca sobrancelhas impec\u00e1veis e bem definidas. Com alta pigmenta\u00e7\u00e3o e dois tons de sombra, voc\u00ea pode adaptar a cor conforme a tonalidade dos seus fios, garantindo um acabamento natural e harmonioso. A combina\u00e7\u00e3o de tons permite criar o tom ideal para cada tipo de <a href=\"https:\/\/www.instagram.com\/p\/CIEx_xWDuor\/\">sobrancelha<\/a>, proporcionando um visual profissional e sofisticado. O estojo conta ainda com um primer fixador, que garante maior dura\u00e7\u00e3o e pigmenta\u00e7\u00e3o, al\u00e9m de um pincel duplo para aplica\u00e7\u00e3o, com esponjinha de um lado e chanfrado do outro.<\/p>\n<h4><strong>Primer Fixador para Maior Durabilidade<\/strong><\/h4>\n<p>Acompanha um primer fixador que n\u00e3o s\u00f3 potencializa a pigmenta\u00e7\u00e3o, mas tamb\u00e9m assegura que a sombra permane\u00e7a intacta durante todo o dia. Esse detalhe \u00e9 essencial para manter suas sobrancelhas perfeitas, mesmo em dias longos e agitados. O primer garante que a cor adere melhor \u00e0 pele e aos fios, evitando retoques constantes e proporcionando um visual impec\u00e1vel do in\u00edcio ao fim do dia.<\/p>\n<h4><strong>Aplica\u00e7\u00e3o F\u00e1cil e Precisa com Pincel Duplo<\/strong><\/h4>\n<p>O estojo da Sombra Duo para Sobrancelhas Feels Mood Ruby Rose vem com um aplicador duplo, oferecendo uma esponjinha de um lado e um pincel chanfrado do outro. Essa dupla funcionalidade permite uma aplica\u00e7\u00e3o precisa e um acabamento profissional. Utilize o pincel chanfrado para delinear e preencher com precis\u00e3o, e a esponjinha para suavizar e mesclar a cor, garantindo um resultado uniforme e natural.<\/p>\n<p><strong>Modo de uso:<\/strong> Escolha o Molde para Sobrancelha que deseja e posicione-o bem firme sobre seus fios. Com o lado Pincel Chanfrado do duo-aplicador, aplique a sombra que deseja preenchendo todo o espa\u00e7o dentro do Molde.<\/p>\n<p><strong>Precau\u00e7\u00f5es:<\/strong> Uso externo. Manter fora do alcance das crian\u00e7as, n\u00e3o ingerir. Em caso de contato acidental com os olhos, enxaguar abundantemente. N\u00e3o utilizar sobre a pele irritada ou lesionada. Em caso de sensibilidade d\u00e9rmica, procure orienta\u00e7\u00e3o m\u00e9dica. manter em local seco e arejado.<\/p>\n","protected":false},"excerpt":{"rendered":"<p>Validade: 01\/<span data-sheets-root=\"1\" data-sheets-value=\"{&quot;1&quot;:3,&quot;3&quot;:46753}\" data-sheets-userformat=\"{&quot;2&quot;:513,&quot;3&quot;:{&quot;1&quot;:5,&quot;2&quot;:&quot;yyyy-mm-dd&quot;,&quot;3&quot;:1},&quot;12&quot;:0}\">2028<\/span><br \/>\nA Sombra Duo para Sobrancelha Feels Mood Ruby Rose \u00e9 a escolha ideal para quem busca sobrancelhas impec\u00e1veis e bem definidas. Com alta pigmenta\u00e7\u00e3o e dois tons de sombra, voc\u00ea pode adaptar a cor conforme a tonalidade dos seus fios, garantindo um acabamento natural e harmonioso. A combina\u00e7\u00e3o de tons permite criar o tom ideal para cada tipo de sobrancelha, proporcionando um visual profissional e sofisticado. O estojo conta ainda com um primer fixador, que garante maior dura\u00e7\u00e3o e pigmenta\u00e7\u00e3o, al\u00e9m de um pincel duplo para aplica\u00e7\u00e3o, com esponjinha de um lado e chanfrado do outro.<\/p>\n","protected":false},"featured_media":57908,"comment_status":"open","ping_status":"closed","template":"","meta":{"_mbp_gutenberg_autopost":false},"product_brand":[],"product_cat":[830,79,74,134],"product_tag":[],"woo-feed-brand":[],"class_list":{"0":"post-57846","1":"product","2":"type-product","3":"status-publish","4":"has-post-thumbnail","6":"product_cat-feels-mood","7":"product_cat-olhos","8":"product_cat-ruby-rose","9":"product_cat-sobrancelhas","10":"pa_cor-820","11":"pa_cor-821","12":"pa_cor-822","13":"pa_cor-823","15":"first","16":"instock","17":"shipping-taxable","18":"purchasable","19":"product-type-variable"},"yoast_head":"<!-- This site is optimized with the Yoast SEO plugin v27.3 - https:\/\/yoast.com\/product\/yoast-seo-wordpress\/ -->\n<title>Sombra Duo para Sobrancelhas Feels Mood Ruby Rose - Loja DB Makeup<\/title>\n<meta name=\"description\" content=\"Sobrancelhas perfeitas com a Sombra Duo para Sobrancelhas Feels Ruby Rose. Alta pigmenta\u00e7\u00e3o, primer fixador e pincel duplo para um acabamento impec\u00e1vel.\" \/>\n<meta name=\"robots\" content=\"index, follow, max-snippet:-1, max-image-preview:large, max-video-preview:-1\" \/>\n<link rel=\"canonical\" href=\"https:\/\/daniellebeatrizmakeup.com.br\/loja\/sombra-duo-para-sobrancelha-feels-mood-ruby-rose\/\" \/>\n<meta property=\"og:locale\" content=\"pt_BR\" \/>\n<meta property=\"og:type\" content=\"article\" \/>\n<meta property=\"og:title\" content=\"Sombra Duo para Sobrancelhas Feels Mood Ruby Rose - Loja DB Makeup\" \/>\n<meta property=\"og:description\" content=\"Sobrancelhas perfeitas com a Sombra Duo para Sobrancelhas Feels Ruby Rose. Alta pigmenta\u00e7\u00e3o, primer fixador e pincel duplo para um acabamento impec\u00e1vel.\" \/>\n<meta property=\"og:url\" content=\"https:\/\/daniellebeatrizmakeup.com.br\/loja\/sombra-duo-para-sobrancelha-feels-mood-ruby-rose\/\" \/>\n<meta property=\"og:site_name\" content=\"Loja DB Makeup\" \/>\n<meta property=\"article:publisher\" content=\"https:\/\/www.facebook.com\/daniellebeatrizmakeup\" \/>\n<meta property=\"article:modified_time\" content=\"2024-12-03T03:00:37+00:00\" \/>\n<meta property=\"og:image\" content=\"https:\/\/daniellebeatrizmakeup.com.br\/loja\/wp-content\/uploads\/2024\/05\/sombra-duo-para-sobrancelha-feels-mood-ruby-rose.png\" \/>\n\t<meta property=\"og:image:width\" content=\"1080\" \/>\n\t<meta property=\"og:image:height\" content=\"1350\" \/>\n\t<meta property=\"og:image:type\" content=\"image\/png\" \/>\n<meta name=\"twitter:card\" content=\"summary_large_image\" \/>\n<meta name=\"twitter:site\" content=\"@danibetriz\" \/>\n<meta name=\"twitter:label1\" content=\"Est. tempo de leitura\" \/>\n\t<meta name=\"twitter:data1\" content=\"2 minutos\" \/>\n<script type=\"application\/ld+json\" class=\"yoast-schema-graph\">{\"@context\":\"https:\\\/\\\/schema.org\",\"@graph\":[{\"@type\":\"WebPage\",\"@id\":\"https:\\\/\\\/daniellebeatrizmakeup.com.br\\\/loja\\\/sombra-duo-para-sobrancelha-feels-mood-ruby-rose\\\/\",\"url\":\"https:\\\/\\\/daniellebeatrizmakeup.com.br\\\/loja\\\/sombra-duo-para-sobrancelha-feels-mood-ruby-rose\\\/\",\"name\":\"Sombra Duo para Sobrancelhas Feels Mood Ruby Rose - Loja DB Makeup\",\"isPartOf\":{\"@id\":\"https:\\\/\\\/daniellebeatrizmakeup.com.br\\\/loja\\\/#website\"},\"primaryImageOfPage\":{\"@id\":\"https:\\\/\\\/daniellebeatrizmakeup.com.br\\\/loja\\\/sombra-duo-para-sobrancelha-feels-mood-ruby-rose\\\/#primaryimage\"},\"image\":{\"@id\":\"https:\\\/\\\/daniellebeatrizmakeup.com.br\\\/loja\\\/sombra-duo-para-sobrancelha-feels-mood-ruby-rose\\\/#primaryimage\"},\"thumbnailUrl\":\"https:\\\/\\\/daniellebeatrizmakeup.com.br\\\/loja\\\/wp-content\\\/uploads\\\/2024\\\/05\\\/sombra-duo-para-sobrancelha-feels-mood-ruby-rose.png\",\"datePublished\":\"2024-05-31T06:22:34+00:00\",\"dateModified\":\"2024-12-03T03:00:37+00:00\",\"description\":\"Sobrancelhas perfeitas com a Sombra Duo para Sobrancelhas Feels Ruby Rose. Alta pigmenta\u00e7\u00e3o, primer fixador e pincel duplo para um acabamento impec\u00e1vel.\",\"breadcrumb\":{\"@id\":\"https:\\\/\\\/daniellebeatrizmakeup.com.br\\\/loja\\\/sombra-duo-para-sobrancelha-feels-mood-ruby-rose\\\/#breadcrumb\"},\"inLanguage\":\"pt-BR\",\"potentialAction\":[{\"@type\":\"ReadAction\",\"target\":[\"https:\\\/\\\/daniellebeatrizmakeup.com.br\\\/loja\\\/sombra-duo-para-sobrancelha-feels-mood-ruby-rose\\\/\"]}]},{\"@type\":\"ImageObject\",\"inLanguage\":\"pt-BR\",\"@id\":\"https:\\\/\\\/daniellebeatrizmakeup.com.br\\\/loja\\\/sombra-duo-para-sobrancelha-feels-mood-ruby-rose\\\/#primaryimage\",\"url\":\"https:\\\/\\\/daniellebeatrizmakeup.com.br\\\/loja\\\/wp-content\\\/uploads\\\/2024\\\/05\\\/sombra-duo-para-sobrancelha-feels-mood-ruby-rose.png\",\"contentUrl\":\"https:\\\/\\\/daniellebeatrizmakeup.com.br\\\/loja\\\/wp-content\\\/uploads\\\/2024\\\/05\\\/sombra-duo-para-sobrancelha-feels-mood-ruby-rose.png\",\"width\":1080,\"height\":1350,\"caption\":\"Sombra Duo para Sobrancelhas Feels Ruby Rose\"},{\"@type\":\"BreadcrumbList\",\"@id\":\"https:\\\/\\\/daniellebeatrizmakeup.com.br\\\/loja\\\/sombra-duo-para-sobrancelha-feels-mood-ruby-rose\\\/#breadcrumb\",\"itemListElement\":[{\"@type\":\"ListItem\",\"position\":1,\"name\":\"In\u00edcio\",\"item\":\"https:\\\/\\\/daniellebeatrizmakeup.com.br\\\/loja\\\/\"},{\"@type\":\"ListItem\",\"position\":2,\"name\":\"Todos\",\"item\":\"https:\\\/\\\/daniellebeatrizmakeup.com.br\\\/loja\\\/todos\\\/\"},{\"@type\":\"ListItem\",\"position\":3,\"name\":\"Sombra Duo para Sobrancelhas Feels Mood Ruby Rose\"}]},{\"@type\":\"WebSite\",\"@id\":\"https:\\\/\\\/daniellebeatrizmakeup.com.br\\\/loja\\\/#website\",\"url\":\"https:\\\/\\\/daniellebeatrizmakeup.com.br\\\/loja\\\/\",\"name\":\"Loja DB Makeup\",\"description\":\"A melhor loja de maquiagem para real\u00e7ar a sua beleza\",\"publisher\":{\"@id\":\"https:\\\/\\\/daniellebeatrizmakeup.com.br\\\/loja\\\/#organization\"},\"potentialAction\":[{\"@type\":\"SearchAction\",\"target\":{\"@type\":\"EntryPoint\",\"urlTemplate\":\"https:\\\/\\\/daniellebeatrizmakeup.com.br\\\/loja\\\/?s={search_term_string}\"},\"query-input\":{\"@type\":\"PropertyValueSpecification\",\"valueRequired\":true,\"valueName\":\"search_term_string\"}}],\"inLanguage\":\"pt-BR\"},{\"@type\":\"Organization\",\"@id\":\"https:\\\/\\\/daniellebeatrizmakeup.com.br\\\/loja\\\/#organization\",\"name\":\"Danielle Beatriz Makeup\",\"url\":\"https:\\\/\\\/daniellebeatrizmakeup.com.br\\\/loja\\\/\",\"logo\":{\"@type\":\"ImageObject\",\"inLanguage\":\"pt-BR\",\"@id\":\"https:\\\/\\\/daniellebeatrizmakeup.com.br\\\/loja\\\/#\\\/schema\\\/logo\\\/image\\\/\",\"url\":\"https:\\\/\\\/daniellebeatrizmakeup.com.br\\\/loja\\\/wp-content\\\/uploads\\\/2020\\\/10\\\/logo-loja-db-makeup.png\",\"contentUrl\":\"https:\\\/\\\/daniellebeatrizmakeup.com.br\\\/loja\\\/wp-content\\\/uploads\\\/2020\\\/10\\\/logo-loja-db-makeup.png\",\"width\":500,\"height\":110,\"caption\":\"Danielle Beatriz Makeup\"},\"image\":{\"@id\":\"https:\\\/\\\/daniellebeatrizmakeup.com.br\\\/loja\\\/#\\\/schema\\\/logo\\\/image\\\/\"},\"sameAs\":[\"https:\\\/\\\/www.facebook.com\\\/daniellebeatrizmakeup\",\"https:\\\/\\\/x.com\\\/danibetriz\",\"https:\\\/\\\/www.instagram.com\\\/daniellebeatrizmakeup\",\"https:\\\/\\\/pinterest.com\\\/daniellebeatrizmakeup\",\"https:\\\/\\\/www.youtube.com\\\/DanielleBeatriz\"]}]}<\/script>\n<!-- \/ Yoast SEO plugin. -->","yoast_head_json":{"title":"Sombra Duo para Sobrancelhas Feels Mood Ruby Rose - Loja DB Makeup","description":"Sobrancelhas perfeitas com a Sombra Duo para Sobrancelhas Feels Ruby Rose. Alta pigmenta\u00e7\u00e3o, primer fixador e pincel duplo para um acabamento impec\u00e1vel.","robots":{"index":"index","follow":"follow","max-snippet":"max-snippet:-1","max-image-preview":"max-image-preview:large","max-video-preview":"max-video-preview:-1"},"canonical":"https:\/\/daniellebeatrizmakeup.com.br\/loja\/sombra-duo-para-sobrancelha-feels-mood-ruby-rose\/","og_locale":"pt_BR","og_type":"article","og_title":"Sombra Duo para Sobrancelhas Feels Mood Ruby Rose - Loja DB Makeup","og_description":"Sobrancelhas perfeitas com a Sombra Duo para Sobrancelhas Feels Ruby Rose. Alta pigmenta\u00e7\u00e3o, primer fixador e pincel duplo para um acabamento impec\u00e1vel.","og_url":"https:\/\/daniellebeatrizmakeup.com.br\/loja\/sombra-duo-para-sobrancelha-feels-mood-ruby-rose\/","og_site_name":"Loja DB Makeup","article_publisher":"https:\/\/www.facebook.com\/daniellebeatrizmakeup","article_modified_time":"2024-12-03T03:00:37+00:00","og_image":[{"width":1080,"height":1350,"url":"https:\/\/daniellebeatrizmakeup.com.br\/loja\/wp-content\/uploads\/2024\/05\/sombra-duo-para-sobrancelha-feels-mood-ruby-rose.png","type":"image\/png"}],"twitter_card":"summary_large_image","twitter_site":"@danibetriz","twitter_misc":{"Est. tempo de leitura":"2 minutos"},"schema":{"@context":"https:\/\/schema.org","@graph":[{"@type":"WebPage","@id":"https:\/\/daniellebeatrizmakeup.com.br\/loja\/sombra-duo-para-sobrancelha-feels-mood-ruby-rose\/","url":"https:\/\/daniellebeatrizmakeup.com.br\/loja\/sombra-duo-para-sobrancelha-feels-mood-ruby-rose\/","name":"Sombra Duo para Sobrancelhas Feels Mood Ruby Rose - Loja DB Makeup","isPartOf":{"@id":"https:\/\/daniellebeatrizmakeup.com.br\/loja\/#website"},"primaryImageOfPage":{"@id":"https:\/\/daniellebeatrizmakeup.com.br\/loja\/sombra-duo-para-sobrancelha-feels-mood-ruby-rose\/#primaryimage"},"image":{"@id":"https:\/\/daniellebeatrizmakeup.com.br\/loja\/sombra-duo-para-sobrancelha-feels-mood-ruby-rose\/#primaryimage"},"thumbnailUrl":"https:\/\/daniellebeatrizmakeup.com.br\/loja\/wp-content\/uploads\/2024\/05\/sombra-duo-para-sobrancelha-feels-mood-ruby-rose.png","datePublished":"2024-05-31T06:22:34+00:00","dateModified":"2024-12-03T03:00:37+00:00","description":"Sobrancelhas perfeitas com a Sombra Duo para Sobrancelhas Feels Ruby Rose. Alta pigmenta\u00e7\u00e3o, primer fixador e pincel duplo para um acabamento impec\u00e1vel.","breadcrumb":{"@id":"https:\/\/daniellebeatrizmakeup.com.br\/loja\/sombra-duo-para-sobrancelha-feels-mood-ruby-rose\/#breadcrumb"},"inLanguage":"pt-BR","potentialAction":[{"@type":"ReadAction","target":["https:\/\/daniellebeatrizmakeup.com.br\/loja\/sombra-duo-para-sobrancelha-feels-mood-ruby-rose\/"]}]},{"@type":"ImageObject","inLanguage":"pt-BR","@id":"https:\/\/daniellebeatrizmakeup.com.br\/loja\/sombra-duo-para-sobrancelha-feels-mood-ruby-rose\/#primaryimage","url":"https:\/\/daniellebeatrizmakeup.com.br\/loja\/wp-content\/uploads\/2024\/05\/sombra-duo-para-sobrancelha-feels-mood-ruby-rose.png","contentUrl":"https:\/\/daniellebeatrizmakeup.com.br\/loja\/wp-content\/uploads\/2024\/05\/sombra-duo-para-sobrancelha-feels-mood-ruby-rose.png","width":1080,"height":1350,"caption":"Sombra Duo para Sobrancelhas Feels Ruby Rose"},{"@type":"BreadcrumbList","@id":"https:\/\/daniellebeatrizmakeup.com.br\/loja\/sombra-duo-para-sobrancelha-feels-mood-ruby-rose\/#breadcrumb","itemListElement":[{"@type":"ListItem","position":1,"name":"In\u00edcio","item":"https:\/\/daniellebeatrizmakeup.com.br\/loja\/"},{"@type":"ListItem","position":2,"name":"Todos","item":"https:\/\/daniellebeatrizmakeup.com.br\/loja\/todos\/"},{"@type":"ListItem","position":3,"name":"Sombra Duo para Sobrancelhas Feels Mood Ruby Rose"}]},{"@type":"WebSite","@id":"https:\/\/daniellebeatrizmakeup.com.br\/loja\/#website","url":"https:\/\/daniellebeatrizmakeup.com.br\/loja\/","name":"Loja DB Makeup","description":"A melhor loja de maquiagem para real\u00e7ar a sua beleza","publisher":{"@id":"https:\/\/daniellebeatrizmakeup.com.br\/loja\/#organization"},"potentialAction":[{"@type":"SearchAction","target":{"@type":"EntryPoint","urlTemplate":"https:\/\/daniellebeatrizmakeup.com.br\/loja\/?s={search_term_string}"},"query-input":{"@type":"PropertyValueSpecification","valueRequired":true,"valueName":"search_term_string"}}],"inLanguage":"pt-BR"},{"@type":"Organization","@id":"https:\/\/daniellebeatrizmakeup.com.br\/loja\/#organization","name":"Danielle Beatriz Makeup","url":"https:\/\/daniellebeatrizmakeup.com.br\/loja\/","logo":{"@type":"ImageObject","inLanguage":"pt-BR","@id":"https:\/\/daniellebeatrizmakeup.com.br\/loja\/#\/schema\/logo\/image\/","url":"https:\/\/daniellebeatrizmakeup.com.br\/loja\/wp-content\/uploads\/2020\/10\/logo-loja-db-makeup.png","contentUrl":"https:\/\/daniellebeatrizmakeup.com.br\/loja\/wp-content\/uploads\/2020\/10\/logo-loja-db-makeup.png","width":500,"height":110,"caption":"Danielle Beatriz Makeup"},"image":{"@id":"https:\/\/daniellebeatrizmakeup.com.br\/loja\/#\/schema\/logo\/image\/"},"sameAs":["https:\/\/www.facebook.com\/daniellebeatrizmakeup","https:\/\/x.com\/danibetriz","https:\/\/www.instagram.com\/daniellebeatrizmakeup","https:\/\/pinterest.com\/daniellebeatrizmakeup","https:\/\/www.youtube.com\/DanielleBeatriz"]}]}},"jetpack_sharing_enabled":true,"_links":{"self":[{"href":"https:\/\/daniellebeatrizmakeup.com.br\/loja\/wp-json\/wp\/v2\/product\/57846","targetHints":{"allow":["GET"]}}],"collection":[{"href":"https:\/\/daniellebeatrizmakeup.com.br\/loja\/wp-json\/wp\/v2\/product"}],"about":[{"href":"https:\/\/daniellebeatrizmakeup.com.br\/loja\/wp-json\/wp\/v2\/types\/product"}],"replies":[{"embeddable":true,"href":"https:\/\/daniellebeatrizmakeup.com.br\/loja\/wp-json\/wp\/v2\/comments?post=57846"}],"version-history":[{"count":3,"href":"https:\/\/daniellebeatrizmakeup.com.br\/loja\/wp-json\/wp\/v2\/product\/57846\/revisions"}],"predecessor-version":[{"id":57948,"href":"https:\/\/daniellebeatrizmakeup.com.br\/loja\/wp-json\/wp\/v2\/product\/57846\/revisions\/57948"}],"wp:featuredmedia":[{"embeddable":true,"href":"https:\/\/daniellebeatrizmakeup.com.br\/loja\/wp-json\/wp\/v2\/media\/57908"}],"wp:attachment":[{"href":"https:\/\/daniellebeatrizmakeup.com.br\/loja\/wp-json\/wp\/v2\/media?parent=57846"}],"wp:term":[{"taxonomy":"product_brand","embeddable":true,"href":"https:\/\/daniellebeatrizmakeup.com.br\/loja\/wp-json\/wp\/v2\/product_brand?post=57846"},{"taxonomy":"product_cat","embeddable":true,"href":"https:\/\/daniellebeatrizmakeup.com.br\/loja\/wp-json\/wp\/v2\/product_cat?post=57846"},{"taxonomy":"product_tag","embeddable":true,"href":"https:\/\/daniellebeatrizmakeup.com.br\/loja\/wp-json\/wp\/v2\/product_tag?post=57846"},{"taxonomy":"woo-feed-brand","embeddable":true,"href":"https:\/\/daniellebeatrizmakeup.com.br\/loja\/wp-json\/wp\/v2\/woo-feed-brand?post=57846"}],"curies":[{"name":"wp","href":"https:\/\/api.w.org\/{rel}","templated":true}]}}