{"id":57185,"date":"2023-08-30T15:44:25","date_gmt":"2023-08-30T18:44:25","guid":{"rendered":"https:\/\/daniellebeatrizmakeup.com.br\/loja\/?post_type=product&#038;p=57185"},"modified":"2026-01-15T13:49:15","modified_gmt":"2026-01-15T16:49:15","slug":"tonico-adstringente-adeus-oleosidade-maria-margarida","status":"publish","type":"product","link":"https:\/\/daniellebeatrizmakeup.com.br\/loja\/tonico-adstringente-adeus-oleosidade-maria-margarida\/","title":{"rendered":"T\u00f4nico Adstringente Adeus Oleosidade Maria Margarida"},"content":{"rendered":"<p>O T\u00f4nico Adstringente Adeus Oleosidade da <a href=\"https:\/\/daniellebeatrizmakeup.com.br\/loja\/maria-margarida\">Maria Margarida<\/a> chegou para fazer uma revolu\u00e7\u00e3o no cuidado da pele oleosa. Este t\u00f4nico \u00e9 o seu segredo para uma pele radiante e livre de oleosidade.<\/p>\n<p><strong>A F\u00f3rmula Poderosa que sua Pele Merece<\/strong><\/p>\n<ul>\n<li><em>Extrato de Aloe Vera<\/em>: Acalma e hidrata a pele, deixando-a suave como seda.<\/li>\n<li><em>Extrato de Melaleuca<\/em>: O poder anti-inflamat\u00f3rio e antif\u00fangico que sua pele precisa para combater a acne.<\/li>\n<li><em>\u00c1cido Glic\u00f3lico<\/em>: Renova a pele, desvanecendo manchas de acne e reduzindo cravos, revelando um brilho saud\u00e1vel.<\/li>\n<li><em>Mentol<\/em>: Aumenta a circula\u00e7\u00e3o sangu\u00ednea, proporcionando uma sensa\u00e7\u00e3o refrescante revigorante.<\/li>\n<li><em>Extrato de Pepino<\/em>: Uma explos\u00e3o de frescor, maciez e a\u00e7\u00e3o adstringente para uma pele impec\u00e1vel.<\/li>\n<li><em>\u00c1cido Hialur\u00f4nico<\/em>: Mant\u00e9m a hidrata\u00e7\u00e3o da pele, segurando a \u00e1gua nas c\u00e9lulas, para uma pele sempre hidratada.<\/li>\n<li><em>S\u00f3dio PCA<\/em>: Umectante altamente eficaz que mant\u00e9m sua pele hidratada por per\u00edodos prolongados.<\/li>\n<\/ul>\n<p><strong>Pele Livre de Oleosidade e Hidratada<\/strong><\/p>\n<p>Imagine uma pele livre daquele excesso de oleosidade que tanto incomoda, mas ao mesmo tempo, radiante e hidratada. Este t\u00f4nico \u00e9 a solu\u00e7\u00e3o que voc\u00ea estava procurando.<\/p>\n<p><strong>Selos de Qualidade que Voc\u00ea Pode Confiar<\/strong><\/p>\n<p>A miss\u00e3o da Maria Margarida \u00e9 cuidar da sua pele e do planeta. Por isso, garantimos que nosso <a href=\"https:\/\/www.instagram.com\/p\/CwD1yh3JZCA\">T\u00f4nico<\/a> Adstringente Adeus Oleosidade seja:<\/p>\n<ul>\n<li>Livre de parabenos<\/li>\n<li>Livre de \u00f3leo mineral<\/li>\n<li>Livre de parafina<\/li>\n<li>Livre de petrolatos<\/li>\n<li>Livre de silicones<\/li>\n<li>F\u00f3rmula vegana<\/li>\n<\/ul>\n<p><strong>Compromisso com o Bem-Estar Animal<\/strong><\/p>\n<p>A Maria Margarida n\u00e3o testa os produtos em animais. Sua beleza \u00e9 importante para n\u00f3s, mas n\u00e3o \u00e0s custas dos nossos amigos pets.<\/p>\n<p>Transforme sua rotina de cuidados com a pele com o T\u00f4nico Adstringente Adeus Oleosidade Maria Margarida. Obtenha a pele dos seus sonhos hoje mesmo!<\/p>\n<p style=\"font-weight: 400;\"><b>COMPOSI\u00c7\u00c3O: <\/b>\u00c1gua; Propilenoglicol; Glicerina; \u00d3leo de Ricino Hidrogenado PEG-40; \u00c1cido Glic\u00f3lico; Fenoxietanol; Goma Xantana; Aminometil Propanol; Ess\u00eancia; Mentol; Extrato de Melaleuca; Extrato de Pepino; Extrato de Aloe Vera; PCA S\u00f3dio; Hialuronato de S\u00f3dio; CI 19140 (e) CI 42090 (e) Imidazolidinil Ureia; Esqualano.<\/p>\n<p style=\"font-weight: 400;\"><b>INCI: <\/b>Aqua; Propylene Glycol; Glycerin; PEG-40 Hydrogenated Castor Oil; Glycolic Acid; Phenoxyethanol; Xanthan Gum; Aminomethyl Propanol; Parfum; Menthol; Melaleuca Alternifolia Leaf Extract; Cucumis Sativus Fruit Extract; Aloe Barbadensis Extract; Sodium PCA; Sodium Hyaluronate; CI 19140 (and) CI 42090 (and) Imidazolidinyl Urea; Squalane.<\/p>\n","protected":false},"excerpt":{"rendered":"<p>Vencimento: 05\/2026<br \/>\nO T\u00f4nico Adstringente Adeus Oleosidade da Maria Margarida chegou para fazer uma revolu\u00e7\u00e3o no cuidado da pele oleosa. Este t\u00f4nico \u00e9 o seu segredo para uma pele radiante e livre de oleosidade.<\/p>\n<p><strong>A F\u00f3rmula Poderosa que sua Pele Merece<\/strong><\/p>\n<ul>\n<li><em>Extrato de Aloe Vera<\/em>: Acalma e hidrata a pele, deixando-a suave como seda.<\/li>\n<li><em>Extrato de Melaleuca<\/em>: O poder anti-inflamat\u00f3rio e antif\u00fangico que sua pele precisa para combater a acne.<\/li>\n<li><em>\u00c1cido Glic\u00f3lico<\/em>: Renova a pele, desvanecendo manchas de acne e reduzindo cravos, revelando um brilho saud\u00e1vel.<\/li>\n<li><em>Mentol<\/em>: Aumenta a circula\u00e7\u00e3o sangu\u00ednea, proporcionando uma sensa\u00e7\u00e3o refrescante revigorante.<\/li>\n<li><em>Extrato de Pepino<\/em>: Uma explos\u00e3o de frescor, maciez e a\u00e7\u00e3o adstringente para uma pele impec\u00e1vel.<\/li>\n<li><em>\u00c1cido Hialur\u00f4nico<\/em>: Mant\u00e9m a hidrata\u00e7\u00e3o da pele, segurando a \u00e1gua nas c\u00e9lulas, para uma pele sempre hidratada.<\/li>\n<li><em>S\u00f3dio PCA<\/em>: Umectante altamente eficaz que mant\u00e9m sua pele hidratada por per\u00edodos prolongados.<\/li>\n<\/ul>\n<p><strong>Pele Livre de Oleosidade e Hidratada<\/strong><\/p>\n<p>Imagine uma pele livre daquele excesso de oleosidade que tanto incomoda, mas ao mesmo tempo, radiante e hidratada. Este t\u00f4nico \u00e9 a solu\u00e7\u00e3o que voc\u00ea estava procurando.<\/p>\n<p><strong>Selos de Qualidade que Voc\u00ea Pode Confiar<\/strong><\/p>\n<p>A miss\u00e3o da Maria Margarida \u00e9 cuidar da sua pele e do planeta. Por isso, garantimos que nosso T\u00f4nico Adstringente Adeus Oleosidade seja:<\/p>\n<ul>\n<li>Livre de parabenos<\/li>\n<li>Livre de \u00f3leo mineral<\/li>\n<li>Livre de parafina<\/li>\n<li>Livre de petrolatos<\/li>\n<li>Livre de silicones<\/li>\n<li>F\u00f3rmula vegana<\/li>\n<\/ul>\n<p><strong>Compromisso com o Bem-Estar Animal<\/strong><\/p>\n<p>A Maria Margarida n\u00e3o testa os produtos em animais. Sua beleza \u00e9 importante para n\u00f3s, mas n\u00e3o \u00e0s custas dos nossos amigos pets.<\/p>\n<p>Transforme sua rotina de cuidados com a pele com o T\u00f4nico Adstringente Adeus Oleosidade Maria Margarida. Obtenha a pele dos seus sonhos hoje mesmo!<\/p>\n","protected":false},"featured_media":57187,"comment_status":"open","ping_status":"closed","template":"","meta":{"_mbp_gutenberg_autopost":false},"product_brand":[],"product_cat":[73,78,837,111,713],"product_tag":[145,106],"woo-feed-brand":[],"class_list":{"0":"post-57185","1":"product","2":"type-product","3":"status-publish","4":"has-post-thumbnail","6":"product_cat-maria-margarida","7":"product_cat-rosto","8":"product_cat-skin-expert","9":"product_cat-skincare","10":"product_cat-tonico","11":"product_tag-maria-margarida","12":"product_tag-pele","14":"first","15":"outofstock","16":"shipping-taxable","17":"purchasable","18":"product-type-simple"},"yoast_head":"<!-- This site is optimized with the Yoast SEO plugin v27.3 - https:\/\/yoast.com\/product\/yoast-seo-wordpress\/ -->\n<title>T\u00f4nico Adstringente Adeus Oleosidade Maria Margarida - Loja DB Makeup<\/title>\n<meta name=\"description\" content=\"Transforme sua rotina de cuidados da sua pele oleosa hoje com o T\u00f4nico Adstringente Adeus Oleosidade da Maria Margarida Pele radiante e livre de oleosidade.\" \/>\n<meta name=\"robots\" content=\"index, follow, max-snippet:-1, max-image-preview:large, max-video-preview:-1\" \/>\n<link rel=\"canonical\" href=\"https:\/\/daniellebeatrizmakeup.com.br\/loja\/tonico-adstringente-adeus-oleosidade-maria-margarida\/\" \/>\n<meta property=\"og:locale\" content=\"pt_BR\" \/>\n<meta property=\"og:type\" content=\"article\" \/>\n<meta property=\"og:title\" content=\"T\u00f4nico Adstringente Adeus Oleosidade Maria Margarida - Loja DB Makeup\" \/>\n<meta property=\"og:description\" content=\"Transforme sua rotina de cuidados da sua pele oleosa hoje com o T\u00f4nico Adstringente Adeus Oleosidade da Maria Margarida Pele radiante e livre de oleosidade.\" \/>\n<meta property=\"og:url\" content=\"https:\/\/daniellebeatrizmakeup.com.br\/loja\/tonico-adstringente-adeus-oleosidade-maria-margarida\/\" \/>\n<meta property=\"og:site_name\" content=\"Loja DB Makeup\" \/>\n<meta property=\"article:publisher\" content=\"https:\/\/www.facebook.com\/daniellebeatrizmakeup\" \/>\n<meta property=\"article:modified_time\" content=\"2026-01-15T16:49:15+00:00\" \/>\n<meta property=\"og:image\" content=\"https:\/\/daniellebeatrizmakeup.com.br\/loja\/wp-content\/uploads\/2023\/08\/tonico-adstringente-adeus-oleosidade-maria-margarida-1-scaled.jpg\" \/>\n\t<meta property=\"og:image:width\" content=\"1709\" \/>\n\t<meta property=\"og:image:height\" content=\"2560\" \/>\n\t<meta property=\"og:image:type\" content=\"image\/jpeg\" \/>\n<meta name=\"twitter:card\" content=\"summary_large_image\" \/>\n<meta name=\"twitter:site\" content=\"@danibetriz\" \/>\n<meta name=\"twitter:label1\" content=\"Est. tempo de leitura\" \/>\n\t<meta name=\"twitter:data1\" content=\"2 minutos\" \/>\n<script type=\"application\/ld+json\" class=\"yoast-schema-graph\">{\"@context\":\"https:\\\/\\\/schema.org\",\"@graph\":[{\"@type\":\"WebPage\",\"@id\":\"https:\\\/\\\/daniellebeatrizmakeup.com.br\\\/loja\\\/tonico-adstringente-adeus-oleosidade-maria-margarida\\\/\",\"url\":\"https:\\\/\\\/daniellebeatrizmakeup.com.br\\\/loja\\\/tonico-adstringente-adeus-oleosidade-maria-margarida\\\/\",\"name\":\"T\u00f4nico Adstringente Adeus Oleosidade Maria Margarida - Loja DB Makeup\",\"isPartOf\":{\"@id\":\"https:\\\/\\\/daniellebeatrizmakeup.com.br\\\/loja\\\/#website\"},\"primaryImageOfPage\":{\"@id\":\"https:\\\/\\\/daniellebeatrizmakeup.com.br\\\/loja\\\/tonico-adstringente-adeus-oleosidade-maria-margarida\\\/#primaryimage\"},\"image\":{\"@id\":\"https:\\\/\\\/daniellebeatrizmakeup.com.br\\\/loja\\\/tonico-adstringente-adeus-oleosidade-maria-margarida\\\/#primaryimage\"},\"thumbnailUrl\":\"https:\\\/\\\/daniellebeatrizmakeup.com.br\\\/loja\\\/wp-content\\\/uploads\\\/2023\\\/08\\\/tonico-adstringente-adeus-oleosidade-maria-margarida-1-scaled.jpg\",\"datePublished\":\"2023-08-30T18:44:25+00:00\",\"dateModified\":\"2026-01-15T16:49:15+00:00\",\"description\":\"Transforme sua rotina de cuidados da sua pele oleosa hoje com o T\u00f4nico Adstringente Adeus Oleosidade da Maria Margarida Pele radiante e livre de oleosidade.\",\"breadcrumb\":{\"@id\":\"https:\\\/\\\/daniellebeatrizmakeup.com.br\\\/loja\\\/tonico-adstringente-adeus-oleosidade-maria-margarida\\\/#breadcrumb\"},\"inLanguage\":\"pt-BR\",\"potentialAction\":[{\"@type\":\"ReadAction\",\"target\":[\"https:\\\/\\\/daniellebeatrizmakeup.com.br\\\/loja\\\/tonico-adstringente-adeus-oleosidade-maria-margarida\\\/\"]}]},{\"@type\":\"ImageObject\",\"inLanguage\":\"pt-BR\",\"@id\":\"https:\\\/\\\/daniellebeatrizmakeup.com.br\\\/loja\\\/tonico-adstringente-adeus-oleosidade-maria-margarida\\\/#primaryimage\",\"url\":\"https:\\\/\\\/daniellebeatrizmakeup.com.br\\\/loja\\\/wp-content\\\/uploads\\\/2023\\\/08\\\/tonico-adstringente-adeus-oleosidade-maria-margarida-1-scaled.jpg\",\"contentUrl\":\"https:\\\/\\\/daniellebeatrizmakeup.com.br\\\/loja\\\/wp-content\\\/uploads\\\/2023\\\/08\\\/tonico-adstringente-adeus-oleosidade-maria-margarida-1-scaled.jpg\",\"width\":1709,\"height\":2560,\"caption\":\"T\u00f4nico Adstringente Adeus Oleosidade Maria Margarida\"},{\"@type\":\"BreadcrumbList\",\"@id\":\"https:\\\/\\\/daniellebeatrizmakeup.com.br\\\/loja\\\/tonico-adstringente-adeus-oleosidade-maria-margarida\\\/#breadcrumb\",\"itemListElement\":[{\"@type\":\"ListItem\",\"position\":1,\"name\":\"In\u00edcio\",\"item\":\"https:\\\/\\\/daniellebeatrizmakeup.com.br\\\/loja\\\/\"},{\"@type\":\"ListItem\",\"position\":2,\"name\":\"Todos\",\"item\":\"https:\\\/\\\/daniellebeatrizmakeup.com.br\\\/loja\\\/todos\\\/\"},{\"@type\":\"ListItem\",\"position\":3,\"name\":\"T\u00f4nico Adstringente Adeus Oleosidade Maria Margarida\"}]},{\"@type\":\"WebSite\",\"@id\":\"https:\\\/\\\/daniellebeatrizmakeup.com.br\\\/loja\\\/#website\",\"url\":\"https:\\\/\\\/daniellebeatrizmakeup.com.br\\\/loja\\\/\",\"name\":\"Loja DB Makeup\",\"description\":\"A melhor loja de maquiagem para real\u00e7ar a sua beleza\",\"publisher\":{\"@id\":\"https:\\\/\\\/daniellebeatrizmakeup.com.br\\\/loja\\\/#organization\"},\"potentialAction\":[{\"@type\":\"SearchAction\",\"target\":{\"@type\":\"EntryPoint\",\"urlTemplate\":\"https:\\\/\\\/daniellebeatrizmakeup.com.br\\\/loja\\\/?s={search_term_string}\"},\"query-input\":{\"@type\":\"PropertyValueSpecification\",\"valueRequired\":true,\"valueName\":\"search_term_string\"}}],\"inLanguage\":\"pt-BR\"},{\"@type\":\"Organization\",\"@id\":\"https:\\\/\\\/daniellebeatrizmakeup.com.br\\\/loja\\\/#organization\",\"name\":\"Danielle Beatriz Makeup\",\"url\":\"https:\\\/\\\/daniellebeatrizmakeup.com.br\\\/loja\\\/\",\"logo\":{\"@type\":\"ImageObject\",\"inLanguage\":\"pt-BR\",\"@id\":\"https:\\\/\\\/daniellebeatrizmakeup.com.br\\\/loja\\\/#\\\/schema\\\/logo\\\/image\\\/\",\"url\":\"https:\\\/\\\/daniellebeatrizmakeup.com.br\\\/loja\\\/wp-content\\\/uploads\\\/2020\\\/10\\\/logo-loja-db-makeup.png\",\"contentUrl\":\"https:\\\/\\\/daniellebeatrizmakeup.com.br\\\/loja\\\/wp-content\\\/uploads\\\/2020\\\/10\\\/logo-loja-db-makeup.png\",\"width\":500,\"height\":110,\"caption\":\"Danielle Beatriz Makeup\"},\"image\":{\"@id\":\"https:\\\/\\\/daniellebeatrizmakeup.com.br\\\/loja\\\/#\\\/schema\\\/logo\\\/image\\\/\"},\"sameAs\":[\"https:\\\/\\\/www.facebook.com\\\/daniellebeatrizmakeup\",\"https:\\\/\\\/x.com\\\/danibetriz\",\"https:\\\/\\\/www.instagram.com\\\/daniellebeatrizmakeup\",\"https:\\\/\\\/pinterest.com\\\/daniellebeatrizmakeup\",\"https:\\\/\\\/www.youtube.com\\\/DanielleBeatriz\"]}]}<\/script>\n<!-- \/ Yoast SEO plugin. -->","yoast_head_json":{"title":"T\u00f4nico Adstringente Adeus Oleosidade Maria Margarida - Loja DB Makeup","description":"Transforme sua rotina de cuidados da sua pele oleosa hoje com o T\u00f4nico Adstringente Adeus Oleosidade da Maria Margarida Pele radiante e livre de oleosidade.","robots":{"index":"index","follow":"follow","max-snippet":"max-snippet:-1","max-image-preview":"max-image-preview:large","max-video-preview":"max-video-preview:-1"},"canonical":"https:\/\/daniellebeatrizmakeup.com.br\/loja\/tonico-adstringente-adeus-oleosidade-maria-margarida\/","og_locale":"pt_BR","og_type":"article","og_title":"T\u00f4nico Adstringente Adeus Oleosidade Maria Margarida - Loja DB Makeup","og_description":"Transforme sua rotina de cuidados da sua pele oleosa hoje com o T\u00f4nico Adstringente Adeus Oleosidade da Maria Margarida Pele radiante e livre de oleosidade.","og_url":"https:\/\/daniellebeatrizmakeup.com.br\/loja\/tonico-adstringente-adeus-oleosidade-maria-margarida\/","og_site_name":"Loja DB Makeup","article_publisher":"https:\/\/www.facebook.com\/daniellebeatrizmakeup","article_modified_time":"2026-01-15T16:49:15+00:00","og_image":[{"width":1709,"height":2560,"url":"https:\/\/daniellebeatrizmakeup.com.br\/loja\/wp-content\/uploads\/2023\/08\/tonico-adstringente-adeus-oleosidade-maria-margarida-1-scaled.jpg","type":"image\/jpeg"}],"twitter_card":"summary_large_image","twitter_site":"@danibetriz","twitter_misc":{"Est. tempo de leitura":"2 minutos"},"schema":{"@context":"https:\/\/schema.org","@graph":[{"@type":"WebPage","@id":"https:\/\/daniellebeatrizmakeup.com.br\/loja\/tonico-adstringente-adeus-oleosidade-maria-margarida\/","url":"https:\/\/daniellebeatrizmakeup.com.br\/loja\/tonico-adstringente-adeus-oleosidade-maria-margarida\/","name":"T\u00f4nico Adstringente Adeus Oleosidade Maria Margarida - Loja DB Makeup","isPartOf":{"@id":"https:\/\/daniellebeatrizmakeup.com.br\/loja\/#website"},"primaryImageOfPage":{"@id":"https:\/\/daniellebeatrizmakeup.com.br\/loja\/tonico-adstringente-adeus-oleosidade-maria-margarida\/#primaryimage"},"image":{"@id":"https:\/\/daniellebeatrizmakeup.com.br\/loja\/tonico-adstringente-adeus-oleosidade-maria-margarida\/#primaryimage"},"thumbnailUrl":"https:\/\/daniellebeatrizmakeup.com.br\/loja\/wp-content\/uploads\/2023\/08\/tonico-adstringente-adeus-oleosidade-maria-margarida-1-scaled.jpg","datePublished":"2023-08-30T18:44:25+00:00","dateModified":"2026-01-15T16:49:15+00:00","description":"Transforme sua rotina de cuidados da sua pele oleosa hoje com o T\u00f4nico Adstringente Adeus Oleosidade da Maria Margarida Pele radiante e livre de oleosidade.","breadcrumb":{"@id":"https:\/\/daniellebeatrizmakeup.com.br\/loja\/tonico-adstringente-adeus-oleosidade-maria-margarida\/#breadcrumb"},"inLanguage":"pt-BR","potentialAction":[{"@type":"ReadAction","target":["https:\/\/daniellebeatrizmakeup.com.br\/loja\/tonico-adstringente-adeus-oleosidade-maria-margarida\/"]}]},{"@type":"ImageObject","inLanguage":"pt-BR","@id":"https:\/\/daniellebeatrizmakeup.com.br\/loja\/tonico-adstringente-adeus-oleosidade-maria-margarida\/#primaryimage","url":"https:\/\/daniellebeatrizmakeup.com.br\/loja\/wp-content\/uploads\/2023\/08\/tonico-adstringente-adeus-oleosidade-maria-margarida-1-scaled.jpg","contentUrl":"https:\/\/daniellebeatrizmakeup.com.br\/loja\/wp-content\/uploads\/2023\/08\/tonico-adstringente-adeus-oleosidade-maria-margarida-1-scaled.jpg","width":1709,"height":2560,"caption":"T\u00f4nico Adstringente Adeus Oleosidade Maria Margarida"},{"@type":"BreadcrumbList","@id":"https:\/\/daniellebeatrizmakeup.com.br\/loja\/tonico-adstringente-adeus-oleosidade-maria-margarida\/#breadcrumb","itemListElement":[{"@type":"ListItem","position":1,"name":"In\u00edcio","item":"https:\/\/daniellebeatrizmakeup.com.br\/loja\/"},{"@type":"ListItem","position":2,"name":"Todos","item":"https:\/\/daniellebeatrizmakeup.com.br\/loja\/todos\/"},{"@type":"ListItem","position":3,"name":"T\u00f4nico Adstringente Adeus Oleosidade Maria Margarida"}]},{"@type":"WebSite","@id":"https:\/\/daniellebeatrizmakeup.com.br\/loja\/#website","url":"https:\/\/daniellebeatrizmakeup.com.br\/loja\/","name":"Loja DB Makeup","description":"A melhor loja de maquiagem para real\u00e7ar a sua beleza","publisher":{"@id":"https:\/\/daniellebeatrizmakeup.com.br\/loja\/#organization"},"potentialAction":[{"@type":"SearchAction","target":{"@type":"EntryPoint","urlTemplate":"https:\/\/daniellebeatrizmakeup.com.br\/loja\/?s={search_term_string}"},"query-input":{"@type":"PropertyValueSpecification","valueRequired":true,"valueName":"search_term_string"}}],"inLanguage":"pt-BR"},{"@type":"Organization","@id":"https:\/\/daniellebeatrizmakeup.com.br\/loja\/#organization","name":"Danielle Beatriz Makeup","url":"https:\/\/daniellebeatrizmakeup.com.br\/loja\/","logo":{"@type":"ImageObject","inLanguage":"pt-BR","@id":"https:\/\/daniellebeatrizmakeup.com.br\/loja\/#\/schema\/logo\/image\/","url":"https:\/\/daniellebeatrizmakeup.com.br\/loja\/wp-content\/uploads\/2020\/10\/logo-loja-db-makeup.png","contentUrl":"https:\/\/daniellebeatrizmakeup.com.br\/loja\/wp-content\/uploads\/2020\/10\/logo-loja-db-makeup.png","width":500,"height":110,"caption":"Danielle Beatriz Makeup"},"image":{"@id":"https:\/\/daniellebeatrizmakeup.com.br\/loja\/#\/schema\/logo\/image\/"},"sameAs":["https:\/\/www.facebook.com\/daniellebeatrizmakeup","https:\/\/x.com\/danibetriz","https:\/\/www.instagram.com\/daniellebeatrizmakeup","https:\/\/pinterest.com\/daniellebeatrizmakeup","https:\/\/www.youtube.com\/DanielleBeatriz"]}]}},"jetpack_sharing_enabled":true,"_links":{"self":[{"href":"https:\/\/daniellebeatrizmakeup.com.br\/loja\/wp-json\/wp\/v2\/product\/57185","targetHints":{"allow":["GET"]}}],"collection":[{"href":"https:\/\/daniellebeatrizmakeup.com.br\/loja\/wp-json\/wp\/v2\/product"}],"about":[{"href":"https:\/\/daniellebeatrizmakeup.com.br\/loja\/wp-json\/wp\/v2\/types\/product"}],"replies":[{"embeddable":true,"href":"https:\/\/daniellebeatrizmakeup.com.br\/loja\/wp-json\/wp\/v2\/comments?post=57185"}],"version-history":[{"count":5,"href":"https:\/\/daniellebeatrizmakeup.com.br\/loja\/wp-json\/wp\/v2\/product\/57185\/revisions"}],"predecessor-version":[{"id":57654,"href":"https:\/\/daniellebeatrizmakeup.com.br\/loja\/wp-json\/wp\/v2\/product\/57185\/revisions\/57654"}],"wp:featuredmedia":[{"embeddable":true,"href":"https:\/\/daniellebeatrizmakeup.com.br\/loja\/wp-json\/wp\/v2\/media\/57187"}],"wp:attachment":[{"href":"https:\/\/daniellebeatrizmakeup.com.br\/loja\/wp-json\/wp\/v2\/media?parent=57185"}],"wp:term":[{"taxonomy":"product_brand","embeddable":true,"href":"https:\/\/daniellebeatrizmakeup.com.br\/loja\/wp-json\/wp\/v2\/product_brand?post=57185"},{"taxonomy":"product_cat","embeddable":true,"href":"https:\/\/daniellebeatrizmakeup.com.br\/loja\/wp-json\/wp\/v2\/product_cat?post=57185"},{"taxonomy":"product_tag","embeddable":true,"href":"https:\/\/daniellebeatrizmakeup.com.br\/loja\/wp-json\/wp\/v2\/product_tag?post=57185"},{"taxonomy":"woo-feed-brand","embeddable":true,"href":"https:\/\/daniellebeatrizmakeup.com.br\/loja\/wp-json\/wp\/v2\/woo-feed-brand?post=57185"}],"curies":[{"name":"wp","href":"https:\/\/api.w.org\/{rel}","templated":true}]}}