{"id":56985,"date":"2023-07-23T01:03:52","date_gmt":"2023-07-23T04:03:52","guid":{"rendered":"https:\/\/daniellebeatrizmakeup.com.br\/loja\/?post_type=product&#038;p=56985"},"modified":"2024-12-03T00:00:36","modified_gmt":"2024-12-03T03:00:36","slug":"lapis-labial-duo-matte-luisance","status":"publish","type":"product","link":"https:\/\/daniellebeatrizmakeup.com.br\/loja\/lapis-labial-duo-matte-luisance\/","title":{"rendered":"L\u00e1pis Labial Duo Matte Luisance"},"content":{"rendered":"<p><span>O L\u00e1pis Labial Duo Matte da <a href=\"https:\/\/daniellebeatrizmakeup.com.br\/loja\/luisance\">Luisance<\/a> \u00e9 perfeito para fazer um contorno definido e preencher seus l\u00e1bios prolongando a fixa\u00e7\u00e3o do batom. Seu efeito matte deixa o tra\u00e7o preciso, sem borrar nada! E o melhor de tudo o l\u00e1pis Luisance \u00e9 duplo e ainda acompanha apontador.<\/span><\/p>\n<p>&nbsp;<\/p>\n<p><strong>L\u00e1bios definidos e irresist\u00edveis com o L\u00e1pis Labial Duo Matte da Luisance!<\/strong><\/p>\n<p>Descubra a magia do L\u00e1pis Labial Duo Matte Luisance e realce a beleza dos seus l\u00e1bios de forma \u00fanica. Com este l\u00e1pis de contorno, voc\u00ea pode definir o volume dos l\u00e1bios e garantir que o batom dure ainda mais. Seu efeito matte proporciona um tra\u00e7o preciso, sem borr\u00f5es, para l\u00e1bios perfeitos o dia todo.<\/p>\n<p><strong>Dupla funcionalidade para l\u00e1bios perfeitos<\/strong><\/p>\n<p>O L\u00e1pis Labial Duo Matte Luisance \u00e9 a solu\u00e7\u00e3o completa para l\u00e1bios impec\u00e1veis. Al\u00e9m de definir o contorno labial, esse l\u00e1pis duplo acompanha um <a href=\"https:\/\/daniellebeatrizmakeup.com.br\/loja\/apontador-duplo-macrilan\">apontador<\/a>, garantindo sempre uma ponta fina e pronta para oferecer uniformidade em cada tra\u00e7o. Com ele, voc\u00ea pode criar l\u00e1bios volumosos e charmosos com facilidade, utilizando um tom mais escuro que o batom. E at\u00e9 mesmo dar a ilus\u00e3o de <a href=\"https:\/\/www.instagram.com\/p\/Cunm41up2zV\/\">l\u00e1bios menores<\/a> contornando com tom mais pr\u00f3ximo do seu l\u00e1bio.<\/p>\n<p><strong>Sua beleza em cada detalhe<\/strong><\/p>\n<p>Desenvolvido com ingredientes de qualidade para garantir um contorno labial impec\u00e1vel. Sua composi\u00e7\u00e3o \u00e9 cuidadosamente selecionada, e o efeito matte proporciona um toque elegante aos seus l\u00e1bios, destacando-os de forma irresist\u00edvel.<\/p>\n<p>&nbsp;<\/p>\n<p><span><strong>Modo de usar:<\/strong> Trace uma fina camada sobre os l\u00e1bios superiores e\/ou inferiores, com a ponta do l\u00e1pis bem fina para uniformidade no tra\u00e7o.<\/span><\/p>\n<p><span><strong>Composi\u00e7\u00e3o:<\/strong> CERESIN (CERESINA), ISOPROPYL PALMITATE (PALMITATO DE ISOPROPILA), STEARIC ACID (\u00c1CIDO ESTE\u00c1RICO), CERA ALBA (CERA BRANCA DE ABELHA), PARAFFINUM LIQUIDUM (PETROLATO L\u00cdQUIDO), CERA CARNAUBA (CERA DE COPERNICIA CERIFERA), THEOBROMA CACAO BUTTER (MANTEIGA DA SEMENTE DE CACAU HIDROLISADA), CYANOCOBALAMIN (CIANOCOBALAMINA), METHYLPARABEN (METILPARABENO). Poder\u00e1 conter: CI 77499 (\u00d3XIDO DE FERRO PRETO), CI 77491 (\u00d3XIDO DE FERRO VERMELHO), CI 77492 (\u00d3XIDO DE FERRO AMARELO), CI 77288 (CORANTE VERDE 77288), CI 77891 (DI\u00d3XIDO DE TIT\u00c2NIO), CI 77007 (CORANTE AZUL 77007)<\/span><\/p>\n","protected":false},"excerpt":{"rendered":"<p>Validade: 09\/2027.<\/p>\n<p><span>O L\u00e1pis Labial Duo Matte da Luisance \u00e9 perfeito para fazer um contorno definido e preencher seus l\u00e1bios prolongando a fixa\u00e7\u00e3o do batom. Seu efeito matte deixa o tra\u00e7o preciso, sem borrar nada! E o melhor de tudo o l\u00e1pis Luisance \u00e9 duplo e ainda acompanha apontador.<\/span><\/p>\n<p><span><strong>Modo de usar:<\/strong> Trace uma fina camada sobre os l\u00e1bios superiores e\/ou inferiores, com a ponta do l\u00e1pis bem fina para uniformidade no tra\u00e7o.<\/span><\/p>\n","protected":false},"featured_media":56993,"comment_status":"open","ping_status":"closed","template":"","meta":{"_mbp_gutenberg_autopost":false},"product_brand":[],"product_cat":[80,763,124],"product_tag":[800],"woo-feed-brand":[],"class_list":{"0":"post-56985","1":"product","2":"type-product","3":"status-publish","4":"has-post-thumbnail","6":"product_cat-labios","7":"product_cat-lapis-labial","8":"product_cat-luisance","9":"product_tag-luisance","10":"pa_cor-1-rosa-roxo","11":"pa_cor-2-terracota-nude","12":"pa_cor-3-vermelho-carmim","13":"pa_cor-4-marrom-burgundy","15":"first","16":"instock","17":"shipping-taxable","18":"purchasable","19":"product-type-variable"},"yoast_head":"<!-- This site is optimized with the Yoast SEO plugin v27.3 - https:\/\/yoast.com\/product\/yoast-seo-wordpress\/ -->\n<title>L\u00e1pis Labial Duo Matte Luisance - Loja DB Makeup<\/title>\n<meta name=\"description\" content=\"Realce seus l\u00e1bios com o L\u00e1pis Labial Duo Matte Luisance. Defina seus l\u00e1bios com perfei\u00e7\u00e3o e efeito matte duradouro. Experimente agora!\" \/>\n<meta name=\"robots\" content=\"index, follow, max-snippet:-1, max-image-preview:large, max-video-preview:-1\" \/>\n<link rel=\"canonical\" href=\"https:\/\/daniellebeatrizmakeup.com.br\/loja\/lapis-labial-duo-matte-luisance\/\" \/>\n<meta property=\"og:locale\" content=\"pt_BR\" \/>\n<meta property=\"og:type\" content=\"article\" \/>\n<meta property=\"og:title\" content=\"L\u00e1pis Labial Duo Matte Luisance - Loja DB Makeup\" \/>\n<meta property=\"og:description\" content=\"Realce seus l\u00e1bios com o L\u00e1pis Labial Duo Matte Luisance. Defina seus l\u00e1bios com perfei\u00e7\u00e3o e efeito matte duradouro. Experimente agora!\" \/>\n<meta property=\"og:url\" content=\"https:\/\/daniellebeatrizmakeup.com.br\/loja\/lapis-labial-duo-matte-luisance\/\" \/>\n<meta property=\"og:site_name\" content=\"Loja DB Makeup\" \/>\n<meta property=\"article:publisher\" content=\"https:\/\/www.facebook.com\/daniellebeatrizmakeup\" \/>\n<meta property=\"article:modified_time\" content=\"2024-12-03T03:00:36+00:00\" \/>\n<meta property=\"og:image\" content=\"https:\/\/daniellebeatrizmakeup.com.br\/loja\/wp-content\/uploads\/2023\/07\/lapis-labial-duo-matte-luisance.png\" \/>\n\t<meta property=\"og:image:width\" content=\"865\" \/>\n\t<meta property=\"og:image:height\" content=\"1152\" \/>\n\t<meta property=\"og:image:type\" content=\"image\/png\" \/>\n<meta name=\"twitter:card\" content=\"summary_large_image\" \/>\n<meta name=\"twitter:site\" content=\"@danibetriz\" \/>\n<meta name=\"twitter:label1\" content=\"Est. tempo de leitura\" \/>\n\t<meta name=\"twitter:data1\" content=\"2 minutos\" \/>\n<script type=\"application\/ld+json\" class=\"yoast-schema-graph\">{\"@context\":\"https:\\\/\\\/schema.org\",\"@graph\":[{\"@type\":\"WebPage\",\"@id\":\"https:\\\/\\\/daniellebeatrizmakeup.com.br\\\/loja\\\/lapis-labial-duo-matte-luisance\\\/\",\"url\":\"https:\\\/\\\/daniellebeatrizmakeup.com.br\\\/loja\\\/lapis-labial-duo-matte-luisance\\\/\",\"name\":\"L\u00e1pis Labial Duo Matte Luisance - Loja DB Makeup\",\"isPartOf\":{\"@id\":\"https:\\\/\\\/daniellebeatrizmakeup.com.br\\\/loja\\\/#website\"},\"primaryImageOfPage\":{\"@id\":\"https:\\\/\\\/daniellebeatrizmakeup.com.br\\\/loja\\\/lapis-labial-duo-matte-luisance\\\/#primaryimage\"},\"image\":{\"@id\":\"https:\\\/\\\/daniellebeatrizmakeup.com.br\\\/loja\\\/lapis-labial-duo-matte-luisance\\\/#primaryimage\"},\"thumbnailUrl\":\"https:\\\/\\\/daniellebeatrizmakeup.com.br\\\/loja\\\/wp-content\\\/uploads\\\/2023\\\/07\\\/lapis-labial-duo-matte-luisance.png\",\"datePublished\":\"2023-07-23T04:03:52+00:00\",\"dateModified\":\"2024-12-03T03:00:36+00:00\",\"description\":\"Realce seus l\u00e1bios com o L\u00e1pis Labial Duo Matte Luisance. Defina seus l\u00e1bios com perfei\u00e7\u00e3o e efeito matte duradouro. Experimente agora!\",\"breadcrumb\":{\"@id\":\"https:\\\/\\\/daniellebeatrizmakeup.com.br\\\/loja\\\/lapis-labial-duo-matte-luisance\\\/#breadcrumb\"},\"inLanguage\":\"pt-BR\",\"potentialAction\":[{\"@type\":\"ReadAction\",\"target\":[\"https:\\\/\\\/daniellebeatrizmakeup.com.br\\\/loja\\\/lapis-labial-duo-matte-luisance\\\/\"]}]},{\"@type\":\"ImageObject\",\"inLanguage\":\"pt-BR\",\"@id\":\"https:\\\/\\\/daniellebeatrizmakeup.com.br\\\/loja\\\/lapis-labial-duo-matte-luisance\\\/#primaryimage\",\"url\":\"https:\\\/\\\/daniellebeatrizmakeup.com.br\\\/loja\\\/wp-content\\\/uploads\\\/2023\\\/07\\\/lapis-labial-duo-matte-luisance.png\",\"contentUrl\":\"https:\\\/\\\/daniellebeatrizmakeup.com.br\\\/loja\\\/wp-content\\\/uploads\\\/2023\\\/07\\\/lapis-labial-duo-matte-luisance.png\",\"width\":865,\"height\":1152,\"caption\":\"L\u00e1pis Labial Duo Matte Luisance\"},{\"@type\":\"BreadcrumbList\",\"@id\":\"https:\\\/\\\/daniellebeatrizmakeup.com.br\\\/loja\\\/lapis-labial-duo-matte-luisance\\\/#breadcrumb\",\"itemListElement\":[{\"@type\":\"ListItem\",\"position\":1,\"name\":\"In\u00edcio\",\"item\":\"https:\\\/\\\/daniellebeatrizmakeup.com.br\\\/loja\\\/\"},{\"@type\":\"ListItem\",\"position\":2,\"name\":\"Todos\",\"item\":\"https:\\\/\\\/daniellebeatrizmakeup.com.br\\\/loja\\\/todos\\\/\"},{\"@type\":\"ListItem\",\"position\":3,\"name\":\"L\u00e1pis Labial Duo Matte Luisance\"}]},{\"@type\":\"WebSite\",\"@id\":\"https:\\\/\\\/daniellebeatrizmakeup.com.br\\\/loja\\\/#website\",\"url\":\"https:\\\/\\\/daniellebeatrizmakeup.com.br\\\/loja\\\/\",\"name\":\"Loja DB Makeup\",\"description\":\"A melhor loja de maquiagem para real\u00e7ar a sua beleza\",\"publisher\":{\"@id\":\"https:\\\/\\\/daniellebeatrizmakeup.com.br\\\/loja\\\/#organization\"},\"potentialAction\":[{\"@type\":\"SearchAction\",\"target\":{\"@type\":\"EntryPoint\",\"urlTemplate\":\"https:\\\/\\\/daniellebeatrizmakeup.com.br\\\/loja\\\/?s={search_term_string}\"},\"query-input\":{\"@type\":\"PropertyValueSpecification\",\"valueRequired\":true,\"valueName\":\"search_term_string\"}}],\"inLanguage\":\"pt-BR\"},{\"@type\":\"Organization\",\"@id\":\"https:\\\/\\\/daniellebeatrizmakeup.com.br\\\/loja\\\/#organization\",\"name\":\"Danielle Beatriz Makeup\",\"url\":\"https:\\\/\\\/daniellebeatrizmakeup.com.br\\\/loja\\\/\",\"logo\":{\"@type\":\"ImageObject\",\"inLanguage\":\"pt-BR\",\"@id\":\"https:\\\/\\\/daniellebeatrizmakeup.com.br\\\/loja\\\/#\\\/schema\\\/logo\\\/image\\\/\",\"url\":\"https:\\\/\\\/daniellebeatrizmakeup.com.br\\\/loja\\\/wp-content\\\/uploads\\\/2020\\\/10\\\/logo-loja-db-makeup.png\",\"contentUrl\":\"https:\\\/\\\/daniellebeatrizmakeup.com.br\\\/loja\\\/wp-content\\\/uploads\\\/2020\\\/10\\\/logo-loja-db-makeup.png\",\"width\":500,\"height\":110,\"caption\":\"Danielle Beatriz Makeup\"},\"image\":{\"@id\":\"https:\\\/\\\/daniellebeatrizmakeup.com.br\\\/loja\\\/#\\\/schema\\\/logo\\\/image\\\/\"},\"sameAs\":[\"https:\\\/\\\/www.facebook.com\\\/daniellebeatrizmakeup\",\"https:\\\/\\\/x.com\\\/danibetriz\",\"https:\\\/\\\/www.instagram.com\\\/daniellebeatrizmakeup\",\"https:\\\/\\\/pinterest.com\\\/daniellebeatrizmakeup\",\"https:\\\/\\\/www.youtube.com\\\/DanielleBeatriz\"]}]}<\/script>\n<!-- \/ Yoast SEO plugin. -->","yoast_head_json":{"title":"L\u00e1pis Labial Duo Matte Luisance - Loja DB Makeup","description":"Realce seus l\u00e1bios com o L\u00e1pis Labial Duo Matte Luisance. Defina seus l\u00e1bios com perfei\u00e7\u00e3o e efeito matte duradouro. Experimente agora!","robots":{"index":"index","follow":"follow","max-snippet":"max-snippet:-1","max-image-preview":"max-image-preview:large","max-video-preview":"max-video-preview:-1"},"canonical":"https:\/\/daniellebeatrizmakeup.com.br\/loja\/lapis-labial-duo-matte-luisance\/","og_locale":"pt_BR","og_type":"article","og_title":"L\u00e1pis Labial Duo Matte Luisance - Loja DB Makeup","og_description":"Realce seus l\u00e1bios com o L\u00e1pis Labial Duo Matte Luisance. Defina seus l\u00e1bios com perfei\u00e7\u00e3o e efeito matte duradouro. Experimente agora!","og_url":"https:\/\/daniellebeatrizmakeup.com.br\/loja\/lapis-labial-duo-matte-luisance\/","og_site_name":"Loja DB Makeup","article_publisher":"https:\/\/www.facebook.com\/daniellebeatrizmakeup","article_modified_time":"2024-12-03T03:00:36+00:00","og_image":[{"width":865,"height":1152,"url":"https:\/\/daniellebeatrizmakeup.com.br\/loja\/wp-content\/uploads\/2023\/07\/lapis-labial-duo-matte-luisance.png","type":"image\/png"}],"twitter_card":"summary_large_image","twitter_site":"@danibetriz","twitter_misc":{"Est. tempo de leitura":"2 minutos"},"schema":{"@context":"https:\/\/schema.org","@graph":[{"@type":"WebPage","@id":"https:\/\/daniellebeatrizmakeup.com.br\/loja\/lapis-labial-duo-matte-luisance\/","url":"https:\/\/daniellebeatrizmakeup.com.br\/loja\/lapis-labial-duo-matte-luisance\/","name":"L\u00e1pis Labial Duo Matte Luisance - Loja DB Makeup","isPartOf":{"@id":"https:\/\/daniellebeatrizmakeup.com.br\/loja\/#website"},"primaryImageOfPage":{"@id":"https:\/\/daniellebeatrizmakeup.com.br\/loja\/lapis-labial-duo-matte-luisance\/#primaryimage"},"image":{"@id":"https:\/\/daniellebeatrizmakeup.com.br\/loja\/lapis-labial-duo-matte-luisance\/#primaryimage"},"thumbnailUrl":"https:\/\/daniellebeatrizmakeup.com.br\/loja\/wp-content\/uploads\/2023\/07\/lapis-labial-duo-matte-luisance.png","datePublished":"2023-07-23T04:03:52+00:00","dateModified":"2024-12-03T03:00:36+00:00","description":"Realce seus l\u00e1bios com o L\u00e1pis Labial Duo Matte Luisance. Defina seus l\u00e1bios com perfei\u00e7\u00e3o e efeito matte duradouro. Experimente agora!","breadcrumb":{"@id":"https:\/\/daniellebeatrizmakeup.com.br\/loja\/lapis-labial-duo-matte-luisance\/#breadcrumb"},"inLanguage":"pt-BR","potentialAction":[{"@type":"ReadAction","target":["https:\/\/daniellebeatrizmakeup.com.br\/loja\/lapis-labial-duo-matte-luisance\/"]}]},{"@type":"ImageObject","inLanguage":"pt-BR","@id":"https:\/\/daniellebeatrizmakeup.com.br\/loja\/lapis-labial-duo-matte-luisance\/#primaryimage","url":"https:\/\/daniellebeatrizmakeup.com.br\/loja\/wp-content\/uploads\/2023\/07\/lapis-labial-duo-matte-luisance.png","contentUrl":"https:\/\/daniellebeatrizmakeup.com.br\/loja\/wp-content\/uploads\/2023\/07\/lapis-labial-duo-matte-luisance.png","width":865,"height":1152,"caption":"L\u00e1pis Labial Duo Matte Luisance"},{"@type":"BreadcrumbList","@id":"https:\/\/daniellebeatrizmakeup.com.br\/loja\/lapis-labial-duo-matte-luisance\/#breadcrumb","itemListElement":[{"@type":"ListItem","position":1,"name":"In\u00edcio","item":"https:\/\/daniellebeatrizmakeup.com.br\/loja\/"},{"@type":"ListItem","position":2,"name":"Todos","item":"https:\/\/daniellebeatrizmakeup.com.br\/loja\/todos\/"},{"@type":"ListItem","position":3,"name":"L\u00e1pis Labial Duo Matte Luisance"}]},{"@type":"WebSite","@id":"https:\/\/daniellebeatrizmakeup.com.br\/loja\/#website","url":"https:\/\/daniellebeatrizmakeup.com.br\/loja\/","name":"Loja DB Makeup","description":"A melhor loja de maquiagem para real\u00e7ar a sua beleza","publisher":{"@id":"https:\/\/daniellebeatrizmakeup.com.br\/loja\/#organization"},"potentialAction":[{"@type":"SearchAction","target":{"@type":"EntryPoint","urlTemplate":"https:\/\/daniellebeatrizmakeup.com.br\/loja\/?s={search_term_string}"},"query-input":{"@type":"PropertyValueSpecification","valueRequired":true,"valueName":"search_term_string"}}],"inLanguage":"pt-BR"},{"@type":"Organization","@id":"https:\/\/daniellebeatrizmakeup.com.br\/loja\/#organization","name":"Danielle Beatriz Makeup","url":"https:\/\/daniellebeatrizmakeup.com.br\/loja\/","logo":{"@type":"ImageObject","inLanguage":"pt-BR","@id":"https:\/\/daniellebeatrizmakeup.com.br\/loja\/#\/schema\/logo\/image\/","url":"https:\/\/daniellebeatrizmakeup.com.br\/loja\/wp-content\/uploads\/2020\/10\/logo-loja-db-makeup.png","contentUrl":"https:\/\/daniellebeatrizmakeup.com.br\/loja\/wp-content\/uploads\/2020\/10\/logo-loja-db-makeup.png","width":500,"height":110,"caption":"Danielle Beatriz Makeup"},"image":{"@id":"https:\/\/daniellebeatrizmakeup.com.br\/loja\/#\/schema\/logo\/image\/"},"sameAs":["https:\/\/www.facebook.com\/daniellebeatrizmakeup","https:\/\/x.com\/danibetriz","https:\/\/www.instagram.com\/daniellebeatrizmakeup","https:\/\/pinterest.com\/daniellebeatrizmakeup","https:\/\/www.youtube.com\/DanielleBeatriz"]}]}},"jetpack_sharing_enabled":true,"_links":{"self":[{"href":"https:\/\/daniellebeatrizmakeup.com.br\/loja\/wp-json\/wp\/v2\/product\/56985","targetHints":{"allow":["GET"]}}],"collection":[{"href":"https:\/\/daniellebeatrizmakeup.com.br\/loja\/wp-json\/wp\/v2\/product"}],"about":[{"href":"https:\/\/daniellebeatrizmakeup.com.br\/loja\/wp-json\/wp\/v2\/types\/product"}],"replies":[{"embeddable":true,"href":"https:\/\/daniellebeatrizmakeup.com.br\/loja\/wp-json\/wp\/v2\/comments?post=56985"}],"version-history":[{"count":2,"href":"https:\/\/daniellebeatrizmakeup.com.br\/loja\/wp-json\/wp\/v2\/product\/56985\/revisions"}],"predecessor-version":[{"id":57010,"href":"https:\/\/daniellebeatrizmakeup.com.br\/loja\/wp-json\/wp\/v2\/product\/56985\/revisions\/57010"}],"wp:featuredmedia":[{"embeddable":true,"href":"https:\/\/daniellebeatrizmakeup.com.br\/loja\/wp-json\/wp\/v2\/media\/56993"}],"wp:attachment":[{"href":"https:\/\/daniellebeatrizmakeup.com.br\/loja\/wp-json\/wp\/v2\/media?parent=56985"}],"wp:term":[{"taxonomy":"product_brand","embeddable":true,"href":"https:\/\/daniellebeatrizmakeup.com.br\/loja\/wp-json\/wp\/v2\/product_brand?post=56985"},{"taxonomy":"product_cat","embeddable":true,"href":"https:\/\/daniellebeatrizmakeup.com.br\/loja\/wp-json\/wp\/v2\/product_cat?post=56985"},{"taxonomy":"product_tag","embeddable":true,"href":"https:\/\/daniellebeatrizmakeup.com.br\/loja\/wp-json\/wp\/v2\/product_tag?post=56985"},{"taxonomy":"woo-feed-brand","embeddable":true,"href":"https:\/\/daniellebeatrizmakeup.com.br\/loja\/wp-json\/wp\/v2\/woo-feed-brand?post=56985"}],"curies":[{"name":"wp","href":"https:\/\/api.w.org\/{rel}","templated":true}]}}