{"id":56902,"date":"2023-07-07T18:00:21","date_gmt":"2023-07-07T21:00:21","guid":{"rendered":"https:\/\/daniellebeatrizmakeup.com.br\/loja\/?post_type=product&#038;p=56902"},"modified":"2025-12-16T17:56:57","modified_gmt":"2025-12-16T20:56:57","slug":"jelly-spray-hidratante-fixador-maria-margarida","status":"publish","type":"product","link":"https:\/\/daniellebeatrizmakeup.com.br\/loja\/jelly-spray-hidratante-fixador-maria-margarida\/","title":{"rendered":"Jelly Spray Hidratante Fixador Maria Margarida"},"content":{"rendered":"<p><strong>Desperte sua Pele com o At\u00e9 Embaixo D&#8217;\u00e1gua Jelly Spray Hidratante Fixador da Maria Margarida!<\/strong><\/p>\n<p><strong>Versatilidade e Fixa\u00e7\u00e3o: O Segredo Revelado<\/strong><\/p>\n<p>D\u00ea as boas-vindas a um <a href=\"https:\/\/www.instagram.com\/p\/CdywFBZulZF\/\">hidratante<\/a> inovador em vers\u00e3o spray com textura jelly que vai revolucionar sua rotina de cuidados com a pele e maquiagem. O Hidratante Jelly At\u00e9 Embaixo D&#8217;\u00e1gua oferece hidrata\u00e7\u00e3o profunda, al\u00e9m de um segredo especial: sua f\u00f3rmula ajuda a fixar a maquiagem na pele! Prepare-se para desfrutar de uma pele radiante e uma maquiagem duradoura.<\/p>\n<p><strong>Hidrata\u00e7\u00e3o Personalizada para Todos os Tipos de Pele<\/strong><\/p>\n<p>Este hidratante incr\u00edvel est\u00e1 dispon\u00edvel em duas vers\u00f5es para atender \u00e0s necessidades espec\u00edficas da sua pele. A vers\u00e3o para <strong>peles normais<\/strong> \u00e9 enriquecida com Panthenol, \u00c1cido Hialur\u00f4nico, \u00d3leo de Jojoba e Esqualano, proporcionando hidrata\u00e7\u00e3o profunda, nutri\u00e7\u00e3o e uma sensa\u00e7\u00e3o de maciez irresist\u00edvel.<\/p>\n<p>J\u00e1 a vers\u00e3o para <strong>peles oleosas<\/strong> conta com \u00c1cido Hialur\u00f4nico, Alanto\u00edna, S\u00f3dio PCA, Ureia e Esqualano, oferecendo equil\u00edbrio \u00e0 pele, controle da oleosidade e hidrata\u00e7\u00e3o n\u00e3o oleosa. Escolha a vers\u00e3o que melhor se adequa \u00e0s suas necessidades e conquiste uma pele deslumbrante.<\/p>\n<p><strong>Prepare-se para uma Make Impec\u00e1vel<\/strong><\/p>\n<p>O At\u00e9 Embaixo D&#8217;\u00e1gua Jelly Spray Hidratante Fixador da <a href=\"https:\/\/daniellebeatrizmakeup.com.br\/loja\/maria-margarida\">Maria Margarida<\/a> vai al\u00e9m da hidrata\u00e7\u00e3o. Sua f\u00f3rmula exclusiva ajuda a fixar a maquiagem na pele, proporcionando uma make duradoura e resistente. Com esse segredo incr\u00edvel, voc\u00ea n\u00e3o precisar\u00e1 se preocupar com retoques constantes. Aplique o hidratante antes da maquiagem para preparar sua pele e garantir que sua make dure o dia todo. Sinta-se confiante e pronta para brilhar!<\/p>\n<p>&nbsp;<\/p>\n<p>Selos:<\/p>\n<p open=\"\" sans=\"\" arial=\"\" helvetica=\"\" sans-serif=\"\" margin:=\"\" 5px=\"\" 0px=\"\" padding:=\"\" outline:=\"\" border:=\"\" position:=\"\" static=\"\" z-index:=\"\" 0=\"\" color:=\"\" rgb=\"\" 166=\"\" 171=\"\" 183=\"\" width:=\"\" auto=\"\" font-size:=\"\" 16px=\"\" line-height:=\"\" 1=\"\" 4=\"\" important=\"\">&#8211; Livre de parabenos<\/p>\n<p open=\"\" sans=\"\" arial=\"\" helvetica=\"\" sans-serif=\"\" margin:=\"\" 5px=\"\" 0px=\"\" padding:=\"\" outline:=\"\" border:=\"\" position:=\"\" static=\"\" z-index:=\"\" 0=\"\" color:=\"\" rgb=\"\" 166=\"\" 171=\"\" 183=\"\" width:=\"\" auto=\"\" font-size:=\"\" 16px=\"\" line-height:=\"\" 1=\"\" 4=\"\" important=\"\">&#8211; Livre de \u00f3leo mineral<\/p>\n<p open=\"\" sans=\"\" arial=\"\" helvetica=\"\" sans-serif=\"\" margin:=\"\" 5px=\"\" 0px=\"\" padding:=\"\" outline:=\"\" border:=\"\" position:=\"\" static=\"\" z-index:=\"\" 0=\"\" color:=\"\" rgb=\"\" 166=\"\" 171=\"\" 183=\"\" width:=\"\" auto=\"\" font-size:=\"\" 16px=\"\" line-height:=\"\" 1=\"\" 4=\"\" important=\"\">&#8211; Livre de parafina<\/p>\n<p open=\"\" sans=\"\" arial=\"\" helvetica=\"\" sans-serif=\"\" margin:=\"\" 5px=\"\" 0px=\"\" padding:=\"\" outline:=\"\" border:=\"\" position:=\"\" static=\"\" z-index:=\"\" 0=\"\" color:=\"\" rgb=\"\" 166=\"\" 171=\"\" 183=\"\" width:=\"\" auto=\"\" font-size:=\"\" 16px=\"\" line-height:=\"\" 1=\"\" 4=\"\" important=\"\">&#8211; Livre de petrolatos<\/p>\n<p open=\"\" sans=\"\" arial=\"\" helvetica=\"\" sans-serif=\"\" margin:=\"\" 5px=\"\" 0px=\"\" padding:=\"\" outline:=\"\" border:=\"\" position:=\"\" static=\"\" z-index:=\"\" 0=\"\" color:=\"\" rgb=\"\" 166=\"\" 171=\"\" 183=\"\" width:=\"\" auto=\"\" font-size:=\"\" 16px=\"\" line-height:=\"\" 1=\"\" 4=\"\" important=\"\">&#8211; Livre de silicones<\/p>\n<p open=\"\" sans=\"\" arial=\"\" helvetica=\"\" sans-serif=\"\" margin:=\"\" 5px=\"\" 0px=\"\" padding:=\"\" outline:=\"\" border:=\"\" position:=\"\" static=\"\" z-index:=\"\" 0=\"\" color:=\"\" rgb=\"\" 166=\"\" 171=\"\" 183=\"\" width:=\"\" auto=\"\" font-size:=\"\" 16px=\"\" line-height:=\"\" 1=\"\" 4=\"\" important=\"\">&#8211; F\u00f3rmula vegana<\/p>\n<p open=\"\" sans=\"\" arial=\"\" helvetica=\"\" sans-serif=\"\" margin:=\"\" 5px=\"\" 0px=\"\" padding:=\"\" outline:=\"\" border:=\"\" position:=\"\" static=\"\" z-index:=\"\" 0=\"\" color:=\"\" rgb=\"\" 166=\"\" 171=\"\" 183=\"\" width:=\"\" auto=\"\" font-size:=\"\" 16px=\"\" line-height:=\"\" 1=\"\" 4=\"\" important=\"\">&#8211; N\u00e3o testado em animais<\/p>\n<p open=\"\" sans=\"\" arial=\"\" helvetica=\"\" sans-serif=\"\" margin:=\"\" 5px=\"\" 0px=\"\" padding:=\"\" outline:=\"\" border:=\"\" position:=\"\" static=\"\" z-index:=\"\" 0=\"\" color:=\"\" rgb=\"\" 166=\"\" 171=\"\" 183=\"\" width:=\"\" auto=\"\" font-size:=\"\" 16px=\"\" line-height:=\"\" 1=\"\" 4=\"\" important=\"\">Cont\u00e9m: 120 ml<\/p>\n<p open=\"\" sans=\"\" arial=\"\" helvetica=\"\" sans-serif=\"\" margin:=\"\" 5px=\"\" 0px=\"\" padding:=\"\" outline:=\"\" border:=\"\" position:=\"\" static=\"\" z-index:=\"\" 0=\"\" color:=\"\" rgb=\"\" 166=\"\" 171=\"\" 183=\"\" width:=\"\" auto=\"\" font-size:=\"\" 16px=\"\" line-height:=\"\" 1=\"\" 4=\"\" important=\"\">Pele Normal<br \/>\n<span>COMPOSI\u00c7\u00c3O: \u00c1gua; Polisorbato 20; \u00c9steres de \u00d3leo de Oliva PEG-7; Glicerina; Goma Gelana; Fenoxietanol; Pantenol; Ess\u00eancia; Copol\u00edmero de Acrilatos VP\/DMAPA; EDTA Diss\u00f3dico; Hialuronato de S\u00f3dio; \u00d3leo de Jojoba; Esqualano.<br \/>\nINCI: Aqua; Polysorbate 20; Olive Oil PEG-7 Esters; Glycerin; Gellan Gum; Phenoxyethanol; Panthenol; Parfum; VP\/DMAPA Acrylates Copolymer; Disodium EDTA; Sodium Hyaluronate; Simmondsia Chinensis (Jojoba) Seed Oil; Squalane.<\/span><\/p>\n<p open=\"\" sans=\"\" arial=\"\" helvetica=\"\" sans-serif=\"\" margin:=\"\" 5px=\"\" 0px=\"\" padding:=\"\" outline:=\"\" border:=\"\" position:=\"\" static=\"\" z-index:=\"\" 0=\"\" color:=\"\" rgb=\"\" 166=\"\" 171=\"\" 183=\"\" width:=\"\" auto=\"\" font-size:=\"\" 16px=\"\" line-height:=\"\" 1=\"\" 4=\"\" important=\"\">Pele Oleosa<\/p>\n<p open=\"\" sans=\"\" arial=\"\" helvetica=\"\" sans-serif=\"\" margin:=\"\" 5px=\"\" 0px=\"\" padding:=\"\" outline:=\"\" border:=\"\" position:=\"\" static=\"\" z-index:=\"\" 0=\"\" color:=\"\" rgb=\"\" 166=\"\" 171=\"\" 183=\"\" width:=\"\" auto=\"\" font-size:=\"\" 16px=\"\" line-height:=\"\" 1=\"\" 4=\"\" important=\"\"><span>COMPOSI\u00c7\u00c3O: \u00c1gua; Polisorbato 20; \u00c9steres de \u00d3leo de Oliva PEG-7; Glicerina; Goma Gelana; Fenoxietanol; PCA S\u00f3dio; Ess\u00eancia; Alanto\u00edna; Copol\u00edmero de Acrilatos VP\/DMAPA; EDTA Diss\u00f3dico; Hialuronato de S\u00f3dio; CI 19140 (e) CI 42090 (e) Imidazolidinil Ureia; Aminometil Propanol; Esqualano.<br \/>\n<\/span><span>INCI: Aqua; Polysorbate 20; Olive Oil PEG-7 Esters; Glycerin; Gellan Gum; Phenoxyethanol; Sodium PCA; Parfum; Allantoin; VP\/DMAPA Acrylates Copolymer; Disodium EDTA; Sodium Hyaluronate; CI 19140 (and) CI 42090 (and) Imidazolidinyl Urea; Aminomethyl Propanol; Squalane.<\/span><\/p>\n","protected":false},"excerpt":{"rendered":"<p>Validade: 05\/2026.<strong><br \/>\nHidratante Jelly At\u00e9 Embaixo D&#8217;\u00e1gua: Hidrata\u00e7\u00e3o e Fixa\u00e7\u00e3o para uma Pele Radiante!<\/strong><span> Descubra o segredo para uma pele hidratada e uma maquiagem duradoura com o Hidratante Jelly At\u00e9 Embaixo D&#8217;\u00e1gua. Dispon\u00edvel em vers\u00f5es para peles normais e oleosas, este hidratante spray\u00e1vel oferece hidrata\u00e7\u00e3o profunda e ajuda a fixar a maquiagem na pele. Com ingredientes como \u00c1cido Hialur\u00f4nico, \u00d3leo de Jojoba e Esqualano, sua pele ficar\u00e1 macia e radiante. Aproveite uma f\u00f3rmula vegana e livre de testes em animais. Experimente o Hidratante Jelly At\u00e9 Embaixo D&#8217;\u00e1gua e prepare-se para uma pele impec\u00e1vel!<\/span><\/p>\n","protected":false},"featured_media":56915,"comment_status":"open","ping_status":"closed","template":"","meta":{"_mbp_gutenberg_autopost":false},"product_brand":[],"product_cat":[838,712,73,111],"product_tag":[145],"woo-feed-brand":[],"class_list":{"0":"post-56902","1":"product","2":"type-product","3":"status-publish","4":"has-post-thumbnail","6":"product_cat-ate-embaixo-dagua","7":"product_cat-hidratante-facial","8":"product_cat-maria-margarida","9":"product_cat-skincare","10":"product_tag-maria-margarida","11":"pa_pele-normal","12":"pa_pele-oleosa","14":"first","15":"outofstock","16":"shipping-taxable","17":"purchasable","18":"product-type-variable"},"yoast_head":"<!-- This site is optimized with the Yoast SEO plugin v27.3 - https:\/\/yoast.com\/product\/yoast-seo-wordpress\/ -->\n<title>Jelly Spray Hidratante Fixador Maria Margarida - Loja DB Makeup<\/title>\n<meta name=\"description\" content=\"Jelly Spray Hidratante Fixador da Maria Margarida oferece hidrata\u00e7\u00e3o profunda e fixa\u00e7\u00e3o da maquiagem. Dispon\u00edvel em vers\u00f5es para peles normais e oleosas.\" \/>\n<meta name=\"robots\" content=\"index, follow, max-snippet:-1, max-image-preview:large, max-video-preview:-1\" \/>\n<link rel=\"canonical\" href=\"https:\/\/daniellebeatrizmakeup.com.br\/loja\/jelly-spray-hidratante-fixador-maria-margarida\/\" \/>\n<meta property=\"og:locale\" content=\"pt_BR\" \/>\n<meta property=\"og:type\" content=\"article\" \/>\n<meta property=\"og:title\" content=\"Jelly Spray Hidratante Fixador Maria Margarida - Loja DB Makeup\" \/>\n<meta property=\"og:description\" content=\"Jelly Spray Hidratante Fixador da Maria Margarida oferece hidrata\u00e7\u00e3o profunda e fixa\u00e7\u00e3o da maquiagem. Dispon\u00edvel em vers\u00f5es para peles normais e oleosas.\" \/>\n<meta property=\"og:url\" content=\"https:\/\/daniellebeatrizmakeup.com.br\/loja\/jelly-spray-hidratante-fixador-maria-margarida\/\" \/>\n<meta property=\"og:site_name\" content=\"Loja DB Makeup\" \/>\n<meta property=\"article:publisher\" content=\"https:\/\/www.facebook.com\/daniellebeatrizmakeup\" \/>\n<meta property=\"article:modified_time\" content=\"2025-12-16T20:56:57+00:00\" \/>\n<meta property=\"og:image\" content=\"https:\/\/daniellebeatrizmakeup.com.br\/loja\/wp-content\/uploads\/2023\/07\/hidratante-jelly-spray-fixador-maria-margarida-scaled.jpg\" \/>\n\t<meta property=\"og:image:width\" content=\"1920\" \/>\n\t<meta property=\"og:image:height\" content=\"2560\" \/>\n\t<meta property=\"og:image:type\" content=\"image\/jpeg\" \/>\n<meta name=\"twitter:card\" content=\"summary_large_image\" \/>\n<meta name=\"twitter:site\" content=\"@danibetriz\" \/>\n<meta name=\"twitter:label1\" content=\"Est. tempo de leitura\" \/>\n\t<meta name=\"twitter:data1\" content=\"2 minutos\" \/>\n<script type=\"application\/ld+json\" class=\"yoast-schema-graph\">{\"@context\":\"https:\\\/\\\/schema.org\",\"@graph\":[{\"@type\":\"WebPage\",\"@id\":\"https:\\\/\\\/daniellebeatrizmakeup.com.br\\\/loja\\\/jelly-spray-hidratante-fixador-maria-margarida\\\/\",\"url\":\"https:\\\/\\\/daniellebeatrizmakeup.com.br\\\/loja\\\/jelly-spray-hidratante-fixador-maria-margarida\\\/\",\"name\":\"Jelly Spray Hidratante Fixador Maria Margarida - Loja DB Makeup\",\"isPartOf\":{\"@id\":\"https:\\\/\\\/daniellebeatrizmakeup.com.br\\\/loja\\\/#website\"},\"primaryImageOfPage\":{\"@id\":\"https:\\\/\\\/daniellebeatrizmakeup.com.br\\\/loja\\\/jelly-spray-hidratante-fixador-maria-margarida\\\/#primaryimage\"},\"image\":{\"@id\":\"https:\\\/\\\/daniellebeatrizmakeup.com.br\\\/loja\\\/jelly-spray-hidratante-fixador-maria-margarida\\\/#primaryimage\"},\"thumbnailUrl\":\"https:\\\/\\\/daniellebeatrizmakeup.com.br\\\/loja\\\/wp-content\\\/uploads\\\/2023\\\/07\\\/hidratante-jelly-spray-fixador-maria-margarida-scaled.jpg\",\"datePublished\":\"2023-07-07T21:00:21+00:00\",\"dateModified\":\"2025-12-16T20:56:57+00:00\",\"description\":\"Jelly Spray Hidratante Fixador da Maria Margarida oferece hidrata\u00e7\u00e3o profunda e fixa\u00e7\u00e3o da maquiagem. Dispon\u00edvel em vers\u00f5es para peles normais e oleosas.\",\"breadcrumb\":{\"@id\":\"https:\\\/\\\/daniellebeatrizmakeup.com.br\\\/loja\\\/jelly-spray-hidratante-fixador-maria-margarida\\\/#breadcrumb\"},\"inLanguage\":\"pt-BR\",\"potentialAction\":[{\"@type\":\"ReadAction\",\"target\":[\"https:\\\/\\\/daniellebeatrizmakeup.com.br\\\/loja\\\/jelly-spray-hidratante-fixador-maria-margarida\\\/\"]}]},{\"@type\":\"ImageObject\",\"inLanguage\":\"pt-BR\",\"@id\":\"https:\\\/\\\/daniellebeatrizmakeup.com.br\\\/loja\\\/jelly-spray-hidratante-fixador-maria-margarida\\\/#primaryimage\",\"url\":\"https:\\\/\\\/daniellebeatrizmakeup.com.br\\\/loja\\\/wp-content\\\/uploads\\\/2023\\\/07\\\/hidratante-jelly-spray-fixador-maria-margarida-scaled.jpg\",\"contentUrl\":\"https:\\\/\\\/daniellebeatrizmakeup.com.br\\\/loja\\\/wp-content\\\/uploads\\\/2023\\\/07\\\/hidratante-jelly-spray-fixador-maria-margarida-scaled.jpg\",\"width\":1920,\"height\":2560,\"caption\":\"Hidratante Jelly Spray Fixador Maria Margarida\"},{\"@type\":\"BreadcrumbList\",\"@id\":\"https:\\\/\\\/daniellebeatrizmakeup.com.br\\\/loja\\\/jelly-spray-hidratante-fixador-maria-margarida\\\/#breadcrumb\",\"itemListElement\":[{\"@type\":\"ListItem\",\"position\":1,\"name\":\"In\u00edcio\",\"item\":\"https:\\\/\\\/daniellebeatrizmakeup.com.br\\\/loja\\\/\"},{\"@type\":\"ListItem\",\"position\":2,\"name\":\"Todos\",\"item\":\"https:\\\/\\\/daniellebeatrizmakeup.com.br\\\/loja\\\/todos\\\/\"},{\"@type\":\"ListItem\",\"position\":3,\"name\":\"Jelly Spray Hidratante Fixador Maria Margarida\"}]},{\"@type\":\"WebSite\",\"@id\":\"https:\\\/\\\/daniellebeatrizmakeup.com.br\\\/loja\\\/#website\",\"url\":\"https:\\\/\\\/daniellebeatrizmakeup.com.br\\\/loja\\\/\",\"name\":\"Loja DB Makeup\",\"description\":\"A melhor loja de maquiagem para real\u00e7ar a sua beleza\",\"publisher\":{\"@id\":\"https:\\\/\\\/daniellebeatrizmakeup.com.br\\\/loja\\\/#organization\"},\"potentialAction\":[{\"@type\":\"SearchAction\",\"target\":{\"@type\":\"EntryPoint\",\"urlTemplate\":\"https:\\\/\\\/daniellebeatrizmakeup.com.br\\\/loja\\\/?s={search_term_string}\"},\"query-input\":{\"@type\":\"PropertyValueSpecification\",\"valueRequired\":true,\"valueName\":\"search_term_string\"}}],\"inLanguage\":\"pt-BR\"},{\"@type\":\"Organization\",\"@id\":\"https:\\\/\\\/daniellebeatrizmakeup.com.br\\\/loja\\\/#organization\",\"name\":\"Danielle Beatriz Makeup\",\"url\":\"https:\\\/\\\/daniellebeatrizmakeup.com.br\\\/loja\\\/\",\"logo\":{\"@type\":\"ImageObject\",\"inLanguage\":\"pt-BR\",\"@id\":\"https:\\\/\\\/daniellebeatrizmakeup.com.br\\\/loja\\\/#\\\/schema\\\/logo\\\/image\\\/\",\"url\":\"https:\\\/\\\/daniellebeatrizmakeup.com.br\\\/loja\\\/wp-content\\\/uploads\\\/2020\\\/10\\\/logo-loja-db-makeup.png\",\"contentUrl\":\"https:\\\/\\\/daniellebeatrizmakeup.com.br\\\/loja\\\/wp-content\\\/uploads\\\/2020\\\/10\\\/logo-loja-db-makeup.png\",\"width\":500,\"height\":110,\"caption\":\"Danielle Beatriz Makeup\"},\"image\":{\"@id\":\"https:\\\/\\\/daniellebeatrizmakeup.com.br\\\/loja\\\/#\\\/schema\\\/logo\\\/image\\\/\"},\"sameAs\":[\"https:\\\/\\\/www.facebook.com\\\/daniellebeatrizmakeup\",\"https:\\\/\\\/x.com\\\/danibetriz\",\"https:\\\/\\\/www.instagram.com\\\/daniellebeatrizmakeup\",\"https:\\\/\\\/pinterest.com\\\/daniellebeatrizmakeup\",\"https:\\\/\\\/www.youtube.com\\\/DanielleBeatriz\"]}]}<\/script>\n<!-- \/ Yoast SEO plugin. -->","yoast_head_json":{"title":"Jelly Spray Hidratante Fixador Maria Margarida - Loja DB Makeup","description":"Jelly Spray Hidratante Fixador da Maria Margarida oferece hidrata\u00e7\u00e3o profunda e fixa\u00e7\u00e3o da maquiagem. Dispon\u00edvel em vers\u00f5es para peles normais e oleosas.","robots":{"index":"index","follow":"follow","max-snippet":"max-snippet:-1","max-image-preview":"max-image-preview:large","max-video-preview":"max-video-preview:-1"},"canonical":"https:\/\/daniellebeatrizmakeup.com.br\/loja\/jelly-spray-hidratante-fixador-maria-margarida\/","og_locale":"pt_BR","og_type":"article","og_title":"Jelly Spray Hidratante Fixador Maria Margarida - Loja DB Makeup","og_description":"Jelly Spray Hidratante Fixador da Maria Margarida oferece hidrata\u00e7\u00e3o profunda e fixa\u00e7\u00e3o da maquiagem. Dispon\u00edvel em vers\u00f5es para peles normais e oleosas.","og_url":"https:\/\/daniellebeatrizmakeup.com.br\/loja\/jelly-spray-hidratante-fixador-maria-margarida\/","og_site_name":"Loja DB Makeup","article_publisher":"https:\/\/www.facebook.com\/daniellebeatrizmakeup","article_modified_time":"2025-12-16T20:56:57+00:00","og_image":[{"width":1920,"height":2560,"url":"https:\/\/daniellebeatrizmakeup.com.br\/loja\/wp-content\/uploads\/2023\/07\/hidratante-jelly-spray-fixador-maria-margarida-scaled.jpg","type":"image\/jpeg"}],"twitter_card":"summary_large_image","twitter_site":"@danibetriz","twitter_misc":{"Est. tempo de leitura":"2 minutos"},"schema":{"@context":"https:\/\/schema.org","@graph":[{"@type":"WebPage","@id":"https:\/\/daniellebeatrizmakeup.com.br\/loja\/jelly-spray-hidratante-fixador-maria-margarida\/","url":"https:\/\/daniellebeatrizmakeup.com.br\/loja\/jelly-spray-hidratante-fixador-maria-margarida\/","name":"Jelly Spray Hidratante Fixador Maria Margarida - Loja DB Makeup","isPartOf":{"@id":"https:\/\/daniellebeatrizmakeup.com.br\/loja\/#website"},"primaryImageOfPage":{"@id":"https:\/\/daniellebeatrizmakeup.com.br\/loja\/jelly-spray-hidratante-fixador-maria-margarida\/#primaryimage"},"image":{"@id":"https:\/\/daniellebeatrizmakeup.com.br\/loja\/jelly-spray-hidratante-fixador-maria-margarida\/#primaryimage"},"thumbnailUrl":"https:\/\/daniellebeatrizmakeup.com.br\/loja\/wp-content\/uploads\/2023\/07\/hidratante-jelly-spray-fixador-maria-margarida-scaled.jpg","datePublished":"2023-07-07T21:00:21+00:00","dateModified":"2025-12-16T20:56:57+00:00","description":"Jelly Spray Hidratante Fixador da Maria Margarida oferece hidrata\u00e7\u00e3o profunda e fixa\u00e7\u00e3o da maquiagem. Dispon\u00edvel em vers\u00f5es para peles normais e oleosas.","breadcrumb":{"@id":"https:\/\/daniellebeatrizmakeup.com.br\/loja\/jelly-spray-hidratante-fixador-maria-margarida\/#breadcrumb"},"inLanguage":"pt-BR","potentialAction":[{"@type":"ReadAction","target":["https:\/\/daniellebeatrizmakeup.com.br\/loja\/jelly-spray-hidratante-fixador-maria-margarida\/"]}]},{"@type":"ImageObject","inLanguage":"pt-BR","@id":"https:\/\/daniellebeatrizmakeup.com.br\/loja\/jelly-spray-hidratante-fixador-maria-margarida\/#primaryimage","url":"https:\/\/daniellebeatrizmakeup.com.br\/loja\/wp-content\/uploads\/2023\/07\/hidratante-jelly-spray-fixador-maria-margarida-scaled.jpg","contentUrl":"https:\/\/daniellebeatrizmakeup.com.br\/loja\/wp-content\/uploads\/2023\/07\/hidratante-jelly-spray-fixador-maria-margarida-scaled.jpg","width":1920,"height":2560,"caption":"Hidratante Jelly Spray Fixador Maria Margarida"},{"@type":"BreadcrumbList","@id":"https:\/\/daniellebeatrizmakeup.com.br\/loja\/jelly-spray-hidratante-fixador-maria-margarida\/#breadcrumb","itemListElement":[{"@type":"ListItem","position":1,"name":"In\u00edcio","item":"https:\/\/daniellebeatrizmakeup.com.br\/loja\/"},{"@type":"ListItem","position":2,"name":"Todos","item":"https:\/\/daniellebeatrizmakeup.com.br\/loja\/todos\/"},{"@type":"ListItem","position":3,"name":"Jelly Spray Hidratante Fixador Maria Margarida"}]},{"@type":"WebSite","@id":"https:\/\/daniellebeatrizmakeup.com.br\/loja\/#website","url":"https:\/\/daniellebeatrizmakeup.com.br\/loja\/","name":"Loja DB Makeup","description":"A melhor loja de maquiagem para real\u00e7ar a sua beleza","publisher":{"@id":"https:\/\/daniellebeatrizmakeup.com.br\/loja\/#organization"},"potentialAction":[{"@type":"SearchAction","target":{"@type":"EntryPoint","urlTemplate":"https:\/\/daniellebeatrizmakeup.com.br\/loja\/?s={search_term_string}"},"query-input":{"@type":"PropertyValueSpecification","valueRequired":true,"valueName":"search_term_string"}}],"inLanguage":"pt-BR"},{"@type":"Organization","@id":"https:\/\/daniellebeatrizmakeup.com.br\/loja\/#organization","name":"Danielle Beatriz Makeup","url":"https:\/\/daniellebeatrizmakeup.com.br\/loja\/","logo":{"@type":"ImageObject","inLanguage":"pt-BR","@id":"https:\/\/daniellebeatrizmakeup.com.br\/loja\/#\/schema\/logo\/image\/","url":"https:\/\/daniellebeatrizmakeup.com.br\/loja\/wp-content\/uploads\/2020\/10\/logo-loja-db-makeup.png","contentUrl":"https:\/\/daniellebeatrizmakeup.com.br\/loja\/wp-content\/uploads\/2020\/10\/logo-loja-db-makeup.png","width":500,"height":110,"caption":"Danielle Beatriz Makeup"},"image":{"@id":"https:\/\/daniellebeatrizmakeup.com.br\/loja\/#\/schema\/logo\/image\/"},"sameAs":["https:\/\/www.facebook.com\/daniellebeatrizmakeup","https:\/\/x.com\/danibetriz","https:\/\/www.instagram.com\/daniellebeatrizmakeup","https:\/\/pinterest.com\/daniellebeatrizmakeup","https:\/\/www.youtube.com\/DanielleBeatriz"]}]}},"jetpack_sharing_enabled":true,"_links":{"self":[{"href":"https:\/\/daniellebeatrizmakeup.com.br\/loja\/wp-json\/wp\/v2\/product\/56902","targetHints":{"allow":["GET"]}}],"collection":[{"href":"https:\/\/daniellebeatrizmakeup.com.br\/loja\/wp-json\/wp\/v2\/product"}],"about":[{"href":"https:\/\/daniellebeatrizmakeup.com.br\/loja\/wp-json\/wp\/v2\/types\/product"}],"replies":[{"embeddable":true,"href":"https:\/\/daniellebeatrizmakeup.com.br\/loja\/wp-json\/wp\/v2\/comments?post=56902"}],"version-history":[{"count":5,"href":"https:\/\/daniellebeatrizmakeup.com.br\/loja\/wp-json\/wp\/v2\/product\/56902\/revisions"}],"predecessor-version":[{"id":57972,"href":"https:\/\/daniellebeatrizmakeup.com.br\/loja\/wp-json\/wp\/v2\/product\/56902\/revisions\/57972"}],"wp:featuredmedia":[{"embeddable":true,"href":"https:\/\/daniellebeatrizmakeup.com.br\/loja\/wp-json\/wp\/v2\/media\/56915"}],"wp:attachment":[{"href":"https:\/\/daniellebeatrizmakeup.com.br\/loja\/wp-json\/wp\/v2\/media?parent=56902"}],"wp:term":[{"taxonomy":"product_brand","embeddable":true,"href":"https:\/\/daniellebeatrizmakeup.com.br\/loja\/wp-json\/wp\/v2\/product_brand?post=56902"},{"taxonomy":"product_cat","embeddable":true,"href":"https:\/\/daniellebeatrizmakeup.com.br\/loja\/wp-json\/wp\/v2\/product_cat?post=56902"},{"taxonomy":"product_tag","embeddable":true,"href":"https:\/\/daniellebeatrizmakeup.com.br\/loja\/wp-json\/wp\/v2\/product_tag?post=56902"},{"taxonomy":"woo-feed-brand","embeddable":true,"href":"https:\/\/daniellebeatrizmakeup.com.br\/loja\/wp-json\/wp\/v2\/woo-feed-brand?post=56902"}],"curies":[{"name":"wp","href":"https:\/\/api.w.org\/{rel}","templated":true}]}}