{"id":56609,"date":"2023-05-22T16:00:59","date_gmt":"2023-05-22T19:00:59","guid":{"rendered":"https:\/\/daniellebeatrizmakeup.com.br\/loja\/?post_type=product&#038;p=56609"},"modified":"2026-01-06T15:13:27","modified_gmt":"2026-01-06T18:13:27","slug":"po-hidratante-de-tapioca-maria-margarida","status":"publish","type":"product","link":"https:\/\/daniellebeatrizmakeup.com.br\/loja\/po-hidratante-de-tapioca-maria-margarida\/","title":{"rendered":"P\u00f3 Hidratante de Tapioca Maria Margarida"},"content":{"rendered":"<p style=\"font-weight: 400;\">O P\u00f3 Hidratante de Tapioca At\u00e9 Embaixo D\u2019\u00e1gua da <a href=\"https:\/\/daniellebeatrizmakeup.com.br\/loja\/maria-margarida\/\">Maria Margarida<\/a> tem uma f\u00f3rmula super especial, enriquecida com \u00c1cido Hialur\u00f4nico e Amido de Tapioca. O \u00c1cido Hialur\u00f4nico evita o ressecamento da pele e permite um efeito prolongado, o que vai deixar um lindo acabamento na sua pele. J\u00e1 a estrela desse p\u00f3 que \u00e9 claro, o Amido de Tapioca, matifica a pele, sem retirar o vi\u00e7o natural dela que tanto amamos.<\/p>\n<p style=\"font-weight: 400;\">E ainda tem mais, o P\u00f3 Hidratante de Tapioca da Maria Margarida deixa a make super resistente e a prova de atrito, por ser um p\u00f3 solto ele \u00e9 ultra fino, deixa um acabamento super natural, e d\u00e1 um efeito SOFT FOCUS que diminui apar\u00eancia de olheiras e texturas. Com seu acabamento hidratante pelo \u00c1cido Hialur\u00f4nico, n\u00e3o marca as linhas de express\u00e3o e at\u00e9 mesmo diminui a apar\u00eancia delas!<\/p>\n<p style=\"font-weight: 400;\">E claro que n\u00e3o poderia faltar a principal caracter\u00edstica de todos os produtos da cole\u00e7\u00e3o At\u00e9 Embaixo D\u2019\u00e1gua, este p\u00f3 solto tamb\u00e9m deixar\u00e1 sua maquiagem completamente \u00e0 prova d\u2019\u00e1gua!<\/p>\n<p style=\"font-weight: 400;\">Confira as cores do P\u00f3 Hidratante de Tapioca da Maria Margarida:<\/p>\n<p style=\"font-weight: 400;\">Cor 1 &#8211; Bege Clar\u00edssimo\/Claro Neutro<br \/>\nCor 2 &#8211; Bege Claro Rosado (Parecido com a cor Transl\u00facido Rosado do <a href=\"https:\/\/daniellebeatrizmakeup.com.br\/loja\/po-de-seda-maria-margarida\">P\u00f3 de Seda<\/a>)<br \/>\nCor 3 &#8211; Bege Claro\/M\u00e9dio Amarelado (Parecido com a cor 1 do <a href=\"https:\/\/www.instagram.com\/p\/CKSZpSyB_zd\/\">P\u00f3 de Seda<\/a>)<br \/>\nCor 4 &#8211; Bege M\u00e9dio Neutro<br \/>\nCor 5 &#8211; Bege M\u00e9dio\/Escuro Alaranjado<br \/>\nCor 6 &#8211; Bege Escuro Neutro<\/p>\n<p style=\"font-weight: 400;\">Cont\u00e9m 15g.<\/p>\n<p style=\"font-weight: 400;\">Este produto \u00e9 livre de parafina, petrolatos, parabenos, \u00f3leo mineral, possui f\u00f3rmula vegana e n\u00e3o testado em animais.<\/p>\n<p style=\"font-weight: 400;\">COMPOSI\u00c7\u00c3O: Talco; Perfluorooctil Trietoxissilano; Alum\u00ednio Amido Octenil Succinato; Goma de Tapioca; Citrato de Acetil Tributil; Fenoxietanol; Ess\u00eancia; Hialuronato de S\u00f3dio. Pode conter: Di\u00f3xido de Tit\u00e2nio; CI 77491; CI 77492; CI 77499..<\/p>\n<p style=\"font-weight: 400;\">INCI: Talc; Perfluorooctyl Triethoxysilane; Aluminum Starch Octenyl Succinate; Tapioca Starch; Acetyl Tributyl Citrate; Phenoxyethanol; Parfum; Sodium Hyaluronate. Pode conter: Titanium Dioxide; CI 77491; CI 77492; CI 77499.<\/p>\n","protected":false},"excerpt":{"rendered":"<p>O P\u00f3 Hidratante de Tapioca At\u00e9 Embaixo D\u2019\u00e1gua da Maria Margarida \u00e9 um p\u00f3 solto enriquecido com \u00c1cido Hialur\u00f4nico e Amido de Tapioca. O \u00c1cido Hialur\u00f4nico evita o ressecamento da pele. J\u00e1 o Amido de Tapioca matifica a pele sem retirar o vi\u00e7o natural. Ele deixa a sua maquiagem super resistente e a prova de atrito, por ser ultra fino tamb\u00e9m d\u00e1 um efeito SOFT FOCUS que diminui apar\u00eancia de olheiras, texturas, e n\u00e3o marca as linhas de express\u00e3o. Por ser um produto At\u00e9 Embaixo D\u2019\u00e1gua, este p\u00f3 solto tamb\u00e9m deixar\u00e1 sua maquiagem \u00e0 prova d\u2019\u00e1gua!<\/p>\n<p>Cor 2, parecida com a cor Transl\u00facido Rosado do P\u00f3 de Seda.<br \/>\nCor 3, parecida com a cor 1 do P\u00f3 de Seda.<\/p>\n<p>Validade:<br \/>\n03\/2026 &#8211; 05, 06<\/p>\n<p>06\/2026 &#8211; 01, 03<\/p>\n<p>08\/2027 &#8211; 02, 04.<\/p>\n","protected":false},"featured_media":56632,"comment_status":"open","ping_status":"closed","template":"","meta":{"_mbp_gutenberg_autopost":false},"product_brand":[],"product_cat":[838,73,130,78],"product_tag":[175,86,145,84,106],"woo-feed-brand":[780],"class_list":{"0":"post-56609","1":"product","2":"type-product","3":"status-publish","4":"has-post-thumbnail","6":"product_cat-ate-embaixo-dagua","7":"product_cat-maria-margarida","8":"product_cat-po","9":"product_cat-rosto","10":"product_tag-a-prova-dagua","11":"product_tag-aveludado","12":"product_tag-maria-margarida","13":"product_tag-matte","14":"product_tag-pele","15":"pa_cor-01-bege-clarissimo-claro-neutro","16":"pa_cor-02-bege-claro-rosado","17":"pa_cor-03-bege-claro-medio-amarelado","18":"pa_cor-04-bege-medio-neutro","19":"pa_cor-05-bege-medio-escuro-alaranjado","20":"pa_cor-06-bege-escuro-neutro","21":"woo-feed-brand-maria-margarida","22":"yith_product_brand-maria-margarida","24":"first","25":"instock","26":"featured","27":"shipping-taxable","28":"purchasable","29":"product-type-variable"},"yoast_head":"<!-- This site is optimized with the Yoast SEO plugin v27.3 - https:\/\/yoast.com\/product\/yoast-seo-wordpress\/ -->\n<title>P\u00f3 Hidratante de Tapioca Maria Margarida - Loja DB Makeup<\/title>\n<meta name=\"description\" content=\"P\u00f3 Hidratante de Tapioca da Maria Margarida \u00e9 ultra fino, diminui apar\u00eancia de olheiras, n\u00e3o marca as linhas de express\u00e3o, d\u00e1 resist\u00eancia e \u00e9 \u00e0 prova d\u00e1gua.\" \/>\n<meta name=\"robots\" content=\"index, follow, max-snippet:-1, max-image-preview:large, max-video-preview:-1\" \/>\n<link rel=\"canonical\" href=\"https:\/\/daniellebeatrizmakeup.com.br\/loja\/po-hidratante-de-tapioca-maria-margarida\/\" \/>\n<meta property=\"og:locale\" content=\"pt_BR\" \/>\n<meta property=\"og:type\" content=\"article\" \/>\n<meta property=\"og:title\" content=\"P\u00f3 Hidratante de Tapioca Maria Margarida - Loja DB Makeup\" \/>\n<meta property=\"og:description\" content=\"P\u00f3 Hidratante de Tapioca da Maria Margarida \u00e9 ultra fino, diminui apar\u00eancia de olheiras, n\u00e3o marca as linhas de express\u00e3o, d\u00e1 resist\u00eancia e \u00e9 \u00e0 prova d\u00e1gua.\" \/>\n<meta property=\"og:url\" content=\"https:\/\/daniellebeatrizmakeup.com.br\/loja\/po-hidratante-de-tapioca-maria-margarida\/\" \/>\n<meta property=\"og:site_name\" content=\"Loja DB Makeup\" \/>\n<meta property=\"article:publisher\" content=\"https:\/\/www.facebook.com\/daniellebeatrizmakeup\" \/>\n<meta property=\"article:modified_time\" content=\"2026-01-06T18:13:27+00:00\" \/>\n<meta property=\"og:image\" content=\"https:\/\/daniellebeatrizmakeup.com.br\/loja\/wp-content\/uploads\/2023\/05\/po-hidratante-de-tapioca-maria-margarida-db-makeup-scaled.jpg\" \/>\n\t<meta property=\"og:image:width\" content=\"1920\" \/>\n\t<meta property=\"og:image:height\" content=\"2560\" \/>\n\t<meta property=\"og:image:type\" content=\"image\/jpeg\" \/>\n<meta name=\"twitter:card\" content=\"summary_large_image\" \/>\n<meta name=\"twitter:site\" content=\"@danibetriz\" \/>\n<meta name=\"twitter:label1\" content=\"Est. tempo de leitura\" \/>\n\t<meta name=\"twitter:data1\" content=\"2 minutos\" \/>\n<script type=\"application\/ld+json\" class=\"yoast-schema-graph\">{\"@context\":\"https:\\\/\\\/schema.org\",\"@graph\":[{\"@type\":\"WebPage\",\"@id\":\"https:\\\/\\\/daniellebeatrizmakeup.com.br\\\/loja\\\/po-hidratante-de-tapioca-maria-margarida\\\/\",\"url\":\"https:\\\/\\\/daniellebeatrizmakeup.com.br\\\/loja\\\/po-hidratante-de-tapioca-maria-margarida\\\/\",\"name\":\"P\u00f3 Hidratante de Tapioca Maria Margarida - Loja DB Makeup\",\"isPartOf\":{\"@id\":\"https:\\\/\\\/daniellebeatrizmakeup.com.br\\\/loja\\\/#website\"},\"primaryImageOfPage\":{\"@id\":\"https:\\\/\\\/daniellebeatrizmakeup.com.br\\\/loja\\\/po-hidratante-de-tapioca-maria-margarida\\\/#primaryimage\"},\"image\":{\"@id\":\"https:\\\/\\\/daniellebeatrizmakeup.com.br\\\/loja\\\/po-hidratante-de-tapioca-maria-margarida\\\/#primaryimage\"},\"thumbnailUrl\":\"https:\\\/\\\/daniellebeatrizmakeup.com.br\\\/loja\\\/wp-content\\\/uploads\\\/2023\\\/05\\\/po-hidratante-de-tapioca-maria-margarida-db-makeup-scaled.jpg\",\"datePublished\":\"2023-05-22T19:00:59+00:00\",\"dateModified\":\"2026-01-06T18:13:27+00:00\",\"description\":\"P\u00f3 Hidratante de Tapioca da Maria Margarida \u00e9 ultra fino, diminui apar\u00eancia de olheiras, n\u00e3o marca as linhas de express\u00e3o, d\u00e1 resist\u00eancia e \u00e9 \u00e0 prova d\u00e1gua.\",\"breadcrumb\":{\"@id\":\"https:\\\/\\\/daniellebeatrizmakeup.com.br\\\/loja\\\/po-hidratante-de-tapioca-maria-margarida\\\/#breadcrumb\"},\"inLanguage\":\"pt-BR\",\"potentialAction\":[{\"@type\":\"ReadAction\",\"target\":[\"https:\\\/\\\/daniellebeatrizmakeup.com.br\\\/loja\\\/po-hidratante-de-tapioca-maria-margarida\\\/\"]}]},{\"@type\":\"ImageObject\",\"inLanguage\":\"pt-BR\",\"@id\":\"https:\\\/\\\/daniellebeatrizmakeup.com.br\\\/loja\\\/po-hidratante-de-tapioca-maria-margarida\\\/#primaryimage\",\"url\":\"https:\\\/\\\/daniellebeatrizmakeup.com.br\\\/loja\\\/wp-content\\\/uploads\\\/2023\\\/05\\\/po-hidratante-de-tapioca-maria-margarida-db-makeup-scaled.jpg\",\"contentUrl\":\"https:\\\/\\\/daniellebeatrizmakeup.com.br\\\/loja\\\/wp-content\\\/uploads\\\/2023\\\/05\\\/po-hidratante-de-tapioca-maria-margarida-db-makeup-scaled.jpg\",\"width\":1920,\"height\":2560,\"caption\":\"P\u00f3 Hidratante de Tapioca At\u00e9 Embaixo D'\u00e1gua Maria Margarida\"},{\"@type\":\"BreadcrumbList\",\"@id\":\"https:\\\/\\\/daniellebeatrizmakeup.com.br\\\/loja\\\/po-hidratante-de-tapioca-maria-margarida\\\/#breadcrumb\",\"itemListElement\":[{\"@type\":\"ListItem\",\"position\":1,\"name\":\"In\u00edcio\",\"item\":\"https:\\\/\\\/daniellebeatrizmakeup.com.br\\\/loja\\\/\"},{\"@type\":\"ListItem\",\"position\":2,\"name\":\"Todos\",\"item\":\"https:\\\/\\\/daniellebeatrizmakeup.com.br\\\/loja\\\/todos\\\/\"},{\"@type\":\"ListItem\",\"position\":3,\"name\":\"P\u00f3 Hidratante de Tapioca Maria Margarida\"}]},{\"@type\":\"WebSite\",\"@id\":\"https:\\\/\\\/daniellebeatrizmakeup.com.br\\\/loja\\\/#website\",\"url\":\"https:\\\/\\\/daniellebeatrizmakeup.com.br\\\/loja\\\/\",\"name\":\"Loja DB Makeup\",\"description\":\"A melhor loja de maquiagem para real\u00e7ar a sua beleza\",\"publisher\":{\"@id\":\"https:\\\/\\\/daniellebeatrizmakeup.com.br\\\/loja\\\/#organization\"},\"potentialAction\":[{\"@type\":\"SearchAction\",\"target\":{\"@type\":\"EntryPoint\",\"urlTemplate\":\"https:\\\/\\\/daniellebeatrizmakeup.com.br\\\/loja\\\/?s={search_term_string}\"},\"query-input\":{\"@type\":\"PropertyValueSpecification\",\"valueRequired\":true,\"valueName\":\"search_term_string\"}}],\"inLanguage\":\"pt-BR\"},{\"@type\":\"Organization\",\"@id\":\"https:\\\/\\\/daniellebeatrizmakeup.com.br\\\/loja\\\/#organization\",\"name\":\"Danielle Beatriz Makeup\",\"url\":\"https:\\\/\\\/daniellebeatrizmakeup.com.br\\\/loja\\\/\",\"logo\":{\"@type\":\"ImageObject\",\"inLanguage\":\"pt-BR\",\"@id\":\"https:\\\/\\\/daniellebeatrizmakeup.com.br\\\/loja\\\/#\\\/schema\\\/logo\\\/image\\\/\",\"url\":\"https:\\\/\\\/daniellebeatrizmakeup.com.br\\\/loja\\\/wp-content\\\/uploads\\\/2020\\\/10\\\/logo-loja-db-makeup.png\",\"contentUrl\":\"https:\\\/\\\/daniellebeatrizmakeup.com.br\\\/loja\\\/wp-content\\\/uploads\\\/2020\\\/10\\\/logo-loja-db-makeup.png\",\"width\":500,\"height\":110,\"caption\":\"Danielle Beatriz Makeup\"},\"image\":{\"@id\":\"https:\\\/\\\/daniellebeatrizmakeup.com.br\\\/loja\\\/#\\\/schema\\\/logo\\\/image\\\/\"},\"sameAs\":[\"https:\\\/\\\/www.facebook.com\\\/daniellebeatrizmakeup\",\"https:\\\/\\\/x.com\\\/danibetriz\",\"https:\\\/\\\/www.instagram.com\\\/daniellebeatrizmakeup\",\"https:\\\/\\\/pinterest.com\\\/daniellebeatrizmakeup\",\"https:\\\/\\\/www.youtube.com\\\/DanielleBeatriz\"]}]}<\/script>\n<!-- \/ Yoast SEO plugin. -->","yoast_head_json":{"title":"P\u00f3 Hidratante de Tapioca Maria Margarida - Loja DB Makeup","description":"P\u00f3 Hidratante de Tapioca da Maria Margarida \u00e9 ultra fino, diminui apar\u00eancia de olheiras, n\u00e3o marca as linhas de express\u00e3o, d\u00e1 resist\u00eancia e \u00e9 \u00e0 prova d\u00e1gua.","robots":{"index":"index","follow":"follow","max-snippet":"max-snippet:-1","max-image-preview":"max-image-preview:large","max-video-preview":"max-video-preview:-1"},"canonical":"https:\/\/daniellebeatrizmakeup.com.br\/loja\/po-hidratante-de-tapioca-maria-margarida\/","og_locale":"pt_BR","og_type":"article","og_title":"P\u00f3 Hidratante de Tapioca Maria Margarida - Loja DB Makeup","og_description":"P\u00f3 Hidratante de Tapioca da Maria Margarida \u00e9 ultra fino, diminui apar\u00eancia de olheiras, n\u00e3o marca as linhas de express\u00e3o, d\u00e1 resist\u00eancia e \u00e9 \u00e0 prova d\u00e1gua.","og_url":"https:\/\/daniellebeatrizmakeup.com.br\/loja\/po-hidratante-de-tapioca-maria-margarida\/","og_site_name":"Loja DB Makeup","article_publisher":"https:\/\/www.facebook.com\/daniellebeatrizmakeup","article_modified_time":"2026-01-06T18:13:27+00:00","og_image":[{"width":1920,"height":2560,"url":"https:\/\/daniellebeatrizmakeup.com.br\/loja\/wp-content\/uploads\/2023\/05\/po-hidratante-de-tapioca-maria-margarida-db-makeup-scaled.jpg","type":"image\/jpeg"}],"twitter_card":"summary_large_image","twitter_site":"@danibetriz","twitter_misc":{"Est. tempo de leitura":"2 minutos"},"schema":{"@context":"https:\/\/schema.org","@graph":[{"@type":"WebPage","@id":"https:\/\/daniellebeatrizmakeup.com.br\/loja\/po-hidratante-de-tapioca-maria-margarida\/","url":"https:\/\/daniellebeatrizmakeup.com.br\/loja\/po-hidratante-de-tapioca-maria-margarida\/","name":"P\u00f3 Hidratante de Tapioca Maria Margarida - Loja DB Makeup","isPartOf":{"@id":"https:\/\/daniellebeatrizmakeup.com.br\/loja\/#website"},"primaryImageOfPage":{"@id":"https:\/\/daniellebeatrizmakeup.com.br\/loja\/po-hidratante-de-tapioca-maria-margarida\/#primaryimage"},"image":{"@id":"https:\/\/daniellebeatrizmakeup.com.br\/loja\/po-hidratante-de-tapioca-maria-margarida\/#primaryimage"},"thumbnailUrl":"https:\/\/daniellebeatrizmakeup.com.br\/loja\/wp-content\/uploads\/2023\/05\/po-hidratante-de-tapioca-maria-margarida-db-makeup-scaled.jpg","datePublished":"2023-05-22T19:00:59+00:00","dateModified":"2026-01-06T18:13:27+00:00","description":"P\u00f3 Hidratante de Tapioca da Maria Margarida \u00e9 ultra fino, diminui apar\u00eancia de olheiras, n\u00e3o marca as linhas de express\u00e3o, d\u00e1 resist\u00eancia e \u00e9 \u00e0 prova d\u00e1gua.","breadcrumb":{"@id":"https:\/\/daniellebeatrizmakeup.com.br\/loja\/po-hidratante-de-tapioca-maria-margarida\/#breadcrumb"},"inLanguage":"pt-BR","potentialAction":[{"@type":"ReadAction","target":["https:\/\/daniellebeatrizmakeup.com.br\/loja\/po-hidratante-de-tapioca-maria-margarida\/"]}]},{"@type":"ImageObject","inLanguage":"pt-BR","@id":"https:\/\/daniellebeatrizmakeup.com.br\/loja\/po-hidratante-de-tapioca-maria-margarida\/#primaryimage","url":"https:\/\/daniellebeatrizmakeup.com.br\/loja\/wp-content\/uploads\/2023\/05\/po-hidratante-de-tapioca-maria-margarida-db-makeup-scaled.jpg","contentUrl":"https:\/\/daniellebeatrizmakeup.com.br\/loja\/wp-content\/uploads\/2023\/05\/po-hidratante-de-tapioca-maria-margarida-db-makeup-scaled.jpg","width":1920,"height":2560,"caption":"P\u00f3 Hidratante de Tapioca At\u00e9 Embaixo D'\u00e1gua Maria Margarida"},{"@type":"BreadcrumbList","@id":"https:\/\/daniellebeatrizmakeup.com.br\/loja\/po-hidratante-de-tapioca-maria-margarida\/#breadcrumb","itemListElement":[{"@type":"ListItem","position":1,"name":"In\u00edcio","item":"https:\/\/daniellebeatrizmakeup.com.br\/loja\/"},{"@type":"ListItem","position":2,"name":"Todos","item":"https:\/\/daniellebeatrizmakeup.com.br\/loja\/todos\/"},{"@type":"ListItem","position":3,"name":"P\u00f3 Hidratante de Tapioca Maria Margarida"}]},{"@type":"WebSite","@id":"https:\/\/daniellebeatrizmakeup.com.br\/loja\/#website","url":"https:\/\/daniellebeatrizmakeup.com.br\/loja\/","name":"Loja DB Makeup","description":"A melhor loja de maquiagem para real\u00e7ar a sua beleza","publisher":{"@id":"https:\/\/daniellebeatrizmakeup.com.br\/loja\/#organization"},"potentialAction":[{"@type":"SearchAction","target":{"@type":"EntryPoint","urlTemplate":"https:\/\/daniellebeatrizmakeup.com.br\/loja\/?s={search_term_string}"},"query-input":{"@type":"PropertyValueSpecification","valueRequired":true,"valueName":"search_term_string"}}],"inLanguage":"pt-BR"},{"@type":"Organization","@id":"https:\/\/daniellebeatrizmakeup.com.br\/loja\/#organization","name":"Danielle Beatriz Makeup","url":"https:\/\/daniellebeatrizmakeup.com.br\/loja\/","logo":{"@type":"ImageObject","inLanguage":"pt-BR","@id":"https:\/\/daniellebeatrizmakeup.com.br\/loja\/#\/schema\/logo\/image\/","url":"https:\/\/daniellebeatrizmakeup.com.br\/loja\/wp-content\/uploads\/2020\/10\/logo-loja-db-makeup.png","contentUrl":"https:\/\/daniellebeatrizmakeup.com.br\/loja\/wp-content\/uploads\/2020\/10\/logo-loja-db-makeup.png","width":500,"height":110,"caption":"Danielle Beatriz Makeup"},"image":{"@id":"https:\/\/daniellebeatrizmakeup.com.br\/loja\/#\/schema\/logo\/image\/"},"sameAs":["https:\/\/www.facebook.com\/daniellebeatrizmakeup","https:\/\/x.com\/danibetriz","https:\/\/www.instagram.com\/daniellebeatrizmakeup","https:\/\/pinterest.com\/daniellebeatrizmakeup","https:\/\/www.youtube.com\/DanielleBeatriz"]}]}},"jetpack_sharing_enabled":true,"_links":{"self":[{"href":"https:\/\/daniellebeatrizmakeup.com.br\/loja\/wp-json\/wp\/v2\/product\/56609","targetHints":{"allow":["GET"]}}],"collection":[{"href":"https:\/\/daniellebeatrizmakeup.com.br\/loja\/wp-json\/wp\/v2\/product"}],"about":[{"href":"https:\/\/daniellebeatrizmakeup.com.br\/loja\/wp-json\/wp\/v2\/types\/product"}],"replies":[{"embeddable":true,"href":"https:\/\/daniellebeatrizmakeup.com.br\/loja\/wp-json\/wp\/v2\/comments?post=56609"}],"version-history":[{"count":5,"href":"https:\/\/daniellebeatrizmakeup.com.br\/loja\/wp-json\/wp\/v2\/product\/56609\/revisions"}],"predecessor-version":[{"id":58167,"href":"https:\/\/daniellebeatrizmakeup.com.br\/loja\/wp-json\/wp\/v2\/product\/56609\/revisions\/58167"}],"wp:featuredmedia":[{"embeddable":true,"href":"https:\/\/daniellebeatrizmakeup.com.br\/loja\/wp-json\/wp\/v2\/media\/56632"}],"wp:attachment":[{"href":"https:\/\/daniellebeatrizmakeup.com.br\/loja\/wp-json\/wp\/v2\/media?parent=56609"}],"wp:term":[{"taxonomy":"product_brand","embeddable":true,"href":"https:\/\/daniellebeatrizmakeup.com.br\/loja\/wp-json\/wp\/v2\/product_brand?post=56609"},{"taxonomy":"product_cat","embeddable":true,"href":"https:\/\/daniellebeatrizmakeup.com.br\/loja\/wp-json\/wp\/v2\/product_cat?post=56609"},{"taxonomy":"product_tag","embeddable":true,"href":"https:\/\/daniellebeatrizmakeup.com.br\/loja\/wp-json\/wp\/v2\/product_tag?post=56609"},{"taxonomy":"woo-feed-brand","embeddable":true,"href":"https:\/\/daniellebeatrizmakeup.com.br\/loja\/wp-json\/wp\/v2\/woo-feed-brand?post=56609"}],"curies":[{"name":"wp","href":"https:\/\/api.w.org\/{rel}","templated":true}]}}