{"id":55987,"date":"2023-03-09T19:02:54","date_gmt":"2023-03-09T22:02:54","guid":{"rendered":"https:\/\/daniellebeatrizmakeup.com.br\/loja\/?post_type=product&#038;p=55987"},"modified":"2024-12-03T00:00:17","modified_gmt":"2024-12-03T03:00:17","slug":"grampo-flor-de-cerejeira-db-makeup","status":"publish","type":"product","link":"https:\/\/daniellebeatrizmakeup.com.br\/loja\/grampo-flor-de-cerejeira-db-makeup\/","title":{"rendered":"Grampo Flor de Cerejeira DB Makeup"},"content":{"rendered":"<p>O Grampo Flor de Cerejeira da DB Makeup foi especialmente desenvolvido para as noivas rom\u00e2nticas que procuram um arranjo de cabelo \u00fanico e delicado para o seu grande dia. Feito artesanalmente com uma flor de cerejeira de organza no centro, ramos de p\u00e9rolas e mi\u00e7angas, e um grampo para fixar no cabelo. <span>Combina com penteados presos e semi presos.<\/span><\/p>\n<h2>Simbologia dos elementos do Grampo Flor de Cerejeira DB Makeup<\/h2>\n<ul>\n<li>A flor de cerejeira representa beleza, feminilidade, amor, felicidade, renova\u00e7\u00e3o e esperan\u00e7a. Ap\u00f3s florescer, a flor de cerejeira dura at\u00e9 3 dias e, por isso, tamb\u00e9m representa a import\u00e2ncia de desfrutar cada momento da vida.<\/li>\n<li><span style=\"font-weight: 400;\">A p\u00e9rola representa feminilidade, criatividade e pureza, al\u00e9m de nunca sair de moda.<\/span><\/li>\n<\/ul>\n<h2>Medidas do Grampo Flor de Cerejeira DB Makeup<\/h2>\n<p>Essa \u00e9 uma pe\u00e7a male\u00e1vel, ent\u00e3o voc\u00ea pode movimentar e regular como preferir.<\/p>\n<p><span>Comprimento x Largura x Altura: 9 x 3 x 1,5<\/span><span>\u00a0cm.<\/span><\/p>\n<p><strong>Obs.:<\/strong> Estaremos atentos quanto as medidas estabelecidas aqui, por\u00e9m por ser um trabalho feio \u00e0 m\u00e3o, os tamanhos podem sofrer m\u00ednimas diferen\u00e7as.<\/p>\n<h2>Materiais<\/h2>\n<p><span style=\"font-weight: 400;\">Utilizamos materiais de qualidade para a confec\u00e7\u00e3o das nossas grinaldas. Nossos arames s\u00e3o folheados, possuem alta durabilidade e n\u00e3o escurecem facilmente.<\/span><\/p>\n<h2>Aceitamos encomendas<\/h2>\n<ul>\n<li>Pedimos 15 dias para a confec\u00e7\u00e3o das pe\u00e7as feitas por encomenda. Em caso de urg\u00eancia, entre em contato pelo nosso WhatsApp para verificarmos a possibilidade de confec\u00e7\u00e3o em menos tempo. Queremos estar presentes no seu grande dia! (31) 99786-3165<\/li>\n<\/ul>\n<h2>Grinaldas e Arranjos de Cabelo da DB Makeup<\/h2>\n<p>A <a href=\"https:\/\/daniellebeatrizmakeup.com.br\/\">Danielle Beatriz Makeup<\/a> nasceu a partir de um sonho, proporcionar a beleza ideal para o seu dia a dia e para os momentos especiais da vida. Como maquiadora e penteadora, enquanto atendia minhas clientes, vi a necessidade de ter arranjos de cabelo para eventos memor\u00e1veis. Minha m\u00e3e, <a href=\"https:\/\/www.instagram.com\/maryarteflores\/\">Dulce Maria<\/a>, tamb\u00e9m sendo uma artista e muito criativa, com toda sua experi\u00eancia em trabalhos artesanais e flores artificiais, embarcou nessa jornada comigo. Todos os nossos arranjos s\u00e3o feitos \u00e0 m\u00e3o, por minha querida m\u00e3e, com muito carinho para o seu momento mais especial.<\/p>\n","protected":false},"excerpt":{"rendered":"<p><span>O Grampo Flor de Cerejeira da DB Makeup foi especialmente desenvolvido para as noivas rom\u00e2nticas que procuram um arranjo de cabelo \u00fanico e delicado para o seu grande dia. Feito artesanalmente com uma flor de cerejeira de organza no centro, ramos de p\u00e9rolas e mi\u00e7angas, e um grampo para fixar no cabelo. Combina com penteados presos e semi presos. Medidas (C x L x A): 9 x 3 x 1,5 cm. Confec\u00e7\u00e3o pr\u00f3pria.<\/span><\/p>\n","protected":false},"featured_media":56121,"comment_status":"open","ping_status":"closed","template":"","meta":{"_mbp_gutenberg_autopost":false},"product_brand":[],"product_cat":[81,726,738],"product_tag":[797],"woo-feed-brand":[],"class_list":{"0":"post-55987","1":"product","2":"type-product","3":"status-publish","4":"has-post-thumbnail","6":"product_cat-acessorios","7":"product_cat-db-makeup","8":"product_cat-grinalda","9":"product_tag-db-makeup","10":"yith_product_brand-db-makeup","12":"first","13":"instock","14":"shipping-taxable","15":"purchasable","16":"product-type-simple"},"yoast_head":"<!-- This site is optimized with the Yoast SEO plugin v27.3 - https:\/\/yoast.com\/product\/yoast-seo-wordpress\/ -->\n<title>Grampo Flor de Cerejeira DB Makeup - Loja DB Makeup<\/title>\n<meta name=\"description\" content=\"O Grampo Flor de Cerejeira da DB Makeup \u00e9 para as noivas rom\u00e2nticas que procuram um arranjo de cabelo \u00fanico e delicado para o seu grande dia. Feito \u00e0 m\u00e3o.\" \/>\n<meta name=\"robots\" content=\"index, follow, max-snippet:-1, max-image-preview:large, max-video-preview:-1\" \/>\n<link rel=\"canonical\" href=\"https:\/\/daniellebeatrizmakeup.com.br\/loja\/grampo-flor-de-cerejeira-db-makeup\/\" \/>\n<meta property=\"og:locale\" content=\"pt_BR\" \/>\n<meta property=\"og:type\" content=\"article\" \/>\n<meta property=\"og:title\" content=\"Grampo Flor de Cerejeira DB Makeup - Loja DB Makeup\" \/>\n<meta property=\"og:description\" content=\"O Grampo Flor de Cerejeira da DB Makeup \u00e9 para as noivas rom\u00e2nticas que procuram um arranjo de cabelo \u00fanico e delicado para o seu grande dia. Feito \u00e0 m\u00e3o.\" \/>\n<meta property=\"og:url\" content=\"https:\/\/daniellebeatrizmakeup.com.br\/loja\/grampo-flor-de-cerejeira-db-makeup\/\" \/>\n<meta property=\"og:site_name\" content=\"Loja DB Makeup\" \/>\n<meta property=\"article:publisher\" content=\"https:\/\/www.facebook.com\/daniellebeatrizmakeup\" \/>\n<meta property=\"article:modified_time\" content=\"2024-12-03T03:00:17+00:00\" \/>\n<meta property=\"og:image\" content=\"https:\/\/daniellebeatrizmakeup.com.br\/loja\/wp-content\/uploads\/2023\/03\/grampo-flor-de-cerejeira-db-makeup-6-scaled.jpg\" \/>\n\t<meta property=\"og:image:width\" content=\"1920\" \/>\n\t<meta property=\"og:image:height\" content=\"2560\" \/>\n\t<meta property=\"og:image:type\" content=\"image\/jpeg\" \/>\n<meta name=\"twitter:card\" content=\"summary_large_image\" \/>\n<meta name=\"twitter:site\" content=\"@danibetriz\" \/>\n<meta name=\"twitter:label1\" content=\"Est. tempo de leitura\" \/>\n\t<meta name=\"twitter:data1\" content=\"2 minutos\" \/>\n<script type=\"application\/ld+json\" class=\"yoast-schema-graph\">{\"@context\":\"https:\\\/\\\/schema.org\",\"@graph\":[{\"@type\":\"WebPage\",\"@id\":\"https:\\\/\\\/daniellebeatrizmakeup.com.br\\\/loja\\\/grampo-flor-de-cerejeira-db-makeup\\\/\",\"url\":\"https:\\\/\\\/daniellebeatrizmakeup.com.br\\\/loja\\\/grampo-flor-de-cerejeira-db-makeup\\\/\",\"name\":\"Grampo Flor de Cerejeira DB Makeup - Loja DB Makeup\",\"isPartOf\":{\"@id\":\"https:\\\/\\\/daniellebeatrizmakeup.com.br\\\/loja\\\/#website\"},\"primaryImageOfPage\":{\"@id\":\"https:\\\/\\\/daniellebeatrizmakeup.com.br\\\/loja\\\/grampo-flor-de-cerejeira-db-makeup\\\/#primaryimage\"},\"image\":{\"@id\":\"https:\\\/\\\/daniellebeatrizmakeup.com.br\\\/loja\\\/grampo-flor-de-cerejeira-db-makeup\\\/#primaryimage\"},\"thumbnailUrl\":\"https:\\\/\\\/daniellebeatrizmakeup.com.br\\\/loja\\\/wp-content\\\/uploads\\\/2023\\\/03\\\/grampo-flor-de-cerejeira-db-makeup-6-scaled.jpg\",\"datePublished\":\"2023-03-09T22:02:54+00:00\",\"dateModified\":\"2024-12-03T03:00:17+00:00\",\"description\":\"O Grampo Flor de Cerejeira da DB Makeup \u00e9 para as noivas rom\u00e2nticas que procuram um arranjo de cabelo \u00fanico e delicado para o seu grande dia. Feito \u00e0 m\u00e3o.\",\"breadcrumb\":{\"@id\":\"https:\\\/\\\/daniellebeatrizmakeup.com.br\\\/loja\\\/grampo-flor-de-cerejeira-db-makeup\\\/#breadcrumb\"},\"inLanguage\":\"pt-BR\",\"potentialAction\":[{\"@type\":\"ReadAction\",\"target\":[\"https:\\\/\\\/daniellebeatrizmakeup.com.br\\\/loja\\\/grampo-flor-de-cerejeira-db-makeup\\\/\"]}]},{\"@type\":\"ImageObject\",\"inLanguage\":\"pt-BR\",\"@id\":\"https:\\\/\\\/daniellebeatrizmakeup.com.br\\\/loja\\\/grampo-flor-de-cerejeira-db-makeup\\\/#primaryimage\",\"url\":\"https:\\\/\\\/daniellebeatrizmakeup.com.br\\\/loja\\\/wp-content\\\/uploads\\\/2023\\\/03\\\/grampo-flor-de-cerejeira-db-makeup-6-scaled.jpg\",\"contentUrl\":\"https:\\\/\\\/daniellebeatrizmakeup.com.br\\\/loja\\\/wp-content\\\/uploads\\\/2023\\\/03\\\/grampo-flor-de-cerejeira-db-makeup-6-scaled.jpg\",\"width\":1920,\"height\":2560,\"caption\":\"Grampo Flor de Cerejeira DB Makeup\"},{\"@type\":\"BreadcrumbList\",\"@id\":\"https:\\\/\\\/daniellebeatrizmakeup.com.br\\\/loja\\\/grampo-flor-de-cerejeira-db-makeup\\\/#breadcrumb\",\"itemListElement\":[{\"@type\":\"ListItem\",\"position\":1,\"name\":\"In\u00edcio\",\"item\":\"https:\\\/\\\/daniellebeatrizmakeup.com.br\\\/loja\\\/\"},{\"@type\":\"ListItem\",\"position\":2,\"name\":\"Todos\",\"item\":\"https:\\\/\\\/daniellebeatrizmakeup.com.br\\\/loja\\\/todos\\\/\"},{\"@type\":\"ListItem\",\"position\":3,\"name\":\"Grampo Flor de Cerejeira DB Makeup\"}]},{\"@type\":\"WebSite\",\"@id\":\"https:\\\/\\\/daniellebeatrizmakeup.com.br\\\/loja\\\/#website\",\"url\":\"https:\\\/\\\/daniellebeatrizmakeup.com.br\\\/loja\\\/\",\"name\":\"Loja DB Makeup\",\"description\":\"A melhor loja de maquiagem para real\u00e7ar a sua beleza\",\"publisher\":{\"@id\":\"https:\\\/\\\/daniellebeatrizmakeup.com.br\\\/loja\\\/#organization\"},\"potentialAction\":[{\"@type\":\"SearchAction\",\"target\":{\"@type\":\"EntryPoint\",\"urlTemplate\":\"https:\\\/\\\/daniellebeatrizmakeup.com.br\\\/loja\\\/?s={search_term_string}\"},\"query-input\":{\"@type\":\"PropertyValueSpecification\",\"valueRequired\":true,\"valueName\":\"search_term_string\"}}],\"inLanguage\":\"pt-BR\"},{\"@type\":\"Organization\",\"@id\":\"https:\\\/\\\/daniellebeatrizmakeup.com.br\\\/loja\\\/#organization\",\"name\":\"Danielle Beatriz Makeup\",\"url\":\"https:\\\/\\\/daniellebeatrizmakeup.com.br\\\/loja\\\/\",\"logo\":{\"@type\":\"ImageObject\",\"inLanguage\":\"pt-BR\",\"@id\":\"https:\\\/\\\/daniellebeatrizmakeup.com.br\\\/loja\\\/#\\\/schema\\\/logo\\\/image\\\/\",\"url\":\"https:\\\/\\\/daniellebeatrizmakeup.com.br\\\/loja\\\/wp-content\\\/uploads\\\/2020\\\/10\\\/logo-loja-db-makeup.png\",\"contentUrl\":\"https:\\\/\\\/daniellebeatrizmakeup.com.br\\\/loja\\\/wp-content\\\/uploads\\\/2020\\\/10\\\/logo-loja-db-makeup.png\",\"width\":500,\"height\":110,\"caption\":\"Danielle Beatriz Makeup\"},\"image\":{\"@id\":\"https:\\\/\\\/daniellebeatrizmakeup.com.br\\\/loja\\\/#\\\/schema\\\/logo\\\/image\\\/\"},\"sameAs\":[\"https:\\\/\\\/www.facebook.com\\\/daniellebeatrizmakeup\",\"https:\\\/\\\/x.com\\\/danibetriz\",\"https:\\\/\\\/www.instagram.com\\\/daniellebeatrizmakeup\",\"https:\\\/\\\/pinterest.com\\\/daniellebeatrizmakeup\",\"https:\\\/\\\/www.youtube.com\\\/DanielleBeatriz\"]}]}<\/script>\n<!-- \/ Yoast SEO plugin. -->","yoast_head_json":{"title":"Grampo Flor de Cerejeira DB Makeup - Loja DB Makeup","description":"O Grampo Flor de Cerejeira da DB Makeup \u00e9 para as noivas rom\u00e2nticas que procuram um arranjo de cabelo \u00fanico e delicado para o seu grande dia. Feito \u00e0 m\u00e3o.","robots":{"index":"index","follow":"follow","max-snippet":"max-snippet:-1","max-image-preview":"max-image-preview:large","max-video-preview":"max-video-preview:-1"},"canonical":"https:\/\/daniellebeatrizmakeup.com.br\/loja\/grampo-flor-de-cerejeira-db-makeup\/","og_locale":"pt_BR","og_type":"article","og_title":"Grampo Flor de Cerejeira DB Makeup - Loja DB Makeup","og_description":"O Grampo Flor de Cerejeira da DB Makeup \u00e9 para as noivas rom\u00e2nticas que procuram um arranjo de cabelo \u00fanico e delicado para o seu grande dia. Feito \u00e0 m\u00e3o.","og_url":"https:\/\/daniellebeatrizmakeup.com.br\/loja\/grampo-flor-de-cerejeira-db-makeup\/","og_site_name":"Loja DB Makeup","article_publisher":"https:\/\/www.facebook.com\/daniellebeatrizmakeup","article_modified_time":"2024-12-03T03:00:17+00:00","og_image":[{"width":1920,"height":2560,"url":"https:\/\/daniellebeatrizmakeup.com.br\/loja\/wp-content\/uploads\/2023\/03\/grampo-flor-de-cerejeira-db-makeup-6-scaled.jpg","type":"image\/jpeg"}],"twitter_card":"summary_large_image","twitter_site":"@danibetriz","twitter_misc":{"Est. tempo de leitura":"2 minutos"},"schema":{"@context":"https:\/\/schema.org","@graph":[{"@type":"WebPage","@id":"https:\/\/daniellebeatrizmakeup.com.br\/loja\/grampo-flor-de-cerejeira-db-makeup\/","url":"https:\/\/daniellebeatrizmakeup.com.br\/loja\/grampo-flor-de-cerejeira-db-makeup\/","name":"Grampo Flor de Cerejeira DB Makeup - Loja DB Makeup","isPartOf":{"@id":"https:\/\/daniellebeatrizmakeup.com.br\/loja\/#website"},"primaryImageOfPage":{"@id":"https:\/\/daniellebeatrizmakeup.com.br\/loja\/grampo-flor-de-cerejeira-db-makeup\/#primaryimage"},"image":{"@id":"https:\/\/daniellebeatrizmakeup.com.br\/loja\/grampo-flor-de-cerejeira-db-makeup\/#primaryimage"},"thumbnailUrl":"https:\/\/daniellebeatrizmakeup.com.br\/loja\/wp-content\/uploads\/2023\/03\/grampo-flor-de-cerejeira-db-makeup-6-scaled.jpg","datePublished":"2023-03-09T22:02:54+00:00","dateModified":"2024-12-03T03:00:17+00:00","description":"O Grampo Flor de Cerejeira da DB Makeup \u00e9 para as noivas rom\u00e2nticas que procuram um arranjo de cabelo \u00fanico e delicado para o seu grande dia. Feito \u00e0 m\u00e3o.","breadcrumb":{"@id":"https:\/\/daniellebeatrizmakeup.com.br\/loja\/grampo-flor-de-cerejeira-db-makeup\/#breadcrumb"},"inLanguage":"pt-BR","potentialAction":[{"@type":"ReadAction","target":["https:\/\/daniellebeatrizmakeup.com.br\/loja\/grampo-flor-de-cerejeira-db-makeup\/"]}]},{"@type":"ImageObject","inLanguage":"pt-BR","@id":"https:\/\/daniellebeatrizmakeup.com.br\/loja\/grampo-flor-de-cerejeira-db-makeup\/#primaryimage","url":"https:\/\/daniellebeatrizmakeup.com.br\/loja\/wp-content\/uploads\/2023\/03\/grampo-flor-de-cerejeira-db-makeup-6-scaled.jpg","contentUrl":"https:\/\/daniellebeatrizmakeup.com.br\/loja\/wp-content\/uploads\/2023\/03\/grampo-flor-de-cerejeira-db-makeup-6-scaled.jpg","width":1920,"height":2560,"caption":"Grampo Flor de Cerejeira DB Makeup"},{"@type":"BreadcrumbList","@id":"https:\/\/daniellebeatrizmakeup.com.br\/loja\/grampo-flor-de-cerejeira-db-makeup\/#breadcrumb","itemListElement":[{"@type":"ListItem","position":1,"name":"In\u00edcio","item":"https:\/\/daniellebeatrizmakeup.com.br\/loja\/"},{"@type":"ListItem","position":2,"name":"Todos","item":"https:\/\/daniellebeatrizmakeup.com.br\/loja\/todos\/"},{"@type":"ListItem","position":3,"name":"Grampo Flor de Cerejeira DB Makeup"}]},{"@type":"WebSite","@id":"https:\/\/daniellebeatrizmakeup.com.br\/loja\/#website","url":"https:\/\/daniellebeatrizmakeup.com.br\/loja\/","name":"Loja DB Makeup","description":"A melhor loja de maquiagem para real\u00e7ar a sua beleza","publisher":{"@id":"https:\/\/daniellebeatrizmakeup.com.br\/loja\/#organization"},"potentialAction":[{"@type":"SearchAction","target":{"@type":"EntryPoint","urlTemplate":"https:\/\/daniellebeatrizmakeup.com.br\/loja\/?s={search_term_string}"},"query-input":{"@type":"PropertyValueSpecification","valueRequired":true,"valueName":"search_term_string"}}],"inLanguage":"pt-BR"},{"@type":"Organization","@id":"https:\/\/daniellebeatrizmakeup.com.br\/loja\/#organization","name":"Danielle Beatriz Makeup","url":"https:\/\/daniellebeatrizmakeup.com.br\/loja\/","logo":{"@type":"ImageObject","inLanguage":"pt-BR","@id":"https:\/\/daniellebeatrizmakeup.com.br\/loja\/#\/schema\/logo\/image\/","url":"https:\/\/daniellebeatrizmakeup.com.br\/loja\/wp-content\/uploads\/2020\/10\/logo-loja-db-makeup.png","contentUrl":"https:\/\/daniellebeatrizmakeup.com.br\/loja\/wp-content\/uploads\/2020\/10\/logo-loja-db-makeup.png","width":500,"height":110,"caption":"Danielle Beatriz Makeup"},"image":{"@id":"https:\/\/daniellebeatrizmakeup.com.br\/loja\/#\/schema\/logo\/image\/"},"sameAs":["https:\/\/www.facebook.com\/daniellebeatrizmakeup","https:\/\/x.com\/danibetriz","https:\/\/www.instagram.com\/daniellebeatrizmakeup","https:\/\/pinterest.com\/daniellebeatrizmakeup","https:\/\/www.youtube.com\/DanielleBeatriz"]}]}},"jetpack_sharing_enabled":true,"_links":{"self":[{"href":"https:\/\/daniellebeatrizmakeup.com.br\/loja\/wp-json\/wp\/v2\/product\/55987","targetHints":{"allow":["GET"]}}],"collection":[{"href":"https:\/\/daniellebeatrizmakeup.com.br\/loja\/wp-json\/wp\/v2\/product"}],"about":[{"href":"https:\/\/daniellebeatrizmakeup.com.br\/loja\/wp-json\/wp\/v2\/types\/product"}],"replies":[{"embeddable":true,"href":"https:\/\/daniellebeatrizmakeup.com.br\/loja\/wp-json\/wp\/v2\/comments?post=55987"}],"version-history":[{"count":3,"href":"https:\/\/daniellebeatrizmakeup.com.br\/loja\/wp-json\/wp\/v2\/product\/55987\/revisions"}],"predecessor-version":[{"id":56154,"href":"https:\/\/daniellebeatrizmakeup.com.br\/loja\/wp-json\/wp\/v2\/product\/55987\/revisions\/56154"}],"wp:featuredmedia":[{"embeddable":true,"href":"https:\/\/daniellebeatrizmakeup.com.br\/loja\/wp-json\/wp\/v2\/media\/56121"}],"wp:attachment":[{"href":"https:\/\/daniellebeatrizmakeup.com.br\/loja\/wp-json\/wp\/v2\/media?parent=55987"}],"wp:term":[{"taxonomy":"product_brand","embeddable":true,"href":"https:\/\/daniellebeatrizmakeup.com.br\/loja\/wp-json\/wp\/v2\/product_brand?post=55987"},{"taxonomy":"product_cat","embeddable":true,"href":"https:\/\/daniellebeatrizmakeup.com.br\/loja\/wp-json\/wp\/v2\/product_cat?post=55987"},{"taxonomy":"product_tag","embeddable":true,"href":"https:\/\/daniellebeatrizmakeup.com.br\/loja\/wp-json\/wp\/v2\/product_tag?post=55987"},{"taxonomy":"woo-feed-brand","embeddable":true,"href":"https:\/\/daniellebeatrizmakeup.com.br\/loja\/wp-json\/wp\/v2\/woo-feed-brand?post=55987"}],"curies":[{"name":"wp","href":"https:\/\/api.w.org\/{rel}","templated":true}]}}