{"id":55985,"date":"2023-05-16T00:02:53","date_gmt":"2023-05-16T03:02:53","guid":{"rendered":"https:\/\/daniellebeatrizmakeup.com.br\/loja\/?post_type=product&#038;p=55985"},"modified":"2024-12-17T00:54:49","modified_gmt":"2024-12-17T03:54:49","slug":"cola-para-glitter-stay-fix-ruby-rose","status":"publish","type":"product","link":"https:\/\/daniellebeatrizmakeup.com.br\/loja\/cola-para-glitter-stay-fix-ruby-rose\/","title":{"rendered":"Cola para Glitter Stay Fix Ruby Rose"},"content":{"rendered":"<p>A Cola para Glitter da linha Stay Fix da <a href=\"https:\/\/daniellebeatrizmakeup.com.br\/loja\/ruby-rose\">Ruby Rose<\/a> foi feita especialmente para a fixa\u00e7\u00e3o de glitters e pigmentos de maneira simples e pr\u00e1tica, ela fornece uma resist\u00eancia incr\u00edvel a \u00e1gua, ao suor, l\u00e1grimas e fric\u00e7\u00e3o. Promovendo maior durabilidade a sua maquiagem.<\/p>\n<p><span>Potente para colar glitter, pigmento e sombra por sua capacidade de formar uma leve pel\u00edcula sobre a pele, garante um alto poder de fixa\u00e7\u00e3o e durabilidade da maquiagem sem agredir a pele.<\/span><\/p>\n<p>Modo de usar: Aplique uma camada fina sobre a \u00e1rea desejada espalhando bem, tamb\u00e9m pode ser misturado \u00e0 maquiagem antes da aplica\u00e7\u00e3o.<\/p>\n<p>Cont\u00e9m: 15ml<\/p>\n<p>Produto <a href=\"https:\/\/www.instagram.com\/p\/CV0JiFHAK1f\/\">Cruelty free<\/a>, testado dermatologicamente.<\/p>\n<p>Composi\u00e7\u00e3o: Hydrogenated polycyclopentadiene, isododecane, C11-13 isoparaffin, phenoxyethanol, caprylyl glycol.<\/p>\n","protected":false},"excerpt":{"rendered":"<p>Validade: 06\/2026.<br \/>\nA Cola para Glitter da linha Stay Fix da Ruby Rose foi feita especialmente para a fixa\u00e7\u00e3o de glitters e pigmentos de maneira simples e pr\u00e1tica, ela fornece uma resist\u00eancia incr\u00edvel a \u00e1gua, ao suor, l\u00e1grimas e fric\u00e7\u00e3o. Promovendo maior durabilidade a sua maquiagem.<\/p>\n","protected":false},"featured_media":56542,"comment_status":"open","ping_status":"closed","template":"","meta":{"_mbp_gutenberg_autopost":false},"product_brand":[],"product_cat":[129,79,74,835],"product_tag":[805],"woo-feed-brand":[],"class_list":{"0":"post-55985","1":"product","2":"type-product","3":"status-publish","4":"has-post-thumbnail","6":"product_cat-glitter-e-pigmento","7":"product_cat-olhos","8":"product_cat-ruby-rose","9":"product_cat-stay-fix","10":"product_tag-ruby-rose","11":"yith_product_brand-ruby-rose","13":"first","14":"instock","15":"shipping-taxable","16":"purchasable","17":"product-type-simple"},"yoast_head":"<!-- This site is optimized with the Yoast SEO plugin v27.3 - https:\/\/yoast.com\/product\/yoast-seo-wordpress\/ -->\n<title>Cola para Glitter Stay Fix Ruby Rose - Loja DB Makeup<\/title>\n<meta name=\"description\" content=\"Cola para Glitter Stay Fix da Ruby Rose foi feita para a fixa\u00e7\u00e3o de glitters e pigmentos de forma simples , resistente a \u00e1gua, suor, l\u00e1grimas e fric\u00e7\u00e3o.\" \/>\n<meta name=\"robots\" content=\"index, follow, max-snippet:-1, max-image-preview:large, max-video-preview:-1\" \/>\n<link rel=\"canonical\" href=\"https:\/\/daniellebeatrizmakeup.com.br\/loja\/cola-para-glitter-stay-fix-ruby-rose\/\" \/>\n<meta property=\"og:locale\" content=\"pt_BR\" \/>\n<meta property=\"og:type\" content=\"article\" \/>\n<meta property=\"og:title\" content=\"Cola para Glitter Stay Fix Ruby Rose - Loja DB Makeup\" \/>\n<meta property=\"og:description\" content=\"Cola para Glitter Stay Fix da Ruby Rose foi feita para a fixa\u00e7\u00e3o de glitters e pigmentos de forma simples , resistente a \u00e1gua, suor, l\u00e1grimas e fric\u00e7\u00e3o.\" \/>\n<meta property=\"og:url\" content=\"https:\/\/daniellebeatrizmakeup.com.br\/loja\/cola-para-glitter-stay-fix-ruby-rose\/\" \/>\n<meta property=\"og:site_name\" content=\"Loja DB Makeup\" \/>\n<meta property=\"article:publisher\" content=\"https:\/\/www.facebook.com\/daniellebeatrizmakeup\" \/>\n<meta property=\"article:modified_time\" content=\"2024-12-17T03:54:49+00:00\" \/>\n<meta property=\"og:image\" content=\"https:\/\/daniellebeatrizmakeup.com.br\/loja\/wp-content\/uploads\/2023\/02\/cola-para-glitter-hb580-stay-fix-ruby-rose.jpg\" \/>\n\t<meta property=\"og:image:width\" content=\"1080\" \/>\n\t<meta property=\"og:image:height\" content=\"1350\" \/>\n\t<meta property=\"og:image:type\" content=\"image\/jpeg\" \/>\n<meta name=\"twitter:card\" content=\"summary_large_image\" \/>\n<meta name=\"twitter:site\" content=\"@danibetriz\" \/>\n<meta name=\"twitter:label1\" content=\"Est. tempo de leitura\" \/>\n\t<meta name=\"twitter:data1\" content=\"1 minuto\" \/>\n<script type=\"application\/ld+json\" class=\"yoast-schema-graph\">{\"@context\":\"https:\\\/\\\/schema.org\",\"@graph\":[{\"@type\":\"WebPage\",\"@id\":\"https:\\\/\\\/daniellebeatrizmakeup.com.br\\\/loja\\\/cola-para-glitter-stay-fix-ruby-rose\\\/\",\"url\":\"https:\\\/\\\/daniellebeatrizmakeup.com.br\\\/loja\\\/cola-para-glitter-stay-fix-ruby-rose\\\/\",\"name\":\"Cola para Glitter Stay Fix Ruby Rose - Loja DB Makeup\",\"isPartOf\":{\"@id\":\"https:\\\/\\\/daniellebeatrizmakeup.com.br\\\/loja\\\/#website\"},\"primaryImageOfPage\":{\"@id\":\"https:\\\/\\\/daniellebeatrizmakeup.com.br\\\/loja\\\/cola-para-glitter-stay-fix-ruby-rose\\\/#primaryimage\"},\"image\":{\"@id\":\"https:\\\/\\\/daniellebeatrizmakeup.com.br\\\/loja\\\/cola-para-glitter-stay-fix-ruby-rose\\\/#primaryimage\"},\"thumbnailUrl\":\"https:\\\/\\\/daniellebeatrizmakeup.com.br\\\/loja\\\/wp-content\\\/uploads\\\/2023\\\/02\\\/cola-para-glitter-hb580-stay-fix-ruby-rose.jpg\",\"datePublished\":\"2023-05-16T03:02:53+00:00\",\"dateModified\":\"2024-12-17T03:54:49+00:00\",\"description\":\"Cola para Glitter Stay Fix da Ruby Rose foi feita para a fixa\u00e7\u00e3o de glitters e pigmentos de forma simples , resistente a \u00e1gua, suor, l\u00e1grimas e fric\u00e7\u00e3o.\",\"breadcrumb\":{\"@id\":\"https:\\\/\\\/daniellebeatrizmakeup.com.br\\\/loja\\\/cola-para-glitter-stay-fix-ruby-rose\\\/#breadcrumb\"},\"inLanguage\":\"pt-BR\",\"potentialAction\":[{\"@type\":\"ReadAction\",\"target\":[\"https:\\\/\\\/daniellebeatrizmakeup.com.br\\\/loja\\\/cola-para-glitter-stay-fix-ruby-rose\\\/\"]}]},{\"@type\":\"ImageObject\",\"inLanguage\":\"pt-BR\",\"@id\":\"https:\\\/\\\/daniellebeatrizmakeup.com.br\\\/loja\\\/cola-para-glitter-stay-fix-ruby-rose\\\/#primaryimage\",\"url\":\"https:\\\/\\\/daniellebeatrizmakeup.com.br\\\/loja\\\/wp-content\\\/uploads\\\/2023\\\/02\\\/cola-para-glitter-hb580-stay-fix-ruby-rose.jpg\",\"contentUrl\":\"https:\\\/\\\/daniellebeatrizmakeup.com.br\\\/loja\\\/wp-content\\\/uploads\\\/2023\\\/02\\\/cola-para-glitter-hb580-stay-fix-ruby-rose.jpg\",\"width\":1080,\"height\":1350},{\"@type\":\"BreadcrumbList\",\"@id\":\"https:\\\/\\\/daniellebeatrizmakeup.com.br\\\/loja\\\/cola-para-glitter-stay-fix-ruby-rose\\\/#breadcrumb\",\"itemListElement\":[{\"@type\":\"ListItem\",\"position\":1,\"name\":\"In\u00edcio\",\"item\":\"https:\\\/\\\/daniellebeatrizmakeup.com.br\\\/loja\\\/\"},{\"@type\":\"ListItem\",\"position\":2,\"name\":\"Todos\",\"item\":\"https:\\\/\\\/daniellebeatrizmakeup.com.br\\\/loja\\\/todos\\\/\"},{\"@type\":\"ListItem\",\"position\":3,\"name\":\"Cola para Glitter Stay Fix Ruby Rose\"}]},{\"@type\":\"WebSite\",\"@id\":\"https:\\\/\\\/daniellebeatrizmakeup.com.br\\\/loja\\\/#website\",\"url\":\"https:\\\/\\\/daniellebeatrizmakeup.com.br\\\/loja\\\/\",\"name\":\"Loja DB Makeup\",\"description\":\"A melhor loja de maquiagem para real\u00e7ar a sua beleza\",\"publisher\":{\"@id\":\"https:\\\/\\\/daniellebeatrizmakeup.com.br\\\/loja\\\/#organization\"},\"potentialAction\":[{\"@type\":\"SearchAction\",\"target\":{\"@type\":\"EntryPoint\",\"urlTemplate\":\"https:\\\/\\\/daniellebeatrizmakeup.com.br\\\/loja\\\/?s={search_term_string}\"},\"query-input\":{\"@type\":\"PropertyValueSpecification\",\"valueRequired\":true,\"valueName\":\"search_term_string\"}}],\"inLanguage\":\"pt-BR\"},{\"@type\":\"Organization\",\"@id\":\"https:\\\/\\\/daniellebeatrizmakeup.com.br\\\/loja\\\/#organization\",\"name\":\"Danielle Beatriz Makeup\",\"url\":\"https:\\\/\\\/daniellebeatrizmakeup.com.br\\\/loja\\\/\",\"logo\":{\"@type\":\"ImageObject\",\"inLanguage\":\"pt-BR\",\"@id\":\"https:\\\/\\\/daniellebeatrizmakeup.com.br\\\/loja\\\/#\\\/schema\\\/logo\\\/image\\\/\",\"url\":\"https:\\\/\\\/daniellebeatrizmakeup.com.br\\\/loja\\\/wp-content\\\/uploads\\\/2020\\\/10\\\/logo-loja-db-makeup.png\",\"contentUrl\":\"https:\\\/\\\/daniellebeatrizmakeup.com.br\\\/loja\\\/wp-content\\\/uploads\\\/2020\\\/10\\\/logo-loja-db-makeup.png\",\"width\":500,\"height\":110,\"caption\":\"Danielle Beatriz Makeup\"},\"image\":{\"@id\":\"https:\\\/\\\/daniellebeatrizmakeup.com.br\\\/loja\\\/#\\\/schema\\\/logo\\\/image\\\/\"},\"sameAs\":[\"https:\\\/\\\/www.facebook.com\\\/daniellebeatrizmakeup\",\"https:\\\/\\\/x.com\\\/danibetriz\",\"https:\\\/\\\/www.instagram.com\\\/daniellebeatrizmakeup\",\"https:\\\/\\\/pinterest.com\\\/daniellebeatrizmakeup\",\"https:\\\/\\\/www.youtube.com\\\/DanielleBeatriz\"]}]}<\/script>\n<!-- \/ Yoast SEO plugin. -->","yoast_head_json":{"title":"Cola para Glitter Stay Fix Ruby Rose - Loja DB Makeup","description":"Cola para Glitter Stay Fix da Ruby Rose foi feita para a fixa\u00e7\u00e3o de glitters e pigmentos de forma simples , resistente a \u00e1gua, suor, l\u00e1grimas e fric\u00e7\u00e3o.","robots":{"index":"index","follow":"follow","max-snippet":"max-snippet:-1","max-image-preview":"max-image-preview:large","max-video-preview":"max-video-preview:-1"},"canonical":"https:\/\/daniellebeatrizmakeup.com.br\/loja\/cola-para-glitter-stay-fix-ruby-rose\/","og_locale":"pt_BR","og_type":"article","og_title":"Cola para Glitter Stay Fix Ruby Rose - Loja DB Makeup","og_description":"Cola para Glitter Stay Fix da Ruby Rose foi feita para a fixa\u00e7\u00e3o de glitters e pigmentos de forma simples , resistente a \u00e1gua, suor, l\u00e1grimas e fric\u00e7\u00e3o.","og_url":"https:\/\/daniellebeatrizmakeup.com.br\/loja\/cola-para-glitter-stay-fix-ruby-rose\/","og_site_name":"Loja DB Makeup","article_publisher":"https:\/\/www.facebook.com\/daniellebeatrizmakeup","article_modified_time":"2024-12-17T03:54:49+00:00","og_image":[{"width":1080,"height":1350,"url":"https:\/\/daniellebeatrizmakeup.com.br\/loja\/wp-content\/uploads\/2023\/02\/cola-para-glitter-hb580-stay-fix-ruby-rose.jpg","type":"image\/jpeg"}],"twitter_card":"summary_large_image","twitter_site":"@danibetriz","twitter_misc":{"Est. tempo de leitura":"1 minuto"},"schema":{"@context":"https:\/\/schema.org","@graph":[{"@type":"WebPage","@id":"https:\/\/daniellebeatrizmakeup.com.br\/loja\/cola-para-glitter-stay-fix-ruby-rose\/","url":"https:\/\/daniellebeatrizmakeup.com.br\/loja\/cola-para-glitter-stay-fix-ruby-rose\/","name":"Cola para Glitter Stay Fix Ruby Rose - Loja DB Makeup","isPartOf":{"@id":"https:\/\/daniellebeatrizmakeup.com.br\/loja\/#website"},"primaryImageOfPage":{"@id":"https:\/\/daniellebeatrizmakeup.com.br\/loja\/cola-para-glitter-stay-fix-ruby-rose\/#primaryimage"},"image":{"@id":"https:\/\/daniellebeatrizmakeup.com.br\/loja\/cola-para-glitter-stay-fix-ruby-rose\/#primaryimage"},"thumbnailUrl":"https:\/\/daniellebeatrizmakeup.com.br\/loja\/wp-content\/uploads\/2023\/02\/cola-para-glitter-hb580-stay-fix-ruby-rose.jpg","datePublished":"2023-05-16T03:02:53+00:00","dateModified":"2024-12-17T03:54:49+00:00","description":"Cola para Glitter Stay Fix da Ruby Rose foi feita para a fixa\u00e7\u00e3o de glitters e pigmentos de forma simples , resistente a \u00e1gua, suor, l\u00e1grimas e fric\u00e7\u00e3o.","breadcrumb":{"@id":"https:\/\/daniellebeatrizmakeup.com.br\/loja\/cola-para-glitter-stay-fix-ruby-rose\/#breadcrumb"},"inLanguage":"pt-BR","potentialAction":[{"@type":"ReadAction","target":["https:\/\/daniellebeatrizmakeup.com.br\/loja\/cola-para-glitter-stay-fix-ruby-rose\/"]}]},{"@type":"ImageObject","inLanguage":"pt-BR","@id":"https:\/\/daniellebeatrizmakeup.com.br\/loja\/cola-para-glitter-stay-fix-ruby-rose\/#primaryimage","url":"https:\/\/daniellebeatrizmakeup.com.br\/loja\/wp-content\/uploads\/2023\/02\/cola-para-glitter-hb580-stay-fix-ruby-rose.jpg","contentUrl":"https:\/\/daniellebeatrizmakeup.com.br\/loja\/wp-content\/uploads\/2023\/02\/cola-para-glitter-hb580-stay-fix-ruby-rose.jpg","width":1080,"height":1350},{"@type":"BreadcrumbList","@id":"https:\/\/daniellebeatrizmakeup.com.br\/loja\/cola-para-glitter-stay-fix-ruby-rose\/#breadcrumb","itemListElement":[{"@type":"ListItem","position":1,"name":"In\u00edcio","item":"https:\/\/daniellebeatrizmakeup.com.br\/loja\/"},{"@type":"ListItem","position":2,"name":"Todos","item":"https:\/\/daniellebeatrizmakeup.com.br\/loja\/todos\/"},{"@type":"ListItem","position":3,"name":"Cola para Glitter Stay Fix Ruby Rose"}]},{"@type":"WebSite","@id":"https:\/\/daniellebeatrizmakeup.com.br\/loja\/#website","url":"https:\/\/daniellebeatrizmakeup.com.br\/loja\/","name":"Loja DB Makeup","description":"A melhor loja de maquiagem para real\u00e7ar a sua beleza","publisher":{"@id":"https:\/\/daniellebeatrizmakeup.com.br\/loja\/#organization"},"potentialAction":[{"@type":"SearchAction","target":{"@type":"EntryPoint","urlTemplate":"https:\/\/daniellebeatrizmakeup.com.br\/loja\/?s={search_term_string}"},"query-input":{"@type":"PropertyValueSpecification","valueRequired":true,"valueName":"search_term_string"}}],"inLanguage":"pt-BR"},{"@type":"Organization","@id":"https:\/\/daniellebeatrizmakeup.com.br\/loja\/#organization","name":"Danielle Beatriz Makeup","url":"https:\/\/daniellebeatrizmakeup.com.br\/loja\/","logo":{"@type":"ImageObject","inLanguage":"pt-BR","@id":"https:\/\/daniellebeatrizmakeup.com.br\/loja\/#\/schema\/logo\/image\/","url":"https:\/\/daniellebeatrizmakeup.com.br\/loja\/wp-content\/uploads\/2020\/10\/logo-loja-db-makeup.png","contentUrl":"https:\/\/daniellebeatrizmakeup.com.br\/loja\/wp-content\/uploads\/2020\/10\/logo-loja-db-makeup.png","width":500,"height":110,"caption":"Danielle Beatriz Makeup"},"image":{"@id":"https:\/\/daniellebeatrizmakeup.com.br\/loja\/#\/schema\/logo\/image\/"},"sameAs":["https:\/\/www.facebook.com\/daniellebeatrizmakeup","https:\/\/x.com\/danibetriz","https:\/\/www.instagram.com\/daniellebeatrizmakeup","https:\/\/pinterest.com\/daniellebeatrizmakeup","https:\/\/www.youtube.com\/DanielleBeatriz"]}]}},"jetpack_sharing_enabled":true,"_links":{"self":[{"href":"https:\/\/daniellebeatrizmakeup.com.br\/loja\/wp-json\/wp\/v2\/product\/55985","targetHints":{"allow":["GET"]}}],"collection":[{"href":"https:\/\/daniellebeatrizmakeup.com.br\/loja\/wp-json\/wp\/v2\/product"}],"about":[{"href":"https:\/\/daniellebeatrizmakeup.com.br\/loja\/wp-json\/wp\/v2\/types\/product"}],"replies":[{"embeddable":true,"href":"https:\/\/daniellebeatrizmakeup.com.br\/loja\/wp-json\/wp\/v2\/comments?post=55985"}],"version-history":[{"count":6,"href":"https:\/\/daniellebeatrizmakeup.com.br\/loja\/wp-json\/wp\/v2\/product\/55985\/revisions"}],"predecessor-version":[{"id":57968,"href":"https:\/\/daniellebeatrizmakeup.com.br\/loja\/wp-json\/wp\/v2\/product\/55985\/revisions\/57968"}],"wp:featuredmedia":[{"embeddable":true,"href":"https:\/\/daniellebeatrizmakeup.com.br\/loja\/wp-json\/wp\/v2\/media\/56542"}],"wp:attachment":[{"href":"https:\/\/daniellebeatrizmakeup.com.br\/loja\/wp-json\/wp\/v2\/media?parent=55985"}],"wp:term":[{"taxonomy":"product_brand","embeddable":true,"href":"https:\/\/daniellebeatrizmakeup.com.br\/loja\/wp-json\/wp\/v2\/product_brand?post=55985"},{"taxonomy":"product_cat","embeddable":true,"href":"https:\/\/daniellebeatrizmakeup.com.br\/loja\/wp-json\/wp\/v2\/product_cat?post=55985"},{"taxonomy":"product_tag","embeddable":true,"href":"https:\/\/daniellebeatrizmakeup.com.br\/loja\/wp-json\/wp\/v2\/product_tag?post=55985"},{"taxonomy":"woo-feed-brand","embeddable":true,"href":"https:\/\/daniellebeatrizmakeup.com.br\/loja\/wp-json\/wp\/v2\/woo-feed-brand?post=55985"}],"curies":[{"name":"wp","href":"https:\/\/api.w.org\/{rel}","templated":true}]}}