{"id":55975,"date":"2023-05-16T00:01:48","date_gmt":"2023-05-16T03:01:48","guid":{"rendered":"https:\/\/daniellebeatrizmakeup.com.br\/loja\/?post_type=product&#038;p=55975"},"modified":"2024-12-16T16:55:56","modified_gmt":"2024-12-16T19:55:56","slug":"esponja-soft-blender-feels-mood-ruby-rose","status":"publish","type":"product","link":"https:\/\/daniellebeatrizmakeup.com.br\/loja\/esponja-soft-blender-feels-mood-ruby-rose\/","title":{"rendered":"Esponja Soft Blender Feels Ruby Rose"},"content":{"rendered":"<p>A Esponja Soft Blender da linha Feels da <a href=\"https:\/\/daniellebeatrizmakeup.com.br\/loja\/ruby-rose\">Ruby Rose<\/a> \u00e9 perfeita para voc\u00ea que n\u00e3o abre m\u00e3o de um <a href=\"https:\/\/www.instagram.com\/p\/CNh_rNRBwiM\/\">acabamento impec\u00e1vel<\/a>! Macia e flex\u00edvel, ela \u00e9 um aplicador multifuncional que traz a praticidade que voc\u00ea precisa. Ela aumenta de tamanho quando \u00famida, e livre de l\u00e1tex. Ideal para aplica\u00e7\u00e3o de produtos l\u00edquidos ou em p\u00f3, com formato anat\u00f4mico multifuncional.<\/p>\n<p>COMO USAR A ESPONJA SOFT BLENDER FEELS DA RUBY ROSE<\/p>\n<p>Para um acabamento natural e iluminado, umede\u00e7a a esponja e aplique com leves batidinhas. Para maior cobertura e defini\u00e7\u00e3o, aplique a esponja seca, levando o produto do centro do rosto \u00e0s extremidades.<\/p>\n<p><a href=\"https:\/\/daniellebeatrizmakeup.com.br\/loja\/wp-content\/uploads\/2023\/02\/como-usar-esponja-para-maquiagem-soft-blender-feels-ruby-rose.jpg\"><img fetchpriority=\"high\" decoding=\"async\" src=\"https:\/\/daniellebeatrizmakeup.com.br\/loja\/wp-content\/uploads\/2023\/02\/como-usar-esponja-para-maquiagem-soft-blender-feels-ruby-rose-300x300.jpg\" alt=\"\" width=\"300\" height=\"300\" class=\"size-medium wp-image-56537 aligncenter\" srcset=\"https:\/\/daniellebeatrizmakeup.com.br\/loja\/wp-content\/uploads\/2023\/02\/como-usar-esponja-para-maquiagem-soft-blender-feels-ruby-rose-300x300.jpg 300w, https:\/\/daniellebeatrizmakeup.com.br\/loja\/wp-content\/uploads\/2023\/02\/como-usar-esponja-para-maquiagem-soft-blender-feels-ruby-rose-570x569.jpg 570w, https:\/\/daniellebeatrizmakeup.com.br\/loja\/wp-content\/uploads\/2023\/02\/como-usar-esponja-para-maquiagem-soft-blender-feels-ruby-rose-775x774.jpg 775w, https:\/\/daniellebeatrizmakeup.com.br\/loja\/wp-content\/uploads\/2023\/02\/como-usar-esponja-para-maquiagem-soft-blender-feels-ruby-rose-1024x1024.jpg 1024w, https:\/\/daniellebeatrizmakeup.com.br\/loja\/wp-content\/uploads\/2023\/02\/como-usar-esponja-para-maquiagem-soft-blender-feels-ruby-rose-150x150.jpg 150w, https:\/\/daniellebeatrizmakeup.com.br\/loja\/wp-content\/uploads\/2023\/02\/como-usar-esponja-para-maquiagem-soft-blender-feels-ruby-rose-768x767.jpg 768w, https:\/\/daniellebeatrizmakeup.com.br\/loja\/wp-content\/uploads\/2023\/02\/como-usar-esponja-para-maquiagem-soft-blender-feels-ruby-rose-901x900.jpg 901w, https:\/\/daniellebeatrizmakeup.com.br\/loja\/wp-content\/uploads\/2023\/02\/como-usar-esponja-para-maquiagem-soft-blender-feels-ruby-rose.jpg 1080w\" sizes=\"(max-width: 300px) 100vw, 300px\" \/><\/a><\/p>\n<p>Precau\u00e7\u00f5es: Uso externo. Manter o produto fora do alcance de crian\u00e7as. Havendo irrita\u00e7\u00f5es, suspenda o uso e procure orienta\u00e7\u00e3o m\u00e9dica. Produto n\u00e3o perec\u00edvel e n\u00e3o t\u00f3xico.<\/p>\n<p>Componentes: 100% Poliuretano (PU).<\/p>\n","protected":false},"excerpt":{"rendered":"<p>A Esponja Soft Blender da linha Feels da Ruby Rose \u00e9 perfeita para voc\u00ea que n\u00e3o abre m\u00e3o de um acabamento impec\u00e1vel! Macia e flex\u00edvel, ela \u00e9 um aplicador multifuncional que traz a praticidade que voc\u00ea precisa. Ela aumenta de tamanho quando \u00famida, e livre de l\u00e1tex. Ideal para aplica\u00e7\u00e3o de produtos l\u00edquidos ou em p\u00f3, com formato anat\u00f4mico multifuncional.<\/p>\n","protected":false},"featured_media":56538,"comment_status":"open","ping_status":"closed","template":"","meta":{"_mbp_gutenberg_autopost":false},"product_brand":[],"product_cat":[81,739,832,78,74],"product_tag":[805],"woo-feed-brand":[],"class_list":{"0":"post-55975","1":"product","2":"type-product","3":"status-publish","4":"has-post-thumbnail","6":"product_cat-acessorios","7":"product_cat-esponja","8":"product_cat-feels","9":"product_cat-rosto","10":"product_cat-ruby-rose","11":"product_tag-ruby-rose","12":"yith_product_brand-ruby-rose","14":"first","15":"outofstock","16":"shipping-taxable","17":"purchasable","18":"product-type-simple"},"yoast_head":"<!-- This site is optimized with the Yoast SEO plugin v27.5 - https:\/\/yoast.com\/product\/yoast-seo-wordpress\/ -->\n<title>Esponja Soft Blender Feels Ruby Rose - Loja DB Makeup<\/title>\n<meta name=\"description\" content=\"A Esponja Soft Blender da linha Feels da Ruby Rose \u00e9 perfeita para voc\u00ea que n\u00e3o abre m\u00e3o de um acabamento impec\u00e1vel! Macia e aumenta de tamanho quando \u00famida.\" \/>\n<meta name=\"robots\" content=\"index, follow, max-snippet:-1, max-image-preview:large, max-video-preview:-1\" \/>\n<link rel=\"canonical\" href=\"https:\/\/daniellebeatrizmakeup.com.br\/loja\/esponja-soft-blender-feels-mood-ruby-rose\/\" \/>\n<meta property=\"og:locale\" content=\"pt_BR\" \/>\n<meta property=\"og:type\" content=\"article\" \/>\n<meta property=\"og:title\" content=\"Esponja Soft Blender Feels Ruby Rose - Loja DB Makeup\" \/>\n<meta property=\"og:description\" content=\"A Esponja Soft Blender da linha Feels da Ruby Rose \u00e9 perfeita para voc\u00ea que n\u00e3o abre m\u00e3o de um acabamento impec\u00e1vel! Macia e aumenta de tamanho quando \u00famida.\" \/>\n<meta property=\"og:url\" content=\"https:\/\/daniellebeatrizmakeup.com.br\/loja\/esponja-soft-blender-feels-mood-ruby-rose\/\" \/>\n<meta property=\"og:site_name\" content=\"Loja DB Makeup\" \/>\n<meta property=\"article:publisher\" content=\"https:\/\/www.facebook.com\/daniellebeatrizmakeup\" \/>\n<meta property=\"article:modified_time\" content=\"2024-12-16T19:55:56+00:00\" \/>\n<meta property=\"og:image\" content=\"https:\/\/daniellebeatrizmakeup.com.br\/loja\/wp-content\/uploads\/2023\/02\/esponja-para-maquiagem-soft-blender-feels-ruby-rose.jpg\" \/>\n\t<meta property=\"og:image:width\" content=\"1279\" \/>\n\t<meta property=\"og:image:height\" content=\"1599\" \/>\n\t<meta property=\"og:image:type\" content=\"image\/jpeg\" \/>\n<meta name=\"twitter:card\" content=\"summary_large_image\" \/>\n<meta name=\"twitter:site\" content=\"@danibetriz\" \/>\n<meta name=\"twitter:label1\" content=\"Est. tempo de leitura\" \/>\n\t<meta name=\"twitter:data1\" content=\"1 minuto\" \/>\n<script type=\"application\/ld+json\" class=\"yoast-schema-graph\">{\"@context\":\"https:\\\/\\\/schema.org\",\"@graph\":[{\"@type\":\"WebPage\",\"@id\":\"https:\\\/\\\/daniellebeatrizmakeup.com.br\\\/loja\\\/esponja-soft-blender-feels-mood-ruby-rose\\\/\",\"url\":\"https:\\\/\\\/daniellebeatrizmakeup.com.br\\\/loja\\\/esponja-soft-blender-feels-mood-ruby-rose\\\/\",\"name\":\"Esponja Soft Blender Feels Ruby Rose - Loja DB Makeup\",\"isPartOf\":{\"@id\":\"https:\\\/\\\/daniellebeatrizmakeup.com.br\\\/loja\\\/#website\"},\"primaryImageOfPage\":{\"@id\":\"https:\\\/\\\/daniellebeatrizmakeup.com.br\\\/loja\\\/esponja-soft-blender-feels-mood-ruby-rose\\\/#primaryimage\"},\"image\":{\"@id\":\"https:\\\/\\\/daniellebeatrizmakeup.com.br\\\/loja\\\/esponja-soft-blender-feels-mood-ruby-rose\\\/#primaryimage\"},\"thumbnailUrl\":\"https:\\\/\\\/daniellebeatrizmakeup.com.br\\\/loja\\\/wp-content\\\/uploads\\\/2023\\\/02\\\/esponja-para-maquiagem-soft-blender-feels-ruby-rose.jpg\",\"datePublished\":\"2023-05-16T03:01:48+00:00\",\"dateModified\":\"2024-12-16T19:55:56+00:00\",\"description\":\"A Esponja Soft Blender da linha Feels da Ruby Rose \u00e9 perfeita para voc\u00ea que n\u00e3o abre m\u00e3o de um acabamento impec\u00e1vel! Macia e aumenta de tamanho quando \u00famida.\",\"breadcrumb\":{\"@id\":\"https:\\\/\\\/daniellebeatrizmakeup.com.br\\\/loja\\\/esponja-soft-blender-feels-mood-ruby-rose\\\/#breadcrumb\"},\"inLanguage\":\"pt-BR\",\"potentialAction\":[{\"@type\":\"ReadAction\",\"target\":[\"https:\\\/\\\/daniellebeatrizmakeup.com.br\\\/loja\\\/esponja-soft-blender-feels-mood-ruby-rose\\\/\"]}]},{\"@type\":\"ImageObject\",\"inLanguage\":\"pt-BR\",\"@id\":\"https:\\\/\\\/daniellebeatrizmakeup.com.br\\\/loja\\\/esponja-soft-blender-feels-mood-ruby-rose\\\/#primaryimage\",\"url\":\"https:\\\/\\\/daniellebeatrizmakeup.com.br\\\/loja\\\/wp-content\\\/uploads\\\/2023\\\/02\\\/esponja-para-maquiagem-soft-blender-feels-ruby-rose.jpg\",\"contentUrl\":\"https:\\\/\\\/daniellebeatrizmakeup.com.br\\\/loja\\\/wp-content\\\/uploads\\\/2023\\\/02\\\/esponja-para-maquiagem-soft-blender-feels-ruby-rose.jpg\",\"width\":1279,\"height\":1599},{\"@type\":\"BreadcrumbList\",\"@id\":\"https:\\\/\\\/daniellebeatrizmakeup.com.br\\\/loja\\\/esponja-soft-blender-feels-mood-ruby-rose\\\/#breadcrumb\",\"itemListElement\":[{\"@type\":\"ListItem\",\"position\":1,\"name\":\"In\u00edcio\",\"item\":\"https:\\\/\\\/daniellebeatrizmakeup.com.br\\\/loja\\\/\"},{\"@type\":\"ListItem\",\"position\":2,\"name\":\"Todos\",\"item\":\"https:\\\/\\\/daniellebeatrizmakeup.com.br\\\/loja\\\/todos\\\/\"},{\"@type\":\"ListItem\",\"position\":3,\"name\":\"Esponja Soft Blender Feels Ruby Rose\"}]},{\"@type\":\"WebSite\",\"@id\":\"https:\\\/\\\/daniellebeatrizmakeup.com.br\\\/loja\\\/#website\",\"url\":\"https:\\\/\\\/daniellebeatrizmakeup.com.br\\\/loja\\\/\",\"name\":\"Loja DB Makeup\",\"description\":\"A melhor loja de maquiagem para real\u00e7ar a sua beleza\",\"publisher\":{\"@id\":\"https:\\\/\\\/daniellebeatrizmakeup.com.br\\\/loja\\\/#organization\"},\"potentialAction\":[{\"@type\":\"SearchAction\",\"target\":{\"@type\":\"EntryPoint\",\"urlTemplate\":\"https:\\\/\\\/daniellebeatrizmakeup.com.br\\\/loja\\\/?s={search_term_string}\"},\"query-input\":{\"@type\":\"PropertyValueSpecification\",\"valueRequired\":true,\"valueName\":\"search_term_string\"}}],\"inLanguage\":\"pt-BR\"},{\"@type\":\"Organization\",\"@id\":\"https:\\\/\\\/daniellebeatrizmakeup.com.br\\\/loja\\\/#organization\",\"name\":\"Danielle Beatriz Makeup\",\"url\":\"https:\\\/\\\/daniellebeatrizmakeup.com.br\\\/loja\\\/\",\"logo\":{\"@type\":\"ImageObject\",\"inLanguage\":\"pt-BR\",\"@id\":\"https:\\\/\\\/daniellebeatrizmakeup.com.br\\\/loja\\\/#\\\/schema\\\/logo\\\/image\\\/\",\"url\":\"https:\\\/\\\/daniellebeatrizmakeup.com.br\\\/loja\\\/wp-content\\\/uploads\\\/2020\\\/10\\\/logo-loja-db-makeup.png\",\"contentUrl\":\"https:\\\/\\\/daniellebeatrizmakeup.com.br\\\/loja\\\/wp-content\\\/uploads\\\/2020\\\/10\\\/logo-loja-db-makeup.png\",\"width\":500,\"height\":110,\"caption\":\"Danielle Beatriz Makeup\"},\"image\":{\"@id\":\"https:\\\/\\\/daniellebeatrizmakeup.com.br\\\/loja\\\/#\\\/schema\\\/logo\\\/image\\\/\"},\"sameAs\":[\"https:\\\/\\\/www.facebook.com\\\/daniellebeatrizmakeup\",\"https:\\\/\\\/x.com\\\/danibetriz\",\"https:\\\/\\\/www.instagram.com\\\/daniellebeatrizmakeup\",\"https:\\\/\\\/pinterest.com\\\/daniellebeatrizmakeup\",\"https:\\\/\\\/www.youtube.com\\\/DanielleBeatriz\"]}]}<\/script>\n<!-- \/ Yoast SEO plugin. -->","yoast_head_json":{"title":"Esponja Soft Blender Feels Ruby Rose - Loja DB Makeup","description":"A Esponja Soft Blender da linha Feels da Ruby Rose \u00e9 perfeita para voc\u00ea que n\u00e3o abre m\u00e3o de um acabamento impec\u00e1vel! Macia e aumenta de tamanho quando \u00famida.","robots":{"index":"index","follow":"follow","max-snippet":"max-snippet:-1","max-image-preview":"max-image-preview:large","max-video-preview":"max-video-preview:-1"},"canonical":"https:\/\/daniellebeatrizmakeup.com.br\/loja\/esponja-soft-blender-feels-mood-ruby-rose\/","og_locale":"pt_BR","og_type":"article","og_title":"Esponja Soft Blender Feels Ruby Rose - Loja DB Makeup","og_description":"A Esponja Soft Blender da linha Feels da Ruby Rose \u00e9 perfeita para voc\u00ea que n\u00e3o abre m\u00e3o de um acabamento impec\u00e1vel! Macia e aumenta de tamanho quando \u00famida.","og_url":"https:\/\/daniellebeatrizmakeup.com.br\/loja\/esponja-soft-blender-feels-mood-ruby-rose\/","og_site_name":"Loja DB Makeup","article_publisher":"https:\/\/www.facebook.com\/daniellebeatrizmakeup","article_modified_time":"2024-12-16T19:55:56+00:00","og_image":[{"width":1279,"height":1599,"url":"https:\/\/daniellebeatrizmakeup.com.br\/loja\/wp-content\/uploads\/2023\/02\/esponja-para-maquiagem-soft-blender-feels-ruby-rose.jpg","type":"image\/jpeg"}],"twitter_card":"summary_large_image","twitter_site":"@danibetriz","twitter_misc":{"Est. tempo de leitura":"1 minuto"},"schema":{"@context":"https:\/\/schema.org","@graph":[{"@type":"WebPage","@id":"https:\/\/daniellebeatrizmakeup.com.br\/loja\/esponja-soft-blender-feels-mood-ruby-rose\/","url":"https:\/\/daniellebeatrizmakeup.com.br\/loja\/esponja-soft-blender-feels-mood-ruby-rose\/","name":"Esponja Soft Blender Feels Ruby Rose - Loja DB Makeup","isPartOf":{"@id":"https:\/\/daniellebeatrizmakeup.com.br\/loja\/#website"},"primaryImageOfPage":{"@id":"https:\/\/daniellebeatrizmakeup.com.br\/loja\/esponja-soft-blender-feels-mood-ruby-rose\/#primaryimage"},"image":{"@id":"https:\/\/daniellebeatrizmakeup.com.br\/loja\/esponja-soft-blender-feels-mood-ruby-rose\/#primaryimage"},"thumbnailUrl":"https:\/\/daniellebeatrizmakeup.com.br\/loja\/wp-content\/uploads\/2023\/02\/esponja-para-maquiagem-soft-blender-feels-ruby-rose.jpg","datePublished":"2023-05-16T03:01:48+00:00","dateModified":"2024-12-16T19:55:56+00:00","description":"A Esponja Soft Blender da linha Feels da Ruby Rose \u00e9 perfeita para voc\u00ea que n\u00e3o abre m\u00e3o de um acabamento impec\u00e1vel! Macia e aumenta de tamanho quando \u00famida.","breadcrumb":{"@id":"https:\/\/daniellebeatrizmakeup.com.br\/loja\/esponja-soft-blender-feels-mood-ruby-rose\/#breadcrumb"},"inLanguage":"pt-BR","potentialAction":[{"@type":"ReadAction","target":["https:\/\/daniellebeatrizmakeup.com.br\/loja\/esponja-soft-blender-feels-mood-ruby-rose\/"]}]},{"@type":"ImageObject","inLanguage":"pt-BR","@id":"https:\/\/daniellebeatrizmakeup.com.br\/loja\/esponja-soft-blender-feels-mood-ruby-rose\/#primaryimage","url":"https:\/\/daniellebeatrizmakeup.com.br\/loja\/wp-content\/uploads\/2023\/02\/esponja-para-maquiagem-soft-blender-feels-ruby-rose.jpg","contentUrl":"https:\/\/daniellebeatrizmakeup.com.br\/loja\/wp-content\/uploads\/2023\/02\/esponja-para-maquiagem-soft-blender-feels-ruby-rose.jpg","width":1279,"height":1599},{"@type":"BreadcrumbList","@id":"https:\/\/daniellebeatrizmakeup.com.br\/loja\/esponja-soft-blender-feels-mood-ruby-rose\/#breadcrumb","itemListElement":[{"@type":"ListItem","position":1,"name":"In\u00edcio","item":"https:\/\/daniellebeatrizmakeup.com.br\/loja\/"},{"@type":"ListItem","position":2,"name":"Todos","item":"https:\/\/daniellebeatrizmakeup.com.br\/loja\/todos\/"},{"@type":"ListItem","position":3,"name":"Esponja Soft Blender Feels Ruby Rose"}]},{"@type":"WebSite","@id":"https:\/\/daniellebeatrizmakeup.com.br\/loja\/#website","url":"https:\/\/daniellebeatrizmakeup.com.br\/loja\/","name":"Loja DB Makeup","description":"A melhor loja de maquiagem para real\u00e7ar a sua beleza","publisher":{"@id":"https:\/\/daniellebeatrizmakeup.com.br\/loja\/#organization"},"potentialAction":[{"@type":"SearchAction","target":{"@type":"EntryPoint","urlTemplate":"https:\/\/daniellebeatrizmakeup.com.br\/loja\/?s={search_term_string}"},"query-input":{"@type":"PropertyValueSpecification","valueRequired":true,"valueName":"search_term_string"}}],"inLanguage":"pt-BR"},{"@type":"Organization","@id":"https:\/\/daniellebeatrizmakeup.com.br\/loja\/#organization","name":"Danielle Beatriz Makeup","url":"https:\/\/daniellebeatrizmakeup.com.br\/loja\/","logo":{"@type":"ImageObject","inLanguage":"pt-BR","@id":"https:\/\/daniellebeatrizmakeup.com.br\/loja\/#\/schema\/logo\/image\/","url":"https:\/\/daniellebeatrizmakeup.com.br\/loja\/wp-content\/uploads\/2020\/10\/logo-loja-db-makeup.png","contentUrl":"https:\/\/daniellebeatrizmakeup.com.br\/loja\/wp-content\/uploads\/2020\/10\/logo-loja-db-makeup.png","width":500,"height":110,"caption":"Danielle Beatriz Makeup"},"image":{"@id":"https:\/\/daniellebeatrizmakeup.com.br\/loja\/#\/schema\/logo\/image\/"},"sameAs":["https:\/\/www.facebook.com\/daniellebeatrizmakeup","https:\/\/x.com\/danibetriz","https:\/\/www.instagram.com\/daniellebeatrizmakeup","https:\/\/pinterest.com\/daniellebeatrizmakeup","https:\/\/www.youtube.com\/DanielleBeatriz"]}]}},"jetpack_sharing_enabled":true,"_links":{"self":[{"href":"https:\/\/daniellebeatrizmakeup.com.br\/loja\/wp-json\/wp\/v2\/product\/55975","targetHints":{"allow":["GET"]}}],"collection":[{"href":"https:\/\/daniellebeatrizmakeup.com.br\/loja\/wp-json\/wp\/v2\/product"}],"about":[{"href":"https:\/\/daniellebeatrizmakeup.com.br\/loja\/wp-json\/wp\/v2\/types\/product"}],"replies":[{"embeddable":true,"href":"https:\/\/daniellebeatrizmakeup.com.br\/loja\/wp-json\/wp\/v2\/comments?post=55975"}],"version-history":[{"count":5,"href":"https:\/\/daniellebeatrizmakeup.com.br\/loja\/wp-json\/wp\/v2\/product\/55975\/revisions"}],"predecessor-version":[{"id":56554,"href":"https:\/\/daniellebeatrizmakeup.com.br\/loja\/wp-json\/wp\/v2\/product\/55975\/revisions\/56554"}],"wp:featuredmedia":[{"embeddable":true,"href":"https:\/\/daniellebeatrizmakeup.com.br\/loja\/wp-json\/wp\/v2\/media\/56538"}],"wp:attachment":[{"href":"https:\/\/daniellebeatrizmakeup.com.br\/loja\/wp-json\/wp\/v2\/media?parent=55975"}],"wp:term":[{"taxonomy":"product_brand","embeddable":true,"href":"https:\/\/daniellebeatrizmakeup.com.br\/loja\/wp-json\/wp\/v2\/product_brand?post=55975"},{"taxonomy":"product_cat","embeddable":true,"href":"https:\/\/daniellebeatrizmakeup.com.br\/loja\/wp-json\/wp\/v2\/product_cat?post=55975"},{"taxonomy":"product_tag","embeddable":true,"href":"https:\/\/daniellebeatrizmakeup.com.br\/loja\/wp-json\/wp\/v2\/product_tag?post=55975"},{"taxonomy":"woo-feed-brand","embeddable":true,"href":"https:\/\/daniellebeatrizmakeup.com.br\/loja\/wp-json\/wp\/v2\/woo-feed-brand?post=55975"}],"curies":[{"name":"wp","href":"https:\/\/api.w.org\/{rel}","templated":true}]}}