{"id":55965,"date":"2023-04-03T23:00:46","date_gmt":"2023-04-04T02:00:46","guid":{"rendered":"https:\/\/daniellebeatrizmakeup.com.br\/loja\/?post_type=product&#038;p=55965"},"modified":"2024-12-03T00:00:28","modified_gmt":"2024-12-03T03:00:28","slug":"pincel-sombra-feels-mood-ruby-rose","status":"publish","type":"product","link":"https:\/\/daniellebeatrizmakeup.com.br\/loja\/pincel-sombra-feels-mood-ruby-rose\/","title":{"rendered":"Pincel Sombra Feels Mood Ruby Rose"},"content":{"rendered":"<p>O Pincel Sombra da linha Feels Mood da Ruby Rose \u00e9 perfeito para voc\u00ea fazer aplicar sua sombra na p\u00e1lpebra m\u00f3vel. Ele te ajudar a aplicar sombras matte, cintilantes e at\u00e9 glitters.<\/p>\n","protected":false},"excerpt":{"rendered":"<p>O Pincel Sombra da linha Feels Mood da Ruby Rose \u00e9 perfeito para voc\u00ea fazer aplicar sua sombra na p\u00e1lpebra m\u00f3vel. Ele te ajudar a aplicar sombras matte, cintilantes e at\u00e9 glitters.<\/p>\n","protected":false},"featured_media":56292,"comment_status":"open","ping_status":"closed","template":"","meta":{"_mbp_gutenberg_autopost":false},"product_brand":[],"product_cat":[830,313,312,133,74],"product_tag":[805],"woo-feed-brand":[],"class_list":{"0":"post-55965","1":"product","2":"type-product","3":"status-publish","4":"has-post-thumbnail","6":"product_cat-feels-mood","7":"product_cat-pincel-individual","8":"product_cat-pincel-para-olhos","9":"product_cat-pinceis","10":"product_cat-ruby-rose","11":"product_tag-ruby-rose","13":"first","14":"instock","15":"shipping-taxable","16":"purchasable","17":"product-type-simple"},"yoast_head":"<!-- This site is optimized with the Yoast SEO plugin v27.3 - https:\/\/yoast.com\/product\/yoast-seo-wordpress\/ -->\n<title>Pincel Sombra Feels Mood Ruby Rose - Loja DB Makeup<\/title>\n<meta name=\"description\" content=\"O Pincel Sombra Feels Mood da Ruby Rose te ajuda a aplicar sua sombra na p\u00e1lpebra m\u00f3vel. Ele \u00e9 perfeito para sombras matte, cintilante ou glitter.\" \/>\n<meta name=\"robots\" content=\"index, follow, max-snippet:-1, max-image-preview:large, max-video-preview:-1\" \/>\n<link rel=\"canonical\" href=\"https:\/\/daniellebeatrizmakeup.com.br\/loja\/pincel-sombra-feels-mood-ruby-rose\/\" \/>\n<meta property=\"og:locale\" content=\"pt_BR\" \/>\n<meta property=\"og:type\" content=\"article\" \/>\n<meta property=\"og:title\" content=\"Pincel Sombra Feels Mood Ruby Rose - Loja DB Makeup\" \/>\n<meta property=\"og:description\" content=\"O Pincel Sombra Feels Mood da Ruby Rose te ajuda a aplicar sua sombra na p\u00e1lpebra m\u00f3vel. Ele \u00e9 perfeito para sombras matte, cintilante ou glitter.\" \/>\n<meta property=\"og:url\" content=\"https:\/\/daniellebeatrizmakeup.com.br\/loja\/pincel-sombra-feels-mood-ruby-rose\/\" \/>\n<meta property=\"og:site_name\" content=\"Loja DB Makeup\" \/>\n<meta property=\"article:publisher\" content=\"https:\/\/www.facebook.com\/daniellebeatrizmakeup\" \/>\n<meta property=\"article:modified_time\" content=\"2024-12-03T03:00:28+00:00\" \/>\n<meta property=\"og:image\" content=\"https:\/\/daniellebeatrizmakeup.com.br\/loja\/wp-content\/uploads\/2023\/04\/Pincel-Sombra-Feels-Mood-Hbme04-Ruby-Rose-e1711694841976.jpg\" \/>\n\t<meta property=\"og:image:width\" content=\"697\" \/>\n\t<meta property=\"og:image:height\" content=\"930\" \/>\n\t<meta property=\"og:image:type\" content=\"image\/jpeg\" \/>\n<meta name=\"twitter:card\" content=\"summary_large_image\" \/>\n<meta name=\"twitter:site\" content=\"@danibetriz\" \/>\n<script type=\"application\/ld+json\" class=\"yoast-schema-graph\">{\"@context\":\"https:\\\/\\\/schema.org\",\"@graph\":[{\"@type\":\"WebPage\",\"@id\":\"https:\\\/\\\/daniellebeatrizmakeup.com.br\\\/loja\\\/pincel-sombra-feels-mood-ruby-rose\\\/\",\"url\":\"https:\\\/\\\/daniellebeatrizmakeup.com.br\\\/loja\\\/pincel-sombra-feels-mood-ruby-rose\\\/\",\"name\":\"Pincel Sombra Feels Mood Ruby Rose - Loja DB Makeup\",\"isPartOf\":{\"@id\":\"https:\\\/\\\/daniellebeatrizmakeup.com.br\\\/loja\\\/#website\"},\"primaryImageOfPage\":{\"@id\":\"https:\\\/\\\/daniellebeatrizmakeup.com.br\\\/loja\\\/pincel-sombra-feels-mood-ruby-rose\\\/#primaryimage\"},\"image\":{\"@id\":\"https:\\\/\\\/daniellebeatrizmakeup.com.br\\\/loja\\\/pincel-sombra-feels-mood-ruby-rose\\\/#primaryimage\"},\"thumbnailUrl\":\"https:\\\/\\\/daniellebeatrizmakeup.com.br\\\/loja\\\/wp-content\\\/uploads\\\/2023\\\/04\\\/Pincel-Sombra-Feels-Mood-Hbme04-Ruby-Rose-e1711694841976.jpg\",\"datePublished\":\"2023-04-04T02:00:46+00:00\",\"dateModified\":\"2024-12-03T03:00:28+00:00\",\"description\":\"O Pincel Sombra Feels Mood da Ruby Rose te ajuda a aplicar sua sombra na p\u00e1lpebra m\u00f3vel. Ele \u00e9 perfeito para sombras matte, cintilante ou glitter.\",\"breadcrumb\":{\"@id\":\"https:\\\/\\\/daniellebeatrizmakeup.com.br\\\/loja\\\/pincel-sombra-feels-mood-ruby-rose\\\/#breadcrumb\"},\"inLanguage\":\"pt-BR\",\"potentialAction\":[{\"@type\":\"ReadAction\",\"target\":[\"https:\\\/\\\/daniellebeatrizmakeup.com.br\\\/loja\\\/pincel-sombra-feels-mood-ruby-rose\\\/\"]}]},{\"@type\":\"ImageObject\",\"inLanguage\":\"pt-BR\",\"@id\":\"https:\\\/\\\/daniellebeatrizmakeup.com.br\\\/loja\\\/pincel-sombra-feels-mood-ruby-rose\\\/#primaryimage\",\"url\":\"https:\\\/\\\/daniellebeatrizmakeup.com.br\\\/loja\\\/wp-content\\\/uploads\\\/2023\\\/04\\\/Pincel-Sombra-Feels-Mood-Hbme04-Ruby-Rose-e1711694841976.jpg\",\"contentUrl\":\"https:\\\/\\\/daniellebeatrizmakeup.com.br\\\/loja\\\/wp-content\\\/uploads\\\/2023\\\/04\\\/Pincel-Sombra-Feels-Mood-Hbme04-Ruby-Rose-e1711694841976.jpg\",\"width\":697,\"height\":930,\"caption\":\"Pincel Sombra Feels Mood Hbme04 Ruby Rose\"},{\"@type\":\"BreadcrumbList\",\"@id\":\"https:\\\/\\\/daniellebeatrizmakeup.com.br\\\/loja\\\/pincel-sombra-feels-mood-ruby-rose\\\/#breadcrumb\",\"itemListElement\":[{\"@type\":\"ListItem\",\"position\":1,\"name\":\"In\u00edcio\",\"item\":\"https:\\\/\\\/daniellebeatrizmakeup.com.br\\\/loja\\\/\"},{\"@type\":\"ListItem\",\"position\":2,\"name\":\"Todos\",\"item\":\"https:\\\/\\\/daniellebeatrizmakeup.com.br\\\/loja\\\/todos\\\/\"},{\"@type\":\"ListItem\",\"position\":3,\"name\":\"Pincel Sombra Feels Mood Ruby Rose\"}]},{\"@type\":\"WebSite\",\"@id\":\"https:\\\/\\\/daniellebeatrizmakeup.com.br\\\/loja\\\/#website\",\"url\":\"https:\\\/\\\/daniellebeatrizmakeup.com.br\\\/loja\\\/\",\"name\":\"Loja DB Makeup\",\"description\":\"A melhor loja de maquiagem para real\u00e7ar a sua beleza\",\"publisher\":{\"@id\":\"https:\\\/\\\/daniellebeatrizmakeup.com.br\\\/loja\\\/#organization\"},\"potentialAction\":[{\"@type\":\"SearchAction\",\"target\":{\"@type\":\"EntryPoint\",\"urlTemplate\":\"https:\\\/\\\/daniellebeatrizmakeup.com.br\\\/loja\\\/?s={search_term_string}\"},\"query-input\":{\"@type\":\"PropertyValueSpecification\",\"valueRequired\":true,\"valueName\":\"search_term_string\"}}],\"inLanguage\":\"pt-BR\"},{\"@type\":\"Organization\",\"@id\":\"https:\\\/\\\/daniellebeatrizmakeup.com.br\\\/loja\\\/#organization\",\"name\":\"Danielle Beatriz Makeup\",\"url\":\"https:\\\/\\\/daniellebeatrizmakeup.com.br\\\/loja\\\/\",\"logo\":{\"@type\":\"ImageObject\",\"inLanguage\":\"pt-BR\",\"@id\":\"https:\\\/\\\/daniellebeatrizmakeup.com.br\\\/loja\\\/#\\\/schema\\\/logo\\\/image\\\/\",\"url\":\"https:\\\/\\\/daniellebeatrizmakeup.com.br\\\/loja\\\/wp-content\\\/uploads\\\/2020\\\/10\\\/logo-loja-db-makeup.png\",\"contentUrl\":\"https:\\\/\\\/daniellebeatrizmakeup.com.br\\\/loja\\\/wp-content\\\/uploads\\\/2020\\\/10\\\/logo-loja-db-makeup.png\",\"width\":500,\"height\":110,\"caption\":\"Danielle Beatriz Makeup\"},\"image\":{\"@id\":\"https:\\\/\\\/daniellebeatrizmakeup.com.br\\\/loja\\\/#\\\/schema\\\/logo\\\/image\\\/\"},\"sameAs\":[\"https:\\\/\\\/www.facebook.com\\\/daniellebeatrizmakeup\",\"https:\\\/\\\/x.com\\\/danibetriz\",\"https:\\\/\\\/www.instagram.com\\\/daniellebeatrizmakeup\",\"https:\\\/\\\/pinterest.com\\\/daniellebeatrizmakeup\",\"https:\\\/\\\/www.youtube.com\\\/DanielleBeatriz\"]}]}<\/script>\n<!-- \/ Yoast SEO plugin. -->","yoast_head_json":{"title":"Pincel Sombra Feels Mood Ruby Rose - Loja DB Makeup","description":"O Pincel Sombra Feels Mood da Ruby Rose te ajuda a aplicar sua sombra na p\u00e1lpebra m\u00f3vel. Ele \u00e9 perfeito para sombras matte, cintilante ou glitter.","robots":{"index":"index","follow":"follow","max-snippet":"max-snippet:-1","max-image-preview":"max-image-preview:large","max-video-preview":"max-video-preview:-1"},"canonical":"https:\/\/daniellebeatrizmakeup.com.br\/loja\/pincel-sombra-feels-mood-ruby-rose\/","og_locale":"pt_BR","og_type":"article","og_title":"Pincel Sombra Feels Mood Ruby Rose - Loja DB Makeup","og_description":"O Pincel Sombra Feels Mood da Ruby Rose te ajuda a aplicar sua sombra na p\u00e1lpebra m\u00f3vel. Ele \u00e9 perfeito para sombras matte, cintilante ou glitter.","og_url":"https:\/\/daniellebeatrizmakeup.com.br\/loja\/pincel-sombra-feels-mood-ruby-rose\/","og_site_name":"Loja DB Makeup","article_publisher":"https:\/\/www.facebook.com\/daniellebeatrizmakeup","article_modified_time":"2024-12-03T03:00:28+00:00","og_image":[{"width":697,"height":930,"url":"https:\/\/daniellebeatrizmakeup.com.br\/loja\/wp-content\/uploads\/2023\/04\/Pincel-Sombra-Feels-Mood-Hbme04-Ruby-Rose-e1711694841976.jpg","type":"image\/jpeg"}],"twitter_card":"summary_large_image","twitter_site":"@danibetriz","schema":{"@context":"https:\/\/schema.org","@graph":[{"@type":"WebPage","@id":"https:\/\/daniellebeatrizmakeup.com.br\/loja\/pincel-sombra-feels-mood-ruby-rose\/","url":"https:\/\/daniellebeatrizmakeup.com.br\/loja\/pincel-sombra-feels-mood-ruby-rose\/","name":"Pincel Sombra Feels Mood Ruby Rose - Loja DB Makeup","isPartOf":{"@id":"https:\/\/daniellebeatrizmakeup.com.br\/loja\/#website"},"primaryImageOfPage":{"@id":"https:\/\/daniellebeatrizmakeup.com.br\/loja\/pincel-sombra-feels-mood-ruby-rose\/#primaryimage"},"image":{"@id":"https:\/\/daniellebeatrizmakeup.com.br\/loja\/pincel-sombra-feels-mood-ruby-rose\/#primaryimage"},"thumbnailUrl":"https:\/\/daniellebeatrizmakeup.com.br\/loja\/wp-content\/uploads\/2023\/04\/Pincel-Sombra-Feels-Mood-Hbme04-Ruby-Rose-e1711694841976.jpg","datePublished":"2023-04-04T02:00:46+00:00","dateModified":"2024-12-03T03:00:28+00:00","description":"O Pincel Sombra Feels Mood da Ruby Rose te ajuda a aplicar sua sombra na p\u00e1lpebra m\u00f3vel. Ele \u00e9 perfeito para sombras matte, cintilante ou glitter.","breadcrumb":{"@id":"https:\/\/daniellebeatrizmakeup.com.br\/loja\/pincel-sombra-feels-mood-ruby-rose\/#breadcrumb"},"inLanguage":"pt-BR","potentialAction":[{"@type":"ReadAction","target":["https:\/\/daniellebeatrizmakeup.com.br\/loja\/pincel-sombra-feels-mood-ruby-rose\/"]}]},{"@type":"ImageObject","inLanguage":"pt-BR","@id":"https:\/\/daniellebeatrizmakeup.com.br\/loja\/pincel-sombra-feels-mood-ruby-rose\/#primaryimage","url":"https:\/\/daniellebeatrizmakeup.com.br\/loja\/wp-content\/uploads\/2023\/04\/Pincel-Sombra-Feels-Mood-Hbme04-Ruby-Rose-e1711694841976.jpg","contentUrl":"https:\/\/daniellebeatrizmakeup.com.br\/loja\/wp-content\/uploads\/2023\/04\/Pincel-Sombra-Feels-Mood-Hbme04-Ruby-Rose-e1711694841976.jpg","width":697,"height":930,"caption":"Pincel Sombra Feels Mood Hbme04 Ruby Rose"},{"@type":"BreadcrumbList","@id":"https:\/\/daniellebeatrizmakeup.com.br\/loja\/pincel-sombra-feels-mood-ruby-rose\/#breadcrumb","itemListElement":[{"@type":"ListItem","position":1,"name":"In\u00edcio","item":"https:\/\/daniellebeatrizmakeup.com.br\/loja\/"},{"@type":"ListItem","position":2,"name":"Todos","item":"https:\/\/daniellebeatrizmakeup.com.br\/loja\/todos\/"},{"@type":"ListItem","position":3,"name":"Pincel Sombra Feels Mood Ruby Rose"}]},{"@type":"WebSite","@id":"https:\/\/daniellebeatrizmakeup.com.br\/loja\/#website","url":"https:\/\/daniellebeatrizmakeup.com.br\/loja\/","name":"Loja DB Makeup","description":"A melhor loja de maquiagem para real\u00e7ar a sua beleza","publisher":{"@id":"https:\/\/daniellebeatrizmakeup.com.br\/loja\/#organization"},"potentialAction":[{"@type":"SearchAction","target":{"@type":"EntryPoint","urlTemplate":"https:\/\/daniellebeatrizmakeup.com.br\/loja\/?s={search_term_string}"},"query-input":{"@type":"PropertyValueSpecification","valueRequired":true,"valueName":"search_term_string"}}],"inLanguage":"pt-BR"},{"@type":"Organization","@id":"https:\/\/daniellebeatrizmakeup.com.br\/loja\/#organization","name":"Danielle Beatriz Makeup","url":"https:\/\/daniellebeatrizmakeup.com.br\/loja\/","logo":{"@type":"ImageObject","inLanguage":"pt-BR","@id":"https:\/\/daniellebeatrizmakeup.com.br\/loja\/#\/schema\/logo\/image\/","url":"https:\/\/daniellebeatrizmakeup.com.br\/loja\/wp-content\/uploads\/2020\/10\/logo-loja-db-makeup.png","contentUrl":"https:\/\/daniellebeatrizmakeup.com.br\/loja\/wp-content\/uploads\/2020\/10\/logo-loja-db-makeup.png","width":500,"height":110,"caption":"Danielle Beatriz Makeup"},"image":{"@id":"https:\/\/daniellebeatrizmakeup.com.br\/loja\/#\/schema\/logo\/image\/"},"sameAs":["https:\/\/www.facebook.com\/daniellebeatrizmakeup","https:\/\/x.com\/danibetriz","https:\/\/www.instagram.com\/daniellebeatrizmakeup","https:\/\/pinterest.com\/daniellebeatrizmakeup","https:\/\/www.youtube.com\/DanielleBeatriz"]}]}},"jetpack_sharing_enabled":true,"_links":{"self":[{"href":"https:\/\/daniellebeatrizmakeup.com.br\/loja\/wp-json\/wp\/v2\/product\/55965","targetHints":{"allow":["GET"]}}],"collection":[{"href":"https:\/\/daniellebeatrizmakeup.com.br\/loja\/wp-json\/wp\/v2\/product"}],"about":[{"href":"https:\/\/daniellebeatrizmakeup.com.br\/loja\/wp-json\/wp\/v2\/types\/product"}],"replies":[{"embeddable":true,"href":"https:\/\/daniellebeatrizmakeup.com.br\/loja\/wp-json\/wp\/v2\/comments?post=55965"}],"version-history":[{"count":3,"href":"https:\/\/daniellebeatrizmakeup.com.br\/loja\/wp-json\/wp\/v2\/product\/55965\/revisions"}],"predecessor-version":[{"id":56352,"href":"https:\/\/daniellebeatrizmakeup.com.br\/loja\/wp-json\/wp\/v2\/product\/55965\/revisions\/56352"}],"wp:featuredmedia":[{"embeddable":true,"href":"https:\/\/daniellebeatrizmakeup.com.br\/loja\/wp-json\/wp\/v2\/media\/56292"}],"wp:attachment":[{"href":"https:\/\/daniellebeatrizmakeup.com.br\/loja\/wp-json\/wp\/v2\/media?parent=55965"}],"wp:term":[{"taxonomy":"product_brand","embeddable":true,"href":"https:\/\/daniellebeatrizmakeup.com.br\/loja\/wp-json\/wp\/v2\/product_brand?post=55965"},{"taxonomy":"product_cat","embeddable":true,"href":"https:\/\/daniellebeatrizmakeup.com.br\/loja\/wp-json\/wp\/v2\/product_cat?post=55965"},{"taxonomy":"product_tag","embeddable":true,"href":"https:\/\/daniellebeatrizmakeup.com.br\/loja\/wp-json\/wp\/v2\/product_tag?post=55965"},{"taxonomy":"woo-feed-brand","embeddable":true,"href":"https:\/\/daniellebeatrizmakeup.com.br\/loja\/wp-json\/wp\/v2\/woo-feed-brand?post=55965"}],"curies":[{"name":"wp","href":"https:\/\/api.w.org\/{rel}","templated":true}]}}