{"id":55962,"date":"2023-05-16T00:04:46","date_gmt":"2023-05-16T03:04:46","guid":{"rendered":"https:\/\/daniellebeatrizmakeup.com.br\/loja\/?post_type=product&#038;p=55962"},"modified":"2024-12-03T00:00:20","modified_gmt":"2024-12-03T03:00:20","slug":"lapis-retratil-preto-feels-mood-ruby-rose","status":"publish","type":"product","link":"https:\/\/daniellebeatrizmakeup.com.br\/loja\/lapis-retratil-preto-feels-mood-ruby-rose\/","title":{"rendered":"L\u00e1pis Retr\u00e1til Preto Feels Mood Ruby Rose"},"content":{"rendered":"<p>O L\u00e1pis Retr\u00e1til Para Olhos Preto da linha Feels Mood da <a href=\"https:\/\/daniellebeatrizmakeup.com.br\/loja\/ruby-rose\">Ruby Rose<\/a> \u00e9 altamente pigmentado, com textura super macia, cremosa e secagem r\u00e1pida. O l\u00e1pis possui um <a href=\"https:\/\/www.instagram.com\/p\/CjDnW96tVyG\/\">apontador<\/a> que permite um tra\u00e7o macio, preciso e com cor super intensa na primeira aplica\u00e7\u00e3o. Pode ser usado tanto como l\u00e1pis para os olhos, como delineador. Pr\u00e1tico e vers\u00e1til, ele permite v\u00e1rios tra\u00e7os diferentes para ousar no look.<\/p>\n<p>PRECAU\u00c7\u00d5ES: Uso externo. Manter fora do alcance das crian\u00e7as, n\u00e3o ingerir. N\u00e3o utilizar sobre a pele irritada ou lesionada. Em caso de sensibilidade d\u00e9rmica, procure orienta\u00e7\u00e3o m\u00e9dica. Manter em local seco e arejado.<\/p>\n","protected":false},"excerpt":{"rendered":"<p>Validade: 04\/2027<\/p>\n<p>O L\u00e1pis Retr\u00e1til Para Olhos Preto da linha Feels Mood da Ruby Rose \u00e9 altamente pigmentado, com textura super macio, cremoso e secagem r\u00e1pida. O l\u00e1pis permite um tra\u00e7o macio, preciso e com cor super intensa na primeira aplica\u00e7\u00e3o. Pode ser usado tanto como l\u00e1pis para os olhos, como delineador. Pr\u00e1tico e vers\u00e1til, ele permite v\u00e1rios tra\u00e7os diferentes para ousar no look.<\/p>\n","protected":false},"featured_media":56589,"comment_status":"open","ping_status":"closed","template":"","meta":{"_mbp_gutenberg_autopost":false},"product_brand":[],"product_cat":[830,131,79,74],"product_tag":[805],"woo-feed-brand":[],"class_list":{"0":"post-55962","1":"product","2":"type-product","3":"status-publish","4":"has-post-thumbnail","6":"product_cat-feels-mood","7":"product_cat-lapis","8":"product_cat-olhos","9":"product_cat-ruby-rose","10":"product_tag-ruby-rose","11":"yith_product_brand-ruby-rose","13":"first","14":"instock","15":"shipping-taxable","16":"purchasable","17":"product-type-simple"},"yoast_head":"<!-- This site is optimized with the Yoast SEO plugin v27.3 - https:\/\/yoast.com\/product\/yoast-seo-wordpress\/ -->\n<title>L\u00e1pis Retr\u00e1til Preto Feels Mood Ruby Rose - Loja DB Makeup<\/title>\n<meta name=\"description\" content=\"O L\u00e1pis Retr\u00e1til Para Olhos Preto da linha Feels Mood da Ruby Rose \u00e9 altamente pigmentado, com textura super macio, cremoso e secagem r\u00e1pida.\" \/>\n<meta name=\"robots\" content=\"index, follow, max-snippet:-1, max-image-preview:large, max-video-preview:-1\" \/>\n<link rel=\"canonical\" href=\"https:\/\/daniellebeatrizmakeup.com.br\/loja\/lapis-retratil-preto-feels-mood-ruby-rose\/\" \/>\n<meta property=\"og:locale\" content=\"pt_BR\" \/>\n<meta property=\"og:type\" content=\"article\" \/>\n<meta property=\"og:title\" content=\"L\u00e1pis Retr\u00e1til Preto Feels Mood Ruby Rose - Loja DB Makeup\" \/>\n<meta property=\"og:description\" content=\"O L\u00e1pis Retr\u00e1til Para Olhos Preto da linha Feels Mood da Ruby Rose \u00e9 altamente pigmentado, com textura super macio, cremoso e secagem r\u00e1pida.\" \/>\n<meta property=\"og:url\" content=\"https:\/\/daniellebeatrizmakeup.com.br\/loja\/lapis-retratil-preto-feels-mood-ruby-rose\/\" \/>\n<meta property=\"og:site_name\" content=\"Loja DB Makeup\" \/>\n<meta property=\"article:publisher\" content=\"https:\/\/www.facebook.com\/daniellebeatrizmakeup\" \/>\n<meta property=\"article:modified_time\" content=\"2024-12-03T03:00:20+00:00\" \/>\n<meta property=\"og:image\" content=\"https:\/\/daniellebeatrizmakeup.com.br\/loja\/wp-content\/uploads\/2023\/05\/lapis-retratil-preto-feels-mood-hb514-ruby-rose-e1711693904702.jpg\" \/>\n\t<meta property=\"og:image:width\" content=\"717\" \/>\n\t<meta property=\"og:image:height\" content=\"957\" \/>\n\t<meta property=\"og:image:type\" content=\"image\/jpeg\" \/>\n<meta name=\"twitter:card\" content=\"summary_large_image\" \/>\n<meta name=\"twitter:site\" content=\"@danibetriz\" \/>\n<meta name=\"twitter:label1\" content=\"Est. tempo de leitura\" \/>\n\t<meta name=\"twitter:data1\" content=\"1 minuto\" \/>\n<script type=\"application\/ld+json\" class=\"yoast-schema-graph\">{\"@context\":\"https:\\\/\\\/schema.org\",\"@graph\":[{\"@type\":\"WebPage\",\"@id\":\"https:\\\/\\\/daniellebeatrizmakeup.com.br\\\/loja\\\/lapis-retratil-preto-feels-mood-ruby-rose\\\/\",\"url\":\"https:\\\/\\\/daniellebeatrizmakeup.com.br\\\/loja\\\/lapis-retratil-preto-feels-mood-ruby-rose\\\/\",\"name\":\"L\u00e1pis Retr\u00e1til Preto Feels Mood Ruby Rose - Loja DB Makeup\",\"isPartOf\":{\"@id\":\"https:\\\/\\\/daniellebeatrizmakeup.com.br\\\/loja\\\/#website\"},\"primaryImageOfPage\":{\"@id\":\"https:\\\/\\\/daniellebeatrizmakeup.com.br\\\/loja\\\/lapis-retratil-preto-feels-mood-ruby-rose\\\/#primaryimage\"},\"image\":{\"@id\":\"https:\\\/\\\/daniellebeatrizmakeup.com.br\\\/loja\\\/lapis-retratil-preto-feels-mood-ruby-rose\\\/#primaryimage\"},\"thumbnailUrl\":\"https:\\\/\\\/daniellebeatrizmakeup.com.br\\\/loja\\\/wp-content\\\/uploads\\\/2023\\\/05\\\/lapis-retratil-preto-feels-mood-hb514-ruby-rose-e1711693904702.jpg\",\"datePublished\":\"2023-05-16T03:04:46+00:00\",\"dateModified\":\"2024-12-03T03:00:20+00:00\",\"description\":\"O L\u00e1pis Retr\u00e1til Para Olhos Preto da linha Feels Mood da Ruby Rose \u00e9 altamente pigmentado, com textura super macio, cremoso e secagem r\u00e1pida.\",\"breadcrumb\":{\"@id\":\"https:\\\/\\\/daniellebeatrizmakeup.com.br\\\/loja\\\/lapis-retratil-preto-feels-mood-ruby-rose\\\/#breadcrumb\"},\"inLanguage\":\"pt-BR\",\"potentialAction\":[{\"@type\":\"ReadAction\",\"target\":[\"https:\\\/\\\/daniellebeatrizmakeup.com.br\\\/loja\\\/lapis-retratil-preto-feels-mood-ruby-rose\\\/\"]}]},{\"@type\":\"ImageObject\",\"inLanguage\":\"pt-BR\",\"@id\":\"https:\\\/\\\/daniellebeatrizmakeup.com.br\\\/loja\\\/lapis-retratil-preto-feels-mood-ruby-rose\\\/#primaryimage\",\"url\":\"https:\\\/\\\/daniellebeatrizmakeup.com.br\\\/loja\\\/wp-content\\\/uploads\\\/2023\\\/05\\\/lapis-retratil-preto-feels-mood-hb514-ruby-rose-e1711693904702.jpg\",\"contentUrl\":\"https:\\\/\\\/daniellebeatrizmakeup.com.br\\\/loja\\\/wp-content\\\/uploads\\\/2023\\\/05\\\/lapis-retratil-preto-feels-mood-hb514-ruby-rose-e1711693904702.jpg\",\"width\":717,\"height\":957},{\"@type\":\"BreadcrumbList\",\"@id\":\"https:\\\/\\\/daniellebeatrizmakeup.com.br\\\/loja\\\/lapis-retratil-preto-feels-mood-ruby-rose\\\/#breadcrumb\",\"itemListElement\":[{\"@type\":\"ListItem\",\"position\":1,\"name\":\"In\u00edcio\",\"item\":\"https:\\\/\\\/daniellebeatrizmakeup.com.br\\\/loja\\\/\"},{\"@type\":\"ListItem\",\"position\":2,\"name\":\"Todos\",\"item\":\"https:\\\/\\\/daniellebeatrizmakeup.com.br\\\/loja\\\/todos\\\/\"},{\"@type\":\"ListItem\",\"position\":3,\"name\":\"L\u00e1pis Retr\u00e1til Preto Feels Mood Ruby Rose\"}]},{\"@type\":\"WebSite\",\"@id\":\"https:\\\/\\\/daniellebeatrizmakeup.com.br\\\/loja\\\/#website\",\"url\":\"https:\\\/\\\/daniellebeatrizmakeup.com.br\\\/loja\\\/\",\"name\":\"Loja DB Makeup\",\"description\":\"A melhor loja de maquiagem para real\u00e7ar a sua beleza\",\"publisher\":{\"@id\":\"https:\\\/\\\/daniellebeatrizmakeup.com.br\\\/loja\\\/#organization\"},\"potentialAction\":[{\"@type\":\"SearchAction\",\"target\":{\"@type\":\"EntryPoint\",\"urlTemplate\":\"https:\\\/\\\/daniellebeatrizmakeup.com.br\\\/loja\\\/?s={search_term_string}\"},\"query-input\":{\"@type\":\"PropertyValueSpecification\",\"valueRequired\":true,\"valueName\":\"search_term_string\"}}],\"inLanguage\":\"pt-BR\"},{\"@type\":\"Organization\",\"@id\":\"https:\\\/\\\/daniellebeatrizmakeup.com.br\\\/loja\\\/#organization\",\"name\":\"Danielle Beatriz Makeup\",\"url\":\"https:\\\/\\\/daniellebeatrizmakeup.com.br\\\/loja\\\/\",\"logo\":{\"@type\":\"ImageObject\",\"inLanguage\":\"pt-BR\",\"@id\":\"https:\\\/\\\/daniellebeatrizmakeup.com.br\\\/loja\\\/#\\\/schema\\\/logo\\\/image\\\/\",\"url\":\"https:\\\/\\\/daniellebeatrizmakeup.com.br\\\/loja\\\/wp-content\\\/uploads\\\/2020\\\/10\\\/logo-loja-db-makeup.png\",\"contentUrl\":\"https:\\\/\\\/daniellebeatrizmakeup.com.br\\\/loja\\\/wp-content\\\/uploads\\\/2020\\\/10\\\/logo-loja-db-makeup.png\",\"width\":500,\"height\":110,\"caption\":\"Danielle Beatriz Makeup\"},\"image\":{\"@id\":\"https:\\\/\\\/daniellebeatrizmakeup.com.br\\\/loja\\\/#\\\/schema\\\/logo\\\/image\\\/\"},\"sameAs\":[\"https:\\\/\\\/www.facebook.com\\\/daniellebeatrizmakeup\",\"https:\\\/\\\/x.com\\\/danibetriz\",\"https:\\\/\\\/www.instagram.com\\\/daniellebeatrizmakeup\",\"https:\\\/\\\/pinterest.com\\\/daniellebeatrizmakeup\",\"https:\\\/\\\/www.youtube.com\\\/DanielleBeatriz\"]}]}<\/script>\n<!-- \/ Yoast SEO plugin. -->","yoast_head_json":{"title":"L\u00e1pis Retr\u00e1til Preto Feels Mood Ruby Rose - Loja DB Makeup","description":"O L\u00e1pis Retr\u00e1til Para Olhos Preto da linha Feels Mood da Ruby Rose \u00e9 altamente pigmentado, com textura super macio, cremoso e secagem r\u00e1pida.","robots":{"index":"index","follow":"follow","max-snippet":"max-snippet:-1","max-image-preview":"max-image-preview:large","max-video-preview":"max-video-preview:-1"},"canonical":"https:\/\/daniellebeatrizmakeup.com.br\/loja\/lapis-retratil-preto-feels-mood-ruby-rose\/","og_locale":"pt_BR","og_type":"article","og_title":"L\u00e1pis Retr\u00e1til Preto Feels Mood Ruby Rose - Loja DB Makeup","og_description":"O L\u00e1pis Retr\u00e1til Para Olhos Preto da linha Feels Mood da Ruby Rose \u00e9 altamente pigmentado, com textura super macio, cremoso e secagem r\u00e1pida.","og_url":"https:\/\/daniellebeatrizmakeup.com.br\/loja\/lapis-retratil-preto-feels-mood-ruby-rose\/","og_site_name":"Loja DB Makeup","article_publisher":"https:\/\/www.facebook.com\/daniellebeatrizmakeup","article_modified_time":"2024-12-03T03:00:20+00:00","og_image":[{"width":717,"height":957,"url":"https:\/\/daniellebeatrizmakeup.com.br\/loja\/wp-content\/uploads\/2023\/05\/lapis-retratil-preto-feels-mood-hb514-ruby-rose-e1711693904702.jpg","type":"image\/jpeg"}],"twitter_card":"summary_large_image","twitter_site":"@danibetriz","twitter_misc":{"Est. tempo de leitura":"1 minuto"},"schema":{"@context":"https:\/\/schema.org","@graph":[{"@type":"WebPage","@id":"https:\/\/daniellebeatrizmakeup.com.br\/loja\/lapis-retratil-preto-feels-mood-ruby-rose\/","url":"https:\/\/daniellebeatrizmakeup.com.br\/loja\/lapis-retratil-preto-feels-mood-ruby-rose\/","name":"L\u00e1pis Retr\u00e1til Preto Feels Mood Ruby Rose - Loja DB Makeup","isPartOf":{"@id":"https:\/\/daniellebeatrizmakeup.com.br\/loja\/#website"},"primaryImageOfPage":{"@id":"https:\/\/daniellebeatrizmakeup.com.br\/loja\/lapis-retratil-preto-feels-mood-ruby-rose\/#primaryimage"},"image":{"@id":"https:\/\/daniellebeatrizmakeup.com.br\/loja\/lapis-retratil-preto-feels-mood-ruby-rose\/#primaryimage"},"thumbnailUrl":"https:\/\/daniellebeatrizmakeup.com.br\/loja\/wp-content\/uploads\/2023\/05\/lapis-retratil-preto-feels-mood-hb514-ruby-rose-e1711693904702.jpg","datePublished":"2023-05-16T03:04:46+00:00","dateModified":"2024-12-03T03:00:20+00:00","description":"O L\u00e1pis Retr\u00e1til Para Olhos Preto da linha Feels Mood da Ruby Rose \u00e9 altamente pigmentado, com textura super macio, cremoso e secagem r\u00e1pida.","breadcrumb":{"@id":"https:\/\/daniellebeatrizmakeup.com.br\/loja\/lapis-retratil-preto-feels-mood-ruby-rose\/#breadcrumb"},"inLanguage":"pt-BR","potentialAction":[{"@type":"ReadAction","target":["https:\/\/daniellebeatrizmakeup.com.br\/loja\/lapis-retratil-preto-feels-mood-ruby-rose\/"]}]},{"@type":"ImageObject","inLanguage":"pt-BR","@id":"https:\/\/daniellebeatrizmakeup.com.br\/loja\/lapis-retratil-preto-feels-mood-ruby-rose\/#primaryimage","url":"https:\/\/daniellebeatrizmakeup.com.br\/loja\/wp-content\/uploads\/2023\/05\/lapis-retratil-preto-feels-mood-hb514-ruby-rose-e1711693904702.jpg","contentUrl":"https:\/\/daniellebeatrizmakeup.com.br\/loja\/wp-content\/uploads\/2023\/05\/lapis-retratil-preto-feels-mood-hb514-ruby-rose-e1711693904702.jpg","width":717,"height":957},{"@type":"BreadcrumbList","@id":"https:\/\/daniellebeatrizmakeup.com.br\/loja\/lapis-retratil-preto-feels-mood-ruby-rose\/#breadcrumb","itemListElement":[{"@type":"ListItem","position":1,"name":"In\u00edcio","item":"https:\/\/daniellebeatrizmakeup.com.br\/loja\/"},{"@type":"ListItem","position":2,"name":"Todos","item":"https:\/\/daniellebeatrizmakeup.com.br\/loja\/todos\/"},{"@type":"ListItem","position":3,"name":"L\u00e1pis Retr\u00e1til Preto Feels Mood Ruby Rose"}]},{"@type":"WebSite","@id":"https:\/\/daniellebeatrizmakeup.com.br\/loja\/#website","url":"https:\/\/daniellebeatrizmakeup.com.br\/loja\/","name":"Loja DB Makeup","description":"A melhor loja de maquiagem para real\u00e7ar a sua beleza","publisher":{"@id":"https:\/\/daniellebeatrizmakeup.com.br\/loja\/#organization"},"potentialAction":[{"@type":"SearchAction","target":{"@type":"EntryPoint","urlTemplate":"https:\/\/daniellebeatrizmakeup.com.br\/loja\/?s={search_term_string}"},"query-input":{"@type":"PropertyValueSpecification","valueRequired":true,"valueName":"search_term_string"}}],"inLanguage":"pt-BR"},{"@type":"Organization","@id":"https:\/\/daniellebeatrizmakeup.com.br\/loja\/#organization","name":"Danielle Beatriz Makeup","url":"https:\/\/daniellebeatrizmakeup.com.br\/loja\/","logo":{"@type":"ImageObject","inLanguage":"pt-BR","@id":"https:\/\/daniellebeatrizmakeup.com.br\/loja\/#\/schema\/logo\/image\/","url":"https:\/\/daniellebeatrizmakeup.com.br\/loja\/wp-content\/uploads\/2020\/10\/logo-loja-db-makeup.png","contentUrl":"https:\/\/daniellebeatrizmakeup.com.br\/loja\/wp-content\/uploads\/2020\/10\/logo-loja-db-makeup.png","width":500,"height":110,"caption":"Danielle Beatriz Makeup"},"image":{"@id":"https:\/\/daniellebeatrizmakeup.com.br\/loja\/#\/schema\/logo\/image\/"},"sameAs":["https:\/\/www.facebook.com\/daniellebeatrizmakeup","https:\/\/x.com\/danibetriz","https:\/\/www.instagram.com\/daniellebeatrizmakeup","https:\/\/pinterest.com\/daniellebeatrizmakeup","https:\/\/www.youtube.com\/DanielleBeatriz"]}]}},"jetpack_sharing_enabled":true,"_links":{"self":[{"href":"https:\/\/daniellebeatrizmakeup.com.br\/loja\/wp-json\/wp\/v2\/product\/55962","targetHints":{"allow":["GET"]}}],"collection":[{"href":"https:\/\/daniellebeatrizmakeup.com.br\/loja\/wp-json\/wp\/v2\/product"}],"about":[{"href":"https:\/\/daniellebeatrizmakeup.com.br\/loja\/wp-json\/wp\/v2\/types\/product"}],"replies":[{"embeddable":true,"href":"https:\/\/daniellebeatrizmakeup.com.br\/loja\/wp-json\/wp\/v2\/comments?post=55962"}],"version-history":[{"count":7,"href":"https:\/\/daniellebeatrizmakeup.com.br\/loja\/wp-json\/wp\/v2\/product\/55962\/revisions"}],"predecessor-version":[{"id":57741,"href":"https:\/\/daniellebeatrizmakeup.com.br\/loja\/wp-json\/wp\/v2\/product\/55962\/revisions\/57741"}],"wp:featuredmedia":[{"embeddable":true,"href":"https:\/\/daniellebeatrizmakeup.com.br\/loja\/wp-json\/wp\/v2\/media\/56589"}],"wp:attachment":[{"href":"https:\/\/daniellebeatrizmakeup.com.br\/loja\/wp-json\/wp\/v2\/media?parent=55962"}],"wp:term":[{"taxonomy":"product_brand","embeddable":true,"href":"https:\/\/daniellebeatrizmakeup.com.br\/loja\/wp-json\/wp\/v2\/product_brand?post=55962"},{"taxonomy":"product_cat","embeddable":true,"href":"https:\/\/daniellebeatrizmakeup.com.br\/loja\/wp-json\/wp\/v2\/product_cat?post=55962"},{"taxonomy":"product_tag","embeddable":true,"href":"https:\/\/daniellebeatrizmakeup.com.br\/loja\/wp-json\/wp\/v2\/product_tag?post=55962"},{"taxonomy":"woo-feed-brand","embeddable":true,"href":"https:\/\/daniellebeatrizmakeup.com.br\/loja\/wp-json\/wp\/v2\/woo-feed-brand?post=55962"}],"curies":[{"name":"wp","href":"https:\/\/api.w.org\/{rel}","templated":true}]}}