{"id":55949,"date":"2023-02-25T17:26:44","date_gmt":"2023-02-25T20:26:44","guid":{"rendered":"https:\/\/daniellebeatrizmakeup.com.br\/loja\/?post_type=product&#038;p=55949"},"modified":"2025-11-25T19:56:02","modified_gmt":"2025-11-25T22:56:02","slug":"kit-mini-ate-embaixo-dagua-maria-margarida","status":"publish","type":"product","link":"https:\/\/daniellebeatrizmakeup.com.br\/loja\/kit-mini-ate-embaixo-dagua-maria-margarida\/","title":{"rendered":"Kit Mini At\u00e9 Embaixo D\u00e1gua Maria Margarida"},"content":{"rendered":"<p>O Kit Mini At\u00e9 Embaixo D\u00e1gua da Maria Margarida \u00e9 uma edi\u00e7\u00e3o mais do que especial e limitada dos queridinhos da fam\u00edlia At\u00e9 Embaixo D\u2019\u00e1gua!<\/p>\n<p>Esse kit inclui vers\u00f5es em miniatura do Fixador At\u00e9 Embaixo D\u2019\u00e1gua, At\u00e9 Embaixo D\u2019\u00e1gua Drops e da Blindagem HD original! Em um tamanho perfeito para voc\u00ea levar na bolsa, n\u00e9cessaire de viagem, ou at\u00e9 mesmo para presentear! Voc\u00ea ainda pode adquiri-lo para testar os produtinhos pela primeira vez!<\/p>\n<p>Vamos conhecer cada um desses itens?<\/p>\n<ol>\n<li>Fixador At\u00e9 Embaixo D&#8217;\u00e1gua &#8211; Esse super fixador cria uma filme protetor que deixa sua maquiagem completamente \u00e0 prova d&#8217;\u00e1gua, atrito e transfer\u00eancia! Voc\u00ea pode entrar embaixo do chuveiro ou nadar por a\u00ed como uma sereia e sua make vai continuar intacta!! Usar o At\u00e9 Embaixo D\u00b4\u00e1gua \u00e9 bem f\u00e1cil! Quando sua make estiver completa, basta dar uma leve borrifada e prontinho! Lembre que, como ele forma um filme protetor, depois de secar voc\u00ea n\u00e3o vai mais conseguir esfumar nenhum produto! Ent\u00e3o ele tem que ser o \u00faltimo passo da make, a cereja do bolo!<\/li>\n<li>At\u00e9 Embaixo D&#8217;\u00e1gua Drops &#8211; Ele funciona como uma esp\u00e9cie de colinha que faz todas as camadas da maquiagem aderirem bem uma a outra, levando sua make para um outro n\u00edvel de fixa\u00e7\u00e3o! Para completar, ap\u00f3s secar, o Drops forma um filme \u00e0 prova d\u00b4\u00e1gua! Make ultra fixada e \u00e0 prova d&#8217;\u00e1gua! Pode ser usado direto na pele ou misturado na base.<\/li>\n<li>Blindagem HD Original &#8211; Uma blindagem desenvolvida especialmente para dar acabamento HD e deixar sua maquiagem \u00e0 prova d&#8217;\u00e1gua! Sabe aquela pele cl\u00e1ssica que sempre aparece no atendimento, com textura e leves descama\u00e7\u00f5es? A Blindagem At\u00e9 Embaixo D&#8217;\u00e1gua HD faz essas texturas se transformarem! O efeito HD \u00e9 a maneira como o produto reflete a luz, assim a Blindagem At\u00e9 Embaixo D&#8217;\u00e1gua HD cria um efeito aveludado, diminuindo a apar\u00eancia de texturas na pele! Al\u00e9m disso, ela conta com silicones especiais que devolvem maciez e emoli\u00eancia \u00e0 pele, deixando um aspecto vi\u00e7oso e natural sem aquelas descama\u00e7\u00f5es aparentes! Funcionando at\u00e9 mesmo com bases bem baratinhas que n\u00e3o entregam muito! Voc\u00ea vai ver ela se transformar em poucas gotinhas!<\/li>\n<\/ol>\n<p>&nbsp;<\/p>\n<p>Esse super kit cont\u00e9m:<br \/>\n1 mini fixador at\u00e9 embaixo d&#8217;\u00e1gua (35 ml)<br \/>\n1 mini Blindagem HD tradicional (15 ml)<br \/>\n1 mini At\u00e9 Embaixo D&#8217;\u00e1gua Drops (10 ml)<\/p>\n<p>Com f\u00f3rmulas id\u00eanticas a vers\u00e3o Full size!<\/p>\n","protected":false},"excerpt":{"rendered":"<p>O Kit Mini At\u00e9 Embaixo D\u00e1gua da Maria Margarida \u00e9 uma edi\u00e7\u00e3o mais do que especial e limitada dos queridinhos da fam\u00edlia At\u00e9 Embaixo D\u2019\u00e1gua! Esse kit inclui vers\u00f5es em miniatura do Fixador At\u00e9 Embaixo D\u2019\u00e1gua, At\u00e9 Embaixo D\u2019\u00e1gua Drops e da Blindagem HD original! Em um tamanho perfeito para voc\u00ea levar na bolsa, n\u00e9cessaire de viagem, ou at\u00e9 mesmo para presentear! Voc\u00ea ainda pode adquiri-lo para testar os produtinhos pela primeira vez! Com f\u00f3rmulas id\u00eanticas a vers\u00e3o Full size!<\/p>\n","protected":false},"featured_media":56061,"comment_status":"open","ping_status":"closed","template":"","meta":{"_mbp_gutenberg_autopost":false},"product_brand":[],"product_cat":[838,748,709,746,322,73,78],"product_tag":[145],"woo-feed-brand":[],"class_list":{"0":"post-55949","1":"product","2":"type-product","3":"status-publish","4":"has-post-thumbnail","6":"product_cat-ate-embaixo-dagua","7":"product_cat-blindagem","8":"product_cat-diluidor","9":"product_cat-fixador","10":"product_cat-kit-de-maquiagem","11":"product_cat-maria-margarida","12":"product_cat-rosto","13":"product_tag-maria-margarida","14":"yith_product_brand-maria-margarida","16":"first","17":"outofstock","18":"featured","19":"shipping-taxable","20":"purchasable","21":"product-type-simple"},"yoast_head":"<!-- This site is optimized with the Yoast SEO plugin v27.3 - https:\/\/yoast.com\/product\/yoast-seo-wordpress\/ -->\n<title>Kit Mini At\u00e9 Embaixo D\u00e1gua Maria Margarida - Loja DB Makeup<\/title>\n<meta name=\"description\" content=\"Kit Mini At\u00e9 Embaixo D\u00e1gua da Maria Margarida \u00e9 uma edi\u00e7\u00e3o especial que inclui vers\u00f5es em miniatura do Fixador, Drops e da Blindagem HD original!\" \/>\n<meta name=\"robots\" content=\"index, follow, max-snippet:-1, max-image-preview:large, max-video-preview:-1\" \/>\n<link rel=\"canonical\" href=\"https:\/\/daniellebeatrizmakeup.com.br\/loja\/kit-mini-ate-embaixo-dagua-maria-margarida\/\" \/>\n<meta property=\"og:locale\" content=\"pt_BR\" \/>\n<meta property=\"og:type\" content=\"article\" \/>\n<meta property=\"og:title\" content=\"Kit Mini At\u00e9 Embaixo D\u00e1gua Maria Margarida - Loja DB Makeup\" \/>\n<meta property=\"og:description\" content=\"Kit Mini At\u00e9 Embaixo D\u00e1gua da Maria Margarida \u00e9 uma edi\u00e7\u00e3o especial que inclui vers\u00f5es em miniatura do Fixador, Drops e da Blindagem HD original!\" \/>\n<meta property=\"og:url\" content=\"https:\/\/daniellebeatrizmakeup.com.br\/loja\/kit-mini-ate-embaixo-dagua-maria-margarida\/\" \/>\n<meta property=\"og:site_name\" content=\"Loja DB Makeup\" \/>\n<meta property=\"article:publisher\" content=\"https:\/\/www.facebook.com\/daniellebeatrizmakeup\" \/>\n<meta property=\"article:modified_time\" content=\"2025-11-25T22:56:02+00:00\" \/>\n<meta property=\"og:image\" content=\"https:\/\/daniellebeatrizmakeup.com.br\/loja\/wp-content\/uploads\/2023\/02\/b357562c-43f1-449f-a5f6-6085354d77d3.jpeg\" \/>\n\t<meta property=\"og:image:width\" content=\"1025\" \/>\n\t<meta property=\"og:image:height\" content=\"1280\" \/>\n\t<meta property=\"og:image:type\" content=\"image\/jpeg\" \/>\n<meta name=\"twitter:card\" content=\"summary_large_image\" \/>\n<meta name=\"twitter:site\" content=\"@danibetriz\" \/>\n<meta name=\"twitter:label1\" content=\"Est. tempo de leitura\" \/>\n\t<meta name=\"twitter:data1\" content=\"2 minutos\" \/>\n<script type=\"application\/ld+json\" class=\"yoast-schema-graph\">{\"@context\":\"https:\\\/\\\/schema.org\",\"@graph\":[{\"@type\":\"WebPage\",\"@id\":\"https:\\\/\\\/daniellebeatrizmakeup.com.br\\\/loja\\\/kit-mini-ate-embaixo-dagua-maria-margarida\\\/\",\"url\":\"https:\\\/\\\/daniellebeatrizmakeup.com.br\\\/loja\\\/kit-mini-ate-embaixo-dagua-maria-margarida\\\/\",\"name\":\"Kit Mini At\u00e9 Embaixo D\u00e1gua Maria Margarida - Loja DB Makeup\",\"isPartOf\":{\"@id\":\"https:\\\/\\\/daniellebeatrizmakeup.com.br\\\/loja\\\/#website\"},\"primaryImageOfPage\":{\"@id\":\"https:\\\/\\\/daniellebeatrizmakeup.com.br\\\/loja\\\/kit-mini-ate-embaixo-dagua-maria-margarida\\\/#primaryimage\"},\"image\":{\"@id\":\"https:\\\/\\\/daniellebeatrizmakeup.com.br\\\/loja\\\/kit-mini-ate-embaixo-dagua-maria-margarida\\\/#primaryimage\"},\"thumbnailUrl\":\"https:\\\/\\\/daniellebeatrizmakeup.com.br\\\/loja\\\/wp-content\\\/uploads\\\/2023\\\/02\\\/b357562c-43f1-449f-a5f6-6085354d77d3.jpeg\",\"datePublished\":\"2023-02-25T20:26:44+00:00\",\"dateModified\":\"2025-11-25T22:56:02+00:00\",\"description\":\"Kit Mini At\u00e9 Embaixo D\u00e1gua da Maria Margarida \u00e9 uma edi\u00e7\u00e3o especial que inclui vers\u00f5es em miniatura do Fixador, Drops e da Blindagem HD original!\",\"breadcrumb\":{\"@id\":\"https:\\\/\\\/daniellebeatrizmakeup.com.br\\\/loja\\\/kit-mini-ate-embaixo-dagua-maria-margarida\\\/#breadcrumb\"},\"inLanguage\":\"pt-BR\",\"potentialAction\":[{\"@type\":\"ReadAction\",\"target\":[\"https:\\\/\\\/daniellebeatrizmakeup.com.br\\\/loja\\\/kit-mini-ate-embaixo-dagua-maria-margarida\\\/\"]}]},{\"@type\":\"ImageObject\",\"inLanguage\":\"pt-BR\",\"@id\":\"https:\\\/\\\/daniellebeatrizmakeup.com.br\\\/loja\\\/kit-mini-ate-embaixo-dagua-maria-margarida\\\/#primaryimage\",\"url\":\"https:\\\/\\\/daniellebeatrizmakeup.com.br\\\/loja\\\/wp-content\\\/uploads\\\/2023\\\/02\\\/b357562c-43f1-449f-a5f6-6085354d77d3.jpeg\",\"contentUrl\":\"https:\\\/\\\/daniellebeatrizmakeup.com.br\\\/loja\\\/wp-content\\\/uploads\\\/2023\\\/02\\\/b357562c-43f1-449f-a5f6-6085354d77d3.jpeg\",\"width\":1025,\"height\":1280},{\"@type\":\"BreadcrumbList\",\"@id\":\"https:\\\/\\\/daniellebeatrizmakeup.com.br\\\/loja\\\/kit-mini-ate-embaixo-dagua-maria-margarida\\\/#breadcrumb\",\"itemListElement\":[{\"@type\":\"ListItem\",\"position\":1,\"name\":\"In\u00edcio\",\"item\":\"https:\\\/\\\/daniellebeatrizmakeup.com.br\\\/loja\\\/\"},{\"@type\":\"ListItem\",\"position\":2,\"name\":\"Todos\",\"item\":\"https:\\\/\\\/daniellebeatrizmakeup.com.br\\\/loja\\\/todos\\\/\"},{\"@type\":\"ListItem\",\"position\":3,\"name\":\"Kit Mini At\u00e9 Embaixo D\u00e1gua Maria Margarida\"}]},{\"@type\":\"WebSite\",\"@id\":\"https:\\\/\\\/daniellebeatrizmakeup.com.br\\\/loja\\\/#website\",\"url\":\"https:\\\/\\\/daniellebeatrizmakeup.com.br\\\/loja\\\/\",\"name\":\"Loja DB Makeup\",\"description\":\"A melhor loja de maquiagem para real\u00e7ar a sua beleza\",\"publisher\":{\"@id\":\"https:\\\/\\\/daniellebeatrizmakeup.com.br\\\/loja\\\/#organization\"},\"potentialAction\":[{\"@type\":\"SearchAction\",\"target\":{\"@type\":\"EntryPoint\",\"urlTemplate\":\"https:\\\/\\\/daniellebeatrizmakeup.com.br\\\/loja\\\/?s={search_term_string}\"},\"query-input\":{\"@type\":\"PropertyValueSpecification\",\"valueRequired\":true,\"valueName\":\"search_term_string\"}}],\"inLanguage\":\"pt-BR\"},{\"@type\":\"Organization\",\"@id\":\"https:\\\/\\\/daniellebeatrizmakeup.com.br\\\/loja\\\/#organization\",\"name\":\"Danielle Beatriz Makeup\",\"url\":\"https:\\\/\\\/daniellebeatrizmakeup.com.br\\\/loja\\\/\",\"logo\":{\"@type\":\"ImageObject\",\"inLanguage\":\"pt-BR\",\"@id\":\"https:\\\/\\\/daniellebeatrizmakeup.com.br\\\/loja\\\/#\\\/schema\\\/logo\\\/image\\\/\",\"url\":\"https:\\\/\\\/daniellebeatrizmakeup.com.br\\\/loja\\\/wp-content\\\/uploads\\\/2020\\\/10\\\/logo-loja-db-makeup.png\",\"contentUrl\":\"https:\\\/\\\/daniellebeatrizmakeup.com.br\\\/loja\\\/wp-content\\\/uploads\\\/2020\\\/10\\\/logo-loja-db-makeup.png\",\"width\":500,\"height\":110,\"caption\":\"Danielle Beatriz Makeup\"},\"image\":{\"@id\":\"https:\\\/\\\/daniellebeatrizmakeup.com.br\\\/loja\\\/#\\\/schema\\\/logo\\\/image\\\/\"},\"sameAs\":[\"https:\\\/\\\/www.facebook.com\\\/daniellebeatrizmakeup\",\"https:\\\/\\\/x.com\\\/danibetriz\",\"https:\\\/\\\/www.instagram.com\\\/daniellebeatrizmakeup\",\"https:\\\/\\\/pinterest.com\\\/daniellebeatrizmakeup\",\"https:\\\/\\\/www.youtube.com\\\/DanielleBeatriz\"]}]}<\/script>\n<!-- \/ Yoast SEO plugin. -->","yoast_head_json":{"title":"Kit Mini At\u00e9 Embaixo D\u00e1gua Maria Margarida - Loja DB Makeup","description":"Kit Mini At\u00e9 Embaixo D\u00e1gua da Maria Margarida \u00e9 uma edi\u00e7\u00e3o especial que inclui vers\u00f5es em miniatura do Fixador, Drops e da Blindagem HD original!","robots":{"index":"index","follow":"follow","max-snippet":"max-snippet:-1","max-image-preview":"max-image-preview:large","max-video-preview":"max-video-preview:-1"},"canonical":"https:\/\/daniellebeatrizmakeup.com.br\/loja\/kit-mini-ate-embaixo-dagua-maria-margarida\/","og_locale":"pt_BR","og_type":"article","og_title":"Kit Mini At\u00e9 Embaixo D\u00e1gua Maria Margarida - Loja DB Makeup","og_description":"Kit Mini At\u00e9 Embaixo D\u00e1gua da Maria Margarida \u00e9 uma edi\u00e7\u00e3o especial que inclui vers\u00f5es em miniatura do Fixador, Drops e da Blindagem HD original!","og_url":"https:\/\/daniellebeatrizmakeup.com.br\/loja\/kit-mini-ate-embaixo-dagua-maria-margarida\/","og_site_name":"Loja DB Makeup","article_publisher":"https:\/\/www.facebook.com\/daniellebeatrizmakeup","article_modified_time":"2025-11-25T22:56:02+00:00","og_image":[{"width":1025,"height":1280,"url":"https:\/\/daniellebeatrizmakeup.com.br\/loja\/wp-content\/uploads\/2023\/02\/b357562c-43f1-449f-a5f6-6085354d77d3.jpeg","type":"image\/jpeg"}],"twitter_card":"summary_large_image","twitter_site":"@danibetriz","twitter_misc":{"Est. tempo de leitura":"2 minutos"},"schema":{"@context":"https:\/\/schema.org","@graph":[{"@type":"WebPage","@id":"https:\/\/daniellebeatrizmakeup.com.br\/loja\/kit-mini-ate-embaixo-dagua-maria-margarida\/","url":"https:\/\/daniellebeatrizmakeup.com.br\/loja\/kit-mini-ate-embaixo-dagua-maria-margarida\/","name":"Kit Mini At\u00e9 Embaixo D\u00e1gua Maria Margarida - Loja DB Makeup","isPartOf":{"@id":"https:\/\/daniellebeatrizmakeup.com.br\/loja\/#website"},"primaryImageOfPage":{"@id":"https:\/\/daniellebeatrizmakeup.com.br\/loja\/kit-mini-ate-embaixo-dagua-maria-margarida\/#primaryimage"},"image":{"@id":"https:\/\/daniellebeatrizmakeup.com.br\/loja\/kit-mini-ate-embaixo-dagua-maria-margarida\/#primaryimage"},"thumbnailUrl":"https:\/\/daniellebeatrizmakeup.com.br\/loja\/wp-content\/uploads\/2023\/02\/b357562c-43f1-449f-a5f6-6085354d77d3.jpeg","datePublished":"2023-02-25T20:26:44+00:00","dateModified":"2025-11-25T22:56:02+00:00","description":"Kit Mini At\u00e9 Embaixo D\u00e1gua da Maria Margarida \u00e9 uma edi\u00e7\u00e3o especial que inclui vers\u00f5es em miniatura do Fixador, Drops e da Blindagem HD original!","breadcrumb":{"@id":"https:\/\/daniellebeatrizmakeup.com.br\/loja\/kit-mini-ate-embaixo-dagua-maria-margarida\/#breadcrumb"},"inLanguage":"pt-BR","potentialAction":[{"@type":"ReadAction","target":["https:\/\/daniellebeatrizmakeup.com.br\/loja\/kit-mini-ate-embaixo-dagua-maria-margarida\/"]}]},{"@type":"ImageObject","inLanguage":"pt-BR","@id":"https:\/\/daniellebeatrizmakeup.com.br\/loja\/kit-mini-ate-embaixo-dagua-maria-margarida\/#primaryimage","url":"https:\/\/daniellebeatrizmakeup.com.br\/loja\/wp-content\/uploads\/2023\/02\/b357562c-43f1-449f-a5f6-6085354d77d3.jpeg","contentUrl":"https:\/\/daniellebeatrizmakeup.com.br\/loja\/wp-content\/uploads\/2023\/02\/b357562c-43f1-449f-a5f6-6085354d77d3.jpeg","width":1025,"height":1280},{"@type":"BreadcrumbList","@id":"https:\/\/daniellebeatrizmakeup.com.br\/loja\/kit-mini-ate-embaixo-dagua-maria-margarida\/#breadcrumb","itemListElement":[{"@type":"ListItem","position":1,"name":"In\u00edcio","item":"https:\/\/daniellebeatrizmakeup.com.br\/loja\/"},{"@type":"ListItem","position":2,"name":"Todos","item":"https:\/\/daniellebeatrizmakeup.com.br\/loja\/todos\/"},{"@type":"ListItem","position":3,"name":"Kit Mini At\u00e9 Embaixo D\u00e1gua Maria Margarida"}]},{"@type":"WebSite","@id":"https:\/\/daniellebeatrizmakeup.com.br\/loja\/#website","url":"https:\/\/daniellebeatrizmakeup.com.br\/loja\/","name":"Loja DB Makeup","description":"A melhor loja de maquiagem para real\u00e7ar a sua beleza","publisher":{"@id":"https:\/\/daniellebeatrizmakeup.com.br\/loja\/#organization"},"potentialAction":[{"@type":"SearchAction","target":{"@type":"EntryPoint","urlTemplate":"https:\/\/daniellebeatrizmakeup.com.br\/loja\/?s={search_term_string}"},"query-input":{"@type":"PropertyValueSpecification","valueRequired":true,"valueName":"search_term_string"}}],"inLanguage":"pt-BR"},{"@type":"Organization","@id":"https:\/\/daniellebeatrizmakeup.com.br\/loja\/#organization","name":"Danielle Beatriz Makeup","url":"https:\/\/daniellebeatrizmakeup.com.br\/loja\/","logo":{"@type":"ImageObject","inLanguage":"pt-BR","@id":"https:\/\/daniellebeatrizmakeup.com.br\/loja\/#\/schema\/logo\/image\/","url":"https:\/\/daniellebeatrizmakeup.com.br\/loja\/wp-content\/uploads\/2020\/10\/logo-loja-db-makeup.png","contentUrl":"https:\/\/daniellebeatrizmakeup.com.br\/loja\/wp-content\/uploads\/2020\/10\/logo-loja-db-makeup.png","width":500,"height":110,"caption":"Danielle Beatriz Makeup"},"image":{"@id":"https:\/\/daniellebeatrizmakeup.com.br\/loja\/#\/schema\/logo\/image\/"},"sameAs":["https:\/\/www.facebook.com\/daniellebeatrizmakeup","https:\/\/x.com\/danibetriz","https:\/\/www.instagram.com\/daniellebeatrizmakeup","https:\/\/pinterest.com\/daniellebeatrizmakeup","https:\/\/www.youtube.com\/DanielleBeatriz"]}]}},"jetpack_sharing_enabled":true,"_links":{"self":[{"href":"https:\/\/daniellebeatrizmakeup.com.br\/loja\/wp-json\/wp\/v2\/product\/55949","targetHints":{"allow":["GET"]}}],"collection":[{"href":"https:\/\/daniellebeatrizmakeup.com.br\/loja\/wp-json\/wp\/v2\/product"}],"about":[{"href":"https:\/\/daniellebeatrizmakeup.com.br\/loja\/wp-json\/wp\/v2\/types\/product"}],"replies":[{"embeddable":true,"href":"https:\/\/daniellebeatrizmakeup.com.br\/loja\/wp-json\/wp\/v2\/comments?post=55949"}],"version-history":[{"count":2,"href":"https:\/\/daniellebeatrizmakeup.com.br\/loja\/wp-json\/wp\/v2\/product\/55949\/revisions"}],"predecessor-version":[{"id":56071,"href":"https:\/\/daniellebeatrizmakeup.com.br\/loja\/wp-json\/wp\/v2\/product\/55949\/revisions\/56071"}],"wp:featuredmedia":[{"embeddable":true,"href":"https:\/\/daniellebeatrizmakeup.com.br\/loja\/wp-json\/wp\/v2\/media\/56061"}],"wp:attachment":[{"href":"https:\/\/daniellebeatrizmakeup.com.br\/loja\/wp-json\/wp\/v2\/media?parent=55949"}],"wp:term":[{"taxonomy":"product_brand","embeddable":true,"href":"https:\/\/daniellebeatrizmakeup.com.br\/loja\/wp-json\/wp\/v2\/product_brand?post=55949"},{"taxonomy":"product_cat","embeddable":true,"href":"https:\/\/daniellebeatrizmakeup.com.br\/loja\/wp-json\/wp\/v2\/product_cat?post=55949"},{"taxonomy":"product_tag","embeddable":true,"href":"https:\/\/daniellebeatrizmakeup.com.br\/loja\/wp-json\/wp\/v2\/product_tag?post=55949"},{"taxonomy":"woo-feed-brand","embeddable":true,"href":"https:\/\/daniellebeatrizmakeup.com.br\/loja\/wp-json\/wp\/v2\/woo-feed-brand?post=55949"}],"curies":[{"name":"wp","href":"https:\/\/api.w.org\/{rel}","templated":true}]}}