{"id":55575,"date":"2022-12-14T18:04:18","date_gmt":"2022-12-14T21:04:18","guid":{"rendered":"https:\/\/daniellebeatrizmakeup.com.br\/loja\/?post_type=product&#038;p=55575"},"modified":"2025-12-17T12:33:58","modified_gmt":"2025-12-17T15:33:58","slug":"pincel-base-kabuki-fairy-tale-maria-margarida","status":"publish","type":"product","link":"https:\/\/daniellebeatrizmakeup.com.br\/loja\/pincel-base-kabuki-fairy-tale-maria-margarida\/","title":{"rendered":"Pincel Base Kabuki Fairy Tale Maria Margarida"},"content":{"rendered":"<p style=\"font-weight: 400;\">O Pincel Base Kabuki da linha Fairy Tale da <a href=\"https:\/\/daniellebeatrizmakeup.com.br\/loja\/maria-margarida\/\">Maria Margarida<\/a> apresenta o topo reto com cerdas sint\u00e9ticas. O pincel FT11 \u00e9 ideal para aplica\u00e7\u00e3o de base cremosa ou l\u00edquida com perfei\u00e7\u00e3o. Essa linha foi desenvolvida em tons rose e branco, dando um aspecto original e charmoso seguindo a tend\u00eancia internacional de tons rose que j\u00e1 se tornou um cl\u00e1ssico.<\/p>\n<p>Tamanho: Comprimento (16,2cm), Comprimento Cerdas (2,5cm), Largura Cerdas (2,4cm).<\/p>\n<h2>Conhe\u00e7a um pouco mais sobre as cerdas do Pincel Base Kabuki Fairy Tale<\/h2>\n<p><span>Entre as principais caracter\u00edsticas que determinam a qualidade das cerdas est\u00e3o a ponta mais fina que a base da cerda e sua elasticidade (o quanto ela se movimenta para os lados quando aplicamos o produto)! A cerda High Pending \u00e9 mais encorpada, tem mais massa interna! Isso faz com que ela seja mais firme que uma cerda sint\u00e9tica normal. Assim, ela d\u00e1 um polimento DIVINO! J\u00e1 a pontinha dessa cerda se assemelha muito ao formato da cerda natural (mais grossa na base e vai afinando, assim como nosso cabelo, por exemplo). Essa pontinha mais fina \u00e9 o que permite construir camadas super naturais na pele!<\/span><\/p>\n<h2>Dicas de cuidados<\/h2>\n<ul>\n<li>Mantenha a <a href=\"https:\/\/www.instagram.com\/p\/Bzyvuhpgcsq\/\">higieniza\u00e7\u00e3o dos pinc\u00e9is<\/a> com produtos adequados, dessa forma as cerdas continuar\u00e3o sempre macias, livres de fungos e bact\u00e9rias.<\/li>\n<li>Com as cerdas para baixo lave com sab\u00e3o neutro, em seguida enx\u00e1gue e remova o excesso de \u00e1gua apertando com os dedos. Deixe secar na posi\u00e7\u00e3o horizontal, e evite molhar o cabo.<\/li>\n<li>O intervalo entre cada lavagem ser\u00e1 de acordo com o seu uso, se usar muito, lave com frequ\u00eancia.<\/li>\n<\/ul>\n","protected":false},"excerpt":{"rendered":"<p>O Pincel Base Kabuki da linha Fairy Tale da Maria Margarida apresenta o topo reto com cerdas sint\u00e9ticas. O pincel FT11 \u00e9 ideal para aplica\u00e7\u00e3o de base cremosa ou l\u00edquida com perfei\u00e7\u00e3o.<\/p>\n","protected":false},"featured_media":55659,"comment_status":"open","ping_status":"closed","template":"","meta":{"_mbp_gutenberg_autopost":false},"product_brand":[],"product_cat":[313,73,133,311],"product_tag":[145],"woo-feed-brand":[],"class_list":{"0":"post-55575","1":"product","2":"type-product","3":"status-publish","4":"has-post-thumbnail","6":"product_cat-pincel-individual","7":"product_cat-maria-margarida","8":"product_cat-pinceis","9":"product_cat-pincel-para-pele","10":"product_tag-maria-margarida","11":"yith_product_brand-maria-margarida","13":"first","14":"outofstock","15":"shipping-taxable","16":"purchasable","17":"product-type-simple"},"yoast_head":"<!-- This site is optimized with the Yoast SEO plugin v27.3 - https:\/\/yoast.com\/product\/yoast-seo-wordpress\/ -->\n<title>Pincel Base Kabuki Fairy Tale Maria Margarida - Loja DB Makeup<\/title>\n<meta name=\"description\" content=\"O Pincel Base Kabuki Fairy Tale da Maria Margarida possui topo reto com cerdas sint\u00e9ticas, ideal para aplica\u00e7\u00e3o de base cremosa ou l\u00edquida.\" \/>\n<meta name=\"robots\" content=\"index, follow, max-snippet:-1, max-image-preview:large, max-video-preview:-1\" \/>\n<link rel=\"canonical\" href=\"https:\/\/daniellebeatrizmakeup.com.br\/loja\/pincel-base-kabuki-fairy-tale-maria-margarida\/\" \/>\n<meta property=\"og:locale\" content=\"pt_BR\" \/>\n<meta property=\"og:type\" content=\"article\" \/>\n<meta property=\"og:title\" content=\"Pincel Base Kabuki Fairy Tale Maria Margarida - Loja DB Makeup\" \/>\n<meta property=\"og:description\" content=\"O Pincel Base Kabuki Fairy Tale da Maria Margarida possui topo reto com cerdas sint\u00e9ticas, ideal para aplica\u00e7\u00e3o de base cremosa ou l\u00edquida.\" \/>\n<meta property=\"og:url\" content=\"https:\/\/daniellebeatrizmakeup.com.br\/loja\/pincel-base-kabuki-fairy-tale-maria-margarida\/\" \/>\n<meta property=\"og:site_name\" content=\"Loja DB Makeup\" \/>\n<meta property=\"article:publisher\" content=\"https:\/\/www.facebook.com\/daniellebeatrizmakeup\" \/>\n<meta property=\"article:modified_time\" content=\"2025-12-17T15:33:58+00:00\" \/>\n<meta property=\"og:image\" content=\"https:\/\/daniellebeatrizmakeup.com.br\/loja\/wp-content\/uploads\/2022\/12\/FT11-3-scaled-e1673758864777.jpg\" \/>\n\t<meta property=\"og:image:width\" content=\"1707\" \/>\n\t<meta property=\"og:image:height\" content=\"2560\" \/>\n\t<meta property=\"og:image:type\" content=\"image\/jpeg\" \/>\n<meta name=\"twitter:card\" content=\"summary_large_image\" \/>\n<meta name=\"twitter:site\" content=\"@danibetriz\" \/>\n<meta name=\"twitter:label1\" content=\"Est. tempo de leitura\" \/>\n\t<meta name=\"twitter:data1\" content=\"1 minuto\" \/>\n<script type=\"application\/ld+json\" class=\"yoast-schema-graph\">{\"@context\":\"https:\\\/\\\/schema.org\",\"@graph\":[{\"@type\":\"WebPage\",\"@id\":\"https:\\\/\\\/daniellebeatrizmakeup.com.br\\\/loja\\\/pincel-base-kabuki-fairy-tale-maria-margarida\\\/\",\"url\":\"https:\\\/\\\/daniellebeatrizmakeup.com.br\\\/loja\\\/pincel-base-kabuki-fairy-tale-maria-margarida\\\/\",\"name\":\"Pincel Base Kabuki Fairy Tale Maria Margarida - Loja DB Makeup\",\"isPartOf\":{\"@id\":\"https:\\\/\\\/daniellebeatrizmakeup.com.br\\\/loja\\\/#website\"},\"primaryImageOfPage\":{\"@id\":\"https:\\\/\\\/daniellebeatrizmakeup.com.br\\\/loja\\\/pincel-base-kabuki-fairy-tale-maria-margarida\\\/#primaryimage\"},\"image\":{\"@id\":\"https:\\\/\\\/daniellebeatrizmakeup.com.br\\\/loja\\\/pincel-base-kabuki-fairy-tale-maria-margarida\\\/#primaryimage\"},\"thumbnailUrl\":\"https:\\\/\\\/daniellebeatrizmakeup.com.br\\\/loja\\\/wp-content\\\/uploads\\\/2022\\\/12\\\/FT11-3-scaled-e1673758864777.jpg\",\"datePublished\":\"2022-12-14T21:04:18+00:00\",\"dateModified\":\"2025-12-17T15:33:58+00:00\",\"description\":\"O Pincel Base Kabuki Fairy Tale da Maria Margarida possui topo reto com cerdas sint\u00e9ticas, ideal para aplica\u00e7\u00e3o de base cremosa ou l\u00edquida.\",\"breadcrumb\":{\"@id\":\"https:\\\/\\\/daniellebeatrizmakeup.com.br\\\/loja\\\/pincel-base-kabuki-fairy-tale-maria-margarida\\\/#breadcrumb\"},\"inLanguage\":\"pt-BR\",\"potentialAction\":[{\"@type\":\"ReadAction\",\"target\":[\"https:\\\/\\\/daniellebeatrizmakeup.com.br\\\/loja\\\/pincel-base-kabuki-fairy-tale-maria-margarida\\\/\"]}]},{\"@type\":\"ImageObject\",\"inLanguage\":\"pt-BR\",\"@id\":\"https:\\\/\\\/daniellebeatrizmakeup.com.br\\\/loja\\\/pincel-base-kabuki-fairy-tale-maria-margarida\\\/#primaryimage\",\"url\":\"https:\\\/\\\/daniellebeatrizmakeup.com.br\\\/loja\\\/wp-content\\\/uploads\\\/2022\\\/12\\\/FT11-3-scaled-e1673758864777.jpg\",\"contentUrl\":\"https:\\\/\\\/daniellebeatrizmakeup.com.br\\\/loja\\\/wp-content\\\/uploads\\\/2022\\\/12\\\/FT11-3-scaled-e1673758864777.jpg\",\"width\":1707,\"height\":2560},{\"@type\":\"BreadcrumbList\",\"@id\":\"https:\\\/\\\/daniellebeatrizmakeup.com.br\\\/loja\\\/pincel-base-kabuki-fairy-tale-maria-margarida\\\/#breadcrumb\",\"itemListElement\":[{\"@type\":\"ListItem\",\"position\":1,\"name\":\"In\u00edcio\",\"item\":\"https:\\\/\\\/daniellebeatrizmakeup.com.br\\\/loja\\\/\"},{\"@type\":\"ListItem\",\"position\":2,\"name\":\"Todos\",\"item\":\"https:\\\/\\\/daniellebeatrizmakeup.com.br\\\/loja\\\/todos\\\/\"},{\"@type\":\"ListItem\",\"position\":3,\"name\":\"Pincel Base Kabuki Fairy Tale Maria Margarida\"}]},{\"@type\":\"WebSite\",\"@id\":\"https:\\\/\\\/daniellebeatrizmakeup.com.br\\\/loja\\\/#website\",\"url\":\"https:\\\/\\\/daniellebeatrizmakeup.com.br\\\/loja\\\/\",\"name\":\"Loja DB Makeup\",\"description\":\"A melhor loja de maquiagem para real\u00e7ar a sua beleza\",\"publisher\":{\"@id\":\"https:\\\/\\\/daniellebeatrizmakeup.com.br\\\/loja\\\/#organization\"},\"potentialAction\":[{\"@type\":\"SearchAction\",\"target\":{\"@type\":\"EntryPoint\",\"urlTemplate\":\"https:\\\/\\\/daniellebeatrizmakeup.com.br\\\/loja\\\/?s={search_term_string}\"},\"query-input\":{\"@type\":\"PropertyValueSpecification\",\"valueRequired\":true,\"valueName\":\"search_term_string\"}}],\"inLanguage\":\"pt-BR\"},{\"@type\":\"Organization\",\"@id\":\"https:\\\/\\\/daniellebeatrizmakeup.com.br\\\/loja\\\/#organization\",\"name\":\"Danielle Beatriz Makeup\",\"url\":\"https:\\\/\\\/daniellebeatrizmakeup.com.br\\\/loja\\\/\",\"logo\":{\"@type\":\"ImageObject\",\"inLanguage\":\"pt-BR\",\"@id\":\"https:\\\/\\\/daniellebeatrizmakeup.com.br\\\/loja\\\/#\\\/schema\\\/logo\\\/image\\\/\",\"url\":\"https:\\\/\\\/daniellebeatrizmakeup.com.br\\\/loja\\\/wp-content\\\/uploads\\\/2020\\\/10\\\/logo-loja-db-makeup.png\",\"contentUrl\":\"https:\\\/\\\/daniellebeatrizmakeup.com.br\\\/loja\\\/wp-content\\\/uploads\\\/2020\\\/10\\\/logo-loja-db-makeup.png\",\"width\":500,\"height\":110,\"caption\":\"Danielle Beatriz Makeup\"},\"image\":{\"@id\":\"https:\\\/\\\/daniellebeatrizmakeup.com.br\\\/loja\\\/#\\\/schema\\\/logo\\\/image\\\/\"},\"sameAs\":[\"https:\\\/\\\/www.facebook.com\\\/daniellebeatrizmakeup\",\"https:\\\/\\\/x.com\\\/danibetriz\",\"https:\\\/\\\/www.instagram.com\\\/daniellebeatrizmakeup\",\"https:\\\/\\\/pinterest.com\\\/daniellebeatrizmakeup\",\"https:\\\/\\\/www.youtube.com\\\/DanielleBeatriz\"]}]}<\/script>\n<!-- \/ Yoast SEO plugin. -->","yoast_head_json":{"title":"Pincel Base Kabuki Fairy Tale Maria Margarida - Loja DB Makeup","description":"O Pincel Base Kabuki Fairy Tale da Maria Margarida possui topo reto com cerdas sint\u00e9ticas, ideal para aplica\u00e7\u00e3o de base cremosa ou l\u00edquida.","robots":{"index":"index","follow":"follow","max-snippet":"max-snippet:-1","max-image-preview":"max-image-preview:large","max-video-preview":"max-video-preview:-1"},"canonical":"https:\/\/daniellebeatrizmakeup.com.br\/loja\/pincel-base-kabuki-fairy-tale-maria-margarida\/","og_locale":"pt_BR","og_type":"article","og_title":"Pincel Base Kabuki Fairy Tale Maria Margarida - Loja DB Makeup","og_description":"O Pincel Base Kabuki Fairy Tale da Maria Margarida possui topo reto com cerdas sint\u00e9ticas, ideal para aplica\u00e7\u00e3o de base cremosa ou l\u00edquida.","og_url":"https:\/\/daniellebeatrizmakeup.com.br\/loja\/pincel-base-kabuki-fairy-tale-maria-margarida\/","og_site_name":"Loja DB Makeup","article_publisher":"https:\/\/www.facebook.com\/daniellebeatrizmakeup","article_modified_time":"2025-12-17T15:33:58+00:00","og_image":[{"width":1707,"height":2560,"url":"https:\/\/daniellebeatrizmakeup.com.br\/loja\/wp-content\/uploads\/2022\/12\/FT11-3-scaled-e1673758864777.jpg","type":"image\/jpeg"}],"twitter_card":"summary_large_image","twitter_site":"@danibetriz","twitter_misc":{"Est. tempo de leitura":"1 minuto"},"schema":{"@context":"https:\/\/schema.org","@graph":[{"@type":"WebPage","@id":"https:\/\/daniellebeatrizmakeup.com.br\/loja\/pincel-base-kabuki-fairy-tale-maria-margarida\/","url":"https:\/\/daniellebeatrizmakeup.com.br\/loja\/pincel-base-kabuki-fairy-tale-maria-margarida\/","name":"Pincel Base Kabuki Fairy Tale Maria Margarida - Loja DB Makeup","isPartOf":{"@id":"https:\/\/daniellebeatrizmakeup.com.br\/loja\/#website"},"primaryImageOfPage":{"@id":"https:\/\/daniellebeatrizmakeup.com.br\/loja\/pincel-base-kabuki-fairy-tale-maria-margarida\/#primaryimage"},"image":{"@id":"https:\/\/daniellebeatrizmakeup.com.br\/loja\/pincel-base-kabuki-fairy-tale-maria-margarida\/#primaryimage"},"thumbnailUrl":"https:\/\/daniellebeatrizmakeup.com.br\/loja\/wp-content\/uploads\/2022\/12\/FT11-3-scaled-e1673758864777.jpg","datePublished":"2022-12-14T21:04:18+00:00","dateModified":"2025-12-17T15:33:58+00:00","description":"O Pincel Base Kabuki Fairy Tale da Maria Margarida possui topo reto com cerdas sint\u00e9ticas, ideal para aplica\u00e7\u00e3o de base cremosa ou l\u00edquida.","breadcrumb":{"@id":"https:\/\/daniellebeatrizmakeup.com.br\/loja\/pincel-base-kabuki-fairy-tale-maria-margarida\/#breadcrumb"},"inLanguage":"pt-BR","potentialAction":[{"@type":"ReadAction","target":["https:\/\/daniellebeatrizmakeup.com.br\/loja\/pincel-base-kabuki-fairy-tale-maria-margarida\/"]}]},{"@type":"ImageObject","inLanguage":"pt-BR","@id":"https:\/\/daniellebeatrizmakeup.com.br\/loja\/pincel-base-kabuki-fairy-tale-maria-margarida\/#primaryimage","url":"https:\/\/daniellebeatrizmakeup.com.br\/loja\/wp-content\/uploads\/2022\/12\/FT11-3-scaled-e1673758864777.jpg","contentUrl":"https:\/\/daniellebeatrizmakeup.com.br\/loja\/wp-content\/uploads\/2022\/12\/FT11-3-scaled-e1673758864777.jpg","width":1707,"height":2560},{"@type":"BreadcrumbList","@id":"https:\/\/daniellebeatrizmakeup.com.br\/loja\/pincel-base-kabuki-fairy-tale-maria-margarida\/#breadcrumb","itemListElement":[{"@type":"ListItem","position":1,"name":"In\u00edcio","item":"https:\/\/daniellebeatrizmakeup.com.br\/loja\/"},{"@type":"ListItem","position":2,"name":"Todos","item":"https:\/\/daniellebeatrizmakeup.com.br\/loja\/todos\/"},{"@type":"ListItem","position":3,"name":"Pincel Base Kabuki Fairy Tale Maria Margarida"}]},{"@type":"WebSite","@id":"https:\/\/daniellebeatrizmakeup.com.br\/loja\/#website","url":"https:\/\/daniellebeatrizmakeup.com.br\/loja\/","name":"Loja DB Makeup","description":"A melhor loja de maquiagem para real\u00e7ar a sua beleza","publisher":{"@id":"https:\/\/daniellebeatrizmakeup.com.br\/loja\/#organization"},"potentialAction":[{"@type":"SearchAction","target":{"@type":"EntryPoint","urlTemplate":"https:\/\/daniellebeatrizmakeup.com.br\/loja\/?s={search_term_string}"},"query-input":{"@type":"PropertyValueSpecification","valueRequired":true,"valueName":"search_term_string"}}],"inLanguage":"pt-BR"},{"@type":"Organization","@id":"https:\/\/daniellebeatrizmakeup.com.br\/loja\/#organization","name":"Danielle Beatriz Makeup","url":"https:\/\/daniellebeatrizmakeup.com.br\/loja\/","logo":{"@type":"ImageObject","inLanguage":"pt-BR","@id":"https:\/\/daniellebeatrizmakeup.com.br\/loja\/#\/schema\/logo\/image\/","url":"https:\/\/daniellebeatrizmakeup.com.br\/loja\/wp-content\/uploads\/2020\/10\/logo-loja-db-makeup.png","contentUrl":"https:\/\/daniellebeatrizmakeup.com.br\/loja\/wp-content\/uploads\/2020\/10\/logo-loja-db-makeup.png","width":500,"height":110,"caption":"Danielle Beatriz Makeup"},"image":{"@id":"https:\/\/daniellebeatrizmakeup.com.br\/loja\/#\/schema\/logo\/image\/"},"sameAs":["https:\/\/www.facebook.com\/daniellebeatrizmakeup","https:\/\/x.com\/danibetriz","https:\/\/www.instagram.com\/daniellebeatrizmakeup","https:\/\/pinterest.com\/daniellebeatrizmakeup","https:\/\/www.youtube.com\/DanielleBeatriz"]}]}},"jetpack_sharing_enabled":true,"_links":{"self":[{"href":"https:\/\/daniellebeatrizmakeup.com.br\/loja\/wp-json\/wp\/v2\/product\/55575","targetHints":{"allow":["GET"]}}],"collection":[{"href":"https:\/\/daniellebeatrizmakeup.com.br\/loja\/wp-json\/wp\/v2\/product"}],"about":[{"href":"https:\/\/daniellebeatrizmakeup.com.br\/loja\/wp-json\/wp\/v2\/types\/product"}],"replies":[{"embeddable":true,"href":"https:\/\/daniellebeatrizmakeup.com.br\/loja\/wp-json\/wp\/v2\/comments?post=55575"}],"version-history":[{"count":5,"href":"https:\/\/daniellebeatrizmakeup.com.br\/loja\/wp-json\/wp\/v2\/product\/55575\/revisions"}],"predecessor-version":[{"id":55777,"href":"https:\/\/daniellebeatrizmakeup.com.br\/loja\/wp-json\/wp\/v2\/product\/55575\/revisions\/55777"}],"wp:featuredmedia":[{"embeddable":true,"href":"https:\/\/daniellebeatrizmakeup.com.br\/loja\/wp-json\/wp\/v2\/media\/55659"}],"wp:attachment":[{"href":"https:\/\/daniellebeatrizmakeup.com.br\/loja\/wp-json\/wp\/v2\/media?parent=55575"}],"wp:term":[{"taxonomy":"product_brand","embeddable":true,"href":"https:\/\/daniellebeatrizmakeup.com.br\/loja\/wp-json\/wp\/v2\/product_brand?post=55575"},{"taxonomy":"product_cat","embeddable":true,"href":"https:\/\/daniellebeatrizmakeup.com.br\/loja\/wp-json\/wp\/v2\/product_cat?post=55575"},{"taxonomy":"product_tag","embeddable":true,"href":"https:\/\/daniellebeatrizmakeup.com.br\/loja\/wp-json\/wp\/v2\/product_tag?post=55575"},{"taxonomy":"woo-feed-brand","embeddable":true,"href":"https:\/\/daniellebeatrizmakeup.com.br\/loja\/wp-json\/wp\/v2\/woo-feed-brand?post=55575"}],"curies":[{"name":"wp","href":"https:\/\/api.w.org\/{rel}","templated":true}]}}