{"id":55203,"date":"2022-10-03T22:44:34","date_gmt":"2022-10-04T01:44:34","guid":{"rendered":"https:\/\/daniellebeatrizmakeup.com.br\/loja\/?post_type=product&#038;p=55203"},"modified":"2025-05-14T14:03:01","modified_gmt":"2025-05-14T17:03:01","slug":"blindagem-hd-maria-margarida","status":"publish","type":"product","link":"https:\/\/daniellebeatrizmakeup.com.br\/loja\/blindagem-hd-maria-margarida\/","title":{"rendered":"Blindagem HD Maria Margarida"},"content":{"rendered":"<p>O At\u00e9 Embaixo D&#8217;\u00e1gua HD<a href=\"https:\/\/www.instagram.com\/p\/COgVGq-La-t\/\"><\/a> da <a href=\"https:\/\/daniellebeatrizmakeup.com.br\/loja\/maria-margarida\/\">Maria Margarida<\/a> \u00e9 uma blindagem desenvolvida especialmente para dar acabamento HD e \u00e0 prova d&#8217;\u00e1gua \u00e0 sua maquiagem! Ela est\u00e1 dispon\u00edvel nas vers\u00f5es Original, Quartzo e Madre P\u00e9rola!<\/p>\n<div id=\"ProdBlock\" class=\"product-tabs\">\n<div id=\"descricao\" class=\"prodBox\">\n<div class=\"board\">\n<div class=\"board_htm description\">\n<p dir=\"ltr\"><span>As vers\u00f5es Quartzo e Madre P\u00e9rola t\u00eam um brilho bem fininho que v\u00e3o dar aquele glow sutil e suave que tanto amamos!\u00a0<\/span><\/p>\n<p dir=\"ltr\"><span>J\u00e1 aconteceu com voc\u00ea naquela pele cl\u00e1ssica que sempre aparece no atendimento, de dar textura e leves descama\u00e7\u00f5es? A Blindagem At\u00e9 Embaixo D&#8217;\u00e1gua HD faz essas texturas se transformarem! O efeito HD \u00e9 a maneira como o produto reflete a luz, assim a Blindagem At\u00e9 Embaixo D&#8217;\u00e1gua HD cria um efeito aveludado, diminuindo a apar\u00eancia de texturas na pele.<\/span><\/p>\n<p dir=\"ltr\"><span>Al\u00e9m disso, ela conta com silicones especiais que devolvem maciez e emoli\u00eancia \u00e0 pele, deixando um aspecto vi\u00e7oso e natural sem aquelas descama\u00e7\u00f5es aparentes. Funcionando at\u00e9 mesmo com bases bem baratinhas que n\u00e3o entregam muito. Voc\u00ea vai ver ela se transformar em poucas gotinhas!\u00a0<\/span><\/p>\n<h2>Como utilizar a Blindagem At\u00e9 Embaixo D&#8217;\u00e1gua HD da Maria Margarida<\/h2>\n<div><span>Para usar \u00e9 bem f\u00e1cil! Basta agitar bem antes e aplicar algumas gotinhas misturadas \u00e0 sua base favorita e voc\u00ea estar\u00e1 pronta para arrasar at\u00e9 embaixo d&#8217;\u00e1gua!<\/span><\/div>\n<div><\/div>\n<div><span>Conte\u00fado 30ml<\/span><\/div>\n<\/div>\n<\/div>\n<\/div>\n<\/div>\n","protected":false},"excerpt":{"rendered":"<p><span>Validade: 08\/2025 &#8211; Madre Per\u00f3la, Quartzo. 04\/2027 &#8211; Original.<\/span><br \/>\nO At\u00e9 Embaixo D&#8217;\u00e1gua HD<a href=\"https:\/\/www.instagram.com\/p\/COgVGq-La-t\/\"><\/a> da <a href=\"https:\/\/daniellebeatrizmakeup.com.br\/loja\/maria-margarida\/\">Maria Margarida<\/a> \u00e9 uma blindagem desenvolvida especialmente para dar acabamento HD e \u00e0 prova d&#8217;\u00e1gua \u00e0 sua maquiagem! Ela est\u00e1 dispon\u00edvel nas vers\u00f5es Original, Quartzo e Madre P\u00e9rola! As vers\u00f5es Quartzo e Madre P\u00e9rola t\u00eam um brilho bem fininho que v\u00e3o dar aquele glow sutil e suave que tanto amamos!<\/p>\n<p><span>Para usar \u00e9 bem f\u00e1cil! Basta agitar bem antes e aplicar algumas gotinhas misturadas \u00e0 sua base favorita!<\/span><\/p>\n","protected":false},"featured_media":55222,"comment_status":"open","ping_status":"closed","template":"","meta":{"_mbp_gutenberg_autopost":false},"product_brand":[],"product_cat":[838,748,73,78],"product_tag":[175,207,145,106],"woo-feed-brand":[],"class_list":{"0":"post-55203","1":"product","2":"type-product","3":"status-publish","4":"has-post-thumbnail","6":"product_cat-ate-embaixo-dagua","7":"product_cat-blindagem","8":"product_cat-maria-margarida","9":"product_cat-rosto","10":"product_tag-a-prova-dagua","11":"product_tag-fixador","12":"product_tag-maria-margarida","13":"product_tag-pele","14":"pa_cor-madre-perola","15":"pa_cor-original","16":"pa_cor-quartzo","17":"yith_product_brand-maria-margarida","19":"first","20":"outofstock","21":"shipping-taxable","22":"purchasable","23":"product-type-variable","24":"has-default-attributes"},"yoast_head":"<!-- This site is optimized with the Yoast SEO plugin v27.3 - https:\/\/yoast.com\/product\/yoast-seo-wordpress\/ -->\n<title>Blindagem HD Maria Margarida - Loja DB Makeup<\/title>\n<meta name=\"description\" content=\"At\u00e9 Embaixo D&#039;\u00e1gua HD da Maria Margarida \u00e9 uma blindagem para dar acabamento HD e \u00e0 prova d&#039;\u00e1gua \u00e0 sua make! Nas vers\u00f5es Original, Quartzo e Madre P\u00e9rola!\" \/>\n<meta name=\"robots\" content=\"index, follow, max-snippet:-1, max-image-preview:large, max-video-preview:-1\" \/>\n<link rel=\"canonical\" href=\"https:\/\/daniellebeatrizmakeup.com.br\/loja\/blindagem-hd-maria-margarida\/\" \/>\n<meta property=\"og:locale\" content=\"pt_BR\" \/>\n<meta property=\"og:type\" content=\"article\" \/>\n<meta property=\"og:title\" content=\"Blindagem HD Maria Margarida - Loja DB Makeup\" \/>\n<meta property=\"og:description\" content=\"At\u00e9 Embaixo D&#039;\u00e1gua HD da Maria Margarida \u00e9 uma blindagem para dar acabamento HD e \u00e0 prova d&#039;\u00e1gua \u00e0 sua make! Nas vers\u00f5es Original, Quartzo e Madre P\u00e9rola!\" \/>\n<meta property=\"og:url\" content=\"https:\/\/daniellebeatrizmakeup.com.br\/loja\/blindagem-hd-maria-margarida\/\" \/>\n<meta property=\"og:site_name\" content=\"Loja DB Makeup\" \/>\n<meta property=\"article:publisher\" content=\"https:\/\/www.facebook.com\/daniellebeatrizmakeup\" \/>\n<meta property=\"article:modified_time\" content=\"2025-05-14T17:03:01+00:00\" \/>\n<meta property=\"og:image\" content=\"https:\/\/daniellebeatrizmakeup.com.br\/loja\/wp-content\/uploads\/2022\/10\/IMG-8482-scaled.jpg\" \/>\n\t<meta property=\"og:image:width\" content=\"1648\" \/>\n\t<meta property=\"og:image:height\" content=\"2560\" \/>\n\t<meta property=\"og:image:type\" content=\"image\/jpeg\" \/>\n<meta name=\"twitter:card\" content=\"summary_large_image\" \/>\n<meta name=\"twitter:site\" content=\"@danibetriz\" \/>\n<meta name=\"twitter:label1\" content=\"Est. tempo de leitura\" \/>\n\t<meta name=\"twitter:data1\" content=\"2 minutos\" \/>\n<script type=\"application\/ld+json\" class=\"yoast-schema-graph\">{\"@context\":\"https:\\\/\\\/schema.org\",\"@graph\":[{\"@type\":\"WebPage\",\"@id\":\"https:\\\/\\\/daniellebeatrizmakeup.com.br\\\/loja\\\/blindagem-hd-maria-margarida\\\/\",\"url\":\"https:\\\/\\\/daniellebeatrizmakeup.com.br\\\/loja\\\/blindagem-hd-maria-margarida\\\/\",\"name\":\"Blindagem HD Maria Margarida - Loja DB Makeup\",\"isPartOf\":{\"@id\":\"https:\\\/\\\/daniellebeatrizmakeup.com.br\\\/loja\\\/#website\"},\"primaryImageOfPage\":{\"@id\":\"https:\\\/\\\/daniellebeatrizmakeup.com.br\\\/loja\\\/blindagem-hd-maria-margarida\\\/#primaryimage\"},\"image\":{\"@id\":\"https:\\\/\\\/daniellebeatrizmakeup.com.br\\\/loja\\\/blindagem-hd-maria-margarida\\\/#primaryimage\"},\"thumbnailUrl\":\"https:\\\/\\\/daniellebeatrizmakeup.com.br\\\/loja\\\/wp-content\\\/uploads\\\/2022\\\/10\\\/IMG-8482-scaled.jpg\",\"datePublished\":\"2022-10-04T01:44:34+00:00\",\"dateModified\":\"2025-05-14T17:03:01+00:00\",\"description\":\"At\u00e9 Embaixo D'\u00e1gua HD da Maria Margarida \u00e9 uma blindagem para dar acabamento HD e \u00e0 prova d'\u00e1gua \u00e0 sua make! Nas vers\u00f5es Original, Quartzo e Madre P\u00e9rola!\",\"breadcrumb\":{\"@id\":\"https:\\\/\\\/daniellebeatrizmakeup.com.br\\\/loja\\\/blindagem-hd-maria-margarida\\\/#breadcrumb\"},\"inLanguage\":\"pt-BR\",\"potentialAction\":[{\"@type\":\"ReadAction\",\"target\":[\"https:\\\/\\\/daniellebeatrizmakeup.com.br\\\/loja\\\/blindagem-hd-maria-margarida\\\/\"]}]},{\"@type\":\"ImageObject\",\"inLanguage\":\"pt-BR\",\"@id\":\"https:\\\/\\\/daniellebeatrizmakeup.com.br\\\/loja\\\/blindagem-hd-maria-margarida\\\/#primaryimage\",\"url\":\"https:\\\/\\\/daniellebeatrizmakeup.com.br\\\/loja\\\/wp-content\\\/uploads\\\/2022\\\/10\\\/IMG-8482-scaled.jpg\",\"contentUrl\":\"https:\\\/\\\/daniellebeatrizmakeup.com.br\\\/loja\\\/wp-content\\\/uploads\\\/2022\\\/10\\\/IMG-8482-scaled.jpg\",\"width\":1648,\"height\":2560,\"caption\":\"Blindagem HD At\u00e9 Embaixo D'\u00e1gua Maria Margarida\"},{\"@type\":\"BreadcrumbList\",\"@id\":\"https:\\\/\\\/daniellebeatrizmakeup.com.br\\\/loja\\\/blindagem-hd-maria-margarida\\\/#breadcrumb\",\"itemListElement\":[{\"@type\":\"ListItem\",\"position\":1,\"name\":\"In\u00edcio\",\"item\":\"https:\\\/\\\/daniellebeatrizmakeup.com.br\\\/loja\\\/\"},{\"@type\":\"ListItem\",\"position\":2,\"name\":\"Todos\",\"item\":\"https:\\\/\\\/daniellebeatrizmakeup.com.br\\\/loja\\\/todos\\\/\"},{\"@type\":\"ListItem\",\"position\":3,\"name\":\"Blindagem HD Maria Margarida\"}]},{\"@type\":\"WebSite\",\"@id\":\"https:\\\/\\\/daniellebeatrizmakeup.com.br\\\/loja\\\/#website\",\"url\":\"https:\\\/\\\/daniellebeatrizmakeup.com.br\\\/loja\\\/\",\"name\":\"Loja DB Makeup\",\"description\":\"A melhor loja de maquiagem para real\u00e7ar a sua beleza\",\"publisher\":{\"@id\":\"https:\\\/\\\/daniellebeatrizmakeup.com.br\\\/loja\\\/#organization\"},\"potentialAction\":[{\"@type\":\"SearchAction\",\"target\":{\"@type\":\"EntryPoint\",\"urlTemplate\":\"https:\\\/\\\/daniellebeatrizmakeup.com.br\\\/loja\\\/?s={search_term_string}\"},\"query-input\":{\"@type\":\"PropertyValueSpecification\",\"valueRequired\":true,\"valueName\":\"search_term_string\"}}],\"inLanguage\":\"pt-BR\"},{\"@type\":\"Organization\",\"@id\":\"https:\\\/\\\/daniellebeatrizmakeup.com.br\\\/loja\\\/#organization\",\"name\":\"Danielle Beatriz Makeup\",\"url\":\"https:\\\/\\\/daniellebeatrizmakeup.com.br\\\/loja\\\/\",\"logo\":{\"@type\":\"ImageObject\",\"inLanguage\":\"pt-BR\",\"@id\":\"https:\\\/\\\/daniellebeatrizmakeup.com.br\\\/loja\\\/#\\\/schema\\\/logo\\\/image\\\/\",\"url\":\"https:\\\/\\\/daniellebeatrizmakeup.com.br\\\/loja\\\/wp-content\\\/uploads\\\/2020\\\/10\\\/logo-loja-db-makeup.png\",\"contentUrl\":\"https:\\\/\\\/daniellebeatrizmakeup.com.br\\\/loja\\\/wp-content\\\/uploads\\\/2020\\\/10\\\/logo-loja-db-makeup.png\",\"width\":500,\"height\":110,\"caption\":\"Danielle Beatriz Makeup\"},\"image\":{\"@id\":\"https:\\\/\\\/daniellebeatrizmakeup.com.br\\\/loja\\\/#\\\/schema\\\/logo\\\/image\\\/\"},\"sameAs\":[\"https:\\\/\\\/www.facebook.com\\\/daniellebeatrizmakeup\",\"https:\\\/\\\/x.com\\\/danibetriz\",\"https:\\\/\\\/www.instagram.com\\\/daniellebeatrizmakeup\",\"https:\\\/\\\/pinterest.com\\\/daniellebeatrizmakeup\",\"https:\\\/\\\/www.youtube.com\\\/DanielleBeatriz\"]}]}<\/script>\n<!-- \/ Yoast SEO plugin. -->","yoast_head_json":{"title":"Blindagem HD Maria Margarida - Loja DB Makeup","description":"At\u00e9 Embaixo D'\u00e1gua HD da Maria Margarida \u00e9 uma blindagem para dar acabamento HD e \u00e0 prova d'\u00e1gua \u00e0 sua make! Nas vers\u00f5es Original, Quartzo e Madre P\u00e9rola!","robots":{"index":"index","follow":"follow","max-snippet":"max-snippet:-1","max-image-preview":"max-image-preview:large","max-video-preview":"max-video-preview:-1"},"canonical":"https:\/\/daniellebeatrizmakeup.com.br\/loja\/blindagem-hd-maria-margarida\/","og_locale":"pt_BR","og_type":"article","og_title":"Blindagem HD Maria Margarida - Loja DB Makeup","og_description":"At\u00e9 Embaixo D'\u00e1gua HD da Maria Margarida \u00e9 uma blindagem para dar acabamento HD e \u00e0 prova d'\u00e1gua \u00e0 sua make! Nas vers\u00f5es Original, Quartzo e Madre P\u00e9rola!","og_url":"https:\/\/daniellebeatrizmakeup.com.br\/loja\/blindagem-hd-maria-margarida\/","og_site_name":"Loja DB Makeup","article_publisher":"https:\/\/www.facebook.com\/daniellebeatrizmakeup","article_modified_time":"2025-05-14T17:03:01+00:00","og_image":[{"width":1648,"height":2560,"url":"https:\/\/daniellebeatrizmakeup.com.br\/loja\/wp-content\/uploads\/2022\/10\/IMG-8482-scaled.jpg","type":"image\/jpeg"}],"twitter_card":"summary_large_image","twitter_site":"@danibetriz","twitter_misc":{"Est. tempo de leitura":"2 minutos"},"schema":{"@context":"https:\/\/schema.org","@graph":[{"@type":"WebPage","@id":"https:\/\/daniellebeatrizmakeup.com.br\/loja\/blindagem-hd-maria-margarida\/","url":"https:\/\/daniellebeatrizmakeup.com.br\/loja\/blindagem-hd-maria-margarida\/","name":"Blindagem HD Maria Margarida - Loja DB Makeup","isPartOf":{"@id":"https:\/\/daniellebeatrizmakeup.com.br\/loja\/#website"},"primaryImageOfPage":{"@id":"https:\/\/daniellebeatrizmakeup.com.br\/loja\/blindagem-hd-maria-margarida\/#primaryimage"},"image":{"@id":"https:\/\/daniellebeatrizmakeup.com.br\/loja\/blindagem-hd-maria-margarida\/#primaryimage"},"thumbnailUrl":"https:\/\/daniellebeatrizmakeup.com.br\/loja\/wp-content\/uploads\/2022\/10\/IMG-8482-scaled.jpg","datePublished":"2022-10-04T01:44:34+00:00","dateModified":"2025-05-14T17:03:01+00:00","description":"At\u00e9 Embaixo D'\u00e1gua HD da Maria Margarida \u00e9 uma blindagem para dar acabamento HD e \u00e0 prova d'\u00e1gua \u00e0 sua make! Nas vers\u00f5es Original, Quartzo e Madre P\u00e9rola!","breadcrumb":{"@id":"https:\/\/daniellebeatrizmakeup.com.br\/loja\/blindagem-hd-maria-margarida\/#breadcrumb"},"inLanguage":"pt-BR","potentialAction":[{"@type":"ReadAction","target":["https:\/\/daniellebeatrizmakeup.com.br\/loja\/blindagem-hd-maria-margarida\/"]}]},{"@type":"ImageObject","inLanguage":"pt-BR","@id":"https:\/\/daniellebeatrizmakeup.com.br\/loja\/blindagem-hd-maria-margarida\/#primaryimage","url":"https:\/\/daniellebeatrizmakeup.com.br\/loja\/wp-content\/uploads\/2022\/10\/IMG-8482-scaled.jpg","contentUrl":"https:\/\/daniellebeatrizmakeup.com.br\/loja\/wp-content\/uploads\/2022\/10\/IMG-8482-scaled.jpg","width":1648,"height":2560,"caption":"Blindagem HD At\u00e9 Embaixo D'\u00e1gua Maria Margarida"},{"@type":"BreadcrumbList","@id":"https:\/\/daniellebeatrizmakeup.com.br\/loja\/blindagem-hd-maria-margarida\/#breadcrumb","itemListElement":[{"@type":"ListItem","position":1,"name":"In\u00edcio","item":"https:\/\/daniellebeatrizmakeup.com.br\/loja\/"},{"@type":"ListItem","position":2,"name":"Todos","item":"https:\/\/daniellebeatrizmakeup.com.br\/loja\/todos\/"},{"@type":"ListItem","position":3,"name":"Blindagem HD Maria Margarida"}]},{"@type":"WebSite","@id":"https:\/\/daniellebeatrizmakeup.com.br\/loja\/#website","url":"https:\/\/daniellebeatrizmakeup.com.br\/loja\/","name":"Loja DB Makeup","description":"A melhor loja de maquiagem para real\u00e7ar a sua beleza","publisher":{"@id":"https:\/\/daniellebeatrizmakeup.com.br\/loja\/#organization"},"potentialAction":[{"@type":"SearchAction","target":{"@type":"EntryPoint","urlTemplate":"https:\/\/daniellebeatrizmakeup.com.br\/loja\/?s={search_term_string}"},"query-input":{"@type":"PropertyValueSpecification","valueRequired":true,"valueName":"search_term_string"}}],"inLanguage":"pt-BR"},{"@type":"Organization","@id":"https:\/\/daniellebeatrizmakeup.com.br\/loja\/#organization","name":"Danielle Beatriz Makeup","url":"https:\/\/daniellebeatrizmakeup.com.br\/loja\/","logo":{"@type":"ImageObject","inLanguage":"pt-BR","@id":"https:\/\/daniellebeatrizmakeup.com.br\/loja\/#\/schema\/logo\/image\/","url":"https:\/\/daniellebeatrizmakeup.com.br\/loja\/wp-content\/uploads\/2020\/10\/logo-loja-db-makeup.png","contentUrl":"https:\/\/daniellebeatrizmakeup.com.br\/loja\/wp-content\/uploads\/2020\/10\/logo-loja-db-makeup.png","width":500,"height":110,"caption":"Danielle Beatriz Makeup"},"image":{"@id":"https:\/\/daniellebeatrizmakeup.com.br\/loja\/#\/schema\/logo\/image\/"},"sameAs":["https:\/\/www.facebook.com\/daniellebeatrizmakeup","https:\/\/x.com\/danibetriz","https:\/\/www.instagram.com\/daniellebeatrizmakeup","https:\/\/pinterest.com\/daniellebeatrizmakeup","https:\/\/www.youtube.com\/DanielleBeatriz"]}]}},"jetpack_sharing_enabled":true,"_links":{"self":[{"href":"https:\/\/daniellebeatrizmakeup.com.br\/loja\/wp-json\/wp\/v2\/product\/55203","targetHints":{"allow":["GET"]}}],"collection":[{"href":"https:\/\/daniellebeatrizmakeup.com.br\/loja\/wp-json\/wp\/v2\/product"}],"about":[{"href":"https:\/\/daniellebeatrizmakeup.com.br\/loja\/wp-json\/wp\/v2\/types\/product"}],"replies":[{"embeddable":true,"href":"https:\/\/daniellebeatrizmakeup.com.br\/loja\/wp-json\/wp\/v2\/comments?post=55203"}],"version-history":[{"count":4,"href":"https:\/\/daniellebeatrizmakeup.com.br\/loja\/wp-json\/wp\/v2\/product\/55203\/revisions"}],"predecessor-version":[{"id":58311,"href":"https:\/\/daniellebeatrizmakeup.com.br\/loja\/wp-json\/wp\/v2\/product\/55203\/revisions\/58311"}],"wp:featuredmedia":[{"embeddable":true,"href":"https:\/\/daniellebeatrizmakeup.com.br\/loja\/wp-json\/wp\/v2\/media\/55222"}],"wp:attachment":[{"href":"https:\/\/daniellebeatrizmakeup.com.br\/loja\/wp-json\/wp\/v2\/media?parent=55203"}],"wp:term":[{"taxonomy":"product_brand","embeddable":true,"href":"https:\/\/daniellebeatrizmakeup.com.br\/loja\/wp-json\/wp\/v2\/product_brand?post=55203"},{"taxonomy":"product_cat","embeddable":true,"href":"https:\/\/daniellebeatrizmakeup.com.br\/loja\/wp-json\/wp\/v2\/product_cat?post=55203"},{"taxonomy":"product_tag","embeddable":true,"href":"https:\/\/daniellebeatrizmakeup.com.br\/loja\/wp-json\/wp\/v2\/product_tag?post=55203"},{"taxonomy":"woo-feed-brand","embeddable":true,"href":"https:\/\/daniellebeatrizmakeup.com.br\/loja\/wp-json\/wp\/v2\/woo-feed-brand?post=55203"}],"curies":[{"name":"wp","href":"https:\/\/api.w.org\/{rel}","templated":true}]}}