{"id":54716,"date":"2022-08-05T09:00:51","date_gmt":"2022-08-05T12:00:51","guid":{"rendered":"https:\/\/daniellebeatrizmakeup.com.br\/loja\/?post_type=product&#038;p=54716"},"modified":"2023-12-06T05:41:44","modified_gmt":"2023-12-06T08:41:44","slug":"iluminador-corporal-shine-ruby-rose","status":"publish","type":"product","link":"https:\/\/daniellebeatrizmakeup.com.br\/loja\/iluminador-corporal-shine-ruby-rose\/","title":{"rendered":"Iluminador Corporal Shine Ruby Rose"},"content":{"rendered":"<p><span>O Iluminador Corporal Shine da <a href=\"https:\/\/daniellebeatrizmakeup.com.br\/loja\/ruby-rose\">Ruby Rose<\/a>\u00a0\u00e9 perfeito para quem ama uma pele radiante. Sua f\u00f3rmula sedosa \u00e9 f\u00e1cil de espalhar aderindo a pele sem escorrer ou manchar. Ideal para aplicar nas pernas, bra\u00e7os, busto, colo e ombros. Tamb\u00e9m pode ser usado misturando na base para um efeito glow e iluminado suave.<\/span><\/p>\n<p>Das 4 tonalidades, trouxemos a Moonlight que possui um tom champanhe lindo! Usado para d<span>ar brilho e destaque ao corpo, que apesar da t<\/span><span>extura l\u00edquida, n\u00e3o fica pegajosa e n<\/span><span>\u00e3o transfere, al\u00e9m de ter longa dura\u00e7\u00e3o.<\/span><\/p>\n<p><b>Cor: <\/b><span>01 Moonlight<\/span><br \/>\n<b>Cont\u00e9m:<\/b><span> 62ml<\/span><\/p>\n<p><b>Modo de uso Iluminador Corporal Shine Ruby Rose:<\/b><\/p>\n<p><span>Agite bem o produto antes de usar. Para um efeito <a href=\"https:\/\/www.instagram.com\/p\/CZh08JpuU5r\/\">iluminado<\/a> suave, aplique de 1 a 2 pumps. Para cobrir uma regi\u00e3o maior, aplique de 2 a 3 pumps. Espalhe rapidamente com o aux\u00edlio de um pincel, esponja ou com os dedos at\u00e9 alcan\u00e7ar o efeito desejado. Para retirar, lave com \u00e1gua e sab\u00e3o.<\/span><\/p>\n<p><b>Precau\u00e7\u00f5es:<\/b><br \/>\n<span>&#8211; Uso externo.<\/span><br \/>\n<span>&#8211; N\u00e3o aplique sobre a pele irritada ou lesionada.<\/span><br \/>\n<span>&#8211; Se houver qualquer sinal de irrita\u00e7\u00e3o, descontinue o uso do produto.<\/span><br \/>\n<span>&#8211; Mantenha sempre bem fechado, longe da luz e calor e do alcance de crian\u00e7as.<\/span><\/p>\n","protected":false},"excerpt":{"rendered":"<p><span>O Iluminador Corporal Shine da Ruby Rose na cor 01 Moonlight, \u00e9 perfeito para quem ama uma pele radiante. Sua f\u00f3rmula sedosa \u00e9 f\u00e1cil de espalhar aderindo a pele sem escorrer ou manchar. Ideal para aplicar nas pernas, bra\u00e7os, busto, colo e ombros. Tamb\u00e9m pode ser usado misturando na base para um efeito glow e iluminado suave.<\/span><\/p>\n<p>&nbsp;<\/p>\n","protected":false},"featured_media":54618,"comment_status":"open","ping_status":"closed","template":"","meta":{"_mbp_gutenberg_autopost":false},"product_brand":[],"product_cat":[125,78,74],"product_tag":[805],"woo-feed-brand":[],"class_list":{"0":"post-54716","1":"product","2":"type-product","3":"status-publish","4":"has-post-thumbnail","6":"product_cat-iluminador","7":"product_cat-rosto","8":"product_cat-ruby-rose","9":"product_tag-ruby-rose","10":"yith_product_brand-ruby-rose","12":"first","13":"outofstock","14":"shipping-taxable","15":"purchasable","16":"product-type-simple"},"yoast_head":"<!-- This site is optimized with the Yoast SEO plugin v27.3 - https:\/\/yoast.com\/product\/yoast-seo-wordpress\/ -->\n<title>Iluminador Corporal Shine Ruby Rose - Loja DB Makeup<\/title>\n<meta name=\"description\" content=\"O Iluminador Corporal Shine da Ruby Rose na cor 01 Moonlight, \u00e9 perfeito para quem ama uma pele radiante. F\u00e1cil de espalhar, sem escorrer ou manchar.\" \/>\n<meta name=\"robots\" content=\"index, follow, max-snippet:-1, max-image-preview:large, max-video-preview:-1\" \/>\n<link rel=\"canonical\" href=\"https:\/\/daniellebeatrizmakeup.com.br\/loja\/iluminador-corporal-shine-ruby-rose\/\" \/>\n<meta property=\"og:locale\" content=\"pt_BR\" \/>\n<meta property=\"og:type\" content=\"article\" \/>\n<meta property=\"og:title\" content=\"Iluminador Corporal Shine Ruby Rose - Loja DB Makeup\" \/>\n<meta property=\"og:description\" content=\"O Iluminador Corporal Shine da Ruby Rose na cor 01 Moonlight, \u00e9 perfeito para quem ama uma pele radiante. F\u00e1cil de espalhar, sem escorrer ou manchar.\" \/>\n<meta property=\"og:url\" content=\"https:\/\/daniellebeatrizmakeup.com.br\/loja\/iluminador-corporal-shine-ruby-rose\/\" \/>\n<meta property=\"og:site_name\" content=\"Loja DB Makeup\" \/>\n<meta property=\"article:publisher\" content=\"https:\/\/www.facebook.com\/daniellebeatrizmakeup\" \/>\n<meta property=\"article:modified_time\" content=\"2023-12-06T08:41:44+00:00\" \/>\n<meta property=\"og:image\" content=\"https:\/\/daniellebeatrizmakeup.com.br\/loja\/wp-content\/uploads\/2022\/08\/20220801_124442-scaled.jpg\" \/>\n\t<meta property=\"og:image:width\" content=\"1920\" \/>\n\t<meta property=\"og:image:height\" content=\"2560\" \/>\n\t<meta property=\"og:image:type\" content=\"image\/jpeg\" \/>\n<meta name=\"twitter:card\" content=\"summary_large_image\" \/>\n<meta name=\"twitter:site\" content=\"@danibetriz\" \/>\n<meta name=\"twitter:label1\" content=\"Est. tempo de leitura\" \/>\n\t<meta name=\"twitter:data1\" content=\"1 minuto\" \/>\n<script type=\"application\/ld+json\" class=\"yoast-schema-graph\">{\"@context\":\"https:\\\/\\\/schema.org\",\"@graph\":[{\"@type\":\"WebPage\",\"@id\":\"https:\\\/\\\/daniellebeatrizmakeup.com.br\\\/loja\\\/iluminador-corporal-shine-ruby-rose\\\/\",\"url\":\"https:\\\/\\\/daniellebeatrizmakeup.com.br\\\/loja\\\/iluminador-corporal-shine-ruby-rose\\\/\",\"name\":\"Iluminador Corporal Shine Ruby Rose - Loja DB Makeup\",\"isPartOf\":{\"@id\":\"https:\\\/\\\/daniellebeatrizmakeup.com.br\\\/loja\\\/#website\"},\"primaryImageOfPage\":{\"@id\":\"https:\\\/\\\/daniellebeatrizmakeup.com.br\\\/loja\\\/iluminador-corporal-shine-ruby-rose\\\/#primaryimage\"},\"image\":{\"@id\":\"https:\\\/\\\/daniellebeatrizmakeup.com.br\\\/loja\\\/iluminador-corporal-shine-ruby-rose\\\/#primaryimage\"},\"thumbnailUrl\":\"https:\\\/\\\/daniellebeatrizmakeup.com.br\\\/loja\\\/wp-content\\\/uploads\\\/2022\\\/08\\\/20220801_124442-scaled.jpg\",\"datePublished\":\"2022-08-05T12:00:51+00:00\",\"dateModified\":\"2023-12-06T08:41:44+00:00\",\"description\":\"O Iluminador Corporal Shine da Ruby Rose na cor 01 Moonlight, \u00e9 perfeito para quem ama uma pele radiante. F\u00e1cil de espalhar, sem escorrer ou manchar.\",\"breadcrumb\":{\"@id\":\"https:\\\/\\\/daniellebeatrizmakeup.com.br\\\/loja\\\/iluminador-corporal-shine-ruby-rose\\\/#breadcrumb\"},\"inLanguage\":\"pt-BR\",\"potentialAction\":[{\"@type\":\"ReadAction\",\"target\":[\"https:\\\/\\\/daniellebeatrizmakeup.com.br\\\/loja\\\/iluminador-corporal-shine-ruby-rose\\\/\"]}]},{\"@type\":\"ImageObject\",\"inLanguage\":\"pt-BR\",\"@id\":\"https:\\\/\\\/daniellebeatrizmakeup.com.br\\\/loja\\\/iluminador-corporal-shine-ruby-rose\\\/#primaryimage\",\"url\":\"https:\\\/\\\/daniellebeatrizmakeup.com.br\\\/loja\\\/wp-content\\\/uploads\\\/2022\\\/08\\\/20220801_124442-scaled.jpg\",\"contentUrl\":\"https:\\\/\\\/daniellebeatrizmakeup.com.br\\\/loja\\\/wp-content\\\/uploads\\\/2022\\\/08\\\/20220801_124442-scaled.jpg\",\"width\":1920,\"height\":2560,\"caption\":\"Iluminador Corporal Shine Ruby Rose\"},{\"@type\":\"BreadcrumbList\",\"@id\":\"https:\\\/\\\/daniellebeatrizmakeup.com.br\\\/loja\\\/iluminador-corporal-shine-ruby-rose\\\/#breadcrumb\",\"itemListElement\":[{\"@type\":\"ListItem\",\"position\":1,\"name\":\"In\u00edcio\",\"item\":\"https:\\\/\\\/daniellebeatrizmakeup.com.br\\\/loja\\\/\"},{\"@type\":\"ListItem\",\"position\":2,\"name\":\"Todos\",\"item\":\"https:\\\/\\\/daniellebeatrizmakeup.com.br\\\/loja\\\/todos\\\/\"},{\"@type\":\"ListItem\",\"position\":3,\"name\":\"Iluminador Corporal Shine Ruby Rose\"}]},{\"@type\":\"WebSite\",\"@id\":\"https:\\\/\\\/daniellebeatrizmakeup.com.br\\\/loja\\\/#website\",\"url\":\"https:\\\/\\\/daniellebeatrizmakeup.com.br\\\/loja\\\/\",\"name\":\"Loja DB Makeup\",\"description\":\"A melhor loja de maquiagem para real\u00e7ar a sua beleza\",\"publisher\":{\"@id\":\"https:\\\/\\\/daniellebeatrizmakeup.com.br\\\/loja\\\/#organization\"},\"potentialAction\":[{\"@type\":\"SearchAction\",\"target\":{\"@type\":\"EntryPoint\",\"urlTemplate\":\"https:\\\/\\\/daniellebeatrizmakeup.com.br\\\/loja\\\/?s={search_term_string}\"},\"query-input\":{\"@type\":\"PropertyValueSpecification\",\"valueRequired\":true,\"valueName\":\"search_term_string\"}}],\"inLanguage\":\"pt-BR\"},{\"@type\":\"Organization\",\"@id\":\"https:\\\/\\\/daniellebeatrizmakeup.com.br\\\/loja\\\/#organization\",\"name\":\"Danielle Beatriz Makeup\",\"url\":\"https:\\\/\\\/daniellebeatrizmakeup.com.br\\\/loja\\\/\",\"logo\":{\"@type\":\"ImageObject\",\"inLanguage\":\"pt-BR\",\"@id\":\"https:\\\/\\\/daniellebeatrizmakeup.com.br\\\/loja\\\/#\\\/schema\\\/logo\\\/image\\\/\",\"url\":\"https:\\\/\\\/daniellebeatrizmakeup.com.br\\\/loja\\\/wp-content\\\/uploads\\\/2020\\\/10\\\/logo-loja-db-makeup.png\",\"contentUrl\":\"https:\\\/\\\/daniellebeatrizmakeup.com.br\\\/loja\\\/wp-content\\\/uploads\\\/2020\\\/10\\\/logo-loja-db-makeup.png\",\"width\":500,\"height\":110,\"caption\":\"Danielle Beatriz Makeup\"},\"image\":{\"@id\":\"https:\\\/\\\/daniellebeatrizmakeup.com.br\\\/loja\\\/#\\\/schema\\\/logo\\\/image\\\/\"},\"sameAs\":[\"https:\\\/\\\/www.facebook.com\\\/daniellebeatrizmakeup\",\"https:\\\/\\\/x.com\\\/danibetriz\",\"https:\\\/\\\/www.instagram.com\\\/daniellebeatrizmakeup\",\"https:\\\/\\\/pinterest.com\\\/daniellebeatrizmakeup\",\"https:\\\/\\\/www.youtube.com\\\/DanielleBeatriz\"]}]}<\/script>\n<!-- \/ Yoast SEO plugin. -->","yoast_head_json":{"title":"Iluminador Corporal Shine Ruby Rose - Loja DB Makeup","description":"O Iluminador Corporal Shine da Ruby Rose na cor 01 Moonlight, \u00e9 perfeito para quem ama uma pele radiante. F\u00e1cil de espalhar, sem escorrer ou manchar.","robots":{"index":"index","follow":"follow","max-snippet":"max-snippet:-1","max-image-preview":"max-image-preview:large","max-video-preview":"max-video-preview:-1"},"canonical":"https:\/\/daniellebeatrizmakeup.com.br\/loja\/iluminador-corporal-shine-ruby-rose\/","og_locale":"pt_BR","og_type":"article","og_title":"Iluminador Corporal Shine Ruby Rose - Loja DB Makeup","og_description":"O Iluminador Corporal Shine da Ruby Rose na cor 01 Moonlight, \u00e9 perfeito para quem ama uma pele radiante. F\u00e1cil de espalhar, sem escorrer ou manchar.","og_url":"https:\/\/daniellebeatrizmakeup.com.br\/loja\/iluminador-corporal-shine-ruby-rose\/","og_site_name":"Loja DB Makeup","article_publisher":"https:\/\/www.facebook.com\/daniellebeatrizmakeup","article_modified_time":"2023-12-06T08:41:44+00:00","og_image":[{"width":1920,"height":2560,"url":"https:\/\/daniellebeatrizmakeup.com.br\/loja\/wp-content\/uploads\/2022\/08\/20220801_124442-scaled.jpg","type":"image\/jpeg"}],"twitter_card":"summary_large_image","twitter_site":"@danibetriz","twitter_misc":{"Est. tempo de leitura":"1 minuto"},"schema":{"@context":"https:\/\/schema.org","@graph":[{"@type":"WebPage","@id":"https:\/\/daniellebeatrizmakeup.com.br\/loja\/iluminador-corporal-shine-ruby-rose\/","url":"https:\/\/daniellebeatrizmakeup.com.br\/loja\/iluminador-corporal-shine-ruby-rose\/","name":"Iluminador Corporal Shine Ruby Rose - Loja DB Makeup","isPartOf":{"@id":"https:\/\/daniellebeatrizmakeup.com.br\/loja\/#website"},"primaryImageOfPage":{"@id":"https:\/\/daniellebeatrizmakeup.com.br\/loja\/iluminador-corporal-shine-ruby-rose\/#primaryimage"},"image":{"@id":"https:\/\/daniellebeatrizmakeup.com.br\/loja\/iluminador-corporal-shine-ruby-rose\/#primaryimage"},"thumbnailUrl":"https:\/\/daniellebeatrizmakeup.com.br\/loja\/wp-content\/uploads\/2022\/08\/20220801_124442-scaled.jpg","datePublished":"2022-08-05T12:00:51+00:00","dateModified":"2023-12-06T08:41:44+00:00","description":"O Iluminador Corporal Shine da Ruby Rose na cor 01 Moonlight, \u00e9 perfeito para quem ama uma pele radiante. F\u00e1cil de espalhar, sem escorrer ou manchar.","breadcrumb":{"@id":"https:\/\/daniellebeatrizmakeup.com.br\/loja\/iluminador-corporal-shine-ruby-rose\/#breadcrumb"},"inLanguage":"pt-BR","potentialAction":[{"@type":"ReadAction","target":["https:\/\/daniellebeatrizmakeup.com.br\/loja\/iluminador-corporal-shine-ruby-rose\/"]}]},{"@type":"ImageObject","inLanguage":"pt-BR","@id":"https:\/\/daniellebeatrizmakeup.com.br\/loja\/iluminador-corporal-shine-ruby-rose\/#primaryimage","url":"https:\/\/daniellebeatrizmakeup.com.br\/loja\/wp-content\/uploads\/2022\/08\/20220801_124442-scaled.jpg","contentUrl":"https:\/\/daniellebeatrizmakeup.com.br\/loja\/wp-content\/uploads\/2022\/08\/20220801_124442-scaled.jpg","width":1920,"height":2560,"caption":"Iluminador Corporal Shine Ruby Rose"},{"@type":"BreadcrumbList","@id":"https:\/\/daniellebeatrizmakeup.com.br\/loja\/iluminador-corporal-shine-ruby-rose\/#breadcrumb","itemListElement":[{"@type":"ListItem","position":1,"name":"In\u00edcio","item":"https:\/\/daniellebeatrizmakeup.com.br\/loja\/"},{"@type":"ListItem","position":2,"name":"Todos","item":"https:\/\/daniellebeatrizmakeup.com.br\/loja\/todos\/"},{"@type":"ListItem","position":3,"name":"Iluminador Corporal Shine Ruby Rose"}]},{"@type":"WebSite","@id":"https:\/\/daniellebeatrizmakeup.com.br\/loja\/#website","url":"https:\/\/daniellebeatrizmakeup.com.br\/loja\/","name":"Loja DB Makeup","description":"A melhor loja de maquiagem para real\u00e7ar a sua beleza","publisher":{"@id":"https:\/\/daniellebeatrizmakeup.com.br\/loja\/#organization"},"potentialAction":[{"@type":"SearchAction","target":{"@type":"EntryPoint","urlTemplate":"https:\/\/daniellebeatrizmakeup.com.br\/loja\/?s={search_term_string}"},"query-input":{"@type":"PropertyValueSpecification","valueRequired":true,"valueName":"search_term_string"}}],"inLanguage":"pt-BR"},{"@type":"Organization","@id":"https:\/\/daniellebeatrizmakeup.com.br\/loja\/#organization","name":"Danielle Beatriz Makeup","url":"https:\/\/daniellebeatrizmakeup.com.br\/loja\/","logo":{"@type":"ImageObject","inLanguage":"pt-BR","@id":"https:\/\/daniellebeatrizmakeup.com.br\/loja\/#\/schema\/logo\/image\/","url":"https:\/\/daniellebeatrizmakeup.com.br\/loja\/wp-content\/uploads\/2020\/10\/logo-loja-db-makeup.png","contentUrl":"https:\/\/daniellebeatrizmakeup.com.br\/loja\/wp-content\/uploads\/2020\/10\/logo-loja-db-makeup.png","width":500,"height":110,"caption":"Danielle Beatriz Makeup"},"image":{"@id":"https:\/\/daniellebeatrizmakeup.com.br\/loja\/#\/schema\/logo\/image\/"},"sameAs":["https:\/\/www.facebook.com\/daniellebeatrizmakeup","https:\/\/x.com\/danibetriz","https:\/\/www.instagram.com\/daniellebeatrizmakeup","https:\/\/pinterest.com\/daniellebeatrizmakeup","https:\/\/www.youtube.com\/DanielleBeatriz"]}]}},"jetpack_sharing_enabled":true,"_links":{"self":[{"href":"https:\/\/daniellebeatrizmakeup.com.br\/loja\/wp-json\/wp\/v2\/product\/54716","targetHints":{"allow":["GET"]}}],"collection":[{"href":"https:\/\/daniellebeatrizmakeup.com.br\/loja\/wp-json\/wp\/v2\/product"}],"about":[{"href":"https:\/\/daniellebeatrizmakeup.com.br\/loja\/wp-json\/wp\/v2\/types\/product"}],"replies":[{"embeddable":true,"href":"https:\/\/daniellebeatrizmakeup.com.br\/loja\/wp-json\/wp\/v2\/comments?post=54716"}],"version-history":[{"count":4,"href":"https:\/\/daniellebeatrizmakeup.com.br\/loja\/wp-json\/wp\/v2\/product\/54716\/revisions"}],"predecessor-version":[{"id":56819,"href":"https:\/\/daniellebeatrizmakeup.com.br\/loja\/wp-json\/wp\/v2\/product\/54716\/revisions\/56819"}],"wp:featuredmedia":[{"embeddable":true,"href":"https:\/\/daniellebeatrizmakeup.com.br\/loja\/wp-json\/wp\/v2\/media\/54618"}],"wp:attachment":[{"href":"https:\/\/daniellebeatrizmakeup.com.br\/loja\/wp-json\/wp\/v2\/media?parent=54716"}],"wp:term":[{"taxonomy":"product_brand","embeddable":true,"href":"https:\/\/daniellebeatrizmakeup.com.br\/loja\/wp-json\/wp\/v2\/product_brand?post=54716"},{"taxonomy":"product_cat","embeddable":true,"href":"https:\/\/daniellebeatrizmakeup.com.br\/loja\/wp-json\/wp\/v2\/product_cat?post=54716"},{"taxonomy":"product_tag","embeddable":true,"href":"https:\/\/daniellebeatrizmakeup.com.br\/loja\/wp-json\/wp\/v2\/product_tag?post=54716"},{"taxonomy":"woo-feed-brand","embeddable":true,"href":"https:\/\/daniellebeatrizmakeup.com.br\/loja\/wp-json\/wp\/v2\/woo-feed-brand?post=54716"}],"curies":[{"name":"wp","href":"https:\/\/api.w.org\/{rel}","templated":true}]}}