{"id":54714,"date":"2022-08-05T09:00:50","date_gmt":"2022-08-05T12:00:50","guid":{"rendered":"https:\/\/daniellebeatrizmakeup.com.br\/loja\/?post_type=product&#038;p=54714"},"modified":"2024-07-22T18:00:22","modified_gmt":"2024-07-22T21:00:22","slug":"creme-para-area-dos-olhos-on-off-ruby-rose","status":"publish","type":"product","link":"https:\/\/daniellebeatrizmakeup.com.br\/loja\/creme-para-area-dos-olhos-on-off-ruby-rose\/","title":{"rendered":"Creme para \u00c1rea dos Olhos ON OFF Ruby Rose"},"content":{"rendered":"<p><span>O Creme para \u00c1rea dos Olhos ON OFF da <a href=\"https:\/\/daniellebeatrizmakeup.com.br\/loja\/ruby-rose\">Ruby Rose<\/a> possui textura em gel creme para utilizar no contorno dos olhos que auxilia na hidrata\u00e7\u00e3o da regi\u00e3o dos olhos. Com seus poderosos ativos na composi\u00e7\u00e3o proporciona a\u00e7\u00e3o anti-fadiga. Os principais ativos s\u00e3o \u00c1cido Hialur\u00f4nico, Cafe\u00edna e Camomila que auxiliam na circula\u00e7\u00e3o da regi\u00e3o, reduzindo <a href=\"https:\/\/www.instagram.com\/p\/Cci3L8UDcjD\/\">olheiras<\/a> e amenizando os aspectos do cansa\u00e7o.<\/span><br \/>\n<b><\/b><\/p>\n<p><b>Benef\u00edcios:<\/b><\/p>\n<p><span>Hidrata\u00e7\u00e3o para \u00e1rea dos olhos;<\/span><br \/>\n<span>Pele macia;<\/span><br \/>\n<span>Auxilia na redu\u00e7\u00e3o de olheiras e incha\u00e7o.<\/span><\/p>\n<p><strong>Conhe\u00e7a os ativos do Creme para \u00c1rea dos Olhos ON OFF:<\/strong><\/p>\n<ul>\n<li>Cafe\u00edna:\u00a0possui propriedades anti-inflamat\u00f3rias que melhoram a circula\u00e7\u00e3o auxiliando a reduzir o incha\u00e7o e amenizando a apar\u00eancia de pele cansada.<\/li>\n<li>Camomila:\u00a0Tem efeito calmante, hidratante, tonificante, emoliente e cicatrizante.<\/li>\n<li>\u00c1cido Hialur\u00f4nico:\u00a0Combate a flacidez, devolve a hidrata\u00e7\u00e3o, previne o envelhecimento, confere maciez e elasticidade a pele.<\/li>\n<\/ul>\n<p><b>Modo de uso:<\/b><\/p>\n<p><span>Aplique algumas gotinhas ao redor dos olhos, massageie em movimentos circulares at\u00e9 sua completa absor\u00e7\u00e3o.<\/span><\/p>\n","protected":false},"excerpt":{"rendered":"<p><span>O Creme para \u00c1rea dos Olhos ON OFF da Ruby Rose possui textura em gel creme para utilizar no contorno dos olhos que auxilia na hidrata\u00e7\u00e3o da regi\u00e3o dos olhos. Com seus poderosos ativos na composi\u00e7\u00e3o proporciona a\u00e7\u00e3o anti-fadiga. Os principais ativos s\u00e3o \u00c1cido Hialur\u00f4nico, Cafe\u00edna e Camomila que auxiliam na circula\u00e7\u00e3o da regi\u00e3o, reduzindo olheiras e amenizando os aspectos do cansa\u00e7o.<\/span><\/p>\n<p>Validade: 03\/2025.<\/p>\n","protected":false},"featured_media":54624,"comment_status":"open","ping_status":"closed","template":"","meta":{"_mbp_gutenberg_autopost":false},"product_brand":[],"product_cat":[712,79,74,836,720],"product_tag":[805],"woo-feed-brand":[],"class_list":{"0":"post-54714","1":"product","2":"type-product","3":"status-publish","4":"has-post-thumbnail","6":"product_cat-hidratante-facial","7":"product_cat-olhos","8":"product_cat-ruby-rose","9":"product_cat-ruby-skin","10":"product_cat-selecao-verde-e-amarela","11":"product_tag-ruby-rose","13":"first","14":"outofstock","15":"shipping-taxable","16":"purchasable","17":"product-type-simple"},"yoast_head":"<!-- This site is optimized with the Yoast SEO plugin v27.3 - https:\/\/yoast.com\/product\/yoast-seo-wordpress\/ -->\n<title>Creme para \u00c1rea dos Olhos ON OFF Ruby Rose - Loja DB Makeup<\/title>\n<meta name=\"description\" content=\"O Creme para \u00c1rea dos Olhos da Ruby Rose auxilia na hidrata\u00e7\u00e3o da regi\u00e3o dos olhos. Principais ativos s\u00e3o \u00c1cido Hialur\u00f4nico, Cafe\u00edna e Camomila.\" \/>\n<meta name=\"robots\" content=\"index, follow, max-snippet:-1, max-image-preview:large, max-video-preview:-1\" \/>\n<link rel=\"canonical\" href=\"https:\/\/daniellebeatrizmakeup.com.br\/loja\/creme-para-area-dos-olhos-on-off-ruby-rose\/\" \/>\n<meta property=\"og:locale\" content=\"pt_BR\" \/>\n<meta property=\"og:type\" content=\"article\" \/>\n<meta property=\"og:title\" content=\"Creme para \u00c1rea dos Olhos ON OFF Ruby Rose - Loja DB Makeup\" \/>\n<meta property=\"og:description\" content=\"O Creme para \u00c1rea dos Olhos da Ruby Rose auxilia na hidrata\u00e7\u00e3o da regi\u00e3o dos olhos. Principais ativos s\u00e3o \u00c1cido Hialur\u00f4nico, Cafe\u00edna e Camomila.\" \/>\n<meta property=\"og:url\" content=\"https:\/\/daniellebeatrizmakeup.com.br\/loja\/creme-para-area-dos-olhos-on-off-ruby-rose\/\" \/>\n<meta property=\"og:site_name\" content=\"Loja DB Makeup\" \/>\n<meta property=\"article:publisher\" content=\"https:\/\/www.facebook.com\/daniellebeatrizmakeup\" \/>\n<meta property=\"article:modified_time\" content=\"2024-07-22T21:00:22+00:00\" \/>\n<meta property=\"og:image\" content=\"https:\/\/daniellebeatrizmakeup.com.br\/loja\/wp-content\/uploads\/2022\/08\/20220801_130025-scaled.jpg\" \/>\n\t<meta property=\"og:image:width\" content=\"1920\" \/>\n\t<meta property=\"og:image:height\" content=\"2560\" \/>\n\t<meta property=\"og:image:type\" content=\"image\/jpeg\" \/>\n<meta name=\"twitter:card\" content=\"summary_large_image\" \/>\n<meta name=\"twitter:site\" content=\"@danibetriz\" \/>\n<meta name=\"twitter:label1\" content=\"Est. tempo de leitura\" \/>\n\t<meta name=\"twitter:data1\" content=\"1 minuto\" \/>\n<script type=\"application\/ld+json\" class=\"yoast-schema-graph\">{\"@context\":\"https:\\\/\\\/schema.org\",\"@graph\":[{\"@type\":\"WebPage\",\"@id\":\"https:\\\/\\\/daniellebeatrizmakeup.com.br\\\/loja\\\/creme-para-area-dos-olhos-on-off-ruby-rose\\\/\",\"url\":\"https:\\\/\\\/daniellebeatrizmakeup.com.br\\\/loja\\\/creme-para-area-dos-olhos-on-off-ruby-rose\\\/\",\"name\":\"Creme para \u00c1rea dos Olhos ON OFF Ruby Rose - Loja DB Makeup\",\"isPartOf\":{\"@id\":\"https:\\\/\\\/daniellebeatrizmakeup.com.br\\\/loja\\\/#website\"},\"primaryImageOfPage\":{\"@id\":\"https:\\\/\\\/daniellebeatrizmakeup.com.br\\\/loja\\\/creme-para-area-dos-olhos-on-off-ruby-rose\\\/#primaryimage\"},\"image\":{\"@id\":\"https:\\\/\\\/daniellebeatrizmakeup.com.br\\\/loja\\\/creme-para-area-dos-olhos-on-off-ruby-rose\\\/#primaryimage\"},\"thumbnailUrl\":\"https:\\\/\\\/daniellebeatrizmakeup.com.br\\\/loja\\\/wp-content\\\/uploads\\\/2022\\\/08\\\/20220801_130025-scaled.jpg\",\"datePublished\":\"2022-08-05T12:00:50+00:00\",\"dateModified\":\"2024-07-22T21:00:22+00:00\",\"description\":\"O Creme para \u00c1rea dos Olhos da Ruby Rose auxilia na hidrata\u00e7\u00e3o da regi\u00e3o dos olhos. Principais ativos s\u00e3o \u00c1cido Hialur\u00f4nico, Cafe\u00edna e Camomila.\",\"breadcrumb\":{\"@id\":\"https:\\\/\\\/daniellebeatrizmakeup.com.br\\\/loja\\\/creme-para-area-dos-olhos-on-off-ruby-rose\\\/#breadcrumb\"},\"inLanguage\":\"pt-BR\",\"potentialAction\":[{\"@type\":\"ReadAction\",\"target\":[\"https:\\\/\\\/daniellebeatrizmakeup.com.br\\\/loja\\\/creme-para-area-dos-olhos-on-off-ruby-rose\\\/\"]}]},{\"@type\":\"ImageObject\",\"inLanguage\":\"pt-BR\",\"@id\":\"https:\\\/\\\/daniellebeatrizmakeup.com.br\\\/loja\\\/creme-para-area-dos-olhos-on-off-ruby-rose\\\/#primaryimage\",\"url\":\"https:\\\/\\\/daniellebeatrizmakeup.com.br\\\/loja\\\/wp-content\\\/uploads\\\/2022\\\/08\\\/20220801_130025-scaled.jpg\",\"contentUrl\":\"https:\\\/\\\/daniellebeatrizmakeup.com.br\\\/loja\\\/wp-content\\\/uploads\\\/2022\\\/08\\\/20220801_130025-scaled.jpg\",\"width\":1920,\"height\":2560},{\"@type\":\"BreadcrumbList\",\"@id\":\"https:\\\/\\\/daniellebeatrizmakeup.com.br\\\/loja\\\/creme-para-area-dos-olhos-on-off-ruby-rose\\\/#breadcrumb\",\"itemListElement\":[{\"@type\":\"ListItem\",\"position\":1,\"name\":\"In\u00edcio\",\"item\":\"https:\\\/\\\/daniellebeatrizmakeup.com.br\\\/loja\\\/\"},{\"@type\":\"ListItem\",\"position\":2,\"name\":\"Todos\",\"item\":\"https:\\\/\\\/daniellebeatrizmakeup.com.br\\\/loja\\\/todos\\\/\"},{\"@type\":\"ListItem\",\"position\":3,\"name\":\"Creme para \u00c1rea dos Olhos ON OFF Ruby Rose\"}]},{\"@type\":\"WebSite\",\"@id\":\"https:\\\/\\\/daniellebeatrizmakeup.com.br\\\/loja\\\/#website\",\"url\":\"https:\\\/\\\/daniellebeatrizmakeup.com.br\\\/loja\\\/\",\"name\":\"Loja DB Makeup\",\"description\":\"A melhor loja de maquiagem para real\u00e7ar a sua beleza\",\"publisher\":{\"@id\":\"https:\\\/\\\/daniellebeatrizmakeup.com.br\\\/loja\\\/#organization\"},\"potentialAction\":[{\"@type\":\"SearchAction\",\"target\":{\"@type\":\"EntryPoint\",\"urlTemplate\":\"https:\\\/\\\/daniellebeatrizmakeup.com.br\\\/loja\\\/?s={search_term_string}\"},\"query-input\":{\"@type\":\"PropertyValueSpecification\",\"valueRequired\":true,\"valueName\":\"search_term_string\"}}],\"inLanguage\":\"pt-BR\"},{\"@type\":\"Organization\",\"@id\":\"https:\\\/\\\/daniellebeatrizmakeup.com.br\\\/loja\\\/#organization\",\"name\":\"Danielle Beatriz Makeup\",\"url\":\"https:\\\/\\\/daniellebeatrizmakeup.com.br\\\/loja\\\/\",\"logo\":{\"@type\":\"ImageObject\",\"inLanguage\":\"pt-BR\",\"@id\":\"https:\\\/\\\/daniellebeatrizmakeup.com.br\\\/loja\\\/#\\\/schema\\\/logo\\\/image\\\/\",\"url\":\"https:\\\/\\\/daniellebeatrizmakeup.com.br\\\/loja\\\/wp-content\\\/uploads\\\/2020\\\/10\\\/logo-loja-db-makeup.png\",\"contentUrl\":\"https:\\\/\\\/daniellebeatrizmakeup.com.br\\\/loja\\\/wp-content\\\/uploads\\\/2020\\\/10\\\/logo-loja-db-makeup.png\",\"width\":500,\"height\":110,\"caption\":\"Danielle Beatriz Makeup\"},\"image\":{\"@id\":\"https:\\\/\\\/daniellebeatrizmakeup.com.br\\\/loja\\\/#\\\/schema\\\/logo\\\/image\\\/\"},\"sameAs\":[\"https:\\\/\\\/www.facebook.com\\\/daniellebeatrizmakeup\",\"https:\\\/\\\/x.com\\\/danibetriz\",\"https:\\\/\\\/www.instagram.com\\\/daniellebeatrizmakeup\",\"https:\\\/\\\/pinterest.com\\\/daniellebeatrizmakeup\",\"https:\\\/\\\/www.youtube.com\\\/DanielleBeatriz\"]}]}<\/script>\n<!-- \/ Yoast SEO plugin. -->","yoast_head_json":{"title":"Creme para \u00c1rea dos Olhos ON OFF Ruby Rose - Loja DB Makeup","description":"O Creme para \u00c1rea dos Olhos da Ruby Rose auxilia na hidrata\u00e7\u00e3o da regi\u00e3o dos olhos. Principais ativos s\u00e3o \u00c1cido Hialur\u00f4nico, Cafe\u00edna e Camomila.","robots":{"index":"index","follow":"follow","max-snippet":"max-snippet:-1","max-image-preview":"max-image-preview:large","max-video-preview":"max-video-preview:-1"},"canonical":"https:\/\/daniellebeatrizmakeup.com.br\/loja\/creme-para-area-dos-olhos-on-off-ruby-rose\/","og_locale":"pt_BR","og_type":"article","og_title":"Creme para \u00c1rea dos Olhos ON OFF Ruby Rose - Loja DB Makeup","og_description":"O Creme para \u00c1rea dos Olhos da Ruby Rose auxilia na hidrata\u00e7\u00e3o da regi\u00e3o dos olhos. Principais ativos s\u00e3o \u00c1cido Hialur\u00f4nico, Cafe\u00edna e Camomila.","og_url":"https:\/\/daniellebeatrizmakeup.com.br\/loja\/creme-para-area-dos-olhos-on-off-ruby-rose\/","og_site_name":"Loja DB Makeup","article_publisher":"https:\/\/www.facebook.com\/daniellebeatrizmakeup","article_modified_time":"2024-07-22T21:00:22+00:00","og_image":[{"width":1920,"height":2560,"url":"https:\/\/daniellebeatrizmakeup.com.br\/loja\/wp-content\/uploads\/2022\/08\/20220801_130025-scaled.jpg","type":"image\/jpeg"}],"twitter_card":"summary_large_image","twitter_site":"@danibetriz","twitter_misc":{"Est. tempo de leitura":"1 minuto"},"schema":{"@context":"https:\/\/schema.org","@graph":[{"@type":"WebPage","@id":"https:\/\/daniellebeatrizmakeup.com.br\/loja\/creme-para-area-dos-olhos-on-off-ruby-rose\/","url":"https:\/\/daniellebeatrizmakeup.com.br\/loja\/creme-para-area-dos-olhos-on-off-ruby-rose\/","name":"Creme para \u00c1rea dos Olhos ON OFF Ruby Rose - Loja DB Makeup","isPartOf":{"@id":"https:\/\/daniellebeatrizmakeup.com.br\/loja\/#website"},"primaryImageOfPage":{"@id":"https:\/\/daniellebeatrizmakeup.com.br\/loja\/creme-para-area-dos-olhos-on-off-ruby-rose\/#primaryimage"},"image":{"@id":"https:\/\/daniellebeatrizmakeup.com.br\/loja\/creme-para-area-dos-olhos-on-off-ruby-rose\/#primaryimage"},"thumbnailUrl":"https:\/\/daniellebeatrizmakeup.com.br\/loja\/wp-content\/uploads\/2022\/08\/20220801_130025-scaled.jpg","datePublished":"2022-08-05T12:00:50+00:00","dateModified":"2024-07-22T21:00:22+00:00","description":"O Creme para \u00c1rea dos Olhos da Ruby Rose auxilia na hidrata\u00e7\u00e3o da regi\u00e3o dos olhos. Principais ativos s\u00e3o \u00c1cido Hialur\u00f4nico, Cafe\u00edna e Camomila.","breadcrumb":{"@id":"https:\/\/daniellebeatrizmakeup.com.br\/loja\/creme-para-area-dos-olhos-on-off-ruby-rose\/#breadcrumb"},"inLanguage":"pt-BR","potentialAction":[{"@type":"ReadAction","target":["https:\/\/daniellebeatrizmakeup.com.br\/loja\/creme-para-area-dos-olhos-on-off-ruby-rose\/"]}]},{"@type":"ImageObject","inLanguage":"pt-BR","@id":"https:\/\/daniellebeatrizmakeup.com.br\/loja\/creme-para-area-dos-olhos-on-off-ruby-rose\/#primaryimage","url":"https:\/\/daniellebeatrizmakeup.com.br\/loja\/wp-content\/uploads\/2022\/08\/20220801_130025-scaled.jpg","contentUrl":"https:\/\/daniellebeatrizmakeup.com.br\/loja\/wp-content\/uploads\/2022\/08\/20220801_130025-scaled.jpg","width":1920,"height":2560},{"@type":"BreadcrumbList","@id":"https:\/\/daniellebeatrizmakeup.com.br\/loja\/creme-para-area-dos-olhos-on-off-ruby-rose\/#breadcrumb","itemListElement":[{"@type":"ListItem","position":1,"name":"In\u00edcio","item":"https:\/\/daniellebeatrizmakeup.com.br\/loja\/"},{"@type":"ListItem","position":2,"name":"Todos","item":"https:\/\/daniellebeatrizmakeup.com.br\/loja\/todos\/"},{"@type":"ListItem","position":3,"name":"Creme para \u00c1rea dos Olhos ON OFF Ruby Rose"}]},{"@type":"WebSite","@id":"https:\/\/daniellebeatrizmakeup.com.br\/loja\/#website","url":"https:\/\/daniellebeatrizmakeup.com.br\/loja\/","name":"Loja DB Makeup","description":"A melhor loja de maquiagem para real\u00e7ar a sua beleza","publisher":{"@id":"https:\/\/daniellebeatrizmakeup.com.br\/loja\/#organization"},"potentialAction":[{"@type":"SearchAction","target":{"@type":"EntryPoint","urlTemplate":"https:\/\/daniellebeatrizmakeup.com.br\/loja\/?s={search_term_string}"},"query-input":{"@type":"PropertyValueSpecification","valueRequired":true,"valueName":"search_term_string"}}],"inLanguage":"pt-BR"},{"@type":"Organization","@id":"https:\/\/daniellebeatrizmakeup.com.br\/loja\/#organization","name":"Danielle Beatriz Makeup","url":"https:\/\/daniellebeatrizmakeup.com.br\/loja\/","logo":{"@type":"ImageObject","inLanguage":"pt-BR","@id":"https:\/\/daniellebeatrizmakeup.com.br\/loja\/#\/schema\/logo\/image\/","url":"https:\/\/daniellebeatrizmakeup.com.br\/loja\/wp-content\/uploads\/2020\/10\/logo-loja-db-makeup.png","contentUrl":"https:\/\/daniellebeatrizmakeup.com.br\/loja\/wp-content\/uploads\/2020\/10\/logo-loja-db-makeup.png","width":500,"height":110,"caption":"Danielle Beatriz Makeup"},"image":{"@id":"https:\/\/daniellebeatrizmakeup.com.br\/loja\/#\/schema\/logo\/image\/"},"sameAs":["https:\/\/www.facebook.com\/daniellebeatrizmakeup","https:\/\/x.com\/danibetriz","https:\/\/www.instagram.com\/daniellebeatrizmakeup","https:\/\/pinterest.com\/daniellebeatrizmakeup","https:\/\/www.youtube.com\/DanielleBeatriz"]}]}},"jetpack_sharing_enabled":true,"_links":{"self":[{"href":"https:\/\/daniellebeatrizmakeup.com.br\/loja\/wp-json\/wp\/v2\/product\/54714","targetHints":{"allow":["GET"]}}],"collection":[{"href":"https:\/\/daniellebeatrizmakeup.com.br\/loja\/wp-json\/wp\/v2\/product"}],"about":[{"href":"https:\/\/daniellebeatrizmakeup.com.br\/loja\/wp-json\/wp\/v2\/types\/product"}],"replies":[{"embeddable":true,"href":"https:\/\/daniellebeatrizmakeup.com.br\/loja\/wp-json\/wp\/v2\/comments?post=54714"}],"version-history":[{"count":3,"href":"https:\/\/daniellebeatrizmakeup.com.br\/loja\/wp-json\/wp\/v2\/product\/54714\/revisions"}],"predecessor-version":[{"id":54745,"href":"https:\/\/daniellebeatrizmakeup.com.br\/loja\/wp-json\/wp\/v2\/product\/54714\/revisions\/54745"}],"wp:featuredmedia":[{"embeddable":true,"href":"https:\/\/daniellebeatrizmakeup.com.br\/loja\/wp-json\/wp\/v2\/media\/54624"}],"wp:attachment":[{"href":"https:\/\/daniellebeatrizmakeup.com.br\/loja\/wp-json\/wp\/v2\/media?parent=54714"}],"wp:term":[{"taxonomy":"product_brand","embeddable":true,"href":"https:\/\/daniellebeatrizmakeup.com.br\/loja\/wp-json\/wp\/v2\/product_brand?post=54714"},{"taxonomy":"product_cat","embeddable":true,"href":"https:\/\/daniellebeatrizmakeup.com.br\/loja\/wp-json\/wp\/v2\/product_cat?post=54714"},{"taxonomy":"product_tag","embeddable":true,"href":"https:\/\/daniellebeatrizmakeup.com.br\/loja\/wp-json\/wp\/v2\/product_tag?post=54714"},{"taxonomy":"woo-feed-brand","embeddable":true,"href":"https:\/\/daniellebeatrizmakeup.com.br\/loja\/wp-json\/wp\/v2\/woo-feed-brand?post=54714"}],"curies":[{"name":"wp","href":"https:\/\/api.w.org\/{rel}","templated":true}]}}