{"id":54707,"date":"2022-08-05T09:00:48","date_gmt":"2022-08-05T12:00:48","guid":{"rendered":"https:\/\/daniellebeatrizmakeup.com.br\/loja\/?post_type=product&#038;p=54707"},"modified":"2025-10-21T11:40:15","modified_gmt":"2025-10-21T14:40:15","slug":"corretivo-liquido-colorido-ruby-rose","status":"publish","type":"product","link":"https:\/\/daniellebeatrizmakeup.com.br\/loja\/corretivo-liquido-colorido-ruby-rose\/","title":{"rendered":"Corretivo L\u00edquido Colorido Ruby Rose"},"content":{"rendered":"<p>O Corretivo L\u00edquido Colorido da <a href=\"https:\/\/daniellebeatrizmakeup.com.br\/loja\/ruby-rose\">Ruby Rose<\/a> possui alta cobertura trazendo um resultado satisfat\u00f3rio ap\u00f3s a finaliza\u00e7\u00e3o da maquiagem. O seu aplicador fixado na ponta facilita que o produto seja depositado na \u00e1rea desejada. O corretivo colorido tem a fun\u00e7\u00e3o de neutralizar tons indesejados na pele, como <a href=\"https:\/\/www.instagram.com\/p\/Cci3L8UDcjD\/\">olheiras<\/a>, sardas, espinhas e etc. Para identificar a cor necess\u00e1ria \u00e9 utilizado o c\u00edrculo crom\u00e1tico com as cores complementares, que se refere a cor oposta.<\/p>\n<p><a href=\"https:\/\/daniellebeatrizmakeup.com.br\/loja\/wp-content\/uploads\/2022\/08\/circulo-cromatico-cores-complementares-300x300-1.png\"><img fetchpriority=\"high\" decoding=\"async\" src=\"https:\/\/daniellebeatrizmakeup.com.br\/loja\/wp-content\/uploads\/2022\/08\/circulo-cromatico-cores-complementares-300x300-1-300x300.png\" alt=\"\" width=\"300\" height=\"300\" class=\"size-medium wp-image-54732 aligncenter\" srcset=\"https:\/\/daniellebeatrizmakeup.com.br\/loja\/wp-content\/uploads\/2022\/08\/circulo-cromatico-cores-complementares-300x300-1.png 300w, https:\/\/daniellebeatrizmakeup.com.br\/loja\/wp-content\/uploads\/2022\/08\/circulo-cromatico-cores-complementares-300x300-1-100x100.png 100w, https:\/\/daniellebeatrizmakeup.com.br\/loja\/wp-content\/uploads\/2022\/08\/circulo-cromatico-cores-complementares-300x300-1-150x150.png 150w\" sizes=\"(max-width: 300px) 100vw, 300px\" \/><\/a><\/p>\n<ol>\n<li>Amarelo: <span>olheiras arroxeadas ou hematomas, principalmente, em peles de tons claros<\/span>.<\/li>\n<li>Verde: <span>espinhas e manchas avermelhadas, como ros\u00e1cea, por exemplo.<\/span><\/li>\n<li>Roxo: <span>manchas amareladas.<\/span><\/li>\n<li>Laranja: <span>olheiras azuladas em tom de pele claro.<\/span><\/li>\n<li><span>Coral:<\/span> <span>olheiras azuladas em tom de pele m\u00e9dio<\/span>.<\/li>\n<\/ol>\n<p>&nbsp;<\/p>\n<p><strong>Modo de uso:<\/strong><\/p>\n<p>O corretivo l\u00edquido colorido da Ruby Rose \u00e9 fundamental para corrigir imperfei\u00e7\u00f5es, depois de aplicar utilize uma base de sua prefer\u00eancia com batidinhas, e depois passar o p\u00f3 para selar e dar uma cobertura ainda melhor!<\/p>\n<p><b>Precau\u00e7\u00f5es:<\/b><\/p>\n<p>Uso externo. N\u00e3o aplique sobre a pele irritada ou lesionada. \u00a0Se houver qualquer sinal de irrita\u00e7\u00e3o, descontinue o uso do produto! Evite espinhas limpe bem sua pele ap\u00f3s o uso! Toda pele merece de cuidados como hidrata\u00e7\u00e3o e esfolia\u00e7\u00e3o.<\/p>\n<p><strong>Cont\u00e9m:<\/strong> 13ml<\/p>\n","protected":false},"excerpt":{"rendered":"<p>O Corretivo L\u00edquido Colorido da Ruby Rose possui alta cobertura trazendo um resultado satisfat\u00f3rio ap\u00f3s a finaliza\u00e7\u00e3o da maquiagem. O seu aplicador fixado na ponta facilita que o produto seja depositado na \u00e1rea desejada. O corretivo colorido tem a fun\u00e7\u00e3o de neutralizar tons indesejados na pele, como olheiras, sardas, espinhas e etc. Para identificar a cor necess\u00e1ria \u00e9 utilizado o c\u00edrculo crom\u00e1tico com as cores complementares, que se refere a cor oposta.<\/p>\n<p>Validade: 10\/2025.<\/p>\n","protected":false},"featured_media":54616,"comment_status":"open","ping_status":"closed","template":"","meta":{"_mbp_gutenberg_autopost":false},"product_brand":[],"product_cat":[136,78,74],"product_tag":[805],"woo-feed-brand":[],"class_list":{"0":"post-54707","1":"product","2":"type-product","3":"status-publish","4":"has-post-thumbnail","6":"product_cat-corretivo","7":"product_cat-rosto","8":"product_cat-ruby-rose","9":"product_tag-ruby-rose","10":"yith_product_brand-ruby-rose","12":"first","13":"outofstock","14":"featured","15":"shipping-taxable","16":"purchasable","17":"product-type-variable"},"yoast_head":"<!-- This site is optimized with the Yoast SEO plugin v27.3 - https:\/\/yoast.com\/product\/yoast-seo-wordpress\/ -->\n<title>Corretivo L\u00edquido Colorido Ruby Rose - Loja DB Makeup<\/title>\n<meta name=\"description\" content=\"O Corretivo L\u00edquido Colorido da Ruby Rose possui alta cobertura e o seu aplicador fixado na ponta facilita que o produto seja depositado na \u00e1rea desejada.\" \/>\n<meta name=\"robots\" content=\"index, follow, max-snippet:-1, max-image-preview:large, max-video-preview:-1\" \/>\n<link rel=\"canonical\" href=\"https:\/\/daniellebeatrizmakeup.com.br\/loja\/corretivo-liquido-colorido-ruby-rose\/\" \/>\n<meta property=\"og:locale\" content=\"pt_BR\" \/>\n<meta property=\"og:type\" content=\"article\" \/>\n<meta property=\"og:title\" content=\"Corretivo L\u00edquido Colorido Ruby Rose - Loja DB Makeup\" \/>\n<meta property=\"og:description\" content=\"O Corretivo L\u00edquido Colorido da Ruby Rose possui alta cobertura e o seu aplicador fixado na ponta facilita que o produto seja depositado na \u00e1rea desejada.\" \/>\n<meta property=\"og:url\" content=\"https:\/\/daniellebeatrizmakeup.com.br\/loja\/corretivo-liquido-colorido-ruby-rose\/\" \/>\n<meta property=\"og:site_name\" content=\"Loja DB Makeup\" \/>\n<meta property=\"article:publisher\" content=\"https:\/\/www.facebook.com\/daniellebeatrizmakeup\" \/>\n<meta property=\"article:modified_time\" content=\"2025-10-21T14:40:15+00:00\" \/>\n<meta property=\"og:image\" content=\"https:\/\/daniellebeatrizmakeup.com.br\/loja\/wp-content\/uploads\/2022\/08\/20220801_125137-scaled.jpg\" \/>\n\t<meta property=\"og:image:width\" content=\"1920\" \/>\n\t<meta property=\"og:image:height\" content=\"2560\" \/>\n\t<meta property=\"og:image:type\" content=\"image\/jpeg\" \/>\n<meta name=\"twitter:card\" content=\"summary_large_image\" \/>\n<meta name=\"twitter:site\" content=\"@danibetriz\" \/>\n<meta name=\"twitter:label1\" content=\"Est. tempo de leitura\" \/>\n\t<meta name=\"twitter:data1\" content=\"1 minuto\" \/>\n<script type=\"application\/ld+json\" class=\"yoast-schema-graph\">{\"@context\":\"https:\\\/\\\/schema.org\",\"@graph\":[{\"@type\":\"WebPage\",\"@id\":\"https:\\\/\\\/daniellebeatrizmakeup.com.br\\\/loja\\\/corretivo-liquido-colorido-ruby-rose\\\/\",\"url\":\"https:\\\/\\\/daniellebeatrizmakeup.com.br\\\/loja\\\/corretivo-liquido-colorido-ruby-rose\\\/\",\"name\":\"Corretivo L\u00edquido Colorido Ruby Rose - Loja DB Makeup\",\"isPartOf\":{\"@id\":\"https:\\\/\\\/daniellebeatrizmakeup.com.br\\\/loja\\\/#website\"},\"primaryImageOfPage\":{\"@id\":\"https:\\\/\\\/daniellebeatrizmakeup.com.br\\\/loja\\\/corretivo-liquido-colorido-ruby-rose\\\/#primaryimage\"},\"image\":{\"@id\":\"https:\\\/\\\/daniellebeatrizmakeup.com.br\\\/loja\\\/corretivo-liquido-colorido-ruby-rose\\\/#primaryimage\"},\"thumbnailUrl\":\"https:\\\/\\\/daniellebeatrizmakeup.com.br\\\/loja\\\/wp-content\\\/uploads\\\/2022\\\/08\\\/20220801_125137-scaled.jpg\",\"datePublished\":\"2022-08-05T12:00:48+00:00\",\"dateModified\":\"2025-10-21T14:40:15+00:00\",\"description\":\"O Corretivo L\u00edquido Colorido da Ruby Rose possui alta cobertura e o seu aplicador fixado na ponta facilita que o produto seja depositado na \u00e1rea desejada.\",\"breadcrumb\":{\"@id\":\"https:\\\/\\\/daniellebeatrizmakeup.com.br\\\/loja\\\/corretivo-liquido-colorido-ruby-rose\\\/#breadcrumb\"},\"inLanguage\":\"pt-BR\",\"potentialAction\":[{\"@type\":\"ReadAction\",\"target\":[\"https:\\\/\\\/daniellebeatrizmakeup.com.br\\\/loja\\\/corretivo-liquido-colorido-ruby-rose\\\/\"]}]},{\"@type\":\"ImageObject\",\"inLanguage\":\"pt-BR\",\"@id\":\"https:\\\/\\\/daniellebeatrizmakeup.com.br\\\/loja\\\/corretivo-liquido-colorido-ruby-rose\\\/#primaryimage\",\"url\":\"https:\\\/\\\/daniellebeatrizmakeup.com.br\\\/loja\\\/wp-content\\\/uploads\\\/2022\\\/08\\\/20220801_125137-scaled.jpg\",\"contentUrl\":\"https:\\\/\\\/daniellebeatrizmakeup.com.br\\\/loja\\\/wp-content\\\/uploads\\\/2022\\\/08\\\/20220801_125137-scaled.jpg\",\"width\":1920,\"height\":2560,\"caption\":\"Corretivo L\u00edquido Colorido Ruby Rose\"},{\"@type\":\"BreadcrumbList\",\"@id\":\"https:\\\/\\\/daniellebeatrizmakeup.com.br\\\/loja\\\/corretivo-liquido-colorido-ruby-rose\\\/#breadcrumb\",\"itemListElement\":[{\"@type\":\"ListItem\",\"position\":1,\"name\":\"In\u00edcio\",\"item\":\"https:\\\/\\\/daniellebeatrizmakeup.com.br\\\/loja\\\/\"},{\"@type\":\"ListItem\",\"position\":2,\"name\":\"Todos\",\"item\":\"https:\\\/\\\/daniellebeatrizmakeup.com.br\\\/loja\\\/todos\\\/\"},{\"@type\":\"ListItem\",\"position\":3,\"name\":\"Corretivo L\u00edquido Colorido Ruby Rose\"}]},{\"@type\":\"WebSite\",\"@id\":\"https:\\\/\\\/daniellebeatrizmakeup.com.br\\\/loja\\\/#website\",\"url\":\"https:\\\/\\\/daniellebeatrizmakeup.com.br\\\/loja\\\/\",\"name\":\"Loja DB Makeup\",\"description\":\"A melhor loja de maquiagem para real\u00e7ar a sua beleza\",\"publisher\":{\"@id\":\"https:\\\/\\\/daniellebeatrizmakeup.com.br\\\/loja\\\/#organization\"},\"potentialAction\":[{\"@type\":\"SearchAction\",\"target\":{\"@type\":\"EntryPoint\",\"urlTemplate\":\"https:\\\/\\\/daniellebeatrizmakeup.com.br\\\/loja\\\/?s={search_term_string}\"},\"query-input\":{\"@type\":\"PropertyValueSpecification\",\"valueRequired\":true,\"valueName\":\"search_term_string\"}}],\"inLanguage\":\"pt-BR\"},{\"@type\":\"Organization\",\"@id\":\"https:\\\/\\\/daniellebeatrizmakeup.com.br\\\/loja\\\/#organization\",\"name\":\"Danielle Beatriz Makeup\",\"url\":\"https:\\\/\\\/daniellebeatrizmakeup.com.br\\\/loja\\\/\",\"logo\":{\"@type\":\"ImageObject\",\"inLanguage\":\"pt-BR\",\"@id\":\"https:\\\/\\\/daniellebeatrizmakeup.com.br\\\/loja\\\/#\\\/schema\\\/logo\\\/image\\\/\",\"url\":\"https:\\\/\\\/daniellebeatrizmakeup.com.br\\\/loja\\\/wp-content\\\/uploads\\\/2020\\\/10\\\/logo-loja-db-makeup.png\",\"contentUrl\":\"https:\\\/\\\/daniellebeatrizmakeup.com.br\\\/loja\\\/wp-content\\\/uploads\\\/2020\\\/10\\\/logo-loja-db-makeup.png\",\"width\":500,\"height\":110,\"caption\":\"Danielle Beatriz Makeup\"},\"image\":{\"@id\":\"https:\\\/\\\/daniellebeatrizmakeup.com.br\\\/loja\\\/#\\\/schema\\\/logo\\\/image\\\/\"},\"sameAs\":[\"https:\\\/\\\/www.facebook.com\\\/daniellebeatrizmakeup\",\"https:\\\/\\\/x.com\\\/danibetriz\",\"https:\\\/\\\/www.instagram.com\\\/daniellebeatrizmakeup\",\"https:\\\/\\\/pinterest.com\\\/daniellebeatrizmakeup\",\"https:\\\/\\\/www.youtube.com\\\/DanielleBeatriz\"]}]}<\/script>\n<!-- \/ Yoast SEO plugin. -->","yoast_head_json":{"title":"Corretivo L\u00edquido Colorido Ruby Rose - Loja DB Makeup","description":"O Corretivo L\u00edquido Colorido da Ruby Rose possui alta cobertura e o seu aplicador fixado na ponta facilita que o produto seja depositado na \u00e1rea desejada.","robots":{"index":"index","follow":"follow","max-snippet":"max-snippet:-1","max-image-preview":"max-image-preview:large","max-video-preview":"max-video-preview:-1"},"canonical":"https:\/\/daniellebeatrizmakeup.com.br\/loja\/corretivo-liquido-colorido-ruby-rose\/","og_locale":"pt_BR","og_type":"article","og_title":"Corretivo L\u00edquido Colorido Ruby Rose - Loja DB Makeup","og_description":"O Corretivo L\u00edquido Colorido da Ruby Rose possui alta cobertura e o seu aplicador fixado na ponta facilita que o produto seja depositado na \u00e1rea desejada.","og_url":"https:\/\/daniellebeatrizmakeup.com.br\/loja\/corretivo-liquido-colorido-ruby-rose\/","og_site_name":"Loja DB Makeup","article_publisher":"https:\/\/www.facebook.com\/daniellebeatrizmakeup","article_modified_time":"2025-10-21T14:40:15+00:00","og_image":[{"width":1920,"height":2560,"url":"https:\/\/daniellebeatrizmakeup.com.br\/loja\/wp-content\/uploads\/2022\/08\/20220801_125137-scaled.jpg","type":"image\/jpeg"}],"twitter_card":"summary_large_image","twitter_site":"@danibetriz","twitter_misc":{"Est. tempo de leitura":"1 minuto"},"schema":{"@context":"https:\/\/schema.org","@graph":[{"@type":"WebPage","@id":"https:\/\/daniellebeatrizmakeup.com.br\/loja\/corretivo-liquido-colorido-ruby-rose\/","url":"https:\/\/daniellebeatrizmakeup.com.br\/loja\/corretivo-liquido-colorido-ruby-rose\/","name":"Corretivo L\u00edquido Colorido Ruby Rose - Loja DB Makeup","isPartOf":{"@id":"https:\/\/daniellebeatrizmakeup.com.br\/loja\/#website"},"primaryImageOfPage":{"@id":"https:\/\/daniellebeatrizmakeup.com.br\/loja\/corretivo-liquido-colorido-ruby-rose\/#primaryimage"},"image":{"@id":"https:\/\/daniellebeatrizmakeup.com.br\/loja\/corretivo-liquido-colorido-ruby-rose\/#primaryimage"},"thumbnailUrl":"https:\/\/daniellebeatrizmakeup.com.br\/loja\/wp-content\/uploads\/2022\/08\/20220801_125137-scaled.jpg","datePublished":"2022-08-05T12:00:48+00:00","dateModified":"2025-10-21T14:40:15+00:00","description":"O Corretivo L\u00edquido Colorido da Ruby Rose possui alta cobertura e o seu aplicador fixado na ponta facilita que o produto seja depositado na \u00e1rea desejada.","breadcrumb":{"@id":"https:\/\/daniellebeatrizmakeup.com.br\/loja\/corretivo-liquido-colorido-ruby-rose\/#breadcrumb"},"inLanguage":"pt-BR","potentialAction":[{"@type":"ReadAction","target":["https:\/\/daniellebeatrizmakeup.com.br\/loja\/corretivo-liquido-colorido-ruby-rose\/"]}]},{"@type":"ImageObject","inLanguage":"pt-BR","@id":"https:\/\/daniellebeatrizmakeup.com.br\/loja\/corretivo-liquido-colorido-ruby-rose\/#primaryimage","url":"https:\/\/daniellebeatrizmakeup.com.br\/loja\/wp-content\/uploads\/2022\/08\/20220801_125137-scaled.jpg","contentUrl":"https:\/\/daniellebeatrizmakeup.com.br\/loja\/wp-content\/uploads\/2022\/08\/20220801_125137-scaled.jpg","width":1920,"height":2560,"caption":"Corretivo L\u00edquido Colorido Ruby Rose"},{"@type":"BreadcrumbList","@id":"https:\/\/daniellebeatrizmakeup.com.br\/loja\/corretivo-liquido-colorido-ruby-rose\/#breadcrumb","itemListElement":[{"@type":"ListItem","position":1,"name":"In\u00edcio","item":"https:\/\/daniellebeatrizmakeup.com.br\/loja\/"},{"@type":"ListItem","position":2,"name":"Todos","item":"https:\/\/daniellebeatrizmakeup.com.br\/loja\/todos\/"},{"@type":"ListItem","position":3,"name":"Corretivo L\u00edquido Colorido Ruby Rose"}]},{"@type":"WebSite","@id":"https:\/\/daniellebeatrizmakeup.com.br\/loja\/#website","url":"https:\/\/daniellebeatrizmakeup.com.br\/loja\/","name":"Loja DB Makeup","description":"A melhor loja de maquiagem para real\u00e7ar a sua beleza","publisher":{"@id":"https:\/\/daniellebeatrizmakeup.com.br\/loja\/#organization"},"potentialAction":[{"@type":"SearchAction","target":{"@type":"EntryPoint","urlTemplate":"https:\/\/daniellebeatrizmakeup.com.br\/loja\/?s={search_term_string}"},"query-input":{"@type":"PropertyValueSpecification","valueRequired":true,"valueName":"search_term_string"}}],"inLanguage":"pt-BR"},{"@type":"Organization","@id":"https:\/\/daniellebeatrizmakeup.com.br\/loja\/#organization","name":"Danielle Beatriz Makeup","url":"https:\/\/daniellebeatrizmakeup.com.br\/loja\/","logo":{"@type":"ImageObject","inLanguage":"pt-BR","@id":"https:\/\/daniellebeatrizmakeup.com.br\/loja\/#\/schema\/logo\/image\/","url":"https:\/\/daniellebeatrizmakeup.com.br\/loja\/wp-content\/uploads\/2020\/10\/logo-loja-db-makeup.png","contentUrl":"https:\/\/daniellebeatrizmakeup.com.br\/loja\/wp-content\/uploads\/2020\/10\/logo-loja-db-makeup.png","width":500,"height":110,"caption":"Danielle Beatriz Makeup"},"image":{"@id":"https:\/\/daniellebeatrizmakeup.com.br\/loja\/#\/schema\/logo\/image\/"},"sameAs":["https:\/\/www.facebook.com\/daniellebeatrizmakeup","https:\/\/x.com\/danibetriz","https:\/\/www.instagram.com\/daniellebeatrizmakeup","https:\/\/pinterest.com\/daniellebeatrizmakeup","https:\/\/www.youtube.com\/DanielleBeatriz"]}]}},"jetpack_sharing_enabled":true,"_links":{"self":[{"href":"https:\/\/daniellebeatrizmakeup.com.br\/loja\/wp-json\/wp\/v2\/product\/54707","targetHints":{"allow":["GET"]}}],"collection":[{"href":"https:\/\/daniellebeatrizmakeup.com.br\/loja\/wp-json\/wp\/v2\/product"}],"about":[{"href":"https:\/\/daniellebeatrizmakeup.com.br\/loja\/wp-json\/wp\/v2\/types\/product"}],"replies":[{"embeddable":true,"href":"https:\/\/daniellebeatrizmakeup.com.br\/loja\/wp-json\/wp\/v2\/comments?post=54707"}],"version-history":[{"count":4,"href":"https:\/\/daniellebeatrizmakeup.com.br\/loja\/wp-json\/wp\/v2\/product\/54707\/revisions"}],"predecessor-version":[{"id":54735,"href":"https:\/\/daniellebeatrizmakeup.com.br\/loja\/wp-json\/wp\/v2\/product\/54707\/revisions\/54735"}],"wp:featuredmedia":[{"embeddable":true,"href":"https:\/\/daniellebeatrizmakeup.com.br\/loja\/wp-json\/wp\/v2\/media\/54616"}],"wp:attachment":[{"href":"https:\/\/daniellebeatrizmakeup.com.br\/loja\/wp-json\/wp\/v2\/media?parent=54707"}],"wp:term":[{"taxonomy":"product_brand","embeddable":true,"href":"https:\/\/daniellebeatrizmakeup.com.br\/loja\/wp-json\/wp\/v2\/product_brand?post=54707"},{"taxonomy":"product_cat","embeddable":true,"href":"https:\/\/daniellebeatrizmakeup.com.br\/loja\/wp-json\/wp\/v2\/product_cat?post=54707"},{"taxonomy":"product_tag","embeddable":true,"href":"https:\/\/daniellebeatrizmakeup.com.br\/loja\/wp-json\/wp\/v2\/product_tag?post=54707"},{"taxonomy":"woo-feed-brand","embeddable":true,"href":"https:\/\/daniellebeatrizmakeup.com.br\/loja\/wp-json\/wp\/v2\/woo-feed-brand?post=54707"}],"curies":[{"name":"wp","href":"https:\/\/api.w.org\/{rel}","templated":true}]}}