{"id":54106,"date":"2022-07-04T14:43:11","date_gmt":"2022-07-04T17:43:11","guid":{"rendered":"https:\/\/daniellebeatrizmakeup.com.br\/loja\/?post_type=product&#038;p=54106"},"modified":"2026-03-27T21:33:49","modified_gmt":"2026-03-28T00:33:49","slug":"base-velvet-matte-hd-maria-margarida","status":"publish","type":"product","link":"https:\/\/daniellebeatrizmakeup.com.br\/loja\/base-velvet-matte-hd-maria-margarida\/","title":{"rendered":"Base Velvet Matte HD Maria Margarida"},"content":{"rendered":"<p>A <a href=\"https:\/\/www.instagram.com\/p\/CYHNsAjO8nP\/\">Base<\/a> Velvet Matte HD da <a href=\"https:\/\/daniellebeatrizmakeup.com.br\/loja\/maria-margarida\/\">Maria Margarida<\/a> foi pensada para sua makeup continuar perfeita at\u00e9 embaixo d&#8217;\u00e1gua! \u00c9 o match perfeito para sua automaquiagem ou uso profissional. Ela possui alta cobertura, \u00e9 resistente \u00e0 \u00e1gua, de longa dura\u00e7\u00e3o, al\u00e9m de um acabamento matte aveludado fabuloso! Sua base vai durar o dia todo! Ela ainda \u00e9 rica em \u00c1cido Hialur\u00f4nico e Lecitina de Soja que hidratam e deixam a pele com aquele vi\u00e7o que amamos! E sabe aquela oleosidade chata que faz a make sair ao longo do dia? A Base At\u00e9 Embaixo D&#8217;\u00e1gua tem um segredo especial, o Dry Flo! Um ativo capaz de absorver a oleosidade da pele ao longo do dia! Pele intacta e de longa dura\u00e7\u00e3o!<\/p>\n<h2>Automaquiagem ou Uso Profissional, Base Velvet Matte HD da Maria Margarida<\/h2>\n<p>A Base Velvet Matte HD da Maria Margarida tamb\u00e9m foi criada para maquiadores, pensando no atendimento do dia a dia! Sabe aquela make que voc\u00ea precisa que dure na pele da cliente, mas sem deixar o aspecto seco, marcando poros e linhas de express\u00e3o? Essa \u00e9 a m\u00e1gica da Velvet Matte HD! Ela dura o dia inteiro e fica ainda mais bonita na pele ao longo das horas! A Velvet Matte HD ainda tem um toque aveludado, que disfar\u00e7a os poros, deixando o acabamento divino!<\/p>\n<p>Al\u00e9m de tudo, a Base Velvet Matte HD \u00e9 resistente \u00e0 \u00e1gua, tem alta cobertura e \u00e9 super vers\u00e1til! Voc\u00ea consegue construir camadas, misturar com diversos produtos para utilizar a t\u00e9cnica que o atendimento te pedir! E para completar, ela tem acabamento soft matte! Ou seja, ela vai dar uma leve matificada sem tirar o aspecto natural da pele! E o tempo de secagem \u00e9 ideal para construir a ilumina\u00e7\u00e3o e contorno!<\/p>\n<h2>Cores da Base Velvet Matte HD da Maria Margarida<\/h2>\n<ol>\n<li>Bege Clar\u00edssimo Neutro<\/li>\n<li>Bege Claro Amarelado<\/li>\n<li>Bege Claro Neutro<\/li>\n<li>Bege M\u00e9dio Amarelado<\/li>\n<li>Bege M\u00e9dio Oliva<\/li>\n<li>Bege M\u00e9dio Neutro<\/li>\n<li>Bege M\u00e9dio Levemente Alaranjado<\/li>\n<li>Bege Escuro Amarelado<\/li>\n<li>Bege Escuro Avermelhado<\/li>\n<\/ol>\n<p><a href=\"https:\/\/daniellebeatrizmakeup.com.br\/loja\/wp-content\/uploads\/2022\/01\/guia-de-cores-base-velvet-matte-maria-margarida.jpg\"><img fetchpriority=\"high\" decoding=\"async\" class=\"alignnone wp-image-46729 size-large\" src=\"https:\/\/daniellebeatrizmakeup.com.br\/loja\/wp-content\/uploads\/2022\/01\/guia-de-cores-base-velvet-matte-maria-margarida-1024x639.jpg\" alt=\"Guia de Cores Base At\u00e9 Embaixo D\u00e1gua Velvet Matte Maria Margarida\" width=\"1024\" height=\"639\" srcset=\"https:\/\/daniellebeatrizmakeup.com.br\/loja\/wp-content\/uploads\/2022\/01\/guia-de-cores-base-velvet-matte-maria-margarida-1024x639.jpg 1024w, https:\/\/daniellebeatrizmakeup.com.br\/loja\/wp-content\/uploads\/2022\/01\/guia-de-cores-base-velvet-matte-maria-margarida-570x355.jpg 570w, https:\/\/daniellebeatrizmakeup.com.br\/loja\/wp-content\/uploads\/2022\/01\/guia-de-cores-base-velvet-matte-maria-margarida-775x483.jpg 775w, https:\/\/daniellebeatrizmakeup.com.br\/loja\/wp-content\/uploads\/2022\/01\/guia-de-cores-base-velvet-matte-maria-margarida-300x187.jpg 300w, https:\/\/daniellebeatrizmakeup.com.br\/loja\/wp-content\/uploads\/2022\/01\/guia-de-cores-base-velvet-matte-maria-margarida-768x479.jpg 768w, https:\/\/daniellebeatrizmakeup.com.br\/loja\/wp-content\/uploads\/2022\/01\/guia-de-cores-base-velvet-matte-maria-margarida-1200x748.jpg 1200w, https:\/\/daniellebeatrizmakeup.com.br\/loja\/wp-content\/uploads\/2022\/01\/guia-de-cores-base-velvet-matte-maria-margarida-48x30.jpg 48w, https:\/\/daniellebeatrizmakeup.com.br\/loja\/wp-content\/uploads\/2022\/01\/guia-de-cores-base-velvet-matte-maria-margarida.jpg 1302w\" sizes=\"(max-width: 1024px) 100vw, 1024px\" \/><\/a><\/p>\n<h2>Como utilizar a Base Velvet Matte HD<\/h2>\n<p>Aplicar por todo o rosto com seu pincel ou esponja preferido!<\/p>\n<p>Conte\u00fado 30g<\/p>\n<p>COMPOSI\u00c7\u00c3O:\u00a0\u00a0Aqua, Cyclopentasiloxane, Titanium Dioxide, Glycerin, Lauryl Peg-10 Tris (Trimethylsiloxy) Silylethyl Dimethicone, Sodium Chloride, Lecithin, Trimethylsiloxysilicate, Dimethicone, Magnesium Stearate, Butylene Glycol, Aluminum Starch Octenysuccinate, Dimethicone Crosspolymer, Cyclotetrasiloxane, Kaolin, Talc, Polymethyl Methacrylate, Tocopheryl, Acetate, Isopropyl Titanium Triisostearate, Sodium Hyaluronate, Methylisothiazolinone, Methylchloroisothiazolinone, Phenoxyethanol, Caprylyl Glycol.<br \/>\nPode conter: CI 77007, CI 77492, CI 77491, CI 77499.<\/p>\n<h3>Sobre a Maria Margarida<\/h3>\n<p><span class=\"pre\">Em 2013, a Maria Margarida nasceu dos anseios de uma paix\u00e3o da criadora por maquiagem, que percebeu que faltava no mercado brasileiro uma marca focada em pinc\u00e9is que tivessem <\/span><span class=\"pos\">grande qualidade a pre\u00e7os acess\u00edveis. O nome Maria Margarida \u00e9 uma homenagem \u00e0 av\u00f3 da fundadora da marca, Dona Margarida, uma mulher forte, independente e batalhadora. A Maria Margarida apresenta uma linha completa de pinc\u00e9is que v\u00e3o desde a auto maquiagem at\u00e9 o profissional. Al\u00e9m de linhas em parceria com grandes nomes no universo beauty como a Pausa para Feminices. Nos \u00faltimos tempos a Maria Margarida tem investido em cosm\u00e9ticos focados no cuidado da pele e makeup, principalmente a linha Embaixo D&#8217;\u00e1gua.<\/span><\/p>\n","protected":false},"excerpt":{"rendered":"<p>A Base Velvet Matte HD da Maria Margarida foi pensada para sua makeup continuar perfeita at\u00e9 embaixo d\u2019\u00e1gua! \u00c9 o match perfeito para sua automaquiagem ou uso profissional. Ela possui alta cobertura, \u00e9 resistente \u00e0 \u00e1gua, de longa dura\u00e7\u00e3o, al\u00e9m de um acabamento matte aveludado fabuloso! Sua base vai durar o dia todo! Ela ainda \u00e9 rica em \u00c1cido Hialur\u00f4nico e Lecitina de Soja que hidratam e deixam a pele com aquele vi\u00e7o que amamos! E sabe aquela oleosidade chata que faz a make sair ao longo do dia? A Base At\u00e9 Embaixo D\u2019\u00e1gua tem um segredo especial, o Dry Flo! Um ativo capaz de absorver a oleosidade da pele ao longo do dia! Pele intacta e de longa dura\u00e7\u00e3o!<\/p>\n","protected":false},"featured_media":54116,"comment_status":"open","ping_status":"closed","template":"","meta":{"_mbp_gutenberg_autopost":false},"product_brand":[],"product_cat":[838,96,723,73,722,78],"product_tag":[844,145],"woo-feed-brand":[],"class_list":{"0":"post-54106","1":"product","2":"type-product","3":"status-publish","4":"has-post-thumbnail","6":"product_cat-ate-embaixo-dagua","7":"product_cat-base","8":"product_cat-proximo-ao-vencimento","9":"product_cat-maria-margarida","10":"product_cat-promocao","11":"product_cat-rosto","12":"product_tag-06-2025","13":"product_tag-maria-margarida","14":"pa_cor-01-bege-clarissimo-neutro","15":"pa_cor-02-bege-claro-amarelado","16":"pa_cor-03-bege-claro-neutro","17":"pa_cor-04-bege-medio-amarelado","18":"pa_cor-05-bege-medio-oliva","19":"pa_cor-06-bege-medio-neutro","20":"pa_cor-07-bege-medio-levemente-alaranjado","21":"pa_cor-08-bege-escuro-amarelado","22":"pa_cor-09-bege-escuro-avermelhado","23":"yith_product_brand-maria-margarida","25":"first","26":"outofstock","27":"sale","28":"shipping-taxable","29":"purchasable","30":"product-type-variable"},"yoast_head":"<!-- This site is optimized with the Yoast SEO plugin v27.3 - https:\/\/yoast.com\/product\/yoast-seo-wordpress\/ -->\n<title>Base Velvet Matte HD Maria Margarida - Loja DB Makeup<\/title>\n<meta name=\"description\" content=\"A Base Velvet Matte HD da Maria Margarida \u00e9 perfeita para sua maquiagem. Alta cobertura, \u00e0 prova d&#039;\u00e1gua e de longa dura\u00e7\u00e3o!\" \/>\n<meta name=\"robots\" content=\"index, follow, max-snippet:-1, max-image-preview:large, max-video-preview:-1\" \/>\n<link rel=\"canonical\" href=\"https:\/\/daniellebeatrizmakeup.com.br\/loja\/base-velvet-matte-hd-maria-margarida\/\" \/>\n<meta property=\"og:locale\" content=\"pt_BR\" \/>\n<meta property=\"og:type\" content=\"article\" \/>\n<meta property=\"og:title\" content=\"Base Velvet Matte HD Maria Margarida - Loja DB Makeup\" \/>\n<meta property=\"og:description\" content=\"A Base Velvet Matte HD da Maria Margarida \u00e9 perfeita para sua maquiagem. Alta cobertura, \u00e0 prova d&#039;\u00e1gua e de longa dura\u00e7\u00e3o!\" \/>\n<meta property=\"og:url\" content=\"https:\/\/daniellebeatrizmakeup.com.br\/loja\/base-velvet-matte-hd-maria-margarida\/\" \/>\n<meta property=\"og:site_name\" content=\"Loja DB Makeup\" \/>\n<meta property=\"article:publisher\" content=\"https:\/\/www.facebook.com\/daniellebeatrizmakeup\" \/>\n<meta property=\"article:modified_time\" content=\"2026-03-28T00:33:49+00:00\" \/>\n<meta property=\"og:image\" content=\"https:\/\/daniellebeatrizmakeup.com.br\/loja\/wp-content\/uploads\/2022\/07\/WhatsApp-Image-2022-06-27-at-16.15.38-e1656958094980.jpeg\" \/>\n\t<meta property=\"og:image:width\" content=\"745\" \/>\n\t<meta property=\"og:image:height\" content=\"995\" \/>\n\t<meta property=\"og:image:type\" content=\"image\/jpeg\" \/>\n<meta name=\"twitter:card\" content=\"summary_large_image\" \/>\n<meta name=\"twitter:site\" content=\"@danibetriz\" \/>\n<meta name=\"twitter:label1\" content=\"Est. tempo de leitura\" \/>\n\t<meta name=\"twitter:data1\" content=\"4 minutos\" \/>\n<script type=\"application\/ld+json\" class=\"yoast-schema-graph\">{\"@context\":\"https:\\\/\\\/schema.org\",\"@graph\":[{\"@type\":\"WebPage\",\"@id\":\"https:\\\/\\\/daniellebeatrizmakeup.com.br\\\/loja\\\/base-velvet-matte-hd-maria-margarida\\\/\",\"url\":\"https:\\\/\\\/daniellebeatrizmakeup.com.br\\\/loja\\\/base-velvet-matte-hd-maria-margarida\\\/\",\"name\":\"Base Velvet Matte HD Maria Margarida - Loja DB Makeup\",\"isPartOf\":{\"@id\":\"https:\\\/\\\/daniellebeatrizmakeup.com.br\\\/loja\\\/#website\"},\"primaryImageOfPage\":{\"@id\":\"https:\\\/\\\/daniellebeatrizmakeup.com.br\\\/loja\\\/base-velvet-matte-hd-maria-margarida\\\/#primaryimage\"},\"image\":{\"@id\":\"https:\\\/\\\/daniellebeatrizmakeup.com.br\\\/loja\\\/base-velvet-matte-hd-maria-margarida\\\/#primaryimage\"},\"thumbnailUrl\":\"https:\\\/\\\/daniellebeatrizmakeup.com.br\\\/loja\\\/wp-content\\\/uploads\\\/2022\\\/07\\\/WhatsApp-Image-2022-06-27-at-16.15.38-e1656958094980.jpeg\",\"datePublished\":\"2022-07-04T17:43:11+00:00\",\"dateModified\":\"2026-03-28T00:33:49+00:00\",\"description\":\"A Base Velvet Matte HD da Maria Margarida \u00e9 perfeita para sua maquiagem. Alta cobertura, \u00e0 prova d'\u00e1gua e de longa dura\u00e7\u00e3o!\",\"breadcrumb\":{\"@id\":\"https:\\\/\\\/daniellebeatrizmakeup.com.br\\\/loja\\\/base-velvet-matte-hd-maria-margarida\\\/#breadcrumb\"},\"inLanguage\":\"pt-BR\",\"potentialAction\":[{\"@type\":\"ReadAction\",\"target\":[\"https:\\\/\\\/daniellebeatrizmakeup.com.br\\\/loja\\\/base-velvet-matte-hd-maria-margarida\\\/\"]}]},{\"@type\":\"ImageObject\",\"inLanguage\":\"pt-BR\",\"@id\":\"https:\\\/\\\/daniellebeatrizmakeup.com.br\\\/loja\\\/base-velvet-matte-hd-maria-margarida\\\/#primaryimage\",\"url\":\"https:\\\/\\\/daniellebeatrizmakeup.com.br\\\/loja\\\/wp-content\\\/uploads\\\/2022\\\/07\\\/WhatsApp-Image-2022-06-27-at-16.15.38-e1656958094980.jpeg\",\"contentUrl\":\"https:\\\/\\\/daniellebeatrizmakeup.com.br\\\/loja\\\/wp-content\\\/uploads\\\/2022\\\/07\\\/WhatsApp-Image-2022-06-27-at-16.15.38-e1656958094980.jpeg\",\"width\":745,\"height\":995},{\"@type\":\"BreadcrumbList\",\"@id\":\"https:\\\/\\\/daniellebeatrizmakeup.com.br\\\/loja\\\/base-velvet-matte-hd-maria-margarida\\\/#breadcrumb\",\"itemListElement\":[{\"@type\":\"ListItem\",\"position\":1,\"name\":\"In\u00edcio\",\"item\":\"https:\\\/\\\/daniellebeatrizmakeup.com.br\\\/loja\\\/\"},{\"@type\":\"ListItem\",\"position\":2,\"name\":\"Todos\",\"item\":\"https:\\\/\\\/daniellebeatrizmakeup.com.br\\\/loja\\\/todos\\\/\"},{\"@type\":\"ListItem\",\"position\":3,\"name\":\"Base Velvet Matte HD Maria Margarida\"}]},{\"@type\":\"WebSite\",\"@id\":\"https:\\\/\\\/daniellebeatrizmakeup.com.br\\\/loja\\\/#website\",\"url\":\"https:\\\/\\\/daniellebeatrizmakeup.com.br\\\/loja\\\/\",\"name\":\"Loja DB Makeup\",\"description\":\"A melhor loja de maquiagem para real\u00e7ar a sua beleza\",\"publisher\":{\"@id\":\"https:\\\/\\\/daniellebeatrizmakeup.com.br\\\/loja\\\/#organization\"},\"potentialAction\":[{\"@type\":\"SearchAction\",\"target\":{\"@type\":\"EntryPoint\",\"urlTemplate\":\"https:\\\/\\\/daniellebeatrizmakeup.com.br\\\/loja\\\/?s={search_term_string}\"},\"query-input\":{\"@type\":\"PropertyValueSpecification\",\"valueRequired\":true,\"valueName\":\"search_term_string\"}}],\"inLanguage\":\"pt-BR\"},{\"@type\":\"Organization\",\"@id\":\"https:\\\/\\\/daniellebeatrizmakeup.com.br\\\/loja\\\/#organization\",\"name\":\"Danielle Beatriz Makeup\",\"url\":\"https:\\\/\\\/daniellebeatrizmakeup.com.br\\\/loja\\\/\",\"logo\":{\"@type\":\"ImageObject\",\"inLanguage\":\"pt-BR\",\"@id\":\"https:\\\/\\\/daniellebeatrizmakeup.com.br\\\/loja\\\/#\\\/schema\\\/logo\\\/image\\\/\",\"url\":\"https:\\\/\\\/daniellebeatrizmakeup.com.br\\\/loja\\\/wp-content\\\/uploads\\\/2020\\\/10\\\/logo-loja-db-makeup.png\",\"contentUrl\":\"https:\\\/\\\/daniellebeatrizmakeup.com.br\\\/loja\\\/wp-content\\\/uploads\\\/2020\\\/10\\\/logo-loja-db-makeup.png\",\"width\":500,\"height\":110,\"caption\":\"Danielle Beatriz Makeup\"},\"image\":{\"@id\":\"https:\\\/\\\/daniellebeatrizmakeup.com.br\\\/loja\\\/#\\\/schema\\\/logo\\\/image\\\/\"},\"sameAs\":[\"https:\\\/\\\/www.facebook.com\\\/daniellebeatrizmakeup\",\"https:\\\/\\\/x.com\\\/danibetriz\",\"https:\\\/\\\/www.instagram.com\\\/daniellebeatrizmakeup\",\"https:\\\/\\\/pinterest.com\\\/daniellebeatrizmakeup\",\"https:\\\/\\\/www.youtube.com\\\/DanielleBeatriz\"]}]}<\/script>\n<!-- \/ Yoast SEO plugin. -->","yoast_head_json":{"title":"Base Velvet Matte HD Maria Margarida - Loja DB Makeup","description":"A Base Velvet Matte HD da Maria Margarida \u00e9 perfeita para sua maquiagem. Alta cobertura, \u00e0 prova d'\u00e1gua e de longa dura\u00e7\u00e3o!","robots":{"index":"index","follow":"follow","max-snippet":"max-snippet:-1","max-image-preview":"max-image-preview:large","max-video-preview":"max-video-preview:-1"},"canonical":"https:\/\/daniellebeatrizmakeup.com.br\/loja\/base-velvet-matte-hd-maria-margarida\/","og_locale":"pt_BR","og_type":"article","og_title":"Base Velvet Matte HD Maria Margarida - Loja DB Makeup","og_description":"A Base Velvet Matte HD da Maria Margarida \u00e9 perfeita para sua maquiagem. Alta cobertura, \u00e0 prova d'\u00e1gua e de longa dura\u00e7\u00e3o!","og_url":"https:\/\/daniellebeatrizmakeup.com.br\/loja\/base-velvet-matte-hd-maria-margarida\/","og_site_name":"Loja DB Makeup","article_publisher":"https:\/\/www.facebook.com\/daniellebeatrizmakeup","article_modified_time":"2026-03-28T00:33:49+00:00","og_image":[{"width":745,"height":995,"url":"https:\/\/daniellebeatrizmakeup.com.br\/loja\/wp-content\/uploads\/2022\/07\/WhatsApp-Image-2022-06-27-at-16.15.38-e1656958094980.jpeg","type":"image\/jpeg"}],"twitter_card":"summary_large_image","twitter_site":"@danibetriz","twitter_misc":{"Est. tempo de leitura":"4 minutos"},"schema":{"@context":"https:\/\/schema.org","@graph":[{"@type":"WebPage","@id":"https:\/\/daniellebeatrizmakeup.com.br\/loja\/base-velvet-matte-hd-maria-margarida\/","url":"https:\/\/daniellebeatrizmakeup.com.br\/loja\/base-velvet-matte-hd-maria-margarida\/","name":"Base Velvet Matte HD Maria Margarida - Loja DB Makeup","isPartOf":{"@id":"https:\/\/daniellebeatrizmakeup.com.br\/loja\/#website"},"primaryImageOfPage":{"@id":"https:\/\/daniellebeatrizmakeup.com.br\/loja\/base-velvet-matte-hd-maria-margarida\/#primaryimage"},"image":{"@id":"https:\/\/daniellebeatrizmakeup.com.br\/loja\/base-velvet-matte-hd-maria-margarida\/#primaryimage"},"thumbnailUrl":"https:\/\/daniellebeatrizmakeup.com.br\/loja\/wp-content\/uploads\/2022\/07\/WhatsApp-Image-2022-06-27-at-16.15.38-e1656958094980.jpeg","datePublished":"2022-07-04T17:43:11+00:00","dateModified":"2026-03-28T00:33:49+00:00","description":"A Base Velvet Matte HD da Maria Margarida \u00e9 perfeita para sua maquiagem. Alta cobertura, \u00e0 prova d'\u00e1gua e de longa dura\u00e7\u00e3o!","breadcrumb":{"@id":"https:\/\/daniellebeatrizmakeup.com.br\/loja\/base-velvet-matte-hd-maria-margarida\/#breadcrumb"},"inLanguage":"pt-BR","potentialAction":[{"@type":"ReadAction","target":["https:\/\/daniellebeatrizmakeup.com.br\/loja\/base-velvet-matte-hd-maria-margarida\/"]}]},{"@type":"ImageObject","inLanguage":"pt-BR","@id":"https:\/\/daniellebeatrizmakeup.com.br\/loja\/base-velvet-matte-hd-maria-margarida\/#primaryimage","url":"https:\/\/daniellebeatrizmakeup.com.br\/loja\/wp-content\/uploads\/2022\/07\/WhatsApp-Image-2022-06-27-at-16.15.38-e1656958094980.jpeg","contentUrl":"https:\/\/daniellebeatrizmakeup.com.br\/loja\/wp-content\/uploads\/2022\/07\/WhatsApp-Image-2022-06-27-at-16.15.38-e1656958094980.jpeg","width":745,"height":995},{"@type":"BreadcrumbList","@id":"https:\/\/daniellebeatrizmakeup.com.br\/loja\/base-velvet-matte-hd-maria-margarida\/#breadcrumb","itemListElement":[{"@type":"ListItem","position":1,"name":"In\u00edcio","item":"https:\/\/daniellebeatrizmakeup.com.br\/loja\/"},{"@type":"ListItem","position":2,"name":"Todos","item":"https:\/\/daniellebeatrizmakeup.com.br\/loja\/todos\/"},{"@type":"ListItem","position":3,"name":"Base Velvet Matte HD Maria Margarida"}]},{"@type":"WebSite","@id":"https:\/\/daniellebeatrizmakeup.com.br\/loja\/#website","url":"https:\/\/daniellebeatrizmakeup.com.br\/loja\/","name":"Loja DB Makeup","description":"A melhor loja de maquiagem para real\u00e7ar a sua beleza","publisher":{"@id":"https:\/\/daniellebeatrizmakeup.com.br\/loja\/#organization"},"potentialAction":[{"@type":"SearchAction","target":{"@type":"EntryPoint","urlTemplate":"https:\/\/daniellebeatrizmakeup.com.br\/loja\/?s={search_term_string}"},"query-input":{"@type":"PropertyValueSpecification","valueRequired":true,"valueName":"search_term_string"}}],"inLanguage":"pt-BR"},{"@type":"Organization","@id":"https:\/\/daniellebeatrizmakeup.com.br\/loja\/#organization","name":"Danielle Beatriz Makeup","url":"https:\/\/daniellebeatrizmakeup.com.br\/loja\/","logo":{"@type":"ImageObject","inLanguage":"pt-BR","@id":"https:\/\/daniellebeatrizmakeup.com.br\/loja\/#\/schema\/logo\/image\/","url":"https:\/\/daniellebeatrizmakeup.com.br\/loja\/wp-content\/uploads\/2020\/10\/logo-loja-db-makeup.png","contentUrl":"https:\/\/daniellebeatrizmakeup.com.br\/loja\/wp-content\/uploads\/2020\/10\/logo-loja-db-makeup.png","width":500,"height":110,"caption":"Danielle Beatriz Makeup"},"image":{"@id":"https:\/\/daniellebeatrizmakeup.com.br\/loja\/#\/schema\/logo\/image\/"},"sameAs":["https:\/\/www.facebook.com\/daniellebeatrizmakeup","https:\/\/x.com\/danibetriz","https:\/\/www.instagram.com\/daniellebeatrizmakeup","https:\/\/pinterest.com\/daniellebeatrizmakeup","https:\/\/www.youtube.com\/DanielleBeatriz"]}]}},"jetpack_sharing_enabled":true,"_links":{"self":[{"href":"https:\/\/daniellebeatrizmakeup.com.br\/loja\/wp-json\/wp\/v2\/product\/54106","targetHints":{"allow":["GET"]}}],"collection":[{"href":"https:\/\/daniellebeatrizmakeup.com.br\/loja\/wp-json\/wp\/v2\/product"}],"about":[{"href":"https:\/\/daniellebeatrizmakeup.com.br\/loja\/wp-json\/wp\/v2\/types\/product"}],"replies":[{"embeddable":true,"href":"https:\/\/daniellebeatrizmakeup.com.br\/loja\/wp-json\/wp\/v2\/comments?post=54106"}],"version-history":[{"count":6,"href":"https:\/\/daniellebeatrizmakeup.com.br\/loja\/wp-json\/wp\/v2\/product\/54106\/revisions"}],"predecessor-version":[{"id":58509,"href":"https:\/\/daniellebeatrizmakeup.com.br\/loja\/wp-json\/wp\/v2\/product\/54106\/revisions\/58509"}],"wp:featuredmedia":[{"embeddable":true,"href":"https:\/\/daniellebeatrizmakeup.com.br\/loja\/wp-json\/wp\/v2\/media\/54116"}],"wp:attachment":[{"href":"https:\/\/daniellebeatrizmakeup.com.br\/loja\/wp-json\/wp\/v2\/media?parent=54106"}],"wp:term":[{"taxonomy":"product_brand","embeddable":true,"href":"https:\/\/daniellebeatrizmakeup.com.br\/loja\/wp-json\/wp\/v2\/product_brand?post=54106"},{"taxonomy":"product_cat","embeddable":true,"href":"https:\/\/daniellebeatrizmakeup.com.br\/loja\/wp-json\/wp\/v2\/product_cat?post=54106"},{"taxonomy":"product_tag","embeddable":true,"href":"https:\/\/daniellebeatrizmakeup.com.br\/loja\/wp-json\/wp\/v2\/product_tag?post=54106"},{"taxonomy":"woo-feed-brand","embeddable":true,"href":"https:\/\/daniellebeatrizmakeup.com.br\/loja\/wp-json\/wp\/v2\/woo-feed-brand?post=54106"}],"curies":[{"name":"wp","href":"https:\/\/api.w.org\/{rel}","templated":true}]}}