{"id":5108,"date":"2020-12-20T15:00:56","date_gmt":"2020-12-20T18:00:56","guid":{"rendered":"https:\/\/loja.daniellebeatrizmakeup.com.br\/?post_type=product&#038;p=5108"},"modified":"2024-07-22T17:46:17","modified_gmt":"2024-07-22T20:46:17","slug":"paleta-sombras-feels-soft-nude-ruby-rose","status":"publish","type":"product","link":"https:\/\/daniellebeatrizmakeup.com.br\/loja\/paleta-sombras-feels-soft-nude-ruby-rose\/","title":{"rendered":"Paleta de Sombras Feels Soft Nude Ruby Rose"},"content":{"rendered":"<p>A <a href=\"https:\/\/daniellebeatrizmakeup.com.br\/loja\/sombras\/\">Paleta de Sombras<\/a> Feels Soft Nude da Ruby Rose \u00e9 sin\u00f4nimo de delicadeza, eleg\u00e2ncia e sofistica\u00e7\u00e3o. Todas as sombras tem \u00f3tima pigmenta\u00e7\u00e3o, textura aveludada e brilho incr\u00edveis! E podemos dizer que foi inspirada na <a href=\"https:\/\/www.sephora.com\/product\/the-new-nude-eyeshadow-palette-P43818047\">Nude Palette da Huda Beauty<\/a>.<\/p>\n<p>Essa paleta de sombras cont\u00e9m 17 cores de sombras, sendo 2 glitters prensados, 10 tons opacos e 5 tons cintilantes e um primer para os olhos para ter uma melhor fixa\u00e7\u00e3o das sombras.<\/p>\n<p>Os tons da paleta de sombras Soft Nude variam entre nudes, marrons, rosa claro, rosa escuro e roxo. S\u00e3o cores vers\u00e1teis e atuais, que podem ser usadas para criar diversos visuais, desde os mais rom\u00e2nticos at\u00e9 os mais discretos e ousados.<\/p>\n<p>A paleta \u00e9 crueylty free e recicl\u00e1vel.<\/p>\n","protected":false},"excerpt":{"rendered":"<p>A Paleta de Sombras Feels Soft Nude da Ruby Rose \u00e9 sin\u00f4nimo de delicadeza, eleg\u00e2ncia e sofistica\u00e7\u00e3o. Todas as sombras tem \u00f3tima pigmenta\u00e7\u00e3o, textura aveludada e brilho incr\u00edveis! E podemos dizer que foi inspirada na Nude Palette da Huda Beauty.<\/p>\n","protected":false},"featured_media":5829,"comment_status":"open","ping_status":"closed","template":"","meta":{"_mbp_gutenberg_autopost":false},"product_brand":[],"product_cat":[832,79,326,74],"product_tag":[93,114,805,92,216],"woo-feed-brand":[],"class_list":{"0":"post-5108","1":"product","2":"type-product","3":"status-publish","4":"has-post-thumbnail","6":"product_cat-feels","7":"product_cat-olhos","8":"product_cat-paleta-de-sombras","9":"product_cat-ruby-rose","10":"product_tag-paleta-de-sombra","11":"product_tag-paleta-de-sombras","12":"product_tag-ruby-rose","13":"product_tag-sombra","14":"product_tag-sombras","15":"yith_product_brand-ruby-rose","17":"first","18":"outofstock","19":"shipping-taxable","20":"purchasable","21":"product-type-simple"},"yoast_head":"<!-- This site is optimized with the Yoast SEO plugin v27.5 - https:\/\/yoast.com\/product\/yoast-seo-wordpress\/ -->\n<title>Paleta de Sombras Feels Soft Nude Ruby Rose - Loja DB Makeup<\/title>\n<meta name=\"description\" content=\"A paleta de sombras Feels Soft Nude da Ruby Rose \u00e9 sin\u00f4nimo de delicadeza, eleg\u00e2ncia e sofistica\u00e7\u00e3o. Inspirada na Nude Palette da Huda Beauty\" \/>\n<meta name=\"robots\" content=\"index, follow, max-snippet:-1, max-image-preview:large, max-video-preview:-1\" \/>\n<link rel=\"canonical\" href=\"https:\/\/daniellebeatrizmakeup.com.br\/loja\/paleta-sombras-feels-soft-nude-ruby-rose\/\" \/>\n<meta property=\"og:locale\" content=\"pt_BR\" \/>\n<meta property=\"og:type\" content=\"article\" \/>\n<meta property=\"og:title\" content=\"Paleta de Sombras Feels Soft Nude Ruby Rose - Loja DB Makeup\" \/>\n<meta property=\"og:description\" content=\"A paleta de sombras Feels Soft Nude da Ruby Rose \u00e9 sin\u00f4nimo de delicadeza, eleg\u00e2ncia e sofistica\u00e7\u00e3o. Inspirada na Nude Palette da Huda Beauty\" \/>\n<meta property=\"og:url\" content=\"https:\/\/daniellebeatrizmakeup.com.br\/loja\/paleta-sombras-feels-soft-nude-ruby-rose\/\" \/>\n<meta property=\"og:site_name\" content=\"Loja DB Makeup\" \/>\n<meta property=\"article:publisher\" content=\"https:\/\/www.facebook.com\/daniellebeatrizmakeup\" \/>\n<meta property=\"article:modified_time\" content=\"2024-07-22T20:46:17+00:00\" \/>\n<meta property=\"og:image\" content=\"https:\/\/daniellebeatrizmakeup.com.br\/loja\/wp-content\/uploads\/2020\/12\/paleta-de-sombras-soft-nude-ruby-rose-feels-1.jpg\" \/>\n\t<meta property=\"og:image:width\" content=\"1000\" \/>\n\t<meta property=\"og:image:height\" content=\"1000\" \/>\n\t<meta property=\"og:image:type\" content=\"image\/jpeg\" \/>\n<meta name=\"twitter:card\" content=\"summary_large_image\" \/>\n<meta name=\"twitter:site\" content=\"@danibetriz\" \/>\n<meta name=\"twitter:label1\" content=\"Est. tempo de leitura\" \/>\n\t<meta name=\"twitter:data1\" content=\"1 minuto\" \/>\n<script type=\"application\/ld+json\" class=\"yoast-schema-graph\">{\"@context\":\"https:\\\/\\\/schema.org\",\"@graph\":[{\"@type\":\"WebPage\",\"@id\":\"https:\\\/\\\/daniellebeatrizmakeup.com.br\\\/loja\\\/paleta-sombras-feels-soft-nude-ruby-rose\\\/\",\"url\":\"https:\\\/\\\/daniellebeatrizmakeup.com.br\\\/loja\\\/paleta-sombras-feels-soft-nude-ruby-rose\\\/\",\"name\":\"Paleta de Sombras Feels Soft Nude Ruby Rose - Loja DB Makeup\",\"isPartOf\":{\"@id\":\"https:\\\/\\\/daniellebeatrizmakeup.com.br\\\/loja\\\/#website\"},\"primaryImageOfPage\":{\"@id\":\"https:\\\/\\\/daniellebeatrizmakeup.com.br\\\/loja\\\/paleta-sombras-feels-soft-nude-ruby-rose\\\/#primaryimage\"},\"image\":{\"@id\":\"https:\\\/\\\/daniellebeatrizmakeup.com.br\\\/loja\\\/paleta-sombras-feels-soft-nude-ruby-rose\\\/#primaryimage\"},\"thumbnailUrl\":\"https:\\\/\\\/daniellebeatrizmakeup.com.br\\\/loja\\\/wp-content\\\/uploads\\\/2020\\\/12\\\/paleta-de-sombras-soft-nude-ruby-rose-feels-1.jpg\",\"datePublished\":\"2020-12-20T18:00:56+00:00\",\"dateModified\":\"2024-07-22T20:46:17+00:00\",\"description\":\"A paleta de sombras Feels Soft Nude da Ruby Rose \u00e9 sin\u00f4nimo de delicadeza, eleg\u00e2ncia e sofistica\u00e7\u00e3o. Inspirada na Nude Palette da Huda Beauty\",\"breadcrumb\":{\"@id\":\"https:\\\/\\\/daniellebeatrizmakeup.com.br\\\/loja\\\/paleta-sombras-feels-soft-nude-ruby-rose\\\/#breadcrumb\"},\"inLanguage\":\"pt-BR\",\"potentialAction\":[{\"@type\":\"ReadAction\",\"target\":[\"https:\\\/\\\/daniellebeatrizmakeup.com.br\\\/loja\\\/paleta-sombras-feels-soft-nude-ruby-rose\\\/\"]}]},{\"@type\":\"ImageObject\",\"inLanguage\":\"pt-BR\",\"@id\":\"https:\\\/\\\/daniellebeatrizmakeup.com.br\\\/loja\\\/paleta-sombras-feels-soft-nude-ruby-rose\\\/#primaryimage\",\"url\":\"https:\\\/\\\/daniellebeatrizmakeup.com.br\\\/loja\\\/wp-content\\\/uploads\\\/2020\\\/12\\\/paleta-de-sombras-soft-nude-ruby-rose-feels-1.jpg\",\"contentUrl\":\"https:\\\/\\\/daniellebeatrizmakeup.com.br\\\/loja\\\/wp-content\\\/uploads\\\/2020\\\/12\\\/paleta-de-sombras-soft-nude-ruby-rose-feels-1.jpg\",\"width\":1000,\"height\":1000,\"caption\":\"Paleta de Sombras Soft Nude Ruby Rose\"},{\"@type\":\"BreadcrumbList\",\"@id\":\"https:\\\/\\\/daniellebeatrizmakeup.com.br\\\/loja\\\/paleta-sombras-feels-soft-nude-ruby-rose\\\/#breadcrumb\",\"itemListElement\":[{\"@type\":\"ListItem\",\"position\":1,\"name\":\"In\u00edcio\",\"item\":\"https:\\\/\\\/daniellebeatrizmakeup.com.br\\\/loja\\\/\"},{\"@type\":\"ListItem\",\"position\":2,\"name\":\"Todos\",\"item\":\"https:\\\/\\\/daniellebeatrizmakeup.com.br\\\/loja\\\/todos\\\/\"},{\"@type\":\"ListItem\",\"position\":3,\"name\":\"Paleta de Sombras Feels Soft Nude Ruby Rose\"}]},{\"@type\":\"WebSite\",\"@id\":\"https:\\\/\\\/daniellebeatrizmakeup.com.br\\\/loja\\\/#website\",\"url\":\"https:\\\/\\\/daniellebeatrizmakeup.com.br\\\/loja\\\/\",\"name\":\"Loja DB Makeup\",\"description\":\"A melhor loja de maquiagem para real\u00e7ar a sua beleza\",\"publisher\":{\"@id\":\"https:\\\/\\\/daniellebeatrizmakeup.com.br\\\/loja\\\/#organization\"},\"potentialAction\":[{\"@type\":\"SearchAction\",\"target\":{\"@type\":\"EntryPoint\",\"urlTemplate\":\"https:\\\/\\\/daniellebeatrizmakeup.com.br\\\/loja\\\/?s={search_term_string}\"},\"query-input\":{\"@type\":\"PropertyValueSpecification\",\"valueRequired\":true,\"valueName\":\"search_term_string\"}}],\"inLanguage\":\"pt-BR\"},{\"@type\":\"Organization\",\"@id\":\"https:\\\/\\\/daniellebeatrizmakeup.com.br\\\/loja\\\/#organization\",\"name\":\"Danielle Beatriz Makeup\",\"url\":\"https:\\\/\\\/daniellebeatrizmakeup.com.br\\\/loja\\\/\",\"logo\":{\"@type\":\"ImageObject\",\"inLanguage\":\"pt-BR\",\"@id\":\"https:\\\/\\\/daniellebeatrizmakeup.com.br\\\/loja\\\/#\\\/schema\\\/logo\\\/image\\\/\",\"url\":\"https:\\\/\\\/daniellebeatrizmakeup.com.br\\\/loja\\\/wp-content\\\/uploads\\\/2020\\\/10\\\/logo-loja-db-makeup.png\",\"contentUrl\":\"https:\\\/\\\/daniellebeatrizmakeup.com.br\\\/loja\\\/wp-content\\\/uploads\\\/2020\\\/10\\\/logo-loja-db-makeup.png\",\"width\":500,\"height\":110,\"caption\":\"Danielle Beatriz Makeup\"},\"image\":{\"@id\":\"https:\\\/\\\/daniellebeatrizmakeup.com.br\\\/loja\\\/#\\\/schema\\\/logo\\\/image\\\/\"},\"sameAs\":[\"https:\\\/\\\/www.facebook.com\\\/daniellebeatrizmakeup\",\"https:\\\/\\\/x.com\\\/danibetriz\",\"https:\\\/\\\/www.instagram.com\\\/daniellebeatrizmakeup\",\"https:\\\/\\\/pinterest.com\\\/daniellebeatrizmakeup\",\"https:\\\/\\\/www.youtube.com\\\/DanielleBeatriz\"]}]}<\/script>\n<!-- \/ Yoast SEO plugin. -->","yoast_head_json":{"title":"Paleta de Sombras Feels Soft Nude Ruby Rose - Loja DB Makeup","description":"A paleta de sombras Feels Soft Nude da Ruby Rose \u00e9 sin\u00f4nimo de delicadeza, eleg\u00e2ncia e sofistica\u00e7\u00e3o. Inspirada na Nude Palette da Huda Beauty","robots":{"index":"index","follow":"follow","max-snippet":"max-snippet:-1","max-image-preview":"max-image-preview:large","max-video-preview":"max-video-preview:-1"},"canonical":"https:\/\/daniellebeatrizmakeup.com.br\/loja\/paleta-sombras-feels-soft-nude-ruby-rose\/","og_locale":"pt_BR","og_type":"article","og_title":"Paleta de Sombras Feels Soft Nude Ruby Rose - Loja DB Makeup","og_description":"A paleta de sombras Feels Soft Nude da Ruby Rose \u00e9 sin\u00f4nimo de delicadeza, eleg\u00e2ncia e sofistica\u00e7\u00e3o. Inspirada na Nude Palette da Huda Beauty","og_url":"https:\/\/daniellebeatrizmakeup.com.br\/loja\/paleta-sombras-feels-soft-nude-ruby-rose\/","og_site_name":"Loja DB Makeup","article_publisher":"https:\/\/www.facebook.com\/daniellebeatrizmakeup","article_modified_time":"2024-07-22T20:46:17+00:00","og_image":[{"width":1000,"height":1000,"url":"https:\/\/daniellebeatrizmakeup.com.br\/loja\/wp-content\/uploads\/2020\/12\/paleta-de-sombras-soft-nude-ruby-rose-feels-1.jpg","type":"image\/jpeg"}],"twitter_card":"summary_large_image","twitter_site":"@danibetriz","twitter_misc":{"Est. tempo de leitura":"1 minuto"},"schema":{"@context":"https:\/\/schema.org","@graph":[{"@type":"WebPage","@id":"https:\/\/daniellebeatrizmakeup.com.br\/loja\/paleta-sombras-feels-soft-nude-ruby-rose\/","url":"https:\/\/daniellebeatrizmakeup.com.br\/loja\/paleta-sombras-feels-soft-nude-ruby-rose\/","name":"Paleta de Sombras Feels Soft Nude Ruby Rose - Loja DB Makeup","isPartOf":{"@id":"https:\/\/daniellebeatrizmakeup.com.br\/loja\/#website"},"primaryImageOfPage":{"@id":"https:\/\/daniellebeatrizmakeup.com.br\/loja\/paleta-sombras-feels-soft-nude-ruby-rose\/#primaryimage"},"image":{"@id":"https:\/\/daniellebeatrizmakeup.com.br\/loja\/paleta-sombras-feels-soft-nude-ruby-rose\/#primaryimage"},"thumbnailUrl":"https:\/\/daniellebeatrizmakeup.com.br\/loja\/wp-content\/uploads\/2020\/12\/paleta-de-sombras-soft-nude-ruby-rose-feels-1.jpg","datePublished":"2020-12-20T18:00:56+00:00","dateModified":"2024-07-22T20:46:17+00:00","description":"A paleta de sombras Feels Soft Nude da Ruby Rose \u00e9 sin\u00f4nimo de delicadeza, eleg\u00e2ncia e sofistica\u00e7\u00e3o. Inspirada na Nude Palette da Huda Beauty","breadcrumb":{"@id":"https:\/\/daniellebeatrizmakeup.com.br\/loja\/paleta-sombras-feels-soft-nude-ruby-rose\/#breadcrumb"},"inLanguage":"pt-BR","potentialAction":[{"@type":"ReadAction","target":["https:\/\/daniellebeatrizmakeup.com.br\/loja\/paleta-sombras-feels-soft-nude-ruby-rose\/"]}]},{"@type":"ImageObject","inLanguage":"pt-BR","@id":"https:\/\/daniellebeatrizmakeup.com.br\/loja\/paleta-sombras-feels-soft-nude-ruby-rose\/#primaryimage","url":"https:\/\/daniellebeatrizmakeup.com.br\/loja\/wp-content\/uploads\/2020\/12\/paleta-de-sombras-soft-nude-ruby-rose-feels-1.jpg","contentUrl":"https:\/\/daniellebeatrizmakeup.com.br\/loja\/wp-content\/uploads\/2020\/12\/paleta-de-sombras-soft-nude-ruby-rose-feels-1.jpg","width":1000,"height":1000,"caption":"Paleta de Sombras Soft Nude Ruby Rose"},{"@type":"BreadcrumbList","@id":"https:\/\/daniellebeatrizmakeup.com.br\/loja\/paleta-sombras-feels-soft-nude-ruby-rose\/#breadcrumb","itemListElement":[{"@type":"ListItem","position":1,"name":"In\u00edcio","item":"https:\/\/daniellebeatrizmakeup.com.br\/loja\/"},{"@type":"ListItem","position":2,"name":"Todos","item":"https:\/\/daniellebeatrizmakeup.com.br\/loja\/todos\/"},{"@type":"ListItem","position":3,"name":"Paleta de Sombras Feels Soft Nude Ruby Rose"}]},{"@type":"WebSite","@id":"https:\/\/daniellebeatrizmakeup.com.br\/loja\/#website","url":"https:\/\/daniellebeatrizmakeup.com.br\/loja\/","name":"Loja DB Makeup","description":"A melhor loja de maquiagem para real\u00e7ar a sua beleza","publisher":{"@id":"https:\/\/daniellebeatrizmakeup.com.br\/loja\/#organization"},"potentialAction":[{"@type":"SearchAction","target":{"@type":"EntryPoint","urlTemplate":"https:\/\/daniellebeatrizmakeup.com.br\/loja\/?s={search_term_string}"},"query-input":{"@type":"PropertyValueSpecification","valueRequired":true,"valueName":"search_term_string"}}],"inLanguage":"pt-BR"},{"@type":"Organization","@id":"https:\/\/daniellebeatrizmakeup.com.br\/loja\/#organization","name":"Danielle Beatriz Makeup","url":"https:\/\/daniellebeatrizmakeup.com.br\/loja\/","logo":{"@type":"ImageObject","inLanguage":"pt-BR","@id":"https:\/\/daniellebeatrizmakeup.com.br\/loja\/#\/schema\/logo\/image\/","url":"https:\/\/daniellebeatrizmakeup.com.br\/loja\/wp-content\/uploads\/2020\/10\/logo-loja-db-makeup.png","contentUrl":"https:\/\/daniellebeatrizmakeup.com.br\/loja\/wp-content\/uploads\/2020\/10\/logo-loja-db-makeup.png","width":500,"height":110,"caption":"Danielle Beatriz Makeup"},"image":{"@id":"https:\/\/daniellebeatrizmakeup.com.br\/loja\/#\/schema\/logo\/image\/"},"sameAs":["https:\/\/www.facebook.com\/daniellebeatrizmakeup","https:\/\/x.com\/danibetriz","https:\/\/www.instagram.com\/daniellebeatrizmakeup","https:\/\/pinterest.com\/daniellebeatrizmakeup","https:\/\/www.youtube.com\/DanielleBeatriz"]}]}},"jetpack_sharing_enabled":true,"_links":{"self":[{"href":"https:\/\/daniellebeatrizmakeup.com.br\/loja\/wp-json\/wp\/v2\/product\/5108","targetHints":{"allow":["GET"]}}],"collection":[{"href":"https:\/\/daniellebeatrizmakeup.com.br\/loja\/wp-json\/wp\/v2\/product"}],"about":[{"href":"https:\/\/daniellebeatrizmakeup.com.br\/loja\/wp-json\/wp\/v2\/types\/product"}],"replies":[{"embeddable":true,"href":"https:\/\/daniellebeatrizmakeup.com.br\/loja\/wp-json\/wp\/v2\/comments?post=5108"}],"version-history":[{"count":4,"href":"https:\/\/daniellebeatrizmakeup.com.br\/loja\/wp-json\/wp\/v2\/product\/5108\/revisions"}],"predecessor-version":[{"id":56832,"href":"https:\/\/daniellebeatrizmakeup.com.br\/loja\/wp-json\/wp\/v2\/product\/5108\/revisions\/56832"}],"wp:featuredmedia":[{"embeddable":true,"href":"https:\/\/daniellebeatrizmakeup.com.br\/loja\/wp-json\/wp\/v2\/media\/5829"}],"wp:attachment":[{"href":"https:\/\/daniellebeatrizmakeup.com.br\/loja\/wp-json\/wp\/v2\/media?parent=5108"}],"wp:term":[{"taxonomy":"product_brand","embeddable":true,"href":"https:\/\/daniellebeatrizmakeup.com.br\/loja\/wp-json\/wp\/v2\/product_brand?post=5108"},{"taxonomy":"product_cat","embeddable":true,"href":"https:\/\/daniellebeatrizmakeup.com.br\/loja\/wp-json\/wp\/v2\/product_cat?post=5108"},{"taxonomy":"product_tag","embeddable":true,"href":"https:\/\/daniellebeatrizmakeup.com.br\/loja\/wp-json\/wp\/v2\/product_tag?post=5108"},{"taxonomy":"woo-feed-brand","embeddable":true,"href":"https:\/\/daniellebeatrizmakeup.com.br\/loja\/wp-json\/wp\/v2\/woo-feed-brand?post=5108"}],"curies":[{"name":"wp","href":"https:\/\/api.w.org\/{rel}","templated":true}]}}