{"id":51068,"date":"2022-05-24T23:00:05","date_gmt":"2022-05-25T02:00:05","guid":{"rendered":"https:\/\/daniellebeatrizmakeup.com.br\/loja\/?post_type=product&#038;p=51068"},"modified":"2024-02-26T16:23:57","modified_gmt":"2024-02-26T19:23:57","slug":"rolo-facial-massageador-quartzo-genuino-vision","status":"publish","type":"product","link":"https:\/\/daniellebeatrizmakeup.com.br\/loja\/rolo-facial-massageador-quartzo-genuino-vision\/","title":{"rendered":"Rolo Facial Massageador Quartzo Genu\u00edno Vision"},"content":{"rendered":"<p>O Rolo Facial Massageador Quartzo Genu\u00edno Vision proporciona uma drenagem facial que diminui incha\u00e7os e melhora a circula\u00e7\u00e3o sangu\u00ednea. Al\u00e9m de modelar o rosto e diminuir linhas finas de express\u00e3o, ele \u00e9 perfeito para realizar uma massagem linf\u00e1tica na face e na regi\u00e3o dos olhos, pois possui dois lados para se adequar ao rosto e pequenas regi\u00f5es. Reduz o incha\u00e7o, melhora a circula\u00e7\u00e3o e melhora a absor\u00e7\u00e3o de produtos de skincare na pele!<\/p>\n<h2><strong>Ao utilizar o Rolo Facial Massageador Quartzo:<\/strong><\/h2>\n<p>&#8211; Retarda o envelhecimento da pele;<br \/>\n&#8211; Promove a circula\u00e7\u00e3o sangu\u00ednea e o metabolismo da superf\u00edcie da pele com o uso a longo prazo;<br \/>\n&#8211; Pode reduzir as linhas dos olhos;<br \/>\n&#8211; Ajuda na preven\u00e7\u00e3o de rugas;<br \/>\n&#8211; Promove bem estar devido a massagem relaxante;<br \/>\n&#8211; Pode ser utilizado com lo\u00e7\u00f5es e cremes.<\/p>\n<p><strong>Especifica\u00e7\u00f5es:<\/strong><br \/>\nCor: Verde<br \/>\nTamanho do produto (unit\u00e1rio):14,0cm de comprimento; 5,3cm de largura; 1,5cm de altura<br \/>\nMaterial: Pedra Jade, metal<\/p>\n","protected":false},"excerpt":{"rendered":"<p>O Rolo Facial Massageador Quartzo Genu\u00edno Vision proporciona uma drenagem facial que diminui incha\u00e7os e melhora a circula\u00e7\u00e3o sangu\u00ednea. Al\u00e9m de modelar o rosto e diminuir linhas finas de express\u00e3o, ele \u00e9 perfeito para realizar uma massagem linf\u00e1tica na face e na regi\u00e3o dos olhos, pois possui dois lados para se adequar ao rosto e pequenas regi\u00f5es. Reduz o incha\u00e7o, melhora a circula\u00e7\u00e3o e melhora a absor\u00e7\u00e3o de produtos de skincare na pele!<\/p>\n","protected":false},"featured_media":53001,"comment_status":"open","ping_status":"closed","template":"","meta":{"_mbp_gutenberg_autopost":false},"product_brand":[],"product_cat":[111],"product_tag":[],"woo-feed-brand":[],"class_list":{"0":"post-51068","1":"product","2":"type-product","3":"status-publish","4":"has-post-thumbnail","6":"product_cat-skincare","8":"first","9":"outofstock","10":"shipping-taxable","11":"purchasable","12":"product-type-simple"},"yoast_head":"<!-- This site is optimized with the Yoast SEO plugin v27.3 - https:\/\/yoast.com\/product\/yoast-seo-wordpress\/ -->\n<title>Rolo Facial Massageador Quartzo Genu\u00edno Vision - Loja DB Makeup<\/title>\n<meta name=\"description\" content=\"O\u00a0Rolo Facial Massageador Quartzo proporciona uma drenagem facial que diminui incha\u00e7os e melhora a circula\u00e7\u00e3o sangu\u00ednea.\" \/>\n<meta name=\"robots\" content=\"index, follow, max-snippet:-1, max-image-preview:large, max-video-preview:-1\" \/>\n<link rel=\"canonical\" href=\"https:\/\/daniellebeatrizmakeup.com.br\/loja\/rolo-facial-massageador-quartzo-genuino-vision\/\" \/>\n<meta property=\"og:locale\" content=\"pt_BR\" \/>\n<meta property=\"og:type\" content=\"article\" \/>\n<meta property=\"og:title\" content=\"Rolo Facial Massageador Quartzo Genu\u00edno Vision - Loja DB Makeup\" \/>\n<meta property=\"og:description\" content=\"O\u00a0Rolo Facial Massageador Quartzo proporciona uma drenagem facial que diminui incha\u00e7os e melhora a circula\u00e7\u00e3o sangu\u00ednea.\" \/>\n<meta property=\"og:url\" content=\"https:\/\/daniellebeatrizmakeup.com.br\/loja\/rolo-facial-massageador-quartzo-genuino-vision\/\" \/>\n<meta property=\"og:site_name\" content=\"Loja DB Makeup\" \/>\n<meta property=\"article:publisher\" content=\"https:\/\/www.facebook.com\/daniellebeatrizmakeup\" \/>\n<meta property=\"article:modified_time\" content=\"2024-02-26T19:23:57+00:00\" \/>\n<meta property=\"og:image\" content=\"https:\/\/daniellebeatrizmakeup.com.br\/loja\/wp-content\/uploads\/2022\/05\/20220516_215415-scaled.jpg\" \/>\n\t<meta property=\"og:image:width\" content=\"1920\" \/>\n\t<meta property=\"og:image:height\" content=\"2560\" \/>\n\t<meta property=\"og:image:type\" content=\"image\/jpeg\" \/>\n<meta name=\"twitter:card\" content=\"summary_large_image\" \/>\n<meta name=\"twitter:site\" content=\"@danibetriz\" \/>\n<meta name=\"twitter:label1\" content=\"Est. tempo de leitura\" \/>\n\t<meta name=\"twitter:data1\" content=\"1 minuto\" \/>\n<script type=\"application\/ld+json\" class=\"yoast-schema-graph\">{\"@context\":\"https:\\\/\\\/schema.org\",\"@graph\":[{\"@type\":\"WebPage\",\"@id\":\"https:\\\/\\\/daniellebeatrizmakeup.com.br\\\/loja\\\/rolo-facial-massageador-quartzo-genuino-vision\\\/\",\"url\":\"https:\\\/\\\/daniellebeatrizmakeup.com.br\\\/loja\\\/rolo-facial-massageador-quartzo-genuino-vision\\\/\",\"name\":\"Rolo Facial Massageador Quartzo Genu\u00edno Vision - Loja DB Makeup\",\"isPartOf\":{\"@id\":\"https:\\\/\\\/daniellebeatrizmakeup.com.br\\\/loja\\\/#website\"},\"primaryImageOfPage\":{\"@id\":\"https:\\\/\\\/daniellebeatrizmakeup.com.br\\\/loja\\\/rolo-facial-massageador-quartzo-genuino-vision\\\/#primaryimage\"},\"image\":{\"@id\":\"https:\\\/\\\/daniellebeatrizmakeup.com.br\\\/loja\\\/rolo-facial-massageador-quartzo-genuino-vision\\\/#primaryimage\"},\"thumbnailUrl\":\"https:\\\/\\\/daniellebeatrizmakeup.com.br\\\/loja\\\/wp-content\\\/uploads\\\/2022\\\/05\\\/20220516_215415-scaled.jpg\",\"datePublished\":\"2022-05-25T02:00:05+00:00\",\"dateModified\":\"2024-02-26T19:23:57+00:00\",\"description\":\"O\u00a0Rolo Facial Massageador Quartzo proporciona uma drenagem facial que diminui incha\u00e7os e melhora a circula\u00e7\u00e3o sangu\u00ednea.\",\"breadcrumb\":{\"@id\":\"https:\\\/\\\/daniellebeatrizmakeup.com.br\\\/loja\\\/rolo-facial-massageador-quartzo-genuino-vision\\\/#breadcrumb\"},\"inLanguage\":\"pt-BR\",\"potentialAction\":[{\"@type\":\"ReadAction\",\"target\":[\"https:\\\/\\\/daniellebeatrizmakeup.com.br\\\/loja\\\/rolo-facial-massageador-quartzo-genuino-vision\\\/\"]}]},{\"@type\":\"ImageObject\",\"inLanguage\":\"pt-BR\",\"@id\":\"https:\\\/\\\/daniellebeatrizmakeup.com.br\\\/loja\\\/rolo-facial-massageador-quartzo-genuino-vision\\\/#primaryimage\",\"url\":\"https:\\\/\\\/daniellebeatrizmakeup.com.br\\\/loja\\\/wp-content\\\/uploads\\\/2022\\\/05\\\/20220516_215415-scaled.jpg\",\"contentUrl\":\"https:\\\/\\\/daniellebeatrizmakeup.com.br\\\/loja\\\/wp-content\\\/uploads\\\/2022\\\/05\\\/20220516_215415-scaled.jpg\",\"width\":1920,\"height\":2560,\"caption\":\"Rolo Facial Massageador Quartzo Verde Genu\u00edno Vision\"},{\"@type\":\"BreadcrumbList\",\"@id\":\"https:\\\/\\\/daniellebeatrizmakeup.com.br\\\/loja\\\/rolo-facial-massageador-quartzo-genuino-vision\\\/#breadcrumb\",\"itemListElement\":[{\"@type\":\"ListItem\",\"position\":1,\"name\":\"In\u00edcio\",\"item\":\"https:\\\/\\\/daniellebeatrizmakeup.com.br\\\/loja\\\/\"},{\"@type\":\"ListItem\",\"position\":2,\"name\":\"Todos\",\"item\":\"https:\\\/\\\/daniellebeatrizmakeup.com.br\\\/loja\\\/todos\\\/\"},{\"@type\":\"ListItem\",\"position\":3,\"name\":\"Rolo Facial Massageador Quartzo Genu\u00edno Vision\"}]},{\"@type\":\"WebSite\",\"@id\":\"https:\\\/\\\/daniellebeatrizmakeup.com.br\\\/loja\\\/#website\",\"url\":\"https:\\\/\\\/daniellebeatrizmakeup.com.br\\\/loja\\\/\",\"name\":\"Loja DB Makeup\",\"description\":\"A melhor loja de maquiagem para real\u00e7ar a sua beleza\",\"publisher\":{\"@id\":\"https:\\\/\\\/daniellebeatrizmakeup.com.br\\\/loja\\\/#organization\"},\"potentialAction\":[{\"@type\":\"SearchAction\",\"target\":{\"@type\":\"EntryPoint\",\"urlTemplate\":\"https:\\\/\\\/daniellebeatrizmakeup.com.br\\\/loja\\\/?s={search_term_string}\"},\"query-input\":{\"@type\":\"PropertyValueSpecification\",\"valueRequired\":true,\"valueName\":\"search_term_string\"}}],\"inLanguage\":\"pt-BR\"},{\"@type\":\"Organization\",\"@id\":\"https:\\\/\\\/daniellebeatrizmakeup.com.br\\\/loja\\\/#organization\",\"name\":\"Danielle Beatriz Makeup\",\"url\":\"https:\\\/\\\/daniellebeatrizmakeup.com.br\\\/loja\\\/\",\"logo\":{\"@type\":\"ImageObject\",\"inLanguage\":\"pt-BR\",\"@id\":\"https:\\\/\\\/daniellebeatrizmakeup.com.br\\\/loja\\\/#\\\/schema\\\/logo\\\/image\\\/\",\"url\":\"https:\\\/\\\/daniellebeatrizmakeup.com.br\\\/loja\\\/wp-content\\\/uploads\\\/2020\\\/10\\\/logo-loja-db-makeup.png\",\"contentUrl\":\"https:\\\/\\\/daniellebeatrizmakeup.com.br\\\/loja\\\/wp-content\\\/uploads\\\/2020\\\/10\\\/logo-loja-db-makeup.png\",\"width\":500,\"height\":110,\"caption\":\"Danielle Beatriz Makeup\"},\"image\":{\"@id\":\"https:\\\/\\\/daniellebeatrizmakeup.com.br\\\/loja\\\/#\\\/schema\\\/logo\\\/image\\\/\"},\"sameAs\":[\"https:\\\/\\\/www.facebook.com\\\/daniellebeatrizmakeup\",\"https:\\\/\\\/x.com\\\/danibetriz\",\"https:\\\/\\\/www.instagram.com\\\/daniellebeatrizmakeup\",\"https:\\\/\\\/pinterest.com\\\/daniellebeatrizmakeup\",\"https:\\\/\\\/www.youtube.com\\\/DanielleBeatriz\"]}]}<\/script>\n<!-- \/ Yoast SEO plugin. -->","yoast_head_json":{"title":"Rolo Facial Massageador Quartzo Genu\u00edno Vision - Loja DB Makeup","description":"O\u00a0Rolo Facial Massageador Quartzo proporciona uma drenagem facial que diminui incha\u00e7os e melhora a circula\u00e7\u00e3o sangu\u00ednea.","robots":{"index":"index","follow":"follow","max-snippet":"max-snippet:-1","max-image-preview":"max-image-preview:large","max-video-preview":"max-video-preview:-1"},"canonical":"https:\/\/daniellebeatrizmakeup.com.br\/loja\/rolo-facial-massageador-quartzo-genuino-vision\/","og_locale":"pt_BR","og_type":"article","og_title":"Rolo Facial Massageador Quartzo Genu\u00edno Vision - Loja DB Makeup","og_description":"O\u00a0Rolo Facial Massageador Quartzo proporciona uma drenagem facial que diminui incha\u00e7os e melhora a circula\u00e7\u00e3o sangu\u00ednea.","og_url":"https:\/\/daniellebeatrizmakeup.com.br\/loja\/rolo-facial-massageador-quartzo-genuino-vision\/","og_site_name":"Loja DB Makeup","article_publisher":"https:\/\/www.facebook.com\/daniellebeatrizmakeup","article_modified_time":"2024-02-26T19:23:57+00:00","og_image":[{"width":1920,"height":2560,"url":"https:\/\/daniellebeatrizmakeup.com.br\/loja\/wp-content\/uploads\/2022\/05\/20220516_215415-scaled.jpg","type":"image\/jpeg"}],"twitter_card":"summary_large_image","twitter_site":"@danibetriz","twitter_misc":{"Est. tempo de leitura":"1 minuto"},"schema":{"@context":"https:\/\/schema.org","@graph":[{"@type":"WebPage","@id":"https:\/\/daniellebeatrizmakeup.com.br\/loja\/rolo-facial-massageador-quartzo-genuino-vision\/","url":"https:\/\/daniellebeatrizmakeup.com.br\/loja\/rolo-facial-massageador-quartzo-genuino-vision\/","name":"Rolo Facial Massageador Quartzo Genu\u00edno Vision - Loja DB Makeup","isPartOf":{"@id":"https:\/\/daniellebeatrizmakeup.com.br\/loja\/#website"},"primaryImageOfPage":{"@id":"https:\/\/daniellebeatrizmakeup.com.br\/loja\/rolo-facial-massageador-quartzo-genuino-vision\/#primaryimage"},"image":{"@id":"https:\/\/daniellebeatrizmakeup.com.br\/loja\/rolo-facial-massageador-quartzo-genuino-vision\/#primaryimage"},"thumbnailUrl":"https:\/\/daniellebeatrizmakeup.com.br\/loja\/wp-content\/uploads\/2022\/05\/20220516_215415-scaled.jpg","datePublished":"2022-05-25T02:00:05+00:00","dateModified":"2024-02-26T19:23:57+00:00","description":"O\u00a0Rolo Facial Massageador Quartzo proporciona uma drenagem facial que diminui incha\u00e7os e melhora a circula\u00e7\u00e3o sangu\u00ednea.","breadcrumb":{"@id":"https:\/\/daniellebeatrizmakeup.com.br\/loja\/rolo-facial-massageador-quartzo-genuino-vision\/#breadcrumb"},"inLanguage":"pt-BR","potentialAction":[{"@type":"ReadAction","target":["https:\/\/daniellebeatrizmakeup.com.br\/loja\/rolo-facial-massageador-quartzo-genuino-vision\/"]}]},{"@type":"ImageObject","inLanguage":"pt-BR","@id":"https:\/\/daniellebeatrizmakeup.com.br\/loja\/rolo-facial-massageador-quartzo-genuino-vision\/#primaryimage","url":"https:\/\/daniellebeatrizmakeup.com.br\/loja\/wp-content\/uploads\/2022\/05\/20220516_215415-scaled.jpg","contentUrl":"https:\/\/daniellebeatrizmakeup.com.br\/loja\/wp-content\/uploads\/2022\/05\/20220516_215415-scaled.jpg","width":1920,"height":2560,"caption":"Rolo Facial Massageador Quartzo Verde Genu\u00edno Vision"},{"@type":"BreadcrumbList","@id":"https:\/\/daniellebeatrizmakeup.com.br\/loja\/rolo-facial-massageador-quartzo-genuino-vision\/#breadcrumb","itemListElement":[{"@type":"ListItem","position":1,"name":"In\u00edcio","item":"https:\/\/daniellebeatrizmakeup.com.br\/loja\/"},{"@type":"ListItem","position":2,"name":"Todos","item":"https:\/\/daniellebeatrizmakeup.com.br\/loja\/todos\/"},{"@type":"ListItem","position":3,"name":"Rolo Facial Massageador Quartzo Genu\u00edno Vision"}]},{"@type":"WebSite","@id":"https:\/\/daniellebeatrizmakeup.com.br\/loja\/#website","url":"https:\/\/daniellebeatrizmakeup.com.br\/loja\/","name":"Loja DB Makeup","description":"A melhor loja de maquiagem para real\u00e7ar a sua beleza","publisher":{"@id":"https:\/\/daniellebeatrizmakeup.com.br\/loja\/#organization"},"potentialAction":[{"@type":"SearchAction","target":{"@type":"EntryPoint","urlTemplate":"https:\/\/daniellebeatrizmakeup.com.br\/loja\/?s={search_term_string}"},"query-input":{"@type":"PropertyValueSpecification","valueRequired":true,"valueName":"search_term_string"}}],"inLanguage":"pt-BR"},{"@type":"Organization","@id":"https:\/\/daniellebeatrizmakeup.com.br\/loja\/#organization","name":"Danielle Beatriz Makeup","url":"https:\/\/daniellebeatrizmakeup.com.br\/loja\/","logo":{"@type":"ImageObject","inLanguage":"pt-BR","@id":"https:\/\/daniellebeatrizmakeup.com.br\/loja\/#\/schema\/logo\/image\/","url":"https:\/\/daniellebeatrizmakeup.com.br\/loja\/wp-content\/uploads\/2020\/10\/logo-loja-db-makeup.png","contentUrl":"https:\/\/daniellebeatrizmakeup.com.br\/loja\/wp-content\/uploads\/2020\/10\/logo-loja-db-makeup.png","width":500,"height":110,"caption":"Danielle Beatriz Makeup"},"image":{"@id":"https:\/\/daniellebeatrizmakeup.com.br\/loja\/#\/schema\/logo\/image\/"},"sameAs":["https:\/\/www.facebook.com\/daniellebeatrizmakeup","https:\/\/x.com\/danibetriz","https:\/\/www.instagram.com\/daniellebeatrizmakeup","https:\/\/pinterest.com\/daniellebeatrizmakeup","https:\/\/www.youtube.com\/DanielleBeatriz"]}]}},"jetpack_sharing_enabled":true,"_links":{"self":[{"href":"https:\/\/daniellebeatrizmakeup.com.br\/loja\/wp-json\/wp\/v2\/product\/51068","targetHints":{"allow":["GET"]}}],"collection":[{"href":"https:\/\/daniellebeatrizmakeup.com.br\/loja\/wp-json\/wp\/v2\/product"}],"about":[{"href":"https:\/\/daniellebeatrizmakeup.com.br\/loja\/wp-json\/wp\/v2\/types\/product"}],"replies":[{"embeddable":true,"href":"https:\/\/daniellebeatrizmakeup.com.br\/loja\/wp-json\/wp\/v2\/comments?post=51068"}],"version-history":[{"count":5,"href":"https:\/\/daniellebeatrizmakeup.com.br\/loja\/wp-json\/wp\/v2\/product\/51068\/revisions"}],"predecessor-version":[{"id":55410,"href":"https:\/\/daniellebeatrizmakeup.com.br\/loja\/wp-json\/wp\/v2\/product\/51068\/revisions\/55410"}],"wp:featuredmedia":[{"embeddable":true,"href":"https:\/\/daniellebeatrizmakeup.com.br\/loja\/wp-json\/wp\/v2\/media\/53001"}],"wp:attachment":[{"href":"https:\/\/daniellebeatrizmakeup.com.br\/loja\/wp-json\/wp\/v2\/media?parent=51068"}],"wp:term":[{"taxonomy":"product_brand","embeddable":true,"href":"https:\/\/daniellebeatrizmakeup.com.br\/loja\/wp-json\/wp\/v2\/product_brand?post=51068"},{"taxonomy":"product_cat","embeddable":true,"href":"https:\/\/daniellebeatrizmakeup.com.br\/loja\/wp-json\/wp\/v2\/product_cat?post=51068"},{"taxonomy":"product_tag","embeddable":true,"href":"https:\/\/daniellebeatrizmakeup.com.br\/loja\/wp-json\/wp\/v2\/product_tag?post=51068"},{"taxonomy":"woo-feed-brand","embeddable":true,"href":"https:\/\/daniellebeatrizmakeup.com.br\/loja\/wp-json\/wp\/v2\/woo-feed-brand?post=51068"}],"curies":[{"name":"wp","href":"https:\/\/api.w.org\/{rel}","templated":true}]}}