{"id":51067,"date":"2022-05-24T22:00:04","date_gmt":"2022-05-25T01:00:04","guid":{"rendered":"https:\/\/daniellebeatrizmakeup.com.br\/loja\/?post_type=product&#038;p=51067"},"modified":"2024-12-03T00:00:23","modified_gmt":"2024-12-03T03:00:23","slug":"pincel-a21-triangular-medio-macrilan","status":"publish","type":"product","link":"https:\/\/daniellebeatrizmakeup.com.br\/loja\/pincel-a21-triangular-medio-macrilan\/","title":{"rendered":"Pincel A21 Triangular M\u00e9dio Macrilan"},"content":{"rendered":"<p>O Pincel A21 Triangular M\u00e9dio da <a href=\"https:\/\/daniellebeatrizmakeup.com.br\/loja\/macrilan\">Macrilan<\/a> foi especialmente desenvolvido para aplicar produtos l\u00edquidos ou cremosos em toda a face. Seu formato especial \u00e9 ideal para aplica\u00e7\u00e3o de corretivos ou bases quando \u00e9 necess\u00e1ria maior precis\u00e3o. Com cerdas sint\u00e9ticas e macias para um resultado impec\u00e1vel.<\/p>\n<h2><strong>Modo de uso do Pincel A21 Triangular M\u00e9dio da Macrilan<\/strong><\/h2>\n<p>Com delicadeza segure o pincel e leve at\u00e9 o produto de prefer\u00eancia, v\u00e1 at\u00e9 a regi\u00e3o do rosto e aplique o produto com sutileza, fazendo movimentos de leves arrastes ou leves batidas, at\u00e9 obter o resultado desejado. Escolha o pincel ideal para cada parte da maquiagem.<\/p>\n<p><strong>Composi\u00e7\u00e3o:<\/strong><span>\u00a0<\/span>Cerdas sint\u00e9ticas, metal prata e cabo de madeira na cor preta com acabamento brilhante.<\/p>\n","protected":false},"excerpt":{"rendered":"<p>O Pincel A21 Triangular M\u00e9dio da Macrilan foi especialmente desenvolvido para aplicar produtos l\u00edquidos ou cremosos em toda a face. Seu formato especial \u00e9 ideal para aplica\u00e7\u00e3o de corretivos ou bases quando \u00e9 necess\u00e1ria maior precis\u00e3o. Com cerdas sint\u00e9ticas e macias para um resultado impec\u00e1vel.<\/p>\n","protected":false},"featured_media":52989,"comment_status":"open","ping_status":"closed","template":"","meta":{"_mbp_gutenberg_autopost":false},"product_brand":[],"product_cat":[579,313,75,133,311],"product_tag":[801],"woo-feed-brand":[],"class_list":{"0":"post-51067","1":"product","2":"type-product","3":"status-publish","4":"has-post-thumbnail","6":"product_cat-maquiagem-ate-20-reais","7":"product_cat-pincel-individual","8":"product_cat-macrilan","9":"product_cat-pinceis","10":"product_cat-pincel-para-pele","11":"product_tag-macrilan","12":"yith_product_brand-macrilan","14":"first","15":"instock","16":"shipping-taxable","17":"purchasable","18":"product-type-simple"},"yoast_head":"<!-- This site is optimized with the Yoast SEO plugin v27.3 - https:\/\/yoast.com\/product\/yoast-seo-wordpress\/ -->\n<title>Pincel A21 Triangular M\u00e9dio Macrilan - Loja DB Makeup<\/title>\n<meta name=\"description\" content=\"O Pincel A21 Triangular M\u00e9dio da Macrilan foi especialmente desenvolvido para aplicar produtos l\u00edquidos ou cremosos em toda a face.\" \/>\n<meta name=\"robots\" content=\"index, follow, max-snippet:-1, max-image-preview:large, max-video-preview:-1\" \/>\n<link rel=\"canonical\" href=\"https:\/\/daniellebeatrizmakeup.com.br\/loja\/pincel-a21-triangular-medio-macrilan\/\" \/>\n<meta property=\"og:locale\" content=\"pt_BR\" \/>\n<meta property=\"og:type\" content=\"article\" \/>\n<meta property=\"og:title\" content=\"Pincel A21 Triangular M\u00e9dio Macrilan - Loja DB Makeup\" \/>\n<meta property=\"og:description\" content=\"O Pincel A21 Triangular M\u00e9dio da Macrilan foi especialmente desenvolvido para aplicar produtos l\u00edquidos ou cremosos em toda a face.\" \/>\n<meta property=\"og:url\" content=\"https:\/\/daniellebeatrizmakeup.com.br\/loja\/pincel-a21-triangular-medio-macrilan\/\" \/>\n<meta property=\"og:site_name\" content=\"Loja DB Makeup\" \/>\n<meta property=\"article:publisher\" content=\"https:\/\/www.facebook.com\/daniellebeatrizmakeup\" \/>\n<meta property=\"article:modified_time\" content=\"2024-12-03T03:00:23+00:00\" \/>\n<meta property=\"og:image\" content=\"https:\/\/daniellebeatrizmakeup.com.br\/loja\/wp-content\/uploads\/2022\/05\/20220517_010751-scaled.jpg\" \/>\n\t<meta property=\"og:image:width\" content=\"1920\" \/>\n\t<meta property=\"og:image:height\" content=\"2560\" \/>\n\t<meta property=\"og:image:type\" content=\"image\/jpeg\" \/>\n<meta name=\"twitter:card\" content=\"summary_large_image\" \/>\n<meta name=\"twitter:site\" content=\"@danibetriz\" \/>\n<meta name=\"twitter:label1\" content=\"Est. tempo de leitura\" \/>\n\t<meta name=\"twitter:data1\" content=\"1 minuto\" \/>\n<script type=\"application\/ld+json\" class=\"yoast-schema-graph\">{\"@context\":\"https:\\\/\\\/schema.org\",\"@graph\":[{\"@type\":\"WebPage\",\"@id\":\"https:\\\/\\\/daniellebeatrizmakeup.com.br\\\/loja\\\/pincel-a21-triangular-medio-macrilan\\\/\",\"url\":\"https:\\\/\\\/daniellebeatrizmakeup.com.br\\\/loja\\\/pincel-a21-triangular-medio-macrilan\\\/\",\"name\":\"Pincel A21 Triangular M\u00e9dio Macrilan - Loja DB Makeup\",\"isPartOf\":{\"@id\":\"https:\\\/\\\/daniellebeatrizmakeup.com.br\\\/loja\\\/#website\"},\"primaryImageOfPage\":{\"@id\":\"https:\\\/\\\/daniellebeatrizmakeup.com.br\\\/loja\\\/pincel-a21-triangular-medio-macrilan\\\/#primaryimage\"},\"image\":{\"@id\":\"https:\\\/\\\/daniellebeatrizmakeup.com.br\\\/loja\\\/pincel-a21-triangular-medio-macrilan\\\/#primaryimage\"},\"thumbnailUrl\":\"https:\\\/\\\/daniellebeatrizmakeup.com.br\\\/loja\\\/wp-content\\\/uploads\\\/2022\\\/05\\\/20220517_010751-scaled.jpg\",\"datePublished\":\"2022-05-25T01:00:04+00:00\",\"dateModified\":\"2024-12-03T03:00:23+00:00\",\"description\":\"O Pincel A21 Triangular M\u00e9dio da Macrilan foi especialmente desenvolvido para aplicar produtos l\u00edquidos ou cremosos em toda a face.\",\"breadcrumb\":{\"@id\":\"https:\\\/\\\/daniellebeatrizmakeup.com.br\\\/loja\\\/pincel-a21-triangular-medio-macrilan\\\/#breadcrumb\"},\"inLanguage\":\"pt-BR\",\"potentialAction\":[{\"@type\":\"ReadAction\",\"target\":[\"https:\\\/\\\/daniellebeatrizmakeup.com.br\\\/loja\\\/pincel-a21-triangular-medio-macrilan\\\/\"]}]},{\"@type\":\"ImageObject\",\"inLanguage\":\"pt-BR\",\"@id\":\"https:\\\/\\\/daniellebeatrizmakeup.com.br\\\/loja\\\/pincel-a21-triangular-medio-macrilan\\\/#primaryimage\",\"url\":\"https:\\\/\\\/daniellebeatrizmakeup.com.br\\\/loja\\\/wp-content\\\/uploads\\\/2022\\\/05\\\/20220517_010751-scaled.jpg\",\"contentUrl\":\"https:\\\/\\\/daniellebeatrizmakeup.com.br\\\/loja\\\/wp-content\\\/uploads\\\/2022\\\/05\\\/20220517_010751-scaled.jpg\",\"width\":1920,\"height\":2560,\"caption\":\"Pincel A21 Triangular M\u00e9dio Macrilan\"},{\"@type\":\"BreadcrumbList\",\"@id\":\"https:\\\/\\\/daniellebeatrizmakeup.com.br\\\/loja\\\/pincel-a21-triangular-medio-macrilan\\\/#breadcrumb\",\"itemListElement\":[{\"@type\":\"ListItem\",\"position\":1,\"name\":\"In\u00edcio\",\"item\":\"https:\\\/\\\/daniellebeatrizmakeup.com.br\\\/loja\\\/\"},{\"@type\":\"ListItem\",\"position\":2,\"name\":\"Todos\",\"item\":\"https:\\\/\\\/daniellebeatrizmakeup.com.br\\\/loja\\\/todos\\\/\"},{\"@type\":\"ListItem\",\"position\":3,\"name\":\"Pincel A21 Triangular M\u00e9dio Macrilan\"}]},{\"@type\":\"WebSite\",\"@id\":\"https:\\\/\\\/daniellebeatrizmakeup.com.br\\\/loja\\\/#website\",\"url\":\"https:\\\/\\\/daniellebeatrizmakeup.com.br\\\/loja\\\/\",\"name\":\"Loja DB Makeup\",\"description\":\"A melhor loja de maquiagem para real\u00e7ar a sua beleza\",\"publisher\":{\"@id\":\"https:\\\/\\\/daniellebeatrizmakeup.com.br\\\/loja\\\/#organization\"},\"potentialAction\":[{\"@type\":\"SearchAction\",\"target\":{\"@type\":\"EntryPoint\",\"urlTemplate\":\"https:\\\/\\\/daniellebeatrizmakeup.com.br\\\/loja\\\/?s={search_term_string}\"},\"query-input\":{\"@type\":\"PropertyValueSpecification\",\"valueRequired\":true,\"valueName\":\"search_term_string\"}}],\"inLanguage\":\"pt-BR\"},{\"@type\":\"Organization\",\"@id\":\"https:\\\/\\\/daniellebeatrizmakeup.com.br\\\/loja\\\/#organization\",\"name\":\"Danielle Beatriz Makeup\",\"url\":\"https:\\\/\\\/daniellebeatrizmakeup.com.br\\\/loja\\\/\",\"logo\":{\"@type\":\"ImageObject\",\"inLanguage\":\"pt-BR\",\"@id\":\"https:\\\/\\\/daniellebeatrizmakeup.com.br\\\/loja\\\/#\\\/schema\\\/logo\\\/image\\\/\",\"url\":\"https:\\\/\\\/daniellebeatrizmakeup.com.br\\\/loja\\\/wp-content\\\/uploads\\\/2020\\\/10\\\/logo-loja-db-makeup.png\",\"contentUrl\":\"https:\\\/\\\/daniellebeatrizmakeup.com.br\\\/loja\\\/wp-content\\\/uploads\\\/2020\\\/10\\\/logo-loja-db-makeup.png\",\"width\":500,\"height\":110,\"caption\":\"Danielle Beatriz Makeup\"},\"image\":{\"@id\":\"https:\\\/\\\/daniellebeatrizmakeup.com.br\\\/loja\\\/#\\\/schema\\\/logo\\\/image\\\/\"},\"sameAs\":[\"https:\\\/\\\/www.facebook.com\\\/daniellebeatrizmakeup\",\"https:\\\/\\\/x.com\\\/danibetriz\",\"https:\\\/\\\/www.instagram.com\\\/daniellebeatrizmakeup\",\"https:\\\/\\\/pinterest.com\\\/daniellebeatrizmakeup\",\"https:\\\/\\\/www.youtube.com\\\/DanielleBeatriz\"]}]}<\/script>\n<!-- \/ Yoast SEO plugin. -->","yoast_head_json":{"title":"Pincel A21 Triangular M\u00e9dio Macrilan - Loja DB Makeup","description":"O Pincel A21 Triangular M\u00e9dio da Macrilan foi especialmente desenvolvido para aplicar produtos l\u00edquidos ou cremosos em toda a face.","robots":{"index":"index","follow":"follow","max-snippet":"max-snippet:-1","max-image-preview":"max-image-preview:large","max-video-preview":"max-video-preview:-1"},"canonical":"https:\/\/daniellebeatrizmakeup.com.br\/loja\/pincel-a21-triangular-medio-macrilan\/","og_locale":"pt_BR","og_type":"article","og_title":"Pincel A21 Triangular M\u00e9dio Macrilan - Loja DB Makeup","og_description":"O Pincel A21 Triangular M\u00e9dio da Macrilan foi especialmente desenvolvido para aplicar produtos l\u00edquidos ou cremosos em toda a face.","og_url":"https:\/\/daniellebeatrizmakeup.com.br\/loja\/pincel-a21-triangular-medio-macrilan\/","og_site_name":"Loja DB Makeup","article_publisher":"https:\/\/www.facebook.com\/daniellebeatrizmakeup","article_modified_time":"2024-12-03T03:00:23+00:00","og_image":[{"width":1920,"height":2560,"url":"https:\/\/daniellebeatrizmakeup.com.br\/loja\/wp-content\/uploads\/2022\/05\/20220517_010751-scaled.jpg","type":"image\/jpeg"}],"twitter_card":"summary_large_image","twitter_site":"@danibetriz","twitter_misc":{"Est. tempo de leitura":"1 minuto"},"schema":{"@context":"https:\/\/schema.org","@graph":[{"@type":"WebPage","@id":"https:\/\/daniellebeatrizmakeup.com.br\/loja\/pincel-a21-triangular-medio-macrilan\/","url":"https:\/\/daniellebeatrizmakeup.com.br\/loja\/pincel-a21-triangular-medio-macrilan\/","name":"Pincel A21 Triangular M\u00e9dio Macrilan - Loja DB Makeup","isPartOf":{"@id":"https:\/\/daniellebeatrizmakeup.com.br\/loja\/#website"},"primaryImageOfPage":{"@id":"https:\/\/daniellebeatrizmakeup.com.br\/loja\/pincel-a21-triangular-medio-macrilan\/#primaryimage"},"image":{"@id":"https:\/\/daniellebeatrizmakeup.com.br\/loja\/pincel-a21-triangular-medio-macrilan\/#primaryimage"},"thumbnailUrl":"https:\/\/daniellebeatrizmakeup.com.br\/loja\/wp-content\/uploads\/2022\/05\/20220517_010751-scaled.jpg","datePublished":"2022-05-25T01:00:04+00:00","dateModified":"2024-12-03T03:00:23+00:00","description":"O Pincel A21 Triangular M\u00e9dio da Macrilan foi especialmente desenvolvido para aplicar produtos l\u00edquidos ou cremosos em toda a face.","breadcrumb":{"@id":"https:\/\/daniellebeatrizmakeup.com.br\/loja\/pincel-a21-triangular-medio-macrilan\/#breadcrumb"},"inLanguage":"pt-BR","potentialAction":[{"@type":"ReadAction","target":["https:\/\/daniellebeatrizmakeup.com.br\/loja\/pincel-a21-triangular-medio-macrilan\/"]}]},{"@type":"ImageObject","inLanguage":"pt-BR","@id":"https:\/\/daniellebeatrizmakeup.com.br\/loja\/pincel-a21-triangular-medio-macrilan\/#primaryimage","url":"https:\/\/daniellebeatrizmakeup.com.br\/loja\/wp-content\/uploads\/2022\/05\/20220517_010751-scaled.jpg","contentUrl":"https:\/\/daniellebeatrizmakeup.com.br\/loja\/wp-content\/uploads\/2022\/05\/20220517_010751-scaled.jpg","width":1920,"height":2560,"caption":"Pincel A21 Triangular M\u00e9dio Macrilan"},{"@type":"BreadcrumbList","@id":"https:\/\/daniellebeatrizmakeup.com.br\/loja\/pincel-a21-triangular-medio-macrilan\/#breadcrumb","itemListElement":[{"@type":"ListItem","position":1,"name":"In\u00edcio","item":"https:\/\/daniellebeatrizmakeup.com.br\/loja\/"},{"@type":"ListItem","position":2,"name":"Todos","item":"https:\/\/daniellebeatrizmakeup.com.br\/loja\/todos\/"},{"@type":"ListItem","position":3,"name":"Pincel A21 Triangular M\u00e9dio Macrilan"}]},{"@type":"WebSite","@id":"https:\/\/daniellebeatrizmakeup.com.br\/loja\/#website","url":"https:\/\/daniellebeatrizmakeup.com.br\/loja\/","name":"Loja DB Makeup","description":"A melhor loja de maquiagem para real\u00e7ar a sua beleza","publisher":{"@id":"https:\/\/daniellebeatrizmakeup.com.br\/loja\/#organization"},"potentialAction":[{"@type":"SearchAction","target":{"@type":"EntryPoint","urlTemplate":"https:\/\/daniellebeatrizmakeup.com.br\/loja\/?s={search_term_string}"},"query-input":{"@type":"PropertyValueSpecification","valueRequired":true,"valueName":"search_term_string"}}],"inLanguage":"pt-BR"},{"@type":"Organization","@id":"https:\/\/daniellebeatrizmakeup.com.br\/loja\/#organization","name":"Danielle Beatriz Makeup","url":"https:\/\/daniellebeatrizmakeup.com.br\/loja\/","logo":{"@type":"ImageObject","inLanguage":"pt-BR","@id":"https:\/\/daniellebeatrizmakeup.com.br\/loja\/#\/schema\/logo\/image\/","url":"https:\/\/daniellebeatrizmakeup.com.br\/loja\/wp-content\/uploads\/2020\/10\/logo-loja-db-makeup.png","contentUrl":"https:\/\/daniellebeatrizmakeup.com.br\/loja\/wp-content\/uploads\/2020\/10\/logo-loja-db-makeup.png","width":500,"height":110,"caption":"Danielle Beatriz Makeup"},"image":{"@id":"https:\/\/daniellebeatrizmakeup.com.br\/loja\/#\/schema\/logo\/image\/"},"sameAs":["https:\/\/www.facebook.com\/daniellebeatrizmakeup","https:\/\/x.com\/danibetriz","https:\/\/www.instagram.com\/daniellebeatrizmakeup","https:\/\/pinterest.com\/daniellebeatrizmakeup","https:\/\/www.youtube.com\/DanielleBeatriz"]}]}},"jetpack_sharing_enabled":true,"_links":{"self":[{"href":"https:\/\/daniellebeatrizmakeup.com.br\/loja\/wp-json\/wp\/v2\/product\/51067","targetHints":{"allow":["GET"]}}],"collection":[{"href":"https:\/\/daniellebeatrizmakeup.com.br\/loja\/wp-json\/wp\/v2\/product"}],"about":[{"href":"https:\/\/daniellebeatrizmakeup.com.br\/loja\/wp-json\/wp\/v2\/types\/product"}],"replies":[{"embeddable":true,"href":"https:\/\/daniellebeatrizmakeup.com.br\/loja\/wp-json\/wp\/v2\/comments?post=51067"}],"version-history":[{"count":2,"href":"https:\/\/daniellebeatrizmakeup.com.br\/loja\/wp-json\/wp\/v2\/product\/51067\/revisions"}],"predecessor-version":[{"id":53112,"href":"https:\/\/daniellebeatrizmakeup.com.br\/loja\/wp-json\/wp\/v2\/product\/51067\/revisions\/53112"}],"wp:featuredmedia":[{"embeddable":true,"href":"https:\/\/daniellebeatrizmakeup.com.br\/loja\/wp-json\/wp\/v2\/media\/52989"}],"wp:attachment":[{"href":"https:\/\/daniellebeatrizmakeup.com.br\/loja\/wp-json\/wp\/v2\/media?parent=51067"}],"wp:term":[{"taxonomy":"product_brand","embeddable":true,"href":"https:\/\/daniellebeatrizmakeup.com.br\/loja\/wp-json\/wp\/v2\/product_brand?post=51067"},{"taxonomy":"product_cat","embeddable":true,"href":"https:\/\/daniellebeatrizmakeup.com.br\/loja\/wp-json\/wp\/v2\/product_cat?post=51067"},{"taxonomy":"product_tag","embeddable":true,"href":"https:\/\/daniellebeatrizmakeup.com.br\/loja\/wp-json\/wp\/v2\/product_tag?post=51067"},{"taxonomy":"woo-feed-brand","embeddable":true,"href":"https:\/\/daniellebeatrizmakeup.com.br\/loja\/wp-json\/wp\/v2\/woo-feed-brand?post=51067"}],"curies":[{"name":"wp","href":"https:\/\/api.w.org\/{rel}","templated":true}]}}