{"id":5103,"date":"2020-12-20T15:00:09","date_gmt":"2020-12-20T18:00:09","guid":{"rendered":"https:\/\/loja.daniellebeatrizmakeup.com.br\/?post_type=product&#038;p=5103"},"modified":"2025-12-18T18:31:46","modified_gmt":"2025-12-18T21:31:46","slug":"base-feels-ruby-rose","status":"publish","type":"product","link":"https:\/\/daniellebeatrizmakeup.com.br\/loja\/base-feels-ruby-rose\/","title":{"rendered":"Base L\u00edquida Feels Ruby Rose"},"content":{"rendered":"<p>A base da linha Feels da <a href=\"https:\/\/daniellebeatrizmakeup.com.br\/loja\/ruby-rose\/\">Ruby Rose<\/a> proporciona cobertura m\u00e9dia, capaz de construir camadas, ideal para quem quer corrigir imperfei\u00e7\u00f5es e uniformizar o tom da pele, sem deixar com aspecto pesado. Ela possui textura em mousse, assim deixa a pele com um toque aveludado. Est\u00e1 dispon\u00edvel em 21 tonalidades, ainda mais por ser indicado para todos os tipos de pele.<\/p>\n<h2><strong>Modo de uso<\/strong><\/h2>\n<p>Agite bem antes de usar. Depois que voc\u00ea estiver com a pele limpa e hidratada<strong>,\u00a0<\/strong>aplique a base no rosto com aux\u00edlio de um pincel de base ou esponjinha, e aplique at\u00e9 que o produto fique uniforme.<\/p>\n<p><strong>Dica<\/strong><\/p>\n<p>Se sua pele for seca, capriche no hidratante, principalmente para um melhor acabamento!<\/p>\n<h2><strong>Precau\u00e7\u00f5es<\/strong><\/h2>\n<p>Uso externo. Manter o produto fora do alcance de crian\u00e7as. N\u00e3o aplicar sobre a pele irritada ou ferida. Havendo irrita\u00e7\u00f5es, suspenda o uso e procure orienta\u00e7\u00e3o m\u00e9dica. Conservar o produto em ambiente fresco, protegido da luz e calor.<\/p>\n<h2>Qual tom \u00e9 o correto para a minha pele?<\/h2>\n<p><strong>J\u00e1 usei alguma base que parece ser a correta para o meu tom&#8230;<\/strong><\/p>\n<p>Se voc\u00ea j\u00e1 usou alguma base, anote todos que voc\u00ea gostou do tom na sua pele (marca, linha e nome da cor). Depois que anotou, voc\u00ea vai acessar o site da <a href=\"https:\/\/findation.com\/\">findation.com<\/a> que tem a rela\u00e7\u00e3o de v\u00e1rias bases e seus tons (contudo o site \u00e9 apenas em ingl\u00eas). Clique em &#8220;Get Started&#8221;, no Step 1 digite a marca da primeira base e clique na op\u00e7\u00e3o quando aparecer (Exemplo: Ruby Rose), no Step 2 digite a linha da base (Exemplo: Feels Base L\u00edquida), e no Step 3 escolha o nome da cor (Exemplo: 30 Mel). Ap\u00f3s esse processo ir\u00e1 aparecer duas op\u00e7\u00f5es, &#8220;Add another match&#8221; que serve para voc\u00ea adicionar outra base se voc\u00ea tiver, ou &#8220;Find my matches anyway&#8221; que trar\u00e1 a listagem de todas as marcas e tons que s\u00e3o semelhantes aos que voc\u00ea preencheu. ^-^<\/p>\n<p>Ah, e \u00e9 muito importante que voc\u00ea tamb\u00e9m veja resenhas de bases em pessoas com o seu tom de pele ok.<\/p>\n<p><strong>Nunca usei base, n\u00e3o tenho ideia&#8230;<\/strong><\/p>\n<p>Se voc\u00ea nunca usou nenhuma base ou corretivo, o ideal \u00e9 voc\u00ea testar em alguma loja f\u00edsica, por que \u00e9 comum ter bases de teste. Voc\u00ea vai passar um pouco na lateral pr\u00f3ximo ao maxilar e queixo, e tamb\u00e9m um pouco no colo. Escolha duas bases que fiquem no tom aproximado do seu colo. Pronto, j\u00e1 sei minha base? N\u00e3o, normalmente as lojas utilizam a luz amarela, o que faz interferir no seu julgamento. Ent\u00e3o saia da loja com o prop\u00f3sito de avaliar na luz do dia ou uma luz branca se a tonalidade est\u00e1 adequada.<\/p>\n<p><strong>Qualquer d\u00favida me chama no <a href=\"http:\/\/bit.ly\/2qoSxOy\">Whatsapp<\/a>.<\/strong><\/p>\n","protected":false},"excerpt":{"rendered":"<p>A base da linha Feels da Ruby Rose proporciona cobertura m\u00e9dia, capaz de construir camadas, ideal para quem quer corrigir imperfei\u00e7\u00f5es e uniformizar o tom da pele, sem deixar com aspecto pesado. Ela possui textura em mousse, assim deixa a pele com um toque aveludado. Est\u00e1 dispon\u00edvel em 21 tonalidades, ainda mais por ser indicado para todos os tipos de pele.<\/p>\n<p>Validade:<\/p>\n<p>08\/2024 \u2013 Castanha 20, Cacau 90.<\/p>\n<p>04\/2025 \u2013 Pudim 20, Mel 30, Caf\u00e9 com Leite 40, Caramelo 50.<\/p>\n","protected":false},"featured_media":5905,"comment_status":"open","ping_status":"closed","template":"","meta":{"_mbp_gutenberg_autopost":false},"product_brand":[],"product_cat":[832,504,74,78,96],"product_tag":[805],"woo-feed-brand":[],"class_list":{"0":"post-5103","1":"product","2":"type-product","3":"status-publish","4":"has-post-thumbnail","6":"product_cat-feels","7":"product_cat-niver-da-dani","8":"product_cat-ruby-rose","9":"product_cat-rosto","10":"product_cat-base","11":"product_tag-ruby-rose","12":"pa_cor-amendoa-30","13":"pa_cor-avela-70","14":"pa_cor-bem-casado-40","15":"pa_cor-bombom-10","16":"pa_cor-brigadeiro-100","17":"pa_cor-brownie-20","18":"pa_cor-cacau-90","19":"pa_cor-cafe-com-leite-40","20":"pa_cor-canela-60","21":"pa_cor-cappuccino-10","22":"pa_cor-caramelo-50","23":"pa_cor-castanha-20","24":"pa_cor-chantily-10","25":"pa_cor-chocolate-amargo-40","26":"pa_cor-chocolate-ao-leite-80","27":"pa_cor-coco-queimado-20","28":"pa_cor-cookie-60","29":"pa_cor-doce-de-leite-80","30":"pa_cor-expresso-30","31":"pa_cor-mel-30","32":"pa_cor-pudim-20","33":"yith_product_brand-ruby-rose","35":"first","36":"outofstock","37":"sale","38":"shipping-taxable","39":"purchasable","40":"product-type-variable"},"yoast_head":"<!-- This site is optimized with the Yoast SEO plugin v26.6 - https:\/\/yoast.com\/wordpress\/plugins\/seo\/ -->\n<title>Base L\u00edquida Feels Ruby Rose - Loja DB Makeup<\/title>\n<meta name=\"description\" content=\"A base Feels da Ruby Rose tem cobertura m\u00e9dia, capaz de construir camadas. Ela possui textura em mousse, com 21 tonalidades.\" \/>\n<meta name=\"robots\" content=\"index, follow, max-snippet:-1, max-image-preview:large, max-video-preview:-1\" \/>\n<link rel=\"canonical\" href=\"https:\/\/daniellebeatrizmakeup.com.br\/loja\/base-feels-ruby-rose\/\" \/>\n<meta property=\"og:locale\" content=\"pt_BR\" \/>\n<meta property=\"og:type\" content=\"article\" \/>\n<meta property=\"og:title\" content=\"Base L\u00edquida Feels Ruby Rose - Loja DB Makeup\" \/>\n<meta property=\"og:description\" content=\"A base Feels da Ruby Rose tem cobertura m\u00e9dia, capaz de construir camadas. Ela possui textura em mousse, com 21 tonalidades.\" \/>\n<meta property=\"og:url\" content=\"https:\/\/daniellebeatrizmakeup.com.br\/loja\/base-feels-ruby-rose\/\" \/>\n<meta property=\"og:site_name\" content=\"Loja DB Makeup\" \/>\n<meta property=\"article:publisher\" content=\"https:\/\/www.facebook.com\/daniellebeatrizmakeup\" \/>\n<meta property=\"article:modified_time\" content=\"2025-12-18T21:31:46+00:00\" \/>\n<meta property=\"og:image\" content=\"https:\/\/daniellebeatrizmakeup.com.br\/loja\/wp-content\/uploads\/2020\/12\/base-liquida-feels-ruby-rose-70-avela.jpg\" \/>\n\t<meta property=\"og:image:width\" content=\"1000\" \/>\n\t<meta property=\"og:image:height\" content=\"1000\" \/>\n\t<meta property=\"og:image:type\" content=\"image\/jpeg\" \/>\n<meta name=\"twitter:card\" content=\"summary_large_image\" \/>\n<meta name=\"twitter:site\" content=\"@danibetriz\" \/>\n<meta name=\"twitter:label1\" content=\"Est. tempo de leitura\" \/>\n\t<meta name=\"twitter:data1\" content=\"3 minutos\" \/>\n<script type=\"application\/ld+json\" class=\"yoast-schema-graph\">{\"@context\":\"https:\/\/schema.org\",\"@graph\":[{\"@type\":\"WebPage\",\"@id\":\"https:\/\/daniellebeatrizmakeup.com.br\/loja\/base-feels-ruby-rose\/\",\"url\":\"https:\/\/daniellebeatrizmakeup.com.br\/loja\/base-feels-ruby-rose\/\",\"name\":\"Base L\u00edquida Feels Ruby Rose - Loja DB Makeup\",\"isPartOf\":{\"@id\":\"https:\/\/daniellebeatrizmakeup.com.br\/loja\/#website\"},\"primaryImageOfPage\":{\"@id\":\"https:\/\/daniellebeatrizmakeup.com.br\/loja\/base-feels-ruby-rose\/#primaryimage\"},\"image\":{\"@id\":\"https:\/\/daniellebeatrizmakeup.com.br\/loja\/base-feels-ruby-rose\/#primaryimage\"},\"thumbnailUrl\":\"https:\/\/daniellebeatrizmakeup.com.br\/loja\/wp-content\/uploads\/2020\/12\/base-liquida-feels-ruby-rose-70-avela.jpg\",\"datePublished\":\"2020-12-20T18:00:09+00:00\",\"dateModified\":\"2025-12-18T21:31:46+00:00\",\"description\":\"A base Feels da Ruby Rose tem cobertura m\u00e9dia, capaz de construir camadas. Ela possui textura em mousse, com 21 tonalidades.\",\"breadcrumb\":{\"@id\":\"https:\/\/daniellebeatrizmakeup.com.br\/loja\/base-feels-ruby-rose\/#breadcrumb\"},\"inLanguage\":\"pt-BR\",\"potentialAction\":[{\"@type\":\"ReadAction\",\"target\":[\"https:\/\/daniellebeatrizmakeup.com.br\/loja\/base-feels-ruby-rose\/\"]}]},{\"@type\":\"ImageObject\",\"inLanguage\":\"pt-BR\",\"@id\":\"https:\/\/daniellebeatrizmakeup.com.br\/loja\/base-feels-ruby-rose\/#primaryimage\",\"url\":\"https:\/\/daniellebeatrizmakeup.com.br\/loja\/wp-content\/uploads\/2020\/12\/base-liquida-feels-ruby-rose-70-avela.jpg\",\"contentUrl\":\"https:\/\/daniellebeatrizmakeup.com.br\/loja\/wp-content\/uploads\/2020\/12\/base-liquida-feels-ruby-rose-70-avela.jpg\",\"width\":1000,\"height\":1000,\"caption\":\"Base L\u00edquida Feels Ruby Rose\"},{\"@type\":\"BreadcrumbList\",\"@id\":\"https:\/\/daniellebeatrizmakeup.com.br\/loja\/base-feels-ruby-rose\/#breadcrumb\",\"itemListElement\":[{\"@type\":\"ListItem\",\"position\":1,\"name\":\"In\u00edcio\",\"item\":\"https:\/\/daniellebeatrizmakeup.com.br\/loja\/\"},{\"@type\":\"ListItem\",\"position\":2,\"name\":\"Todos\",\"item\":\"https:\/\/daniellebeatrizmakeup.com.br\/loja\/todos\/\"},{\"@type\":\"ListItem\",\"position\":3,\"name\":\"Base L\u00edquida Feels Ruby Rose\"}]},{\"@type\":\"WebSite\",\"@id\":\"https:\/\/daniellebeatrizmakeup.com.br\/loja\/#website\",\"url\":\"https:\/\/daniellebeatrizmakeup.com.br\/loja\/\",\"name\":\"Loja DB Makeup\",\"description\":\"A melhor loja de maquiagem para real\u00e7ar a sua beleza\",\"publisher\":{\"@id\":\"https:\/\/daniellebeatrizmakeup.com.br\/loja\/#organization\"},\"potentialAction\":[{\"@type\":\"SearchAction\",\"target\":{\"@type\":\"EntryPoint\",\"urlTemplate\":\"https:\/\/daniellebeatrizmakeup.com.br\/loja\/?s={search_term_string}\"},\"query-input\":{\"@type\":\"PropertyValueSpecification\",\"valueRequired\":true,\"valueName\":\"search_term_string\"}}],\"inLanguage\":\"pt-BR\"},{\"@type\":\"Organization\",\"@id\":\"https:\/\/daniellebeatrizmakeup.com.br\/loja\/#organization\",\"name\":\"Danielle Beatriz Makeup\",\"url\":\"https:\/\/daniellebeatrizmakeup.com.br\/loja\/\",\"logo\":{\"@type\":\"ImageObject\",\"inLanguage\":\"pt-BR\",\"@id\":\"https:\/\/daniellebeatrizmakeup.com.br\/loja\/#\/schema\/logo\/image\/\",\"url\":\"https:\/\/daniellebeatrizmakeup.com.br\/loja\/wp-content\/uploads\/2020\/10\/logo-loja-db-makeup.png\",\"contentUrl\":\"https:\/\/daniellebeatrizmakeup.com.br\/loja\/wp-content\/uploads\/2020\/10\/logo-loja-db-makeup.png\",\"width\":500,\"height\":110,\"caption\":\"Danielle Beatriz Makeup\"},\"image\":{\"@id\":\"https:\/\/daniellebeatrizmakeup.com.br\/loja\/#\/schema\/logo\/image\/\"},\"sameAs\":[\"https:\/\/www.facebook.com\/daniellebeatrizmakeup\",\"https:\/\/x.com\/danibetriz\",\"https:\/\/www.instagram.com\/daniellebeatrizmakeup\",\"https:\/\/pinterest.com\/daniellebeatrizmakeup\",\"https:\/\/www.youtube.com\/DanielleBeatriz\"]}]}<\/script>\n<!-- \/ Yoast SEO plugin. -->","yoast_head_json":{"title":"Base L\u00edquida Feels Ruby Rose - Loja DB Makeup","description":"A base Feels da Ruby Rose tem cobertura m\u00e9dia, capaz de construir camadas. Ela possui textura em mousse, com 21 tonalidades.","robots":{"index":"index","follow":"follow","max-snippet":"max-snippet:-1","max-image-preview":"max-image-preview:large","max-video-preview":"max-video-preview:-1"},"canonical":"https:\/\/daniellebeatrizmakeup.com.br\/loja\/base-feels-ruby-rose\/","og_locale":"pt_BR","og_type":"article","og_title":"Base L\u00edquida Feels Ruby Rose - Loja DB Makeup","og_description":"A base Feels da Ruby Rose tem cobertura m\u00e9dia, capaz de construir camadas. Ela possui textura em mousse, com 21 tonalidades.","og_url":"https:\/\/daniellebeatrizmakeup.com.br\/loja\/base-feels-ruby-rose\/","og_site_name":"Loja DB Makeup","article_publisher":"https:\/\/www.facebook.com\/daniellebeatrizmakeup","article_modified_time":"2025-12-18T21:31:46+00:00","og_image":[{"width":1000,"height":1000,"url":"https:\/\/daniellebeatrizmakeup.com.br\/loja\/wp-content\/uploads\/2020\/12\/base-liquida-feels-ruby-rose-70-avela.jpg","type":"image\/jpeg"}],"twitter_card":"summary_large_image","twitter_site":"@danibetriz","twitter_misc":{"Est. tempo de leitura":"3 minutos"},"schema":{"@context":"https:\/\/schema.org","@graph":[{"@type":"WebPage","@id":"https:\/\/daniellebeatrizmakeup.com.br\/loja\/base-feels-ruby-rose\/","url":"https:\/\/daniellebeatrizmakeup.com.br\/loja\/base-feels-ruby-rose\/","name":"Base L\u00edquida Feels Ruby Rose - Loja DB Makeup","isPartOf":{"@id":"https:\/\/daniellebeatrizmakeup.com.br\/loja\/#website"},"primaryImageOfPage":{"@id":"https:\/\/daniellebeatrizmakeup.com.br\/loja\/base-feels-ruby-rose\/#primaryimage"},"image":{"@id":"https:\/\/daniellebeatrizmakeup.com.br\/loja\/base-feels-ruby-rose\/#primaryimage"},"thumbnailUrl":"https:\/\/daniellebeatrizmakeup.com.br\/loja\/wp-content\/uploads\/2020\/12\/base-liquida-feels-ruby-rose-70-avela.jpg","datePublished":"2020-12-20T18:00:09+00:00","dateModified":"2025-12-18T21:31:46+00:00","description":"A base Feels da Ruby Rose tem cobertura m\u00e9dia, capaz de construir camadas. Ela possui textura em mousse, com 21 tonalidades.","breadcrumb":{"@id":"https:\/\/daniellebeatrizmakeup.com.br\/loja\/base-feels-ruby-rose\/#breadcrumb"},"inLanguage":"pt-BR","potentialAction":[{"@type":"ReadAction","target":["https:\/\/daniellebeatrizmakeup.com.br\/loja\/base-feels-ruby-rose\/"]}]},{"@type":"ImageObject","inLanguage":"pt-BR","@id":"https:\/\/daniellebeatrizmakeup.com.br\/loja\/base-feels-ruby-rose\/#primaryimage","url":"https:\/\/daniellebeatrizmakeup.com.br\/loja\/wp-content\/uploads\/2020\/12\/base-liquida-feels-ruby-rose-70-avela.jpg","contentUrl":"https:\/\/daniellebeatrizmakeup.com.br\/loja\/wp-content\/uploads\/2020\/12\/base-liquida-feels-ruby-rose-70-avela.jpg","width":1000,"height":1000,"caption":"Base L\u00edquida Feels Ruby Rose"},{"@type":"BreadcrumbList","@id":"https:\/\/daniellebeatrizmakeup.com.br\/loja\/base-feels-ruby-rose\/#breadcrumb","itemListElement":[{"@type":"ListItem","position":1,"name":"In\u00edcio","item":"https:\/\/daniellebeatrizmakeup.com.br\/loja\/"},{"@type":"ListItem","position":2,"name":"Todos","item":"https:\/\/daniellebeatrizmakeup.com.br\/loja\/todos\/"},{"@type":"ListItem","position":3,"name":"Base L\u00edquida Feels Ruby Rose"}]},{"@type":"WebSite","@id":"https:\/\/daniellebeatrizmakeup.com.br\/loja\/#website","url":"https:\/\/daniellebeatrizmakeup.com.br\/loja\/","name":"Loja DB Makeup","description":"A melhor loja de maquiagem para real\u00e7ar a sua beleza","publisher":{"@id":"https:\/\/daniellebeatrizmakeup.com.br\/loja\/#organization"},"potentialAction":[{"@type":"SearchAction","target":{"@type":"EntryPoint","urlTemplate":"https:\/\/daniellebeatrizmakeup.com.br\/loja\/?s={search_term_string}"},"query-input":{"@type":"PropertyValueSpecification","valueRequired":true,"valueName":"search_term_string"}}],"inLanguage":"pt-BR"},{"@type":"Organization","@id":"https:\/\/daniellebeatrizmakeup.com.br\/loja\/#organization","name":"Danielle Beatriz Makeup","url":"https:\/\/daniellebeatrizmakeup.com.br\/loja\/","logo":{"@type":"ImageObject","inLanguage":"pt-BR","@id":"https:\/\/daniellebeatrizmakeup.com.br\/loja\/#\/schema\/logo\/image\/","url":"https:\/\/daniellebeatrizmakeup.com.br\/loja\/wp-content\/uploads\/2020\/10\/logo-loja-db-makeup.png","contentUrl":"https:\/\/daniellebeatrizmakeup.com.br\/loja\/wp-content\/uploads\/2020\/10\/logo-loja-db-makeup.png","width":500,"height":110,"caption":"Danielle Beatriz Makeup"},"image":{"@id":"https:\/\/daniellebeatrizmakeup.com.br\/loja\/#\/schema\/logo\/image\/"},"sameAs":["https:\/\/www.facebook.com\/daniellebeatrizmakeup","https:\/\/x.com\/danibetriz","https:\/\/www.instagram.com\/daniellebeatrizmakeup","https:\/\/pinterest.com\/daniellebeatrizmakeup","https:\/\/www.youtube.com\/DanielleBeatriz"]}]}},"jetpack_sharing_enabled":true,"_links":{"self":[{"href":"https:\/\/daniellebeatrizmakeup.com.br\/loja\/wp-json\/wp\/v2\/product\/5103","targetHints":{"allow":["GET"]}}],"collection":[{"href":"https:\/\/daniellebeatrizmakeup.com.br\/loja\/wp-json\/wp\/v2\/product"}],"about":[{"href":"https:\/\/daniellebeatrizmakeup.com.br\/loja\/wp-json\/wp\/v2\/types\/product"}],"replies":[{"embeddable":true,"href":"https:\/\/daniellebeatrizmakeup.com.br\/loja\/wp-json\/wp\/v2\/comments?post=5103"}],"version-history":[{"count":7,"href":"https:\/\/daniellebeatrizmakeup.com.br\/loja\/wp-json\/wp\/v2\/product\/5103\/revisions"}],"predecessor-version":[{"id":54302,"href":"https:\/\/daniellebeatrizmakeup.com.br\/loja\/wp-json\/wp\/v2\/product\/5103\/revisions\/54302"}],"wp:featuredmedia":[{"embeddable":true,"href":"https:\/\/daniellebeatrizmakeup.com.br\/loja\/wp-json\/wp\/v2\/media\/5905"}],"wp:attachment":[{"href":"https:\/\/daniellebeatrizmakeup.com.br\/loja\/wp-json\/wp\/v2\/media?parent=5103"}],"wp:term":[{"taxonomy":"product_brand","embeddable":true,"href":"https:\/\/daniellebeatrizmakeup.com.br\/loja\/wp-json\/wp\/v2\/product_brand?post=5103"},{"taxonomy":"product_cat","embeddable":true,"href":"https:\/\/daniellebeatrizmakeup.com.br\/loja\/wp-json\/wp\/v2\/product_cat?post=5103"},{"taxonomy":"product_tag","embeddable":true,"href":"https:\/\/daniellebeatrizmakeup.com.br\/loja\/wp-json\/wp\/v2\/product_tag?post=5103"},{"taxonomy":"woo-feed-brand","embeddable":true,"href":"https:\/\/daniellebeatrizmakeup.com.br\/loja\/wp-json\/wp\/v2\/woo-feed-brand?post=5103"}],"curies":[{"name":"wp","href":"https:\/\/api.w.org\/{rel}","templated":true}]}}