{"id":51026,"date":"2022-05-24T20:00:55","date_gmt":"2022-05-24T23:00:55","guid":{"rendered":"https:\/\/daniellebeatrizmakeup.com.br\/loja\/?post_type=product&#038;p=51026"},"modified":"2024-12-03T00:00:35","modified_gmt":"2024-12-03T03:00:35","slug":"cilios-posticos-intense-volume-macrilan","status":"publish","type":"product","link":"https:\/\/daniellebeatrizmakeup.com.br\/loja\/cilios-posticos-intense-volume-macrilan\/","title":{"rendered":"C\u00edlios Posti\u00e7os Intense Volume Macrilan"},"content":{"rendered":"<p>Os C\u00edlios Posti\u00e7os Intense Volume da <a href=\"https:\/\/daniellebeatrizmakeup.com.br\/loja\/macrilan\">Macrilan<\/a> foram especialmente desenvolvidos para preencher, real\u00e7ar e dar volume aos c\u00edlios naturais com praticidade. A linha Intense Volume, como o pr\u00f3prio nome j\u00e1 indica, proporciona volume intenso ao olhar, cada modelo com uma proposta diferente.<\/p>\n<h2><strong>Formato dos C\u00edlios Posti\u00e7os Intense Volume Macrilan<\/strong><\/h2>\n<ul>\n<li><strong>CL8-1 Efeito Alongado<\/strong> &#8211; Cerdas menores no canto interior e maiores no canto exterior, proporcionando um olhar alongado.<\/li>\n<li><strong>CL8-2 Efeito Alongado <\/strong>&#8211; Cerdas crescentes e alongadas.<\/li>\n<li><strong>CL8-4 Volume M\u00e9dio<\/strong> &#8211; Cerdas crescentes com volume m\u00e9dio.<\/li>\n<li><strong>CL8-8 Super Volume<\/strong> &#8211; Cerdas alongadas e cheias proporcionando um super volume ao olhar.<\/li>\n<\/ul>\n<p><strong>Composi\u00e7\u00e3o:<\/strong>\u00a0C\u00edlios de material sint\u00e9tico.<\/p>\n<h2><strong>Modo de usar<\/strong><\/h2>\n<ol>\n<li>Antes verifique a necessidade de cortar um pouco das extremidades para que fiquem do tamanho ideal dos seus olhos.<\/li>\n<li>Caso seja necess\u00e1rio corte uma ou ambas as extremidades dos C\u00edlios Posti\u00e7os com uma tesoura.<\/li>\n<li>Aplique a <a href=\"https:\/\/daniellebeatrizmakeup.com.br\/loja\/cola-para-cilios-posticos-macrilan\">Cola para C\u00edlios Macrilan<\/a> ao longo da base dos C\u00edlios Posti\u00e7os formando uma camada fina do produto ou utilize a <a href=\"https:\/\/daniellebeatrizmakeup.com.br\/loja\/caneta-delineadora-magica-adesiva-para-cilios-posticos\">Caneta Delineadora Adesiva Para C\u00edlios Posti\u00e7os<\/a> fazendo um delineado rente a raiz dos seus c\u00edlios.<\/li>\n<li>Deixe secar por 3 minutos para aumentar sua consist\u00eancia. Durante este per\u00edodo segure os C\u00edlios Posti\u00e7os nas pontas e dobre levemente para baixo deixando-os em forma de ferradura para que adquiram o formato parecido com o natural facilitando sua aplica\u00e7\u00e3o.<\/li>\n<li>Centralize os C\u00edlios Posti\u00e7os pr\u00f3ximos \u00e1 base dos seus c\u00edlios naturais utilizando os dedos ou uma <a href=\"https:\/\/daniellebeatrizmakeup.com.br\/loja\/?s=pin%C3%A7a&amp;post_type=product\">Pin\u00e7a<\/a> e pressione as extremidades.<\/li>\n<li>Empurre suavemente a base dos c\u00edlios contra sua p\u00e1lpebra at\u00e9 que a cola esteja seca para uma melhor fixa\u00e7\u00e3o.<\/li>\n<li>Para remover basta retirar delicadamente os C\u00edlios Posti\u00e7os de fora para dentro.<\/li>\n<\/ol>\n","protected":false},"excerpt":{"rendered":"<p>Os C\u00edlios Posti\u00e7os Intense Volume da <a href=\"https:\/\/daniellebeatrizmakeup.com.br\/loja\/macrilan\">Macrilan<\/a> foram especialmente desenvolvidos para preencher, real\u00e7ar e dar volume aos c\u00edlios naturais com praticidade. A linha Intense Volume, como o pr\u00f3prio nome j\u00e1 indica, proporciona volume intenso ao olhar, cada modelo com uma proposta diferente.<\/p>\n","protected":false},"featured_media":52947,"comment_status":"open","ping_status":"closed","template":"","meta":{"_mbp_gutenberg_autopost":false},"product_brand":[],"product_cat":[112,75,79],"product_tag":[801],"woo-feed-brand":[],"class_list":{"0":"post-51026","1":"product","2":"type-product","3":"status-publish","4":"has-post-thumbnail","6":"product_cat-cilios-posticos","7":"product_cat-macrilan","8":"product_cat-olhos","9":"product_tag-macrilan","10":"yith_product_brand-macrilan","12":"first","13":"instock","14":"shipping-taxable","15":"purchasable","16":"product-type-variable"},"yoast_head":"<!-- This site is optimized with the Yoast SEO plugin v27.5 - https:\/\/yoast.com\/product\/yoast-seo-wordpress\/ -->\n<title>C\u00edlios Posti\u00e7os Intense Volume Macrilan - Loja DB Makeup<\/title>\n<meta name=\"description\" content=\"C\u00edlios Posti\u00e7os Intense Volume da Macrilan foram desenvolvidos para preencher, real\u00e7ar e dar volume aos c\u00edlios naturais com praticidade.\" \/>\n<meta name=\"robots\" content=\"index, follow, max-snippet:-1, max-image-preview:large, max-video-preview:-1\" \/>\n<link rel=\"canonical\" href=\"https:\/\/daniellebeatrizmakeup.com.br\/loja\/cilios-posticos-intense-volume-macrilan\/\" \/>\n<meta property=\"og:locale\" content=\"pt_BR\" \/>\n<meta property=\"og:type\" content=\"article\" \/>\n<meta property=\"og:title\" content=\"C\u00edlios Posti\u00e7os Intense Volume Macrilan - Loja DB Makeup\" \/>\n<meta property=\"og:description\" content=\"C\u00edlios Posti\u00e7os Intense Volume da Macrilan foram desenvolvidos para preencher, real\u00e7ar e dar volume aos c\u00edlios naturais com praticidade.\" \/>\n<meta property=\"og:url\" content=\"https:\/\/daniellebeatrizmakeup.com.br\/loja\/cilios-posticos-intense-volume-macrilan\/\" \/>\n<meta property=\"og:site_name\" content=\"Loja DB Makeup\" \/>\n<meta property=\"article:publisher\" content=\"https:\/\/www.facebook.com\/daniellebeatrizmakeup\" \/>\n<meta property=\"article:modified_time\" content=\"2024-12-03T03:00:35+00:00\" \/>\n<meta property=\"og:image\" content=\"https:\/\/daniellebeatrizmakeup.com.br\/loja\/wp-content\/uploads\/2022\/05\/20220516_235042-scaled.jpg\" \/>\n\t<meta property=\"og:image:width\" content=\"1919\" \/>\n\t<meta property=\"og:image:height\" content=\"2560\" \/>\n\t<meta property=\"og:image:type\" content=\"image\/jpeg\" \/>\n<meta name=\"twitter:card\" content=\"summary_large_image\" \/>\n<meta name=\"twitter:site\" content=\"@danibetriz\" \/>\n<meta name=\"twitter:label1\" content=\"Est. tempo de leitura\" \/>\n\t<meta name=\"twitter:data1\" content=\"2 minutos\" \/>\n<script type=\"application\/ld+json\" class=\"yoast-schema-graph\">{\"@context\":\"https:\\\/\\\/schema.org\",\"@graph\":[{\"@type\":\"WebPage\",\"@id\":\"https:\\\/\\\/daniellebeatrizmakeup.com.br\\\/loja\\\/cilios-posticos-intense-volume-macrilan\\\/\",\"url\":\"https:\\\/\\\/daniellebeatrizmakeup.com.br\\\/loja\\\/cilios-posticos-intense-volume-macrilan\\\/\",\"name\":\"C\u00edlios Posti\u00e7os Intense Volume Macrilan - Loja DB Makeup\",\"isPartOf\":{\"@id\":\"https:\\\/\\\/daniellebeatrizmakeup.com.br\\\/loja\\\/#website\"},\"primaryImageOfPage\":{\"@id\":\"https:\\\/\\\/daniellebeatrizmakeup.com.br\\\/loja\\\/cilios-posticos-intense-volume-macrilan\\\/#primaryimage\"},\"image\":{\"@id\":\"https:\\\/\\\/daniellebeatrizmakeup.com.br\\\/loja\\\/cilios-posticos-intense-volume-macrilan\\\/#primaryimage\"},\"thumbnailUrl\":\"https:\\\/\\\/daniellebeatrizmakeup.com.br\\\/loja\\\/wp-content\\\/uploads\\\/2022\\\/05\\\/20220516_235042-scaled.jpg\",\"datePublished\":\"2022-05-24T23:00:55+00:00\",\"dateModified\":\"2024-12-03T03:00:35+00:00\",\"description\":\"C\u00edlios Posti\u00e7os Intense Volume da Macrilan foram desenvolvidos para preencher, real\u00e7ar e dar volume aos c\u00edlios naturais com praticidade.\",\"breadcrumb\":{\"@id\":\"https:\\\/\\\/daniellebeatrizmakeup.com.br\\\/loja\\\/cilios-posticos-intense-volume-macrilan\\\/#breadcrumb\"},\"inLanguage\":\"pt-BR\",\"potentialAction\":[{\"@type\":\"ReadAction\",\"target\":[\"https:\\\/\\\/daniellebeatrizmakeup.com.br\\\/loja\\\/cilios-posticos-intense-volume-macrilan\\\/\"]}]},{\"@type\":\"ImageObject\",\"inLanguage\":\"pt-BR\",\"@id\":\"https:\\\/\\\/daniellebeatrizmakeup.com.br\\\/loja\\\/cilios-posticos-intense-volume-macrilan\\\/#primaryimage\",\"url\":\"https:\\\/\\\/daniellebeatrizmakeup.com.br\\\/loja\\\/wp-content\\\/uploads\\\/2022\\\/05\\\/20220516_235042-scaled.jpg\",\"contentUrl\":\"https:\\\/\\\/daniellebeatrizmakeup.com.br\\\/loja\\\/wp-content\\\/uploads\\\/2022\\\/05\\\/20220516_235042-scaled.jpg\",\"width\":1919,\"height\":2560,\"caption\":\"C\u00edlios Posti\u00e7os Intense Volume Macrilan\"},{\"@type\":\"BreadcrumbList\",\"@id\":\"https:\\\/\\\/daniellebeatrizmakeup.com.br\\\/loja\\\/cilios-posticos-intense-volume-macrilan\\\/#breadcrumb\",\"itemListElement\":[{\"@type\":\"ListItem\",\"position\":1,\"name\":\"In\u00edcio\",\"item\":\"https:\\\/\\\/daniellebeatrizmakeup.com.br\\\/loja\\\/\"},{\"@type\":\"ListItem\",\"position\":2,\"name\":\"Todos\",\"item\":\"https:\\\/\\\/daniellebeatrizmakeup.com.br\\\/loja\\\/todos\\\/\"},{\"@type\":\"ListItem\",\"position\":3,\"name\":\"C\u00edlios Posti\u00e7os Intense Volume Macrilan\"}]},{\"@type\":\"WebSite\",\"@id\":\"https:\\\/\\\/daniellebeatrizmakeup.com.br\\\/loja\\\/#website\",\"url\":\"https:\\\/\\\/daniellebeatrizmakeup.com.br\\\/loja\\\/\",\"name\":\"Loja DB Makeup\",\"description\":\"A melhor loja de maquiagem para real\u00e7ar a sua beleza\",\"publisher\":{\"@id\":\"https:\\\/\\\/daniellebeatrizmakeup.com.br\\\/loja\\\/#organization\"},\"potentialAction\":[{\"@type\":\"SearchAction\",\"target\":{\"@type\":\"EntryPoint\",\"urlTemplate\":\"https:\\\/\\\/daniellebeatrizmakeup.com.br\\\/loja\\\/?s={search_term_string}\"},\"query-input\":{\"@type\":\"PropertyValueSpecification\",\"valueRequired\":true,\"valueName\":\"search_term_string\"}}],\"inLanguage\":\"pt-BR\"},{\"@type\":\"Organization\",\"@id\":\"https:\\\/\\\/daniellebeatrizmakeup.com.br\\\/loja\\\/#organization\",\"name\":\"Danielle Beatriz Makeup\",\"url\":\"https:\\\/\\\/daniellebeatrizmakeup.com.br\\\/loja\\\/\",\"logo\":{\"@type\":\"ImageObject\",\"inLanguage\":\"pt-BR\",\"@id\":\"https:\\\/\\\/daniellebeatrizmakeup.com.br\\\/loja\\\/#\\\/schema\\\/logo\\\/image\\\/\",\"url\":\"https:\\\/\\\/daniellebeatrizmakeup.com.br\\\/loja\\\/wp-content\\\/uploads\\\/2020\\\/10\\\/logo-loja-db-makeup.png\",\"contentUrl\":\"https:\\\/\\\/daniellebeatrizmakeup.com.br\\\/loja\\\/wp-content\\\/uploads\\\/2020\\\/10\\\/logo-loja-db-makeup.png\",\"width\":500,\"height\":110,\"caption\":\"Danielle Beatriz Makeup\"},\"image\":{\"@id\":\"https:\\\/\\\/daniellebeatrizmakeup.com.br\\\/loja\\\/#\\\/schema\\\/logo\\\/image\\\/\"},\"sameAs\":[\"https:\\\/\\\/www.facebook.com\\\/daniellebeatrizmakeup\",\"https:\\\/\\\/x.com\\\/danibetriz\",\"https:\\\/\\\/www.instagram.com\\\/daniellebeatrizmakeup\",\"https:\\\/\\\/pinterest.com\\\/daniellebeatrizmakeup\",\"https:\\\/\\\/www.youtube.com\\\/DanielleBeatriz\"]}]}<\/script>\n<!-- \/ Yoast SEO plugin. -->","yoast_head_json":{"title":"C\u00edlios Posti\u00e7os Intense Volume Macrilan - Loja DB Makeup","description":"C\u00edlios Posti\u00e7os Intense Volume da Macrilan foram desenvolvidos para preencher, real\u00e7ar e dar volume aos c\u00edlios naturais com praticidade.","robots":{"index":"index","follow":"follow","max-snippet":"max-snippet:-1","max-image-preview":"max-image-preview:large","max-video-preview":"max-video-preview:-1"},"canonical":"https:\/\/daniellebeatrizmakeup.com.br\/loja\/cilios-posticos-intense-volume-macrilan\/","og_locale":"pt_BR","og_type":"article","og_title":"C\u00edlios Posti\u00e7os Intense Volume Macrilan - Loja DB Makeup","og_description":"C\u00edlios Posti\u00e7os Intense Volume da Macrilan foram desenvolvidos para preencher, real\u00e7ar e dar volume aos c\u00edlios naturais com praticidade.","og_url":"https:\/\/daniellebeatrizmakeup.com.br\/loja\/cilios-posticos-intense-volume-macrilan\/","og_site_name":"Loja DB Makeup","article_publisher":"https:\/\/www.facebook.com\/daniellebeatrizmakeup","article_modified_time":"2024-12-03T03:00:35+00:00","og_image":[{"width":1919,"height":2560,"url":"https:\/\/daniellebeatrizmakeup.com.br\/loja\/wp-content\/uploads\/2022\/05\/20220516_235042-scaled.jpg","type":"image\/jpeg"}],"twitter_card":"summary_large_image","twitter_site":"@danibetriz","twitter_misc":{"Est. tempo de leitura":"2 minutos"},"schema":{"@context":"https:\/\/schema.org","@graph":[{"@type":"WebPage","@id":"https:\/\/daniellebeatrizmakeup.com.br\/loja\/cilios-posticos-intense-volume-macrilan\/","url":"https:\/\/daniellebeatrizmakeup.com.br\/loja\/cilios-posticos-intense-volume-macrilan\/","name":"C\u00edlios Posti\u00e7os Intense Volume Macrilan - Loja DB Makeup","isPartOf":{"@id":"https:\/\/daniellebeatrizmakeup.com.br\/loja\/#website"},"primaryImageOfPage":{"@id":"https:\/\/daniellebeatrizmakeup.com.br\/loja\/cilios-posticos-intense-volume-macrilan\/#primaryimage"},"image":{"@id":"https:\/\/daniellebeatrizmakeup.com.br\/loja\/cilios-posticos-intense-volume-macrilan\/#primaryimage"},"thumbnailUrl":"https:\/\/daniellebeatrizmakeup.com.br\/loja\/wp-content\/uploads\/2022\/05\/20220516_235042-scaled.jpg","datePublished":"2022-05-24T23:00:55+00:00","dateModified":"2024-12-03T03:00:35+00:00","description":"C\u00edlios Posti\u00e7os Intense Volume da Macrilan foram desenvolvidos para preencher, real\u00e7ar e dar volume aos c\u00edlios naturais com praticidade.","breadcrumb":{"@id":"https:\/\/daniellebeatrizmakeup.com.br\/loja\/cilios-posticos-intense-volume-macrilan\/#breadcrumb"},"inLanguage":"pt-BR","potentialAction":[{"@type":"ReadAction","target":["https:\/\/daniellebeatrizmakeup.com.br\/loja\/cilios-posticos-intense-volume-macrilan\/"]}]},{"@type":"ImageObject","inLanguage":"pt-BR","@id":"https:\/\/daniellebeatrizmakeup.com.br\/loja\/cilios-posticos-intense-volume-macrilan\/#primaryimage","url":"https:\/\/daniellebeatrizmakeup.com.br\/loja\/wp-content\/uploads\/2022\/05\/20220516_235042-scaled.jpg","contentUrl":"https:\/\/daniellebeatrizmakeup.com.br\/loja\/wp-content\/uploads\/2022\/05\/20220516_235042-scaled.jpg","width":1919,"height":2560,"caption":"C\u00edlios Posti\u00e7os Intense Volume Macrilan"},{"@type":"BreadcrumbList","@id":"https:\/\/daniellebeatrizmakeup.com.br\/loja\/cilios-posticos-intense-volume-macrilan\/#breadcrumb","itemListElement":[{"@type":"ListItem","position":1,"name":"In\u00edcio","item":"https:\/\/daniellebeatrizmakeup.com.br\/loja\/"},{"@type":"ListItem","position":2,"name":"Todos","item":"https:\/\/daniellebeatrizmakeup.com.br\/loja\/todos\/"},{"@type":"ListItem","position":3,"name":"C\u00edlios Posti\u00e7os Intense Volume Macrilan"}]},{"@type":"WebSite","@id":"https:\/\/daniellebeatrizmakeup.com.br\/loja\/#website","url":"https:\/\/daniellebeatrizmakeup.com.br\/loja\/","name":"Loja DB Makeup","description":"A melhor loja de maquiagem para real\u00e7ar a sua beleza","publisher":{"@id":"https:\/\/daniellebeatrizmakeup.com.br\/loja\/#organization"},"potentialAction":[{"@type":"SearchAction","target":{"@type":"EntryPoint","urlTemplate":"https:\/\/daniellebeatrizmakeup.com.br\/loja\/?s={search_term_string}"},"query-input":{"@type":"PropertyValueSpecification","valueRequired":true,"valueName":"search_term_string"}}],"inLanguage":"pt-BR"},{"@type":"Organization","@id":"https:\/\/daniellebeatrizmakeup.com.br\/loja\/#organization","name":"Danielle Beatriz Makeup","url":"https:\/\/daniellebeatrizmakeup.com.br\/loja\/","logo":{"@type":"ImageObject","inLanguage":"pt-BR","@id":"https:\/\/daniellebeatrizmakeup.com.br\/loja\/#\/schema\/logo\/image\/","url":"https:\/\/daniellebeatrizmakeup.com.br\/loja\/wp-content\/uploads\/2020\/10\/logo-loja-db-makeup.png","contentUrl":"https:\/\/daniellebeatrizmakeup.com.br\/loja\/wp-content\/uploads\/2020\/10\/logo-loja-db-makeup.png","width":500,"height":110,"caption":"Danielle Beatriz Makeup"},"image":{"@id":"https:\/\/daniellebeatrizmakeup.com.br\/loja\/#\/schema\/logo\/image\/"},"sameAs":["https:\/\/www.facebook.com\/daniellebeatrizmakeup","https:\/\/x.com\/danibetriz","https:\/\/www.instagram.com\/daniellebeatrizmakeup","https:\/\/pinterest.com\/daniellebeatrizmakeup","https:\/\/www.youtube.com\/DanielleBeatriz"]}]}},"jetpack_sharing_enabled":true,"_links":{"self":[{"href":"https:\/\/daniellebeatrizmakeup.com.br\/loja\/wp-json\/wp\/v2\/product\/51026","targetHints":{"allow":["GET"]}}],"collection":[{"href":"https:\/\/daniellebeatrizmakeup.com.br\/loja\/wp-json\/wp\/v2\/product"}],"about":[{"href":"https:\/\/daniellebeatrizmakeup.com.br\/loja\/wp-json\/wp\/v2\/types\/product"}],"replies":[{"embeddable":true,"href":"https:\/\/daniellebeatrizmakeup.com.br\/loja\/wp-json\/wp\/v2\/comments?post=51026"}],"version-history":[{"count":3,"href":"https:\/\/daniellebeatrizmakeup.com.br\/loja\/wp-json\/wp\/v2\/product\/51026\/revisions"}],"predecessor-version":[{"id":54322,"href":"https:\/\/daniellebeatrizmakeup.com.br\/loja\/wp-json\/wp\/v2\/product\/51026\/revisions\/54322"}],"wp:featuredmedia":[{"embeddable":true,"href":"https:\/\/daniellebeatrizmakeup.com.br\/loja\/wp-json\/wp\/v2\/media\/52947"}],"wp:attachment":[{"href":"https:\/\/daniellebeatrizmakeup.com.br\/loja\/wp-json\/wp\/v2\/media?parent=51026"}],"wp:term":[{"taxonomy":"product_brand","embeddable":true,"href":"https:\/\/daniellebeatrizmakeup.com.br\/loja\/wp-json\/wp\/v2\/product_brand?post=51026"},{"taxonomy":"product_cat","embeddable":true,"href":"https:\/\/daniellebeatrizmakeup.com.br\/loja\/wp-json\/wp\/v2\/product_cat?post=51026"},{"taxonomy":"product_tag","embeddable":true,"href":"https:\/\/daniellebeatrizmakeup.com.br\/loja\/wp-json\/wp\/v2\/product_tag?post=51026"},{"taxonomy":"woo-feed-brand","embeddable":true,"href":"https:\/\/daniellebeatrizmakeup.com.br\/loja\/wp-json\/wp\/v2\/woo-feed-brand?post=51026"}],"curies":[{"name":"wp","href":"https:\/\/api.w.org\/{rel}","templated":true}]}}