{"id":5086,"date":"2020-12-20T15:00:22","date_gmt":"2020-12-20T18:00:22","guid":{"rendered":"https:\/\/loja.daniellebeatrizmakeup.com.br\/?post_type=product&#038;p=5086"},"modified":"2024-12-03T00:00:35","modified_gmt":"2024-12-03T03:00:35","slug":"cilios-posticos-gb-cosmetics","status":"publish","type":"product","link":"https:\/\/daniellebeatrizmakeup.com.br\/loja\/cilios-posticos-gb-cosmetics\/","title":{"rendered":"C\u00edlios Posti\u00e7os GB Cosmetics"},"content":{"rendered":"<p>Os c\u00edlios posti\u00e7os da <a href=\"https:\/\/daniellebeatrizmakeup.com.br\/gb-cosmetics\/\">GB Cosmetics<\/a> est\u00e1 entre os meus favoritos, certamente por sua eleg\u00e2ncia, naturalidade e qualidade. Em outras palavras, se voc\u00ea deseja destacar o olhar, os c\u00edlios posti\u00e7os s\u00e3o essenciais na sua n\u00e9cessaire. Da mesma forma, seu olhar ficar\u00e1 mais elegante em ocasi\u00f5es importantes e ensaios fotogr\u00e1ficos.<\/p>\n<h2>Modelos dos C\u00edlios Posti\u00e7os da GB Cosmetics<\/h2>\n<p><em>Angel<\/em><\/p>\n<p>\u00c9 constitu\u00eddo por volume e comprimento milimetricamente perfeitos. Definitivamente \u00e9 um modelo mais sutil. Desenvolvido especialmente para quem possui olhos pequenos. Indico para todos os estilos de maquiagens.<\/p>\n<p><em>Long Eyes<\/em><\/p>\n<p>Desenvolvido para proporcionar um alongamento magn\u00edfico. Do mesmo modo, \u00e9 constitu\u00eddo por grupos de cerdas repicadas e espa\u00e7adas. Portanto, possui um comprimento uniforme e confere sensualidade e exuber\u00e2ncia ao olhar. Ao contr\u00e1rio, indico para p\u00e1lpebras grandes.<\/p>\n<p><em>Queen<\/em><\/p>\n<p>Inspirado na coroa real, \u00e9 perfeito para quem deseja aumentar o olhar e ter um efeito \u00fanico. Por outro lado, este indico para todos os tipos e tamanhos de olhos.<\/p>\n<h2>Modo de uso<\/h2>\n<ul>\n<li>Antes de tudo, verifique se o tamanho do c\u00edlios est\u00e1 de acordo com os seus olhos. Ent\u00e3o corte as extremidades se necess\u00e1rio.<\/li>\n<li>Passe um pouco de cola na haste do c\u00edlios. Ent\u00e3o, quando a cola estiver quase seca posicione o c\u00edlio no meio do olho, e encoste rente a raiz dos seus c\u00edlios naturais. Logo depois, encoste as pontas para colar.<\/li>\n<li>Uma dica, utilize a pin\u00e7a ou os pr\u00f3prios dedos para encaixar bem rente \u00e0 raiz natural.<\/li>\n<\/ul>\n<p>\u00a0<\/p>\n<h2>Como higienizar os seus c\u00edlios posti\u00e7os<\/h2>\n<ul>\n<li>Em primeiro lugar, pegue um disco de algod\u00e3o e coloque um pouco de demaquilante bif\u00e1sico.<\/li>\n<li>Depois disso posicione o c\u00edlios posti\u00e7o em cima do algod\u00e3o, e cubra com outro algod\u00e3o com demaquilante. Pressione levemente e aguarde por 1 minuto.<\/li>\n<li>Com um cotonete com demaquilante, v\u00e1 removendo os res\u00edduos restantes.<\/li>\n<li>Depois utilize shampoo de beb\u00ea ou neutro para lavar os c\u00edlios e remover todo o res\u00edduo e demaquilante. Massageie suavemente com as pontas dos dedos, e depois enx\u00e1gue.<\/li>\n<li>Para finalizar, \u00e9 s\u00f3 deixar secar e pronto: seus c\u00edlios como novos!<\/li>\n<\/ul>\n<p>\u00a0<\/p>\n<h2>Composi\u00e7\u00e3o dos C\u00edlios Posti\u00e7os da GB Cosmetics<\/h2>\n<p>Os c\u00edlios posti\u00e7os da GB Cosmetics s\u00e3o de Fibra Natural.<\/p>\n","protected":false},"excerpt":{"rendered":"<p>Os c\u00edlios posti\u00e7os da GB Cosmetics est\u00e1 entre os meus favoritos, certamente por sua eleg\u00e2ncia, naturalidade e qualidade. Em outras palavras, se voc\u00ea deseja destacar o olhar, os c\u00edlios posti\u00e7os s\u00e3o essenciais na sua n\u00e9cessaire. Da mesma forma, seu olhar ficar\u00e1 mais elegante em ocasi\u00f5es importantes e ensaios fotogr\u00e1ficos.<\/p>\n","protected":false},"featured_media":5736,"comment_status":"open","ping_status":"closed","template":"","meta":{"_mbp_gutenberg_autopost":false},"product_brand":[],"product_cat":[248,79,112],"product_tag":[157,159,798],"woo-feed-brand":[],"class_list":{"0":"post-5086","1":"product","2":"type-product","3":"status-publish","4":"has-post-thumbnail","6":"product_cat-gb-cosmetics","7":"product_cat-olhos","8":"product_cat-cilios-posticos","9":"product_tag-cilios-posticos","10":"product_tag-cilios-volumosos","11":"product_tag-gb-cosmetics","12":"pa_modelo-angel","13":"pa_modelo-long-eyes","14":"pa_modelo-queen","15":"yith_product_brand-gb-cosmetics","17":"first","18":"instock","19":"shipping-taxable","20":"purchasable","21":"product-type-variable"},"yoast_head":"<!-- This site is optimized with the Yoast SEO plugin v26.6 - https:\/\/yoast.com\/wordpress\/plugins\/seo\/ -->\n<title>C\u00edlios Posti\u00e7os GB Cosmetics - Fibra Natural - Loja DB Makeup<\/title>\n<meta name=\"description\" content=\"O c\u00edlios posti\u00e7os \u00e9 um acess\u00f3rio importante na maquiagem, principalmente se voc\u00ea deseja destacar o seu olhar. C\u00edlios Posti\u00e7os GB Cosmetics.\" \/>\n<meta name=\"robots\" content=\"index, follow, max-snippet:-1, max-image-preview:large, max-video-preview:-1\" \/>\n<link rel=\"canonical\" href=\"https:\/\/daniellebeatrizmakeup.com.br\/loja\/cilios-posticos-gb-cosmetics\/\" \/>\n<meta property=\"og:locale\" content=\"pt_BR\" \/>\n<meta property=\"og:type\" content=\"article\" \/>\n<meta property=\"og:title\" content=\"C\u00edlios Posti\u00e7os GB Cosmetics - Fibra Natural - Loja DB Makeup\" \/>\n<meta property=\"og:description\" content=\"O c\u00edlios posti\u00e7os \u00e9 um acess\u00f3rio importante na maquiagem, principalmente se voc\u00ea deseja destacar o seu olhar. C\u00edlios Posti\u00e7os GB Cosmetics.\" \/>\n<meta property=\"og:url\" content=\"https:\/\/daniellebeatrizmakeup.com.br\/loja\/cilios-posticos-gb-cosmetics\/\" \/>\n<meta property=\"og:site_name\" content=\"Loja DB Makeup\" \/>\n<meta property=\"article:publisher\" content=\"https:\/\/www.facebook.com\/daniellebeatrizmakeup\" \/>\n<meta property=\"article:modified_time\" content=\"2024-12-03T03:00:35+00:00\" \/>\n<meta property=\"og:image\" content=\"https:\/\/daniellebeatrizmakeup.com.br\/loja\/wp-content\/uploads\/2020\/12\/cilios-posticos-gb-cosmetics.jpg\" \/>\n\t<meta property=\"og:image:width\" content=\"2419\" \/>\n\t<meta property=\"og:image:height\" content=\"2419\" \/>\n\t<meta property=\"og:image:type\" content=\"image\/jpeg\" \/>\n<meta name=\"twitter:card\" content=\"summary_large_image\" \/>\n<meta name=\"twitter:site\" content=\"@danibetriz\" \/>\n<meta name=\"twitter:label1\" content=\"Est. tempo de leitura\" \/>\n\t<meta name=\"twitter:data1\" content=\"2 minutos\" \/>\n<script type=\"application\/ld+json\" class=\"yoast-schema-graph\">{\"@context\":\"https:\/\/schema.org\",\"@graph\":[{\"@type\":\"WebPage\",\"@id\":\"https:\/\/daniellebeatrizmakeup.com.br\/loja\/cilios-posticos-gb-cosmetics\/\",\"url\":\"https:\/\/daniellebeatrizmakeup.com.br\/loja\/cilios-posticos-gb-cosmetics\/\",\"name\":\"C\u00edlios Posti\u00e7os GB Cosmetics - Fibra Natural - Loja DB Makeup\",\"isPartOf\":{\"@id\":\"https:\/\/daniellebeatrizmakeup.com.br\/loja\/#website\"},\"primaryImageOfPage\":{\"@id\":\"https:\/\/daniellebeatrizmakeup.com.br\/loja\/cilios-posticos-gb-cosmetics\/#primaryimage\"},\"image\":{\"@id\":\"https:\/\/daniellebeatrizmakeup.com.br\/loja\/cilios-posticos-gb-cosmetics\/#primaryimage\"},\"thumbnailUrl\":\"https:\/\/daniellebeatrizmakeup.com.br\/loja\/wp-content\/uploads\/2020\/12\/cilios-posticos-gb-cosmetics.jpg\",\"datePublished\":\"2020-12-20T18:00:22+00:00\",\"dateModified\":\"2024-12-03T03:00:35+00:00\",\"description\":\"O c\u00edlios posti\u00e7os \u00e9 um acess\u00f3rio importante na maquiagem, principalmente se voc\u00ea deseja destacar o seu olhar. C\u00edlios Posti\u00e7os GB Cosmetics.\",\"breadcrumb\":{\"@id\":\"https:\/\/daniellebeatrizmakeup.com.br\/loja\/cilios-posticos-gb-cosmetics\/#breadcrumb\"},\"inLanguage\":\"pt-BR\",\"potentialAction\":[{\"@type\":\"ReadAction\",\"target\":[\"https:\/\/daniellebeatrizmakeup.com.br\/loja\/cilios-posticos-gb-cosmetics\/\"]}]},{\"@type\":\"ImageObject\",\"inLanguage\":\"pt-BR\",\"@id\":\"https:\/\/daniellebeatrizmakeup.com.br\/loja\/cilios-posticos-gb-cosmetics\/#primaryimage\",\"url\":\"https:\/\/daniellebeatrizmakeup.com.br\/loja\/wp-content\/uploads\/2020\/12\/cilios-posticos-gb-cosmetics.jpg\",\"contentUrl\":\"https:\/\/daniellebeatrizmakeup.com.br\/loja\/wp-content\/uploads\/2020\/12\/cilios-posticos-gb-cosmetics.jpg\",\"width\":2419,\"height\":2419,\"caption\":\"C\u00edlios Posti\u00e7os GB Cosmetics\"},{\"@type\":\"BreadcrumbList\",\"@id\":\"https:\/\/daniellebeatrizmakeup.com.br\/loja\/cilios-posticos-gb-cosmetics\/#breadcrumb\",\"itemListElement\":[{\"@type\":\"ListItem\",\"position\":1,\"name\":\"In\u00edcio\",\"item\":\"https:\/\/daniellebeatrizmakeup.com.br\/loja\/\"},{\"@type\":\"ListItem\",\"position\":2,\"name\":\"Todos\",\"item\":\"https:\/\/daniellebeatrizmakeup.com.br\/loja\/todos\/\"},{\"@type\":\"ListItem\",\"position\":3,\"name\":\"C\u00edlios Posti\u00e7os GB Cosmetics\"}]},{\"@type\":\"WebSite\",\"@id\":\"https:\/\/daniellebeatrizmakeup.com.br\/loja\/#website\",\"url\":\"https:\/\/daniellebeatrizmakeup.com.br\/loja\/\",\"name\":\"Loja DB Makeup\",\"description\":\"A melhor loja de maquiagem para real\u00e7ar a sua beleza\",\"publisher\":{\"@id\":\"https:\/\/daniellebeatrizmakeup.com.br\/loja\/#organization\"},\"potentialAction\":[{\"@type\":\"SearchAction\",\"target\":{\"@type\":\"EntryPoint\",\"urlTemplate\":\"https:\/\/daniellebeatrizmakeup.com.br\/loja\/?s={search_term_string}\"},\"query-input\":{\"@type\":\"PropertyValueSpecification\",\"valueRequired\":true,\"valueName\":\"search_term_string\"}}],\"inLanguage\":\"pt-BR\"},{\"@type\":\"Organization\",\"@id\":\"https:\/\/daniellebeatrizmakeup.com.br\/loja\/#organization\",\"name\":\"Danielle Beatriz Makeup\",\"url\":\"https:\/\/daniellebeatrizmakeup.com.br\/loja\/\",\"logo\":{\"@type\":\"ImageObject\",\"inLanguage\":\"pt-BR\",\"@id\":\"https:\/\/daniellebeatrizmakeup.com.br\/loja\/#\/schema\/logo\/image\/\",\"url\":\"https:\/\/daniellebeatrizmakeup.com.br\/loja\/wp-content\/uploads\/2020\/10\/logo-loja-db-makeup.png\",\"contentUrl\":\"https:\/\/daniellebeatrizmakeup.com.br\/loja\/wp-content\/uploads\/2020\/10\/logo-loja-db-makeup.png\",\"width\":500,\"height\":110,\"caption\":\"Danielle Beatriz Makeup\"},\"image\":{\"@id\":\"https:\/\/daniellebeatrizmakeup.com.br\/loja\/#\/schema\/logo\/image\/\"},\"sameAs\":[\"https:\/\/www.facebook.com\/daniellebeatrizmakeup\",\"https:\/\/x.com\/danibetriz\",\"https:\/\/www.instagram.com\/daniellebeatrizmakeup\",\"https:\/\/pinterest.com\/daniellebeatrizmakeup\",\"https:\/\/www.youtube.com\/DanielleBeatriz\"]}]}<\/script>\n<!-- \/ Yoast SEO plugin. -->","yoast_head_json":{"title":"C\u00edlios Posti\u00e7os GB Cosmetics - Fibra Natural - Loja DB Makeup","description":"O c\u00edlios posti\u00e7os \u00e9 um acess\u00f3rio importante na maquiagem, principalmente se voc\u00ea deseja destacar o seu olhar. C\u00edlios Posti\u00e7os GB Cosmetics.","robots":{"index":"index","follow":"follow","max-snippet":"max-snippet:-1","max-image-preview":"max-image-preview:large","max-video-preview":"max-video-preview:-1"},"canonical":"https:\/\/daniellebeatrizmakeup.com.br\/loja\/cilios-posticos-gb-cosmetics\/","og_locale":"pt_BR","og_type":"article","og_title":"C\u00edlios Posti\u00e7os GB Cosmetics - Fibra Natural - Loja DB Makeup","og_description":"O c\u00edlios posti\u00e7os \u00e9 um acess\u00f3rio importante na maquiagem, principalmente se voc\u00ea deseja destacar o seu olhar. C\u00edlios Posti\u00e7os GB Cosmetics.","og_url":"https:\/\/daniellebeatrizmakeup.com.br\/loja\/cilios-posticos-gb-cosmetics\/","og_site_name":"Loja DB Makeup","article_publisher":"https:\/\/www.facebook.com\/daniellebeatrizmakeup","article_modified_time":"2024-12-03T03:00:35+00:00","og_image":[{"width":2419,"height":2419,"url":"https:\/\/daniellebeatrizmakeup.com.br\/loja\/wp-content\/uploads\/2020\/12\/cilios-posticos-gb-cosmetics.jpg","type":"image\/jpeg"}],"twitter_card":"summary_large_image","twitter_site":"@danibetriz","twitter_misc":{"Est. tempo de leitura":"2 minutos"},"schema":{"@context":"https:\/\/schema.org","@graph":[{"@type":"WebPage","@id":"https:\/\/daniellebeatrizmakeup.com.br\/loja\/cilios-posticos-gb-cosmetics\/","url":"https:\/\/daniellebeatrizmakeup.com.br\/loja\/cilios-posticos-gb-cosmetics\/","name":"C\u00edlios Posti\u00e7os GB Cosmetics - Fibra Natural - Loja DB Makeup","isPartOf":{"@id":"https:\/\/daniellebeatrizmakeup.com.br\/loja\/#website"},"primaryImageOfPage":{"@id":"https:\/\/daniellebeatrizmakeup.com.br\/loja\/cilios-posticos-gb-cosmetics\/#primaryimage"},"image":{"@id":"https:\/\/daniellebeatrizmakeup.com.br\/loja\/cilios-posticos-gb-cosmetics\/#primaryimage"},"thumbnailUrl":"https:\/\/daniellebeatrizmakeup.com.br\/loja\/wp-content\/uploads\/2020\/12\/cilios-posticos-gb-cosmetics.jpg","datePublished":"2020-12-20T18:00:22+00:00","dateModified":"2024-12-03T03:00:35+00:00","description":"O c\u00edlios posti\u00e7os \u00e9 um acess\u00f3rio importante na maquiagem, principalmente se voc\u00ea deseja destacar o seu olhar. C\u00edlios Posti\u00e7os GB Cosmetics.","breadcrumb":{"@id":"https:\/\/daniellebeatrizmakeup.com.br\/loja\/cilios-posticos-gb-cosmetics\/#breadcrumb"},"inLanguage":"pt-BR","potentialAction":[{"@type":"ReadAction","target":["https:\/\/daniellebeatrizmakeup.com.br\/loja\/cilios-posticos-gb-cosmetics\/"]}]},{"@type":"ImageObject","inLanguage":"pt-BR","@id":"https:\/\/daniellebeatrizmakeup.com.br\/loja\/cilios-posticos-gb-cosmetics\/#primaryimage","url":"https:\/\/daniellebeatrizmakeup.com.br\/loja\/wp-content\/uploads\/2020\/12\/cilios-posticos-gb-cosmetics.jpg","contentUrl":"https:\/\/daniellebeatrizmakeup.com.br\/loja\/wp-content\/uploads\/2020\/12\/cilios-posticos-gb-cosmetics.jpg","width":2419,"height":2419,"caption":"C\u00edlios Posti\u00e7os GB Cosmetics"},{"@type":"BreadcrumbList","@id":"https:\/\/daniellebeatrizmakeup.com.br\/loja\/cilios-posticos-gb-cosmetics\/#breadcrumb","itemListElement":[{"@type":"ListItem","position":1,"name":"In\u00edcio","item":"https:\/\/daniellebeatrizmakeup.com.br\/loja\/"},{"@type":"ListItem","position":2,"name":"Todos","item":"https:\/\/daniellebeatrizmakeup.com.br\/loja\/todos\/"},{"@type":"ListItem","position":3,"name":"C\u00edlios Posti\u00e7os GB Cosmetics"}]},{"@type":"WebSite","@id":"https:\/\/daniellebeatrizmakeup.com.br\/loja\/#website","url":"https:\/\/daniellebeatrizmakeup.com.br\/loja\/","name":"Loja DB Makeup","description":"A melhor loja de maquiagem para real\u00e7ar a sua beleza","publisher":{"@id":"https:\/\/daniellebeatrizmakeup.com.br\/loja\/#organization"},"potentialAction":[{"@type":"SearchAction","target":{"@type":"EntryPoint","urlTemplate":"https:\/\/daniellebeatrizmakeup.com.br\/loja\/?s={search_term_string}"},"query-input":{"@type":"PropertyValueSpecification","valueRequired":true,"valueName":"search_term_string"}}],"inLanguage":"pt-BR"},{"@type":"Organization","@id":"https:\/\/daniellebeatrizmakeup.com.br\/loja\/#organization","name":"Danielle Beatriz Makeup","url":"https:\/\/daniellebeatrizmakeup.com.br\/loja\/","logo":{"@type":"ImageObject","inLanguage":"pt-BR","@id":"https:\/\/daniellebeatrizmakeup.com.br\/loja\/#\/schema\/logo\/image\/","url":"https:\/\/daniellebeatrizmakeup.com.br\/loja\/wp-content\/uploads\/2020\/10\/logo-loja-db-makeup.png","contentUrl":"https:\/\/daniellebeatrizmakeup.com.br\/loja\/wp-content\/uploads\/2020\/10\/logo-loja-db-makeup.png","width":500,"height":110,"caption":"Danielle Beatriz Makeup"},"image":{"@id":"https:\/\/daniellebeatrizmakeup.com.br\/loja\/#\/schema\/logo\/image\/"},"sameAs":["https:\/\/www.facebook.com\/daniellebeatrizmakeup","https:\/\/x.com\/danibetriz","https:\/\/www.instagram.com\/daniellebeatrizmakeup","https:\/\/pinterest.com\/daniellebeatrizmakeup","https:\/\/www.youtube.com\/DanielleBeatriz"]}]}},"jetpack_sharing_enabled":true,"_links":{"self":[{"href":"https:\/\/daniellebeatrizmakeup.com.br\/loja\/wp-json\/wp\/v2\/product\/5086","targetHints":{"allow":["GET"]}}],"collection":[{"href":"https:\/\/daniellebeatrizmakeup.com.br\/loja\/wp-json\/wp\/v2\/product"}],"about":[{"href":"https:\/\/daniellebeatrizmakeup.com.br\/loja\/wp-json\/wp\/v2\/types\/product"}],"replies":[{"embeddable":true,"href":"https:\/\/daniellebeatrizmakeup.com.br\/loja\/wp-json\/wp\/v2\/comments?post=5086"}],"version-history":[{"count":3,"href":"https:\/\/daniellebeatrizmakeup.com.br\/loja\/wp-json\/wp\/v2\/product\/5086\/revisions"}],"predecessor-version":[{"id":54312,"href":"https:\/\/daniellebeatrizmakeup.com.br\/loja\/wp-json\/wp\/v2\/product\/5086\/revisions\/54312"}],"wp:featuredmedia":[{"embeddable":true,"href":"https:\/\/daniellebeatrizmakeup.com.br\/loja\/wp-json\/wp\/v2\/media\/5736"}],"wp:attachment":[{"href":"https:\/\/daniellebeatrizmakeup.com.br\/loja\/wp-json\/wp\/v2\/media?parent=5086"}],"wp:term":[{"taxonomy":"product_brand","embeddable":true,"href":"https:\/\/daniellebeatrizmakeup.com.br\/loja\/wp-json\/wp\/v2\/product_brand?post=5086"},{"taxonomy":"product_cat","embeddable":true,"href":"https:\/\/daniellebeatrizmakeup.com.br\/loja\/wp-json\/wp\/v2\/product_cat?post=5086"},{"taxonomy":"product_tag","embeddable":true,"href":"https:\/\/daniellebeatrizmakeup.com.br\/loja\/wp-json\/wp\/v2\/product_tag?post=5086"},{"taxonomy":"woo-feed-brand","embeddable":true,"href":"https:\/\/daniellebeatrizmakeup.com.br\/loja\/wp-json\/wp\/v2\/woo-feed-brand?post=5086"}],"curies":[{"name":"wp","href":"https:\/\/api.w.org\/{rel}","templated":true}]}}