{"id":495,"date":"2020-06-28T17:58:41","date_gmt":"2020-06-28T20:58:41","guid":{"rendered":"https:\/\/loja.daniellebeatrizmakeup.com.br\/?post_type=product&#038;p=495"},"modified":"2023-12-06T05:43:03","modified_gmt":"2023-12-06T08:43:03","slug":"base-liquida-matte-ruby-rose","status":"publish","type":"product","link":"https:\/\/daniellebeatrizmakeup.com.br\/loja\/base-liquida-matte-ruby-rose\/","title":{"rendered":"Base L\u00edquida Matte Ruby Rose"},"content":{"rendered":"<p>A Base L\u00edquida Matte da <a href=\"https:\/\/daniellebeatrizmakeup.com.br\/loja\/ruby-rose\/\">Ruby Rose<\/a>, oferece um acabamento matte natural, al\u00e9m de possuir uma cobertura incr\u00edvel, ela tem alta durabilidade fazendo com que o produto n\u00e3o saia com facilidade do seu rosto.<\/p>\n<p><strong>Sugest\u00f5es de aplica\u00e7\u00e3o<\/strong><\/p>\n<p>A Base L\u00edquida Matte tem alta cobertura e \u00e9 muito f\u00e1cil de espalhar, utilize um pincel ou esponja para espalhar a base, comece a aplicar a partir do centro do rosto para fora, dessa forma ela ficar\u00e1 uniforme no rosto inteiro. N\u00e3o se esque\u00e7a da \u00e1rea do pesco\u00e7o, e para um melhor resultado sele com o p\u00f3 se a sua pele for de mista a oleosa.<\/p>\n<p>Fique atenta ao seu tipo de pele, se for uma pele seca a normal, hidrate bem antes, ou procure uma base mais adequada para o seu tipo de pele.<\/p>\n<p><strong>Precau\u00e7\u00f5es e Uso externo<\/strong><\/p>\n<ul>\n<li>N\u00e3o aplique sobre a pele irritada ou lesionada.<\/li>\n<li>Se houver qualquer sinal de irrita\u00e7\u00e3o, descontinue o uso do produto!<\/li>\n<li>Evite espinhas limpe bem sua pele ap\u00f3s o uso!<\/li>\n<li>Lembre-se que toda pele merece os cuidados de hidrata\u00e7\u00e3o e esfolia\u00e7\u00e3o.<\/li>\n<\/ul>\n<p>Qualquer d\u00favida entre em contato.<\/p>\n","protected":false},"excerpt":{"rendered":"<p>A Base L\u00edquida Matte da Ruby Rose, oferece um acabamento matte natural, al\u00e9m de possuir uma cobertura incr\u00edvel, ela tem alta durabilidade fazendo com que o produto n\u00e3o saia com facilidade do seu rosto.<\/p>\n","protected":false},"featured_media":496,"comment_status":"open","ping_status":"closed","template":"","meta":{"_mbp_gutenberg_autopost":false},"product_brand":[],"product_cat":[96,78,74],"product_tag":[104,105,107,106,805],"woo-feed-brand":[],"class_list":{"0":"post-495","1":"product","2":"type-product","3":"status-publish","4":"has-post-thumbnail","6":"product_cat-base","7":"product_cat-rosto","8":"product_cat-ruby-rose","9":"product_tag-base","10":"product_tag-base-matte","11":"product_tag-cobertura-alta","12":"product_tag-pele","13":"product_tag-ruby-rose","14":"yith_product_brand-ruby-rose","16":"first","17":"outofstock","18":"shipping-taxable","19":"purchasable","20":"product-type-variable"},"yoast_head":"<!-- This site is optimized with the Yoast SEO plugin v27.3 - https:\/\/yoast.com\/product\/yoast-seo-wordpress\/ -->\n<title>Base L\u00edquida Matte Ruby Rose - Loja DB Makeup<\/title>\n<meta name=\"description\" content=\"A Base L\u00edquida Matte da Ruby Rose oferece um acabamento matte, al\u00e9m de possuir uma cobertura incr\u00edvel, e alta durabilidade.\" \/>\n<meta name=\"robots\" content=\"index, follow, max-snippet:-1, max-image-preview:large, max-video-preview:-1\" \/>\n<link rel=\"canonical\" href=\"https:\/\/daniellebeatrizmakeup.com.br\/loja\/base-liquida-matte-ruby-rose\/\" \/>\n<meta property=\"og:locale\" content=\"pt_BR\" \/>\n<meta property=\"og:type\" content=\"article\" \/>\n<meta property=\"og:title\" content=\"Base L\u00edquida Matte Ruby Rose - Loja DB Makeup\" \/>\n<meta property=\"og:description\" content=\"A Base L\u00edquida Matte da Ruby Rose oferece um acabamento matte, al\u00e9m de possuir uma cobertura incr\u00edvel, e alta durabilidade.\" \/>\n<meta property=\"og:url\" content=\"https:\/\/daniellebeatrizmakeup.com.br\/loja\/base-liquida-matte-ruby-rose\/\" \/>\n<meta property=\"og:site_name\" content=\"Loja DB Makeup\" \/>\n<meta property=\"article:publisher\" content=\"https:\/\/www.facebook.com\/daniellebeatrizmakeup\" \/>\n<meta property=\"article:modified_time\" content=\"2023-12-06T08:43:03+00:00\" \/>\n<meta property=\"og:image\" content=\"https:\/\/daniellebeatrizmakeup.com.br\/loja\/wp-content\/uploads\/2020\/06\/base-liquida-matte-ruby-rose-1.jpg\" \/>\n\t<meta property=\"og:image:width\" content=\"800\" \/>\n\t<meta property=\"og:image:height\" content=\"800\" \/>\n\t<meta property=\"og:image:type\" content=\"image\/jpeg\" \/>\n<meta name=\"twitter:card\" content=\"summary_large_image\" \/>\n<meta name=\"twitter:site\" content=\"@danibetriz\" \/>\n<meta name=\"twitter:label1\" content=\"Est. tempo de leitura\" \/>\n\t<meta name=\"twitter:data1\" content=\"1 minuto\" \/>\n<script type=\"application\/ld+json\" class=\"yoast-schema-graph\">{\"@context\":\"https:\\\/\\\/schema.org\",\"@graph\":[{\"@type\":\"WebPage\",\"@id\":\"https:\\\/\\\/daniellebeatrizmakeup.com.br\\\/loja\\\/base-liquida-matte-ruby-rose\\\/\",\"url\":\"https:\\\/\\\/daniellebeatrizmakeup.com.br\\\/loja\\\/base-liquida-matte-ruby-rose\\\/\",\"name\":\"Base L\u00edquida Matte Ruby Rose - Loja DB Makeup\",\"isPartOf\":{\"@id\":\"https:\\\/\\\/daniellebeatrizmakeup.com.br\\\/loja\\\/#website\"},\"primaryImageOfPage\":{\"@id\":\"https:\\\/\\\/daniellebeatrizmakeup.com.br\\\/loja\\\/base-liquida-matte-ruby-rose\\\/#primaryimage\"},\"image\":{\"@id\":\"https:\\\/\\\/daniellebeatrizmakeup.com.br\\\/loja\\\/base-liquida-matte-ruby-rose\\\/#primaryimage\"},\"thumbnailUrl\":\"https:\\\/\\\/daniellebeatrizmakeup.com.br\\\/loja\\\/wp-content\\\/uploads\\\/2020\\\/06\\\/base-liquida-matte-ruby-rose-1.jpg\",\"datePublished\":\"2020-06-28T20:58:41+00:00\",\"dateModified\":\"2023-12-06T08:43:03+00:00\",\"description\":\"A Base L\u00edquida Matte da Ruby Rose oferece um acabamento matte, al\u00e9m de possuir uma cobertura incr\u00edvel, e alta durabilidade.\",\"breadcrumb\":{\"@id\":\"https:\\\/\\\/daniellebeatrizmakeup.com.br\\\/loja\\\/base-liquida-matte-ruby-rose\\\/#breadcrumb\"},\"inLanguage\":\"pt-BR\",\"potentialAction\":[{\"@type\":\"ReadAction\",\"target\":[\"https:\\\/\\\/daniellebeatrizmakeup.com.br\\\/loja\\\/base-liquida-matte-ruby-rose\\\/\"]}]},{\"@type\":\"ImageObject\",\"inLanguage\":\"pt-BR\",\"@id\":\"https:\\\/\\\/daniellebeatrizmakeup.com.br\\\/loja\\\/base-liquida-matte-ruby-rose\\\/#primaryimage\",\"url\":\"https:\\\/\\\/daniellebeatrizmakeup.com.br\\\/loja\\\/wp-content\\\/uploads\\\/2020\\\/06\\\/base-liquida-matte-ruby-rose-1.jpg\",\"contentUrl\":\"https:\\\/\\\/daniellebeatrizmakeup.com.br\\\/loja\\\/wp-content\\\/uploads\\\/2020\\\/06\\\/base-liquida-matte-ruby-rose-1.jpg\",\"width\":800,\"height\":800,\"caption\":\"Base L\u00edquida Matte Ruby Rose\"},{\"@type\":\"BreadcrumbList\",\"@id\":\"https:\\\/\\\/daniellebeatrizmakeup.com.br\\\/loja\\\/base-liquida-matte-ruby-rose\\\/#breadcrumb\",\"itemListElement\":[{\"@type\":\"ListItem\",\"position\":1,\"name\":\"In\u00edcio\",\"item\":\"https:\\\/\\\/daniellebeatrizmakeup.com.br\\\/loja\\\/\"},{\"@type\":\"ListItem\",\"position\":2,\"name\":\"Todos\",\"item\":\"https:\\\/\\\/daniellebeatrizmakeup.com.br\\\/loja\\\/todos\\\/\"},{\"@type\":\"ListItem\",\"position\":3,\"name\":\"Base L\u00edquida Matte Ruby Rose\"}]},{\"@type\":\"WebSite\",\"@id\":\"https:\\\/\\\/daniellebeatrizmakeup.com.br\\\/loja\\\/#website\",\"url\":\"https:\\\/\\\/daniellebeatrizmakeup.com.br\\\/loja\\\/\",\"name\":\"Loja DB Makeup\",\"description\":\"A melhor loja de maquiagem para real\u00e7ar a sua beleza\",\"publisher\":{\"@id\":\"https:\\\/\\\/daniellebeatrizmakeup.com.br\\\/loja\\\/#organization\"},\"potentialAction\":[{\"@type\":\"SearchAction\",\"target\":{\"@type\":\"EntryPoint\",\"urlTemplate\":\"https:\\\/\\\/daniellebeatrizmakeup.com.br\\\/loja\\\/?s={search_term_string}\"},\"query-input\":{\"@type\":\"PropertyValueSpecification\",\"valueRequired\":true,\"valueName\":\"search_term_string\"}}],\"inLanguage\":\"pt-BR\"},{\"@type\":\"Organization\",\"@id\":\"https:\\\/\\\/daniellebeatrizmakeup.com.br\\\/loja\\\/#organization\",\"name\":\"Danielle Beatriz Makeup\",\"url\":\"https:\\\/\\\/daniellebeatrizmakeup.com.br\\\/loja\\\/\",\"logo\":{\"@type\":\"ImageObject\",\"inLanguage\":\"pt-BR\",\"@id\":\"https:\\\/\\\/daniellebeatrizmakeup.com.br\\\/loja\\\/#\\\/schema\\\/logo\\\/image\\\/\",\"url\":\"https:\\\/\\\/daniellebeatrizmakeup.com.br\\\/loja\\\/wp-content\\\/uploads\\\/2020\\\/10\\\/logo-loja-db-makeup.png\",\"contentUrl\":\"https:\\\/\\\/daniellebeatrizmakeup.com.br\\\/loja\\\/wp-content\\\/uploads\\\/2020\\\/10\\\/logo-loja-db-makeup.png\",\"width\":500,\"height\":110,\"caption\":\"Danielle Beatriz Makeup\"},\"image\":{\"@id\":\"https:\\\/\\\/daniellebeatrizmakeup.com.br\\\/loja\\\/#\\\/schema\\\/logo\\\/image\\\/\"},\"sameAs\":[\"https:\\\/\\\/www.facebook.com\\\/daniellebeatrizmakeup\",\"https:\\\/\\\/x.com\\\/danibetriz\",\"https:\\\/\\\/www.instagram.com\\\/daniellebeatrizmakeup\",\"https:\\\/\\\/pinterest.com\\\/daniellebeatrizmakeup\",\"https:\\\/\\\/www.youtube.com\\\/DanielleBeatriz\"]}]}<\/script>\n<!-- \/ Yoast SEO plugin. -->","yoast_head_json":{"title":"Base L\u00edquida Matte Ruby Rose - Loja DB Makeup","description":"A Base L\u00edquida Matte da Ruby Rose oferece um acabamento matte, al\u00e9m de possuir uma cobertura incr\u00edvel, e alta durabilidade.","robots":{"index":"index","follow":"follow","max-snippet":"max-snippet:-1","max-image-preview":"max-image-preview:large","max-video-preview":"max-video-preview:-1"},"canonical":"https:\/\/daniellebeatrizmakeup.com.br\/loja\/base-liquida-matte-ruby-rose\/","og_locale":"pt_BR","og_type":"article","og_title":"Base L\u00edquida Matte Ruby Rose - Loja DB Makeup","og_description":"A Base L\u00edquida Matte da Ruby Rose oferece um acabamento matte, al\u00e9m de possuir uma cobertura incr\u00edvel, e alta durabilidade.","og_url":"https:\/\/daniellebeatrizmakeup.com.br\/loja\/base-liquida-matte-ruby-rose\/","og_site_name":"Loja DB Makeup","article_publisher":"https:\/\/www.facebook.com\/daniellebeatrizmakeup","article_modified_time":"2023-12-06T08:43:03+00:00","og_image":[{"width":800,"height":800,"url":"https:\/\/daniellebeatrizmakeup.com.br\/loja\/wp-content\/uploads\/2020\/06\/base-liquida-matte-ruby-rose-1.jpg","type":"image\/jpeg"}],"twitter_card":"summary_large_image","twitter_site":"@danibetriz","twitter_misc":{"Est. tempo de leitura":"1 minuto"},"schema":{"@context":"https:\/\/schema.org","@graph":[{"@type":"WebPage","@id":"https:\/\/daniellebeatrizmakeup.com.br\/loja\/base-liquida-matte-ruby-rose\/","url":"https:\/\/daniellebeatrizmakeup.com.br\/loja\/base-liquida-matte-ruby-rose\/","name":"Base L\u00edquida Matte Ruby Rose - Loja DB Makeup","isPartOf":{"@id":"https:\/\/daniellebeatrizmakeup.com.br\/loja\/#website"},"primaryImageOfPage":{"@id":"https:\/\/daniellebeatrizmakeup.com.br\/loja\/base-liquida-matte-ruby-rose\/#primaryimage"},"image":{"@id":"https:\/\/daniellebeatrizmakeup.com.br\/loja\/base-liquida-matte-ruby-rose\/#primaryimage"},"thumbnailUrl":"https:\/\/daniellebeatrizmakeup.com.br\/loja\/wp-content\/uploads\/2020\/06\/base-liquida-matte-ruby-rose-1.jpg","datePublished":"2020-06-28T20:58:41+00:00","dateModified":"2023-12-06T08:43:03+00:00","description":"A Base L\u00edquida Matte da Ruby Rose oferece um acabamento matte, al\u00e9m de possuir uma cobertura incr\u00edvel, e alta durabilidade.","breadcrumb":{"@id":"https:\/\/daniellebeatrizmakeup.com.br\/loja\/base-liquida-matte-ruby-rose\/#breadcrumb"},"inLanguage":"pt-BR","potentialAction":[{"@type":"ReadAction","target":["https:\/\/daniellebeatrizmakeup.com.br\/loja\/base-liquida-matte-ruby-rose\/"]}]},{"@type":"ImageObject","inLanguage":"pt-BR","@id":"https:\/\/daniellebeatrizmakeup.com.br\/loja\/base-liquida-matte-ruby-rose\/#primaryimage","url":"https:\/\/daniellebeatrizmakeup.com.br\/loja\/wp-content\/uploads\/2020\/06\/base-liquida-matte-ruby-rose-1.jpg","contentUrl":"https:\/\/daniellebeatrizmakeup.com.br\/loja\/wp-content\/uploads\/2020\/06\/base-liquida-matte-ruby-rose-1.jpg","width":800,"height":800,"caption":"Base L\u00edquida Matte Ruby Rose"},{"@type":"BreadcrumbList","@id":"https:\/\/daniellebeatrizmakeup.com.br\/loja\/base-liquida-matte-ruby-rose\/#breadcrumb","itemListElement":[{"@type":"ListItem","position":1,"name":"In\u00edcio","item":"https:\/\/daniellebeatrizmakeup.com.br\/loja\/"},{"@type":"ListItem","position":2,"name":"Todos","item":"https:\/\/daniellebeatrizmakeup.com.br\/loja\/todos\/"},{"@type":"ListItem","position":3,"name":"Base L\u00edquida Matte Ruby Rose"}]},{"@type":"WebSite","@id":"https:\/\/daniellebeatrizmakeup.com.br\/loja\/#website","url":"https:\/\/daniellebeatrizmakeup.com.br\/loja\/","name":"Loja DB Makeup","description":"A melhor loja de maquiagem para real\u00e7ar a sua beleza","publisher":{"@id":"https:\/\/daniellebeatrizmakeup.com.br\/loja\/#organization"},"potentialAction":[{"@type":"SearchAction","target":{"@type":"EntryPoint","urlTemplate":"https:\/\/daniellebeatrizmakeup.com.br\/loja\/?s={search_term_string}"},"query-input":{"@type":"PropertyValueSpecification","valueRequired":true,"valueName":"search_term_string"}}],"inLanguage":"pt-BR"},{"@type":"Organization","@id":"https:\/\/daniellebeatrizmakeup.com.br\/loja\/#organization","name":"Danielle Beatriz Makeup","url":"https:\/\/daniellebeatrizmakeup.com.br\/loja\/","logo":{"@type":"ImageObject","inLanguage":"pt-BR","@id":"https:\/\/daniellebeatrizmakeup.com.br\/loja\/#\/schema\/logo\/image\/","url":"https:\/\/daniellebeatrizmakeup.com.br\/loja\/wp-content\/uploads\/2020\/10\/logo-loja-db-makeup.png","contentUrl":"https:\/\/daniellebeatrizmakeup.com.br\/loja\/wp-content\/uploads\/2020\/10\/logo-loja-db-makeup.png","width":500,"height":110,"caption":"Danielle Beatriz Makeup"},"image":{"@id":"https:\/\/daniellebeatrizmakeup.com.br\/loja\/#\/schema\/logo\/image\/"},"sameAs":["https:\/\/www.facebook.com\/daniellebeatrizmakeup","https:\/\/x.com\/danibetriz","https:\/\/www.instagram.com\/daniellebeatrizmakeup","https:\/\/pinterest.com\/daniellebeatrizmakeup","https:\/\/www.youtube.com\/DanielleBeatriz"]}]}},"jetpack_sharing_enabled":true,"_links":{"self":[{"href":"https:\/\/daniellebeatrizmakeup.com.br\/loja\/wp-json\/wp\/v2\/product\/495","targetHints":{"allow":["GET"]}}],"collection":[{"href":"https:\/\/daniellebeatrizmakeup.com.br\/loja\/wp-json\/wp\/v2\/product"}],"about":[{"href":"https:\/\/daniellebeatrizmakeup.com.br\/loja\/wp-json\/wp\/v2\/types\/product"}],"replies":[{"embeddable":true,"href":"https:\/\/daniellebeatrizmakeup.com.br\/loja\/wp-json\/wp\/v2\/comments?post=495"}],"version-history":[{"count":5,"href":"https:\/\/daniellebeatrizmakeup.com.br\/loja\/wp-json\/wp\/v2\/product\/495\/revisions"}],"predecessor-version":[{"id":56803,"href":"https:\/\/daniellebeatrizmakeup.com.br\/loja\/wp-json\/wp\/v2\/product\/495\/revisions\/56803"}],"wp:featuredmedia":[{"embeddable":true,"href":"https:\/\/daniellebeatrizmakeup.com.br\/loja\/wp-json\/wp\/v2\/media\/496"}],"wp:attachment":[{"href":"https:\/\/daniellebeatrizmakeup.com.br\/loja\/wp-json\/wp\/v2\/media?parent=495"}],"wp:term":[{"taxonomy":"product_brand","embeddable":true,"href":"https:\/\/daniellebeatrizmakeup.com.br\/loja\/wp-json\/wp\/v2\/product_brand?post=495"},{"taxonomy":"product_cat","embeddable":true,"href":"https:\/\/daniellebeatrizmakeup.com.br\/loja\/wp-json\/wp\/v2\/product_cat?post=495"},{"taxonomy":"product_tag","embeddable":true,"href":"https:\/\/daniellebeatrizmakeup.com.br\/loja\/wp-json\/wp\/v2\/product_tag?post=495"},{"taxonomy":"woo-feed-brand","embeddable":true,"href":"https:\/\/daniellebeatrizmakeup.com.br\/loja\/wp-json\/wp\/v2\/woo-feed-brand?post=495"}],"curies":[{"name":"wp","href":"https:\/\/api.w.org\/{rel}","templated":true}]}}