{"id":46676,"date":"2022-01-09T15:54:18","date_gmt":"2022-01-09T18:54:18","guid":{"rendered":"https:\/\/daniellebeatrizmakeup.com.br\/loja\/?post_type=product&#038;p=46676"},"modified":"2024-12-03T00:00:19","modified_gmt":"2024-12-03T03:00:19","slug":"kit-trio-poderoso-fairy-tale-maria-margarida","status":"publish","type":"product","link":"https:\/\/daniellebeatrizmakeup.com.br\/loja\/kit-trio-poderoso-fairy-tale-maria-margarida\/","title":{"rendered":"Kit Trio Poderoso Fairy Tale Maria Margarida"},"content":{"rendered":"<p>O <a href=\"https:\/\/daniellebeatrizmakeup.com.br\/loja\/kit-fairy-tale-maria-margarida\/\">Kit Trio Poderoso Fairy Tale<\/a>\u00a0 \u00e9 uma edi\u00e7\u00e3o especial para voc\u00ea que gosta de uma maquiagem b\u00e1sica para o dia e noite, sem demandar grande conhecimento para us\u00e1-los. Ideal para auto maquiagem e para quem quer adicionar mais glamour \u00e0 sua n\u00e9cessaire! Todos os pinc\u00e9is Maria Margarida s\u00e3o fabricados manualmente por artes\u00e3os especializados. Esse kit \u00e9 composto por 3 pinc\u00e9is de qualidade com um mix de funcionalidades.<\/p>\n<h2>Kit Trio Poderoso Fairy Tale \u00e9 composto por:<\/h2>\n<ol>\n<li>FT11 &#8211; Pincel Base Flat Top Kabuki &#8211; Ideal para aplica\u00e7\u00e3o de base cremosa ou l\u00edquida com perfei\u00e7\u00e3o. Cerdas Sint\u00e9ticas.<\/li>\n<li>FT16 &#8211; Pincel L\u00e1pis &#8211; Ideal para marcar o c\u00f4ncavo de maneira precisa com produtos em p\u00f3.. Cerdas Naturais.<\/li>\n<li>FT17 &#8211; Pincel Esfumar Redondo &#8211; Ideal para esfumar os olhos de forma suave aplicando o produto e o misturando de forma leve e precisa. Cerdas Naturais.<\/li>\n<li>N\u00e9cessaire Fairy Tale &#8211; Transparente com detalhes em rose gold, possui z\u00edper e tem o tamanho de 24cm x 17,5cm.<\/li>\n<\/ol>\n<h2>Dicas de cuidados<\/h2>\n<ul>\n<li>Mantenha a <a href=\"https:\/\/www.instagram.com\/p\/Bzyvuhpgcsq\/\">higieniza\u00e7\u00e3o dos pinc\u00e9is<\/a> com produtos adequados, dessa forma as cerdas continuar\u00e3o sempre macias, livres de fungos e bact\u00e9rias.<\/li>\n<li>Com as cerdas para baixo lave com sab\u00e3o neutro, em seguida enx\u00e1gue e remova o excesso de \u00e1gua apertando com os dedos. Deixe secar na posi\u00e7\u00e3o horizontal, e evite molhar o cabo.<\/li>\n<li>O intervalo entre cada lavagem ser\u00e1 de acordo com o seu uso, se usar muito, lave com frequ\u00eancia.<\/li>\n<\/ul>\n","protected":false},"excerpt":{"rendered":"<p>O Kit Trio Poderoso Fairy Tale \u00e9 uma edi\u00e7\u00e3o especial para voc\u00ea que gosta de uma maquiagem b\u00e1sica para o dia e noite, sem demandar grande conhecimento para us\u00e1-los. Ideal para auto maquiagem e para quem quer adicionar mais glamour \u00e0 sua n\u00e9cessaire! Todos os pinc\u00e9is Maria Margarida s\u00e3o fabricados manualmente por artes\u00e3os especializados. Esse kit \u00e9 composto por 3 pinc\u00e9is de qualidade com um mix de funcionalidade.<\/p>\n","protected":false},"featured_media":46722,"comment_status":"open","ping_status":"closed","template":"","meta":{"_mbp_gutenberg_autopost":false},"product_brand":[],"product_cat":[314,322,73,133],"product_tag":[140,147,155,156,146,145,143,144],"woo-feed-brand":[],"class_list":{"0":"post-46676","1":"product","2":"type-product","3":"status-publish","4":"has-post-thumbnail","6":"product_cat-kit-pinceis","7":"product_cat-kit-de-maquiagem","8":"product_cat-maria-margarida","9":"product_cat-pinceis","10":"product_tag-acessorio","11":"product_tag-conjunto-de-pinceis","12":"product_tag-fairy-tale","13":"product_tag-kit","14":"product_tag-kit-de-pinceis","15":"product_tag-maria-margarida","16":"product_tag-pincel","17":"product_tag-pincel-de-maquiagem","18":"yith_product_brand-maria-margarida","20":"first","21":"instock","22":"shipping-taxable","23":"purchasable","24":"product-type-simple"},"yoast_head":"<!-- This site is optimized with the Yoast SEO plugin v27.3 - https:\/\/yoast.com\/product\/yoast-seo-wordpress\/ -->\n<title>Kit Trio Poderoso Fairy Tale Maria Margarida - Loja DB Makeup<\/title>\n<meta name=\"description\" content=\"O Kit Trio Poderoso Fairy Tale \u00e9 para voc\u00ea que gosta de uma maquiagem b\u00e1sica para o dia e noite, sem demandar grande conhecimento para usar.\" \/>\n<meta name=\"robots\" content=\"index, follow, max-snippet:-1, max-image-preview:large, max-video-preview:-1\" \/>\n<link rel=\"canonical\" href=\"https:\/\/daniellebeatrizmakeup.com.br\/loja\/kit-trio-poderoso-fairy-tale-maria-margarida\/\" \/>\n<meta property=\"og:locale\" content=\"pt_BR\" \/>\n<meta property=\"og:type\" content=\"article\" \/>\n<meta property=\"og:title\" content=\"Kit Trio Poderoso Fairy Tale Maria Margarida - Loja DB Makeup\" \/>\n<meta property=\"og:description\" content=\"O Kit Trio Poderoso Fairy Tale \u00e9 para voc\u00ea que gosta de uma maquiagem b\u00e1sica para o dia e noite, sem demandar grande conhecimento para usar.\" \/>\n<meta property=\"og:url\" content=\"https:\/\/daniellebeatrizmakeup.com.br\/loja\/kit-trio-poderoso-fairy-tale-maria-margarida\/\" \/>\n<meta property=\"og:site_name\" content=\"Loja DB Makeup\" \/>\n<meta property=\"article:publisher\" content=\"https:\/\/www.facebook.com\/daniellebeatrizmakeup\" \/>\n<meta property=\"article:modified_time\" content=\"2024-12-03T03:00:19+00:00\" \/>\n<meta property=\"og:image\" content=\"https:\/\/daniellebeatrizmakeup.com.br\/loja\/wp-content\/uploads\/2022\/01\/kit-trio-poderoso-fairy-tale-maria-margarida.jpg\" \/>\n\t<meta property=\"og:image:width\" content=\"1080\" \/>\n\t<meta property=\"og:image:height\" content=\"1080\" \/>\n\t<meta property=\"og:image:type\" content=\"image\/jpeg\" \/>\n<meta name=\"twitter:card\" content=\"summary_large_image\" \/>\n<meta name=\"twitter:site\" content=\"@danibetriz\" \/>\n<meta name=\"twitter:label1\" content=\"Est. tempo de leitura\" \/>\n\t<meta name=\"twitter:data1\" content=\"2 minutos\" \/>\n<script type=\"application\/ld+json\" class=\"yoast-schema-graph\">{\"@context\":\"https:\\\/\\\/schema.org\",\"@graph\":[{\"@type\":\"WebPage\",\"@id\":\"https:\\\/\\\/daniellebeatrizmakeup.com.br\\\/loja\\\/kit-trio-poderoso-fairy-tale-maria-margarida\\\/\",\"url\":\"https:\\\/\\\/daniellebeatrizmakeup.com.br\\\/loja\\\/kit-trio-poderoso-fairy-tale-maria-margarida\\\/\",\"name\":\"Kit Trio Poderoso Fairy Tale Maria Margarida - Loja DB Makeup\",\"isPartOf\":{\"@id\":\"https:\\\/\\\/daniellebeatrizmakeup.com.br\\\/loja\\\/#website\"},\"primaryImageOfPage\":{\"@id\":\"https:\\\/\\\/daniellebeatrizmakeup.com.br\\\/loja\\\/kit-trio-poderoso-fairy-tale-maria-margarida\\\/#primaryimage\"},\"image\":{\"@id\":\"https:\\\/\\\/daniellebeatrizmakeup.com.br\\\/loja\\\/kit-trio-poderoso-fairy-tale-maria-margarida\\\/#primaryimage\"},\"thumbnailUrl\":\"https:\\\/\\\/daniellebeatrizmakeup.com.br\\\/loja\\\/wp-content\\\/uploads\\\/2022\\\/01\\\/kit-trio-poderoso-fairy-tale-maria-margarida.jpg\",\"datePublished\":\"2022-01-09T18:54:18+00:00\",\"dateModified\":\"2024-12-03T03:00:19+00:00\",\"description\":\"O Kit Trio Poderoso Fairy Tale \u00e9 para voc\u00ea que gosta de uma maquiagem b\u00e1sica para o dia e noite, sem demandar grande conhecimento para usar.\",\"breadcrumb\":{\"@id\":\"https:\\\/\\\/daniellebeatrizmakeup.com.br\\\/loja\\\/kit-trio-poderoso-fairy-tale-maria-margarida\\\/#breadcrumb\"},\"inLanguage\":\"pt-BR\",\"potentialAction\":[{\"@type\":\"ReadAction\",\"target\":[\"https:\\\/\\\/daniellebeatrizmakeup.com.br\\\/loja\\\/kit-trio-poderoso-fairy-tale-maria-margarida\\\/\"]}]},{\"@type\":\"ImageObject\",\"inLanguage\":\"pt-BR\",\"@id\":\"https:\\\/\\\/daniellebeatrizmakeup.com.br\\\/loja\\\/kit-trio-poderoso-fairy-tale-maria-margarida\\\/#primaryimage\",\"url\":\"https:\\\/\\\/daniellebeatrizmakeup.com.br\\\/loja\\\/wp-content\\\/uploads\\\/2022\\\/01\\\/kit-trio-poderoso-fairy-tale-maria-margarida.jpg\",\"contentUrl\":\"https:\\\/\\\/daniellebeatrizmakeup.com.br\\\/loja\\\/wp-content\\\/uploads\\\/2022\\\/01\\\/kit-trio-poderoso-fairy-tale-maria-margarida.jpg\",\"width\":1080,\"height\":1080,\"caption\":\"Kit de pinc\u00e9is Trio Poderoso Fairy Tale Maria Margarida\"},{\"@type\":\"BreadcrumbList\",\"@id\":\"https:\\\/\\\/daniellebeatrizmakeup.com.br\\\/loja\\\/kit-trio-poderoso-fairy-tale-maria-margarida\\\/#breadcrumb\",\"itemListElement\":[{\"@type\":\"ListItem\",\"position\":1,\"name\":\"In\u00edcio\",\"item\":\"https:\\\/\\\/daniellebeatrizmakeup.com.br\\\/loja\\\/\"},{\"@type\":\"ListItem\",\"position\":2,\"name\":\"Todos\",\"item\":\"https:\\\/\\\/daniellebeatrizmakeup.com.br\\\/loja\\\/todos\\\/\"},{\"@type\":\"ListItem\",\"position\":3,\"name\":\"Kit Trio Poderoso Fairy Tale Maria Margarida\"}]},{\"@type\":\"WebSite\",\"@id\":\"https:\\\/\\\/daniellebeatrizmakeup.com.br\\\/loja\\\/#website\",\"url\":\"https:\\\/\\\/daniellebeatrizmakeup.com.br\\\/loja\\\/\",\"name\":\"Loja DB Makeup\",\"description\":\"A melhor loja de maquiagem para real\u00e7ar a sua beleza\",\"publisher\":{\"@id\":\"https:\\\/\\\/daniellebeatrizmakeup.com.br\\\/loja\\\/#organization\"},\"potentialAction\":[{\"@type\":\"SearchAction\",\"target\":{\"@type\":\"EntryPoint\",\"urlTemplate\":\"https:\\\/\\\/daniellebeatrizmakeup.com.br\\\/loja\\\/?s={search_term_string}\"},\"query-input\":{\"@type\":\"PropertyValueSpecification\",\"valueRequired\":true,\"valueName\":\"search_term_string\"}}],\"inLanguage\":\"pt-BR\"},{\"@type\":\"Organization\",\"@id\":\"https:\\\/\\\/daniellebeatrizmakeup.com.br\\\/loja\\\/#organization\",\"name\":\"Danielle Beatriz Makeup\",\"url\":\"https:\\\/\\\/daniellebeatrizmakeup.com.br\\\/loja\\\/\",\"logo\":{\"@type\":\"ImageObject\",\"inLanguage\":\"pt-BR\",\"@id\":\"https:\\\/\\\/daniellebeatrizmakeup.com.br\\\/loja\\\/#\\\/schema\\\/logo\\\/image\\\/\",\"url\":\"https:\\\/\\\/daniellebeatrizmakeup.com.br\\\/loja\\\/wp-content\\\/uploads\\\/2020\\\/10\\\/logo-loja-db-makeup.png\",\"contentUrl\":\"https:\\\/\\\/daniellebeatrizmakeup.com.br\\\/loja\\\/wp-content\\\/uploads\\\/2020\\\/10\\\/logo-loja-db-makeup.png\",\"width\":500,\"height\":110,\"caption\":\"Danielle Beatriz Makeup\"},\"image\":{\"@id\":\"https:\\\/\\\/daniellebeatrizmakeup.com.br\\\/loja\\\/#\\\/schema\\\/logo\\\/image\\\/\"},\"sameAs\":[\"https:\\\/\\\/www.facebook.com\\\/daniellebeatrizmakeup\",\"https:\\\/\\\/x.com\\\/danibetriz\",\"https:\\\/\\\/www.instagram.com\\\/daniellebeatrizmakeup\",\"https:\\\/\\\/pinterest.com\\\/daniellebeatrizmakeup\",\"https:\\\/\\\/www.youtube.com\\\/DanielleBeatriz\"]}]}<\/script>\n<!-- \/ Yoast SEO plugin. -->","yoast_head_json":{"title":"Kit Trio Poderoso Fairy Tale Maria Margarida - Loja DB Makeup","description":"O Kit Trio Poderoso Fairy Tale \u00e9 para voc\u00ea que gosta de uma maquiagem b\u00e1sica para o dia e noite, sem demandar grande conhecimento para usar.","robots":{"index":"index","follow":"follow","max-snippet":"max-snippet:-1","max-image-preview":"max-image-preview:large","max-video-preview":"max-video-preview:-1"},"canonical":"https:\/\/daniellebeatrizmakeup.com.br\/loja\/kit-trio-poderoso-fairy-tale-maria-margarida\/","og_locale":"pt_BR","og_type":"article","og_title":"Kit Trio Poderoso Fairy Tale Maria Margarida - Loja DB Makeup","og_description":"O Kit Trio Poderoso Fairy Tale \u00e9 para voc\u00ea que gosta de uma maquiagem b\u00e1sica para o dia e noite, sem demandar grande conhecimento para usar.","og_url":"https:\/\/daniellebeatrizmakeup.com.br\/loja\/kit-trio-poderoso-fairy-tale-maria-margarida\/","og_site_name":"Loja DB Makeup","article_publisher":"https:\/\/www.facebook.com\/daniellebeatrizmakeup","article_modified_time":"2024-12-03T03:00:19+00:00","og_image":[{"width":1080,"height":1080,"url":"https:\/\/daniellebeatrizmakeup.com.br\/loja\/wp-content\/uploads\/2022\/01\/kit-trio-poderoso-fairy-tale-maria-margarida.jpg","type":"image\/jpeg"}],"twitter_card":"summary_large_image","twitter_site":"@danibetriz","twitter_misc":{"Est. tempo de leitura":"2 minutos"},"schema":{"@context":"https:\/\/schema.org","@graph":[{"@type":"WebPage","@id":"https:\/\/daniellebeatrizmakeup.com.br\/loja\/kit-trio-poderoso-fairy-tale-maria-margarida\/","url":"https:\/\/daniellebeatrizmakeup.com.br\/loja\/kit-trio-poderoso-fairy-tale-maria-margarida\/","name":"Kit Trio Poderoso Fairy Tale Maria Margarida - Loja DB Makeup","isPartOf":{"@id":"https:\/\/daniellebeatrizmakeup.com.br\/loja\/#website"},"primaryImageOfPage":{"@id":"https:\/\/daniellebeatrizmakeup.com.br\/loja\/kit-trio-poderoso-fairy-tale-maria-margarida\/#primaryimage"},"image":{"@id":"https:\/\/daniellebeatrizmakeup.com.br\/loja\/kit-trio-poderoso-fairy-tale-maria-margarida\/#primaryimage"},"thumbnailUrl":"https:\/\/daniellebeatrizmakeup.com.br\/loja\/wp-content\/uploads\/2022\/01\/kit-trio-poderoso-fairy-tale-maria-margarida.jpg","datePublished":"2022-01-09T18:54:18+00:00","dateModified":"2024-12-03T03:00:19+00:00","description":"O Kit Trio Poderoso Fairy Tale \u00e9 para voc\u00ea que gosta de uma maquiagem b\u00e1sica para o dia e noite, sem demandar grande conhecimento para usar.","breadcrumb":{"@id":"https:\/\/daniellebeatrizmakeup.com.br\/loja\/kit-trio-poderoso-fairy-tale-maria-margarida\/#breadcrumb"},"inLanguage":"pt-BR","potentialAction":[{"@type":"ReadAction","target":["https:\/\/daniellebeatrizmakeup.com.br\/loja\/kit-trio-poderoso-fairy-tale-maria-margarida\/"]}]},{"@type":"ImageObject","inLanguage":"pt-BR","@id":"https:\/\/daniellebeatrizmakeup.com.br\/loja\/kit-trio-poderoso-fairy-tale-maria-margarida\/#primaryimage","url":"https:\/\/daniellebeatrizmakeup.com.br\/loja\/wp-content\/uploads\/2022\/01\/kit-trio-poderoso-fairy-tale-maria-margarida.jpg","contentUrl":"https:\/\/daniellebeatrizmakeup.com.br\/loja\/wp-content\/uploads\/2022\/01\/kit-trio-poderoso-fairy-tale-maria-margarida.jpg","width":1080,"height":1080,"caption":"Kit de pinc\u00e9is Trio Poderoso Fairy Tale Maria Margarida"},{"@type":"BreadcrumbList","@id":"https:\/\/daniellebeatrizmakeup.com.br\/loja\/kit-trio-poderoso-fairy-tale-maria-margarida\/#breadcrumb","itemListElement":[{"@type":"ListItem","position":1,"name":"In\u00edcio","item":"https:\/\/daniellebeatrizmakeup.com.br\/loja\/"},{"@type":"ListItem","position":2,"name":"Todos","item":"https:\/\/daniellebeatrizmakeup.com.br\/loja\/todos\/"},{"@type":"ListItem","position":3,"name":"Kit Trio Poderoso Fairy Tale Maria Margarida"}]},{"@type":"WebSite","@id":"https:\/\/daniellebeatrizmakeup.com.br\/loja\/#website","url":"https:\/\/daniellebeatrizmakeup.com.br\/loja\/","name":"Loja DB Makeup","description":"A melhor loja de maquiagem para real\u00e7ar a sua beleza","publisher":{"@id":"https:\/\/daniellebeatrizmakeup.com.br\/loja\/#organization"},"potentialAction":[{"@type":"SearchAction","target":{"@type":"EntryPoint","urlTemplate":"https:\/\/daniellebeatrizmakeup.com.br\/loja\/?s={search_term_string}"},"query-input":{"@type":"PropertyValueSpecification","valueRequired":true,"valueName":"search_term_string"}}],"inLanguage":"pt-BR"},{"@type":"Organization","@id":"https:\/\/daniellebeatrizmakeup.com.br\/loja\/#organization","name":"Danielle Beatriz Makeup","url":"https:\/\/daniellebeatrizmakeup.com.br\/loja\/","logo":{"@type":"ImageObject","inLanguage":"pt-BR","@id":"https:\/\/daniellebeatrizmakeup.com.br\/loja\/#\/schema\/logo\/image\/","url":"https:\/\/daniellebeatrizmakeup.com.br\/loja\/wp-content\/uploads\/2020\/10\/logo-loja-db-makeup.png","contentUrl":"https:\/\/daniellebeatrizmakeup.com.br\/loja\/wp-content\/uploads\/2020\/10\/logo-loja-db-makeup.png","width":500,"height":110,"caption":"Danielle Beatriz Makeup"},"image":{"@id":"https:\/\/daniellebeatrizmakeup.com.br\/loja\/#\/schema\/logo\/image\/"},"sameAs":["https:\/\/www.facebook.com\/daniellebeatrizmakeup","https:\/\/x.com\/danibetriz","https:\/\/www.instagram.com\/daniellebeatrizmakeup","https:\/\/pinterest.com\/daniellebeatrizmakeup","https:\/\/www.youtube.com\/DanielleBeatriz"]}]}},"jetpack_sharing_enabled":true,"_links":{"self":[{"href":"https:\/\/daniellebeatrizmakeup.com.br\/loja\/wp-json\/wp\/v2\/product\/46676","targetHints":{"allow":["GET"]}}],"collection":[{"href":"https:\/\/daniellebeatrizmakeup.com.br\/loja\/wp-json\/wp\/v2\/product"}],"about":[{"href":"https:\/\/daniellebeatrizmakeup.com.br\/loja\/wp-json\/wp\/v2\/types\/product"}],"replies":[{"embeddable":true,"href":"https:\/\/daniellebeatrizmakeup.com.br\/loja\/wp-json\/wp\/v2\/comments?post=46676"}],"version-history":[{"count":3,"href":"https:\/\/daniellebeatrizmakeup.com.br\/loja\/wp-json\/wp\/v2\/product\/46676\/revisions"}],"predecessor-version":[{"id":55732,"href":"https:\/\/daniellebeatrizmakeup.com.br\/loja\/wp-json\/wp\/v2\/product\/46676\/revisions\/55732"}],"wp:featuredmedia":[{"embeddable":true,"href":"https:\/\/daniellebeatrizmakeup.com.br\/loja\/wp-json\/wp\/v2\/media\/46722"}],"wp:attachment":[{"href":"https:\/\/daniellebeatrizmakeup.com.br\/loja\/wp-json\/wp\/v2\/media?parent=46676"}],"wp:term":[{"taxonomy":"product_brand","embeddable":true,"href":"https:\/\/daniellebeatrizmakeup.com.br\/loja\/wp-json\/wp\/v2\/product_brand?post=46676"},{"taxonomy":"product_cat","embeddable":true,"href":"https:\/\/daniellebeatrizmakeup.com.br\/loja\/wp-json\/wp\/v2\/product_cat?post=46676"},{"taxonomy":"product_tag","embeddable":true,"href":"https:\/\/daniellebeatrizmakeup.com.br\/loja\/wp-json\/wp\/v2\/product_tag?post=46676"},{"taxonomy":"woo-feed-brand","embeddable":true,"href":"https:\/\/daniellebeatrizmakeup.com.br\/loja\/wp-json\/wp\/v2\/woo-feed-brand?post=46676"}],"curies":[{"name":"wp","href":"https:\/\/api.w.org\/{rel}","templated":true}]}}