{"id":45083,"date":"2021-12-12T17:00:41","date_gmt":"2021-12-12T20:00:41","guid":{"rendered":"https:\/\/daniellebeatrizmakeup.com.br\/loja\/?post_type=product&#038;p=45083"},"modified":"2024-12-03T00:00:24","modified_gmt":"2024-12-03T03:00:24","slug":"pincel-boca-sem-ser-de-boca-carmen-de-queiroz","status":"publish","type":"product","link":"https:\/\/daniellebeatrizmakeup.com.br\/loja\/pincel-boca-sem-ser-de-boca-carmen-de-queiroz\/","title":{"rendered":"Pincel Boca Sem Ser de Boca Carmen de Queiroz"},"content":{"rendered":"<p><span>Com o Pincel de Boca Sem Ser de Boca da <a href=\"https:\/\/daniellebeatrizmakeup.com.br\/loja\/carmen-de-queiroz\">Carmen de Queiroz<\/a> deixa os l\u00e1bios delineados, cheios de volume, defini\u00e7\u00e3o, brilho e t\u00e3o v\u00edvidos quanto a casca de uma ma\u00e7\u00e3 vermelha. Chega de batom tremido e mal passado!<\/span><\/p>\n<p>O Pincel de Boca Sem Ser de Boca da <span><a href=\"https:\/\/www.instagram.com\/carmendequeirozmakeupstore\/\">Carmen de Queiroz<\/a><\/span> <span>seus l\u00e1bios nunca mais ser\u00e3o os mesmos! Um pincel que tem este nome porque sua fun\u00e7\u00e3o de f\u00e1brica \u00e9 a utiliza\u00e7\u00e3o de corretivos, por\u00e9m, a aplica\u00e7\u00e3o de batom mais perfeita da vida da maquiadora Carmen foi com ele. Sendo assim, este pincel se transformou no Pincel de Boca sem ser de Boca. Nunca mais voc\u00ea vai errar um batom na vida!<\/span><\/p>\n<p><strong>Informa\u00e7\u00f5es<\/strong><\/p>\n<ul>\n<li>Cerdas Sint\u00e9ticas<\/li>\n<li>Cruelty Free<\/li>\n<li>Cabo de madeira tratada banhado com 7 camadas de tinta imperme\u00e1vel e ferrolho de cobre.<\/li>\n<li>Tamanho: Comprimento total (17,2cm) Largura base cerdas (0,9cm) Comprimento cerdas (1,3cm)<\/li>\n<\/ul>\n<p><strong>Dicas de cuidados<\/strong><\/p>\n<ul>\n<li>Mantenha a <a href=\"https:\/\/www.instagram.com\/p\/Bzyvuhpgcsq\/\">higieniza\u00e7\u00e3o dos pinc\u00e9is<\/a> com produtos adequados, dessa forma as cerdas continuar\u00e3o sempre macias, livres de fungos e bact\u00e9rias.<\/li>\n<li>Com as cerdas para baixo lave com sab\u00e3o neutro, em seguida enx\u00e1gue e remova o excesso de \u00e1gua apertando com os dedos. Deixe secar na posi\u00e7\u00e3o horizontal, e evite molhar o cabo.<\/li>\n<li>O intervalo entre cada lavagem ser\u00e1 de acordo com o seu uso, se usar muito, lave com frequ\u00eancia.<\/li>\n<\/ul>\n<p>Carmen de Queiroz \u00e9 maquiadora profissional h\u00e1 mais de 15 anos e com toda a sua expertise nos atendimentos, desenvolveu sua pr\u00f3pria linha profissional para resolver seus problemas na hora de fazer a make.<\/p>\n","protected":false},"excerpt":{"rendered":"<p><span>Com o Pincel de Boca Sem Ser de Boca da <a href=\"https:\/\/daniellebeatrizmakeup.com.br\/loja\/carmen-de-queiroz\">Carmen de Queiroz<\/a> deixa os l\u00e1bios delineados, cheios de volume, defini\u00e7\u00e3o, brilho e t\u00e3o v\u00edvidos quanto a casca de uma ma\u00e7\u00e3 vermelha. Chega de batom tremido e mal passado!<\/span><\/p>\n","protected":false},"featured_media":45112,"comment_status":"open","ping_status":"closed","template":"","meta":{"_mbp_gutenberg_autopost":false},"product_brand":[],"product_cat":[559,573,313,133,311],"product_tag":[140,796,145,143,144],"woo-feed-brand":[],"class_list":{"0":"post-45083","1":"product","2":"type-product","3":"status-publish","4":"has-post-thumbnail","6":"product_cat-carmen-de-queiroz","7":"product_cat-dia-do-beijo","8":"product_cat-pincel-individual","9":"product_cat-pinceis","10":"product_cat-pincel-para-pele","11":"product_tag-acessorio","12":"product_tag-carmen-de-queiroz","13":"product_tag-maria-margarida","14":"product_tag-pincel","15":"product_tag-pincel-de-maquiagem","17":"first","18":"instock","19":"shipping-taxable","20":"purchasable","21":"product-type-simple"},"yoast_head":"<!-- This site is optimized with the Yoast SEO plugin v27.3 - https:\/\/yoast.com\/product\/yoast-seo-wordpress\/ -->\n<title>Pincel Boca Sem Ser de Boca Carmen de Queiroz - Loja DB Makeup<\/title>\n<meta name=\"description\" content=\"Pincel de Boca Sem Ser de Boca da Carmen de Queiroz deixa os l\u00e1bios delineados, com volume e defini\u00e7\u00e3o. Chega de batom tremido e mal passado!\" \/>\n<meta name=\"robots\" content=\"index, follow, max-snippet:-1, max-image-preview:large, max-video-preview:-1\" \/>\n<link rel=\"canonical\" href=\"https:\/\/daniellebeatrizmakeup.com.br\/loja\/pincel-boca-sem-ser-de-boca-carmen-de-queiroz\/\" \/>\n<meta property=\"og:locale\" content=\"pt_BR\" \/>\n<meta property=\"og:type\" content=\"article\" \/>\n<meta property=\"og:title\" content=\"Pincel Boca Sem Ser de Boca Carmen de Queiroz - Loja DB Makeup\" \/>\n<meta property=\"og:description\" content=\"Pincel de Boca Sem Ser de Boca da Carmen de Queiroz deixa os l\u00e1bios delineados, com volume e defini\u00e7\u00e3o. Chega de batom tremido e mal passado!\" \/>\n<meta property=\"og:url\" content=\"https:\/\/daniellebeatrizmakeup.com.br\/loja\/pincel-boca-sem-ser-de-boca-carmen-de-queiroz\/\" \/>\n<meta property=\"og:site_name\" content=\"Loja DB Makeup\" \/>\n<meta property=\"article:publisher\" content=\"https:\/\/www.facebook.com\/daniellebeatrizmakeup\" \/>\n<meta property=\"article:modified_time\" content=\"2024-12-03T03:00:24+00:00\" \/>\n<meta property=\"og:image\" content=\"https:\/\/daniellebeatrizmakeup.com.br\/loja\/wp-content\/uploads\/2021\/12\/pincel-de-boca-sem-ser-de-boca-carmen-de-queiroz-scaled.jpg\" \/>\n\t<meta property=\"og:image:width\" content=\"2560\" \/>\n\t<meta property=\"og:image:height\" content=\"2560\" \/>\n\t<meta property=\"og:image:type\" content=\"image\/jpeg\" \/>\n<meta name=\"twitter:card\" content=\"summary_large_image\" \/>\n<meta name=\"twitter:site\" content=\"@danibetriz\" \/>\n<meta name=\"twitter:label1\" content=\"Est. tempo de leitura\" \/>\n\t<meta name=\"twitter:data1\" content=\"2 minutos\" \/>\n<script type=\"application\/ld+json\" class=\"yoast-schema-graph\">{\"@context\":\"https:\\\/\\\/schema.org\",\"@graph\":[{\"@type\":\"WebPage\",\"@id\":\"https:\\\/\\\/daniellebeatrizmakeup.com.br\\\/loja\\\/pincel-boca-sem-ser-de-boca-carmen-de-queiroz\\\/\",\"url\":\"https:\\\/\\\/daniellebeatrizmakeup.com.br\\\/loja\\\/pincel-boca-sem-ser-de-boca-carmen-de-queiroz\\\/\",\"name\":\"Pincel Boca Sem Ser de Boca Carmen de Queiroz - Loja DB Makeup\",\"isPartOf\":{\"@id\":\"https:\\\/\\\/daniellebeatrizmakeup.com.br\\\/loja\\\/#website\"},\"primaryImageOfPage\":{\"@id\":\"https:\\\/\\\/daniellebeatrizmakeup.com.br\\\/loja\\\/pincel-boca-sem-ser-de-boca-carmen-de-queiroz\\\/#primaryimage\"},\"image\":{\"@id\":\"https:\\\/\\\/daniellebeatrizmakeup.com.br\\\/loja\\\/pincel-boca-sem-ser-de-boca-carmen-de-queiroz\\\/#primaryimage\"},\"thumbnailUrl\":\"https:\\\/\\\/daniellebeatrizmakeup.com.br\\\/loja\\\/wp-content\\\/uploads\\\/2021\\\/12\\\/pincel-de-boca-sem-ser-de-boca-carmen-de-queiroz-scaled.jpg\",\"datePublished\":\"2021-12-12T20:00:41+00:00\",\"dateModified\":\"2024-12-03T03:00:24+00:00\",\"description\":\"Pincel de Boca Sem Ser de Boca da Carmen de Queiroz deixa os l\u00e1bios delineados, com volume e defini\u00e7\u00e3o. Chega de batom tremido e mal passado!\",\"breadcrumb\":{\"@id\":\"https:\\\/\\\/daniellebeatrizmakeup.com.br\\\/loja\\\/pincel-boca-sem-ser-de-boca-carmen-de-queiroz\\\/#breadcrumb\"},\"inLanguage\":\"pt-BR\",\"potentialAction\":[{\"@type\":\"ReadAction\",\"target\":[\"https:\\\/\\\/daniellebeatrizmakeup.com.br\\\/loja\\\/pincel-boca-sem-ser-de-boca-carmen-de-queiroz\\\/\"]}]},{\"@type\":\"ImageObject\",\"inLanguage\":\"pt-BR\",\"@id\":\"https:\\\/\\\/daniellebeatrizmakeup.com.br\\\/loja\\\/pincel-boca-sem-ser-de-boca-carmen-de-queiroz\\\/#primaryimage\",\"url\":\"https:\\\/\\\/daniellebeatrizmakeup.com.br\\\/loja\\\/wp-content\\\/uploads\\\/2021\\\/12\\\/pincel-de-boca-sem-ser-de-boca-carmen-de-queiroz-scaled.jpg\",\"contentUrl\":\"https:\\\/\\\/daniellebeatrizmakeup.com.br\\\/loja\\\/wp-content\\\/uploads\\\/2021\\\/12\\\/pincel-de-boca-sem-ser-de-boca-carmen-de-queiroz-scaled.jpg\",\"width\":2560,\"height\":2560,\"caption\":\"Pincel de Boca sem ser de Boca Carmen de Queiroz\"},{\"@type\":\"BreadcrumbList\",\"@id\":\"https:\\\/\\\/daniellebeatrizmakeup.com.br\\\/loja\\\/pincel-boca-sem-ser-de-boca-carmen-de-queiroz\\\/#breadcrumb\",\"itemListElement\":[{\"@type\":\"ListItem\",\"position\":1,\"name\":\"In\u00edcio\",\"item\":\"https:\\\/\\\/daniellebeatrizmakeup.com.br\\\/loja\\\/\"},{\"@type\":\"ListItem\",\"position\":2,\"name\":\"Todos\",\"item\":\"https:\\\/\\\/daniellebeatrizmakeup.com.br\\\/loja\\\/todos\\\/\"},{\"@type\":\"ListItem\",\"position\":3,\"name\":\"Pincel Boca Sem Ser de Boca Carmen de Queiroz\"}]},{\"@type\":\"WebSite\",\"@id\":\"https:\\\/\\\/daniellebeatrizmakeup.com.br\\\/loja\\\/#website\",\"url\":\"https:\\\/\\\/daniellebeatrizmakeup.com.br\\\/loja\\\/\",\"name\":\"Loja DB Makeup\",\"description\":\"A melhor loja de maquiagem para real\u00e7ar a sua beleza\",\"publisher\":{\"@id\":\"https:\\\/\\\/daniellebeatrizmakeup.com.br\\\/loja\\\/#organization\"},\"potentialAction\":[{\"@type\":\"SearchAction\",\"target\":{\"@type\":\"EntryPoint\",\"urlTemplate\":\"https:\\\/\\\/daniellebeatrizmakeup.com.br\\\/loja\\\/?s={search_term_string}\"},\"query-input\":{\"@type\":\"PropertyValueSpecification\",\"valueRequired\":true,\"valueName\":\"search_term_string\"}}],\"inLanguage\":\"pt-BR\"},{\"@type\":\"Organization\",\"@id\":\"https:\\\/\\\/daniellebeatrizmakeup.com.br\\\/loja\\\/#organization\",\"name\":\"Danielle Beatriz Makeup\",\"url\":\"https:\\\/\\\/daniellebeatrizmakeup.com.br\\\/loja\\\/\",\"logo\":{\"@type\":\"ImageObject\",\"inLanguage\":\"pt-BR\",\"@id\":\"https:\\\/\\\/daniellebeatrizmakeup.com.br\\\/loja\\\/#\\\/schema\\\/logo\\\/image\\\/\",\"url\":\"https:\\\/\\\/daniellebeatrizmakeup.com.br\\\/loja\\\/wp-content\\\/uploads\\\/2020\\\/10\\\/logo-loja-db-makeup.png\",\"contentUrl\":\"https:\\\/\\\/daniellebeatrizmakeup.com.br\\\/loja\\\/wp-content\\\/uploads\\\/2020\\\/10\\\/logo-loja-db-makeup.png\",\"width\":500,\"height\":110,\"caption\":\"Danielle Beatriz Makeup\"},\"image\":{\"@id\":\"https:\\\/\\\/daniellebeatrizmakeup.com.br\\\/loja\\\/#\\\/schema\\\/logo\\\/image\\\/\"},\"sameAs\":[\"https:\\\/\\\/www.facebook.com\\\/daniellebeatrizmakeup\",\"https:\\\/\\\/x.com\\\/danibetriz\",\"https:\\\/\\\/www.instagram.com\\\/daniellebeatrizmakeup\",\"https:\\\/\\\/pinterest.com\\\/daniellebeatrizmakeup\",\"https:\\\/\\\/www.youtube.com\\\/DanielleBeatriz\"]}]}<\/script>\n<!-- \/ Yoast SEO plugin. -->","yoast_head_json":{"title":"Pincel Boca Sem Ser de Boca Carmen de Queiroz - Loja DB Makeup","description":"Pincel de Boca Sem Ser de Boca da Carmen de Queiroz deixa os l\u00e1bios delineados, com volume e defini\u00e7\u00e3o. Chega de batom tremido e mal passado!","robots":{"index":"index","follow":"follow","max-snippet":"max-snippet:-1","max-image-preview":"max-image-preview:large","max-video-preview":"max-video-preview:-1"},"canonical":"https:\/\/daniellebeatrizmakeup.com.br\/loja\/pincel-boca-sem-ser-de-boca-carmen-de-queiroz\/","og_locale":"pt_BR","og_type":"article","og_title":"Pincel Boca Sem Ser de Boca Carmen de Queiroz - Loja DB Makeup","og_description":"Pincel de Boca Sem Ser de Boca da Carmen de Queiroz deixa os l\u00e1bios delineados, com volume e defini\u00e7\u00e3o. Chega de batom tremido e mal passado!","og_url":"https:\/\/daniellebeatrizmakeup.com.br\/loja\/pincel-boca-sem-ser-de-boca-carmen-de-queiroz\/","og_site_name":"Loja DB Makeup","article_publisher":"https:\/\/www.facebook.com\/daniellebeatrizmakeup","article_modified_time":"2024-12-03T03:00:24+00:00","og_image":[{"width":2560,"height":2560,"url":"https:\/\/daniellebeatrizmakeup.com.br\/loja\/wp-content\/uploads\/2021\/12\/pincel-de-boca-sem-ser-de-boca-carmen-de-queiroz-scaled.jpg","type":"image\/jpeg"}],"twitter_card":"summary_large_image","twitter_site":"@danibetriz","twitter_misc":{"Est. tempo de leitura":"2 minutos"},"schema":{"@context":"https:\/\/schema.org","@graph":[{"@type":"WebPage","@id":"https:\/\/daniellebeatrizmakeup.com.br\/loja\/pincel-boca-sem-ser-de-boca-carmen-de-queiroz\/","url":"https:\/\/daniellebeatrizmakeup.com.br\/loja\/pincel-boca-sem-ser-de-boca-carmen-de-queiroz\/","name":"Pincel Boca Sem Ser de Boca Carmen de Queiroz - Loja DB Makeup","isPartOf":{"@id":"https:\/\/daniellebeatrizmakeup.com.br\/loja\/#website"},"primaryImageOfPage":{"@id":"https:\/\/daniellebeatrizmakeup.com.br\/loja\/pincel-boca-sem-ser-de-boca-carmen-de-queiroz\/#primaryimage"},"image":{"@id":"https:\/\/daniellebeatrizmakeup.com.br\/loja\/pincel-boca-sem-ser-de-boca-carmen-de-queiroz\/#primaryimage"},"thumbnailUrl":"https:\/\/daniellebeatrizmakeup.com.br\/loja\/wp-content\/uploads\/2021\/12\/pincel-de-boca-sem-ser-de-boca-carmen-de-queiroz-scaled.jpg","datePublished":"2021-12-12T20:00:41+00:00","dateModified":"2024-12-03T03:00:24+00:00","description":"Pincel de Boca Sem Ser de Boca da Carmen de Queiroz deixa os l\u00e1bios delineados, com volume e defini\u00e7\u00e3o. Chega de batom tremido e mal passado!","breadcrumb":{"@id":"https:\/\/daniellebeatrizmakeup.com.br\/loja\/pincel-boca-sem-ser-de-boca-carmen-de-queiroz\/#breadcrumb"},"inLanguage":"pt-BR","potentialAction":[{"@type":"ReadAction","target":["https:\/\/daniellebeatrizmakeup.com.br\/loja\/pincel-boca-sem-ser-de-boca-carmen-de-queiroz\/"]}]},{"@type":"ImageObject","inLanguage":"pt-BR","@id":"https:\/\/daniellebeatrizmakeup.com.br\/loja\/pincel-boca-sem-ser-de-boca-carmen-de-queiroz\/#primaryimage","url":"https:\/\/daniellebeatrizmakeup.com.br\/loja\/wp-content\/uploads\/2021\/12\/pincel-de-boca-sem-ser-de-boca-carmen-de-queiroz-scaled.jpg","contentUrl":"https:\/\/daniellebeatrizmakeup.com.br\/loja\/wp-content\/uploads\/2021\/12\/pincel-de-boca-sem-ser-de-boca-carmen-de-queiroz-scaled.jpg","width":2560,"height":2560,"caption":"Pincel de Boca sem ser de Boca Carmen de Queiroz"},{"@type":"BreadcrumbList","@id":"https:\/\/daniellebeatrizmakeup.com.br\/loja\/pincel-boca-sem-ser-de-boca-carmen-de-queiroz\/#breadcrumb","itemListElement":[{"@type":"ListItem","position":1,"name":"In\u00edcio","item":"https:\/\/daniellebeatrizmakeup.com.br\/loja\/"},{"@type":"ListItem","position":2,"name":"Todos","item":"https:\/\/daniellebeatrizmakeup.com.br\/loja\/todos\/"},{"@type":"ListItem","position":3,"name":"Pincel Boca Sem Ser de Boca Carmen de Queiroz"}]},{"@type":"WebSite","@id":"https:\/\/daniellebeatrizmakeup.com.br\/loja\/#website","url":"https:\/\/daniellebeatrizmakeup.com.br\/loja\/","name":"Loja DB Makeup","description":"A melhor loja de maquiagem para real\u00e7ar a sua beleza","publisher":{"@id":"https:\/\/daniellebeatrizmakeup.com.br\/loja\/#organization"},"potentialAction":[{"@type":"SearchAction","target":{"@type":"EntryPoint","urlTemplate":"https:\/\/daniellebeatrizmakeup.com.br\/loja\/?s={search_term_string}"},"query-input":{"@type":"PropertyValueSpecification","valueRequired":true,"valueName":"search_term_string"}}],"inLanguage":"pt-BR"},{"@type":"Organization","@id":"https:\/\/daniellebeatrizmakeup.com.br\/loja\/#organization","name":"Danielle Beatriz Makeup","url":"https:\/\/daniellebeatrizmakeup.com.br\/loja\/","logo":{"@type":"ImageObject","inLanguage":"pt-BR","@id":"https:\/\/daniellebeatrizmakeup.com.br\/loja\/#\/schema\/logo\/image\/","url":"https:\/\/daniellebeatrizmakeup.com.br\/loja\/wp-content\/uploads\/2020\/10\/logo-loja-db-makeup.png","contentUrl":"https:\/\/daniellebeatrizmakeup.com.br\/loja\/wp-content\/uploads\/2020\/10\/logo-loja-db-makeup.png","width":500,"height":110,"caption":"Danielle Beatriz Makeup"},"image":{"@id":"https:\/\/daniellebeatrizmakeup.com.br\/loja\/#\/schema\/logo\/image\/"},"sameAs":["https:\/\/www.facebook.com\/daniellebeatrizmakeup","https:\/\/x.com\/danibetriz","https:\/\/www.instagram.com\/daniellebeatrizmakeup","https:\/\/pinterest.com\/daniellebeatrizmakeup","https:\/\/www.youtube.com\/DanielleBeatriz"]}]}},"jetpack_sharing_enabled":true,"_links":{"self":[{"href":"https:\/\/daniellebeatrizmakeup.com.br\/loja\/wp-json\/wp\/v2\/product\/45083","targetHints":{"allow":["GET"]}}],"collection":[{"href":"https:\/\/daniellebeatrizmakeup.com.br\/loja\/wp-json\/wp\/v2\/product"}],"about":[{"href":"https:\/\/daniellebeatrizmakeup.com.br\/loja\/wp-json\/wp\/v2\/types\/product"}],"replies":[{"embeddable":true,"href":"https:\/\/daniellebeatrizmakeup.com.br\/loja\/wp-json\/wp\/v2\/comments?post=45083"}],"version-history":[{"count":1,"href":"https:\/\/daniellebeatrizmakeup.com.br\/loja\/wp-json\/wp\/v2\/product\/45083\/revisions"}],"predecessor-version":[{"id":50629,"href":"https:\/\/daniellebeatrizmakeup.com.br\/loja\/wp-json\/wp\/v2\/product\/45083\/revisions\/50629"}],"wp:featuredmedia":[{"embeddable":true,"href":"https:\/\/daniellebeatrizmakeup.com.br\/loja\/wp-json\/wp\/v2\/media\/45112"}],"wp:attachment":[{"href":"https:\/\/daniellebeatrizmakeup.com.br\/loja\/wp-json\/wp\/v2\/media?parent=45083"}],"wp:term":[{"taxonomy":"product_brand","embeddable":true,"href":"https:\/\/daniellebeatrizmakeup.com.br\/loja\/wp-json\/wp\/v2\/product_brand?post=45083"},{"taxonomy":"product_cat","embeddable":true,"href":"https:\/\/daniellebeatrizmakeup.com.br\/loja\/wp-json\/wp\/v2\/product_cat?post=45083"},{"taxonomy":"product_tag","embeddable":true,"href":"https:\/\/daniellebeatrizmakeup.com.br\/loja\/wp-json\/wp\/v2\/product_tag?post=45083"},{"taxonomy":"woo-feed-brand","embeddable":true,"href":"https:\/\/daniellebeatrizmakeup.com.br\/loja\/wp-json\/wp\/v2\/woo-feed-brand?post=45083"}],"curies":[{"name":"wp","href":"https:\/\/api.w.org\/{rel}","templated":true}]}}