{"id":39987,"date":"2021-10-24T20:18:09","date_gmt":"2021-10-24T23:18:09","guid":{"rendered":"https:\/\/daniellebeatrizmakeup.com.br\/loja\/caneta-delineadora-magica-adesiva-para-cilios-posticos\/"},"modified":"2026-04-05T16:27:36","modified_gmt":"2026-04-05T19:27:36","slug":"caneta-delineadora-magica-adesiva-para-cilios-posticos","status":"publish","type":"product","link":"https:\/\/daniellebeatrizmakeup.com.br\/loja\/caneta-delineadora-magica-adesiva-para-cilios-posticos\/","title":{"rendered":"Caneta Delineadora Adesiva para C\u00edlios Posti\u00e7os"},"content":{"rendered":"<p>Caneta Delineadora Adesiva para <a href=\"https:\/\/daniellebeatrizmakeup.com.br\/loja\/cilios-posticos\/\">C\u00edlios Posti\u00e7os<\/a> \u00e9 o que voc\u00ea precisa no dia-a-dia! Ela \u00e9 uma caneta delineadora que ao passar, gruda os <a href=\"https:\/\/www.instagram.com\/p\/CJHyBlpBrQ5\/?utm_source=ig_web_copy_link\">c\u00edlios posti\u00e7os<\/a>. Por ser adesiva, al\u00e9m de ficar com aquele delineado babado, como m\u00e1gica voc\u00ea j\u00e1 cola aqueles c\u00edlios bem maravilhosos. Tem \u00f3tima pigmenta\u00e7\u00e3o e uma fixa\u00e7\u00e3o \u00f3tima. Sua embalagem \u00e9 linda, em dourado com pedraria multicor puxado para o laranja.<\/p>\n<p>Benef\u00edcios da Caneta Delineadora Adevisa para C\u00edlios Posti\u00e7os<\/p>\n<p>&#8211; N\u00e3o precisa de cola;<\/p>\n<p>&#8211; N\u00e3o \u00e9 magn\u00e9tica;<\/p>\n<p>&#8211; Compat\u00edvel com todos os c\u00edlios posti\u00e7os;<\/p>\n<p>&#8211; Resistente a \u00e1gua e vento;<\/p>\n<p>&#8211; F\u00e1cil de aplicar;<\/p>\n<p>&#8211; Aumenta a vida \u00fatil dos c\u00edlios posti\u00e7os;<\/p>\n<p>&#8211; Rapidez e agilidade na coloca\u00e7\u00e3o;<\/p>\n<p>&#8211; Longa dura\u00e7\u00e3o e fixa\u00e7\u00e3o;<\/p>\n<p>&#8211; N\u00e3o borra e n\u00e3o escorre;<\/p>\n<p>&#8211; Ponta fina e precisa.<\/p>\n<p>Modo de usar:<\/p>\n<p>Agite 5 vezes antes de usar. Aplique sobre as p\u00e1lpebras junto \u00e0 linha dos c\u00edlios, de dentro para fora. Cole os c\u00edlios posti\u00e7os rente ao delineado, e pronto, olhos fabulosos.<\/p>\n<p>Especifica\u00e7\u00f5es:<\/p>\n<p>Cor: Preto<\/p>\n<p>Dimens\u00f5es do produto (unit\u00e1rio): 13,7cm de altura; 1,0cm de largura.<\/p>\n","protected":false},"excerpt":{"rendered":"<p>Caneta Delineadora Adesiva para C\u00edlios Posti\u00e7os \u00e9 o que voc\u00ea precisa no dia-a-dia! Ela \u00e9 uma caneta delineadora que ao passar, gruda os c\u00edlios posti\u00e7os. Por ser adesiva, al\u00e9m de ficar com aquele delineado babado, como m\u00e1gica voc\u00ea j\u00e1 cola aqueles c\u00edlios bem maravilhosos.<\/p>\n","protected":false},"featured_media":40757,"comment_status":"open","ping_status":"closed","template":"","meta":{"_mbp_gutenberg_autopost":false},"product_brand":[],"product_cat":[112,163,79,720],"product_tag":[],"woo-feed-brand":[],"class_list":{"0":"post-39987","1":"product","2":"type-product","3":"status-publish","4":"has-post-thumbnail","6":"product_cat-cilios-posticos","7":"product_cat-delineador","8":"product_cat-olhos","9":"product_cat-selecao-verde-e-amarela","11":"first","12":"outofstock","13":"sale","14":"shipping-taxable","15":"purchasable","16":"product-type-simple"},"yoast_head":"<!-- This site is optimized with the Yoast SEO plugin v27.3 - https:\/\/yoast.com\/product\/yoast-seo-wordpress\/ -->\n<title>Caneta Delineadora Adesiva para C\u00edlios Posti\u00e7os - Loja DB Makeup<\/title>\n<meta name=\"description\" content=\"Caneta Delineadora Adesiva de C\u00edlios Posti\u00e7os que por ser adesiva, al\u00e9m de ficar com aquele delineado babado, j\u00e1 cola os c\u00edlios.\" \/>\n<meta name=\"robots\" content=\"index, follow, max-snippet:-1, max-image-preview:large, max-video-preview:-1\" \/>\n<link rel=\"canonical\" href=\"https:\/\/daniellebeatrizmakeup.com.br\/loja\/caneta-delineadora-magica-adesiva-para-cilios-posticos\/\" \/>\n<meta property=\"og:locale\" content=\"pt_BR\" \/>\n<meta property=\"og:type\" content=\"article\" \/>\n<meta property=\"og:title\" content=\"Caneta Delineadora Adesiva para C\u00edlios Posti\u00e7os - Loja DB Makeup\" \/>\n<meta property=\"og:description\" content=\"Caneta Delineadora Adesiva de C\u00edlios Posti\u00e7os que por ser adesiva, al\u00e9m de ficar com aquele delineado babado, j\u00e1 cola os c\u00edlios.\" \/>\n<meta property=\"og:url\" content=\"https:\/\/daniellebeatrizmakeup.com.br\/loja\/caneta-delineadora-magica-adesiva-para-cilios-posticos\/\" \/>\n<meta property=\"og:site_name\" content=\"Loja DB Makeup\" \/>\n<meta property=\"article:publisher\" content=\"https:\/\/www.facebook.com\/daniellebeatrizmakeup\" \/>\n<meta property=\"article:modified_time\" content=\"2026-04-05T19:27:36+00:00\" \/>\n<meta property=\"og:image\" content=\"https:\/\/daniellebeatrizmakeup.com.br\/loja\/wp-content\/uploads\/2020\/07\/caneta-delineadora-magica-adesiva-para-cilios-posticos-1-scaled.jpg\" \/>\n\t<meta property=\"og:image:width\" content=\"2560\" \/>\n\t<meta property=\"og:image:height\" content=\"2560\" \/>\n\t<meta property=\"og:image:type\" content=\"image\/jpeg\" \/>\n<meta name=\"twitter:card\" content=\"summary_large_image\" \/>\n<meta name=\"twitter:site\" content=\"@danibetriz\" \/>\n<meta name=\"twitter:label1\" content=\"Est. tempo de leitura\" \/>\n\t<meta name=\"twitter:data1\" content=\"1 minuto\" \/>\n<script type=\"application\/ld+json\" class=\"yoast-schema-graph\">{\"@context\":\"https:\\\/\\\/schema.org\",\"@graph\":[{\"@type\":\"WebPage\",\"@id\":\"https:\\\/\\\/daniellebeatrizmakeup.com.br\\\/loja\\\/caneta-delineadora-magica-adesiva-para-cilios-posticos\\\/\",\"url\":\"https:\\\/\\\/daniellebeatrizmakeup.com.br\\\/loja\\\/caneta-delineadora-magica-adesiva-para-cilios-posticos\\\/\",\"name\":\"Caneta Delineadora Adesiva para C\u00edlios Posti\u00e7os - Loja DB Makeup\",\"isPartOf\":{\"@id\":\"https:\\\/\\\/daniellebeatrizmakeup.com.br\\\/loja\\\/#website\"},\"primaryImageOfPage\":{\"@id\":\"https:\\\/\\\/daniellebeatrizmakeup.com.br\\\/loja\\\/caneta-delineadora-magica-adesiva-para-cilios-posticos\\\/#primaryimage\"},\"image\":{\"@id\":\"https:\\\/\\\/daniellebeatrizmakeup.com.br\\\/loja\\\/caneta-delineadora-magica-adesiva-para-cilios-posticos\\\/#primaryimage\"},\"thumbnailUrl\":\"https:\\\/\\\/daniellebeatrizmakeup.com.br\\\/loja\\\/wp-content\\\/uploads\\\/2020\\\/07\\\/caneta-delineadora-magica-adesiva-para-cilios-posticos-1-scaled.jpg\",\"datePublished\":\"2021-10-24T23:18:09+00:00\",\"dateModified\":\"2026-04-05T19:27:36+00:00\",\"description\":\"Caneta Delineadora Adesiva de C\u00edlios Posti\u00e7os que por ser adesiva, al\u00e9m de ficar com aquele delineado babado, j\u00e1 cola os c\u00edlios.\",\"breadcrumb\":{\"@id\":\"https:\\\/\\\/daniellebeatrizmakeup.com.br\\\/loja\\\/caneta-delineadora-magica-adesiva-para-cilios-posticos\\\/#breadcrumb\"},\"inLanguage\":\"pt-BR\",\"potentialAction\":[{\"@type\":\"ReadAction\",\"target\":[\"https:\\\/\\\/daniellebeatrizmakeup.com.br\\\/loja\\\/caneta-delineadora-magica-adesiva-para-cilios-posticos\\\/\"]}]},{\"@type\":\"ImageObject\",\"inLanguage\":\"pt-BR\",\"@id\":\"https:\\\/\\\/daniellebeatrizmakeup.com.br\\\/loja\\\/caneta-delineadora-magica-adesiva-para-cilios-posticos\\\/#primaryimage\",\"url\":\"https:\\\/\\\/daniellebeatrizmakeup.com.br\\\/loja\\\/wp-content\\\/uploads\\\/2020\\\/07\\\/caneta-delineadora-magica-adesiva-para-cilios-posticos-1-scaled.jpg\",\"contentUrl\":\"https:\\\/\\\/daniellebeatrizmakeup.com.br\\\/loja\\\/wp-content\\\/uploads\\\/2020\\\/07\\\/caneta-delineadora-magica-adesiva-para-cilios-posticos-1-scaled.jpg\",\"width\":2560,\"height\":2560,\"caption\":\"Caneta Delineadora M\u00e1gica Adesiva para C\u00edlios Posti\u00e7os\"},{\"@type\":\"BreadcrumbList\",\"@id\":\"https:\\\/\\\/daniellebeatrizmakeup.com.br\\\/loja\\\/caneta-delineadora-magica-adesiva-para-cilios-posticos\\\/#breadcrumb\",\"itemListElement\":[{\"@type\":\"ListItem\",\"position\":1,\"name\":\"In\u00edcio\",\"item\":\"https:\\\/\\\/daniellebeatrizmakeup.com.br\\\/loja\\\/\"},{\"@type\":\"ListItem\",\"position\":2,\"name\":\"Todos\",\"item\":\"https:\\\/\\\/daniellebeatrizmakeup.com.br\\\/loja\\\/todos\\\/\"},{\"@type\":\"ListItem\",\"position\":3,\"name\":\"Caneta Delineadora Adesiva para C\u00edlios Posti\u00e7os\"}]},{\"@type\":\"WebSite\",\"@id\":\"https:\\\/\\\/daniellebeatrizmakeup.com.br\\\/loja\\\/#website\",\"url\":\"https:\\\/\\\/daniellebeatrizmakeup.com.br\\\/loja\\\/\",\"name\":\"Loja DB Makeup\",\"description\":\"A melhor loja de maquiagem para real\u00e7ar a sua beleza\",\"publisher\":{\"@id\":\"https:\\\/\\\/daniellebeatrizmakeup.com.br\\\/loja\\\/#organization\"},\"potentialAction\":[{\"@type\":\"SearchAction\",\"target\":{\"@type\":\"EntryPoint\",\"urlTemplate\":\"https:\\\/\\\/daniellebeatrizmakeup.com.br\\\/loja\\\/?s={search_term_string}\"},\"query-input\":{\"@type\":\"PropertyValueSpecification\",\"valueRequired\":true,\"valueName\":\"search_term_string\"}}],\"inLanguage\":\"pt-BR\"},{\"@type\":\"Organization\",\"@id\":\"https:\\\/\\\/daniellebeatrizmakeup.com.br\\\/loja\\\/#organization\",\"name\":\"Danielle Beatriz Makeup\",\"url\":\"https:\\\/\\\/daniellebeatrizmakeup.com.br\\\/loja\\\/\",\"logo\":{\"@type\":\"ImageObject\",\"inLanguage\":\"pt-BR\",\"@id\":\"https:\\\/\\\/daniellebeatrizmakeup.com.br\\\/loja\\\/#\\\/schema\\\/logo\\\/image\\\/\",\"url\":\"https:\\\/\\\/daniellebeatrizmakeup.com.br\\\/loja\\\/wp-content\\\/uploads\\\/2020\\\/10\\\/logo-loja-db-makeup.png\",\"contentUrl\":\"https:\\\/\\\/daniellebeatrizmakeup.com.br\\\/loja\\\/wp-content\\\/uploads\\\/2020\\\/10\\\/logo-loja-db-makeup.png\",\"width\":500,\"height\":110,\"caption\":\"Danielle Beatriz Makeup\"},\"image\":{\"@id\":\"https:\\\/\\\/daniellebeatrizmakeup.com.br\\\/loja\\\/#\\\/schema\\\/logo\\\/image\\\/\"},\"sameAs\":[\"https:\\\/\\\/www.facebook.com\\\/daniellebeatrizmakeup\",\"https:\\\/\\\/x.com\\\/danibetriz\",\"https:\\\/\\\/www.instagram.com\\\/daniellebeatrizmakeup\",\"https:\\\/\\\/pinterest.com\\\/daniellebeatrizmakeup\",\"https:\\\/\\\/www.youtube.com\\\/DanielleBeatriz\"]}]}<\/script>\n<!-- \/ Yoast SEO plugin. -->","yoast_head_json":{"title":"Caneta Delineadora Adesiva para C\u00edlios Posti\u00e7os - Loja DB Makeup","description":"Caneta Delineadora Adesiva de C\u00edlios Posti\u00e7os que por ser adesiva, al\u00e9m de ficar com aquele delineado babado, j\u00e1 cola os c\u00edlios.","robots":{"index":"index","follow":"follow","max-snippet":"max-snippet:-1","max-image-preview":"max-image-preview:large","max-video-preview":"max-video-preview:-1"},"canonical":"https:\/\/daniellebeatrizmakeup.com.br\/loja\/caneta-delineadora-magica-adesiva-para-cilios-posticos\/","og_locale":"pt_BR","og_type":"article","og_title":"Caneta Delineadora Adesiva para C\u00edlios Posti\u00e7os - Loja DB Makeup","og_description":"Caneta Delineadora Adesiva de C\u00edlios Posti\u00e7os que por ser adesiva, al\u00e9m de ficar com aquele delineado babado, j\u00e1 cola os c\u00edlios.","og_url":"https:\/\/daniellebeatrizmakeup.com.br\/loja\/caneta-delineadora-magica-adesiva-para-cilios-posticos\/","og_site_name":"Loja DB Makeup","article_publisher":"https:\/\/www.facebook.com\/daniellebeatrizmakeup","article_modified_time":"2026-04-05T19:27:36+00:00","og_image":[{"width":2560,"height":2560,"url":"https:\/\/daniellebeatrizmakeup.com.br\/loja\/wp-content\/uploads\/2020\/07\/caneta-delineadora-magica-adesiva-para-cilios-posticos-1-scaled.jpg","type":"image\/jpeg"}],"twitter_card":"summary_large_image","twitter_site":"@danibetriz","twitter_misc":{"Est. tempo de leitura":"1 minuto"},"schema":{"@context":"https:\/\/schema.org","@graph":[{"@type":"WebPage","@id":"https:\/\/daniellebeatrizmakeup.com.br\/loja\/caneta-delineadora-magica-adesiva-para-cilios-posticos\/","url":"https:\/\/daniellebeatrizmakeup.com.br\/loja\/caneta-delineadora-magica-adesiva-para-cilios-posticos\/","name":"Caneta Delineadora Adesiva para C\u00edlios Posti\u00e7os - Loja DB Makeup","isPartOf":{"@id":"https:\/\/daniellebeatrizmakeup.com.br\/loja\/#website"},"primaryImageOfPage":{"@id":"https:\/\/daniellebeatrizmakeup.com.br\/loja\/caneta-delineadora-magica-adesiva-para-cilios-posticos\/#primaryimage"},"image":{"@id":"https:\/\/daniellebeatrizmakeup.com.br\/loja\/caneta-delineadora-magica-adesiva-para-cilios-posticos\/#primaryimage"},"thumbnailUrl":"https:\/\/daniellebeatrizmakeup.com.br\/loja\/wp-content\/uploads\/2020\/07\/caneta-delineadora-magica-adesiva-para-cilios-posticos-1-scaled.jpg","datePublished":"2021-10-24T23:18:09+00:00","dateModified":"2026-04-05T19:27:36+00:00","description":"Caneta Delineadora Adesiva de C\u00edlios Posti\u00e7os que por ser adesiva, al\u00e9m de ficar com aquele delineado babado, j\u00e1 cola os c\u00edlios.","breadcrumb":{"@id":"https:\/\/daniellebeatrizmakeup.com.br\/loja\/caneta-delineadora-magica-adesiva-para-cilios-posticos\/#breadcrumb"},"inLanguage":"pt-BR","potentialAction":[{"@type":"ReadAction","target":["https:\/\/daniellebeatrizmakeup.com.br\/loja\/caneta-delineadora-magica-adesiva-para-cilios-posticos\/"]}]},{"@type":"ImageObject","inLanguage":"pt-BR","@id":"https:\/\/daniellebeatrizmakeup.com.br\/loja\/caneta-delineadora-magica-adesiva-para-cilios-posticos\/#primaryimage","url":"https:\/\/daniellebeatrizmakeup.com.br\/loja\/wp-content\/uploads\/2020\/07\/caneta-delineadora-magica-adesiva-para-cilios-posticos-1-scaled.jpg","contentUrl":"https:\/\/daniellebeatrizmakeup.com.br\/loja\/wp-content\/uploads\/2020\/07\/caneta-delineadora-magica-adesiva-para-cilios-posticos-1-scaled.jpg","width":2560,"height":2560,"caption":"Caneta Delineadora M\u00e1gica Adesiva para C\u00edlios Posti\u00e7os"},{"@type":"BreadcrumbList","@id":"https:\/\/daniellebeatrizmakeup.com.br\/loja\/caneta-delineadora-magica-adesiva-para-cilios-posticos\/#breadcrumb","itemListElement":[{"@type":"ListItem","position":1,"name":"In\u00edcio","item":"https:\/\/daniellebeatrizmakeup.com.br\/loja\/"},{"@type":"ListItem","position":2,"name":"Todos","item":"https:\/\/daniellebeatrizmakeup.com.br\/loja\/todos\/"},{"@type":"ListItem","position":3,"name":"Caneta Delineadora Adesiva para C\u00edlios Posti\u00e7os"}]},{"@type":"WebSite","@id":"https:\/\/daniellebeatrizmakeup.com.br\/loja\/#website","url":"https:\/\/daniellebeatrizmakeup.com.br\/loja\/","name":"Loja DB Makeup","description":"A melhor loja de maquiagem para real\u00e7ar a sua beleza","publisher":{"@id":"https:\/\/daniellebeatrizmakeup.com.br\/loja\/#organization"},"potentialAction":[{"@type":"SearchAction","target":{"@type":"EntryPoint","urlTemplate":"https:\/\/daniellebeatrizmakeup.com.br\/loja\/?s={search_term_string}"},"query-input":{"@type":"PropertyValueSpecification","valueRequired":true,"valueName":"search_term_string"}}],"inLanguage":"pt-BR"},{"@type":"Organization","@id":"https:\/\/daniellebeatrizmakeup.com.br\/loja\/#organization","name":"Danielle Beatriz Makeup","url":"https:\/\/daniellebeatrizmakeup.com.br\/loja\/","logo":{"@type":"ImageObject","inLanguage":"pt-BR","@id":"https:\/\/daniellebeatrizmakeup.com.br\/loja\/#\/schema\/logo\/image\/","url":"https:\/\/daniellebeatrizmakeup.com.br\/loja\/wp-content\/uploads\/2020\/10\/logo-loja-db-makeup.png","contentUrl":"https:\/\/daniellebeatrizmakeup.com.br\/loja\/wp-content\/uploads\/2020\/10\/logo-loja-db-makeup.png","width":500,"height":110,"caption":"Danielle Beatriz Makeup"},"image":{"@id":"https:\/\/daniellebeatrizmakeup.com.br\/loja\/#\/schema\/logo\/image\/"},"sameAs":["https:\/\/www.facebook.com\/daniellebeatrizmakeup","https:\/\/x.com\/danibetriz","https:\/\/www.instagram.com\/daniellebeatrizmakeup","https:\/\/pinterest.com\/daniellebeatrizmakeup","https:\/\/www.youtube.com\/DanielleBeatriz"]}]}},"jetpack_sharing_enabled":true,"_links":{"self":[{"href":"https:\/\/daniellebeatrizmakeup.com.br\/loja\/wp-json\/wp\/v2\/product\/39987","targetHints":{"allow":["GET"]}}],"collection":[{"href":"https:\/\/daniellebeatrizmakeup.com.br\/loja\/wp-json\/wp\/v2\/product"}],"about":[{"href":"https:\/\/daniellebeatrizmakeup.com.br\/loja\/wp-json\/wp\/v2\/types\/product"}],"replies":[{"embeddable":true,"href":"https:\/\/daniellebeatrizmakeup.com.br\/loja\/wp-json\/wp\/v2\/comments?post=39987"}],"version-history":[{"count":5,"href":"https:\/\/daniellebeatrizmakeup.com.br\/loja\/wp-json\/wp\/v2\/product\/39987\/revisions"}],"predecessor-version":[{"id":56809,"href":"https:\/\/daniellebeatrizmakeup.com.br\/loja\/wp-json\/wp\/v2\/product\/39987\/revisions\/56809"}],"wp:featuredmedia":[{"embeddable":true,"href":"https:\/\/daniellebeatrizmakeup.com.br\/loja\/wp-json\/wp\/v2\/media\/40757"}],"wp:attachment":[{"href":"https:\/\/daniellebeatrizmakeup.com.br\/loja\/wp-json\/wp\/v2\/media?parent=39987"}],"wp:term":[{"taxonomy":"product_brand","embeddable":true,"href":"https:\/\/daniellebeatrizmakeup.com.br\/loja\/wp-json\/wp\/v2\/product_brand?post=39987"},{"taxonomy":"product_cat","embeddable":true,"href":"https:\/\/daniellebeatrizmakeup.com.br\/loja\/wp-json\/wp\/v2\/product_cat?post=39987"},{"taxonomy":"product_tag","embeddable":true,"href":"https:\/\/daniellebeatrizmakeup.com.br\/loja\/wp-json\/wp\/v2\/product_tag?post=39987"},{"taxonomy":"woo-feed-brand","embeddable":true,"href":"https:\/\/daniellebeatrizmakeup.com.br\/loja\/wp-json\/wp\/v2\/woo-feed-brand?post=39987"}],"curies":[{"name":"wp","href":"https:\/\/api.w.org\/{rel}","templated":true}]}}