{"id":39985,"date":"2021-10-24T20:18:06","date_gmt":"2021-10-24T23:18:06","guid":{"rendered":"https:\/\/daniellebeatrizmakeup.com.br\/loja\/kit-magico-salvo-seu-cabelo-em-24h\/"},"modified":"2023-12-06T05:21:33","modified_gmt":"2023-12-06T08:21:33","slug":"kit-magico-salvo-seu-cabelo-em-24h-maria-margarida","status":"publish","type":"product","link":"https:\/\/daniellebeatrizmakeup.com.br\/loja\/kit-magico-salvo-seu-cabelo-em-24h-maria-margarida\/","title":{"rendered":"Kit M\u00e1gico Salvo seu Cabelo em 24h Maria Margarida"},"content":{"rendered":"<p>O Kit M\u00e1gico Salvo seu Cabelo em 24h da <a href=\"https:\/\/daniellebeatrizmakeup.com.br\/loja\/maria-margarida\/\">Maria Margarida<\/a> \u00e9 super especial composto por Salva Cabelo + Sono da Beleza!<\/p>\n<p>SONO DA BELEZA<\/p>\n<p>Seu cabelo recuperado enquanto voc\u00ea dorme! Essa \u00e9 a proposta do Sono da Beleza.\u00a0Sabe aquele cabelo sem vi\u00e7o, ressecado e sem movimento? Tudo que ele precisa \u00e9 de um bom Sono da Beleza!\u00a0O Sono da Beleza \u00e9 um &#8220;s\u00e9rum de umecta\u00e7\u00e3o&#8221; especialmente formulado para recuperar suas madeixas enquanto voc\u00ea dorme.\u00a0Rico em \u00f3leos vegetais como buriti, abacate, g\u00e9rmen de trigo e as manteigas de murumuru e karit\u00e9. N\u00f3s amamos nossos cabelos, mas estamos sempre mal tratando nossas madeixas com secador, chapinha, procedimentos qu\u00edmicos e tantos outros. Por isso a import\u00e2ncia desse super s\u00e9rum que rep\u00f5e nutrientes perdidos por causa da polui\u00e7\u00e3o, raios solares, produtos qu\u00edmicos e muito mais. E o melhor, enquanto voc\u00ea dorme!\u00a0Nem a Bela Adormecida resistiria a essa f\u00f3rmula secreta, com toque especial de Ceramidas, Panthenol, Amino\u00e1cidos e Nanotecnologia.<\/p>\n<p>Modo de uso: Antes de dormir, aplique o Sono da Beleza por todo o comprimento do fio. Pela manh\u00e3, lave com seu shampoo preferido e aproveite seu cabelo super nutrido!<\/p>\n<p>Cont\u00e9m: 115ml.<\/p>\n<p>SALVA CABELO<\/p>\n<p>Cabelos Recuperados em at\u00e9 24 horas! Essa \u00e9 a proposta do Salva Cabelo. Os cabelos com qu\u00edmica costumam perder massa, elasticidade e brilho. O Salva Cabelo \u00e9 um soro de amino\u00e1cidos especialmente formulado para recuperar o cabelo de forma instant\u00e2nea!\u00a0Devolvendo massa desde as camadas mais profundas do fio, j\u00e1 que \u00e9 feito com nanotecnologia. Os procedimentos qu\u00edmicos costumam abrir as escamas do fio, deixando sem brilho e quebradi\u00e7os. O Salva Cabelo \u00e9 rico em \u00c1cido L\u00e1tico, ideal para selar as escamas e trazer hidrata\u00e7\u00e3o! Seus fios SUPER brilhosos, e\u00a0ainda \u00e9 rico em Queratina Hidrolisada, que \u00e9 um super hidratante! Para finalizar, uma pitadinha de Manteiga de Karit\u00e9 e \u00d3leo de Coco para deixar as madeixas super macias!<\/p>\n<p>Modo de uso: Ap\u00f3s o shampoo, aplique o Salva Cabelo por todo comprimento, aguarde 5 minutinhos e enxague. Finalize com condicionador ou m\u00e1scara. Voc\u00ea tamb\u00e9m pode utilizar como leave-in para brilho intenso e efeito anti frizz!<\/p>\n<p>Cont\u00e9m: 115ml.<\/p>\n<p>E olha s\u00f3 que legal, conhe\u00e7a um pouco do poder da magia da <a href=\"https:\/\/www.instagram.com\/tv\/B2k3XGzAS5k\/?utm_source=ig_web_copy_link\">Maria Margarida<\/a>:<\/p>\n<p>&#8211; N\u00e3o testado em animais;<\/p>\n<p>&#8211; Selo Eu Reciclo;<\/p>\n<p>&#8211; Livre de Parabenos;<\/p>\n<p>&#8211; Nanotecnologia;<\/p>\n<p>&#8211; Feito no Brasil com amor!<\/p>\n<p>Composi\u00e7\u00e3o Salva Cabelo<\/p>\n<p>Composi\u00e7\u00e3o (Portugu\u00eas): \u00c1gua, Decametilciclopentasiloxano, Propilenoglicol, Cloreto de Cetil Trimetil Am\u00f4nio, Poliquat\u00e9rnio 10, Poliquat\u00e9rnio 7, \u00c1lcool Cetoestear\u00edlico, Dimeticona, Dexapantenol, Metossulfato de Behentrimonio, Manteiga de Karit\u00e9, \u00d3leo de Tutano, Amodimeticona, Queratina Hidrolisada, Glicerol, \u00c1cido L\u00e1ctico, Edetato Diss\u00f3dico, \u00c1cido Glic\u00f3lico, Ciste\u00edna, Salicilato de Octila, Poliquat\u00e9rnio 37, Dimeticonol, Cloreto de Behentrimonio, Dicaprato Dicaprilato de Propilenoglicol, Polissorbato 80, Octametilciclopentasiloxano, Butil-Hidroxitolueno, \u00c9ter Tridec\u00edlico de Polietilenoglicol 600, \u00d3leo de Coco, Sericina, \u00c9ter Tridec\u00edlico de Macrogol, Cros\u00f3l\u00edmero de Dimeticona, Oleato de Sorbitana, Caprilil Glicol, Cloridrato de Lisina, Fenoxietanol, Cloreto de Guar Hidroxipropiltrim\u00f4nio, Arginina, \u00c1lcool Benz\u00edlico, Glicina, Benzoato de S\u00f3dio, Cinamalde\u00eddo, \u00c1cido Dehidroac\u00e9tico, Metilcloroisotiazolinona + Metilisotiazolinona, \u00c1cido Benzoico, \u00c1cido S\u00f3rbico, Amil Cinamalde\u00eddo, Salicilato de Benzila, Butilfenil Metilpropional, Citronelol, Hexil Cinamalde\u00eddo, Salicilato de Hexila, Perfume.<\/p>\n<p>Composi\u00e7\u00e3o Sono da Beleza<\/p>\n<p>Composi\u00e7\u00e3o (Portugu\u00eas): \u00c1gua, Propilenoglicol, \u00c1lcool Cetoestear\u00edlico, Acetato de Racealfatocoferol, Hietelose, Manteiga de Murumuru, Ceramida 2, \u00d3leo de Buriti, \u00d3leo de Abacate, \u00d3leo de Am\u00eandoas, \u00d3leo de G\u00e9rmen de Trigo, Metossulfato de Behentrimonio, Amodimeticona, Decametilciclopentasiloxano, Poliquat\u00e9rnio 10, Manteiga de Karit\u00e9, Glicerol, Edetato Diss\u00f3dico, Ciste\u00edna, Salicilato de Octila, Polissorbato 80, Cloreto de Cetil Trimetil Am\u00f4nio, Octametilciclotetrasiloxano, Dexapantenol, \u00c9ter Tridec\u00edlico de Polietilenoglicol 600, Oleato de Sorbitana, Dimeticona, Cloridrato de Lisina, Arginina, Caprilil Glicol, \u00c1lcool Benz\u00edlico, Glicina, Benzoato de S\u00f3dio, \u00c1cido Dehidroac\u00e9tico, Metilcloroisotiazolinona + Metilisotiazolinona, \u00c1cido Benzoico, \u00c1cido S\u00f3rbico, Perfume.<\/p>\n","protected":false},"excerpt":{"rendered":"<p>Um Kit M\u00e1gico super especial composto por Salva Cabelo + Sono da Beleza! No Sono da Beleza seu cabelo recupera enquanto voc\u00ea dorme! E com o Salva Cabelo voc\u00ea recupera seu cabelo em at\u00e9 24 horas!<\/p>\n<p>GANHE UMA TOUCA DE CETIM NA COMPRA DESTE KIT.<\/p>\n","protected":false},"featured_media":40792,"comment_status":"open","ping_status":"closed","template":"","meta":{"_mbp_gutenberg_autopost":false},"product_brand":[],"product_cat":[537,73],"product_tag":[538,145],"woo-feed-brand":[],"class_list":{"0":"post-39985","1":"product","2":"type-product","3":"status-publish","4":"has-post-thumbnail","6":"product_cat-cabelo","7":"product_cat-maria-margarida","8":"product_tag-cabelos","9":"product_tag-maria-margarida","10":"yith_product_brand-maria-margarida","12":"first","13":"outofstock","14":"shipping-taxable","15":"purchasable","16":"product-type-simple"},"yoast_head":"<!-- This site is optimized with the Yoast SEO plugin v27.3 - https:\/\/yoast.com\/product\/yoast-seo-wordpress\/ -->\n<title>Kit M\u00e1gico Salvo seu Cabelo em 24h Maria Margarida - Loja DB Makeup<\/title>\n<meta name=\"description\" content=\"Kit M\u00e1gico Salvo seu Cabelo em 24h! Sono da Beleza para recuperar enquanto voc\u00ea dorme! Salva Cabelo voc\u00ea recupera em at\u00e9 24 horas!\" \/>\n<meta name=\"robots\" content=\"index, follow, max-snippet:-1, max-image-preview:large, max-video-preview:-1\" \/>\n<link rel=\"canonical\" href=\"https:\/\/daniellebeatrizmakeup.com.br\/loja\/kit-magico-salvo-seu-cabelo-em-24h-maria-margarida\/\" \/>\n<meta property=\"og:locale\" content=\"pt_BR\" \/>\n<meta property=\"og:type\" content=\"article\" \/>\n<meta property=\"og:title\" content=\"Kit M\u00e1gico Salvo seu Cabelo em 24h Maria Margarida - Loja DB Makeup\" \/>\n<meta property=\"og:description\" content=\"Kit M\u00e1gico Salvo seu Cabelo em 24h! Sono da Beleza para recuperar enquanto voc\u00ea dorme! Salva Cabelo voc\u00ea recupera em at\u00e9 24 horas!\" \/>\n<meta property=\"og:url\" content=\"https:\/\/daniellebeatrizmakeup.com.br\/loja\/kit-magico-salvo-seu-cabelo-em-24h-maria-margarida\/\" \/>\n<meta property=\"og:site_name\" content=\"Loja DB Makeup\" \/>\n<meta property=\"article:publisher\" content=\"https:\/\/www.facebook.com\/daniellebeatrizmakeup\" \/>\n<meta property=\"article:modified_time\" content=\"2023-12-06T08:21:33+00:00\" \/>\n<meta property=\"og:image\" content=\"https:\/\/daniellebeatrizmakeup.com.br\/loja\/wp-content\/uploads\/2020\/07\/kit-magico-salvo-seu-cabelo-em-24h-1-scaled.jpg\" \/>\n\t<meta property=\"og:image:width\" content=\"2560\" \/>\n\t<meta property=\"og:image:height\" content=\"2560\" \/>\n\t<meta property=\"og:image:type\" content=\"image\/jpeg\" \/>\n<meta name=\"twitter:card\" content=\"summary_large_image\" \/>\n<meta name=\"twitter:site\" content=\"@danibetriz\" \/>\n<meta name=\"twitter:label1\" content=\"Est. tempo de leitura\" \/>\n\t<meta name=\"twitter:data1\" content=\"3 minutos\" \/>\n<script type=\"application\/ld+json\" class=\"yoast-schema-graph\">{\"@context\":\"https:\\\/\\\/schema.org\",\"@graph\":[{\"@type\":\"WebPage\",\"@id\":\"https:\\\/\\\/daniellebeatrizmakeup.com.br\\\/loja\\\/kit-magico-salvo-seu-cabelo-em-24h-maria-margarida\\\/\",\"url\":\"https:\\\/\\\/daniellebeatrizmakeup.com.br\\\/loja\\\/kit-magico-salvo-seu-cabelo-em-24h-maria-margarida\\\/\",\"name\":\"Kit M\u00e1gico Salvo seu Cabelo em 24h Maria Margarida - Loja DB Makeup\",\"isPartOf\":{\"@id\":\"https:\\\/\\\/daniellebeatrizmakeup.com.br\\\/loja\\\/#website\"},\"primaryImageOfPage\":{\"@id\":\"https:\\\/\\\/daniellebeatrizmakeup.com.br\\\/loja\\\/kit-magico-salvo-seu-cabelo-em-24h-maria-margarida\\\/#primaryimage\"},\"image\":{\"@id\":\"https:\\\/\\\/daniellebeatrizmakeup.com.br\\\/loja\\\/kit-magico-salvo-seu-cabelo-em-24h-maria-margarida\\\/#primaryimage\"},\"thumbnailUrl\":\"https:\\\/\\\/daniellebeatrizmakeup.com.br\\\/loja\\\/wp-content\\\/uploads\\\/2020\\\/07\\\/kit-magico-salvo-seu-cabelo-em-24h-1-scaled.jpg\",\"datePublished\":\"2021-10-24T23:18:06+00:00\",\"dateModified\":\"2023-12-06T08:21:33+00:00\",\"description\":\"Kit M\u00e1gico Salvo seu Cabelo em 24h! Sono da Beleza para recuperar enquanto voc\u00ea dorme! Salva Cabelo voc\u00ea recupera em at\u00e9 24 horas!\",\"breadcrumb\":{\"@id\":\"https:\\\/\\\/daniellebeatrizmakeup.com.br\\\/loja\\\/kit-magico-salvo-seu-cabelo-em-24h-maria-margarida\\\/#breadcrumb\"},\"inLanguage\":\"pt-BR\",\"potentialAction\":[{\"@type\":\"ReadAction\",\"target\":[\"https:\\\/\\\/daniellebeatrizmakeup.com.br\\\/loja\\\/kit-magico-salvo-seu-cabelo-em-24h-maria-margarida\\\/\"]}]},{\"@type\":\"ImageObject\",\"inLanguage\":\"pt-BR\",\"@id\":\"https:\\\/\\\/daniellebeatrizmakeup.com.br\\\/loja\\\/kit-magico-salvo-seu-cabelo-em-24h-maria-margarida\\\/#primaryimage\",\"url\":\"https:\\\/\\\/daniellebeatrizmakeup.com.br\\\/loja\\\/wp-content\\\/uploads\\\/2020\\\/07\\\/kit-magico-salvo-seu-cabelo-em-24h-1-scaled.jpg\",\"contentUrl\":\"https:\\\/\\\/daniellebeatrizmakeup.com.br\\\/loja\\\/wp-content\\\/uploads\\\/2020\\\/07\\\/kit-magico-salvo-seu-cabelo-em-24h-1-scaled.jpg\",\"width\":2560,\"height\":2560,\"caption\":\"Kit M\u00e1gico Salvo seu Cabelo em 24h Maria Margarida\"},{\"@type\":\"BreadcrumbList\",\"@id\":\"https:\\\/\\\/daniellebeatrizmakeup.com.br\\\/loja\\\/kit-magico-salvo-seu-cabelo-em-24h-maria-margarida\\\/#breadcrumb\",\"itemListElement\":[{\"@type\":\"ListItem\",\"position\":1,\"name\":\"In\u00edcio\",\"item\":\"https:\\\/\\\/daniellebeatrizmakeup.com.br\\\/loja\\\/\"},{\"@type\":\"ListItem\",\"position\":2,\"name\":\"Todos\",\"item\":\"https:\\\/\\\/daniellebeatrizmakeup.com.br\\\/loja\\\/todos\\\/\"},{\"@type\":\"ListItem\",\"position\":3,\"name\":\"Kit M\u00e1gico Salvo seu Cabelo em 24h Maria Margarida\"}]},{\"@type\":\"WebSite\",\"@id\":\"https:\\\/\\\/daniellebeatrizmakeup.com.br\\\/loja\\\/#website\",\"url\":\"https:\\\/\\\/daniellebeatrizmakeup.com.br\\\/loja\\\/\",\"name\":\"Loja DB Makeup\",\"description\":\"A melhor loja de maquiagem para real\u00e7ar a sua beleza\",\"publisher\":{\"@id\":\"https:\\\/\\\/daniellebeatrizmakeup.com.br\\\/loja\\\/#organization\"},\"potentialAction\":[{\"@type\":\"SearchAction\",\"target\":{\"@type\":\"EntryPoint\",\"urlTemplate\":\"https:\\\/\\\/daniellebeatrizmakeup.com.br\\\/loja\\\/?s={search_term_string}\"},\"query-input\":{\"@type\":\"PropertyValueSpecification\",\"valueRequired\":true,\"valueName\":\"search_term_string\"}}],\"inLanguage\":\"pt-BR\"},{\"@type\":\"Organization\",\"@id\":\"https:\\\/\\\/daniellebeatrizmakeup.com.br\\\/loja\\\/#organization\",\"name\":\"Danielle Beatriz Makeup\",\"url\":\"https:\\\/\\\/daniellebeatrizmakeup.com.br\\\/loja\\\/\",\"logo\":{\"@type\":\"ImageObject\",\"inLanguage\":\"pt-BR\",\"@id\":\"https:\\\/\\\/daniellebeatrizmakeup.com.br\\\/loja\\\/#\\\/schema\\\/logo\\\/image\\\/\",\"url\":\"https:\\\/\\\/daniellebeatrizmakeup.com.br\\\/loja\\\/wp-content\\\/uploads\\\/2020\\\/10\\\/logo-loja-db-makeup.png\",\"contentUrl\":\"https:\\\/\\\/daniellebeatrizmakeup.com.br\\\/loja\\\/wp-content\\\/uploads\\\/2020\\\/10\\\/logo-loja-db-makeup.png\",\"width\":500,\"height\":110,\"caption\":\"Danielle Beatriz Makeup\"},\"image\":{\"@id\":\"https:\\\/\\\/daniellebeatrizmakeup.com.br\\\/loja\\\/#\\\/schema\\\/logo\\\/image\\\/\"},\"sameAs\":[\"https:\\\/\\\/www.facebook.com\\\/daniellebeatrizmakeup\",\"https:\\\/\\\/x.com\\\/danibetriz\",\"https:\\\/\\\/www.instagram.com\\\/daniellebeatrizmakeup\",\"https:\\\/\\\/pinterest.com\\\/daniellebeatrizmakeup\",\"https:\\\/\\\/www.youtube.com\\\/DanielleBeatriz\"]}]}<\/script>\n<!-- \/ Yoast SEO plugin. -->","yoast_head_json":{"title":"Kit M\u00e1gico Salvo seu Cabelo em 24h Maria Margarida - Loja DB Makeup","description":"Kit M\u00e1gico Salvo seu Cabelo em 24h! Sono da Beleza para recuperar enquanto voc\u00ea dorme! Salva Cabelo voc\u00ea recupera em at\u00e9 24 horas!","robots":{"index":"index","follow":"follow","max-snippet":"max-snippet:-1","max-image-preview":"max-image-preview:large","max-video-preview":"max-video-preview:-1"},"canonical":"https:\/\/daniellebeatrizmakeup.com.br\/loja\/kit-magico-salvo-seu-cabelo-em-24h-maria-margarida\/","og_locale":"pt_BR","og_type":"article","og_title":"Kit M\u00e1gico Salvo seu Cabelo em 24h Maria Margarida - Loja DB Makeup","og_description":"Kit M\u00e1gico Salvo seu Cabelo em 24h! Sono da Beleza para recuperar enquanto voc\u00ea dorme! Salva Cabelo voc\u00ea recupera em at\u00e9 24 horas!","og_url":"https:\/\/daniellebeatrizmakeup.com.br\/loja\/kit-magico-salvo-seu-cabelo-em-24h-maria-margarida\/","og_site_name":"Loja DB Makeup","article_publisher":"https:\/\/www.facebook.com\/daniellebeatrizmakeup","article_modified_time":"2023-12-06T08:21:33+00:00","og_image":[{"width":2560,"height":2560,"url":"https:\/\/daniellebeatrizmakeup.com.br\/loja\/wp-content\/uploads\/2020\/07\/kit-magico-salvo-seu-cabelo-em-24h-1-scaled.jpg","type":"image\/jpeg"}],"twitter_card":"summary_large_image","twitter_site":"@danibetriz","twitter_misc":{"Est. tempo de leitura":"3 minutos"},"schema":{"@context":"https:\/\/schema.org","@graph":[{"@type":"WebPage","@id":"https:\/\/daniellebeatrizmakeup.com.br\/loja\/kit-magico-salvo-seu-cabelo-em-24h-maria-margarida\/","url":"https:\/\/daniellebeatrizmakeup.com.br\/loja\/kit-magico-salvo-seu-cabelo-em-24h-maria-margarida\/","name":"Kit M\u00e1gico Salvo seu Cabelo em 24h Maria Margarida - Loja DB Makeup","isPartOf":{"@id":"https:\/\/daniellebeatrizmakeup.com.br\/loja\/#website"},"primaryImageOfPage":{"@id":"https:\/\/daniellebeatrizmakeup.com.br\/loja\/kit-magico-salvo-seu-cabelo-em-24h-maria-margarida\/#primaryimage"},"image":{"@id":"https:\/\/daniellebeatrizmakeup.com.br\/loja\/kit-magico-salvo-seu-cabelo-em-24h-maria-margarida\/#primaryimage"},"thumbnailUrl":"https:\/\/daniellebeatrizmakeup.com.br\/loja\/wp-content\/uploads\/2020\/07\/kit-magico-salvo-seu-cabelo-em-24h-1-scaled.jpg","datePublished":"2021-10-24T23:18:06+00:00","dateModified":"2023-12-06T08:21:33+00:00","description":"Kit M\u00e1gico Salvo seu Cabelo em 24h! Sono da Beleza para recuperar enquanto voc\u00ea dorme! Salva Cabelo voc\u00ea recupera em at\u00e9 24 horas!","breadcrumb":{"@id":"https:\/\/daniellebeatrizmakeup.com.br\/loja\/kit-magico-salvo-seu-cabelo-em-24h-maria-margarida\/#breadcrumb"},"inLanguage":"pt-BR","potentialAction":[{"@type":"ReadAction","target":["https:\/\/daniellebeatrizmakeup.com.br\/loja\/kit-magico-salvo-seu-cabelo-em-24h-maria-margarida\/"]}]},{"@type":"ImageObject","inLanguage":"pt-BR","@id":"https:\/\/daniellebeatrizmakeup.com.br\/loja\/kit-magico-salvo-seu-cabelo-em-24h-maria-margarida\/#primaryimage","url":"https:\/\/daniellebeatrizmakeup.com.br\/loja\/wp-content\/uploads\/2020\/07\/kit-magico-salvo-seu-cabelo-em-24h-1-scaled.jpg","contentUrl":"https:\/\/daniellebeatrizmakeup.com.br\/loja\/wp-content\/uploads\/2020\/07\/kit-magico-salvo-seu-cabelo-em-24h-1-scaled.jpg","width":2560,"height":2560,"caption":"Kit M\u00e1gico Salvo seu Cabelo em 24h Maria Margarida"},{"@type":"BreadcrumbList","@id":"https:\/\/daniellebeatrizmakeup.com.br\/loja\/kit-magico-salvo-seu-cabelo-em-24h-maria-margarida\/#breadcrumb","itemListElement":[{"@type":"ListItem","position":1,"name":"In\u00edcio","item":"https:\/\/daniellebeatrizmakeup.com.br\/loja\/"},{"@type":"ListItem","position":2,"name":"Todos","item":"https:\/\/daniellebeatrizmakeup.com.br\/loja\/todos\/"},{"@type":"ListItem","position":3,"name":"Kit M\u00e1gico Salvo seu Cabelo em 24h Maria Margarida"}]},{"@type":"WebSite","@id":"https:\/\/daniellebeatrizmakeup.com.br\/loja\/#website","url":"https:\/\/daniellebeatrizmakeup.com.br\/loja\/","name":"Loja DB Makeup","description":"A melhor loja de maquiagem para real\u00e7ar a sua beleza","publisher":{"@id":"https:\/\/daniellebeatrizmakeup.com.br\/loja\/#organization"},"potentialAction":[{"@type":"SearchAction","target":{"@type":"EntryPoint","urlTemplate":"https:\/\/daniellebeatrizmakeup.com.br\/loja\/?s={search_term_string}"},"query-input":{"@type":"PropertyValueSpecification","valueRequired":true,"valueName":"search_term_string"}}],"inLanguage":"pt-BR"},{"@type":"Organization","@id":"https:\/\/daniellebeatrizmakeup.com.br\/loja\/#organization","name":"Danielle Beatriz Makeup","url":"https:\/\/daniellebeatrizmakeup.com.br\/loja\/","logo":{"@type":"ImageObject","inLanguage":"pt-BR","@id":"https:\/\/daniellebeatrizmakeup.com.br\/loja\/#\/schema\/logo\/image\/","url":"https:\/\/daniellebeatrizmakeup.com.br\/loja\/wp-content\/uploads\/2020\/10\/logo-loja-db-makeup.png","contentUrl":"https:\/\/daniellebeatrizmakeup.com.br\/loja\/wp-content\/uploads\/2020\/10\/logo-loja-db-makeup.png","width":500,"height":110,"caption":"Danielle Beatriz Makeup"},"image":{"@id":"https:\/\/daniellebeatrizmakeup.com.br\/loja\/#\/schema\/logo\/image\/"},"sameAs":["https:\/\/www.facebook.com\/daniellebeatrizmakeup","https:\/\/x.com\/danibetriz","https:\/\/www.instagram.com\/daniellebeatrizmakeup","https:\/\/pinterest.com\/daniellebeatrizmakeup","https:\/\/www.youtube.com\/DanielleBeatriz"]}]}},"jetpack_sharing_enabled":true,"_links":{"self":[{"href":"https:\/\/daniellebeatrizmakeup.com.br\/loja\/wp-json\/wp\/v2\/product\/39985","targetHints":{"allow":["GET"]}}],"collection":[{"href":"https:\/\/daniellebeatrizmakeup.com.br\/loja\/wp-json\/wp\/v2\/product"}],"about":[{"href":"https:\/\/daniellebeatrizmakeup.com.br\/loja\/wp-json\/wp\/v2\/types\/product"}],"replies":[{"embeddable":true,"href":"https:\/\/daniellebeatrizmakeup.com.br\/loja\/wp-json\/wp\/v2\/comments?post=39985"}],"version-history":[{"count":4,"href":"https:\/\/daniellebeatrizmakeup.com.br\/loja\/wp-json\/wp\/v2\/product\/39985\/revisions"}],"predecessor-version":[{"id":56796,"href":"https:\/\/daniellebeatrizmakeup.com.br\/loja\/wp-json\/wp\/v2\/product\/39985\/revisions\/56796"}],"wp:featuredmedia":[{"embeddable":true,"href":"https:\/\/daniellebeatrizmakeup.com.br\/loja\/wp-json\/wp\/v2\/media\/40792"}],"wp:attachment":[{"href":"https:\/\/daniellebeatrizmakeup.com.br\/loja\/wp-json\/wp\/v2\/media?parent=39985"}],"wp:term":[{"taxonomy":"product_brand","embeddable":true,"href":"https:\/\/daniellebeatrizmakeup.com.br\/loja\/wp-json\/wp\/v2\/product_brand?post=39985"},{"taxonomy":"product_cat","embeddable":true,"href":"https:\/\/daniellebeatrizmakeup.com.br\/loja\/wp-json\/wp\/v2\/product_cat?post=39985"},{"taxonomy":"product_tag","embeddable":true,"href":"https:\/\/daniellebeatrizmakeup.com.br\/loja\/wp-json\/wp\/v2\/product_tag?post=39985"},{"taxonomy":"woo-feed-brand","embeddable":true,"href":"https:\/\/daniellebeatrizmakeup.com.br\/loja\/wp-json\/wp\/v2\/woo-feed-brand?post=39985"}],"curies":[{"name":"wp","href":"https:\/\/api.w.org\/{rel}","templated":true}]}}