{"id":39983,"date":"2021-10-24T20:18:03","date_gmt":"2021-10-24T23:18:03","guid":{"rendered":"https:\/\/daniellebeatrizmakeup.com.br\/loja\/touca-de-cetim\/"},"modified":"2024-12-03T00:00:33","modified_gmt":"2024-12-03T03:00:33","slug":"touca-de-cetim-anti-frizz-para-dormir","status":"publish","type":"product","link":"https:\/\/daniellebeatrizmakeup.com.br\/loja\/touca-de-cetim-anti-frizz-para-dormir\/","title":{"rendered":"Touca de Cetim Anti-Frizz para Dormir"},"content":{"rendered":"<p>A Touca de Cetim Anti-Frizz para Dormir \u00e9 muito recomendada para uso logo ap\u00f3s fazer uma chapinha ou escova. Ela mant\u00e9m o efeito sedoso dos cabelos, abaixa e evita o Frizz, mant\u00e9m a umidade natural dos cabelos, que evitam o ressecamento. Alinha as pontas e n\u00e3o marca seu cabelo! Ela devolve a hidrata\u00e7\u00e3o natural dos fios, por evitar o atrito com as fronhas comuns, que s\u00e3o umas das causadoras do ressecamento. Cabelos crespos e cacheados \u00e9 um item obrigat\u00f3rio!<\/p>\n<p>Para quem anda de moto e sofre com o tira e p\u00f5e de capacete, sabe que isso \u00e9 extremamente prejudicial aos fios! Mas com a Touca de Cetim voc\u00ea consegue facilmente manter eles saud\u00e1veis e ainda ajuda a evitar Frizz.<\/p>\n<p>Durma com a touca de cetim e acorde com cabelos lindos, hidratados e sem Frizz!<\/p>\n<p>* As cores s\u00e3o sortidas de acordo com a disponibilidade em estoque.<\/p>\n","protected":false},"excerpt":{"rendered":"<p>A Touca de Cetim Anti-Frizz para Dormir \u00e9 muito recomendada para uso logo ap\u00f3s fazer uma chapinha ou escova.<\/p>\n<p>Cabelos crespos e cacheados \u00e9 um item obrigat\u00f3rio!<\/p>\n<p>Para quem anda de moto e sofre com o tira e p\u00f5e de capacete, sabe que isso \u00e9 extremamente prejudicial aos fios!<\/p>\n","protected":false},"featured_media":40756,"comment_status":"open","ping_status":"closed","template":"","meta":{"_mbp_gutenberg_autopost":false},"product_brand":[],"product_cat":[81,579,537,752],"product_tag":[538],"woo-feed-brand":[],"class_list":{"0":"post-39983","1":"product","2":"type-product","3":"status-publish","4":"has-post-thumbnail","6":"product_cat-acessorios","7":"product_cat-maquiagem-ate-20-reais","8":"product_cat-cabelo","9":"product_cat-essencial","10":"product_tag-cabelos","12":"first","13":"instock","14":"shipping-taxable","15":"purchasable","16":"product-type-simple"},"yoast_head":"<!-- This site is optimized with the Yoast SEO plugin v27.5 - https:\/\/yoast.com\/product\/yoast-seo-wordpress\/ -->\n<title>Touca de Cetim Anti-Frizz para Dormir - Loja DB Makeup<\/title>\n<meta name=\"description\" content=\"A Touca de Cetim Anti-Frizz para Dormir \u00e9 muito recomendada para uso logo ap\u00f3s fazer uma chapinha ou escova.\" \/>\n<meta name=\"robots\" content=\"index, follow, max-snippet:-1, max-image-preview:large, max-video-preview:-1\" \/>\n<link rel=\"canonical\" href=\"https:\/\/daniellebeatrizmakeup.com.br\/loja\/touca-de-cetim-anti-frizz-para-dormir\/\" \/>\n<meta property=\"og:locale\" content=\"pt_BR\" \/>\n<meta property=\"og:type\" content=\"article\" \/>\n<meta property=\"og:title\" content=\"Touca de Cetim Anti-Frizz para Dormir - Loja DB Makeup\" \/>\n<meta property=\"og:description\" content=\"A Touca de Cetim Anti-Frizz para Dormir \u00e9 muito recomendada para uso logo ap\u00f3s fazer uma chapinha ou escova.\" \/>\n<meta property=\"og:url\" content=\"https:\/\/daniellebeatrizmakeup.com.br\/loja\/touca-de-cetim-anti-frizz-para-dormir\/\" \/>\n<meta property=\"og:site_name\" content=\"Loja DB Makeup\" \/>\n<meta property=\"article:publisher\" content=\"https:\/\/www.facebook.com\/daniellebeatrizmakeup\" \/>\n<meta property=\"article:modified_time\" content=\"2024-12-03T03:00:33+00:00\" \/>\n<meta property=\"og:image\" content=\"https:\/\/daniellebeatrizmakeup.com.br\/loja\/wp-content\/uploads\/2020\/07\/touca-de-cetim-1-scaled.jpg\" \/>\n\t<meta property=\"og:image:width\" content=\"2560\" \/>\n\t<meta property=\"og:image:height\" content=\"2560\" \/>\n\t<meta property=\"og:image:type\" content=\"image\/jpeg\" \/>\n<meta name=\"twitter:card\" content=\"summary_large_image\" \/>\n<meta name=\"twitter:site\" content=\"@danibetriz\" \/>\n<meta name=\"twitter:label1\" content=\"Est. tempo de leitura\" \/>\n\t<meta name=\"twitter:data1\" content=\"1 minuto\" \/>\n<script type=\"application\/ld+json\" class=\"yoast-schema-graph\">{\"@context\":\"https:\\\/\\\/schema.org\",\"@graph\":[{\"@type\":\"WebPage\",\"@id\":\"https:\\\/\\\/daniellebeatrizmakeup.com.br\\\/loja\\\/touca-de-cetim-anti-frizz-para-dormir\\\/\",\"url\":\"https:\\\/\\\/daniellebeatrizmakeup.com.br\\\/loja\\\/touca-de-cetim-anti-frizz-para-dormir\\\/\",\"name\":\"Touca de Cetim Anti-Frizz para Dormir - Loja DB Makeup\",\"isPartOf\":{\"@id\":\"https:\\\/\\\/daniellebeatrizmakeup.com.br\\\/loja\\\/#website\"},\"primaryImageOfPage\":{\"@id\":\"https:\\\/\\\/daniellebeatrizmakeup.com.br\\\/loja\\\/touca-de-cetim-anti-frizz-para-dormir\\\/#primaryimage\"},\"image\":{\"@id\":\"https:\\\/\\\/daniellebeatrizmakeup.com.br\\\/loja\\\/touca-de-cetim-anti-frizz-para-dormir\\\/#primaryimage\"},\"thumbnailUrl\":\"https:\\\/\\\/daniellebeatrizmakeup.com.br\\\/loja\\\/wp-content\\\/uploads\\\/2020\\\/07\\\/touca-de-cetim-1-scaled.jpg\",\"datePublished\":\"2021-10-24T23:18:03+00:00\",\"dateModified\":\"2024-12-03T03:00:33+00:00\",\"description\":\"A Touca de Cetim Anti-Frizz para Dormir \u00e9 muito recomendada para uso logo ap\u00f3s fazer uma chapinha ou escova.\",\"breadcrumb\":{\"@id\":\"https:\\\/\\\/daniellebeatrizmakeup.com.br\\\/loja\\\/touca-de-cetim-anti-frizz-para-dormir\\\/#breadcrumb\"},\"inLanguage\":\"pt-BR\",\"potentialAction\":[{\"@type\":\"ReadAction\",\"target\":[\"https:\\\/\\\/daniellebeatrizmakeup.com.br\\\/loja\\\/touca-de-cetim-anti-frizz-para-dormir\\\/\"]}]},{\"@type\":\"ImageObject\",\"inLanguage\":\"pt-BR\",\"@id\":\"https:\\\/\\\/daniellebeatrizmakeup.com.br\\\/loja\\\/touca-de-cetim-anti-frizz-para-dormir\\\/#primaryimage\",\"url\":\"https:\\\/\\\/daniellebeatrizmakeup.com.br\\\/loja\\\/wp-content\\\/uploads\\\/2020\\\/07\\\/touca-de-cetim-1-scaled.jpg\",\"contentUrl\":\"https:\\\/\\\/daniellebeatrizmakeup.com.br\\\/loja\\\/wp-content\\\/uploads\\\/2020\\\/07\\\/touca-de-cetim-1-scaled.jpg\",\"width\":2560,\"height\":2560,\"caption\":\"Touca de Cetim Anti-Frizz para Dormir\"},{\"@type\":\"BreadcrumbList\",\"@id\":\"https:\\\/\\\/daniellebeatrizmakeup.com.br\\\/loja\\\/touca-de-cetim-anti-frizz-para-dormir\\\/#breadcrumb\",\"itemListElement\":[{\"@type\":\"ListItem\",\"position\":1,\"name\":\"In\u00edcio\",\"item\":\"https:\\\/\\\/daniellebeatrizmakeup.com.br\\\/loja\\\/\"},{\"@type\":\"ListItem\",\"position\":2,\"name\":\"Todos\",\"item\":\"https:\\\/\\\/daniellebeatrizmakeup.com.br\\\/loja\\\/todos\\\/\"},{\"@type\":\"ListItem\",\"position\":3,\"name\":\"Touca de Cetim Anti-Frizz para Dormir\"}]},{\"@type\":\"WebSite\",\"@id\":\"https:\\\/\\\/daniellebeatrizmakeup.com.br\\\/loja\\\/#website\",\"url\":\"https:\\\/\\\/daniellebeatrizmakeup.com.br\\\/loja\\\/\",\"name\":\"Loja DB Makeup\",\"description\":\"A melhor loja de maquiagem para real\u00e7ar a sua beleza\",\"publisher\":{\"@id\":\"https:\\\/\\\/daniellebeatrizmakeup.com.br\\\/loja\\\/#organization\"},\"potentialAction\":[{\"@type\":\"SearchAction\",\"target\":{\"@type\":\"EntryPoint\",\"urlTemplate\":\"https:\\\/\\\/daniellebeatrizmakeup.com.br\\\/loja\\\/?s={search_term_string}\"},\"query-input\":{\"@type\":\"PropertyValueSpecification\",\"valueRequired\":true,\"valueName\":\"search_term_string\"}}],\"inLanguage\":\"pt-BR\"},{\"@type\":\"Organization\",\"@id\":\"https:\\\/\\\/daniellebeatrizmakeup.com.br\\\/loja\\\/#organization\",\"name\":\"Danielle Beatriz Makeup\",\"url\":\"https:\\\/\\\/daniellebeatrizmakeup.com.br\\\/loja\\\/\",\"logo\":{\"@type\":\"ImageObject\",\"inLanguage\":\"pt-BR\",\"@id\":\"https:\\\/\\\/daniellebeatrizmakeup.com.br\\\/loja\\\/#\\\/schema\\\/logo\\\/image\\\/\",\"url\":\"https:\\\/\\\/daniellebeatrizmakeup.com.br\\\/loja\\\/wp-content\\\/uploads\\\/2020\\\/10\\\/logo-loja-db-makeup.png\",\"contentUrl\":\"https:\\\/\\\/daniellebeatrizmakeup.com.br\\\/loja\\\/wp-content\\\/uploads\\\/2020\\\/10\\\/logo-loja-db-makeup.png\",\"width\":500,\"height\":110,\"caption\":\"Danielle Beatriz Makeup\"},\"image\":{\"@id\":\"https:\\\/\\\/daniellebeatrizmakeup.com.br\\\/loja\\\/#\\\/schema\\\/logo\\\/image\\\/\"},\"sameAs\":[\"https:\\\/\\\/www.facebook.com\\\/daniellebeatrizmakeup\",\"https:\\\/\\\/x.com\\\/danibetriz\",\"https:\\\/\\\/www.instagram.com\\\/daniellebeatrizmakeup\",\"https:\\\/\\\/pinterest.com\\\/daniellebeatrizmakeup\",\"https:\\\/\\\/www.youtube.com\\\/DanielleBeatriz\"]}]}<\/script>\n<!-- \/ Yoast SEO plugin. -->","yoast_head_json":{"title":"Touca de Cetim Anti-Frizz para Dormir - Loja DB Makeup","description":"A Touca de Cetim Anti-Frizz para Dormir \u00e9 muito recomendada para uso logo ap\u00f3s fazer uma chapinha ou escova.","robots":{"index":"index","follow":"follow","max-snippet":"max-snippet:-1","max-image-preview":"max-image-preview:large","max-video-preview":"max-video-preview:-1"},"canonical":"https:\/\/daniellebeatrizmakeup.com.br\/loja\/touca-de-cetim-anti-frizz-para-dormir\/","og_locale":"pt_BR","og_type":"article","og_title":"Touca de Cetim Anti-Frizz para Dormir - Loja DB Makeup","og_description":"A Touca de Cetim Anti-Frizz para Dormir \u00e9 muito recomendada para uso logo ap\u00f3s fazer uma chapinha ou escova.","og_url":"https:\/\/daniellebeatrizmakeup.com.br\/loja\/touca-de-cetim-anti-frizz-para-dormir\/","og_site_name":"Loja DB Makeup","article_publisher":"https:\/\/www.facebook.com\/daniellebeatrizmakeup","article_modified_time":"2024-12-03T03:00:33+00:00","og_image":[{"width":2560,"height":2560,"url":"https:\/\/daniellebeatrizmakeup.com.br\/loja\/wp-content\/uploads\/2020\/07\/touca-de-cetim-1-scaled.jpg","type":"image\/jpeg"}],"twitter_card":"summary_large_image","twitter_site":"@danibetriz","twitter_misc":{"Est. tempo de leitura":"1 minuto"},"schema":{"@context":"https:\/\/schema.org","@graph":[{"@type":"WebPage","@id":"https:\/\/daniellebeatrizmakeup.com.br\/loja\/touca-de-cetim-anti-frizz-para-dormir\/","url":"https:\/\/daniellebeatrizmakeup.com.br\/loja\/touca-de-cetim-anti-frizz-para-dormir\/","name":"Touca de Cetim Anti-Frizz para Dormir - Loja DB Makeup","isPartOf":{"@id":"https:\/\/daniellebeatrizmakeup.com.br\/loja\/#website"},"primaryImageOfPage":{"@id":"https:\/\/daniellebeatrizmakeup.com.br\/loja\/touca-de-cetim-anti-frizz-para-dormir\/#primaryimage"},"image":{"@id":"https:\/\/daniellebeatrizmakeup.com.br\/loja\/touca-de-cetim-anti-frizz-para-dormir\/#primaryimage"},"thumbnailUrl":"https:\/\/daniellebeatrizmakeup.com.br\/loja\/wp-content\/uploads\/2020\/07\/touca-de-cetim-1-scaled.jpg","datePublished":"2021-10-24T23:18:03+00:00","dateModified":"2024-12-03T03:00:33+00:00","description":"A Touca de Cetim Anti-Frizz para Dormir \u00e9 muito recomendada para uso logo ap\u00f3s fazer uma chapinha ou escova.","breadcrumb":{"@id":"https:\/\/daniellebeatrizmakeup.com.br\/loja\/touca-de-cetim-anti-frizz-para-dormir\/#breadcrumb"},"inLanguage":"pt-BR","potentialAction":[{"@type":"ReadAction","target":["https:\/\/daniellebeatrizmakeup.com.br\/loja\/touca-de-cetim-anti-frizz-para-dormir\/"]}]},{"@type":"ImageObject","inLanguage":"pt-BR","@id":"https:\/\/daniellebeatrizmakeup.com.br\/loja\/touca-de-cetim-anti-frizz-para-dormir\/#primaryimage","url":"https:\/\/daniellebeatrizmakeup.com.br\/loja\/wp-content\/uploads\/2020\/07\/touca-de-cetim-1-scaled.jpg","contentUrl":"https:\/\/daniellebeatrizmakeup.com.br\/loja\/wp-content\/uploads\/2020\/07\/touca-de-cetim-1-scaled.jpg","width":2560,"height":2560,"caption":"Touca de Cetim Anti-Frizz para Dormir"},{"@type":"BreadcrumbList","@id":"https:\/\/daniellebeatrizmakeup.com.br\/loja\/touca-de-cetim-anti-frizz-para-dormir\/#breadcrumb","itemListElement":[{"@type":"ListItem","position":1,"name":"In\u00edcio","item":"https:\/\/daniellebeatrizmakeup.com.br\/loja\/"},{"@type":"ListItem","position":2,"name":"Todos","item":"https:\/\/daniellebeatrizmakeup.com.br\/loja\/todos\/"},{"@type":"ListItem","position":3,"name":"Touca de Cetim Anti-Frizz para Dormir"}]},{"@type":"WebSite","@id":"https:\/\/daniellebeatrizmakeup.com.br\/loja\/#website","url":"https:\/\/daniellebeatrizmakeup.com.br\/loja\/","name":"Loja DB Makeup","description":"A melhor loja de maquiagem para real\u00e7ar a sua beleza","publisher":{"@id":"https:\/\/daniellebeatrizmakeup.com.br\/loja\/#organization"},"potentialAction":[{"@type":"SearchAction","target":{"@type":"EntryPoint","urlTemplate":"https:\/\/daniellebeatrizmakeup.com.br\/loja\/?s={search_term_string}"},"query-input":{"@type":"PropertyValueSpecification","valueRequired":true,"valueName":"search_term_string"}}],"inLanguage":"pt-BR"},{"@type":"Organization","@id":"https:\/\/daniellebeatrizmakeup.com.br\/loja\/#organization","name":"Danielle Beatriz Makeup","url":"https:\/\/daniellebeatrizmakeup.com.br\/loja\/","logo":{"@type":"ImageObject","inLanguage":"pt-BR","@id":"https:\/\/daniellebeatrizmakeup.com.br\/loja\/#\/schema\/logo\/image\/","url":"https:\/\/daniellebeatrizmakeup.com.br\/loja\/wp-content\/uploads\/2020\/10\/logo-loja-db-makeup.png","contentUrl":"https:\/\/daniellebeatrizmakeup.com.br\/loja\/wp-content\/uploads\/2020\/10\/logo-loja-db-makeup.png","width":500,"height":110,"caption":"Danielle Beatriz Makeup"},"image":{"@id":"https:\/\/daniellebeatrizmakeup.com.br\/loja\/#\/schema\/logo\/image\/"},"sameAs":["https:\/\/www.facebook.com\/daniellebeatrizmakeup","https:\/\/x.com\/danibetriz","https:\/\/www.instagram.com\/daniellebeatrizmakeup","https:\/\/pinterest.com\/daniellebeatrizmakeup","https:\/\/www.youtube.com\/DanielleBeatriz"]}]}},"jetpack_sharing_enabled":true,"_links":{"self":[{"href":"https:\/\/daniellebeatrizmakeup.com.br\/loja\/wp-json\/wp\/v2\/product\/39983","targetHints":{"allow":["GET"]}}],"collection":[{"href":"https:\/\/daniellebeatrizmakeup.com.br\/loja\/wp-json\/wp\/v2\/product"}],"about":[{"href":"https:\/\/daniellebeatrizmakeup.com.br\/loja\/wp-json\/wp\/v2\/types\/product"}],"replies":[{"embeddable":true,"href":"https:\/\/daniellebeatrizmakeup.com.br\/loja\/wp-json\/wp\/v2\/comments?post=39983"}],"version-history":[{"count":1,"href":"https:\/\/daniellebeatrizmakeup.com.br\/loja\/wp-json\/wp\/v2\/product\/39983\/revisions"}],"predecessor-version":[{"id":53233,"href":"https:\/\/daniellebeatrizmakeup.com.br\/loja\/wp-json\/wp\/v2\/product\/39983\/revisions\/53233"}],"wp:featuredmedia":[{"embeddable":true,"href":"https:\/\/daniellebeatrizmakeup.com.br\/loja\/wp-json\/wp\/v2\/media\/40756"}],"wp:attachment":[{"href":"https:\/\/daniellebeatrizmakeup.com.br\/loja\/wp-json\/wp\/v2\/media?parent=39983"}],"wp:term":[{"taxonomy":"product_brand","embeddable":true,"href":"https:\/\/daniellebeatrizmakeup.com.br\/loja\/wp-json\/wp\/v2\/product_brand?post=39983"},{"taxonomy":"product_cat","embeddable":true,"href":"https:\/\/daniellebeatrizmakeup.com.br\/loja\/wp-json\/wp\/v2\/product_cat?post=39983"},{"taxonomy":"product_tag","embeddable":true,"href":"https:\/\/daniellebeatrizmakeup.com.br\/loja\/wp-json\/wp\/v2\/product_tag?post=39983"},{"taxonomy":"woo-feed-brand","embeddable":true,"href":"https:\/\/daniellebeatrizmakeup.com.br\/loja\/wp-json\/wp\/v2\/woo-feed-brand?post=39983"}],"curies":[{"name":"wp","href":"https:\/\/api.w.org\/{rel}","templated":true}]}}