{"id":30732,"date":"2021-05-05T19:05:14","date_gmt":"2021-05-05T22:05:14","guid":{"rendered":"https:\/\/daniellebeatrizmakeup.com.br\/loja\/?post_type=product&#038;p=30732"},"modified":"2025-05-06T16:10:43","modified_gmt":"2025-05-06T19:10:43","slug":"ate-embaixo-dagua-drops-maria-margarida","status":"publish","type":"product","link":"https:\/\/daniellebeatrizmakeup.com.br\/loja\/ate-embaixo-dagua-drops-maria-margarida\/","title":{"rendered":"At\u00e9 Embaixo D\u00e1gua Drops Maria Margarida"},"content":{"rendered":"<p>O At\u00e9 Embaixo D\u00e1gua <a href=\"https:\/\/www.instagram.com\/p\/COgVGq-La-t\/\">Drops<\/a> da <a href=\"https:\/\/daniellebeatrizmakeup.com.br\/loja\/maria-margarida\/\">Maria Margarida<\/a> ajuda a deixar a maquiagem perfeita at\u00e9 embaixo d&#8217;\u00e1gua! O Drops vem em conta gotas que \u00e9 perfeito para misturar na base ou utilizar como primer. Ele possui ativos que repelem a \u00e1gua, deixando a maquiagem mais resistente. Ent\u00e3o sua maquiagem vai durar muito mais em locais \u00famidos, ao nadar ou pegar aquela chuva!<\/p>\n<p>O At\u00e9 Embaixo D\u00e1gua Drops\u00a0 funciona como se fosse uma colinha fazendo com que todas as camadas da maquiagem fixem bem uma na outra. Assim a sua maquiagem estar\u00e1 em outro n\u00edvel de fixa\u00e7\u00e3o! Assim como o Fixador Spray At\u00e9 Embaixo D\u00e1gua, ap\u00f3s secar, o Drops forma um filme \u00e0 prova d&#8217;\u00e1gua!<\/p>\n<h2>Curiosidades do At\u00e9 Embaixo D&#8217;\u00e1gua Drops<\/h2>\n<ul>\n<li>Se d\u00e1 bem com todos os tipos de base;<\/li>\n<li>Pode ser utilizado como primer ou misturando algumas gotinhas na sua base;<\/li>\n<li>Deixa bases aquosas e hidratantes super resistentes.<\/li>\n<li>Voc\u00ea consegue perfeitamente a forma\u00e7\u00e3o de camadas para uma melhor cobertura.<\/li>\n<li>Se voc\u00ea \u00e9 maquiador o Drops \u00e9 perfeito nas maquiagem de atendimento! Proporcionando resist\u00eancia nos mais diversos tipos de pele, inclusive na pele madura.<\/li>\n<li>O Drops \u00e9 um queridinho no quesito pele blindada! Em conjunto com o <a href=\"https:\/\/daniellebeatrizmakeup.com.br\/loja\/fixador-ate-embaixo-dagua-maria-margarida\/\">Fixador At\u00e9 Embaixo D\u00e1gua<\/a> a sua maquiagem pode ficar resistente a transfer\u00eancia e atrito.<\/li>\n<\/ul>\n<h2>Como utilizar o At\u00e9 Embaixo D&#8217;\u00e1gua em Gotas<\/h2>\n<ul>\n<li>A princ\u00edpio, voc\u00ea pode utilizar como primer! Aplique diretamente na pele ap\u00f3s a hidrata\u00e7\u00e3o e antes da base.<\/li>\n<li>Enquanto que na base, voc\u00ea pode apenas pingar algumas gotinhas e misturar bem antes de aplicar no rosto.<\/li>\n<li>Prontinho! Assim voc\u00ea pode aproveitar sua maquiagem at\u00e9 embaixo d&#8217;\u00e1gua.<\/li>\n<\/ul>\n<p>Ao mesmo tempo que para voc\u00ea garantir uma maquiagem \u00e0 prova d&#8217;\u00e1gua, veja tamb\u00e9m esses produtos que casam bem com essa proposta. Afinal, quem que aguenta maquiagem transferindo n\u00e9! Te indico o <a href=\"https:\/\/daniellebeatrizmakeup.com.br\/loja\/po-de-seda-maria-margarida\/\">P\u00f3 de Seda Matte<\/a> ou <a href=\"https:\/\/daniellebeatrizmakeup.com.br\/loja\/po-de-seda-glow-maria-margarida\/\">Glow<\/a> , e o <a href=\"https:\/\/daniellebeatrizmakeup.com.br\/loja\/corretivo-hidra-cover-maria-margarida\/\">Corretivo L\u00edquido Hidra Cover.<\/a><\/p>\n<p>Conte\u00fado 30ml<\/p>\n","protected":false},"excerpt":{"rendered":"<p>O At\u00e9 Embaixo D\u00e1gua Drops da Maria Margarida ajuda a deixar a maquiagem perfeita at\u00e9 embaixo d\u2019\u00e1gua! O Drops vem em conta gotas que \u00e9 perfeito para misturar na base ou utilizar como primer. Ele possui ativos que repelem a \u00e1gua, deixando a maquiagem mais resistente. Ent\u00e3o sua maquiagem vai durar muito mais em locais \u00famidos, ao nadar ou pegar aquela chuva!<\/p>\n<p>Validade: 06\/2025.<\/p>\n","protected":false},"featured_media":57694,"comment_status":"open","ping_status":"closed","template":"","meta":{"_mbp_gutenberg_autopost":false},"product_brand":[],"product_cat":[838,748,723,73,722,78,720],"product_tag":[844,175,207,145,106],"woo-feed-brand":[],"class_list":{"0":"post-30732","1":"product","2":"type-product","3":"status-publish","4":"has-post-thumbnail","6":"product_cat-ate-embaixo-dagua","7":"product_cat-blindagem","8":"product_cat-proximo-ao-vencimento","9":"product_cat-maria-margarida","10":"product_cat-promocao","11":"product_cat-rosto","12":"product_cat-selecao-verde-e-amarela","13":"product_tag-06-2025","14":"product_tag-a-prova-dagua","15":"product_tag-fixador","16":"product_tag-maria-margarida","17":"product_tag-pele","18":"yith_product_brand-maria-margarida","20":"first","21":"outofstock","22":"sale","23":"featured","24":"shipping-taxable","25":"purchasable","26":"product-type-simple"},"yoast_head":"<!-- This site is optimized with the Yoast SEO plugin v27.3 - https:\/\/yoast.com\/product\/yoast-seo-wordpress\/ -->\n<title>At\u00e9 Embaixo D\u00e1gua Drops Maria Margarida - Loja DB Makeup<\/title>\n<meta name=\"description\" content=\"At\u00e9 Embaixo D\u00e1gua Drops possui ativos que repelem a \u00e1gua, deixando resistente em locais \u00famidos, ao nadar ou pegar aquela chuva!\" \/>\n<meta name=\"robots\" content=\"index, follow, max-snippet:-1, max-image-preview:large, max-video-preview:-1\" \/>\n<link rel=\"canonical\" href=\"https:\/\/daniellebeatrizmakeup.com.br\/loja\/ate-embaixo-dagua-drops-maria-margarida\/\" \/>\n<meta property=\"og:locale\" content=\"pt_BR\" \/>\n<meta property=\"og:type\" content=\"article\" \/>\n<meta property=\"og:title\" content=\"At\u00e9 Embaixo D\u00e1gua Drops Maria Margarida - Loja DB Makeup\" \/>\n<meta property=\"og:description\" content=\"At\u00e9 Embaixo D\u00e1gua Drops possui ativos que repelem a \u00e1gua, deixando resistente em locais \u00famidos, ao nadar ou pegar aquela chuva!\" \/>\n<meta property=\"og:url\" content=\"https:\/\/daniellebeatrizmakeup.com.br\/loja\/ate-embaixo-dagua-drops-maria-margarida\/\" \/>\n<meta property=\"og:site_name\" content=\"Loja DB Makeup\" \/>\n<meta property=\"article:publisher\" content=\"https:\/\/www.facebook.com\/daniellebeatrizmakeup\" \/>\n<meta property=\"article:modified_time\" content=\"2025-05-06T19:10:43+00:00\" \/>\n<meta property=\"og:image\" content=\"https:\/\/daniellebeatrizmakeup.com.br\/loja\/wp-content\/uploads\/2021\/05\/drops.png\" \/>\n\t<meta property=\"og:image:width\" content=\"640\" \/>\n\t<meta property=\"og:image:height\" content=\"853\" \/>\n\t<meta property=\"og:image:type\" content=\"image\/png\" \/>\n<meta name=\"twitter:card\" content=\"summary_large_image\" \/>\n<meta name=\"twitter:site\" content=\"@danibetriz\" \/>\n<meta name=\"twitter:label1\" content=\"Est. tempo de leitura\" \/>\n\t<meta name=\"twitter:data1\" content=\"2 minutos\" \/>\n<script type=\"application\/ld+json\" class=\"yoast-schema-graph\">{\"@context\":\"https:\\\/\\\/schema.org\",\"@graph\":[{\"@type\":\"WebPage\",\"@id\":\"https:\\\/\\\/daniellebeatrizmakeup.com.br\\\/loja\\\/ate-embaixo-dagua-drops-maria-margarida\\\/\",\"url\":\"https:\\\/\\\/daniellebeatrizmakeup.com.br\\\/loja\\\/ate-embaixo-dagua-drops-maria-margarida\\\/\",\"name\":\"At\u00e9 Embaixo D\u00e1gua Drops Maria Margarida - Loja DB Makeup\",\"isPartOf\":{\"@id\":\"https:\\\/\\\/daniellebeatrizmakeup.com.br\\\/loja\\\/#website\"},\"primaryImageOfPage\":{\"@id\":\"https:\\\/\\\/daniellebeatrizmakeup.com.br\\\/loja\\\/ate-embaixo-dagua-drops-maria-margarida\\\/#primaryimage\"},\"image\":{\"@id\":\"https:\\\/\\\/daniellebeatrizmakeup.com.br\\\/loja\\\/ate-embaixo-dagua-drops-maria-margarida\\\/#primaryimage\"},\"thumbnailUrl\":\"https:\\\/\\\/daniellebeatrizmakeup.com.br\\\/loja\\\/wp-content\\\/uploads\\\/2021\\\/05\\\/drops.png\",\"datePublished\":\"2021-05-05T22:05:14+00:00\",\"dateModified\":\"2025-05-06T19:10:43+00:00\",\"description\":\"At\u00e9 Embaixo D\u00e1gua Drops possui ativos que repelem a \u00e1gua, deixando resistente em locais \u00famidos, ao nadar ou pegar aquela chuva!\",\"breadcrumb\":{\"@id\":\"https:\\\/\\\/daniellebeatrizmakeup.com.br\\\/loja\\\/ate-embaixo-dagua-drops-maria-margarida\\\/#breadcrumb\"},\"inLanguage\":\"pt-BR\",\"potentialAction\":[{\"@type\":\"ReadAction\",\"target\":[\"https:\\\/\\\/daniellebeatrizmakeup.com.br\\\/loja\\\/ate-embaixo-dagua-drops-maria-margarida\\\/\"]}]},{\"@type\":\"ImageObject\",\"inLanguage\":\"pt-BR\",\"@id\":\"https:\\\/\\\/daniellebeatrizmakeup.com.br\\\/loja\\\/ate-embaixo-dagua-drops-maria-margarida\\\/#primaryimage\",\"url\":\"https:\\\/\\\/daniellebeatrizmakeup.com.br\\\/loja\\\/wp-content\\\/uploads\\\/2021\\\/05\\\/drops.png\",\"contentUrl\":\"https:\\\/\\\/daniellebeatrizmakeup.com.br\\\/loja\\\/wp-content\\\/uploads\\\/2021\\\/05\\\/drops.png\",\"width\":640,\"height\":853},{\"@type\":\"BreadcrumbList\",\"@id\":\"https:\\\/\\\/daniellebeatrizmakeup.com.br\\\/loja\\\/ate-embaixo-dagua-drops-maria-margarida\\\/#breadcrumb\",\"itemListElement\":[{\"@type\":\"ListItem\",\"position\":1,\"name\":\"In\u00edcio\",\"item\":\"https:\\\/\\\/daniellebeatrizmakeup.com.br\\\/loja\\\/\"},{\"@type\":\"ListItem\",\"position\":2,\"name\":\"Todos\",\"item\":\"https:\\\/\\\/daniellebeatrizmakeup.com.br\\\/loja\\\/todos\\\/\"},{\"@type\":\"ListItem\",\"position\":3,\"name\":\"At\u00e9 Embaixo D\u00e1gua Drops Maria Margarida\"}]},{\"@type\":\"WebSite\",\"@id\":\"https:\\\/\\\/daniellebeatrizmakeup.com.br\\\/loja\\\/#website\",\"url\":\"https:\\\/\\\/daniellebeatrizmakeup.com.br\\\/loja\\\/\",\"name\":\"Loja DB Makeup\",\"description\":\"A melhor loja de maquiagem para real\u00e7ar a sua beleza\",\"publisher\":{\"@id\":\"https:\\\/\\\/daniellebeatrizmakeup.com.br\\\/loja\\\/#organization\"},\"potentialAction\":[{\"@type\":\"SearchAction\",\"target\":{\"@type\":\"EntryPoint\",\"urlTemplate\":\"https:\\\/\\\/daniellebeatrizmakeup.com.br\\\/loja\\\/?s={search_term_string}\"},\"query-input\":{\"@type\":\"PropertyValueSpecification\",\"valueRequired\":true,\"valueName\":\"search_term_string\"}}],\"inLanguage\":\"pt-BR\"},{\"@type\":\"Organization\",\"@id\":\"https:\\\/\\\/daniellebeatrizmakeup.com.br\\\/loja\\\/#organization\",\"name\":\"Danielle Beatriz Makeup\",\"url\":\"https:\\\/\\\/daniellebeatrizmakeup.com.br\\\/loja\\\/\",\"logo\":{\"@type\":\"ImageObject\",\"inLanguage\":\"pt-BR\",\"@id\":\"https:\\\/\\\/daniellebeatrizmakeup.com.br\\\/loja\\\/#\\\/schema\\\/logo\\\/image\\\/\",\"url\":\"https:\\\/\\\/daniellebeatrizmakeup.com.br\\\/loja\\\/wp-content\\\/uploads\\\/2020\\\/10\\\/logo-loja-db-makeup.png\",\"contentUrl\":\"https:\\\/\\\/daniellebeatrizmakeup.com.br\\\/loja\\\/wp-content\\\/uploads\\\/2020\\\/10\\\/logo-loja-db-makeup.png\",\"width\":500,\"height\":110,\"caption\":\"Danielle Beatriz Makeup\"},\"image\":{\"@id\":\"https:\\\/\\\/daniellebeatrizmakeup.com.br\\\/loja\\\/#\\\/schema\\\/logo\\\/image\\\/\"},\"sameAs\":[\"https:\\\/\\\/www.facebook.com\\\/daniellebeatrizmakeup\",\"https:\\\/\\\/x.com\\\/danibetriz\",\"https:\\\/\\\/www.instagram.com\\\/daniellebeatrizmakeup\",\"https:\\\/\\\/pinterest.com\\\/daniellebeatrizmakeup\",\"https:\\\/\\\/www.youtube.com\\\/DanielleBeatriz\"]}]}<\/script>\n<!-- \/ Yoast SEO plugin. -->","yoast_head_json":{"title":"At\u00e9 Embaixo D\u00e1gua Drops Maria Margarida - Loja DB Makeup","description":"At\u00e9 Embaixo D\u00e1gua Drops possui ativos que repelem a \u00e1gua, deixando resistente em locais \u00famidos, ao nadar ou pegar aquela chuva!","robots":{"index":"index","follow":"follow","max-snippet":"max-snippet:-1","max-image-preview":"max-image-preview:large","max-video-preview":"max-video-preview:-1"},"canonical":"https:\/\/daniellebeatrizmakeup.com.br\/loja\/ate-embaixo-dagua-drops-maria-margarida\/","og_locale":"pt_BR","og_type":"article","og_title":"At\u00e9 Embaixo D\u00e1gua Drops Maria Margarida - Loja DB Makeup","og_description":"At\u00e9 Embaixo D\u00e1gua Drops possui ativos que repelem a \u00e1gua, deixando resistente em locais \u00famidos, ao nadar ou pegar aquela chuva!","og_url":"https:\/\/daniellebeatrizmakeup.com.br\/loja\/ate-embaixo-dagua-drops-maria-margarida\/","og_site_name":"Loja DB Makeup","article_publisher":"https:\/\/www.facebook.com\/daniellebeatrizmakeup","article_modified_time":"2025-05-06T19:10:43+00:00","og_image":[{"width":640,"height":853,"url":"https:\/\/daniellebeatrizmakeup.com.br\/loja\/wp-content\/uploads\/2021\/05\/drops.png","type":"image\/png"}],"twitter_card":"summary_large_image","twitter_site":"@danibetriz","twitter_misc":{"Est. tempo de leitura":"2 minutos"},"schema":{"@context":"https:\/\/schema.org","@graph":[{"@type":"WebPage","@id":"https:\/\/daniellebeatrizmakeup.com.br\/loja\/ate-embaixo-dagua-drops-maria-margarida\/","url":"https:\/\/daniellebeatrizmakeup.com.br\/loja\/ate-embaixo-dagua-drops-maria-margarida\/","name":"At\u00e9 Embaixo D\u00e1gua Drops Maria Margarida - Loja DB Makeup","isPartOf":{"@id":"https:\/\/daniellebeatrizmakeup.com.br\/loja\/#website"},"primaryImageOfPage":{"@id":"https:\/\/daniellebeatrizmakeup.com.br\/loja\/ate-embaixo-dagua-drops-maria-margarida\/#primaryimage"},"image":{"@id":"https:\/\/daniellebeatrizmakeup.com.br\/loja\/ate-embaixo-dagua-drops-maria-margarida\/#primaryimage"},"thumbnailUrl":"https:\/\/daniellebeatrizmakeup.com.br\/loja\/wp-content\/uploads\/2021\/05\/drops.png","datePublished":"2021-05-05T22:05:14+00:00","dateModified":"2025-05-06T19:10:43+00:00","description":"At\u00e9 Embaixo D\u00e1gua Drops possui ativos que repelem a \u00e1gua, deixando resistente em locais \u00famidos, ao nadar ou pegar aquela chuva!","breadcrumb":{"@id":"https:\/\/daniellebeatrizmakeup.com.br\/loja\/ate-embaixo-dagua-drops-maria-margarida\/#breadcrumb"},"inLanguage":"pt-BR","potentialAction":[{"@type":"ReadAction","target":["https:\/\/daniellebeatrizmakeup.com.br\/loja\/ate-embaixo-dagua-drops-maria-margarida\/"]}]},{"@type":"ImageObject","inLanguage":"pt-BR","@id":"https:\/\/daniellebeatrizmakeup.com.br\/loja\/ate-embaixo-dagua-drops-maria-margarida\/#primaryimage","url":"https:\/\/daniellebeatrizmakeup.com.br\/loja\/wp-content\/uploads\/2021\/05\/drops.png","contentUrl":"https:\/\/daniellebeatrizmakeup.com.br\/loja\/wp-content\/uploads\/2021\/05\/drops.png","width":640,"height":853},{"@type":"BreadcrumbList","@id":"https:\/\/daniellebeatrizmakeup.com.br\/loja\/ate-embaixo-dagua-drops-maria-margarida\/#breadcrumb","itemListElement":[{"@type":"ListItem","position":1,"name":"In\u00edcio","item":"https:\/\/daniellebeatrizmakeup.com.br\/loja\/"},{"@type":"ListItem","position":2,"name":"Todos","item":"https:\/\/daniellebeatrizmakeup.com.br\/loja\/todos\/"},{"@type":"ListItem","position":3,"name":"At\u00e9 Embaixo D\u00e1gua Drops Maria Margarida"}]},{"@type":"WebSite","@id":"https:\/\/daniellebeatrizmakeup.com.br\/loja\/#website","url":"https:\/\/daniellebeatrizmakeup.com.br\/loja\/","name":"Loja DB Makeup","description":"A melhor loja de maquiagem para real\u00e7ar a sua beleza","publisher":{"@id":"https:\/\/daniellebeatrizmakeup.com.br\/loja\/#organization"},"potentialAction":[{"@type":"SearchAction","target":{"@type":"EntryPoint","urlTemplate":"https:\/\/daniellebeatrizmakeup.com.br\/loja\/?s={search_term_string}"},"query-input":{"@type":"PropertyValueSpecification","valueRequired":true,"valueName":"search_term_string"}}],"inLanguage":"pt-BR"},{"@type":"Organization","@id":"https:\/\/daniellebeatrizmakeup.com.br\/loja\/#organization","name":"Danielle Beatriz Makeup","url":"https:\/\/daniellebeatrizmakeup.com.br\/loja\/","logo":{"@type":"ImageObject","inLanguage":"pt-BR","@id":"https:\/\/daniellebeatrizmakeup.com.br\/loja\/#\/schema\/logo\/image\/","url":"https:\/\/daniellebeatrizmakeup.com.br\/loja\/wp-content\/uploads\/2020\/10\/logo-loja-db-makeup.png","contentUrl":"https:\/\/daniellebeatrizmakeup.com.br\/loja\/wp-content\/uploads\/2020\/10\/logo-loja-db-makeup.png","width":500,"height":110,"caption":"Danielle Beatriz Makeup"},"image":{"@id":"https:\/\/daniellebeatrizmakeup.com.br\/loja\/#\/schema\/logo\/image\/"},"sameAs":["https:\/\/www.facebook.com\/daniellebeatrizmakeup","https:\/\/x.com\/danibetriz","https:\/\/www.instagram.com\/daniellebeatrizmakeup","https:\/\/pinterest.com\/daniellebeatrizmakeup","https:\/\/www.youtube.com\/DanielleBeatriz"]}]}},"jetpack_sharing_enabled":true,"_links":{"self":[{"href":"https:\/\/daniellebeatrizmakeup.com.br\/loja\/wp-json\/wp\/v2\/product\/30732","targetHints":{"allow":["GET"]}}],"collection":[{"href":"https:\/\/daniellebeatrizmakeup.com.br\/loja\/wp-json\/wp\/v2\/product"}],"about":[{"href":"https:\/\/daniellebeatrizmakeup.com.br\/loja\/wp-json\/wp\/v2\/types\/product"}],"replies":[{"embeddable":true,"href":"https:\/\/daniellebeatrizmakeup.com.br\/loja\/wp-json\/wp\/v2\/comments?post=30732"}],"version-history":[{"count":4,"href":"https:\/\/daniellebeatrizmakeup.com.br\/loja\/wp-json\/wp\/v2\/product\/30732\/revisions"}],"predecessor-version":[{"id":57693,"href":"https:\/\/daniellebeatrizmakeup.com.br\/loja\/wp-json\/wp\/v2\/product\/30732\/revisions\/57693"}],"wp:featuredmedia":[{"embeddable":true,"href":"https:\/\/daniellebeatrizmakeup.com.br\/loja\/wp-json\/wp\/v2\/media\/57694"}],"wp:attachment":[{"href":"https:\/\/daniellebeatrizmakeup.com.br\/loja\/wp-json\/wp\/v2\/media?parent=30732"}],"wp:term":[{"taxonomy":"product_brand","embeddable":true,"href":"https:\/\/daniellebeatrizmakeup.com.br\/loja\/wp-json\/wp\/v2\/product_brand?post=30732"},{"taxonomy":"product_cat","embeddable":true,"href":"https:\/\/daniellebeatrizmakeup.com.br\/loja\/wp-json\/wp\/v2\/product_cat?post=30732"},{"taxonomy":"product_tag","embeddable":true,"href":"https:\/\/daniellebeatrizmakeup.com.br\/loja\/wp-json\/wp\/v2\/product_tag?post=30732"},{"taxonomy":"woo-feed-brand","embeddable":true,"href":"https:\/\/daniellebeatrizmakeup.com.br\/loja\/wp-json\/wp\/v2\/woo-feed-brand?post=30732"}],"curies":[{"name":"wp","href":"https:\/\/api.w.org\/{rel}","templated":true}]}}