{"id":27851,"date":"2021-03-25T16:59:40","date_gmt":"2021-03-25T19:59:40","guid":{"rendered":"https:\/\/loja.daniellebeatrizmakeup.com.br\/?post_type=product&#038;p=27851"},"modified":"2025-10-22T14:55:49","modified_gmt":"2025-10-22T17:55:49","slug":"kit-pele-blindada-maria-margarida","status":"publish","type":"product","link":"https:\/\/daniellebeatrizmakeup.com.br\/loja\/kit-pele-blindada-maria-margarida\/","title":{"rendered":"Kit Pele Blindada Maria Margarida"},"content":{"rendered":"<p>Antes de mais nada o Combo Pele Blindada da <a href=\"https:\/\/daniellebeatrizmakeup.com.br\/loja\/maria-margarida\/\">Maria Margarida<\/a> chegou para ficar! S\u00e3o os produtos mais queridinhos de grandes maquiadores como <a href=\"https:\/\/instagram.com\/nat_teodoro\">Nath Teodoro<\/a>, <a href=\"https:\/\/instagram.com\/natanerosamakeup\/\">Natane Rosa<\/a>, entre outros. Al\u00e9m disso, s\u00e3o perfeitos para fazer a pele super resistente que \u00e9 a sensa\u00e7\u00e3o do momento!<\/p>\n<p>Logo, este Combo Pele Blindada da Maria Margarida \u00e9 composto por:<\/p>\n<ul>\n<li><strong>3x Corretivos Hidra Cover: <\/strong>indicado pela Natane Rosa no seu curso online! No combo voc\u00ea leva as 3 cores de maior sa\u00edda, e uma dessas cores serve para contorno! S\u00e3o elas: 2N, 2Q e 7N. A princ\u00edpio o acabamento matte e resist\u00eancia \u00e0 \u00e1gua garantem alta dura\u00e7\u00e3o da maquiagem. Bem como a sua a\u00e7\u00e3o hidratante pela Manteiga de Karit\u00e9, que hidrata sem deixar a pele oleosa, garante um acabamento lindo em peles maduras e tamb\u00e9m ressecadas!<\/li>\n<li><strong>2x \u00c1guas de Rosas Tradicional e Matte:<\/strong>\u00a0indicadas por Natane Rosa no seu curso online! Podem ser utilizadas no in\u00edcio, meio e finaliza\u00e7\u00e3o da make! Acima de tudo uma super fixa\u00e7\u00e3o e hidrata\u00e7\u00e3o da pele! A \u00c1gua de Rosas <strong>Matte<\/strong> deixa a pele sequinha, funciona como um p\u00f3 l\u00edquido! Um detalhe not\u00e1vel da nossa \u00c1gua de Rosas \u00e9 que todas as vers\u00f5es s\u00e3o livres de parabenos!<\/li>\n<li><strong>1x Fixador At\u00e9 Embaixo D&#8217;\u00e1gua:<\/strong> queridinho da Nat Teodoro e tamb\u00e9m indicado por Natane Rosa no curso online! Deixa a make resistente \u00e0 atrito e \u00e0 prova d&#8217;\u00e1gua! Ele cria um filme protetor que deixa sua maquiagem completamente \u00e0 prova d&#8217;\u00e1gua e de transfer\u00eancia! Portanto deve ser usada para finalizar a make, como <strong>\u00faltimo<\/strong> passo!<\/li>\n<\/ul>\n<p><strong>Estoque limitado! Validade dos itens dispon\u00edvel nos produtos individuais.<\/strong><\/p>\n","protected":false},"excerpt":{"rendered":"<p>O combo Pele Blindada da Maria Margarida chegou para ficar! Os produtos queridinhos de grandes maquiadores como, Nath Teodoro, Natane Rosa e outros, para fazer a pele super resistente que \u00e9 a sensa\u00e7\u00e3o do momento! Composto por 3x Corretivos Hidra Cover, 2x \u00c1gua de Rosas e 1x Fixador At\u00e9 Embaixo D&#8217;\u00e1gua.<\/p>\n<p><strong>Validade dos itens dispon\u00edvel nos produtos individuais.<\/strong><\/p>\n","protected":false},"featured_media":27883,"comment_status":"open","ping_status":"closed","template":"","meta":{"_mbp_gutenberg_autopost":false},"product_brand":[],"product_cat":[838,121,136,746,322,73],"product_tag":[145],"woo-feed-brand":[],"class_list":{"0":"post-27851","1":"product","2":"type-product","3":"status-publish","4":"has-post-thumbnail","6":"product_cat-ate-embaixo-dagua","7":"product_cat-bruma","8":"product_cat-corretivo","9":"product_cat-fixador","10":"product_cat-kit-de-maquiagem","11":"product_cat-maria-margarida","12":"product_tag-maria-margarida","13":"yith_product_brand-maria-margarida","15":"first","16":"outofstock","17":"sale","18":"shipping-taxable","19":"purchasable","20":"product-type-woosb"},"yoast_head":"<!-- This site is optimized with the Yoast SEO plugin v27.3 - https:\/\/yoast.com\/product\/yoast-seo-wordpress\/ -->\n<title>Kit Pele Blindada Maria Margarida - Loja DB Makeup<\/title>\n<meta name=\"description\" content=\"O Combo Pele Blindada chegou para ficar! Os produtos queridinhos de grandes maquiadores para fazer a pele super resistente!\" \/>\n<meta name=\"robots\" content=\"index, follow, max-snippet:-1, max-image-preview:large, max-video-preview:-1\" \/>\n<link rel=\"canonical\" href=\"https:\/\/daniellebeatrizmakeup.com.br\/loja\/kit-pele-blindada-maria-margarida\/\" \/>\n<meta property=\"og:locale\" content=\"pt_BR\" \/>\n<meta property=\"og:type\" content=\"article\" \/>\n<meta property=\"og:title\" content=\"Kit Pele Blindada Maria Margarida - Loja DB Makeup\" \/>\n<meta property=\"og:description\" content=\"O Combo Pele Blindada chegou para ficar! Os produtos queridinhos de grandes maquiadores para fazer a pele super resistente!\" \/>\n<meta property=\"og:url\" content=\"https:\/\/daniellebeatrizmakeup.com.br\/loja\/kit-pele-blindada-maria-margarida\/\" \/>\n<meta property=\"og:site_name\" content=\"Loja DB Makeup\" \/>\n<meta property=\"article:publisher\" content=\"https:\/\/www.facebook.com\/daniellebeatrizmakeup\" \/>\n<meta property=\"article:modified_time\" content=\"2025-10-22T17:55:49+00:00\" \/>\n<meta property=\"og:image\" content=\"https:\/\/daniellebeatrizmakeup.com.br\/loja\/wp-content\/uploads\/2021\/03\/combinho-pele-blindada-maria-margarid.jpeg\" \/>\n\t<meta property=\"og:image:width\" content=\"956\" \/>\n\t<meta property=\"og:image:height\" content=\"956\" \/>\n\t<meta property=\"og:image:type\" content=\"image\/jpeg\" \/>\n<meta name=\"twitter:card\" content=\"summary_large_image\" \/>\n<meta name=\"twitter:site\" content=\"@danibetriz\" \/>\n<meta name=\"twitter:label1\" content=\"Est. tempo de leitura\" \/>\n\t<meta name=\"twitter:data1\" content=\"2 minutos\" \/>\n<script type=\"application\/ld+json\" class=\"yoast-schema-graph\">{\"@context\":\"https:\\\/\\\/schema.org\",\"@graph\":[{\"@type\":\"WebPage\",\"@id\":\"https:\\\/\\\/daniellebeatrizmakeup.com.br\\\/loja\\\/kit-pele-blindada-maria-margarida\\\/\",\"url\":\"https:\\\/\\\/daniellebeatrizmakeup.com.br\\\/loja\\\/kit-pele-blindada-maria-margarida\\\/\",\"name\":\"Kit Pele Blindada Maria Margarida - Loja DB Makeup\",\"isPartOf\":{\"@id\":\"https:\\\/\\\/daniellebeatrizmakeup.com.br\\\/loja\\\/#website\"},\"primaryImageOfPage\":{\"@id\":\"https:\\\/\\\/daniellebeatrizmakeup.com.br\\\/loja\\\/kit-pele-blindada-maria-margarida\\\/#primaryimage\"},\"image\":{\"@id\":\"https:\\\/\\\/daniellebeatrizmakeup.com.br\\\/loja\\\/kit-pele-blindada-maria-margarida\\\/#primaryimage\"},\"thumbnailUrl\":\"https:\\\/\\\/daniellebeatrizmakeup.com.br\\\/loja\\\/wp-content\\\/uploads\\\/2021\\\/03\\\/combinho-pele-blindada-maria-margarid.jpeg\",\"datePublished\":\"2021-03-25T19:59:40+00:00\",\"dateModified\":\"2025-10-22T17:55:49+00:00\",\"description\":\"O Combo Pele Blindada chegou para ficar! Os produtos queridinhos de grandes maquiadores para fazer a pele super resistente!\",\"breadcrumb\":{\"@id\":\"https:\\\/\\\/daniellebeatrizmakeup.com.br\\\/loja\\\/kit-pele-blindada-maria-margarida\\\/#breadcrumb\"},\"inLanguage\":\"pt-BR\",\"potentialAction\":[{\"@type\":\"ReadAction\",\"target\":[\"https:\\\/\\\/daniellebeatrizmakeup.com.br\\\/loja\\\/kit-pele-blindada-maria-margarida\\\/\"]}]},{\"@type\":\"ImageObject\",\"inLanguage\":\"pt-BR\",\"@id\":\"https:\\\/\\\/daniellebeatrizmakeup.com.br\\\/loja\\\/kit-pele-blindada-maria-margarida\\\/#primaryimage\",\"url\":\"https:\\\/\\\/daniellebeatrizmakeup.com.br\\\/loja\\\/wp-content\\\/uploads\\\/2021\\\/03\\\/combinho-pele-blindada-maria-margarid.jpeg\",\"contentUrl\":\"https:\\\/\\\/daniellebeatrizmakeup.com.br\\\/loja\\\/wp-content\\\/uploads\\\/2021\\\/03\\\/combinho-pele-blindada-maria-margarid.jpeg\",\"width\":956,\"height\":956,\"caption\":\"Combinho Pele Blindada Maria Margarida\"},{\"@type\":\"BreadcrumbList\",\"@id\":\"https:\\\/\\\/daniellebeatrizmakeup.com.br\\\/loja\\\/kit-pele-blindada-maria-margarida\\\/#breadcrumb\",\"itemListElement\":[{\"@type\":\"ListItem\",\"position\":1,\"name\":\"In\u00edcio\",\"item\":\"https:\\\/\\\/daniellebeatrizmakeup.com.br\\\/loja\\\/\"},{\"@type\":\"ListItem\",\"position\":2,\"name\":\"Todos\",\"item\":\"https:\\\/\\\/daniellebeatrizmakeup.com.br\\\/loja\\\/todos\\\/\"},{\"@type\":\"ListItem\",\"position\":3,\"name\":\"Kit Pele Blindada Maria Margarida\"}]},{\"@type\":\"WebSite\",\"@id\":\"https:\\\/\\\/daniellebeatrizmakeup.com.br\\\/loja\\\/#website\",\"url\":\"https:\\\/\\\/daniellebeatrizmakeup.com.br\\\/loja\\\/\",\"name\":\"Loja DB Makeup\",\"description\":\"A melhor loja de maquiagem para real\u00e7ar a sua beleza\",\"publisher\":{\"@id\":\"https:\\\/\\\/daniellebeatrizmakeup.com.br\\\/loja\\\/#organization\"},\"potentialAction\":[{\"@type\":\"SearchAction\",\"target\":{\"@type\":\"EntryPoint\",\"urlTemplate\":\"https:\\\/\\\/daniellebeatrizmakeup.com.br\\\/loja\\\/?s={search_term_string}\"},\"query-input\":{\"@type\":\"PropertyValueSpecification\",\"valueRequired\":true,\"valueName\":\"search_term_string\"}}],\"inLanguage\":\"pt-BR\"},{\"@type\":\"Organization\",\"@id\":\"https:\\\/\\\/daniellebeatrizmakeup.com.br\\\/loja\\\/#organization\",\"name\":\"Danielle Beatriz Makeup\",\"url\":\"https:\\\/\\\/daniellebeatrizmakeup.com.br\\\/loja\\\/\",\"logo\":{\"@type\":\"ImageObject\",\"inLanguage\":\"pt-BR\",\"@id\":\"https:\\\/\\\/daniellebeatrizmakeup.com.br\\\/loja\\\/#\\\/schema\\\/logo\\\/image\\\/\",\"url\":\"https:\\\/\\\/daniellebeatrizmakeup.com.br\\\/loja\\\/wp-content\\\/uploads\\\/2020\\\/10\\\/logo-loja-db-makeup.png\",\"contentUrl\":\"https:\\\/\\\/daniellebeatrizmakeup.com.br\\\/loja\\\/wp-content\\\/uploads\\\/2020\\\/10\\\/logo-loja-db-makeup.png\",\"width\":500,\"height\":110,\"caption\":\"Danielle Beatriz Makeup\"},\"image\":{\"@id\":\"https:\\\/\\\/daniellebeatrizmakeup.com.br\\\/loja\\\/#\\\/schema\\\/logo\\\/image\\\/\"},\"sameAs\":[\"https:\\\/\\\/www.facebook.com\\\/daniellebeatrizmakeup\",\"https:\\\/\\\/x.com\\\/danibetriz\",\"https:\\\/\\\/www.instagram.com\\\/daniellebeatrizmakeup\",\"https:\\\/\\\/pinterest.com\\\/daniellebeatrizmakeup\",\"https:\\\/\\\/www.youtube.com\\\/DanielleBeatriz\"]}]}<\/script>\n<!-- \/ Yoast SEO plugin. -->","yoast_head_json":{"title":"Kit Pele Blindada Maria Margarida - Loja DB Makeup","description":"O Combo Pele Blindada chegou para ficar! Os produtos queridinhos de grandes maquiadores para fazer a pele super resistente!","robots":{"index":"index","follow":"follow","max-snippet":"max-snippet:-1","max-image-preview":"max-image-preview:large","max-video-preview":"max-video-preview:-1"},"canonical":"https:\/\/daniellebeatrizmakeup.com.br\/loja\/kit-pele-blindada-maria-margarida\/","og_locale":"pt_BR","og_type":"article","og_title":"Kit Pele Blindada Maria Margarida - Loja DB Makeup","og_description":"O Combo Pele Blindada chegou para ficar! Os produtos queridinhos de grandes maquiadores para fazer a pele super resistente!","og_url":"https:\/\/daniellebeatrizmakeup.com.br\/loja\/kit-pele-blindada-maria-margarida\/","og_site_name":"Loja DB Makeup","article_publisher":"https:\/\/www.facebook.com\/daniellebeatrizmakeup","article_modified_time":"2025-10-22T17:55:49+00:00","og_image":[{"width":956,"height":956,"url":"https:\/\/daniellebeatrizmakeup.com.br\/loja\/wp-content\/uploads\/2021\/03\/combinho-pele-blindada-maria-margarid.jpeg","type":"image\/jpeg"}],"twitter_card":"summary_large_image","twitter_site":"@danibetriz","twitter_misc":{"Est. tempo de leitura":"2 minutos"},"schema":{"@context":"https:\/\/schema.org","@graph":[{"@type":"WebPage","@id":"https:\/\/daniellebeatrizmakeup.com.br\/loja\/kit-pele-blindada-maria-margarida\/","url":"https:\/\/daniellebeatrizmakeup.com.br\/loja\/kit-pele-blindada-maria-margarida\/","name":"Kit Pele Blindada Maria Margarida - Loja DB Makeup","isPartOf":{"@id":"https:\/\/daniellebeatrizmakeup.com.br\/loja\/#website"},"primaryImageOfPage":{"@id":"https:\/\/daniellebeatrizmakeup.com.br\/loja\/kit-pele-blindada-maria-margarida\/#primaryimage"},"image":{"@id":"https:\/\/daniellebeatrizmakeup.com.br\/loja\/kit-pele-blindada-maria-margarida\/#primaryimage"},"thumbnailUrl":"https:\/\/daniellebeatrizmakeup.com.br\/loja\/wp-content\/uploads\/2021\/03\/combinho-pele-blindada-maria-margarid.jpeg","datePublished":"2021-03-25T19:59:40+00:00","dateModified":"2025-10-22T17:55:49+00:00","description":"O Combo Pele Blindada chegou para ficar! Os produtos queridinhos de grandes maquiadores para fazer a pele super resistente!","breadcrumb":{"@id":"https:\/\/daniellebeatrizmakeup.com.br\/loja\/kit-pele-blindada-maria-margarida\/#breadcrumb"},"inLanguage":"pt-BR","potentialAction":[{"@type":"ReadAction","target":["https:\/\/daniellebeatrizmakeup.com.br\/loja\/kit-pele-blindada-maria-margarida\/"]}]},{"@type":"ImageObject","inLanguage":"pt-BR","@id":"https:\/\/daniellebeatrizmakeup.com.br\/loja\/kit-pele-blindada-maria-margarida\/#primaryimage","url":"https:\/\/daniellebeatrizmakeup.com.br\/loja\/wp-content\/uploads\/2021\/03\/combinho-pele-blindada-maria-margarid.jpeg","contentUrl":"https:\/\/daniellebeatrizmakeup.com.br\/loja\/wp-content\/uploads\/2021\/03\/combinho-pele-blindada-maria-margarid.jpeg","width":956,"height":956,"caption":"Combinho Pele Blindada Maria Margarida"},{"@type":"BreadcrumbList","@id":"https:\/\/daniellebeatrizmakeup.com.br\/loja\/kit-pele-blindada-maria-margarida\/#breadcrumb","itemListElement":[{"@type":"ListItem","position":1,"name":"In\u00edcio","item":"https:\/\/daniellebeatrizmakeup.com.br\/loja\/"},{"@type":"ListItem","position":2,"name":"Todos","item":"https:\/\/daniellebeatrizmakeup.com.br\/loja\/todos\/"},{"@type":"ListItem","position":3,"name":"Kit Pele Blindada Maria Margarida"}]},{"@type":"WebSite","@id":"https:\/\/daniellebeatrizmakeup.com.br\/loja\/#website","url":"https:\/\/daniellebeatrizmakeup.com.br\/loja\/","name":"Loja DB Makeup","description":"A melhor loja de maquiagem para real\u00e7ar a sua beleza","publisher":{"@id":"https:\/\/daniellebeatrizmakeup.com.br\/loja\/#organization"},"potentialAction":[{"@type":"SearchAction","target":{"@type":"EntryPoint","urlTemplate":"https:\/\/daniellebeatrizmakeup.com.br\/loja\/?s={search_term_string}"},"query-input":{"@type":"PropertyValueSpecification","valueRequired":true,"valueName":"search_term_string"}}],"inLanguage":"pt-BR"},{"@type":"Organization","@id":"https:\/\/daniellebeatrizmakeup.com.br\/loja\/#organization","name":"Danielle Beatriz Makeup","url":"https:\/\/daniellebeatrizmakeup.com.br\/loja\/","logo":{"@type":"ImageObject","inLanguage":"pt-BR","@id":"https:\/\/daniellebeatrizmakeup.com.br\/loja\/#\/schema\/logo\/image\/","url":"https:\/\/daniellebeatrizmakeup.com.br\/loja\/wp-content\/uploads\/2020\/10\/logo-loja-db-makeup.png","contentUrl":"https:\/\/daniellebeatrizmakeup.com.br\/loja\/wp-content\/uploads\/2020\/10\/logo-loja-db-makeup.png","width":500,"height":110,"caption":"Danielle Beatriz Makeup"},"image":{"@id":"https:\/\/daniellebeatrizmakeup.com.br\/loja\/#\/schema\/logo\/image\/"},"sameAs":["https:\/\/www.facebook.com\/daniellebeatrizmakeup","https:\/\/x.com\/danibetriz","https:\/\/www.instagram.com\/daniellebeatrizmakeup","https:\/\/pinterest.com\/daniellebeatrizmakeup","https:\/\/www.youtube.com\/DanielleBeatriz"]}]}},"jetpack_sharing_enabled":true,"_links":{"self":[{"href":"https:\/\/daniellebeatrizmakeup.com.br\/loja\/wp-json\/wp\/v2\/product\/27851","targetHints":{"allow":["GET"]}}],"collection":[{"href":"https:\/\/daniellebeatrizmakeup.com.br\/loja\/wp-json\/wp\/v2\/product"}],"about":[{"href":"https:\/\/daniellebeatrizmakeup.com.br\/loja\/wp-json\/wp\/v2\/types\/product"}],"replies":[{"embeddable":true,"href":"https:\/\/daniellebeatrizmakeup.com.br\/loja\/wp-json\/wp\/v2\/comments?post=27851"}],"version-history":[{"count":4,"href":"https:\/\/daniellebeatrizmakeup.com.br\/loja\/wp-json\/wp\/v2\/product\/27851\/revisions"}],"predecessor-version":[{"id":55800,"href":"https:\/\/daniellebeatrizmakeup.com.br\/loja\/wp-json\/wp\/v2\/product\/27851\/revisions\/55800"}],"wp:featuredmedia":[{"embeddable":true,"href":"https:\/\/daniellebeatrizmakeup.com.br\/loja\/wp-json\/wp\/v2\/media\/27883"}],"wp:attachment":[{"href":"https:\/\/daniellebeatrizmakeup.com.br\/loja\/wp-json\/wp\/v2\/media?parent=27851"}],"wp:term":[{"taxonomy":"product_brand","embeddable":true,"href":"https:\/\/daniellebeatrizmakeup.com.br\/loja\/wp-json\/wp\/v2\/product_brand?post=27851"},{"taxonomy":"product_cat","embeddable":true,"href":"https:\/\/daniellebeatrizmakeup.com.br\/loja\/wp-json\/wp\/v2\/product_cat?post=27851"},{"taxonomy":"product_tag","embeddable":true,"href":"https:\/\/daniellebeatrizmakeup.com.br\/loja\/wp-json\/wp\/v2\/product_tag?post=27851"},{"taxonomy":"woo-feed-brand","embeddable":true,"href":"https:\/\/daniellebeatrizmakeup.com.br\/loja\/wp-json\/wp\/v2\/woo-feed-brand?post=27851"}],"curies":[{"name":"wp","href":"https:\/\/api.w.org\/{rel}","templated":true}]}}