{"id":27637,"date":"2021-03-20T19:45:16","date_gmt":"2021-03-20T22:45:16","guid":{"rendered":"https:\/\/loja.daniellebeatrizmakeup.com.br\/?post_type=product&#038;p=27637"},"modified":"2024-10-20T16:14:16","modified_gmt":"2024-10-20T19:14:16","slug":"kit-adeus-oleosidade-maria-margarida","status":"publish","type":"product","link":"https:\/\/daniellebeatrizmakeup.com.br\/loja\/kit-adeus-oleosidade-maria-margarida\/","title":{"rendered":"Kit Adeus Oleosidade Maria Margarida"},"content":{"rendered":"<p style=\"font-weight: 400;\">O Kit Adeus Oleosidade da <a href=\"https:\/\/daniellebeatrizmakeup.com.br\/loja\/maria-margarida\/\">Maria Margaria<\/a> \u00e9 perfeito para voc\u00ea que gosta de uma pele livre de oleosidade! Voc\u00ea sabia que muitas vezes a pele produz oleosidade em excesso devido \u00e0 falta de hidrata\u00e7\u00e3o?!<\/p>\n<p style=\"font-weight: 400;\">Com 3 passos b\u00e1sicos utilizando o Kit Adeus Oleosidade, sua pele pode ficar muito mais saud\u00e1vel e acabar com o excesso de oleosidade. Nesses 3 passos: Lavar, Tonificar e Hidratar, s\u00e3o etapas essenciais nessa jornada. E elas est\u00e3o juntinhas neste Kit!<\/p>\n<p>O Kit Adeus Oleosidade da Maria Margarida \u00e9 composto por este super trio:<\/p>\n<p><strong>Luminous Soap<\/strong> &#8211; Sabonete Facial 5% \u00c1cido Glic\u00f3lico &#8211; 60ml<\/p>\n<p>Limpa, deixa uma sensa\u00e7\u00e3o super gostosa de pele hidratada, sem repuxar, e combate o excesso de oleosidade enquanto remove c\u00e9lulas mortas. Com 5% de \u00c1cido Glic\u00f3lico e Glicerina! Pele limpa, renovada e luminosa!<\/p>\n<p><strong>Luminous Elixir<\/strong> &#8211; T\u00f4nico Facial 5% \u00c1cido Glic\u00f3lico &#8211; 60ml<\/p>\n<p>Ele reduz manchas, renova a pele, regula oleosidade, hidrata, reduz poros aparentes e linhas finas de express\u00e3o.<\/p>\n<p><b><strong>Hidra Melon<\/strong><\/b> &#8211; Hidratante Peles Normais, Mistas e Oleosas 60g<\/p>\n<p style=\"font-weight: 400;\">\u00c9 um hidratante especialmente elaborado para peles mistas e oleosas. Com textura em gel super refrescante e sequinha. Ele \u00e9 rico em \u00e1cido Hialur\u00f4nico, garante o triplo sistema de hidrata\u00e7\u00e3o. Ainda conta com Extrato Glic\u00f3lico de Melancia que \u00e9 um super antioxidante, e tem cheirinho maravilhoso.<\/p>\n<p>&nbsp;<\/p>\n<p style=\"font-weight: 400;\"><b><strong>Modo de uso<\/strong><\/b><\/p>\n<ul>\n<li style=\"font-weight: 400;\">Pela manh\u00e3 e \u00e0 noite, lave a pele com o Luminous Soap, aplique o Luminous Elixir por toda a pele e por \u00faltimo capriche na camada do Hidra Melon!<\/li>\n<\/ul>\n","protected":false},"excerpt":{"rendered":"<p style=\"font-weight: 400;\">O Kit Adeus Oleosidade da <a href=\"https:\/\/daniellebeatrizmakeup.com.br\/loja\/maria-margarida\/\">Maria Margaria<\/a> \u00e9 perfeito para voc\u00ea que gosta de uma pele livre de oleosidade! Voc\u00ea sabia que muitas vezes a pele produz oleosidade em excesso devido \u00e0 falta de hidrata\u00e7\u00e3o?!<\/p>\n<p style=\"font-weight: 400;\">Com 3 passos b\u00e1sicos utilizando o Kit Adeus Oleosidade, sua pele pode ficar muito mais saud\u00e1vel e acabar com o excesso de oleosidade. Nesses 3 passos: Lavar, Tonificar e Hidratar, s\u00e3o etapas essenciais nessa jornada. E elas est\u00e3o juntinhas neste Kit!<\/p>\n","protected":false},"featured_media":27390,"comment_status":"open","ping_status":"closed","template":"","meta":{"_mbp_gutenberg_autopost":false},"product_brand":[],"product_cat":[322,73,78,837,111],"product_tag":[145,106],"woo-feed-brand":[],"class_list":{"0":"post-27637","1":"product","2":"type-product","3":"status-publish","4":"has-post-thumbnail","6":"product_cat-kit-de-maquiagem","7":"product_cat-maria-margarida","8":"product_cat-rosto","9":"product_cat-skin-expert","10":"product_cat-skincare","11":"product_tag-maria-margarida","12":"product_tag-pele","13":"yith_product_brand-maria-margarida","15":"first","16":"outofstock","17":"sale","18":"shipping-taxable","19":"purchasable","20":"product-type-woosb"},"yoast_head":"<!-- This site is optimized with the Yoast SEO plugin v27.3 - https:\/\/yoast.com\/product\/yoast-seo-wordpress\/ -->\n<title>Kit Adeus Oleosidade Maria Margarida - Loja DB Makeup<\/title>\n<meta name=\"description\" content=\"O Kit Adeus Oleosidade da Maria Margaria \u00e9 perfeito para voc\u00ea que gosta de uma pele livre de oleosidade e ainda cuidando dela.\" \/>\n<meta name=\"robots\" content=\"index, follow, max-snippet:-1, max-image-preview:large, max-video-preview:-1\" \/>\n<link rel=\"canonical\" href=\"https:\/\/daniellebeatrizmakeup.com.br\/loja\/kit-adeus-oleosidade-maria-margarida\/\" \/>\n<meta property=\"og:locale\" content=\"pt_BR\" \/>\n<meta property=\"og:type\" content=\"article\" \/>\n<meta property=\"og:title\" content=\"Kit Adeus Oleosidade Maria Margarida - Loja DB Makeup\" \/>\n<meta property=\"og:description\" content=\"O Kit Adeus Oleosidade da Maria Margaria \u00e9 perfeito para voc\u00ea que gosta de uma pele livre de oleosidade e ainda cuidando dela.\" \/>\n<meta property=\"og:url\" content=\"https:\/\/daniellebeatrizmakeup.com.br\/loja\/kit-adeus-oleosidade-maria-margarida\/\" \/>\n<meta property=\"og:site_name\" content=\"Loja DB Makeup\" \/>\n<meta property=\"article:publisher\" content=\"https:\/\/www.facebook.com\/daniellebeatrizmakeup\" \/>\n<meta property=\"article:modified_time\" content=\"2024-10-20T19:14:16+00:00\" \/>\n<meta property=\"og:image\" content=\"https:\/\/daniellebeatrizmakeup.com.br\/loja\/wp-content\/uploads\/2021\/03\/kit-adeus-oleosidade-3-passos-maria-margarida-luminous-soap-luminous-elixir-hidra-melon.jpg\" \/>\n\t<meta property=\"og:image:width\" content=\"1080\" \/>\n\t<meta property=\"og:image:height\" content=\"1080\" \/>\n\t<meta property=\"og:image:type\" content=\"image\/jpeg\" \/>\n<meta name=\"twitter:card\" content=\"summary_large_image\" \/>\n<meta name=\"twitter:site\" content=\"@danibetriz\" \/>\n<meta name=\"twitter:label1\" content=\"Est. tempo de leitura\" \/>\n\t<meta name=\"twitter:data1\" content=\"2 minutos\" \/>\n<script type=\"application\/ld+json\" class=\"yoast-schema-graph\">{\"@context\":\"https:\\\/\\\/schema.org\",\"@graph\":[{\"@type\":\"WebPage\",\"@id\":\"https:\\\/\\\/daniellebeatrizmakeup.com.br\\\/loja\\\/kit-adeus-oleosidade-maria-margarida\\\/\",\"url\":\"https:\\\/\\\/daniellebeatrizmakeup.com.br\\\/loja\\\/kit-adeus-oleosidade-maria-margarida\\\/\",\"name\":\"Kit Adeus Oleosidade Maria Margarida - Loja DB Makeup\",\"isPartOf\":{\"@id\":\"https:\\\/\\\/daniellebeatrizmakeup.com.br\\\/loja\\\/#website\"},\"primaryImageOfPage\":{\"@id\":\"https:\\\/\\\/daniellebeatrizmakeup.com.br\\\/loja\\\/kit-adeus-oleosidade-maria-margarida\\\/#primaryimage\"},\"image\":{\"@id\":\"https:\\\/\\\/daniellebeatrizmakeup.com.br\\\/loja\\\/kit-adeus-oleosidade-maria-margarida\\\/#primaryimage\"},\"thumbnailUrl\":\"https:\\\/\\\/daniellebeatrizmakeup.com.br\\\/loja\\\/wp-content\\\/uploads\\\/2021\\\/03\\\/kit-adeus-oleosidade-3-passos-maria-margarida-luminous-soap-luminous-elixir-hidra-melon.jpg\",\"datePublished\":\"2021-03-20T22:45:16+00:00\",\"dateModified\":\"2024-10-20T19:14:16+00:00\",\"description\":\"O Kit Adeus Oleosidade da Maria Margaria \u00e9 perfeito para voc\u00ea que gosta de uma pele livre de oleosidade e ainda cuidando dela.\",\"breadcrumb\":{\"@id\":\"https:\\\/\\\/daniellebeatrizmakeup.com.br\\\/loja\\\/kit-adeus-oleosidade-maria-margarida\\\/#breadcrumb\"},\"inLanguage\":\"pt-BR\",\"potentialAction\":[{\"@type\":\"ReadAction\",\"target\":[\"https:\\\/\\\/daniellebeatrizmakeup.com.br\\\/loja\\\/kit-adeus-oleosidade-maria-margarida\\\/\"]}]},{\"@type\":\"ImageObject\",\"inLanguage\":\"pt-BR\",\"@id\":\"https:\\\/\\\/daniellebeatrizmakeup.com.br\\\/loja\\\/kit-adeus-oleosidade-maria-margarida\\\/#primaryimage\",\"url\":\"https:\\\/\\\/daniellebeatrizmakeup.com.br\\\/loja\\\/wp-content\\\/uploads\\\/2021\\\/03\\\/kit-adeus-oleosidade-3-passos-maria-margarida-luminous-soap-luminous-elixir-hidra-melon.jpg\",\"contentUrl\":\"https:\\\/\\\/daniellebeatrizmakeup.com.br\\\/loja\\\/wp-content\\\/uploads\\\/2021\\\/03\\\/kit-adeus-oleosidade-3-passos-maria-margarida-luminous-soap-luminous-elixir-hidra-melon.jpg\",\"width\":1080,\"height\":1080},{\"@type\":\"BreadcrumbList\",\"@id\":\"https:\\\/\\\/daniellebeatrizmakeup.com.br\\\/loja\\\/kit-adeus-oleosidade-maria-margarida\\\/#breadcrumb\",\"itemListElement\":[{\"@type\":\"ListItem\",\"position\":1,\"name\":\"In\u00edcio\",\"item\":\"https:\\\/\\\/daniellebeatrizmakeup.com.br\\\/loja\\\/\"},{\"@type\":\"ListItem\",\"position\":2,\"name\":\"Todos\",\"item\":\"https:\\\/\\\/daniellebeatrizmakeup.com.br\\\/loja\\\/todos\\\/\"},{\"@type\":\"ListItem\",\"position\":3,\"name\":\"Kit Adeus Oleosidade Maria Margarida\"}]},{\"@type\":\"WebSite\",\"@id\":\"https:\\\/\\\/daniellebeatrizmakeup.com.br\\\/loja\\\/#website\",\"url\":\"https:\\\/\\\/daniellebeatrizmakeup.com.br\\\/loja\\\/\",\"name\":\"Loja DB Makeup\",\"description\":\"A melhor loja de maquiagem para real\u00e7ar a sua beleza\",\"publisher\":{\"@id\":\"https:\\\/\\\/daniellebeatrizmakeup.com.br\\\/loja\\\/#organization\"},\"potentialAction\":[{\"@type\":\"SearchAction\",\"target\":{\"@type\":\"EntryPoint\",\"urlTemplate\":\"https:\\\/\\\/daniellebeatrizmakeup.com.br\\\/loja\\\/?s={search_term_string}\"},\"query-input\":{\"@type\":\"PropertyValueSpecification\",\"valueRequired\":true,\"valueName\":\"search_term_string\"}}],\"inLanguage\":\"pt-BR\"},{\"@type\":\"Organization\",\"@id\":\"https:\\\/\\\/daniellebeatrizmakeup.com.br\\\/loja\\\/#organization\",\"name\":\"Danielle Beatriz Makeup\",\"url\":\"https:\\\/\\\/daniellebeatrizmakeup.com.br\\\/loja\\\/\",\"logo\":{\"@type\":\"ImageObject\",\"inLanguage\":\"pt-BR\",\"@id\":\"https:\\\/\\\/daniellebeatrizmakeup.com.br\\\/loja\\\/#\\\/schema\\\/logo\\\/image\\\/\",\"url\":\"https:\\\/\\\/daniellebeatrizmakeup.com.br\\\/loja\\\/wp-content\\\/uploads\\\/2020\\\/10\\\/logo-loja-db-makeup.png\",\"contentUrl\":\"https:\\\/\\\/daniellebeatrizmakeup.com.br\\\/loja\\\/wp-content\\\/uploads\\\/2020\\\/10\\\/logo-loja-db-makeup.png\",\"width\":500,\"height\":110,\"caption\":\"Danielle Beatriz Makeup\"},\"image\":{\"@id\":\"https:\\\/\\\/daniellebeatrizmakeup.com.br\\\/loja\\\/#\\\/schema\\\/logo\\\/image\\\/\"},\"sameAs\":[\"https:\\\/\\\/www.facebook.com\\\/daniellebeatrizmakeup\",\"https:\\\/\\\/x.com\\\/danibetriz\",\"https:\\\/\\\/www.instagram.com\\\/daniellebeatrizmakeup\",\"https:\\\/\\\/pinterest.com\\\/daniellebeatrizmakeup\",\"https:\\\/\\\/www.youtube.com\\\/DanielleBeatriz\"]}]}<\/script>\n<!-- \/ Yoast SEO plugin. -->","yoast_head_json":{"title":"Kit Adeus Oleosidade Maria Margarida - Loja DB Makeup","description":"O Kit Adeus Oleosidade da Maria Margaria \u00e9 perfeito para voc\u00ea que gosta de uma pele livre de oleosidade e ainda cuidando dela.","robots":{"index":"index","follow":"follow","max-snippet":"max-snippet:-1","max-image-preview":"max-image-preview:large","max-video-preview":"max-video-preview:-1"},"canonical":"https:\/\/daniellebeatrizmakeup.com.br\/loja\/kit-adeus-oleosidade-maria-margarida\/","og_locale":"pt_BR","og_type":"article","og_title":"Kit Adeus Oleosidade Maria Margarida - Loja DB Makeup","og_description":"O Kit Adeus Oleosidade da Maria Margaria \u00e9 perfeito para voc\u00ea que gosta de uma pele livre de oleosidade e ainda cuidando dela.","og_url":"https:\/\/daniellebeatrizmakeup.com.br\/loja\/kit-adeus-oleosidade-maria-margarida\/","og_site_name":"Loja DB Makeup","article_publisher":"https:\/\/www.facebook.com\/daniellebeatrizmakeup","article_modified_time":"2024-10-20T19:14:16+00:00","og_image":[{"width":1080,"height":1080,"url":"https:\/\/daniellebeatrizmakeup.com.br\/loja\/wp-content\/uploads\/2021\/03\/kit-adeus-oleosidade-3-passos-maria-margarida-luminous-soap-luminous-elixir-hidra-melon.jpg","type":"image\/jpeg"}],"twitter_card":"summary_large_image","twitter_site":"@danibetriz","twitter_misc":{"Est. tempo de leitura":"2 minutos"},"schema":{"@context":"https:\/\/schema.org","@graph":[{"@type":"WebPage","@id":"https:\/\/daniellebeatrizmakeup.com.br\/loja\/kit-adeus-oleosidade-maria-margarida\/","url":"https:\/\/daniellebeatrizmakeup.com.br\/loja\/kit-adeus-oleosidade-maria-margarida\/","name":"Kit Adeus Oleosidade Maria Margarida - Loja DB Makeup","isPartOf":{"@id":"https:\/\/daniellebeatrizmakeup.com.br\/loja\/#website"},"primaryImageOfPage":{"@id":"https:\/\/daniellebeatrizmakeup.com.br\/loja\/kit-adeus-oleosidade-maria-margarida\/#primaryimage"},"image":{"@id":"https:\/\/daniellebeatrizmakeup.com.br\/loja\/kit-adeus-oleosidade-maria-margarida\/#primaryimage"},"thumbnailUrl":"https:\/\/daniellebeatrizmakeup.com.br\/loja\/wp-content\/uploads\/2021\/03\/kit-adeus-oleosidade-3-passos-maria-margarida-luminous-soap-luminous-elixir-hidra-melon.jpg","datePublished":"2021-03-20T22:45:16+00:00","dateModified":"2024-10-20T19:14:16+00:00","description":"O Kit Adeus Oleosidade da Maria Margaria \u00e9 perfeito para voc\u00ea que gosta de uma pele livre de oleosidade e ainda cuidando dela.","breadcrumb":{"@id":"https:\/\/daniellebeatrizmakeup.com.br\/loja\/kit-adeus-oleosidade-maria-margarida\/#breadcrumb"},"inLanguage":"pt-BR","potentialAction":[{"@type":"ReadAction","target":["https:\/\/daniellebeatrizmakeup.com.br\/loja\/kit-adeus-oleosidade-maria-margarida\/"]}]},{"@type":"ImageObject","inLanguage":"pt-BR","@id":"https:\/\/daniellebeatrizmakeup.com.br\/loja\/kit-adeus-oleosidade-maria-margarida\/#primaryimage","url":"https:\/\/daniellebeatrizmakeup.com.br\/loja\/wp-content\/uploads\/2021\/03\/kit-adeus-oleosidade-3-passos-maria-margarida-luminous-soap-luminous-elixir-hidra-melon.jpg","contentUrl":"https:\/\/daniellebeatrizmakeup.com.br\/loja\/wp-content\/uploads\/2021\/03\/kit-adeus-oleosidade-3-passos-maria-margarida-luminous-soap-luminous-elixir-hidra-melon.jpg","width":1080,"height":1080},{"@type":"BreadcrumbList","@id":"https:\/\/daniellebeatrizmakeup.com.br\/loja\/kit-adeus-oleosidade-maria-margarida\/#breadcrumb","itemListElement":[{"@type":"ListItem","position":1,"name":"In\u00edcio","item":"https:\/\/daniellebeatrizmakeup.com.br\/loja\/"},{"@type":"ListItem","position":2,"name":"Todos","item":"https:\/\/daniellebeatrizmakeup.com.br\/loja\/todos\/"},{"@type":"ListItem","position":3,"name":"Kit Adeus Oleosidade Maria Margarida"}]},{"@type":"WebSite","@id":"https:\/\/daniellebeatrizmakeup.com.br\/loja\/#website","url":"https:\/\/daniellebeatrizmakeup.com.br\/loja\/","name":"Loja DB Makeup","description":"A melhor loja de maquiagem para real\u00e7ar a sua beleza","publisher":{"@id":"https:\/\/daniellebeatrizmakeup.com.br\/loja\/#organization"},"potentialAction":[{"@type":"SearchAction","target":{"@type":"EntryPoint","urlTemplate":"https:\/\/daniellebeatrizmakeup.com.br\/loja\/?s={search_term_string}"},"query-input":{"@type":"PropertyValueSpecification","valueRequired":true,"valueName":"search_term_string"}}],"inLanguage":"pt-BR"},{"@type":"Organization","@id":"https:\/\/daniellebeatrizmakeup.com.br\/loja\/#organization","name":"Danielle Beatriz Makeup","url":"https:\/\/daniellebeatrizmakeup.com.br\/loja\/","logo":{"@type":"ImageObject","inLanguage":"pt-BR","@id":"https:\/\/daniellebeatrizmakeup.com.br\/loja\/#\/schema\/logo\/image\/","url":"https:\/\/daniellebeatrizmakeup.com.br\/loja\/wp-content\/uploads\/2020\/10\/logo-loja-db-makeup.png","contentUrl":"https:\/\/daniellebeatrizmakeup.com.br\/loja\/wp-content\/uploads\/2020\/10\/logo-loja-db-makeup.png","width":500,"height":110,"caption":"Danielle Beatriz Makeup"},"image":{"@id":"https:\/\/daniellebeatrizmakeup.com.br\/loja\/#\/schema\/logo\/image\/"},"sameAs":["https:\/\/www.facebook.com\/daniellebeatrizmakeup","https:\/\/x.com\/danibetriz","https:\/\/www.instagram.com\/daniellebeatrizmakeup","https:\/\/pinterest.com\/daniellebeatrizmakeup","https:\/\/www.youtube.com\/DanielleBeatriz"]}]}},"jetpack_sharing_enabled":true,"_links":{"self":[{"href":"https:\/\/daniellebeatrizmakeup.com.br\/loja\/wp-json\/wp\/v2\/product\/27637","targetHints":{"allow":["GET"]}}],"collection":[{"href":"https:\/\/daniellebeatrizmakeup.com.br\/loja\/wp-json\/wp\/v2\/product"}],"about":[{"href":"https:\/\/daniellebeatrizmakeup.com.br\/loja\/wp-json\/wp\/v2\/types\/product"}],"replies":[{"embeddable":true,"href":"https:\/\/daniellebeatrizmakeup.com.br\/loja\/wp-json\/wp\/v2\/comments?post=27637"}],"version-history":[{"count":2,"href":"https:\/\/daniellebeatrizmakeup.com.br\/loja\/wp-json\/wp\/v2\/product\/27637\/revisions"}],"predecessor-version":[{"id":51369,"href":"https:\/\/daniellebeatrizmakeup.com.br\/loja\/wp-json\/wp\/v2\/product\/27637\/revisions\/51369"}],"wp:featuredmedia":[{"embeddable":true,"href":"https:\/\/daniellebeatrizmakeup.com.br\/loja\/wp-json\/wp\/v2\/media\/27390"}],"wp:attachment":[{"href":"https:\/\/daniellebeatrizmakeup.com.br\/loja\/wp-json\/wp\/v2\/media?parent=27637"}],"wp:term":[{"taxonomy":"product_brand","embeddable":true,"href":"https:\/\/daniellebeatrizmakeup.com.br\/loja\/wp-json\/wp\/v2\/product_brand?post=27637"},{"taxonomy":"product_cat","embeddable":true,"href":"https:\/\/daniellebeatrizmakeup.com.br\/loja\/wp-json\/wp\/v2\/product_cat?post=27637"},{"taxonomy":"product_tag","embeddable":true,"href":"https:\/\/daniellebeatrizmakeup.com.br\/loja\/wp-json\/wp\/v2\/product_tag?post=27637"},{"taxonomy":"woo-feed-brand","embeddable":true,"href":"https:\/\/daniellebeatrizmakeup.com.br\/loja\/wp-json\/wp\/v2\/woo-feed-brand?post=27637"}],"curies":[{"name":"wp","href":"https:\/\/api.w.org\/{rel}","templated":true}]}}