{"id":2162,"date":"2020-10-27T21:19:42","date_gmt":"2020-10-28T00:19:42","guid":{"rendered":"https:\/\/loja.daniellebeatrizmakeup.com.br\/?post_type=product&#038;p=2162"},"modified":"2025-12-13T11:35:14","modified_gmt":"2025-12-13T14:35:14","slug":"po-de-seda-maria-margarida","status":"publish","type":"product","link":"https:\/\/daniellebeatrizmakeup.com.br\/loja\/po-de-seda-maria-margarida\/","title":{"rendered":"P\u00f3 de Seda Maria Margarida"},"content":{"rendered":"<p>Voc\u00ea sabia que o <a href=\"https:\/\/www.instagram.com\/p\/CKSZpSyB_zd\/\">P\u00f3 de Seda<\/a> da <a href=\"https:\/\/daniellebeatrizmakeup.com.br\/loja\/maria-margarida\/\">Maria Margarida<\/a> s\u00e3o super fininhos, livres de s\u00edlica, totalmente \u00e0 prova d\u00b4\u00e1gua e n\u00e3o estouram com o flash? O P\u00f3 de Seda Maria Margarida n\u00e3o reflete na luz! Ent\u00e3o n\u00e3o precisa se preocupar, pode tirar fotos com flash sem medo! Quer mais? Ele tamb\u00e9m \u00e9 \u00e0 prova d\u2019\u00e1gua!<\/p>\n<h3>Diferen\u00e7a entre as cores do P\u00f3 de Seda da Maria Margarida<\/h3>\n<p>O P\u00f3 de Seda da Maria Margarida atende a todos os tons de pele devido a sua gama de cores. Por\u00e9m, qual a diferen\u00e7a entre as cores Transl\u00facidas e as Num\u00e9ricas? As cores Transl\u00facido Rosado e Transl\u00facido Bege, como o nome j\u00e1 diz s\u00e3o cores transl\u00facidas, ou seja, se adaptam melhor em v\u00e1rios tons de pele j\u00e1 que possui uma pigmenta\u00e7\u00e3o mais suave. As cores 01, 1.5, 02, e 03, possuem uma pigmenta\u00e7\u00e3o maior em compara\u00e7\u00e3o com os transl\u00facidos, ent\u00e3o seria melhor escolher uma cor pr\u00f3xima do tom de pele desejado.<\/p>\n<h3>Qual cor do P\u00f3 de Seda da Maria Margarida \u00e9 melhor para cada tom de pele?<\/h3>\n<p>O P\u00f3 de Seda Transl\u00facido Rosado \u00e9 ideal para quem tem olheiras e aquele fundinho abaixo dos olhos! Seu fundo rosado cria um efeito de luminosidade que preenche o fundinho abaixo dos olhos! Efeito photoshop instant\u00e2neo! Perfeito para peles claras a m\u00e9dias.<\/p>\n<p>O P\u00f3 de Seda Transl\u00facido Bege \u00e9 ideal para quem tem olheiras e aquele fundinho abaixo dos olhos! Seu fundo rosado cria um efeito de luminosidade que preenche o fundinho abaixo dos olhos! Efeito photoshop instant\u00e2neo! Perfeito para peles morenas a negras.<\/p>\n<p>O P\u00f3 de Seda 01 foi especialmente desenvolvido para as pessoas de fundo de pele mais amareladas! Atendendo os fototipos 2 at\u00e9 o 5, sem dar altera\u00e7\u00e3o de cor! Tamb\u00e9m fica perfeito para iluminar a regi\u00e3o abaixo dos olhos em peles negras! E para as de pele negra de fundo amarelado ele tamb\u00e9m \u00e9 um super coringa para corrigir o fundo daquela base ou p\u00f3 que ficam acinzentados!<\/p>\n<p>O P\u00f3 de Seda 1.5 \u00e9 ideal para peles claras a m\u00e9dias com fundo um pouco amarelado!<\/p>\n<p>O P\u00f3 de Seda 02 \u00e9 ideal para peles negras!<\/p>\n<p>E o P\u00f3 de Seda 03 \u00e9 divino para peles retintas de fundo avermelhado!<\/p>\n","protected":false},"excerpt":{"rendered":"<p>Voc\u00ea sabia que o <a href=\"https:\/\/www.instagram.com\/p\/CKSZpSyB_zd\/\">P\u00f3 de Seda<\/a> da <a href=\"https:\/\/daniellebeatrizmakeup.com.br\/loja\/maria-margarida\/\">Maria Margarida<\/a> s\u00e3o super fininhos, livres de s\u00edlica, totalmente \u00e0 prova d\u00b4\u00e1gua e n\u00e3o estouram com o flash? O P\u00f3 de Seda Maria Margarida n\u00e3o reflete na luz! Ent\u00e3o n\u00e3o precisa se preocupar, pode tirar fotos com flash sem medo! Quer mais? Ele tamb\u00e9m \u00e9 \u00e0 prova d\u2019\u00e1gua!<\/p>\n<p>Validade:<\/p>\n<p>03\/2024: 03<\/p>\n<p>04\/2026: 01, Transl\u00facido Bege, Transl\u00facido Rosado<\/p>\n","protected":false},"featured_media":55299,"comment_status":"open","ping_status":"closed","template":"","meta":{"_mbp_gutenberg_autopost":false},"product_brand":[],"product_cat":[839,73,130,722,78,74],"product_tag":[175,86,145,84,106],"woo-feed-brand":[],"class_list":{"0":"post-2162","1":"product","2":"type-product","3":"status-publish","4":"has-post-thumbnail","6":"product_cat-hidra-makeup","7":"product_cat-maria-margarida","8":"product_cat-po","9":"product_cat-promocao","10":"product_cat-rosto","11":"product_cat-ruby-rose","12":"product_tag-a-prova-dagua","13":"product_tag-aveludado","14":"product_tag-maria-margarida","15":"product_tag-matte","16":"product_tag-pele","17":"pa_cor-234","18":"pa_cor-235","19":"pa_cor-236","20":"pa_cor-1-5","21":"pa_cor-finalizador-hd","22":"pa_cor-translucido-bege","23":"pa_cor-translucido-rosado","24":"yith_product_brand-maria-margarida","26":"first","27":"outofstock","28":"sale","29":"featured","30":"shipping-taxable","31":"purchasable","32":"product-type-variable"},"yoast_head":"<!-- This site is optimized with the Yoast SEO plugin v27.5 - https:\/\/yoast.com\/product\/yoast-seo-wordpress\/ -->\n<title>P\u00f3 de Seda Maria Margarida - Loja DB Makeup<\/title>\n<meta name=\"description\" content=\"Voc\u00ea sabia que o p\u00f3 de seda Maria Margarida s\u00e3o super fininhos, livres de s\u00edlica, totalmente \u00e0 prova d\u00b4\u00e1gua e n\u00e3o estouram com o flash?\" \/>\n<meta name=\"robots\" content=\"index, follow, max-snippet:-1, max-image-preview:large, max-video-preview:-1\" \/>\n<link rel=\"canonical\" href=\"https:\/\/daniellebeatrizmakeup.com.br\/loja\/po-de-seda-maria-margarida\/\" \/>\n<meta property=\"og:locale\" content=\"pt_BR\" \/>\n<meta property=\"og:type\" content=\"article\" \/>\n<meta property=\"og:title\" content=\"P\u00f3 de Seda Maria Margarida - Loja DB Makeup\" \/>\n<meta property=\"og:description\" content=\"Voc\u00ea sabia que o p\u00f3 de seda Maria Margarida s\u00e3o super fininhos, livres de s\u00edlica, totalmente \u00e0 prova d\u00b4\u00e1gua e n\u00e3o estouram com o flash?\" \/>\n<meta property=\"og:url\" content=\"https:\/\/daniellebeatrizmakeup.com.br\/loja\/po-de-seda-maria-margarida\/\" \/>\n<meta property=\"og:site_name\" content=\"Loja DB Makeup\" \/>\n<meta property=\"article:publisher\" content=\"https:\/\/www.facebook.com\/daniellebeatrizmakeup\" \/>\n<meta property=\"article:modified_time\" content=\"2025-12-13T14:35:14+00:00\" \/>\n<meta property=\"og:image\" content=\"https:\/\/daniellebeatrizmakeup.com.br\/loja\/wp-content\/uploads\/2022\/10\/20221004_105926-scaled.jpg\" \/>\n\t<meta property=\"og:image:width\" content=\"1919\" \/>\n\t<meta property=\"og:image:height\" content=\"2560\" \/>\n\t<meta property=\"og:image:type\" content=\"image\/jpeg\" \/>\n<meta name=\"twitter:card\" content=\"summary_large_image\" \/>\n<meta name=\"twitter:site\" content=\"@danibetriz\" \/>\n<meta name=\"twitter:label1\" content=\"Est. tempo de leitura\" \/>\n\t<meta name=\"twitter:data1\" content=\"2 minutos\" \/>\n<script type=\"application\/ld+json\" class=\"yoast-schema-graph\">{\"@context\":\"https:\\\/\\\/schema.org\",\"@graph\":[{\"@type\":\"WebPage\",\"@id\":\"https:\\\/\\\/daniellebeatrizmakeup.com.br\\\/loja\\\/po-de-seda-maria-margarida\\\/\",\"url\":\"https:\\\/\\\/daniellebeatrizmakeup.com.br\\\/loja\\\/po-de-seda-maria-margarida\\\/\",\"name\":\"P\u00f3 de Seda Maria Margarida - Loja DB Makeup\",\"isPartOf\":{\"@id\":\"https:\\\/\\\/daniellebeatrizmakeup.com.br\\\/loja\\\/#website\"},\"primaryImageOfPage\":{\"@id\":\"https:\\\/\\\/daniellebeatrizmakeup.com.br\\\/loja\\\/po-de-seda-maria-margarida\\\/#primaryimage\"},\"image\":{\"@id\":\"https:\\\/\\\/daniellebeatrizmakeup.com.br\\\/loja\\\/po-de-seda-maria-margarida\\\/#primaryimage\"},\"thumbnailUrl\":\"https:\\\/\\\/daniellebeatrizmakeup.com.br\\\/loja\\\/wp-content\\\/uploads\\\/2022\\\/10\\\/20221004_105926-scaled.jpg\",\"datePublished\":\"2020-10-28T00:19:42+00:00\",\"dateModified\":\"2025-12-13T14:35:14+00:00\",\"description\":\"Voc\u00ea sabia que o p\u00f3 de seda Maria Margarida s\u00e3o super fininhos, livres de s\u00edlica, totalmente \u00e0 prova d\u00b4\u00e1gua e n\u00e3o estouram com o flash?\",\"breadcrumb\":{\"@id\":\"https:\\\/\\\/daniellebeatrizmakeup.com.br\\\/loja\\\/po-de-seda-maria-margarida\\\/#breadcrumb\"},\"inLanguage\":\"pt-BR\",\"potentialAction\":[{\"@type\":\"ReadAction\",\"target\":[\"https:\\\/\\\/daniellebeatrizmakeup.com.br\\\/loja\\\/po-de-seda-maria-margarida\\\/\"]}]},{\"@type\":\"ImageObject\",\"inLanguage\":\"pt-BR\",\"@id\":\"https:\\\/\\\/daniellebeatrizmakeup.com.br\\\/loja\\\/po-de-seda-maria-margarida\\\/#primaryimage\",\"url\":\"https:\\\/\\\/daniellebeatrizmakeup.com.br\\\/loja\\\/wp-content\\\/uploads\\\/2022\\\/10\\\/20221004_105926-scaled.jpg\",\"contentUrl\":\"https:\\\/\\\/daniellebeatrizmakeup.com.br\\\/loja\\\/wp-content\\\/uploads\\\/2022\\\/10\\\/20221004_105926-scaled.jpg\",\"width\":1919,\"height\":2560},{\"@type\":\"BreadcrumbList\",\"@id\":\"https:\\\/\\\/daniellebeatrizmakeup.com.br\\\/loja\\\/po-de-seda-maria-margarida\\\/#breadcrumb\",\"itemListElement\":[{\"@type\":\"ListItem\",\"position\":1,\"name\":\"In\u00edcio\",\"item\":\"https:\\\/\\\/daniellebeatrizmakeup.com.br\\\/loja\\\/\"},{\"@type\":\"ListItem\",\"position\":2,\"name\":\"Todos\",\"item\":\"https:\\\/\\\/daniellebeatrizmakeup.com.br\\\/loja\\\/todos\\\/\"},{\"@type\":\"ListItem\",\"position\":3,\"name\":\"P\u00f3 de Seda Maria Margarida\"}]},{\"@type\":\"WebSite\",\"@id\":\"https:\\\/\\\/daniellebeatrizmakeup.com.br\\\/loja\\\/#website\",\"url\":\"https:\\\/\\\/daniellebeatrizmakeup.com.br\\\/loja\\\/\",\"name\":\"Loja DB Makeup\",\"description\":\"A melhor loja de maquiagem para real\u00e7ar a sua beleza\",\"publisher\":{\"@id\":\"https:\\\/\\\/daniellebeatrizmakeup.com.br\\\/loja\\\/#organization\"},\"potentialAction\":[{\"@type\":\"SearchAction\",\"target\":{\"@type\":\"EntryPoint\",\"urlTemplate\":\"https:\\\/\\\/daniellebeatrizmakeup.com.br\\\/loja\\\/?s={search_term_string}\"},\"query-input\":{\"@type\":\"PropertyValueSpecification\",\"valueRequired\":true,\"valueName\":\"search_term_string\"}}],\"inLanguage\":\"pt-BR\"},{\"@type\":\"Organization\",\"@id\":\"https:\\\/\\\/daniellebeatrizmakeup.com.br\\\/loja\\\/#organization\",\"name\":\"Danielle Beatriz Makeup\",\"url\":\"https:\\\/\\\/daniellebeatrizmakeup.com.br\\\/loja\\\/\",\"logo\":{\"@type\":\"ImageObject\",\"inLanguage\":\"pt-BR\",\"@id\":\"https:\\\/\\\/daniellebeatrizmakeup.com.br\\\/loja\\\/#\\\/schema\\\/logo\\\/image\\\/\",\"url\":\"https:\\\/\\\/daniellebeatrizmakeup.com.br\\\/loja\\\/wp-content\\\/uploads\\\/2020\\\/10\\\/logo-loja-db-makeup.png\",\"contentUrl\":\"https:\\\/\\\/daniellebeatrizmakeup.com.br\\\/loja\\\/wp-content\\\/uploads\\\/2020\\\/10\\\/logo-loja-db-makeup.png\",\"width\":500,\"height\":110,\"caption\":\"Danielle Beatriz Makeup\"},\"image\":{\"@id\":\"https:\\\/\\\/daniellebeatrizmakeup.com.br\\\/loja\\\/#\\\/schema\\\/logo\\\/image\\\/\"},\"sameAs\":[\"https:\\\/\\\/www.facebook.com\\\/daniellebeatrizmakeup\",\"https:\\\/\\\/x.com\\\/danibetriz\",\"https:\\\/\\\/www.instagram.com\\\/daniellebeatrizmakeup\",\"https:\\\/\\\/pinterest.com\\\/daniellebeatrizmakeup\",\"https:\\\/\\\/www.youtube.com\\\/DanielleBeatriz\"]}]}<\/script>\n<!-- \/ Yoast SEO plugin. -->","yoast_head_json":{"title":"P\u00f3 de Seda Maria Margarida - Loja DB Makeup","description":"Voc\u00ea sabia que o p\u00f3 de seda Maria Margarida s\u00e3o super fininhos, livres de s\u00edlica, totalmente \u00e0 prova d\u00b4\u00e1gua e n\u00e3o estouram com o flash?","robots":{"index":"index","follow":"follow","max-snippet":"max-snippet:-1","max-image-preview":"max-image-preview:large","max-video-preview":"max-video-preview:-1"},"canonical":"https:\/\/daniellebeatrizmakeup.com.br\/loja\/po-de-seda-maria-margarida\/","og_locale":"pt_BR","og_type":"article","og_title":"P\u00f3 de Seda Maria Margarida - Loja DB Makeup","og_description":"Voc\u00ea sabia que o p\u00f3 de seda Maria Margarida s\u00e3o super fininhos, livres de s\u00edlica, totalmente \u00e0 prova d\u00b4\u00e1gua e n\u00e3o estouram com o flash?","og_url":"https:\/\/daniellebeatrizmakeup.com.br\/loja\/po-de-seda-maria-margarida\/","og_site_name":"Loja DB Makeup","article_publisher":"https:\/\/www.facebook.com\/daniellebeatrizmakeup","article_modified_time":"2025-12-13T14:35:14+00:00","og_image":[{"width":1919,"height":2560,"url":"https:\/\/daniellebeatrizmakeup.com.br\/loja\/wp-content\/uploads\/2022\/10\/20221004_105926-scaled.jpg","type":"image\/jpeg"}],"twitter_card":"summary_large_image","twitter_site":"@danibetriz","twitter_misc":{"Est. tempo de leitura":"2 minutos"},"schema":{"@context":"https:\/\/schema.org","@graph":[{"@type":"WebPage","@id":"https:\/\/daniellebeatrizmakeup.com.br\/loja\/po-de-seda-maria-margarida\/","url":"https:\/\/daniellebeatrizmakeup.com.br\/loja\/po-de-seda-maria-margarida\/","name":"P\u00f3 de Seda Maria Margarida - Loja DB Makeup","isPartOf":{"@id":"https:\/\/daniellebeatrizmakeup.com.br\/loja\/#website"},"primaryImageOfPage":{"@id":"https:\/\/daniellebeatrizmakeup.com.br\/loja\/po-de-seda-maria-margarida\/#primaryimage"},"image":{"@id":"https:\/\/daniellebeatrizmakeup.com.br\/loja\/po-de-seda-maria-margarida\/#primaryimage"},"thumbnailUrl":"https:\/\/daniellebeatrizmakeup.com.br\/loja\/wp-content\/uploads\/2022\/10\/20221004_105926-scaled.jpg","datePublished":"2020-10-28T00:19:42+00:00","dateModified":"2025-12-13T14:35:14+00:00","description":"Voc\u00ea sabia que o p\u00f3 de seda Maria Margarida s\u00e3o super fininhos, livres de s\u00edlica, totalmente \u00e0 prova d\u00b4\u00e1gua e n\u00e3o estouram com o flash?","breadcrumb":{"@id":"https:\/\/daniellebeatrizmakeup.com.br\/loja\/po-de-seda-maria-margarida\/#breadcrumb"},"inLanguage":"pt-BR","potentialAction":[{"@type":"ReadAction","target":["https:\/\/daniellebeatrizmakeup.com.br\/loja\/po-de-seda-maria-margarida\/"]}]},{"@type":"ImageObject","inLanguage":"pt-BR","@id":"https:\/\/daniellebeatrizmakeup.com.br\/loja\/po-de-seda-maria-margarida\/#primaryimage","url":"https:\/\/daniellebeatrizmakeup.com.br\/loja\/wp-content\/uploads\/2022\/10\/20221004_105926-scaled.jpg","contentUrl":"https:\/\/daniellebeatrizmakeup.com.br\/loja\/wp-content\/uploads\/2022\/10\/20221004_105926-scaled.jpg","width":1919,"height":2560},{"@type":"BreadcrumbList","@id":"https:\/\/daniellebeatrizmakeup.com.br\/loja\/po-de-seda-maria-margarida\/#breadcrumb","itemListElement":[{"@type":"ListItem","position":1,"name":"In\u00edcio","item":"https:\/\/daniellebeatrizmakeup.com.br\/loja\/"},{"@type":"ListItem","position":2,"name":"Todos","item":"https:\/\/daniellebeatrizmakeup.com.br\/loja\/todos\/"},{"@type":"ListItem","position":3,"name":"P\u00f3 de Seda Maria Margarida"}]},{"@type":"WebSite","@id":"https:\/\/daniellebeatrizmakeup.com.br\/loja\/#website","url":"https:\/\/daniellebeatrizmakeup.com.br\/loja\/","name":"Loja DB Makeup","description":"A melhor loja de maquiagem para real\u00e7ar a sua beleza","publisher":{"@id":"https:\/\/daniellebeatrizmakeup.com.br\/loja\/#organization"},"potentialAction":[{"@type":"SearchAction","target":{"@type":"EntryPoint","urlTemplate":"https:\/\/daniellebeatrizmakeup.com.br\/loja\/?s={search_term_string}"},"query-input":{"@type":"PropertyValueSpecification","valueRequired":true,"valueName":"search_term_string"}}],"inLanguage":"pt-BR"},{"@type":"Organization","@id":"https:\/\/daniellebeatrizmakeup.com.br\/loja\/#organization","name":"Danielle Beatriz Makeup","url":"https:\/\/daniellebeatrizmakeup.com.br\/loja\/","logo":{"@type":"ImageObject","inLanguage":"pt-BR","@id":"https:\/\/daniellebeatrizmakeup.com.br\/loja\/#\/schema\/logo\/image\/","url":"https:\/\/daniellebeatrizmakeup.com.br\/loja\/wp-content\/uploads\/2020\/10\/logo-loja-db-makeup.png","contentUrl":"https:\/\/daniellebeatrizmakeup.com.br\/loja\/wp-content\/uploads\/2020\/10\/logo-loja-db-makeup.png","width":500,"height":110,"caption":"Danielle Beatriz Makeup"},"image":{"@id":"https:\/\/daniellebeatrizmakeup.com.br\/loja\/#\/schema\/logo\/image\/"},"sameAs":["https:\/\/www.facebook.com\/daniellebeatrizmakeup","https:\/\/x.com\/danibetriz","https:\/\/www.instagram.com\/daniellebeatrizmakeup","https:\/\/pinterest.com\/daniellebeatrizmakeup","https:\/\/www.youtube.com\/DanielleBeatriz"]}]}},"jetpack_sharing_enabled":true,"_links":{"self":[{"href":"https:\/\/daniellebeatrizmakeup.com.br\/loja\/wp-json\/wp\/v2\/product\/2162","targetHints":{"allow":["GET"]}}],"collection":[{"href":"https:\/\/daniellebeatrizmakeup.com.br\/loja\/wp-json\/wp\/v2\/product"}],"about":[{"href":"https:\/\/daniellebeatrizmakeup.com.br\/loja\/wp-json\/wp\/v2\/types\/product"}],"replies":[{"embeddable":true,"href":"https:\/\/daniellebeatrizmakeup.com.br\/loja\/wp-json\/wp\/v2\/comments?post=2162"}],"version-history":[{"count":12,"href":"https:\/\/daniellebeatrizmakeup.com.br\/loja\/wp-json\/wp\/v2\/product\/2162\/revisions"}],"predecessor-version":[{"id":57600,"href":"https:\/\/daniellebeatrizmakeup.com.br\/loja\/wp-json\/wp\/v2\/product\/2162\/revisions\/57600"}],"wp:featuredmedia":[{"embeddable":true,"href":"https:\/\/daniellebeatrizmakeup.com.br\/loja\/wp-json\/wp\/v2\/media\/55299"}],"wp:attachment":[{"href":"https:\/\/daniellebeatrizmakeup.com.br\/loja\/wp-json\/wp\/v2\/media?parent=2162"}],"wp:term":[{"taxonomy":"product_brand","embeddable":true,"href":"https:\/\/daniellebeatrizmakeup.com.br\/loja\/wp-json\/wp\/v2\/product_brand?post=2162"},{"taxonomy":"product_cat","embeddable":true,"href":"https:\/\/daniellebeatrizmakeup.com.br\/loja\/wp-json\/wp\/v2\/product_cat?post=2162"},{"taxonomy":"product_tag","embeddable":true,"href":"https:\/\/daniellebeatrizmakeup.com.br\/loja\/wp-json\/wp\/v2\/product_tag?post=2162"},{"taxonomy":"woo-feed-brand","embeddable":true,"href":"https:\/\/daniellebeatrizmakeup.com.br\/loja\/wp-json\/wp\/v2\/woo-feed-brand?post=2162"}],"curies":[{"name":"wp","href":"https:\/\/api.w.org\/{rel}","templated":true}]}}