{"id":1671,"date":"2020-07-18T15:31:26","date_gmt":"2020-07-18T18:31:26","guid":{"rendered":"https:\/\/loja.daniellebeatrizmakeup.com.br\/?post_type=product&#038;p=1671"},"modified":"2025-07-18T16:14:58","modified_gmt":"2025-07-18T19:14:58","slug":"agua-de-rosas-maria-margarida-glow","status":"publish","type":"product","link":"https:\/\/daniellebeatrizmakeup.com.br\/loja\/agua-de-rosas-maria-margarida-glow\/","title":{"rendered":"\u00c1gua de Rosas Maria Margarida Glow"},"content":{"rendered":"<p>A \u00c1gua de Rosas da <a href=\"https:\/\/daniellebeatrizmakeup.com.br\/loja\/maria-margarida\/\">Maria Margarida<\/a> \u00e9 uma bruma fixadora que tamb\u00e9m hidrata e cuida da pele com seus ingredientes naturais. Lan\u00e7ada em tr\u00eas acabamentos diferentes: Tradicional, Glow, e Matte.<\/p>\n<p>A vers\u00e3o Glow da nossa <a href=\"https:\/\/www.instagram.com\/p\/CTAzscHnXnU\/\">\u00c1gua de Rosas<\/a> foi especialmente elaborada com pigmentos super refinados! Ele \u00e9 t\u00e3o fininho que voc\u00ea n\u00e3o consegue identificar o &#8220;floquinho&#8221; do pigmento na pele! Ele est\u00e1 l\u00e1 para refletir a luminosidade e dar aquele glow de pele &#8220;eu nasci assim&#8221;!<\/p>\n<h3>Alguns ingredientes da \u00c1gua de Rosas Maria Margarida Glow<\/h3>\n<ul>\n<li>O Extrato de Infus\u00e3o de P\u00e9talas de Rosa \u00e9 uma poderosa fonte de vitaminas C e A, antioxidante e tonificante. Al\u00e9m disso \u00e9 ideal para acalmar irrita\u00e7\u00f5es na pele!<\/li>\n<li>A Camomila acalma a superf\u00edcie para receber a make.<\/li>\n<li>A Aloe Vera \u00e9 um hidratante super poderoso que hidrata a pele sem deixar a sensa\u00e7\u00e3o de oleosidade! Al\u00e9m disso, ela \u00e9 um poderoso cicatrizante, calmante e antioxidante!<\/li>\n<li>O Castor Oil \u00e9 um cl\u00e1ssico que vem das nossas vov\u00f3s e que atualmente foi repaginado em novos estudos que descobriram ainda mais benef\u00edcios desse lindo! Conhecido popularmente como \u00f3leo de r\u00edcino, ele \u00e9 uma ferramenta essencial para minimizar a perda de umidade da pele, o que retarda o aparecimento de rugas. Outro grande benef\u00edcio do Castor Oil \u00e9 sua a\u00e7\u00e3o antioleosidade! Como mant\u00e9m o n\u00edvel de hidrata\u00e7\u00e3o da pele por mais tempo, ele reduz consideravelmente a oleosidade da pele!<\/li>\n<li>A Glicerina \u00e9 um ingrediente essencial para a sa\u00fade da pele! Voc\u00ea sabe qual \u00e9 o maior benef\u00edcio que ela proporciona para a pele? A umecta\u00e7\u00e3o! De maneira simplificada, a Glicerina ajuda na maior absor\u00e7\u00e3o e reten\u00e7\u00e3o de \u00e1gua, o que mant\u00e9m a pele mais hidratada!<\/li>\n<li>Vamos fechar com o Extrato de Guaran\u00e1! Esse maravilhoso promove revigora\u00e7\u00e3o e vi\u00e7o \u00e0 pele! Afinal de contas, adoraaaamos aquela pele com glow, n\u00e9!<\/li>\n<\/ul>\n<p>Um detalhe muito importante da \u00c1gua de Rosas da Maria Margarida \u00e9 que todas as vers\u00f5es s\u00e3o livres de parabenos! O parabeno \u00e9 um conservante muito comum nos cosm\u00e9ticos e a longo prazo ele pode causar o envelhecimento precoce da pele, entre outros malef\u00edcios!<\/p>\n","protected":false},"excerpt":{"rendered":"<p>Validade: 07\/2025.<\/p>\n<p>A vers\u00e3o Glow da \u00c1gua de Rosas foi especialmente elaborada com pigmentos super refinados! Ele \u00e9 t\u00e3o fininho que voc\u00ea n\u00e3o consegue identificar o \u201cfloquinho\u201d do pigmento na pele! Ele est\u00e1 l\u00e1 para refletir a luminosidade e dar aquele glow de pele \u201ceu nasci assim\u201d sabe!<\/p>\n","protected":false},"featured_media":57381,"comment_status":"open","ping_status":"closed","template":"","meta":{"_mbp_gutenberg_autopost":false},"product_brand":[],"product_cat":[121,723,839,73,722,78,74,720],"product_tag":[845,221,207,174,193,145,106,209],"woo-feed-brand":[],"class_list":{"0":"post-1671","1":"product","2":"type-product","3":"status-publish","4":"has-post-thumbnail","6":"product_cat-bruma","7":"product_cat-proximo-ao-vencimento","8":"product_cat-hidra-makeup","9":"product_cat-maria-margarida","10":"product_cat-promocao","11":"product_cat-rosto","12":"product_cat-ruby-rose","13":"product_cat-selecao-verde-e-amarela","14":"product_tag-07-2025","15":"product_tag-bruma","16":"product_tag-fixador","17":"product_tag-hidratante","18":"product_tag-hidratante-facial","19":"product_tag-maria-margarida","20":"product_tag-pele","21":"product_tag-pele-glow","22":"yith_product_brand-maria-margarida","24":"first","25":"outofstock","26":"sale","27":"shipping-taxable","28":"purchasable","29":"product-type-simple"},"yoast_head":"<!-- This site is optimized with the Yoast SEO plugin v27.5 - https:\/\/yoast.com\/product\/yoast-seo-wordpress\/ -->\n<title>\u00c1gua de Rosas Maria Margarida Glow - Loja DB Makeup<\/title>\n<meta name=\"description\" content=\"A \u00c1gua de Rosas da Maria Margarida Glow \u00e9 uma bruma fixadora que tamb\u00e9m hidrata e cuida da pele com seus ingredientes naturais.\" \/>\n<meta name=\"robots\" content=\"index, follow, max-snippet:-1, max-image-preview:large, max-video-preview:-1\" \/>\n<link rel=\"canonical\" href=\"https:\/\/daniellebeatrizmakeup.com.br\/loja\/agua-de-rosas-maria-margarida-glow\/\" \/>\n<meta property=\"og:locale\" content=\"pt_BR\" \/>\n<meta property=\"og:type\" content=\"article\" \/>\n<meta property=\"og:title\" content=\"\u00c1gua de Rosas Maria Margarida Glow - Loja DB Makeup\" \/>\n<meta property=\"og:description\" content=\"A \u00c1gua de Rosas da Maria Margarida Glow \u00e9 uma bruma fixadora que tamb\u00e9m hidrata e cuida da pele com seus ingredientes naturais.\" \/>\n<meta property=\"og:url\" content=\"https:\/\/daniellebeatrizmakeup.com.br\/loja\/agua-de-rosas-maria-margarida-glow\/\" \/>\n<meta property=\"og:site_name\" content=\"Loja DB Makeup\" \/>\n<meta property=\"article:publisher\" content=\"https:\/\/www.facebook.com\/daniellebeatrizmakeup\" \/>\n<meta property=\"article:modified_time\" content=\"2025-07-18T19:14:58+00:00\" \/>\n<meta property=\"og:image\" content=\"https:\/\/daniellebeatrizmakeup.com.br\/loja\/wp-content\/uploads\/2023\/10\/agua-de-rosas-glow-maria-margarida-nova-embalagem-scaled.jpg\" \/>\n\t<meta property=\"og:image:width\" content=\"1706\" \/>\n\t<meta property=\"og:image:height\" content=\"2560\" \/>\n\t<meta property=\"og:image:type\" content=\"image\/jpeg\" \/>\n<meta name=\"twitter:card\" content=\"summary_large_image\" \/>\n<meta name=\"twitter:site\" content=\"@danibetriz\" \/>\n<meta name=\"twitter:label1\" content=\"Est. tempo de leitura\" \/>\n\t<meta name=\"twitter:data1\" content=\"2 minutos\" \/>\n<script type=\"application\/ld+json\" class=\"yoast-schema-graph\">{\"@context\":\"https:\\\/\\\/schema.org\",\"@graph\":[{\"@type\":\"WebPage\",\"@id\":\"https:\\\/\\\/daniellebeatrizmakeup.com.br\\\/loja\\\/agua-de-rosas-maria-margarida-glow\\\/\",\"url\":\"https:\\\/\\\/daniellebeatrizmakeup.com.br\\\/loja\\\/agua-de-rosas-maria-margarida-glow\\\/\",\"name\":\"\u00c1gua de Rosas Maria Margarida Glow - Loja DB Makeup\",\"isPartOf\":{\"@id\":\"https:\\\/\\\/daniellebeatrizmakeup.com.br\\\/loja\\\/#website\"},\"primaryImageOfPage\":{\"@id\":\"https:\\\/\\\/daniellebeatrizmakeup.com.br\\\/loja\\\/agua-de-rosas-maria-margarida-glow\\\/#primaryimage\"},\"image\":{\"@id\":\"https:\\\/\\\/daniellebeatrizmakeup.com.br\\\/loja\\\/agua-de-rosas-maria-margarida-glow\\\/#primaryimage\"},\"thumbnailUrl\":\"https:\\\/\\\/daniellebeatrizmakeup.com.br\\\/loja\\\/wp-content\\\/uploads\\\/2023\\\/10\\\/agua-de-rosas-glow-maria-margarida-nova-embalagem-scaled.jpg\",\"datePublished\":\"2020-07-18T18:31:26+00:00\",\"dateModified\":\"2025-07-18T19:14:58+00:00\",\"description\":\"A \u00c1gua de Rosas da Maria Margarida Glow \u00e9 uma bruma fixadora que tamb\u00e9m hidrata e cuida da pele com seus ingredientes naturais.\",\"breadcrumb\":{\"@id\":\"https:\\\/\\\/daniellebeatrizmakeup.com.br\\\/loja\\\/agua-de-rosas-maria-margarida-glow\\\/#breadcrumb\"},\"inLanguage\":\"pt-BR\",\"potentialAction\":[{\"@type\":\"ReadAction\",\"target\":[\"https:\\\/\\\/daniellebeatrizmakeup.com.br\\\/loja\\\/agua-de-rosas-maria-margarida-glow\\\/\"]}]},{\"@type\":\"ImageObject\",\"inLanguage\":\"pt-BR\",\"@id\":\"https:\\\/\\\/daniellebeatrizmakeup.com.br\\\/loja\\\/agua-de-rosas-maria-margarida-glow\\\/#primaryimage\",\"url\":\"https:\\\/\\\/daniellebeatrizmakeup.com.br\\\/loja\\\/wp-content\\\/uploads\\\/2023\\\/10\\\/agua-de-rosas-glow-maria-margarida-nova-embalagem-scaled.jpg\",\"contentUrl\":\"https:\\\/\\\/daniellebeatrizmakeup.com.br\\\/loja\\\/wp-content\\\/uploads\\\/2023\\\/10\\\/agua-de-rosas-glow-maria-margarida-nova-embalagem-scaled.jpg\",\"width\":1706,\"height\":2560},{\"@type\":\"BreadcrumbList\",\"@id\":\"https:\\\/\\\/daniellebeatrizmakeup.com.br\\\/loja\\\/agua-de-rosas-maria-margarida-glow\\\/#breadcrumb\",\"itemListElement\":[{\"@type\":\"ListItem\",\"position\":1,\"name\":\"In\u00edcio\",\"item\":\"https:\\\/\\\/daniellebeatrizmakeup.com.br\\\/loja\\\/\"},{\"@type\":\"ListItem\",\"position\":2,\"name\":\"Todos\",\"item\":\"https:\\\/\\\/daniellebeatrizmakeup.com.br\\\/loja\\\/todos\\\/\"},{\"@type\":\"ListItem\",\"position\":3,\"name\":\"\u00c1gua de Rosas Maria Margarida Glow\"}]},{\"@type\":\"WebSite\",\"@id\":\"https:\\\/\\\/daniellebeatrizmakeup.com.br\\\/loja\\\/#website\",\"url\":\"https:\\\/\\\/daniellebeatrizmakeup.com.br\\\/loja\\\/\",\"name\":\"Loja DB Makeup\",\"description\":\"A melhor loja de maquiagem para real\u00e7ar a sua beleza\",\"publisher\":{\"@id\":\"https:\\\/\\\/daniellebeatrizmakeup.com.br\\\/loja\\\/#organization\"},\"potentialAction\":[{\"@type\":\"SearchAction\",\"target\":{\"@type\":\"EntryPoint\",\"urlTemplate\":\"https:\\\/\\\/daniellebeatrizmakeup.com.br\\\/loja\\\/?s={search_term_string}\"},\"query-input\":{\"@type\":\"PropertyValueSpecification\",\"valueRequired\":true,\"valueName\":\"search_term_string\"}}],\"inLanguage\":\"pt-BR\"},{\"@type\":\"Organization\",\"@id\":\"https:\\\/\\\/daniellebeatrizmakeup.com.br\\\/loja\\\/#organization\",\"name\":\"Danielle Beatriz Makeup\",\"url\":\"https:\\\/\\\/daniellebeatrizmakeup.com.br\\\/loja\\\/\",\"logo\":{\"@type\":\"ImageObject\",\"inLanguage\":\"pt-BR\",\"@id\":\"https:\\\/\\\/daniellebeatrizmakeup.com.br\\\/loja\\\/#\\\/schema\\\/logo\\\/image\\\/\",\"url\":\"https:\\\/\\\/daniellebeatrizmakeup.com.br\\\/loja\\\/wp-content\\\/uploads\\\/2020\\\/10\\\/logo-loja-db-makeup.png\",\"contentUrl\":\"https:\\\/\\\/daniellebeatrizmakeup.com.br\\\/loja\\\/wp-content\\\/uploads\\\/2020\\\/10\\\/logo-loja-db-makeup.png\",\"width\":500,\"height\":110,\"caption\":\"Danielle Beatriz Makeup\"},\"image\":{\"@id\":\"https:\\\/\\\/daniellebeatrizmakeup.com.br\\\/loja\\\/#\\\/schema\\\/logo\\\/image\\\/\"},\"sameAs\":[\"https:\\\/\\\/www.facebook.com\\\/daniellebeatrizmakeup\",\"https:\\\/\\\/x.com\\\/danibetriz\",\"https:\\\/\\\/www.instagram.com\\\/daniellebeatrizmakeup\",\"https:\\\/\\\/pinterest.com\\\/daniellebeatrizmakeup\",\"https:\\\/\\\/www.youtube.com\\\/DanielleBeatriz\"]}]}<\/script>\n<!-- \/ Yoast SEO plugin. -->","yoast_head_json":{"title":"\u00c1gua de Rosas Maria Margarida Glow - Loja DB Makeup","description":"A \u00c1gua de Rosas da Maria Margarida Glow \u00e9 uma bruma fixadora que tamb\u00e9m hidrata e cuida da pele com seus ingredientes naturais.","robots":{"index":"index","follow":"follow","max-snippet":"max-snippet:-1","max-image-preview":"max-image-preview:large","max-video-preview":"max-video-preview:-1"},"canonical":"https:\/\/daniellebeatrizmakeup.com.br\/loja\/agua-de-rosas-maria-margarida-glow\/","og_locale":"pt_BR","og_type":"article","og_title":"\u00c1gua de Rosas Maria Margarida Glow - Loja DB Makeup","og_description":"A \u00c1gua de Rosas da Maria Margarida Glow \u00e9 uma bruma fixadora que tamb\u00e9m hidrata e cuida da pele com seus ingredientes naturais.","og_url":"https:\/\/daniellebeatrizmakeup.com.br\/loja\/agua-de-rosas-maria-margarida-glow\/","og_site_name":"Loja DB Makeup","article_publisher":"https:\/\/www.facebook.com\/daniellebeatrizmakeup","article_modified_time":"2025-07-18T19:14:58+00:00","og_image":[{"width":1706,"height":2560,"url":"https:\/\/daniellebeatrizmakeup.com.br\/loja\/wp-content\/uploads\/2023\/10\/agua-de-rosas-glow-maria-margarida-nova-embalagem-scaled.jpg","type":"image\/jpeg"}],"twitter_card":"summary_large_image","twitter_site":"@danibetriz","twitter_misc":{"Est. tempo de leitura":"2 minutos"},"schema":{"@context":"https:\/\/schema.org","@graph":[{"@type":"WebPage","@id":"https:\/\/daniellebeatrizmakeup.com.br\/loja\/agua-de-rosas-maria-margarida-glow\/","url":"https:\/\/daniellebeatrizmakeup.com.br\/loja\/agua-de-rosas-maria-margarida-glow\/","name":"\u00c1gua de Rosas Maria Margarida Glow - Loja DB Makeup","isPartOf":{"@id":"https:\/\/daniellebeatrizmakeup.com.br\/loja\/#website"},"primaryImageOfPage":{"@id":"https:\/\/daniellebeatrizmakeup.com.br\/loja\/agua-de-rosas-maria-margarida-glow\/#primaryimage"},"image":{"@id":"https:\/\/daniellebeatrizmakeup.com.br\/loja\/agua-de-rosas-maria-margarida-glow\/#primaryimage"},"thumbnailUrl":"https:\/\/daniellebeatrizmakeup.com.br\/loja\/wp-content\/uploads\/2023\/10\/agua-de-rosas-glow-maria-margarida-nova-embalagem-scaled.jpg","datePublished":"2020-07-18T18:31:26+00:00","dateModified":"2025-07-18T19:14:58+00:00","description":"A \u00c1gua de Rosas da Maria Margarida Glow \u00e9 uma bruma fixadora que tamb\u00e9m hidrata e cuida da pele com seus ingredientes naturais.","breadcrumb":{"@id":"https:\/\/daniellebeatrizmakeup.com.br\/loja\/agua-de-rosas-maria-margarida-glow\/#breadcrumb"},"inLanguage":"pt-BR","potentialAction":[{"@type":"ReadAction","target":["https:\/\/daniellebeatrizmakeup.com.br\/loja\/agua-de-rosas-maria-margarida-glow\/"]}]},{"@type":"ImageObject","inLanguage":"pt-BR","@id":"https:\/\/daniellebeatrizmakeup.com.br\/loja\/agua-de-rosas-maria-margarida-glow\/#primaryimage","url":"https:\/\/daniellebeatrizmakeup.com.br\/loja\/wp-content\/uploads\/2023\/10\/agua-de-rosas-glow-maria-margarida-nova-embalagem-scaled.jpg","contentUrl":"https:\/\/daniellebeatrizmakeup.com.br\/loja\/wp-content\/uploads\/2023\/10\/agua-de-rosas-glow-maria-margarida-nova-embalagem-scaled.jpg","width":1706,"height":2560},{"@type":"BreadcrumbList","@id":"https:\/\/daniellebeatrizmakeup.com.br\/loja\/agua-de-rosas-maria-margarida-glow\/#breadcrumb","itemListElement":[{"@type":"ListItem","position":1,"name":"In\u00edcio","item":"https:\/\/daniellebeatrizmakeup.com.br\/loja\/"},{"@type":"ListItem","position":2,"name":"Todos","item":"https:\/\/daniellebeatrizmakeup.com.br\/loja\/todos\/"},{"@type":"ListItem","position":3,"name":"\u00c1gua de Rosas Maria Margarida Glow"}]},{"@type":"WebSite","@id":"https:\/\/daniellebeatrizmakeup.com.br\/loja\/#website","url":"https:\/\/daniellebeatrizmakeup.com.br\/loja\/","name":"Loja DB Makeup","description":"A melhor loja de maquiagem para real\u00e7ar a sua beleza","publisher":{"@id":"https:\/\/daniellebeatrizmakeup.com.br\/loja\/#organization"},"potentialAction":[{"@type":"SearchAction","target":{"@type":"EntryPoint","urlTemplate":"https:\/\/daniellebeatrizmakeup.com.br\/loja\/?s={search_term_string}"},"query-input":{"@type":"PropertyValueSpecification","valueRequired":true,"valueName":"search_term_string"}}],"inLanguage":"pt-BR"},{"@type":"Organization","@id":"https:\/\/daniellebeatrizmakeup.com.br\/loja\/#organization","name":"Danielle Beatriz Makeup","url":"https:\/\/daniellebeatrizmakeup.com.br\/loja\/","logo":{"@type":"ImageObject","inLanguage":"pt-BR","@id":"https:\/\/daniellebeatrizmakeup.com.br\/loja\/#\/schema\/logo\/image\/","url":"https:\/\/daniellebeatrizmakeup.com.br\/loja\/wp-content\/uploads\/2020\/10\/logo-loja-db-makeup.png","contentUrl":"https:\/\/daniellebeatrizmakeup.com.br\/loja\/wp-content\/uploads\/2020\/10\/logo-loja-db-makeup.png","width":500,"height":110,"caption":"Danielle Beatriz Makeup"},"image":{"@id":"https:\/\/daniellebeatrizmakeup.com.br\/loja\/#\/schema\/logo\/image\/"},"sameAs":["https:\/\/www.facebook.com\/daniellebeatrizmakeup","https:\/\/x.com\/danibetriz","https:\/\/www.instagram.com\/daniellebeatrizmakeup","https:\/\/pinterest.com\/daniellebeatrizmakeup","https:\/\/www.youtube.com\/DanielleBeatriz"]}]}},"jetpack_sharing_enabled":true,"_links":{"self":[{"href":"https:\/\/daniellebeatrizmakeup.com.br\/loja\/wp-json\/wp\/v2\/product\/1671","targetHints":{"allow":["GET"]}}],"collection":[{"href":"https:\/\/daniellebeatrizmakeup.com.br\/loja\/wp-json\/wp\/v2\/product"}],"about":[{"href":"https:\/\/daniellebeatrizmakeup.com.br\/loja\/wp-json\/wp\/v2\/types\/product"}],"replies":[{"embeddable":true,"href":"https:\/\/daniellebeatrizmakeup.com.br\/loja\/wp-json\/wp\/v2\/comments?post=1671"}],"version-history":[{"count":6,"href":"https:\/\/daniellebeatrizmakeup.com.br\/loja\/wp-json\/wp\/v2\/product\/1671\/revisions"}],"predecessor-version":[{"id":57650,"href":"https:\/\/daniellebeatrizmakeup.com.br\/loja\/wp-json\/wp\/v2\/product\/1671\/revisions\/57650"}],"wp:featuredmedia":[{"embeddable":true,"href":"https:\/\/daniellebeatrizmakeup.com.br\/loja\/wp-json\/wp\/v2\/media\/57381"}],"wp:attachment":[{"href":"https:\/\/daniellebeatrizmakeup.com.br\/loja\/wp-json\/wp\/v2\/media?parent=1671"}],"wp:term":[{"taxonomy":"product_brand","embeddable":true,"href":"https:\/\/daniellebeatrizmakeup.com.br\/loja\/wp-json\/wp\/v2\/product_brand?post=1671"},{"taxonomy":"product_cat","embeddable":true,"href":"https:\/\/daniellebeatrizmakeup.com.br\/loja\/wp-json\/wp\/v2\/product_cat?post=1671"},{"taxonomy":"product_tag","embeddable":true,"href":"https:\/\/daniellebeatrizmakeup.com.br\/loja\/wp-json\/wp\/v2\/product_tag?post=1671"},{"taxonomy":"woo-feed-brand","embeddable":true,"href":"https:\/\/daniellebeatrizmakeup.com.br\/loja\/wp-json\/wp\/v2\/woo-feed-brand?post=1671"}],"curies":[{"name":"wp","href":"https:\/\/api.w.org\/{rel}","templated":true}]}}