{"id":1669,"date":"2020-07-18T15:11:56","date_gmt":"2020-07-18T18:11:56","guid":{"rendered":"https:\/\/loja.daniellebeatrizmakeup.com.br\/?post_type=product&#038;p=1669"},"modified":"2025-07-18T16:15:21","modified_gmt":"2025-07-18T19:15:21","slug":"agua-de-rosas-maria-margarida-matte","status":"publish","type":"product","link":"https:\/\/daniellebeatrizmakeup.com.br\/loja\/agua-de-rosas-maria-margarida-matte\/","title":{"rendered":"\u00c1gua de Rosas Maria Margarida Matte"},"content":{"rendered":"<p>A \u00c1gua de Rosas da <a href=\"https:\/\/daniellebeatrizmakeup.com.br\/loja\/maria-margarida\/\">Maria Margarida<\/a> \u00e9 uma bruma fixadora que tamb\u00e9m hidrata e cuida da pele com seus ingredientes naturais. Lan\u00e7ada em tr\u00eas acabamentos diferentes: Tradicional, Glow, e Matte.<\/p>\n<p>Uma vers\u00e3o babadeira da <a href=\"https:\/\/www.instagram.com\/p\/CTAzscHnXnU\/\">\u00c1gua de Rosa<\/a>s \u00e9 a Matte! Ela tem Amido de Tapioca na composi\u00e7\u00e3o e funciona como uma esp\u00e9cie de p\u00f3 l\u00edquido! Isso mesmo que voc\u00ea leu, um p\u00f3 vers\u00e3o liquida! O Amido de Tapioca \u00e9 um super agente matificador e 100% natural! Ele d\u00e1 acabamento opaco e segura a oleosidade da pele sem tirar aquele glow natural do fundo de pele! E o mais legal \u00e9 que voc\u00ea pode reaplicar v\u00e1rias vezes ao longo do dia! Como a composi\u00e7\u00e3o ainda tem uma colinha especial, al\u00e9m de matificar, ela vai fazer sua make durar muito mais! Para finalizar pele madura essa vers\u00e3o Matte tamb\u00e9m \u00e9 puro poder!<\/p>\n<h3>Alguns ingredientes da \u00c1gua de Rosas Maria Margarida Matte<\/h3>\n<ul>\n<li>Voc\u00ea sabia que o Amido de Tapioca \u00e9 um super hidratante natural e que al\u00e9m disso ele \u00e9 capaz de matificar e segurar a oleosidade da pele?<\/li>\n<li>O Extrato de Infus\u00e3o de P\u00e9talas de Rosa \u00e9 uma poderosa fonte de vitaminas C e A, antioxidante e tonificante. Al\u00e9m disso \u00e9 ideal para acalmar irrita\u00e7\u00f5es na pele!<\/li>\n<li>O Extrato de Ma\u00e7\u00e3 \u00e9 um poderoso remineralizante, ideal para manter a sa\u00fade da pele! Al\u00e9m disso, ele ajuda a manter a firmeza e combate o envelhecimento precoce da pele!<\/li>\n<li>O Extrato de Amora \u00e9 um poderoso adstringente! Ele minimiza a oleosidade excessiva, fechando os poros sem agredir a barreira lip\u00eddica, al\u00e9m de evitar o ressecamento da pele!<\/li>\n<li>O Castor Oil \u00e9 um cl\u00e1ssico que vem das nossas vov\u00f3s e que atualmente foi repaginado em novos estudos que descobriram ainda mais benef\u00edcios desse lindo! Conhecido popularmente como \u00f3leo de r\u00edcino, ele \u00e9 uma ferramenta essencial para minimizar a perda de umidade da pele, o que retarda o aparecimento de rugas. Outro grande benef\u00edcio do Castor Oil \u00e9 sua a\u00e7\u00e3o antioleosidade! Como mant\u00e9m o n\u00edvel de hidrata\u00e7\u00e3o da pele por mais tempo, ele reduz consideravelmente a oleosidade da pele!<\/li>\n<li>A Glicerina \u00e9 um ingrediente essencial para a sa\u00fade da pele! Voc\u00ea sabe qual \u00e9 o maior benef\u00edcio que ela proporciona para a pele? A umecta\u00e7\u00e3o! De maneira simplificada, a Glicerina ajuda na maior absor\u00e7\u00e3o e reten\u00e7\u00e3o de \u00e1gua, o que mant\u00e9m a pele mais hidratada!<\/li>\n<\/ul>\n<p>Um detalhe muito importante da \u00c1gua de Rosas da Maria Margarida \u00e9 que todas as vers\u00f5es s\u00e3o livres de parabenos! O parabeno \u00e9 um conservante muito comum nos cosm\u00e9ticos e a longo prazo ele pode causar o envelhecimento precoce da pele, entre outros malef\u00edcios!<\/p>\n","protected":false},"excerpt":{"rendered":"<p>Validade: 07\/2025.<\/p>\n<p>Uma vers\u00e3o babadeira da \u00c1gua de Rosas \u00e9 a Matte! Ela tem Amido de Tapioca na composi\u00e7\u00e3o e funciona como uma esp\u00e9cie de p\u00f3 l\u00edquido! O Amido de Tapioca \u00e9 um super agente matificador e 100% natural!<\/p>\n","protected":false},"featured_media":57382,"comment_status":"open","ping_status":"closed","template":"","meta":{"_mbp_gutenberg_autopost":false},"product_brand":[],"product_cat":[121,723,839,73,722,78],"product_tag":[845,221,207,174,193,145,84,106,222,188],"woo-feed-brand":[],"class_list":{"0":"post-1669","1":"product","2":"type-product","3":"status-publish","4":"has-post-thumbnail","6":"product_cat-bruma","7":"product_cat-proximo-ao-vencimento","8":"product_cat-hidra-makeup","9":"product_cat-maria-margarida","10":"product_cat-promocao","11":"product_cat-rosto","12":"product_tag-07-2025","13":"product_tag-bruma","14":"product_tag-fixador","15":"product_tag-hidratante","16":"product_tag-hidratante-facial","17":"product_tag-maria-margarida","18":"product_tag-matte","19":"product_tag-pele","20":"product_tag-pele-madura","21":"product_tag-pele-oleosa","22":"yith_product_brand-maria-margarida","24":"first","25":"outofstock","26":"sale","27":"shipping-taxable","28":"purchasable","29":"product-type-simple"},"yoast_head":"<!-- This site is optimized with the Yoast SEO plugin v27.3 - https:\/\/yoast.com\/product\/yoast-seo-wordpress\/ -->\n<title>\u00c1gua de Rosas Maria Margarida Matte - Loja DB Makeup<\/title>\n<meta name=\"description\" content=\"A \u00c1gua de Rosas da Maria Margarida \u00e9 uma bruma fixadora que tamb\u00e9m hidrata e cuida da pele com seus ingredientes naturais.\" \/>\n<meta name=\"robots\" content=\"index, follow, max-snippet:-1, max-image-preview:large, max-video-preview:-1\" \/>\n<link rel=\"canonical\" href=\"https:\/\/daniellebeatrizmakeup.com.br\/loja\/agua-de-rosas-maria-margarida-matte\/\" \/>\n<meta property=\"og:locale\" content=\"pt_BR\" \/>\n<meta property=\"og:type\" content=\"article\" \/>\n<meta property=\"og:title\" content=\"\u00c1gua de Rosas Maria Margarida Matte - Loja DB Makeup\" \/>\n<meta property=\"og:description\" content=\"A \u00c1gua de Rosas da Maria Margarida \u00e9 uma bruma fixadora que tamb\u00e9m hidrata e cuida da pele com seus ingredientes naturais.\" \/>\n<meta property=\"og:url\" content=\"https:\/\/daniellebeatrizmakeup.com.br\/loja\/agua-de-rosas-maria-margarida-matte\/\" \/>\n<meta property=\"og:site_name\" content=\"Loja DB Makeup\" \/>\n<meta property=\"article:publisher\" content=\"https:\/\/www.facebook.com\/daniellebeatrizmakeup\" \/>\n<meta property=\"article:modified_time\" content=\"2025-07-18T19:15:21+00:00\" \/>\n<meta property=\"og:image\" content=\"https:\/\/daniellebeatrizmakeup.com.br\/loja\/wp-content\/uploads\/2023\/10\/agua-de-rosas-matte-maria-margarida-nova-embalagem-scaled.jpg\" \/>\n\t<meta property=\"og:image:width\" content=\"1707\" \/>\n\t<meta property=\"og:image:height\" content=\"2560\" \/>\n\t<meta property=\"og:image:type\" content=\"image\/jpeg\" \/>\n<meta name=\"twitter:card\" content=\"summary_large_image\" \/>\n<meta name=\"twitter:site\" content=\"@danibetriz\" \/>\n<meta name=\"twitter:label1\" content=\"Est. tempo de leitura\" \/>\n\t<meta name=\"twitter:data1\" content=\"2 minutos\" \/>\n<script type=\"application\/ld+json\" class=\"yoast-schema-graph\">{\"@context\":\"https:\\\/\\\/schema.org\",\"@graph\":[{\"@type\":\"WebPage\",\"@id\":\"https:\\\/\\\/daniellebeatrizmakeup.com.br\\\/loja\\\/agua-de-rosas-maria-margarida-matte\\\/\",\"url\":\"https:\\\/\\\/daniellebeatrizmakeup.com.br\\\/loja\\\/agua-de-rosas-maria-margarida-matte\\\/\",\"name\":\"\u00c1gua de Rosas Maria Margarida Matte - Loja DB Makeup\",\"isPartOf\":{\"@id\":\"https:\\\/\\\/daniellebeatrizmakeup.com.br\\\/loja\\\/#website\"},\"primaryImageOfPage\":{\"@id\":\"https:\\\/\\\/daniellebeatrizmakeup.com.br\\\/loja\\\/agua-de-rosas-maria-margarida-matte\\\/#primaryimage\"},\"image\":{\"@id\":\"https:\\\/\\\/daniellebeatrizmakeup.com.br\\\/loja\\\/agua-de-rosas-maria-margarida-matte\\\/#primaryimage\"},\"thumbnailUrl\":\"https:\\\/\\\/daniellebeatrizmakeup.com.br\\\/loja\\\/wp-content\\\/uploads\\\/2023\\\/10\\\/agua-de-rosas-matte-maria-margarida-nova-embalagem-scaled.jpg\",\"datePublished\":\"2020-07-18T18:11:56+00:00\",\"dateModified\":\"2025-07-18T19:15:21+00:00\",\"description\":\"A \u00c1gua de Rosas da Maria Margarida \u00e9 uma bruma fixadora que tamb\u00e9m hidrata e cuida da pele com seus ingredientes naturais.\",\"breadcrumb\":{\"@id\":\"https:\\\/\\\/daniellebeatrizmakeup.com.br\\\/loja\\\/agua-de-rosas-maria-margarida-matte\\\/#breadcrumb\"},\"inLanguage\":\"pt-BR\",\"potentialAction\":[{\"@type\":\"ReadAction\",\"target\":[\"https:\\\/\\\/daniellebeatrizmakeup.com.br\\\/loja\\\/agua-de-rosas-maria-margarida-matte\\\/\"]}]},{\"@type\":\"ImageObject\",\"inLanguage\":\"pt-BR\",\"@id\":\"https:\\\/\\\/daniellebeatrizmakeup.com.br\\\/loja\\\/agua-de-rosas-maria-margarida-matte\\\/#primaryimage\",\"url\":\"https:\\\/\\\/daniellebeatrizmakeup.com.br\\\/loja\\\/wp-content\\\/uploads\\\/2023\\\/10\\\/agua-de-rosas-matte-maria-margarida-nova-embalagem-scaled.jpg\",\"contentUrl\":\"https:\\\/\\\/daniellebeatrizmakeup.com.br\\\/loja\\\/wp-content\\\/uploads\\\/2023\\\/10\\\/agua-de-rosas-matte-maria-margarida-nova-embalagem-scaled.jpg\",\"width\":1707,\"height\":2560},{\"@type\":\"BreadcrumbList\",\"@id\":\"https:\\\/\\\/daniellebeatrizmakeup.com.br\\\/loja\\\/agua-de-rosas-maria-margarida-matte\\\/#breadcrumb\",\"itemListElement\":[{\"@type\":\"ListItem\",\"position\":1,\"name\":\"In\u00edcio\",\"item\":\"https:\\\/\\\/daniellebeatrizmakeup.com.br\\\/loja\\\/\"},{\"@type\":\"ListItem\",\"position\":2,\"name\":\"Todos\",\"item\":\"https:\\\/\\\/daniellebeatrizmakeup.com.br\\\/loja\\\/todos\\\/\"},{\"@type\":\"ListItem\",\"position\":3,\"name\":\"\u00c1gua de Rosas Maria Margarida Matte\"}]},{\"@type\":\"WebSite\",\"@id\":\"https:\\\/\\\/daniellebeatrizmakeup.com.br\\\/loja\\\/#website\",\"url\":\"https:\\\/\\\/daniellebeatrizmakeup.com.br\\\/loja\\\/\",\"name\":\"Loja DB Makeup\",\"description\":\"A melhor loja de maquiagem para real\u00e7ar a sua beleza\",\"publisher\":{\"@id\":\"https:\\\/\\\/daniellebeatrizmakeup.com.br\\\/loja\\\/#organization\"},\"potentialAction\":[{\"@type\":\"SearchAction\",\"target\":{\"@type\":\"EntryPoint\",\"urlTemplate\":\"https:\\\/\\\/daniellebeatrizmakeup.com.br\\\/loja\\\/?s={search_term_string}\"},\"query-input\":{\"@type\":\"PropertyValueSpecification\",\"valueRequired\":true,\"valueName\":\"search_term_string\"}}],\"inLanguage\":\"pt-BR\"},{\"@type\":\"Organization\",\"@id\":\"https:\\\/\\\/daniellebeatrizmakeup.com.br\\\/loja\\\/#organization\",\"name\":\"Danielle Beatriz Makeup\",\"url\":\"https:\\\/\\\/daniellebeatrizmakeup.com.br\\\/loja\\\/\",\"logo\":{\"@type\":\"ImageObject\",\"inLanguage\":\"pt-BR\",\"@id\":\"https:\\\/\\\/daniellebeatrizmakeup.com.br\\\/loja\\\/#\\\/schema\\\/logo\\\/image\\\/\",\"url\":\"https:\\\/\\\/daniellebeatrizmakeup.com.br\\\/loja\\\/wp-content\\\/uploads\\\/2020\\\/10\\\/logo-loja-db-makeup.png\",\"contentUrl\":\"https:\\\/\\\/daniellebeatrizmakeup.com.br\\\/loja\\\/wp-content\\\/uploads\\\/2020\\\/10\\\/logo-loja-db-makeup.png\",\"width\":500,\"height\":110,\"caption\":\"Danielle Beatriz Makeup\"},\"image\":{\"@id\":\"https:\\\/\\\/daniellebeatrizmakeup.com.br\\\/loja\\\/#\\\/schema\\\/logo\\\/image\\\/\"},\"sameAs\":[\"https:\\\/\\\/www.facebook.com\\\/daniellebeatrizmakeup\",\"https:\\\/\\\/x.com\\\/danibetriz\",\"https:\\\/\\\/www.instagram.com\\\/daniellebeatrizmakeup\",\"https:\\\/\\\/pinterest.com\\\/daniellebeatrizmakeup\",\"https:\\\/\\\/www.youtube.com\\\/DanielleBeatriz\"]}]}<\/script>\n<!-- \/ Yoast SEO plugin. -->","yoast_head_json":{"title":"\u00c1gua de Rosas Maria Margarida Matte - Loja DB Makeup","description":"A \u00c1gua de Rosas da Maria Margarida \u00e9 uma bruma fixadora que tamb\u00e9m hidrata e cuida da pele com seus ingredientes naturais.","robots":{"index":"index","follow":"follow","max-snippet":"max-snippet:-1","max-image-preview":"max-image-preview:large","max-video-preview":"max-video-preview:-1"},"canonical":"https:\/\/daniellebeatrizmakeup.com.br\/loja\/agua-de-rosas-maria-margarida-matte\/","og_locale":"pt_BR","og_type":"article","og_title":"\u00c1gua de Rosas Maria Margarida Matte - Loja DB Makeup","og_description":"A \u00c1gua de Rosas da Maria Margarida \u00e9 uma bruma fixadora que tamb\u00e9m hidrata e cuida da pele com seus ingredientes naturais.","og_url":"https:\/\/daniellebeatrizmakeup.com.br\/loja\/agua-de-rosas-maria-margarida-matte\/","og_site_name":"Loja DB Makeup","article_publisher":"https:\/\/www.facebook.com\/daniellebeatrizmakeup","article_modified_time":"2025-07-18T19:15:21+00:00","og_image":[{"width":1707,"height":2560,"url":"https:\/\/daniellebeatrizmakeup.com.br\/loja\/wp-content\/uploads\/2023\/10\/agua-de-rosas-matte-maria-margarida-nova-embalagem-scaled.jpg","type":"image\/jpeg"}],"twitter_card":"summary_large_image","twitter_site":"@danibetriz","twitter_misc":{"Est. tempo de leitura":"2 minutos"},"schema":{"@context":"https:\/\/schema.org","@graph":[{"@type":"WebPage","@id":"https:\/\/daniellebeatrizmakeup.com.br\/loja\/agua-de-rosas-maria-margarida-matte\/","url":"https:\/\/daniellebeatrizmakeup.com.br\/loja\/agua-de-rosas-maria-margarida-matte\/","name":"\u00c1gua de Rosas Maria Margarida Matte - Loja DB Makeup","isPartOf":{"@id":"https:\/\/daniellebeatrizmakeup.com.br\/loja\/#website"},"primaryImageOfPage":{"@id":"https:\/\/daniellebeatrizmakeup.com.br\/loja\/agua-de-rosas-maria-margarida-matte\/#primaryimage"},"image":{"@id":"https:\/\/daniellebeatrizmakeup.com.br\/loja\/agua-de-rosas-maria-margarida-matte\/#primaryimage"},"thumbnailUrl":"https:\/\/daniellebeatrizmakeup.com.br\/loja\/wp-content\/uploads\/2023\/10\/agua-de-rosas-matte-maria-margarida-nova-embalagem-scaled.jpg","datePublished":"2020-07-18T18:11:56+00:00","dateModified":"2025-07-18T19:15:21+00:00","description":"A \u00c1gua de Rosas da Maria Margarida \u00e9 uma bruma fixadora que tamb\u00e9m hidrata e cuida da pele com seus ingredientes naturais.","breadcrumb":{"@id":"https:\/\/daniellebeatrizmakeup.com.br\/loja\/agua-de-rosas-maria-margarida-matte\/#breadcrumb"},"inLanguage":"pt-BR","potentialAction":[{"@type":"ReadAction","target":["https:\/\/daniellebeatrizmakeup.com.br\/loja\/agua-de-rosas-maria-margarida-matte\/"]}]},{"@type":"ImageObject","inLanguage":"pt-BR","@id":"https:\/\/daniellebeatrizmakeup.com.br\/loja\/agua-de-rosas-maria-margarida-matte\/#primaryimage","url":"https:\/\/daniellebeatrizmakeup.com.br\/loja\/wp-content\/uploads\/2023\/10\/agua-de-rosas-matte-maria-margarida-nova-embalagem-scaled.jpg","contentUrl":"https:\/\/daniellebeatrizmakeup.com.br\/loja\/wp-content\/uploads\/2023\/10\/agua-de-rosas-matte-maria-margarida-nova-embalagem-scaled.jpg","width":1707,"height":2560},{"@type":"BreadcrumbList","@id":"https:\/\/daniellebeatrizmakeup.com.br\/loja\/agua-de-rosas-maria-margarida-matte\/#breadcrumb","itemListElement":[{"@type":"ListItem","position":1,"name":"In\u00edcio","item":"https:\/\/daniellebeatrizmakeup.com.br\/loja\/"},{"@type":"ListItem","position":2,"name":"Todos","item":"https:\/\/daniellebeatrizmakeup.com.br\/loja\/todos\/"},{"@type":"ListItem","position":3,"name":"\u00c1gua de Rosas Maria Margarida Matte"}]},{"@type":"WebSite","@id":"https:\/\/daniellebeatrizmakeup.com.br\/loja\/#website","url":"https:\/\/daniellebeatrizmakeup.com.br\/loja\/","name":"Loja DB Makeup","description":"A melhor loja de maquiagem para real\u00e7ar a sua beleza","publisher":{"@id":"https:\/\/daniellebeatrizmakeup.com.br\/loja\/#organization"},"potentialAction":[{"@type":"SearchAction","target":{"@type":"EntryPoint","urlTemplate":"https:\/\/daniellebeatrizmakeup.com.br\/loja\/?s={search_term_string}"},"query-input":{"@type":"PropertyValueSpecification","valueRequired":true,"valueName":"search_term_string"}}],"inLanguage":"pt-BR"},{"@type":"Organization","@id":"https:\/\/daniellebeatrizmakeup.com.br\/loja\/#organization","name":"Danielle Beatriz Makeup","url":"https:\/\/daniellebeatrizmakeup.com.br\/loja\/","logo":{"@type":"ImageObject","inLanguage":"pt-BR","@id":"https:\/\/daniellebeatrizmakeup.com.br\/loja\/#\/schema\/logo\/image\/","url":"https:\/\/daniellebeatrizmakeup.com.br\/loja\/wp-content\/uploads\/2020\/10\/logo-loja-db-makeup.png","contentUrl":"https:\/\/daniellebeatrizmakeup.com.br\/loja\/wp-content\/uploads\/2020\/10\/logo-loja-db-makeup.png","width":500,"height":110,"caption":"Danielle Beatriz Makeup"},"image":{"@id":"https:\/\/daniellebeatrizmakeup.com.br\/loja\/#\/schema\/logo\/image\/"},"sameAs":["https:\/\/www.facebook.com\/daniellebeatrizmakeup","https:\/\/x.com\/danibetriz","https:\/\/www.instagram.com\/daniellebeatrizmakeup","https:\/\/pinterest.com\/daniellebeatrizmakeup","https:\/\/www.youtube.com\/DanielleBeatriz"]}]}},"jetpack_sharing_enabled":true,"_links":{"self":[{"href":"https:\/\/daniellebeatrizmakeup.com.br\/loja\/wp-json\/wp\/v2\/product\/1669","targetHints":{"allow":["GET"]}}],"collection":[{"href":"https:\/\/daniellebeatrizmakeup.com.br\/loja\/wp-json\/wp\/v2\/product"}],"about":[{"href":"https:\/\/daniellebeatrizmakeup.com.br\/loja\/wp-json\/wp\/v2\/types\/product"}],"replies":[{"embeddable":true,"href":"https:\/\/daniellebeatrizmakeup.com.br\/loja\/wp-json\/wp\/v2\/comments?post=1669"}],"version-history":[{"count":7,"href":"https:\/\/daniellebeatrizmakeup.com.br\/loja\/wp-json\/wp\/v2\/product\/1669\/revisions"}],"predecessor-version":[{"id":57651,"href":"https:\/\/daniellebeatrizmakeup.com.br\/loja\/wp-json\/wp\/v2\/product\/1669\/revisions\/57651"}],"wp:featuredmedia":[{"embeddable":true,"href":"https:\/\/daniellebeatrizmakeup.com.br\/loja\/wp-json\/wp\/v2\/media\/57382"}],"wp:attachment":[{"href":"https:\/\/daniellebeatrizmakeup.com.br\/loja\/wp-json\/wp\/v2\/media?parent=1669"}],"wp:term":[{"taxonomy":"product_brand","embeddable":true,"href":"https:\/\/daniellebeatrizmakeup.com.br\/loja\/wp-json\/wp\/v2\/product_brand?post=1669"},{"taxonomy":"product_cat","embeddable":true,"href":"https:\/\/daniellebeatrizmakeup.com.br\/loja\/wp-json\/wp\/v2\/product_cat?post=1669"},{"taxonomy":"product_tag","embeddable":true,"href":"https:\/\/daniellebeatrizmakeup.com.br\/loja\/wp-json\/wp\/v2\/product_tag?post=1669"},{"taxonomy":"woo-feed-brand","embeddable":true,"href":"https:\/\/daniellebeatrizmakeup.com.br\/loja\/wp-json\/wp\/v2\/woo-feed-brand?post=1669"}],"curies":[{"name":"wp","href":"https:\/\/api.w.org\/{rel}","templated":true}]}}