{"id":16243,"date":"2021-03-18T00:06:46","date_gmt":"2021-03-18T03:06:46","guid":{"rendered":"https:\/\/loja.daniellebeatrizmakeup.com.br\/?post_type=product&#038;p=16243"},"modified":"2025-12-18T21:59:36","modified_gmt":"2025-12-19T00:59:36","slug":"lip-oil-gloss-labial-hidratante-ruby-rose","status":"publish","type":"product","link":"https:\/\/daniellebeatrizmakeup.com.br\/loja\/lip-oil-gloss-labial-hidratante-ruby-rose\/","title":{"rendered":"Lip Oil Gloss Labial Hidratante Ruby Rose"},"content":{"rendered":"<p>O Lip Oil da <a href=\"https:\/\/daniellebeatrizmakeup.com.br\/loja\/ruby-rose\/\">Ruby Rose<\/a>, o gloss hidratante labial que d\u00e1 um brilho incolor aos l\u00e1bios, sua textura n\u00e3o \u00e9 pegajosa e \u00e9 super confort\u00e1vel. Todos com um cheirinho incr\u00edvel, mas no momento dispon\u00edvel nas vers\u00f5es: ma\u00e7\u00e3 verde, menta, uva, e laranja.<\/p>\n<p>Manter os l\u00e1bios hidratados faz toda diferen\u00e7a na maquiagem.<\/p>\n<p><strong>Modo de usar<\/strong><\/p>\n<p>Comece aplicando do canto em dire\u00e7\u00e3o ao centro dos l\u00e1bios, logo depois preencha a parte interna deixando-o uniforme.<\/p>\n","protected":false},"excerpt":{"rendered":"<p>O Lip Oil da Ruby Rose, o gloss hidratante labial que d\u00e1 um brilho incolor aos l\u00e1bios, sua textura n\u00e3o \u00e9 pegajosa e \u00e9 super confort\u00e1vel. Todos com um cheirinho incr\u00edvel, mas no momento dispon\u00edvel nas vers\u00f5es: ma\u00e7\u00e3 verde, menta, uva, e laranja.<\/p>\n","protected":false},"featured_media":26666,"comment_status":"open","ping_status":"closed","template":"","meta":{"_mbp_gutenberg_autopost":false},"product_brand":[],"product_cat":[89,80,74],"product_tag":[83,213,297,296,805],"woo-feed-brand":[],"class_list":{"0":"post-16243","1":"product","2":"type-product","3":"status-publish","4":"has-post-thumbnail","6":"product_cat-gloss","7":"product_cat-labios","8":"product_cat-ruby-rose","9":"product_tag-batom","10":"product_tag-batom-hidratante","11":"product_tag-hidratante-labial","12":"product_tag-lip-balm","13":"product_tag-ruby-rose","14":"pa_cor-laranja","15":"pa_cor-maca-verde","16":"pa_cor-melancia","17":"pa_cor-menta","18":"pa_cor-morango","19":"pa_cor-uva","20":"yith_product_brand-ruby-rose","22":"first","23":"outofstock","24":"shipping-taxable","25":"purchasable","26":"product-type-variable"},"yoast_head":"<!-- This site is optimized with the Yoast SEO plugin v27.3 - https:\/\/yoast.com\/product\/yoast-seo-wordpress\/ -->\n<title>Lip Oil Gloss Labial Hidratante Ruby Rose - Loja DB Makeup<\/title>\n<meta name=\"description\" content=\"O Lip Oil da Ruby Rose, o gloss hidratante labial que d\u00e1 um brilho incolor aos l\u00e1bios, sua textura n\u00e3o \u00e9 pegajosa e \u00e9 super confort\u00e1vel.\" \/>\n<meta name=\"robots\" content=\"index, follow, max-snippet:-1, max-image-preview:large, max-video-preview:-1\" \/>\n<link rel=\"canonical\" href=\"https:\/\/daniellebeatrizmakeup.com.br\/loja\/lip-oil-gloss-labial-hidratante-ruby-rose\/\" \/>\n<meta property=\"og:locale\" content=\"pt_BR\" \/>\n<meta property=\"og:type\" content=\"article\" \/>\n<meta property=\"og:title\" content=\"Lip Oil Gloss Labial Hidratante Ruby Rose - Loja DB Makeup\" \/>\n<meta property=\"og:description\" content=\"O Lip Oil da Ruby Rose, o gloss hidratante labial que d\u00e1 um brilho incolor aos l\u00e1bios, sua textura n\u00e3o \u00e9 pegajosa e \u00e9 super confort\u00e1vel.\" \/>\n<meta property=\"og:url\" content=\"https:\/\/daniellebeatrizmakeup.com.br\/loja\/lip-oil-gloss-labial-hidratante-ruby-rose\/\" \/>\n<meta property=\"og:site_name\" content=\"Loja DB Makeup\" \/>\n<meta property=\"article:publisher\" content=\"https:\/\/www.facebook.com\/daniellebeatrizmakeup\" \/>\n<meta property=\"article:modified_time\" content=\"2025-12-19T00:59:36+00:00\" \/>\n<meta property=\"og:image\" content=\"https:\/\/daniellebeatrizmakeup.com.br\/loja\/wp-content\/uploads\/2021\/03\/gloss-labial-hidratante-lip-oil-ruby-rose.jpg\" \/>\n\t<meta property=\"og:image:width\" content=\"1080\" \/>\n\t<meta property=\"og:image:height\" content=\"1080\" \/>\n\t<meta property=\"og:image:type\" content=\"image\/jpeg\" \/>\n<meta name=\"twitter:card\" content=\"summary_large_image\" \/>\n<meta name=\"twitter:site\" content=\"@danibetriz\" \/>\n<meta name=\"twitter:label1\" content=\"Est. tempo de leitura\" \/>\n\t<meta name=\"twitter:data1\" content=\"1 minuto\" \/>\n<script type=\"application\/ld+json\" class=\"yoast-schema-graph\">{\"@context\":\"https:\\\/\\\/schema.org\",\"@graph\":[{\"@type\":\"WebPage\",\"@id\":\"https:\\\/\\\/daniellebeatrizmakeup.com.br\\\/loja\\\/lip-oil-gloss-labial-hidratante-ruby-rose\\\/\",\"url\":\"https:\\\/\\\/daniellebeatrizmakeup.com.br\\\/loja\\\/lip-oil-gloss-labial-hidratante-ruby-rose\\\/\",\"name\":\"Lip Oil Gloss Labial Hidratante Ruby Rose - Loja DB Makeup\",\"isPartOf\":{\"@id\":\"https:\\\/\\\/daniellebeatrizmakeup.com.br\\\/loja\\\/#website\"},\"primaryImageOfPage\":{\"@id\":\"https:\\\/\\\/daniellebeatrizmakeup.com.br\\\/loja\\\/lip-oil-gloss-labial-hidratante-ruby-rose\\\/#primaryimage\"},\"image\":{\"@id\":\"https:\\\/\\\/daniellebeatrizmakeup.com.br\\\/loja\\\/lip-oil-gloss-labial-hidratante-ruby-rose\\\/#primaryimage\"},\"thumbnailUrl\":\"https:\\\/\\\/daniellebeatrizmakeup.com.br\\\/loja\\\/wp-content\\\/uploads\\\/2021\\\/03\\\/gloss-labial-hidratante-lip-oil-ruby-rose.jpg\",\"datePublished\":\"2021-03-18T03:06:46+00:00\",\"dateModified\":\"2025-12-19T00:59:36+00:00\",\"description\":\"O Lip Oil da Ruby Rose, o gloss hidratante labial que d\u00e1 um brilho incolor aos l\u00e1bios, sua textura n\u00e3o \u00e9 pegajosa e \u00e9 super confort\u00e1vel.\",\"breadcrumb\":{\"@id\":\"https:\\\/\\\/daniellebeatrizmakeup.com.br\\\/loja\\\/lip-oil-gloss-labial-hidratante-ruby-rose\\\/#breadcrumb\"},\"inLanguage\":\"pt-BR\",\"potentialAction\":[{\"@type\":\"ReadAction\",\"target\":[\"https:\\\/\\\/daniellebeatrizmakeup.com.br\\\/loja\\\/lip-oil-gloss-labial-hidratante-ruby-rose\\\/\"]}]},{\"@type\":\"ImageObject\",\"inLanguage\":\"pt-BR\",\"@id\":\"https:\\\/\\\/daniellebeatrizmakeup.com.br\\\/loja\\\/lip-oil-gloss-labial-hidratante-ruby-rose\\\/#primaryimage\",\"url\":\"https:\\\/\\\/daniellebeatrizmakeup.com.br\\\/loja\\\/wp-content\\\/uploads\\\/2021\\\/03\\\/gloss-labial-hidratante-lip-oil-ruby-rose.jpg\",\"contentUrl\":\"https:\\\/\\\/daniellebeatrizmakeup.com.br\\\/loja\\\/wp-content\\\/uploads\\\/2021\\\/03\\\/gloss-labial-hidratante-lip-oil-ruby-rose.jpg\",\"width\":1080,\"height\":1080,\"caption\":\"Gloss Labial Hidratante Lip Oil Ruby Rose\"},{\"@type\":\"BreadcrumbList\",\"@id\":\"https:\\\/\\\/daniellebeatrizmakeup.com.br\\\/loja\\\/lip-oil-gloss-labial-hidratante-ruby-rose\\\/#breadcrumb\",\"itemListElement\":[{\"@type\":\"ListItem\",\"position\":1,\"name\":\"In\u00edcio\",\"item\":\"https:\\\/\\\/daniellebeatrizmakeup.com.br\\\/loja\\\/\"},{\"@type\":\"ListItem\",\"position\":2,\"name\":\"Todos\",\"item\":\"https:\\\/\\\/daniellebeatrizmakeup.com.br\\\/loja\\\/todos\\\/\"},{\"@type\":\"ListItem\",\"position\":3,\"name\":\"Lip Oil Gloss Labial Hidratante Ruby Rose\"}]},{\"@type\":\"WebSite\",\"@id\":\"https:\\\/\\\/daniellebeatrizmakeup.com.br\\\/loja\\\/#website\",\"url\":\"https:\\\/\\\/daniellebeatrizmakeup.com.br\\\/loja\\\/\",\"name\":\"Loja DB Makeup\",\"description\":\"A melhor loja de maquiagem para real\u00e7ar a sua beleza\",\"publisher\":{\"@id\":\"https:\\\/\\\/daniellebeatrizmakeup.com.br\\\/loja\\\/#organization\"},\"potentialAction\":[{\"@type\":\"SearchAction\",\"target\":{\"@type\":\"EntryPoint\",\"urlTemplate\":\"https:\\\/\\\/daniellebeatrizmakeup.com.br\\\/loja\\\/?s={search_term_string}\"},\"query-input\":{\"@type\":\"PropertyValueSpecification\",\"valueRequired\":true,\"valueName\":\"search_term_string\"}}],\"inLanguage\":\"pt-BR\"},{\"@type\":\"Organization\",\"@id\":\"https:\\\/\\\/daniellebeatrizmakeup.com.br\\\/loja\\\/#organization\",\"name\":\"Danielle Beatriz Makeup\",\"url\":\"https:\\\/\\\/daniellebeatrizmakeup.com.br\\\/loja\\\/\",\"logo\":{\"@type\":\"ImageObject\",\"inLanguage\":\"pt-BR\",\"@id\":\"https:\\\/\\\/daniellebeatrizmakeup.com.br\\\/loja\\\/#\\\/schema\\\/logo\\\/image\\\/\",\"url\":\"https:\\\/\\\/daniellebeatrizmakeup.com.br\\\/loja\\\/wp-content\\\/uploads\\\/2020\\\/10\\\/logo-loja-db-makeup.png\",\"contentUrl\":\"https:\\\/\\\/daniellebeatrizmakeup.com.br\\\/loja\\\/wp-content\\\/uploads\\\/2020\\\/10\\\/logo-loja-db-makeup.png\",\"width\":500,\"height\":110,\"caption\":\"Danielle Beatriz Makeup\"},\"image\":{\"@id\":\"https:\\\/\\\/daniellebeatrizmakeup.com.br\\\/loja\\\/#\\\/schema\\\/logo\\\/image\\\/\"},\"sameAs\":[\"https:\\\/\\\/www.facebook.com\\\/daniellebeatrizmakeup\",\"https:\\\/\\\/x.com\\\/danibetriz\",\"https:\\\/\\\/www.instagram.com\\\/daniellebeatrizmakeup\",\"https:\\\/\\\/pinterest.com\\\/daniellebeatrizmakeup\",\"https:\\\/\\\/www.youtube.com\\\/DanielleBeatriz\"]}]}<\/script>\n<!-- \/ Yoast SEO plugin. -->","yoast_head_json":{"title":"Lip Oil Gloss Labial Hidratante Ruby Rose - Loja DB Makeup","description":"O Lip Oil da Ruby Rose, o gloss hidratante labial que d\u00e1 um brilho incolor aos l\u00e1bios, sua textura n\u00e3o \u00e9 pegajosa e \u00e9 super confort\u00e1vel.","robots":{"index":"index","follow":"follow","max-snippet":"max-snippet:-1","max-image-preview":"max-image-preview:large","max-video-preview":"max-video-preview:-1"},"canonical":"https:\/\/daniellebeatrizmakeup.com.br\/loja\/lip-oil-gloss-labial-hidratante-ruby-rose\/","og_locale":"pt_BR","og_type":"article","og_title":"Lip Oil Gloss Labial Hidratante Ruby Rose - Loja DB Makeup","og_description":"O Lip Oil da Ruby Rose, o gloss hidratante labial que d\u00e1 um brilho incolor aos l\u00e1bios, sua textura n\u00e3o \u00e9 pegajosa e \u00e9 super confort\u00e1vel.","og_url":"https:\/\/daniellebeatrizmakeup.com.br\/loja\/lip-oil-gloss-labial-hidratante-ruby-rose\/","og_site_name":"Loja DB Makeup","article_publisher":"https:\/\/www.facebook.com\/daniellebeatrizmakeup","article_modified_time":"2025-12-19T00:59:36+00:00","og_image":[{"width":1080,"height":1080,"url":"https:\/\/daniellebeatrizmakeup.com.br\/loja\/wp-content\/uploads\/2021\/03\/gloss-labial-hidratante-lip-oil-ruby-rose.jpg","type":"image\/jpeg"}],"twitter_card":"summary_large_image","twitter_site":"@danibetriz","twitter_misc":{"Est. tempo de leitura":"1 minuto"},"schema":{"@context":"https:\/\/schema.org","@graph":[{"@type":"WebPage","@id":"https:\/\/daniellebeatrizmakeup.com.br\/loja\/lip-oil-gloss-labial-hidratante-ruby-rose\/","url":"https:\/\/daniellebeatrizmakeup.com.br\/loja\/lip-oil-gloss-labial-hidratante-ruby-rose\/","name":"Lip Oil Gloss Labial Hidratante Ruby Rose - Loja DB Makeup","isPartOf":{"@id":"https:\/\/daniellebeatrizmakeup.com.br\/loja\/#website"},"primaryImageOfPage":{"@id":"https:\/\/daniellebeatrizmakeup.com.br\/loja\/lip-oil-gloss-labial-hidratante-ruby-rose\/#primaryimage"},"image":{"@id":"https:\/\/daniellebeatrizmakeup.com.br\/loja\/lip-oil-gloss-labial-hidratante-ruby-rose\/#primaryimage"},"thumbnailUrl":"https:\/\/daniellebeatrizmakeup.com.br\/loja\/wp-content\/uploads\/2021\/03\/gloss-labial-hidratante-lip-oil-ruby-rose.jpg","datePublished":"2021-03-18T03:06:46+00:00","dateModified":"2025-12-19T00:59:36+00:00","description":"O Lip Oil da Ruby Rose, o gloss hidratante labial que d\u00e1 um brilho incolor aos l\u00e1bios, sua textura n\u00e3o \u00e9 pegajosa e \u00e9 super confort\u00e1vel.","breadcrumb":{"@id":"https:\/\/daniellebeatrizmakeup.com.br\/loja\/lip-oil-gloss-labial-hidratante-ruby-rose\/#breadcrumb"},"inLanguage":"pt-BR","potentialAction":[{"@type":"ReadAction","target":["https:\/\/daniellebeatrizmakeup.com.br\/loja\/lip-oil-gloss-labial-hidratante-ruby-rose\/"]}]},{"@type":"ImageObject","inLanguage":"pt-BR","@id":"https:\/\/daniellebeatrizmakeup.com.br\/loja\/lip-oil-gloss-labial-hidratante-ruby-rose\/#primaryimage","url":"https:\/\/daniellebeatrizmakeup.com.br\/loja\/wp-content\/uploads\/2021\/03\/gloss-labial-hidratante-lip-oil-ruby-rose.jpg","contentUrl":"https:\/\/daniellebeatrizmakeup.com.br\/loja\/wp-content\/uploads\/2021\/03\/gloss-labial-hidratante-lip-oil-ruby-rose.jpg","width":1080,"height":1080,"caption":"Gloss Labial Hidratante Lip Oil Ruby Rose"},{"@type":"BreadcrumbList","@id":"https:\/\/daniellebeatrizmakeup.com.br\/loja\/lip-oil-gloss-labial-hidratante-ruby-rose\/#breadcrumb","itemListElement":[{"@type":"ListItem","position":1,"name":"In\u00edcio","item":"https:\/\/daniellebeatrizmakeup.com.br\/loja\/"},{"@type":"ListItem","position":2,"name":"Todos","item":"https:\/\/daniellebeatrizmakeup.com.br\/loja\/todos\/"},{"@type":"ListItem","position":3,"name":"Lip Oil Gloss Labial Hidratante Ruby Rose"}]},{"@type":"WebSite","@id":"https:\/\/daniellebeatrizmakeup.com.br\/loja\/#website","url":"https:\/\/daniellebeatrizmakeup.com.br\/loja\/","name":"Loja DB Makeup","description":"A melhor loja de maquiagem para real\u00e7ar a sua beleza","publisher":{"@id":"https:\/\/daniellebeatrizmakeup.com.br\/loja\/#organization"},"potentialAction":[{"@type":"SearchAction","target":{"@type":"EntryPoint","urlTemplate":"https:\/\/daniellebeatrizmakeup.com.br\/loja\/?s={search_term_string}"},"query-input":{"@type":"PropertyValueSpecification","valueRequired":true,"valueName":"search_term_string"}}],"inLanguage":"pt-BR"},{"@type":"Organization","@id":"https:\/\/daniellebeatrizmakeup.com.br\/loja\/#organization","name":"Danielle Beatriz Makeup","url":"https:\/\/daniellebeatrizmakeup.com.br\/loja\/","logo":{"@type":"ImageObject","inLanguage":"pt-BR","@id":"https:\/\/daniellebeatrizmakeup.com.br\/loja\/#\/schema\/logo\/image\/","url":"https:\/\/daniellebeatrizmakeup.com.br\/loja\/wp-content\/uploads\/2020\/10\/logo-loja-db-makeup.png","contentUrl":"https:\/\/daniellebeatrizmakeup.com.br\/loja\/wp-content\/uploads\/2020\/10\/logo-loja-db-makeup.png","width":500,"height":110,"caption":"Danielle Beatriz Makeup"},"image":{"@id":"https:\/\/daniellebeatrizmakeup.com.br\/loja\/#\/schema\/logo\/image\/"},"sameAs":["https:\/\/www.facebook.com\/daniellebeatrizmakeup","https:\/\/x.com\/danibetriz","https:\/\/www.instagram.com\/daniellebeatrizmakeup","https:\/\/pinterest.com\/daniellebeatrizmakeup","https:\/\/www.youtube.com\/DanielleBeatriz"]}]}},"jetpack_sharing_enabled":true,"_links":{"self":[{"href":"https:\/\/daniellebeatrizmakeup.com.br\/loja\/wp-json\/wp\/v2\/product\/16243","targetHints":{"allow":["GET"]}}],"collection":[{"href":"https:\/\/daniellebeatrizmakeup.com.br\/loja\/wp-json\/wp\/v2\/product"}],"about":[{"href":"https:\/\/daniellebeatrizmakeup.com.br\/loja\/wp-json\/wp\/v2\/types\/product"}],"replies":[{"embeddable":true,"href":"https:\/\/daniellebeatrizmakeup.com.br\/loja\/wp-json\/wp\/v2\/comments?post=16243"}],"version-history":[{"count":5,"href":"https:\/\/daniellebeatrizmakeup.com.br\/loja\/wp-json\/wp\/v2\/product\/16243\/revisions"}],"predecessor-version":[{"id":57992,"href":"https:\/\/daniellebeatrizmakeup.com.br\/loja\/wp-json\/wp\/v2\/product\/16243\/revisions\/57992"}],"wp:featuredmedia":[{"embeddable":true,"href":"https:\/\/daniellebeatrizmakeup.com.br\/loja\/wp-json\/wp\/v2\/media\/26666"}],"wp:attachment":[{"href":"https:\/\/daniellebeatrizmakeup.com.br\/loja\/wp-json\/wp\/v2\/media?parent=16243"}],"wp:term":[{"taxonomy":"product_brand","embeddable":true,"href":"https:\/\/daniellebeatrizmakeup.com.br\/loja\/wp-json\/wp\/v2\/product_brand?post=16243"},{"taxonomy":"product_cat","embeddable":true,"href":"https:\/\/daniellebeatrizmakeup.com.br\/loja\/wp-json\/wp\/v2\/product_cat?post=16243"},{"taxonomy":"product_tag","embeddable":true,"href":"https:\/\/daniellebeatrizmakeup.com.br\/loja\/wp-json\/wp\/v2\/product_tag?post=16243"},{"taxonomy":"woo-feed-brand","embeddable":true,"href":"https:\/\/daniellebeatrizmakeup.com.br\/loja\/wp-json\/wp\/v2\/woo-feed-brand?post=16243"}],"curies":[{"name":"wp","href":"https:\/\/api.w.org\/{rel}","templated":true}]}}