{"id":16241,"date":"2021-03-18T08:02:16","date_gmt":"2021-03-18T11:02:16","guid":{"rendered":"https:\/\/loja.daniellebeatrizmakeup.com.br\/?post_type=product&#038;p=16241"},"modified":"2023-12-06T05:41:49","modified_gmt":"2023-12-06T08:41:49","slug":"fix-finish-primer-fixador-ruby-rose","status":"publish","type":"product","link":"https:\/\/daniellebeatrizmakeup.com.br\/loja\/fix-finish-primer-fixador-ruby-rose\/","title":{"rendered":"Fix e Finish Primer Fixador Ruby Rose"},"content":{"rendered":"<p>O Fix e Finish <a href=\"https:\/\/loja.daniellebeatrizmakeup.com.br\/ruby-rose\/\">Ruby Rose<\/a> \u00e9 um primer fixador que quando aplicado deixa o produto \u00e0 prova d&#8217;\u00e1gua, l\u00e1grima, suor e fric\u00e7\u00e3o. Al\u00e9m disso, o fix e finish primer fixador \u00e9 ideal para colar glitter e pigmento, por sua capacidade de formar um leve filme sobre a pele, resultando em um alto poder de fixa\u00e7\u00e3o e durabilidade da maquiagem, sem agredir a pele.<\/p>\n<p><b>Modo de usar<\/b><\/p>\n<ul>\n<li><b>Olhos: <\/b>Aplicar uma pequena quantidade do primer fixador Ruby Rose com o aux\u00edlio de um pincel ou com o dedo e espalhar dando batidinhas, espere secar um pouco e aplique o glitter ou pigmento.<\/li>\n<li><b>Base: <\/b>Aplique de 2 a 3 gotinhas na sua base e espalhe at\u00e9 que fique tudo homog\u00eaneo, depois \u00e9 s\u00f3 aplicar como de costume.<\/li>\n<li>Usar de prefer\u00eancia demaquilante bif\u00e1sico para facilitar a remo\u00e7\u00e3o.<\/li>\n<\/ul>\n<p><strong>Precau\u00e7\u00f5es<\/strong><\/p>\n<ul>\n<li>Uso externo. Manter o produto fora do alcance de crian\u00e7as. N\u00e3o aplicar sobre a pele irritada ou ferida. Havendo irrita\u00e7\u00f5es, suspenda o uso e procure orienta\u00e7\u00e3o m\u00e9dica.<\/li>\n<li>Conservar o produto em ambiente fresco, protegido da luz, calor e sempre fechado.<\/li>\n<\/ul>\n","protected":false},"excerpt":{"rendered":"<p>O Fix e Finish Ruby Rose \u00e9 um primer fixador que quando aplicado deixa o produto \u00e0 prova d&#8217;\u00e1gua, l\u00e1grima, suor e fric\u00e7\u00e3o. Al\u00e9m disso, o fix e finish primer fixador \u00e9 ideal para colar glitter e pigmento, por sua capacidade de formar um leve filme sobre a pele, resultando em um alto poder de fixa\u00e7\u00e3o e durabilidade da maquiagem, sem agredir a pele.<\/p>\n","protected":false},"featured_media":27652,"comment_status":"open","ping_status":"closed","template":"","meta":{"_mbp_gutenberg_autopost":false},"product_brand":[],"product_cat":[122,74,15],"product_tag":[186,805],"woo-feed-brand":[],"class_list":{"0":"post-16241","1":"product","2":"type-product","3":"status-publish","4":"has-post-thumbnail","6":"product_cat-primer","7":"product_cat-ruby-rose","8":"product_cat-sem-categoria","9":"product_tag-primer","10":"product_tag-ruby-rose","11":"yith_product_brand-ruby-rose","13":"first","14":"outofstock","15":"shipping-taxable","16":"purchasable","17":"product-type-simple"},"yoast_head":"<!-- This site is optimized with the Yoast SEO plugin v27.3 - https:\/\/yoast.com\/product\/yoast-seo-wordpress\/ -->\n<title>Fix e Finish Primer Fixador Ruby Rose - Loja DB Makeup<\/title>\n<meta name=\"description\" content=\"O Fix e Finish Ruby Rose \u00e9 um primer fixador que quando aplicado deixa o produto \u00e0 prova d&#039;\u00e1gua, l\u00e1grima, suor e fric\u00e7\u00e3o.\" \/>\n<meta name=\"robots\" content=\"index, follow, max-snippet:-1, max-image-preview:large, max-video-preview:-1\" \/>\n<link rel=\"canonical\" href=\"https:\/\/daniellebeatrizmakeup.com.br\/loja\/fix-finish-primer-fixador-ruby-rose\/\" \/>\n<meta property=\"og:locale\" content=\"pt_BR\" \/>\n<meta property=\"og:type\" content=\"article\" \/>\n<meta property=\"og:title\" content=\"Fix e Finish Primer Fixador Ruby Rose - Loja DB Makeup\" \/>\n<meta property=\"og:description\" content=\"O Fix e Finish Ruby Rose \u00e9 um primer fixador que quando aplicado deixa o produto \u00e0 prova d&#039;\u00e1gua, l\u00e1grima, suor e fric\u00e7\u00e3o.\" \/>\n<meta property=\"og:url\" content=\"https:\/\/daniellebeatrizmakeup.com.br\/loja\/fix-finish-primer-fixador-ruby-rose\/\" \/>\n<meta property=\"og:site_name\" content=\"Loja DB Makeup\" \/>\n<meta property=\"article:publisher\" content=\"https:\/\/www.facebook.com\/daniellebeatrizmakeup\" \/>\n<meta property=\"article:modified_time\" content=\"2023-12-06T08:41:49+00:00\" \/>\n<meta property=\"og:image\" content=\"https:\/\/daniellebeatrizmakeup.com.br\/loja\/wp-content\/uploads\/2021\/03\/fix-e-finish-primer-fixador-a-prova-dagua-ruby-rose.jpg\" \/>\n\t<meta property=\"og:image:width\" content=\"901\" \/>\n\t<meta property=\"og:image:height\" content=\"901\" \/>\n\t<meta property=\"og:image:type\" content=\"image\/jpeg\" \/>\n<meta name=\"twitter:card\" content=\"summary_large_image\" \/>\n<meta name=\"twitter:site\" content=\"@danibetriz\" \/>\n<meta name=\"twitter:label1\" content=\"Est. tempo de leitura\" \/>\n\t<meta name=\"twitter:data1\" content=\"1 minuto\" \/>\n<script type=\"application\/ld+json\" class=\"yoast-schema-graph\">{\"@context\":\"https:\\\/\\\/schema.org\",\"@graph\":[{\"@type\":\"WebPage\",\"@id\":\"https:\\\/\\\/daniellebeatrizmakeup.com.br\\\/loja\\\/fix-finish-primer-fixador-ruby-rose\\\/\",\"url\":\"https:\\\/\\\/daniellebeatrizmakeup.com.br\\\/loja\\\/fix-finish-primer-fixador-ruby-rose\\\/\",\"name\":\"Fix e Finish Primer Fixador Ruby Rose - Loja DB Makeup\",\"isPartOf\":{\"@id\":\"https:\\\/\\\/daniellebeatrizmakeup.com.br\\\/loja\\\/#website\"},\"primaryImageOfPage\":{\"@id\":\"https:\\\/\\\/daniellebeatrizmakeup.com.br\\\/loja\\\/fix-finish-primer-fixador-ruby-rose\\\/#primaryimage\"},\"image\":{\"@id\":\"https:\\\/\\\/daniellebeatrizmakeup.com.br\\\/loja\\\/fix-finish-primer-fixador-ruby-rose\\\/#primaryimage\"},\"thumbnailUrl\":\"https:\\\/\\\/daniellebeatrizmakeup.com.br\\\/loja\\\/wp-content\\\/uploads\\\/2021\\\/03\\\/fix-e-finish-primer-fixador-a-prova-dagua-ruby-rose.jpg\",\"datePublished\":\"2021-03-18T11:02:16+00:00\",\"dateModified\":\"2023-12-06T08:41:49+00:00\",\"description\":\"O Fix e Finish Ruby Rose \u00e9 um primer fixador que quando aplicado deixa o produto \u00e0 prova d'\u00e1gua, l\u00e1grima, suor e fric\u00e7\u00e3o.\",\"breadcrumb\":{\"@id\":\"https:\\\/\\\/daniellebeatrizmakeup.com.br\\\/loja\\\/fix-finish-primer-fixador-ruby-rose\\\/#breadcrumb\"},\"inLanguage\":\"pt-BR\",\"potentialAction\":[{\"@type\":\"ReadAction\",\"target\":[\"https:\\\/\\\/daniellebeatrizmakeup.com.br\\\/loja\\\/fix-finish-primer-fixador-ruby-rose\\\/\"]}]},{\"@type\":\"ImageObject\",\"inLanguage\":\"pt-BR\",\"@id\":\"https:\\\/\\\/daniellebeatrizmakeup.com.br\\\/loja\\\/fix-finish-primer-fixador-ruby-rose\\\/#primaryimage\",\"url\":\"https:\\\/\\\/daniellebeatrizmakeup.com.br\\\/loja\\\/wp-content\\\/uploads\\\/2021\\\/03\\\/fix-e-finish-primer-fixador-a-prova-dagua-ruby-rose.jpg\",\"contentUrl\":\"https:\\\/\\\/daniellebeatrizmakeup.com.br\\\/loja\\\/wp-content\\\/uploads\\\/2021\\\/03\\\/fix-e-finish-primer-fixador-a-prova-dagua-ruby-rose.jpg\",\"width\":901,\"height\":901,\"caption\":\"Fix e Finish Primer Fixador a prova d\u00e1gua Ruby Rose\"},{\"@type\":\"BreadcrumbList\",\"@id\":\"https:\\\/\\\/daniellebeatrizmakeup.com.br\\\/loja\\\/fix-finish-primer-fixador-ruby-rose\\\/#breadcrumb\",\"itemListElement\":[{\"@type\":\"ListItem\",\"position\":1,\"name\":\"In\u00edcio\",\"item\":\"https:\\\/\\\/daniellebeatrizmakeup.com.br\\\/loja\\\/\"},{\"@type\":\"ListItem\",\"position\":2,\"name\":\"Todos\",\"item\":\"https:\\\/\\\/daniellebeatrizmakeup.com.br\\\/loja\\\/todos\\\/\"},{\"@type\":\"ListItem\",\"position\":3,\"name\":\"Fix e Finish Primer Fixador Ruby Rose\"}]},{\"@type\":\"WebSite\",\"@id\":\"https:\\\/\\\/daniellebeatrizmakeup.com.br\\\/loja\\\/#website\",\"url\":\"https:\\\/\\\/daniellebeatrizmakeup.com.br\\\/loja\\\/\",\"name\":\"Loja DB Makeup\",\"description\":\"A melhor loja de maquiagem para real\u00e7ar a sua beleza\",\"publisher\":{\"@id\":\"https:\\\/\\\/daniellebeatrizmakeup.com.br\\\/loja\\\/#organization\"},\"potentialAction\":[{\"@type\":\"SearchAction\",\"target\":{\"@type\":\"EntryPoint\",\"urlTemplate\":\"https:\\\/\\\/daniellebeatrizmakeup.com.br\\\/loja\\\/?s={search_term_string}\"},\"query-input\":{\"@type\":\"PropertyValueSpecification\",\"valueRequired\":true,\"valueName\":\"search_term_string\"}}],\"inLanguage\":\"pt-BR\"},{\"@type\":\"Organization\",\"@id\":\"https:\\\/\\\/daniellebeatrizmakeup.com.br\\\/loja\\\/#organization\",\"name\":\"Danielle Beatriz Makeup\",\"url\":\"https:\\\/\\\/daniellebeatrizmakeup.com.br\\\/loja\\\/\",\"logo\":{\"@type\":\"ImageObject\",\"inLanguage\":\"pt-BR\",\"@id\":\"https:\\\/\\\/daniellebeatrizmakeup.com.br\\\/loja\\\/#\\\/schema\\\/logo\\\/image\\\/\",\"url\":\"https:\\\/\\\/daniellebeatrizmakeup.com.br\\\/loja\\\/wp-content\\\/uploads\\\/2020\\\/10\\\/logo-loja-db-makeup.png\",\"contentUrl\":\"https:\\\/\\\/daniellebeatrizmakeup.com.br\\\/loja\\\/wp-content\\\/uploads\\\/2020\\\/10\\\/logo-loja-db-makeup.png\",\"width\":500,\"height\":110,\"caption\":\"Danielle Beatriz Makeup\"},\"image\":{\"@id\":\"https:\\\/\\\/daniellebeatrizmakeup.com.br\\\/loja\\\/#\\\/schema\\\/logo\\\/image\\\/\"},\"sameAs\":[\"https:\\\/\\\/www.facebook.com\\\/daniellebeatrizmakeup\",\"https:\\\/\\\/x.com\\\/danibetriz\",\"https:\\\/\\\/www.instagram.com\\\/daniellebeatrizmakeup\",\"https:\\\/\\\/pinterest.com\\\/daniellebeatrizmakeup\",\"https:\\\/\\\/www.youtube.com\\\/DanielleBeatriz\"]}]}<\/script>\n<!-- \/ Yoast SEO plugin. -->","yoast_head_json":{"title":"Fix e Finish Primer Fixador Ruby Rose - Loja DB Makeup","description":"O Fix e Finish Ruby Rose \u00e9 um primer fixador que quando aplicado deixa o produto \u00e0 prova d'\u00e1gua, l\u00e1grima, suor e fric\u00e7\u00e3o.","robots":{"index":"index","follow":"follow","max-snippet":"max-snippet:-1","max-image-preview":"max-image-preview:large","max-video-preview":"max-video-preview:-1"},"canonical":"https:\/\/daniellebeatrizmakeup.com.br\/loja\/fix-finish-primer-fixador-ruby-rose\/","og_locale":"pt_BR","og_type":"article","og_title":"Fix e Finish Primer Fixador Ruby Rose - Loja DB Makeup","og_description":"O Fix e Finish Ruby Rose \u00e9 um primer fixador que quando aplicado deixa o produto \u00e0 prova d'\u00e1gua, l\u00e1grima, suor e fric\u00e7\u00e3o.","og_url":"https:\/\/daniellebeatrizmakeup.com.br\/loja\/fix-finish-primer-fixador-ruby-rose\/","og_site_name":"Loja DB Makeup","article_publisher":"https:\/\/www.facebook.com\/daniellebeatrizmakeup","article_modified_time":"2023-12-06T08:41:49+00:00","og_image":[{"width":901,"height":901,"url":"https:\/\/daniellebeatrizmakeup.com.br\/loja\/wp-content\/uploads\/2021\/03\/fix-e-finish-primer-fixador-a-prova-dagua-ruby-rose.jpg","type":"image\/jpeg"}],"twitter_card":"summary_large_image","twitter_site":"@danibetriz","twitter_misc":{"Est. tempo de leitura":"1 minuto"},"schema":{"@context":"https:\/\/schema.org","@graph":[{"@type":"WebPage","@id":"https:\/\/daniellebeatrizmakeup.com.br\/loja\/fix-finish-primer-fixador-ruby-rose\/","url":"https:\/\/daniellebeatrizmakeup.com.br\/loja\/fix-finish-primer-fixador-ruby-rose\/","name":"Fix e Finish Primer Fixador Ruby Rose - Loja DB Makeup","isPartOf":{"@id":"https:\/\/daniellebeatrizmakeup.com.br\/loja\/#website"},"primaryImageOfPage":{"@id":"https:\/\/daniellebeatrizmakeup.com.br\/loja\/fix-finish-primer-fixador-ruby-rose\/#primaryimage"},"image":{"@id":"https:\/\/daniellebeatrizmakeup.com.br\/loja\/fix-finish-primer-fixador-ruby-rose\/#primaryimage"},"thumbnailUrl":"https:\/\/daniellebeatrizmakeup.com.br\/loja\/wp-content\/uploads\/2021\/03\/fix-e-finish-primer-fixador-a-prova-dagua-ruby-rose.jpg","datePublished":"2021-03-18T11:02:16+00:00","dateModified":"2023-12-06T08:41:49+00:00","description":"O Fix e Finish Ruby Rose \u00e9 um primer fixador que quando aplicado deixa o produto \u00e0 prova d'\u00e1gua, l\u00e1grima, suor e fric\u00e7\u00e3o.","breadcrumb":{"@id":"https:\/\/daniellebeatrizmakeup.com.br\/loja\/fix-finish-primer-fixador-ruby-rose\/#breadcrumb"},"inLanguage":"pt-BR","potentialAction":[{"@type":"ReadAction","target":["https:\/\/daniellebeatrizmakeup.com.br\/loja\/fix-finish-primer-fixador-ruby-rose\/"]}]},{"@type":"ImageObject","inLanguage":"pt-BR","@id":"https:\/\/daniellebeatrizmakeup.com.br\/loja\/fix-finish-primer-fixador-ruby-rose\/#primaryimage","url":"https:\/\/daniellebeatrizmakeup.com.br\/loja\/wp-content\/uploads\/2021\/03\/fix-e-finish-primer-fixador-a-prova-dagua-ruby-rose.jpg","contentUrl":"https:\/\/daniellebeatrizmakeup.com.br\/loja\/wp-content\/uploads\/2021\/03\/fix-e-finish-primer-fixador-a-prova-dagua-ruby-rose.jpg","width":901,"height":901,"caption":"Fix e Finish Primer Fixador a prova d\u00e1gua Ruby Rose"},{"@type":"BreadcrumbList","@id":"https:\/\/daniellebeatrizmakeup.com.br\/loja\/fix-finish-primer-fixador-ruby-rose\/#breadcrumb","itemListElement":[{"@type":"ListItem","position":1,"name":"In\u00edcio","item":"https:\/\/daniellebeatrizmakeup.com.br\/loja\/"},{"@type":"ListItem","position":2,"name":"Todos","item":"https:\/\/daniellebeatrizmakeup.com.br\/loja\/todos\/"},{"@type":"ListItem","position":3,"name":"Fix e Finish Primer Fixador Ruby Rose"}]},{"@type":"WebSite","@id":"https:\/\/daniellebeatrizmakeup.com.br\/loja\/#website","url":"https:\/\/daniellebeatrizmakeup.com.br\/loja\/","name":"Loja DB Makeup","description":"A melhor loja de maquiagem para real\u00e7ar a sua beleza","publisher":{"@id":"https:\/\/daniellebeatrizmakeup.com.br\/loja\/#organization"},"potentialAction":[{"@type":"SearchAction","target":{"@type":"EntryPoint","urlTemplate":"https:\/\/daniellebeatrizmakeup.com.br\/loja\/?s={search_term_string}"},"query-input":{"@type":"PropertyValueSpecification","valueRequired":true,"valueName":"search_term_string"}}],"inLanguage":"pt-BR"},{"@type":"Organization","@id":"https:\/\/daniellebeatrizmakeup.com.br\/loja\/#organization","name":"Danielle Beatriz Makeup","url":"https:\/\/daniellebeatrizmakeup.com.br\/loja\/","logo":{"@type":"ImageObject","inLanguage":"pt-BR","@id":"https:\/\/daniellebeatrizmakeup.com.br\/loja\/#\/schema\/logo\/image\/","url":"https:\/\/daniellebeatrizmakeup.com.br\/loja\/wp-content\/uploads\/2020\/10\/logo-loja-db-makeup.png","contentUrl":"https:\/\/daniellebeatrizmakeup.com.br\/loja\/wp-content\/uploads\/2020\/10\/logo-loja-db-makeup.png","width":500,"height":110,"caption":"Danielle Beatriz Makeup"},"image":{"@id":"https:\/\/daniellebeatrizmakeup.com.br\/loja\/#\/schema\/logo\/image\/"},"sameAs":["https:\/\/www.facebook.com\/daniellebeatrizmakeup","https:\/\/x.com\/danibetriz","https:\/\/www.instagram.com\/daniellebeatrizmakeup","https:\/\/pinterest.com\/daniellebeatrizmakeup","https:\/\/www.youtube.com\/DanielleBeatriz"]}]}},"jetpack_sharing_enabled":true,"_links":{"self":[{"href":"https:\/\/daniellebeatrizmakeup.com.br\/loja\/wp-json\/wp\/v2\/product\/16241","targetHints":{"allow":["GET"]}}],"collection":[{"href":"https:\/\/daniellebeatrizmakeup.com.br\/loja\/wp-json\/wp\/v2\/product"}],"about":[{"href":"https:\/\/daniellebeatrizmakeup.com.br\/loja\/wp-json\/wp\/v2\/types\/product"}],"replies":[{"embeddable":true,"href":"https:\/\/daniellebeatrizmakeup.com.br\/loja\/wp-json\/wp\/v2\/comments?post=16241"}],"version-history":[{"count":2,"href":"https:\/\/daniellebeatrizmakeup.com.br\/loja\/wp-json\/wp\/v2\/product\/16241\/revisions"}],"predecessor-version":[{"id":51472,"href":"https:\/\/daniellebeatrizmakeup.com.br\/loja\/wp-json\/wp\/v2\/product\/16241\/revisions\/51472"}],"wp:featuredmedia":[{"embeddable":true,"href":"https:\/\/daniellebeatrizmakeup.com.br\/loja\/wp-json\/wp\/v2\/media\/27652"}],"wp:attachment":[{"href":"https:\/\/daniellebeatrizmakeup.com.br\/loja\/wp-json\/wp\/v2\/media?parent=16241"}],"wp:term":[{"taxonomy":"product_brand","embeddable":true,"href":"https:\/\/daniellebeatrizmakeup.com.br\/loja\/wp-json\/wp\/v2\/product_brand?post=16241"},{"taxonomy":"product_cat","embeddable":true,"href":"https:\/\/daniellebeatrizmakeup.com.br\/loja\/wp-json\/wp\/v2\/product_cat?post=16241"},{"taxonomy":"product_tag","embeddable":true,"href":"https:\/\/daniellebeatrizmakeup.com.br\/loja\/wp-json\/wp\/v2\/product_tag?post=16241"},{"taxonomy":"woo-feed-brand","embeddable":true,"href":"https:\/\/daniellebeatrizmakeup.com.br\/loja\/wp-json\/wp\/v2\/woo-feed-brand?post=16241"}],"curies":[{"name":"wp","href":"https:\/\/api.w.org\/{rel}","templated":true}]}}