{"id":15861,"date":"2021-03-19T21:31:35","date_gmt":"2021-03-20T00:31:35","guid":{"rendered":"https:\/\/loja.daniellebeatrizmakeup.com.br\/?post_type=product&#038;p=15861"},"modified":"2024-12-03T00:00:14","modified_gmt":"2024-12-03T03:00:14","slug":"espelho-porquinho-led-ventilador","status":"publish","type":"product","link":"https:\/\/daniellebeatrizmakeup.com.br\/loja\/espelho-porquinho-led-ventilador\/","title":{"rendered":"Espelho Porquinho com LED e Ventilador"},"content":{"rendered":"<p>O espelho de porquinho com LED e ventilador \u00e9 super port\u00e1til! Al\u00e9m de sua apar\u00eancia fofa de porquinho, permite que voc\u00ea retoque a sua make durante o dia de forma r\u00e1pida e pr\u00e1tica. Ele possui um ventilador de resfriamento pessoal e luz de preenchimento de LED. Tudo isso em um \u00fanico <a href=\"https:\/\/daniellebeatrizmakeup.com.br\/loja\/acessorios\/\">acess\u00f3rio<\/a>.<\/p>\n<p>Feito de ABS, tem uma estrutura s\u00f3lida e press\u00e3o-resistente. Seguro para uso. Recarreg\u00e1vel e port\u00e1til. O robusto ventilador produz uma brisa que vai te refrescar nos dias mais quentes. Ser\u00e1 \u00f3timo tamb\u00e9m para auxiliar na <a href=\"https:\/\/www.instagram.com\/p\/CJ7KuBUB5kk\/\">secagem de produtos faciais<\/a>.<\/p>\n<p><strong>Especifica\u00e7\u00f5es do Espelho de Porquinho com LED e Ventilador<\/strong><\/p>\n<ul>\n<li>Acompanha cabo USB para carregamento.<\/li>\n<li>Tempo de carregamento do produto: 1 hora.<\/li>\n<\/ul>\n<p><strong>Modelo<\/strong><\/p>\n<p>O modelo \u00e9 sortido, o porquinho com um olho piscando ou os dois olhos fechados. Deixe nas observa\u00e7\u00f5es do pedido se tiver prefer\u00eancia, caso tenha no estoque ser\u00e1 enviado o solicitado.<\/p>\n","protected":false},"excerpt":{"rendered":"<p>O espelho de porquinho com LED e ventilador \u00e9 super port\u00e1til! Al\u00e9m de sua apar\u00eancia fofa de porquinho, permite que voc\u00ea retoque a sua make durante o dia de forma r\u00e1pida e pr\u00e1tica. Ele possui um ventilador de resfriamento pessoal e luz de preenchimento de LED. Tudo isso em um \u00fanico <a href=\"https:\/\/daniellebeatrizmakeup.com.br\/loja\/acessorios\/\">acess\u00f3rio<\/a>.<\/p>\n","protected":false},"featured_media":26678,"comment_status":"open","ping_status":"closed","template":"","meta":{"_mbp_gutenberg_autopost":false},"product_brand":[],"product_cat":[81,752],"product_tag":[140,294,106,295],"woo-feed-brand":[],"class_list":{"0":"post-15861","1":"product","2":"type-product","3":"status-publish","4":"has-post-thumbnail","6":"product_cat-acessorios","7":"product_cat-essencial","8":"product_tag-acessorio","9":"product_tag-espelho","10":"product_tag-pele","11":"product_tag-ventilador","13":"first","14":"instock","15":"shipping-taxable","16":"purchasable","17":"product-type-simple"},"yoast_head":"<!-- This site is optimized with the Yoast SEO plugin v27.5 - https:\/\/yoast.com\/product\/yoast-seo-wordpress\/ -->\n<title>Espelho Porquinho com LED e Ventilador - Loja DB Makeup<\/title>\n<meta name=\"description\" content=\"Espelho de maquiagem port\u00e1til, em formato de porquinho, com ventilador e LED para te ajudar na sua make ou nos dias de calor.\" \/>\n<meta name=\"robots\" content=\"index, follow, max-snippet:-1, max-image-preview:large, max-video-preview:-1\" \/>\n<link rel=\"canonical\" href=\"https:\/\/daniellebeatrizmakeup.com.br\/loja\/espelho-porquinho-led-ventilador\/\" \/>\n<meta property=\"og:locale\" content=\"pt_BR\" \/>\n<meta property=\"og:type\" content=\"article\" \/>\n<meta property=\"og:title\" content=\"Espelho Porquinho com LED e Ventilador - Loja DB Makeup\" \/>\n<meta property=\"og:description\" content=\"Espelho de maquiagem port\u00e1til, em formato de porquinho, com ventilador e LED para te ajudar na sua make ou nos dias de calor.\" \/>\n<meta property=\"og:url\" content=\"https:\/\/daniellebeatrizmakeup.com.br\/loja\/espelho-porquinho-led-ventilador\/\" \/>\n<meta property=\"og:site_name\" content=\"Loja DB Makeup\" \/>\n<meta property=\"article:publisher\" content=\"https:\/\/www.facebook.com\/daniellebeatrizmakeup\" \/>\n<meta property=\"article:modified_time\" content=\"2024-12-03T03:00:14+00:00\" \/>\n<meta property=\"og:image\" content=\"https:\/\/daniellebeatrizmakeup.com.br\/loja\/wp-content\/uploads\/2021\/03\/espelho-porquinho-led-e-ventilador-db-makeup.jpg\" \/>\n\t<meta property=\"og:image:width\" content=\"1080\" \/>\n\t<meta property=\"og:image:height\" content=\"1080\" \/>\n\t<meta property=\"og:image:type\" content=\"image\/jpeg\" \/>\n<meta name=\"twitter:card\" content=\"summary_large_image\" \/>\n<meta name=\"twitter:site\" content=\"@danibetriz\" \/>\n<meta name=\"twitter:label1\" content=\"Est. tempo de leitura\" \/>\n\t<meta name=\"twitter:data1\" content=\"1 minuto\" \/>\n<script type=\"application\/ld+json\" class=\"yoast-schema-graph\">{\"@context\":\"https:\\\/\\\/schema.org\",\"@graph\":[{\"@type\":\"WebPage\",\"@id\":\"https:\\\/\\\/daniellebeatrizmakeup.com.br\\\/loja\\\/espelho-porquinho-led-ventilador\\\/\",\"url\":\"https:\\\/\\\/daniellebeatrizmakeup.com.br\\\/loja\\\/espelho-porquinho-led-ventilador\\\/\",\"name\":\"Espelho Porquinho com LED e Ventilador - Loja DB Makeup\",\"isPartOf\":{\"@id\":\"https:\\\/\\\/daniellebeatrizmakeup.com.br\\\/loja\\\/#website\"},\"primaryImageOfPage\":{\"@id\":\"https:\\\/\\\/daniellebeatrizmakeup.com.br\\\/loja\\\/espelho-porquinho-led-ventilador\\\/#primaryimage\"},\"image\":{\"@id\":\"https:\\\/\\\/daniellebeatrizmakeup.com.br\\\/loja\\\/espelho-porquinho-led-ventilador\\\/#primaryimage\"},\"thumbnailUrl\":\"https:\\\/\\\/daniellebeatrizmakeup.com.br\\\/loja\\\/wp-content\\\/uploads\\\/2021\\\/03\\\/espelho-porquinho-led-e-ventilador-db-makeup.jpg\",\"datePublished\":\"2021-03-20T00:31:35+00:00\",\"dateModified\":\"2024-12-03T03:00:14+00:00\",\"description\":\"Espelho de maquiagem port\u00e1til, em formato de porquinho, com ventilador e LED para te ajudar na sua make ou nos dias de calor.\",\"breadcrumb\":{\"@id\":\"https:\\\/\\\/daniellebeatrizmakeup.com.br\\\/loja\\\/espelho-porquinho-led-ventilador\\\/#breadcrumb\"},\"inLanguage\":\"pt-BR\",\"potentialAction\":[{\"@type\":\"ReadAction\",\"target\":[\"https:\\\/\\\/daniellebeatrizmakeup.com.br\\\/loja\\\/espelho-porquinho-led-ventilador\\\/\"]}]},{\"@type\":\"ImageObject\",\"inLanguage\":\"pt-BR\",\"@id\":\"https:\\\/\\\/daniellebeatrizmakeup.com.br\\\/loja\\\/espelho-porquinho-led-ventilador\\\/#primaryimage\",\"url\":\"https:\\\/\\\/daniellebeatrizmakeup.com.br\\\/loja\\\/wp-content\\\/uploads\\\/2021\\\/03\\\/espelho-porquinho-led-e-ventilador-db-makeup.jpg\",\"contentUrl\":\"https:\\\/\\\/daniellebeatrizmakeup.com.br\\\/loja\\\/wp-content\\\/uploads\\\/2021\\\/03\\\/espelho-porquinho-led-e-ventilador-db-makeup.jpg\",\"width\":1080,\"height\":1080,\"caption\":\"Espelho Porquinho com Led e Ventilador\"},{\"@type\":\"BreadcrumbList\",\"@id\":\"https:\\\/\\\/daniellebeatrizmakeup.com.br\\\/loja\\\/espelho-porquinho-led-ventilador\\\/#breadcrumb\",\"itemListElement\":[{\"@type\":\"ListItem\",\"position\":1,\"name\":\"In\u00edcio\",\"item\":\"https:\\\/\\\/daniellebeatrizmakeup.com.br\\\/loja\\\/\"},{\"@type\":\"ListItem\",\"position\":2,\"name\":\"Todos\",\"item\":\"https:\\\/\\\/daniellebeatrizmakeup.com.br\\\/loja\\\/todos\\\/\"},{\"@type\":\"ListItem\",\"position\":3,\"name\":\"Espelho Porquinho com LED e Ventilador\"}]},{\"@type\":\"WebSite\",\"@id\":\"https:\\\/\\\/daniellebeatrizmakeup.com.br\\\/loja\\\/#website\",\"url\":\"https:\\\/\\\/daniellebeatrizmakeup.com.br\\\/loja\\\/\",\"name\":\"Loja DB Makeup\",\"description\":\"A melhor loja de maquiagem para real\u00e7ar a sua beleza\",\"publisher\":{\"@id\":\"https:\\\/\\\/daniellebeatrizmakeup.com.br\\\/loja\\\/#organization\"},\"potentialAction\":[{\"@type\":\"SearchAction\",\"target\":{\"@type\":\"EntryPoint\",\"urlTemplate\":\"https:\\\/\\\/daniellebeatrizmakeup.com.br\\\/loja\\\/?s={search_term_string}\"},\"query-input\":{\"@type\":\"PropertyValueSpecification\",\"valueRequired\":true,\"valueName\":\"search_term_string\"}}],\"inLanguage\":\"pt-BR\"},{\"@type\":\"Organization\",\"@id\":\"https:\\\/\\\/daniellebeatrizmakeup.com.br\\\/loja\\\/#organization\",\"name\":\"Danielle Beatriz Makeup\",\"url\":\"https:\\\/\\\/daniellebeatrizmakeup.com.br\\\/loja\\\/\",\"logo\":{\"@type\":\"ImageObject\",\"inLanguage\":\"pt-BR\",\"@id\":\"https:\\\/\\\/daniellebeatrizmakeup.com.br\\\/loja\\\/#\\\/schema\\\/logo\\\/image\\\/\",\"url\":\"https:\\\/\\\/daniellebeatrizmakeup.com.br\\\/loja\\\/wp-content\\\/uploads\\\/2020\\\/10\\\/logo-loja-db-makeup.png\",\"contentUrl\":\"https:\\\/\\\/daniellebeatrizmakeup.com.br\\\/loja\\\/wp-content\\\/uploads\\\/2020\\\/10\\\/logo-loja-db-makeup.png\",\"width\":500,\"height\":110,\"caption\":\"Danielle Beatriz Makeup\"},\"image\":{\"@id\":\"https:\\\/\\\/daniellebeatrizmakeup.com.br\\\/loja\\\/#\\\/schema\\\/logo\\\/image\\\/\"},\"sameAs\":[\"https:\\\/\\\/www.facebook.com\\\/daniellebeatrizmakeup\",\"https:\\\/\\\/x.com\\\/danibetriz\",\"https:\\\/\\\/www.instagram.com\\\/daniellebeatrizmakeup\",\"https:\\\/\\\/pinterest.com\\\/daniellebeatrizmakeup\",\"https:\\\/\\\/www.youtube.com\\\/DanielleBeatriz\"]}]}<\/script>\n<!-- \/ Yoast SEO plugin. -->","yoast_head_json":{"title":"Espelho Porquinho com LED e Ventilador - Loja DB Makeup","description":"Espelho de maquiagem port\u00e1til, em formato de porquinho, com ventilador e LED para te ajudar na sua make ou nos dias de calor.","robots":{"index":"index","follow":"follow","max-snippet":"max-snippet:-1","max-image-preview":"max-image-preview:large","max-video-preview":"max-video-preview:-1"},"canonical":"https:\/\/daniellebeatrizmakeup.com.br\/loja\/espelho-porquinho-led-ventilador\/","og_locale":"pt_BR","og_type":"article","og_title":"Espelho Porquinho com LED e Ventilador - Loja DB Makeup","og_description":"Espelho de maquiagem port\u00e1til, em formato de porquinho, com ventilador e LED para te ajudar na sua make ou nos dias de calor.","og_url":"https:\/\/daniellebeatrizmakeup.com.br\/loja\/espelho-porquinho-led-ventilador\/","og_site_name":"Loja DB Makeup","article_publisher":"https:\/\/www.facebook.com\/daniellebeatrizmakeup","article_modified_time":"2024-12-03T03:00:14+00:00","og_image":[{"width":1080,"height":1080,"url":"https:\/\/daniellebeatrizmakeup.com.br\/loja\/wp-content\/uploads\/2021\/03\/espelho-porquinho-led-e-ventilador-db-makeup.jpg","type":"image\/jpeg"}],"twitter_card":"summary_large_image","twitter_site":"@danibetriz","twitter_misc":{"Est. tempo de leitura":"1 minuto"},"schema":{"@context":"https:\/\/schema.org","@graph":[{"@type":"WebPage","@id":"https:\/\/daniellebeatrizmakeup.com.br\/loja\/espelho-porquinho-led-ventilador\/","url":"https:\/\/daniellebeatrizmakeup.com.br\/loja\/espelho-porquinho-led-ventilador\/","name":"Espelho Porquinho com LED e Ventilador - Loja DB Makeup","isPartOf":{"@id":"https:\/\/daniellebeatrizmakeup.com.br\/loja\/#website"},"primaryImageOfPage":{"@id":"https:\/\/daniellebeatrizmakeup.com.br\/loja\/espelho-porquinho-led-ventilador\/#primaryimage"},"image":{"@id":"https:\/\/daniellebeatrizmakeup.com.br\/loja\/espelho-porquinho-led-ventilador\/#primaryimage"},"thumbnailUrl":"https:\/\/daniellebeatrizmakeup.com.br\/loja\/wp-content\/uploads\/2021\/03\/espelho-porquinho-led-e-ventilador-db-makeup.jpg","datePublished":"2021-03-20T00:31:35+00:00","dateModified":"2024-12-03T03:00:14+00:00","description":"Espelho de maquiagem port\u00e1til, em formato de porquinho, com ventilador e LED para te ajudar na sua make ou nos dias de calor.","breadcrumb":{"@id":"https:\/\/daniellebeatrizmakeup.com.br\/loja\/espelho-porquinho-led-ventilador\/#breadcrumb"},"inLanguage":"pt-BR","potentialAction":[{"@type":"ReadAction","target":["https:\/\/daniellebeatrizmakeup.com.br\/loja\/espelho-porquinho-led-ventilador\/"]}]},{"@type":"ImageObject","inLanguage":"pt-BR","@id":"https:\/\/daniellebeatrizmakeup.com.br\/loja\/espelho-porquinho-led-ventilador\/#primaryimage","url":"https:\/\/daniellebeatrizmakeup.com.br\/loja\/wp-content\/uploads\/2021\/03\/espelho-porquinho-led-e-ventilador-db-makeup.jpg","contentUrl":"https:\/\/daniellebeatrizmakeup.com.br\/loja\/wp-content\/uploads\/2021\/03\/espelho-porquinho-led-e-ventilador-db-makeup.jpg","width":1080,"height":1080,"caption":"Espelho Porquinho com Led e Ventilador"},{"@type":"BreadcrumbList","@id":"https:\/\/daniellebeatrizmakeup.com.br\/loja\/espelho-porquinho-led-ventilador\/#breadcrumb","itemListElement":[{"@type":"ListItem","position":1,"name":"In\u00edcio","item":"https:\/\/daniellebeatrizmakeup.com.br\/loja\/"},{"@type":"ListItem","position":2,"name":"Todos","item":"https:\/\/daniellebeatrizmakeup.com.br\/loja\/todos\/"},{"@type":"ListItem","position":3,"name":"Espelho Porquinho com LED e Ventilador"}]},{"@type":"WebSite","@id":"https:\/\/daniellebeatrizmakeup.com.br\/loja\/#website","url":"https:\/\/daniellebeatrizmakeup.com.br\/loja\/","name":"Loja DB Makeup","description":"A melhor loja de maquiagem para real\u00e7ar a sua beleza","publisher":{"@id":"https:\/\/daniellebeatrizmakeup.com.br\/loja\/#organization"},"potentialAction":[{"@type":"SearchAction","target":{"@type":"EntryPoint","urlTemplate":"https:\/\/daniellebeatrizmakeup.com.br\/loja\/?s={search_term_string}"},"query-input":{"@type":"PropertyValueSpecification","valueRequired":true,"valueName":"search_term_string"}}],"inLanguage":"pt-BR"},{"@type":"Organization","@id":"https:\/\/daniellebeatrizmakeup.com.br\/loja\/#organization","name":"Danielle Beatriz Makeup","url":"https:\/\/daniellebeatrizmakeup.com.br\/loja\/","logo":{"@type":"ImageObject","inLanguage":"pt-BR","@id":"https:\/\/daniellebeatrizmakeup.com.br\/loja\/#\/schema\/logo\/image\/","url":"https:\/\/daniellebeatrizmakeup.com.br\/loja\/wp-content\/uploads\/2020\/10\/logo-loja-db-makeup.png","contentUrl":"https:\/\/daniellebeatrizmakeup.com.br\/loja\/wp-content\/uploads\/2020\/10\/logo-loja-db-makeup.png","width":500,"height":110,"caption":"Danielle Beatriz Makeup"},"image":{"@id":"https:\/\/daniellebeatrizmakeup.com.br\/loja\/#\/schema\/logo\/image\/"},"sameAs":["https:\/\/www.facebook.com\/daniellebeatrizmakeup","https:\/\/x.com\/danibetriz","https:\/\/www.instagram.com\/daniellebeatrizmakeup","https:\/\/pinterest.com\/daniellebeatrizmakeup","https:\/\/www.youtube.com\/DanielleBeatriz"]}]}},"jetpack_sharing_enabled":true,"_links":{"self":[{"href":"https:\/\/daniellebeatrizmakeup.com.br\/loja\/wp-json\/wp\/v2\/product\/15861","targetHints":{"allow":["GET"]}}],"collection":[{"href":"https:\/\/daniellebeatrizmakeup.com.br\/loja\/wp-json\/wp\/v2\/product"}],"about":[{"href":"https:\/\/daniellebeatrizmakeup.com.br\/loja\/wp-json\/wp\/v2\/types\/product"}],"replies":[{"embeddable":true,"href":"https:\/\/daniellebeatrizmakeup.com.br\/loja\/wp-json\/wp\/v2\/comments?post=15861"}],"version-history":[{"count":3,"href":"https:\/\/daniellebeatrizmakeup.com.br\/loja\/wp-json\/wp\/v2\/product\/15861\/revisions"}],"predecessor-version":[{"id":55437,"href":"https:\/\/daniellebeatrizmakeup.com.br\/loja\/wp-json\/wp\/v2\/product\/15861\/revisions\/55437"}],"wp:featuredmedia":[{"embeddable":true,"href":"https:\/\/daniellebeatrizmakeup.com.br\/loja\/wp-json\/wp\/v2\/media\/26678"}],"wp:attachment":[{"href":"https:\/\/daniellebeatrizmakeup.com.br\/loja\/wp-json\/wp\/v2\/media?parent=15861"}],"wp:term":[{"taxonomy":"product_brand","embeddable":true,"href":"https:\/\/daniellebeatrizmakeup.com.br\/loja\/wp-json\/wp\/v2\/product_brand?post=15861"},{"taxonomy":"product_cat","embeddable":true,"href":"https:\/\/daniellebeatrizmakeup.com.br\/loja\/wp-json\/wp\/v2\/product_cat?post=15861"},{"taxonomy":"product_tag","embeddable":true,"href":"https:\/\/daniellebeatrizmakeup.com.br\/loja\/wp-json\/wp\/v2\/product_tag?post=15861"},{"taxonomy":"woo-feed-brand","embeddable":true,"href":"https:\/\/daniellebeatrizmakeup.com.br\/loja\/wp-json\/wp\/v2\/woo-feed-brand?post=15861"}],"curies":[{"name":"wp","href":"https:\/\/api.w.org\/{rel}","templated":true}]}}