{"id":15827,"date":"2021-03-19T20:03:51","date_gmt":"2021-03-19T23:03:51","guid":{"rendered":"https:\/\/loja.daniellebeatrizmakeup.com.br\/?post_type=product&#038;p=15827"},"modified":"2025-12-18T18:15:01","modified_gmt":"2025-12-18T21:15:01","slug":"delineador-liquido-ruby-rose","status":"publish","type":"product","link":"https:\/\/daniellebeatrizmakeup.com.br\/loja\/delineador-liquido-ruby-rose\/","title":{"rendered":"Delineador L\u00edquido Ruby Rose"},"content":{"rendered":"<p>O <a href=\"https:\/\/www.instagram.com\/p\/CMf3zgkCYzv\/\">Delineador L\u00edquido<\/a> Preto da <a href=\"https:\/\/daniellebeatrizmakeup.com.br\/loja\/ruby-rose\/\">Ruby Rose<\/a> \u00e9 perfeito para criar tra\u00e7os finos e delicados ou grossos, devido a sua ponta fininha! Ele \u00e9 muito pigmentado, seca r\u00e1pido e \u00e9 resistente a \u00e1gua. E a melhor parte, esse produto \u00e9 cruelty free.<\/p>\n<p>Ele \u00e9 ideal para voc\u00ea que ama dar destaque aos olhos e fazer aquele olho gatinho que sempre sonhou.<\/p>\n<p><strong>Cont\u00e9m:\u00a0<\/strong>5,8 ml<\/p>\n<p><strong>Modo de uso<\/strong><br \/>\nVoc\u00ea pode usar o delineador l\u00edquido da Ruby Rose para desenhar diferentes tra\u00e7os, fino, grosso, gatinho, o que preferir. Com o delineador l\u00edquido, fa\u00e7a um tra\u00e7o rente aos c\u00edlios e preencha bem para ficar tudo pretinho. Voc\u00ea pode aplicar somente o delineador ou por cima de uma sombra e fazer um delineado gatinho.<\/p>\n<p><strong>Precau\u00e7\u00f5es<\/strong><br \/>\n&#8211; Uso externo.<br \/>\n&#8211; N\u00e3o aplique sobre a pele irritada ou lesionada.<br \/>\n&#8211; Se houver qualquer sinal de irrita\u00e7\u00e3o, descontinue o uso do produto.<br \/>\n&#8211; Mantenha sempre bem fechado, longe da luz e calor e do alcance de crian\u00e7as.<\/p>\n","protected":false},"excerpt":{"rendered":"<p>O Delineador L\u00edquido Preto da Ruby Rose \u00e9 perfeito para criar tra\u00e7os finos e delicados ou grossos, devido a sua ponta fininha! Ele \u00e9 muito pigmentado, seca r\u00e1pido e \u00e9 resistente a \u00e1gua. E a melhor parte, esse produto \u00e9 cruelty free.<\/p>\n<p>Ele \u00e9 ideal para voc\u00ea que ama dar destaque aos olhos e fazer aquele olho gatinho que sempre sonhou.<\/p>\n<p>Validade: 08\/2024.<\/p>\n","protected":false},"featured_media":26657,"comment_status":"open","ping_status":"closed","template":"","meta":{"_mbp_gutenberg_autopost":false},"product_brand":[],"product_cat":[163,79,74],"product_tag":[805],"woo-feed-brand":[],"class_list":{"0":"post-15827","1":"product","2":"type-product","3":"status-publish","4":"has-post-thumbnail","6":"product_cat-delineador","7":"product_cat-olhos","8":"product_cat-ruby-rose","9":"product_tag-ruby-rose","10":"yith_product_brand-ruby-rose","12":"first","13":"outofstock","14":"sale","15":"shipping-taxable","16":"purchasable","17":"product-type-simple"},"yoast_head":"<!-- This site is optimized with the Yoast SEO plugin v27.3 - https:\/\/yoast.com\/product\/yoast-seo-wordpress\/ -->\n<title>Delineador L\u00edquido Ruby Rose - Loja DB Makeup<\/title>\n<meta name=\"description\" content=\"O Delineador L\u00edquido da Ruby Rose \u00e9 perfeito para criar tra\u00e7os finos e delicados ou grossos, devido a sua ponta fininha, e resistente a \u00e1gua.\" \/>\n<meta name=\"robots\" content=\"index, follow, max-snippet:-1, max-image-preview:large, max-video-preview:-1\" \/>\n<link rel=\"canonical\" href=\"https:\/\/daniellebeatrizmakeup.com.br\/loja\/delineador-liquido-ruby-rose\/\" \/>\n<meta property=\"og:locale\" content=\"pt_BR\" \/>\n<meta property=\"og:type\" content=\"article\" \/>\n<meta property=\"og:title\" content=\"Delineador L\u00edquido Ruby Rose - Loja DB Makeup\" \/>\n<meta property=\"og:description\" content=\"O Delineador L\u00edquido da Ruby Rose \u00e9 perfeito para criar tra\u00e7os finos e delicados ou grossos, devido a sua ponta fininha, e resistente a \u00e1gua.\" \/>\n<meta property=\"og:url\" content=\"https:\/\/daniellebeatrizmakeup.com.br\/loja\/delineador-liquido-ruby-rose\/\" \/>\n<meta property=\"og:site_name\" content=\"Loja DB Makeup\" \/>\n<meta property=\"article:publisher\" content=\"https:\/\/www.facebook.com\/daniellebeatrizmakeup\" \/>\n<meta property=\"article:modified_time\" content=\"2025-12-18T21:15:01+00:00\" \/>\n<meta property=\"og:image\" content=\"https:\/\/daniellebeatrizmakeup.com.br\/loja\/wp-content\/uploads\/2021\/03\/delineador-liquido-preto-ruby-rose-2.jpg\" \/>\n\t<meta property=\"og:image:width\" content=\"1080\" \/>\n\t<meta property=\"og:image:height\" content=\"1080\" \/>\n\t<meta property=\"og:image:type\" content=\"image\/jpeg\" \/>\n<meta name=\"twitter:card\" content=\"summary_large_image\" \/>\n<meta name=\"twitter:site\" content=\"@danibetriz\" \/>\n<meta name=\"twitter:label1\" content=\"Est. tempo de leitura\" \/>\n\t<meta name=\"twitter:data1\" content=\"1 minuto\" \/>\n<script type=\"application\/ld+json\" class=\"yoast-schema-graph\">{\"@context\":\"https:\\\/\\\/schema.org\",\"@graph\":[{\"@type\":\"WebPage\",\"@id\":\"https:\\\/\\\/daniellebeatrizmakeup.com.br\\\/loja\\\/delineador-liquido-ruby-rose\\\/\",\"url\":\"https:\\\/\\\/daniellebeatrizmakeup.com.br\\\/loja\\\/delineador-liquido-ruby-rose\\\/\",\"name\":\"Delineador L\u00edquido Ruby Rose - Loja DB Makeup\",\"isPartOf\":{\"@id\":\"https:\\\/\\\/daniellebeatrizmakeup.com.br\\\/loja\\\/#website\"},\"primaryImageOfPage\":{\"@id\":\"https:\\\/\\\/daniellebeatrizmakeup.com.br\\\/loja\\\/delineador-liquido-ruby-rose\\\/#primaryimage\"},\"image\":{\"@id\":\"https:\\\/\\\/daniellebeatrizmakeup.com.br\\\/loja\\\/delineador-liquido-ruby-rose\\\/#primaryimage\"},\"thumbnailUrl\":\"https:\\\/\\\/daniellebeatrizmakeup.com.br\\\/loja\\\/wp-content\\\/uploads\\\/2021\\\/03\\\/delineador-liquido-preto-ruby-rose-2.jpg\",\"datePublished\":\"2021-03-19T23:03:51+00:00\",\"dateModified\":\"2025-12-18T21:15:01+00:00\",\"description\":\"O Delineador L\u00edquido da Ruby Rose \u00e9 perfeito para criar tra\u00e7os finos e delicados ou grossos, devido a sua ponta fininha, e resistente a \u00e1gua.\",\"breadcrumb\":{\"@id\":\"https:\\\/\\\/daniellebeatrizmakeup.com.br\\\/loja\\\/delineador-liquido-ruby-rose\\\/#breadcrumb\"},\"inLanguage\":\"pt-BR\",\"potentialAction\":[{\"@type\":\"ReadAction\",\"target\":[\"https:\\\/\\\/daniellebeatrizmakeup.com.br\\\/loja\\\/delineador-liquido-ruby-rose\\\/\"]}]},{\"@type\":\"ImageObject\",\"inLanguage\":\"pt-BR\",\"@id\":\"https:\\\/\\\/daniellebeatrizmakeup.com.br\\\/loja\\\/delineador-liquido-ruby-rose\\\/#primaryimage\",\"url\":\"https:\\\/\\\/daniellebeatrizmakeup.com.br\\\/loja\\\/wp-content\\\/uploads\\\/2021\\\/03\\\/delineador-liquido-preto-ruby-rose-2.jpg\",\"contentUrl\":\"https:\\\/\\\/daniellebeatrizmakeup.com.br\\\/loja\\\/wp-content\\\/uploads\\\/2021\\\/03\\\/delineador-liquido-preto-ruby-rose-2.jpg\",\"width\":1080,\"height\":1080,\"caption\":\"Delineador L\u00edquido Ruby Rose\"},{\"@type\":\"BreadcrumbList\",\"@id\":\"https:\\\/\\\/daniellebeatrizmakeup.com.br\\\/loja\\\/delineador-liquido-ruby-rose\\\/#breadcrumb\",\"itemListElement\":[{\"@type\":\"ListItem\",\"position\":1,\"name\":\"In\u00edcio\",\"item\":\"https:\\\/\\\/daniellebeatrizmakeup.com.br\\\/loja\\\/\"},{\"@type\":\"ListItem\",\"position\":2,\"name\":\"Todos\",\"item\":\"https:\\\/\\\/daniellebeatrizmakeup.com.br\\\/loja\\\/todos\\\/\"},{\"@type\":\"ListItem\",\"position\":3,\"name\":\"Delineador L\u00edquido Ruby Rose\"}]},{\"@type\":\"WebSite\",\"@id\":\"https:\\\/\\\/daniellebeatrizmakeup.com.br\\\/loja\\\/#website\",\"url\":\"https:\\\/\\\/daniellebeatrizmakeup.com.br\\\/loja\\\/\",\"name\":\"Loja DB Makeup\",\"description\":\"A melhor loja de maquiagem para real\u00e7ar a sua beleza\",\"publisher\":{\"@id\":\"https:\\\/\\\/daniellebeatrizmakeup.com.br\\\/loja\\\/#organization\"},\"potentialAction\":[{\"@type\":\"SearchAction\",\"target\":{\"@type\":\"EntryPoint\",\"urlTemplate\":\"https:\\\/\\\/daniellebeatrizmakeup.com.br\\\/loja\\\/?s={search_term_string}\"},\"query-input\":{\"@type\":\"PropertyValueSpecification\",\"valueRequired\":true,\"valueName\":\"search_term_string\"}}],\"inLanguage\":\"pt-BR\"},{\"@type\":\"Organization\",\"@id\":\"https:\\\/\\\/daniellebeatrizmakeup.com.br\\\/loja\\\/#organization\",\"name\":\"Danielle Beatriz Makeup\",\"url\":\"https:\\\/\\\/daniellebeatrizmakeup.com.br\\\/loja\\\/\",\"logo\":{\"@type\":\"ImageObject\",\"inLanguage\":\"pt-BR\",\"@id\":\"https:\\\/\\\/daniellebeatrizmakeup.com.br\\\/loja\\\/#\\\/schema\\\/logo\\\/image\\\/\",\"url\":\"https:\\\/\\\/daniellebeatrizmakeup.com.br\\\/loja\\\/wp-content\\\/uploads\\\/2020\\\/10\\\/logo-loja-db-makeup.png\",\"contentUrl\":\"https:\\\/\\\/daniellebeatrizmakeup.com.br\\\/loja\\\/wp-content\\\/uploads\\\/2020\\\/10\\\/logo-loja-db-makeup.png\",\"width\":500,\"height\":110,\"caption\":\"Danielle Beatriz Makeup\"},\"image\":{\"@id\":\"https:\\\/\\\/daniellebeatrizmakeup.com.br\\\/loja\\\/#\\\/schema\\\/logo\\\/image\\\/\"},\"sameAs\":[\"https:\\\/\\\/www.facebook.com\\\/daniellebeatrizmakeup\",\"https:\\\/\\\/x.com\\\/danibetriz\",\"https:\\\/\\\/www.instagram.com\\\/daniellebeatrizmakeup\",\"https:\\\/\\\/pinterest.com\\\/daniellebeatrizmakeup\",\"https:\\\/\\\/www.youtube.com\\\/DanielleBeatriz\"]}]}<\/script>\n<!-- \/ Yoast SEO plugin. -->","yoast_head_json":{"title":"Delineador L\u00edquido Ruby Rose - Loja DB Makeup","description":"O Delineador L\u00edquido da Ruby Rose \u00e9 perfeito para criar tra\u00e7os finos e delicados ou grossos, devido a sua ponta fininha, e resistente a \u00e1gua.","robots":{"index":"index","follow":"follow","max-snippet":"max-snippet:-1","max-image-preview":"max-image-preview:large","max-video-preview":"max-video-preview:-1"},"canonical":"https:\/\/daniellebeatrizmakeup.com.br\/loja\/delineador-liquido-ruby-rose\/","og_locale":"pt_BR","og_type":"article","og_title":"Delineador L\u00edquido Ruby Rose - Loja DB Makeup","og_description":"O Delineador L\u00edquido da Ruby Rose \u00e9 perfeito para criar tra\u00e7os finos e delicados ou grossos, devido a sua ponta fininha, e resistente a \u00e1gua.","og_url":"https:\/\/daniellebeatrizmakeup.com.br\/loja\/delineador-liquido-ruby-rose\/","og_site_name":"Loja DB Makeup","article_publisher":"https:\/\/www.facebook.com\/daniellebeatrizmakeup","article_modified_time":"2025-12-18T21:15:01+00:00","og_image":[{"width":1080,"height":1080,"url":"https:\/\/daniellebeatrizmakeup.com.br\/loja\/wp-content\/uploads\/2021\/03\/delineador-liquido-preto-ruby-rose-2.jpg","type":"image\/jpeg"}],"twitter_card":"summary_large_image","twitter_site":"@danibetriz","twitter_misc":{"Est. tempo de leitura":"1 minuto"},"schema":{"@context":"https:\/\/schema.org","@graph":[{"@type":"WebPage","@id":"https:\/\/daniellebeatrizmakeup.com.br\/loja\/delineador-liquido-ruby-rose\/","url":"https:\/\/daniellebeatrizmakeup.com.br\/loja\/delineador-liquido-ruby-rose\/","name":"Delineador L\u00edquido Ruby Rose - Loja DB Makeup","isPartOf":{"@id":"https:\/\/daniellebeatrizmakeup.com.br\/loja\/#website"},"primaryImageOfPage":{"@id":"https:\/\/daniellebeatrizmakeup.com.br\/loja\/delineador-liquido-ruby-rose\/#primaryimage"},"image":{"@id":"https:\/\/daniellebeatrizmakeup.com.br\/loja\/delineador-liquido-ruby-rose\/#primaryimage"},"thumbnailUrl":"https:\/\/daniellebeatrizmakeup.com.br\/loja\/wp-content\/uploads\/2021\/03\/delineador-liquido-preto-ruby-rose-2.jpg","datePublished":"2021-03-19T23:03:51+00:00","dateModified":"2025-12-18T21:15:01+00:00","description":"O Delineador L\u00edquido da Ruby Rose \u00e9 perfeito para criar tra\u00e7os finos e delicados ou grossos, devido a sua ponta fininha, e resistente a \u00e1gua.","breadcrumb":{"@id":"https:\/\/daniellebeatrizmakeup.com.br\/loja\/delineador-liquido-ruby-rose\/#breadcrumb"},"inLanguage":"pt-BR","potentialAction":[{"@type":"ReadAction","target":["https:\/\/daniellebeatrizmakeup.com.br\/loja\/delineador-liquido-ruby-rose\/"]}]},{"@type":"ImageObject","inLanguage":"pt-BR","@id":"https:\/\/daniellebeatrizmakeup.com.br\/loja\/delineador-liquido-ruby-rose\/#primaryimage","url":"https:\/\/daniellebeatrizmakeup.com.br\/loja\/wp-content\/uploads\/2021\/03\/delineador-liquido-preto-ruby-rose-2.jpg","contentUrl":"https:\/\/daniellebeatrizmakeup.com.br\/loja\/wp-content\/uploads\/2021\/03\/delineador-liquido-preto-ruby-rose-2.jpg","width":1080,"height":1080,"caption":"Delineador L\u00edquido Ruby Rose"},{"@type":"BreadcrumbList","@id":"https:\/\/daniellebeatrizmakeup.com.br\/loja\/delineador-liquido-ruby-rose\/#breadcrumb","itemListElement":[{"@type":"ListItem","position":1,"name":"In\u00edcio","item":"https:\/\/daniellebeatrizmakeup.com.br\/loja\/"},{"@type":"ListItem","position":2,"name":"Todos","item":"https:\/\/daniellebeatrizmakeup.com.br\/loja\/todos\/"},{"@type":"ListItem","position":3,"name":"Delineador L\u00edquido Ruby Rose"}]},{"@type":"WebSite","@id":"https:\/\/daniellebeatrizmakeup.com.br\/loja\/#website","url":"https:\/\/daniellebeatrizmakeup.com.br\/loja\/","name":"Loja DB Makeup","description":"A melhor loja de maquiagem para real\u00e7ar a sua beleza","publisher":{"@id":"https:\/\/daniellebeatrizmakeup.com.br\/loja\/#organization"},"potentialAction":[{"@type":"SearchAction","target":{"@type":"EntryPoint","urlTemplate":"https:\/\/daniellebeatrizmakeup.com.br\/loja\/?s={search_term_string}"},"query-input":{"@type":"PropertyValueSpecification","valueRequired":true,"valueName":"search_term_string"}}],"inLanguage":"pt-BR"},{"@type":"Organization","@id":"https:\/\/daniellebeatrizmakeup.com.br\/loja\/#organization","name":"Danielle Beatriz Makeup","url":"https:\/\/daniellebeatrizmakeup.com.br\/loja\/","logo":{"@type":"ImageObject","inLanguage":"pt-BR","@id":"https:\/\/daniellebeatrizmakeup.com.br\/loja\/#\/schema\/logo\/image\/","url":"https:\/\/daniellebeatrizmakeup.com.br\/loja\/wp-content\/uploads\/2020\/10\/logo-loja-db-makeup.png","contentUrl":"https:\/\/daniellebeatrizmakeup.com.br\/loja\/wp-content\/uploads\/2020\/10\/logo-loja-db-makeup.png","width":500,"height":110,"caption":"Danielle Beatriz Makeup"},"image":{"@id":"https:\/\/daniellebeatrizmakeup.com.br\/loja\/#\/schema\/logo\/image\/"},"sameAs":["https:\/\/www.facebook.com\/daniellebeatrizmakeup","https:\/\/x.com\/danibetriz","https:\/\/www.instagram.com\/daniellebeatrizmakeup","https:\/\/pinterest.com\/daniellebeatrizmakeup","https:\/\/www.youtube.com\/DanielleBeatriz"]}]}},"jetpack_sharing_enabled":true,"_links":{"self":[{"href":"https:\/\/daniellebeatrizmakeup.com.br\/loja\/wp-json\/wp\/v2\/product\/15827","targetHints":{"allow":["GET"]}}],"collection":[{"href":"https:\/\/daniellebeatrizmakeup.com.br\/loja\/wp-json\/wp\/v2\/product"}],"about":[{"href":"https:\/\/daniellebeatrizmakeup.com.br\/loja\/wp-json\/wp\/v2\/types\/product"}],"replies":[{"embeddable":true,"href":"https:\/\/daniellebeatrizmakeup.com.br\/loja\/wp-json\/wp\/v2\/comments?post=15827"}],"version-history":[{"count":5,"href":"https:\/\/daniellebeatrizmakeup.com.br\/loja\/wp-json\/wp\/v2\/product\/15827\/revisions"}],"predecessor-version":[{"id":31395,"href":"https:\/\/daniellebeatrizmakeup.com.br\/loja\/wp-json\/wp\/v2\/product\/15827\/revisions\/31395"}],"wp:featuredmedia":[{"embeddable":true,"href":"https:\/\/daniellebeatrizmakeup.com.br\/loja\/wp-json\/wp\/v2\/media\/26657"}],"wp:attachment":[{"href":"https:\/\/daniellebeatrizmakeup.com.br\/loja\/wp-json\/wp\/v2\/media?parent=15827"}],"wp:term":[{"taxonomy":"product_brand","embeddable":true,"href":"https:\/\/daniellebeatrizmakeup.com.br\/loja\/wp-json\/wp\/v2\/product_brand?post=15827"},{"taxonomy":"product_cat","embeddable":true,"href":"https:\/\/daniellebeatrizmakeup.com.br\/loja\/wp-json\/wp\/v2\/product_cat?post=15827"},{"taxonomy":"product_tag","embeddable":true,"href":"https:\/\/daniellebeatrizmakeup.com.br\/loja\/wp-json\/wp\/v2\/product_tag?post=15827"},{"taxonomy":"woo-feed-brand","embeddable":true,"href":"https:\/\/daniellebeatrizmakeup.com.br\/loja\/wp-json\/wp\/v2\/woo-feed-brand?post=15827"}],"curies":[{"name":"wp","href":"https:\/\/api.w.org\/{rel}","templated":true}]}}