{"id":15812,"date":"2021-03-19T18:55:21","date_gmt":"2021-03-19T21:55:21","guid":{"rendered":"https:\/\/loja.daniellebeatrizmakeup.com.br\/?post_type=product&#038;p=15812"},"modified":"2024-07-22T18:46:24","modified_gmt":"2024-07-22T21:46:24","slug":"brigadeiro-de-colher-maria-margarida","status":"publish","type":"product","link":"https:\/\/daniellebeatrizmakeup.com.br\/loja\/brigadeiro-de-colher-maria-margarida\/","title":{"rendered":"M\u00e1scara Facial Brigadeiro de Colher Maria Margarida"},"content":{"rendered":"<p>A M\u00e1scara Facial <a href=\"https:\/\/www.instagram.com\/p\/CMa6diFhfEY\/\">Brigadeiro de Colher<\/a> da <a href=\"https:\/\/daniellebeatrizmakeup.com.br\/loja\/maria-margarida\/\">Maria Margarida<\/a>, possui \u00c1cidos AHA + Tripla Hidrata\u00e7\u00e3o + Efeito Tensor Imediato! Uma f\u00f3rmula que preparamos com todo carinho. A Brigadeiro de Colher tem cheirinho e textura de Brigadeiro. Uma verdadeira del\u00edcia!<\/p>\n<p>Ela ainda tem um blend com 3 Alfa Hidroxi\u00e1cidos &#8211; AHA. Uma jun\u00e7\u00e3o poderosa de \u00c1cido Glic\u00f3lico + \u00c1cido L\u00e1tico + \u00c1cido C\u00edtrico. Peeling qu\u00edmico na medida certa!<\/p>\n<h2>O que os AHA fazem na Brigadeiro de Colher da Maria Margarida:<\/h2>\n<ol>\n<li>Renovam a pele: eles fazem as c\u00e9lulas mortas se soltarem da pele. Basta voc\u00ea lavar a pele ap\u00f3s o uso e prontinho. Pele super renovada!<\/li>\n<li>Clareia manchas e uniformiza tom da pele. As manchas na pele s\u00e3o causadas pelo ac\u00famulo de melanina nos queratin\u00f3citos (c\u00e9lulas da epiderme). Quando retiramos as c\u00e9lulas mortas j\u00e1 manchadas, clareamos as manchinhas e deixamos a pele com tom mais uniforme e luminoso.<\/li>\n<li>Melhoram a textura da pele e linhas de express\u00e3o: o ac\u00famulo de queratin\u00f3citos mortos causa textura irregular na pele. Com a esfolia\u00e7\u00e3o qu\u00edmica a pele fica bem mais lisinha, reduzindo inclusive linhas finas de express\u00e3o.<\/li>\n<li>Limpam poros e removem o excesso de oleosidade da pele: os AHA equilibram a oleosidade da pele e reduz les\u00f5es de acne, cravos e espinhas.<\/li>\n<li>Minimizam poros dilatados: os AHA deixam a pele renovada, menos oleosa e hidratada. O resultado? Poros reduzidos!<\/li>\n<\/ol>\n<p>A Brigadeiro de Colher ainda conta com o <strong>Triplo Sistema de Hidrata\u00e7\u00e3o<\/strong>! Umecta\u00e7\u00e3o, Hidrata\u00e7\u00e3o Fisiol\u00f3gica e Oclus\u00e3o. Hidrata\u00e7\u00e3o super completa para a pele. Rico em \u00c1cido Hialur\u00f4nico.<\/p>\n<p>E para completar essa del\u00edcia, temos o <strong>THPE<\/strong> e seu efeito tensor imediato. Esse ativo faz os queratin\u00f3citos (c\u00e9lulas da epiderme) se contra\u00edrem na mesma hora. O resultado? Pele mais lisinha e firme em um instante!<\/p>\n<p>A Brigadeiro de Colher ainda vai com um mimo super especial. Um cart\u00e3o com sementes de Margarida que voc\u00ea pode plantar no potinho de vidro da sua m\u00e1scara, assim que ela acabar! Um jardim de Margaridas para voc\u00ea!<\/p>\n<p>A Brigadeiro de Colher foi desenvolvida com Nano Tecnologia. Os ativos s\u00e3o envoltos em uma c\u00e1psula lip\u00eddica que fazem os ativos penetrarem mais fundo na pele, entregando resultados muito mais efetivos.<\/p>\n<p>Lembre-se de sempre usar filtro solar quando estiver usando \u00e1cidos na pele!<\/p>\n<p><strong>Contra indicado para peles sens\u00edveis!<\/strong><\/p>\n<p>Vegano &#8211; Livre de petrolatos e parabenos &#8211; Embalagem de vidro<\/p>\n","protected":false},"excerpt":{"rendered":"<p>A M\u00e1scara Facial Brigadeiro de Colher da Maria Margarida, possui \u00c1cidos AHA + Tripla Hidrata\u00e7\u00e3o + Efeito Tensor Imediato! Uma f\u00f3rmula que preparamos com todo carinho. A Brigadeiro de Colher tem cheirinho e textura de Brigadeiro. Uma verdadeira del\u00edcia!<\/p>\n","protected":false},"featured_media":26602,"comment_status":"open","ping_status":"closed","template":"","meta":{"_mbp_gutenberg_autopost":false},"product_brand":[],"product_cat":[73,714,78,837,111],"product_tag":[145],"woo-feed-brand":[],"class_list":{"0":"post-15812","1":"product","2":"type-product","3":"status-publish","4":"has-post-thumbnail","6":"product_cat-maria-margarida","7":"product_cat-mascara-facial","8":"product_cat-rosto","9":"product_cat-skin-expert","10":"product_cat-skincare","11":"product_tag-maria-margarida","12":"yith_product_brand-maria-margarida","14":"first","15":"outofstock","16":"shipping-taxable","17":"purchasable","18":"product-type-simple"},"yoast_head":"<!-- This site is optimized with the Yoast SEO plugin v27.3 - https:\/\/yoast.com\/product\/yoast-seo-wordpress\/ -->\n<title>M\u00e1scara Facial Brigadeiro de Colher Maria Margarida - Loja DB Makeup<\/title>\n<meta name=\"description\" content=\"A M\u00e1scara Brigadeiro de Colher da Maria Margarida tem cheirinho e textura de Brigadeiro! Al\u00e9m dos seus benef\u00edcios para o seu skincare.\" \/>\n<meta name=\"robots\" content=\"index, follow, max-snippet:-1, max-image-preview:large, max-video-preview:-1\" \/>\n<link rel=\"canonical\" href=\"https:\/\/daniellebeatrizmakeup.com.br\/loja\/brigadeiro-de-colher-maria-margarida\/\" \/>\n<meta property=\"og:locale\" content=\"pt_BR\" \/>\n<meta property=\"og:type\" content=\"article\" \/>\n<meta property=\"og:title\" content=\"M\u00e1scara Facial Brigadeiro de Colher Maria Margarida - Loja DB Makeup\" \/>\n<meta property=\"og:description\" content=\"A M\u00e1scara Brigadeiro de Colher da Maria Margarida tem cheirinho e textura de Brigadeiro! Al\u00e9m dos seus benef\u00edcios para o seu skincare.\" \/>\n<meta property=\"og:url\" content=\"https:\/\/daniellebeatrizmakeup.com.br\/loja\/brigadeiro-de-colher-maria-margarida\/\" \/>\n<meta property=\"og:site_name\" content=\"Loja DB Makeup\" \/>\n<meta property=\"article:publisher\" content=\"https:\/\/www.facebook.com\/daniellebeatrizmakeup\" \/>\n<meta property=\"article:modified_time\" content=\"2024-07-22T21:46:24+00:00\" \/>\n<meta property=\"og:image\" content=\"https:\/\/daniellebeatrizmakeup.com.br\/loja\/wp-content\/uploads\/2021\/03\/mascara-facial-brigadeiro-de-colher-maria-margarida.jpg\" \/>\n\t<meta property=\"og:image:width\" content=\"1080\" \/>\n\t<meta property=\"og:image:height\" content=\"1080\" \/>\n\t<meta property=\"og:image:type\" content=\"image\/jpeg\" \/>\n<meta name=\"twitter:card\" content=\"summary_large_image\" \/>\n<meta name=\"twitter:site\" content=\"@danibetriz\" \/>\n<meta name=\"twitter:label1\" content=\"Est. tempo de leitura\" \/>\n\t<meta name=\"twitter:data1\" content=\"2 minutos\" \/>\n<script type=\"application\/ld+json\" class=\"yoast-schema-graph\">{\"@context\":\"https:\\\/\\\/schema.org\",\"@graph\":[{\"@type\":\"WebPage\",\"@id\":\"https:\\\/\\\/daniellebeatrizmakeup.com.br\\\/loja\\\/brigadeiro-de-colher-maria-margarida\\\/\",\"url\":\"https:\\\/\\\/daniellebeatrizmakeup.com.br\\\/loja\\\/brigadeiro-de-colher-maria-margarida\\\/\",\"name\":\"M\u00e1scara Facial Brigadeiro de Colher Maria Margarida - Loja DB Makeup\",\"isPartOf\":{\"@id\":\"https:\\\/\\\/daniellebeatrizmakeup.com.br\\\/loja\\\/#website\"},\"primaryImageOfPage\":{\"@id\":\"https:\\\/\\\/daniellebeatrizmakeup.com.br\\\/loja\\\/brigadeiro-de-colher-maria-margarida\\\/#primaryimage\"},\"image\":{\"@id\":\"https:\\\/\\\/daniellebeatrizmakeup.com.br\\\/loja\\\/brigadeiro-de-colher-maria-margarida\\\/#primaryimage\"},\"thumbnailUrl\":\"https:\\\/\\\/daniellebeatrizmakeup.com.br\\\/loja\\\/wp-content\\\/uploads\\\/2021\\\/03\\\/mascara-facial-brigadeiro-de-colher-maria-margarida.jpg\",\"datePublished\":\"2021-03-19T21:55:21+00:00\",\"dateModified\":\"2024-07-22T21:46:24+00:00\",\"description\":\"A M\u00e1scara Brigadeiro de Colher da Maria Margarida tem cheirinho e textura de Brigadeiro! Al\u00e9m dos seus benef\u00edcios para o seu skincare.\",\"breadcrumb\":{\"@id\":\"https:\\\/\\\/daniellebeatrizmakeup.com.br\\\/loja\\\/brigadeiro-de-colher-maria-margarida\\\/#breadcrumb\"},\"inLanguage\":\"pt-BR\",\"potentialAction\":[{\"@type\":\"ReadAction\",\"target\":[\"https:\\\/\\\/daniellebeatrizmakeup.com.br\\\/loja\\\/brigadeiro-de-colher-maria-margarida\\\/\"]}]},{\"@type\":\"ImageObject\",\"inLanguage\":\"pt-BR\",\"@id\":\"https:\\\/\\\/daniellebeatrizmakeup.com.br\\\/loja\\\/brigadeiro-de-colher-maria-margarida\\\/#primaryimage\",\"url\":\"https:\\\/\\\/daniellebeatrizmakeup.com.br\\\/loja\\\/wp-content\\\/uploads\\\/2021\\\/03\\\/mascara-facial-brigadeiro-de-colher-maria-margarida.jpg\",\"contentUrl\":\"https:\\\/\\\/daniellebeatrizmakeup.com.br\\\/loja\\\/wp-content\\\/uploads\\\/2021\\\/03\\\/mascara-facial-brigadeiro-de-colher-maria-margarida.jpg\",\"width\":1080,\"height\":1080},{\"@type\":\"BreadcrumbList\",\"@id\":\"https:\\\/\\\/daniellebeatrizmakeup.com.br\\\/loja\\\/brigadeiro-de-colher-maria-margarida\\\/#breadcrumb\",\"itemListElement\":[{\"@type\":\"ListItem\",\"position\":1,\"name\":\"In\u00edcio\",\"item\":\"https:\\\/\\\/daniellebeatrizmakeup.com.br\\\/loja\\\/\"},{\"@type\":\"ListItem\",\"position\":2,\"name\":\"Todos\",\"item\":\"https:\\\/\\\/daniellebeatrizmakeup.com.br\\\/loja\\\/todos\\\/\"},{\"@type\":\"ListItem\",\"position\":3,\"name\":\"M\u00e1scara Facial Brigadeiro de Colher Maria Margarida\"}]},{\"@type\":\"WebSite\",\"@id\":\"https:\\\/\\\/daniellebeatrizmakeup.com.br\\\/loja\\\/#website\",\"url\":\"https:\\\/\\\/daniellebeatrizmakeup.com.br\\\/loja\\\/\",\"name\":\"Loja DB Makeup\",\"description\":\"A melhor loja de maquiagem para real\u00e7ar a sua beleza\",\"publisher\":{\"@id\":\"https:\\\/\\\/daniellebeatrizmakeup.com.br\\\/loja\\\/#organization\"},\"potentialAction\":[{\"@type\":\"SearchAction\",\"target\":{\"@type\":\"EntryPoint\",\"urlTemplate\":\"https:\\\/\\\/daniellebeatrizmakeup.com.br\\\/loja\\\/?s={search_term_string}\"},\"query-input\":{\"@type\":\"PropertyValueSpecification\",\"valueRequired\":true,\"valueName\":\"search_term_string\"}}],\"inLanguage\":\"pt-BR\"},{\"@type\":\"Organization\",\"@id\":\"https:\\\/\\\/daniellebeatrizmakeup.com.br\\\/loja\\\/#organization\",\"name\":\"Danielle Beatriz Makeup\",\"url\":\"https:\\\/\\\/daniellebeatrizmakeup.com.br\\\/loja\\\/\",\"logo\":{\"@type\":\"ImageObject\",\"inLanguage\":\"pt-BR\",\"@id\":\"https:\\\/\\\/daniellebeatrizmakeup.com.br\\\/loja\\\/#\\\/schema\\\/logo\\\/image\\\/\",\"url\":\"https:\\\/\\\/daniellebeatrizmakeup.com.br\\\/loja\\\/wp-content\\\/uploads\\\/2020\\\/10\\\/logo-loja-db-makeup.png\",\"contentUrl\":\"https:\\\/\\\/daniellebeatrizmakeup.com.br\\\/loja\\\/wp-content\\\/uploads\\\/2020\\\/10\\\/logo-loja-db-makeup.png\",\"width\":500,\"height\":110,\"caption\":\"Danielle Beatriz Makeup\"},\"image\":{\"@id\":\"https:\\\/\\\/daniellebeatrizmakeup.com.br\\\/loja\\\/#\\\/schema\\\/logo\\\/image\\\/\"},\"sameAs\":[\"https:\\\/\\\/www.facebook.com\\\/daniellebeatrizmakeup\",\"https:\\\/\\\/x.com\\\/danibetriz\",\"https:\\\/\\\/www.instagram.com\\\/daniellebeatrizmakeup\",\"https:\\\/\\\/pinterest.com\\\/daniellebeatrizmakeup\",\"https:\\\/\\\/www.youtube.com\\\/DanielleBeatriz\"]}]}<\/script>\n<!-- \/ Yoast SEO plugin. -->","yoast_head_json":{"title":"M\u00e1scara Facial Brigadeiro de Colher Maria Margarida - Loja DB Makeup","description":"A M\u00e1scara Brigadeiro de Colher da Maria Margarida tem cheirinho e textura de Brigadeiro! Al\u00e9m dos seus benef\u00edcios para o seu skincare.","robots":{"index":"index","follow":"follow","max-snippet":"max-snippet:-1","max-image-preview":"max-image-preview:large","max-video-preview":"max-video-preview:-1"},"canonical":"https:\/\/daniellebeatrizmakeup.com.br\/loja\/brigadeiro-de-colher-maria-margarida\/","og_locale":"pt_BR","og_type":"article","og_title":"M\u00e1scara Facial Brigadeiro de Colher Maria Margarida - Loja DB Makeup","og_description":"A M\u00e1scara Brigadeiro de Colher da Maria Margarida tem cheirinho e textura de Brigadeiro! Al\u00e9m dos seus benef\u00edcios para o seu skincare.","og_url":"https:\/\/daniellebeatrizmakeup.com.br\/loja\/brigadeiro-de-colher-maria-margarida\/","og_site_name":"Loja DB Makeup","article_publisher":"https:\/\/www.facebook.com\/daniellebeatrizmakeup","article_modified_time":"2024-07-22T21:46:24+00:00","og_image":[{"width":1080,"height":1080,"url":"https:\/\/daniellebeatrizmakeup.com.br\/loja\/wp-content\/uploads\/2021\/03\/mascara-facial-brigadeiro-de-colher-maria-margarida.jpg","type":"image\/jpeg"}],"twitter_card":"summary_large_image","twitter_site":"@danibetriz","twitter_misc":{"Est. tempo de leitura":"2 minutos"},"schema":{"@context":"https:\/\/schema.org","@graph":[{"@type":"WebPage","@id":"https:\/\/daniellebeatrizmakeup.com.br\/loja\/brigadeiro-de-colher-maria-margarida\/","url":"https:\/\/daniellebeatrizmakeup.com.br\/loja\/brigadeiro-de-colher-maria-margarida\/","name":"M\u00e1scara Facial Brigadeiro de Colher Maria Margarida - Loja DB Makeup","isPartOf":{"@id":"https:\/\/daniellebeatrizmakeup.com.br\/loja\/#website"},"primaryImageOfPage":{"@id":"https:\/\/daniellebeatrizmakeup.com.br\/loja\/brigadeiro-de-colher-maria-margarida\/#primaryimage"},"image":{"@id":"https:\/\/daniellebeatrizmakeup.com.br\/loja\/brigadeiro-de-colher-maria-margarida\/#primaryimage"},"thumbnailUrl":"https:\/\/daniellebeatrizmakeup.com.br\/loja\/wp-content\/uploads\/2021\/03\/mascara-facial-brigadeiro-de-colher-maria-margarida.jpg","datePublished":"2021-03-19T21:55:21+00:00","dateModified":"2024-07-22T21:46:24+00:00","description":"A M\u00e1scara Brigadeiro de Colher da Maria Margarida tem cheirinho e textura de Brigadeiro! Al\u00e9m dos seus benef\u00edcios para o seu skincare.","breadcrumb":{"@id":"https:\/\/daniellebeatrizmakeup.com.br\/loja\/brigadeiro-de-colher-maria-margarida\/#breadcrumb"},"inLanguage":"pt-BR","potentialAction":[{"@type":"ReadAction","target":["https:\/\/daniellebeatrizmakeup.com.br\/loja\/brigadeiro-de-colher-maria-margarida\/"]}]},{"@type":"ImageObject","inLanguage":"pt-BR","@id":"https:\/\/daniellebeatrizmakeup.com.br\/loja\/brigadeiro-de-colher-maria-margarida\/#primaryimage","url":"https:\/\/daniellebeatrizmakeup.com.br\/loja\/wp-content\/uploads\/2021\/03\/mascara-facial-brigadeiro-de-colher-maria-margarida.jpg","contentUrl":"https:\/\/daniellebeatrizmakeup.com.br\/loja\/wp-content\/uploads\/2021\/03\/mascara-facial-brigadeiro-de-colher-maria-margarida.jpg","width":1080,"height":1080},{"@type":"BreadcrumbList","@id":"https:\/\/daniellebeatrizmakeup.com.br\/loja\/brigadeiro-de-colher-maria-margarida\/#breadcrumb","itemListElement":[{"@type":"ListItem","position":1,"name":"In\u00edcio","item":"https:\/\/daniellebeatrizmakeup.com.br\/loja\/"},{"@type":"ListItem","position":2,"name":"Todos","item":"https:\/\/daniellebeatrizmakeup.com.br\/loja\/todos\/"},{"@type":"ListItem","position":3,"name":"M\u00e1scara Facial Brigadeiro de Colher Maria Margarida"}]},{"@type":"WebSite","@id":"https:\/\/daniellebeatrizmakeup.com.br\/loja\/#website","url":"https:\/\/daniellebeatrizmakeup.com.br\/loja\/","name":"Loja DB Makeup","description":"A melhor loja de maquiagem para real\u00e7ar a sua beleza","publisher":{"@id":"https:\/\/daniellebeatrizmakeup.com.br\/loja\/#organization"},"potentialAction":[{"@type":"SearchAction","target":{"@type":"EntryPoint","urlTemplate":"https:\/\/daniellebeatrizmakeup.com.br\/loja\/?s={search_term_string}"},"query-input":{"@type":"PropertyValueSpecification","valueRequired":true,"valueName":"search_term_string"}}],"inLanguage":"pt-BR"},{"@type":"Organization","@id":"https:\/\/daniellebeatrizmakeup.com.br\/loja\/#organization","name":"Danielle Beatriz Makeup","url":"https:\/\/daniellebeatrizmakeup.com.br\/loja\/","logo":{"@type":"ImageObject","inLanguage":"pt-BR","@id":"https:\/\/daniellebeatrizmakeup.com.br\/loja\/#\/schema\/logo\/image\/","url":"https:\/\/daniellebeatrizmakeup.com.br\/loja\/wp-content\/uploads\/2020\/10\/logo-loja-db-makeup.png","contentUrl":"https:\/\/daniellebeatrizmakeup.com.br\/loja\/wp-content\/uploads\/2020\/10\/logo-loja-db-makeup.png","width":500,"height":110,"caption":"Danielle Beatriz Makeup"},"image":{"@id":"https:\/\/daniellebeatrizmakeup.com.br\/loja\/#\/schema\/logo\/image\/"},"sameAs":["https:\/\/www.facebook.com\/daniellebeatrizmakeup","https:\/\/x.com\/danibetriz","https:\/\/www.instagram.com\/daniellebeatrizmakeup","https:\/\/pinterest.com\/daniellebeatrizmakeup","https:\/\/www.youtube.com\/DanielleBeatriz"]}]}},"jetpack_sharing_enabled":true,"_links":{"self":[{"href":"https:\/\/daniellebeatrizmakeup.com.br\/loja\/wp-json\/wp\/v2\/product\/15812","targetHints":{"allow":["GET"]}}],"collection":[{"href":"https:\/\/daniellebeatrizmakeup.com.br\/loja\/wp-json\/wp\/v2\/product"}],"about":[{"href":"https:\/\/daniellebeatrizmakeup.com.br\/loja\/wp-json\/wp\/v2\/types\/product"}],"replies":[{"embeddable":true,"href":"https:\/\/daniellebeatrizmakeup.com.br\/loja\/wp-json\/wp\/v2\/comments?post=15812"}],"version-history":[{"count":6,"href":"https:\/\/daniellebeatrizmakeup.com.br\/loja\/wp-json\/wp\/v2\/product\/15812\/revisions"}],"predecessor-version":[{"id":56808,"href":"https:\/\/daniellebeatrizmakeup.com.br\/loja\/wp-json\/wp\/v2\/product\/15812\/revisions\/56808"}],"wp:featuredmedia":[{"embeddable":true,"href":"https:\/\/daniellebeatrizmakeup.com.br\/loja\/wp-json\/wp\/v2\/media\/26602"}],"wp:attachment":[{"href":"https:\/\/daniellebeatrizmakeup.com.br\/loja\/wp-json\/wp\/v2\/media?parent=15812"}],"wp:term":[{"taxonomy":"product_brand","embeddable":true,"href":"https:\/\/daniellebeatrizmakeup.com.br\/loja\/wp-json\/wp\/v2\/product_brand?post=15812"},{"taxonomy":"product_cat","embeddable":true,"href":"https:\/\/daniellebeatrizmakeup.com.br\/loja\/wp-json\/wp\/v2\/product_cat?post=15812"},{"taxonomy":"product_tag","embeddable":true,"href":"https:\/\/daniellebeatrizmakeup.com.br\/loja\/wp-json\/wp\/v2\/product_tag?post=15812"},{"taxonomy":"woo-feed-brand","embeddable":true,"href":"https:\/\/daniellebeatrizmakeup.com.br\/loja\/wp-json\/wp\/v2\/woo-feed-brand?post=15812"}],"curies":[{"name":"wp","href":"https:\/\/api.w.org\/{rel}","templated":true}]}}