{"id":15811,"date":"2021-03-19T18:47:13","date_gmt":"2021-03-19T21:47:13","guid":{"rendered":"https:\/\/loja.daniellebeatrizmakeup.com.br\/?post_type=product&#038;p=15811"},"modified":"2025-10-02T09:55:27","modified_gmt":"2025-10-02T12:55:27","slug":"hidratante-facial-hidra-melon-maria-margarida","status":"publish","type":"product","link":"https:\/\/daniellebeatrizmakeup.com.br\/loja\/hidratante-facial-hidra-melon-maria-margarida\/","title":{"rendered":"Hidratante Facial Hidra Melon Maria Margarida"},"content":{"rendered":"<p>O Hidratante Facial <a href=\"https:\/\/www.instagram.com\/p\/CLf4xWvhLrp\/\">Hidra Melon<\/a> da <a href=\"https:\/\/daniellebeatrizmakeup.com.br\/loja\/maria-margarida\/\">Maria Margarida<\/a> \u00e9 um super hidratante com textura Aqua Gel. Foi elaborado em especial para peles normais, mistas e oleosas. Toque sequinho e suave. Al\u00e9m de contar com o triplo sistema de hidrata\u00e7\u00e3o: umecta\u00e7\u00e3o, fisiol\u00f3gico e oclus\u00e3o.<\/p>\n<h2>Entre os ativos estrela do Hidratante Facial Hidra Melon est\u00e3o:<\/h2>\n<ul>\n<li><strong>Extrato Glic\u00f3lico de Melancia <\/strong>&#8211; rico em amino\u00e1cidos que ret\u00eam a hidrata\u00e7\u00e3o na pele e Vitamina A e C que garantem o combate aos radicais livres que causam o processo de envelhecimento e aparecimento de manchas na pele.<\/li>\n<li><strong>Extrato de Jasmin<\/strong> &#8211; com fun\u00e7\u00e3o antioxidante, contribui para o efeito clareador e luminoso da pele enquanto hidrata e acalma.<\/li>\n<li><strong>\u00c1cido Hialur\u00f4nico<\/strong> &#8211; um super umectante que \u00e9 capaz de atrair at\u00e9 1000x seu pr\u00f3prio peso em volume de \u00e1gua.<\/li>\n<\/ul>\n<h2>O que o Hidra Melon da Maria Margarida faz:<\/h2>\n<ul>\n<li>Hidrata\u00e7\u00e3o intensa;<\/li>\n<li>Prote\u00e7\u00e3o contra radicais livres que causam envelhecimento;<\/li>\n<li>Efeito antioxidante e clareador;<\/li>\n<li>Combate aparecimento de manchas.<\/li>\n<\/ul>\n<p><strong>Indicado para peles normais, mistas e oleosas.<\/strong><\/p>\n<p>Vegano &#8211; Livre de petrolatos e parabenos &#8211; Embalagem de vidro<\/p>\n","protected":false},"excerpt":{"rendered":"<p>O Hidratante Facial Hidra Melon da Maria Margarida \u00e9 um super hidratante com textura Aqua Gel. Foi especialmente elaborado para peles normais, mistas e oleosas. Toque sequinho e refrescante. Al\u00e9m de contar com o triplo sistema de hidrata\u00e7\u00e3o: umecta\u00e7\u00e3o, fisiol\u00f3gico e oclus\u00e3o.<\/p>\n","protected":false},"featured_media":26591,"comment_status":"open","ping_status":"closed","template":"","meta":{"_mbp_gutenberg_autopost":false},"product_brand":[],"product_cat":[723,712,73,722,78,837,111],"product_tag":[145],"woo-feed-brand":[],"class_list":{"0":"post-15811","1":"product","2":"type-product","3":"status-publish","4":"has-post-thumbnail","6":"product_cat-proximo-ao-vencimento","7":"product_cat-hidratante-facial","8":"product_cat-maria-margarida","9":"product_cat-promocao","10":"product_cat-rosto","11":"product_cat-skin-expert","12":"product_cat-skincare","13":"product_tag-maria-margarida","14":"yith_product_brand-maria-margarida","16":"first","17":"outofstock","18":"shipping-taxable","19":"purchasable","20":"product-type-simple"},"yoast_head":"<!-- This site is optimized with the Yoast SEO plugin v27.3 - https:\/\/yoast.com\/product\/yoast-seo-wordpress\/ -->\n<title>Hidratante Facial Hidra Melon Maria Margarida - Loja DB Makeup<\/title>\n<meta name=\"description\" content=\"O Hidratante Facial Hidra Melon da Maria Margarida \u00e9 um super hidratante com textura Aqua Gel elaborado para peles normais, mistas e oleosas.\" \/>\n<meta name=\"robots\" content=\"index, follow, max-snippet:-1, max-image-preview:large, max-video-preview:-1\" \/>\n<link rel=\"canonical\" href=\"https:\/\/daniellebeatrizmakeup.com.br\/loja\/hidratante-facial-hidra-melon-maria-margarida\/\" \/>\n<meta property=\"og:locale\" content=\"pt_BR\" \/>\n<meta property=\"og:type\" content=\"article\" \/>\n<meta property=\"og:title\" content=\"Hidratante Facial Hidra Melon Maria Margarida - Loja DB Makeup\" \/>\n<meta property=\"og:description\" content=\"O Hidratante Facial Hidra Melon da Maria Margarida \u00e9 um super hidratante com textura Aqua Gel elaborado para peles normais, mistas e oleosas.\" \/>\n<meta property=\"og:url\" content=\"https:\/\/daniellebeatrizmakeup.com.br\/loja\/hidratante-facial-hidra-melon-maria-margarida\/\" \/>\n<meta property=\"og:site_name\" content=\"Loja DB Makeup\" \/>\n<meta property=\"article:publisher\" content=\"https:\/\/www.facebook.com\/daniellebeatrizmakeup\" \/>\n<meta property=\"article:modified_time\" content=\"2025-10-02T12:55:27+00:00\" \/>\n<meta property=\"og:image\" content=\"https:\/\/daniellebeatrizmakeup.com.br\/loja\/wp-content\/uploads\/2021\/03\/hidratante-facial-hidramelon-maria-margarida.jpg\" \/>\n\t<meta property=\"og:image:width\" content=\"1080\" \/>\n\t<meta property=\"og:image:height\" content=\"1080\" \/>\n\t<meta property=\"og:image:type\" content=\"image\/jpeg\" \/>\n<meta name=\"twitter:card\" content=\"summary_large_image\" \/>\n<meta name=\"twitter:site\" content=\"@danibetriz\" \/>\n<meta name=\"twitter:label1\" content=\"Est. tempo de leitura\" \/>\n\t<meta name=\"twitter:data1\" content=\"1 minuto\" \/>\n<script type=\"application\/ld+json\" class=\"yoast-schema-graph\">{\"@context\":\"https:\\\/\\\/schema.org\",\"@graph\":[{\"@type\":\"WebPage\",\"@id\":\"https:\\\/\\\/daniellebeatrizmakeup.com.br\\\/loja\\\/hidratante-facial-hidra-melon-maria-margarida\\\/\",\"url\":\"https:\\\/\\\/daniellebeatrizmakeup.com.br\\\/loja\\\/hidratante-facial-hidra-melon-maria-margarida\\\/\",\"name\":\"Hidratante Facial Hidra Melon Maria Margarida - Loja DB Makeup\",\"isPartOf\":{\"@id\":\"https:\\\/\\\/daniellebeatrizmakeup.com.br\\\/loja\\\/#website\"},\"primaryImageOfPage\":{\"@id\":\"https:\\\/\\\/daniellebeatrizmakeup.com.br\\\/loja\\\/hidratante-facial-hidra-melon-maria-margarida\\\/#primaryimage\"},\"image\":{\"@id\":\"https:\\\/\\\/daniellebeatrizmakeup.com.br\\\/loja\\\/hidratante-facial-hidra-melon-maria-margarida\\\/#primaryimage\"},\"thumbnailUrl\":\"https:\\\/\\\/daniellebeatrizmakeup.com.br\\\/loja\\\/wp-content\\\/uploads\\\/2021\\\/03\\\/hidratante-facial-hidramelon-maria-margarida.jpg\",\"datePublished\":\"2021-03-19T21:47:13+00:00\",\"dateModified\":\"2025-10-02T12:55:27+00:00\",\"description\":\"O Hidratante Facial Hidra Melon da Maria Margarida \u00e9 um super hidratante com textura Aqua Gel elaborado para peles normais, mistas e oleosas.\",\"breadcrumb\":{\"@id\":\"https:\\\/\\\/daniellebeatrizmakeup.com.br\\\/loja\\\/hidratante-facial-hidra-melon-maria-margarida\\\/#breadcrumb\"},\"inLanguage\":\"pt-BR\",\"potentialAction\":[{\"@type\":\"ReadAction\",\"target\":[\"https:\\\/\\\/daniellebeatrizmakeup.com.br\\\/loja\\\/hidratante-facial-hidra-melon-maria-margarida\\\/\"]}]},{\"@type\":\"ImageObject\",\"inLanguage\":\"pt-BR\",\"@id\":\"https:\\\/\\\/daniellebeatrizmakeup.com.br\\\/loja\\\/hidratante-facial-hidra-melon-maria-margarida\\\/#primaryimage\",\"url\":\"https:\\\/\\\/daniellebeatrizmakeup.com.br\\\/loja\\\/wp-content\\\/uploads\\\/2021\\\/03\\\/hidratante-facial-hidramelon-maria-margarida.jpg\",\"contentUrl\":\"https:\\\/\\\/daniellebeatrizmakeup.com.br\\\/loja\\\/wp-content\\\/uploads\\\/2021\\\/03\\\/hidratante-facial-hidramelon-maria-margarida.jpg\",\"width\":1080,\"height\":1080,\"caption\":\"Hidratante Facil Hidra Melon Maria Margarida\"},{\"@type\":\"BreadcrumbList\",\"@id\":\"https:\\\/\\\/daniellebeatrizmakeup.com.br\\\/loja\\\/hidratante-facial-hidra-melon-maria-margarida\\\/#breadcrumb\",\"itemListElement\":[{\"@type\":\"ListItem\",\"position\":1,\"name\":\"In\u00edcio\",\"item\":\"https:\\\/\\\/daniellebeatrizmakeup.com.br\\\/loja\\\/\"},{\"@type\":\"ListItem\",\"position\":2,\"name\":\"Todos\",\"item\":\"https:\\\/\\\/daniellebeatrizmakeup.com.br\\\/loja\\\/todos\\\/\"},{\"@type\":\"ListItem\",\"position\":3,\"name\":\"Hidratante Facial Hidra Melon Maria Margarida\"}]},{\"@type\":\"WebSite\",\"@id\":\"https:\\\/\\\/daniellebeatrizmakeup.com.br\\\/loja\\\/#website\",\"url\":\"https:\\\/\\\/daniellebeatrizmakeup.com.br\\\/loja\\\/\",\"name\":\"Loja DB Makeup\",\"description\":\"A melhor loja de maquiagem para real\u00e7ar a sua beleza\",\"publisher\":{\"@id\":\"https:\\\/\\\/daniellebeatrizmakeup.com.br\\\/loja\\\/#organization\"},\"potentialAction\":[{\"@type\":\"SearchAction\",\"target\":{\"@type\":\"EntryPoint\",\"urlTemplate\":\"https:\\\/\\\/daniellebeatrizmakeup.com.br\\\/loja\\\/?s={search_term_string}\"},\"query-input\":{\"@type\":\"PropertyValueSpecification\",\"valueRequired\":true,\"valueName\":\"search_term_string\"}}],\"inLanguage\":\"pt-BR\"},{\"@type\":\"Organization\",\"@id\":\"https:\\\/\\\/daniellebeatrizmakeup.com.br\\\/loja\\\/#organization\",\"name\":\"Danielle Beatriz Makeup\",\"url\":\"https:\\\/\\\/daniellebeatrizmakeup.com.br\\\/loja\\\/\",\"logo\":{\"@type\":\"ImageObject\",\"inLanguage\":\"pt-BR\",\"@id\":\"https:\\\/\\\/daniellebeatrizmakeup.com.br\\\/loja\\\/#\\\/schema\\\/logo\\\/image\\\/\",\"url\":\"https:\\\/\\\/daniellebeatrizmakeup.com.br\\\/loja\\\/wp-content\\\/uploads\\\/2020\\\/10\\\/logo-loja-db-makeup.png\",\"contentUrl\":\"https:\\\/\\\/daniellebeatrizmakeup.com.br\\\/loja\\\/wp-content\\\/uploads\\\/2020\\\/10\\\/logo-loja-db-makeup.png\",\"width\":500,\"height\":110,\"caption\":\"Danielle Beatriz Makeup\"},\"image\":{\"@id\":\"https:\\\/\\\/daniellebeatrizmakeup.com.br\\\/loja\\\/#\\\/schema\\\/logo\\\/image\\\/\"},\"sameAs\":[\"https:\\\/\\\/www.facebook.com\\\/daniellebeatrizmakeup\",\"https:\\\/\\\/x.com\\\/danibetriz\",\"https:\\\/\\\/www.instagram.com\\\/daniellebeatrizmakeup\",\"https:\\\/\\\/pinterest.com\\\/daniellebeatrizmakeup\",\"https:\\\/\\\/www.youtube.com\\\/DanielleBeatriz\"]}]}<\/script>\n<!-- \/ Yoast SEO plugin. -->","yoast_head_json":{"title":"Hidratante Facial Hidra Melon Maria Margarida - Loja DB Makeup","description":"O Hidratante Facial Hidra Melon da Maria Margarida \u00e9 um super hidratante com textura Aqua Gel elaborado para peles normais, mistas e oleosas.","robots":{"index":"index","follow":"follow","max-snippet":"max-snippet:-1","max-image-preview":"max-image-preview:large","max-video-preview":"max-video-preview:-1"},"canonical":"https:\/\/daniellebeatrizmakeup.com.br\/loja\/hidratante-facial-hidra-melon-maria-margarida\/","og_locale":"pt_BR","og_type":"article","og_title":"Hidratante Facial Hidra Melon Maria Margarida - Loja DB Makeup","og_description":"O Hidratante Facial Hidra Melon da Maria Margarida \u00e9 um super hidratante com textura Aqua Gel elaborado para peles normais, mistas e oleosas.","og_url":"https:\/\/daniellebeatrizmakeup.com.br\/loja\/hidratante-facial-hidra-melon-maria-margarida\/","og_site_name":"Loja DB Makeup","article_publisher":"https:\/\/www.facebook.com\/daniellebeatrizmakeup","article_modified_time":"2025-10-02T12:55:27+00:00","og_image":[{"width":1080,"height":1080,"url":"https:\/\/daniellebeatrizmakeup.com.br\/loja\/wp-content\/uploads\/2021\/03\/hidratante-facial-hidramelon-maria-margarida.jpg","type":"image\/jpeg"}],"twitter_card":"summary_large_image","twitter_site":"@danibetriz","twitter_misc":{"Est. tempo de leitura":"1 minuto"},"schema":{"@context":"https:\/\/schema.org","@graph":[{"@type":"WebPage","@id":"https:\/\/daniellebeatrizmakeup.com.br\/loja\/hidratante-facial-hidra-melon-maria-margarida\/","url":"https:\/\/daniellebeatrizmakeup.com.br\/loja\/hidratante-facial-hidra-melon-maria-margarida\/","name":"Hidratante Facial Hidra Melon Maria Margarida - Loja DB Makeup","isPartOf":{"@id":"https:\/\/daniellebeatrizmakeup.com.br\/loja\/#website"},"primaryImageOfPage":{"@id":"https:\/\/daniellebeatrizmakeup.com.br\/loja\/hidratante-facial-hidra-melon-maria-margarida\/#primaryimage"},"image":{"@id":"https:\/\/daniellebeatrizmakeup.com.br\/loja\/hidratante-facial-hidra-melon-maria-margarida\/#primaryimage"},"thumbnailUrl":"https:\/\/daniellebeatrizmakeup.com.br\/loja\/wp-content\/uploads\/2021\/03\/hidratante-facial-hidramelon-maria-margarida.jpg","datePublished":"2021-03-19T21:47:13+00:00","dateModified":"2025-10-02T12:55:27+00:00","description":"O Hidratante Facial Hidra Melon da Maria Margarida \u00e9 um super hidratante com textura Aqua Gel elaborado para peles normais, mistas e oleosas.","breadcrumb":{"@id":"https:\/\/daniellebeatrizmakeup.com.br\/loja\/hidratante-facial-hidra-melon-maria-margarida\/#breadcrumb"},"inLanguage":"pt-BR","potentialAction":[{"@type":"ReadAction","target":["https:\/\/daniellebeatrizmakeup.com.br\/loja\/hidratante-facial-hidra-melon-maria-margarida\/"]}]},{"@type":"ImageObject","inLanguage":"pt-BR","@id":"https:\/\/daniellebeatrizmakeup.com.br\/loja\/hidratante-facial-hidra-melon-maria-margarida\/#primaryimage","url":"https:\/\/daniellebeatrizmakeup.com.br\/loja\/wp-content\/uploads\/2021\/03\/hidratante-facial-hidramelon-maria-margarida.jpg","contentUrl":"https:\/\/daniellebeatrizmakeup.com.br\/loja\/wp-content\/uploads\/2021\/03\/hidratante-facial-hidramelon-maria-margarida.jpg","width":1080,"height":1080,"caption":"Hidratante Facil Hidra Melon Maria Margarida"},{"@type":"BreadcrumbList","@id":"https:\/\/daniellebeatrizmakeup.com.br\/loja\/hidratante-facial-hidra-melon-maria-margarida\/#breadcrumb","itemListElement":[{"@type":"ListItem","position":1,"name":"In\u00edcio","item":"https:\/\/daniellebeatrizmakeup.com.br\/loja\/"},{"@type":"ListItem","position":2,"name":"Todos","item":"https:\/\/daniellebeatrizmakeup.com.br\/loja\/todos\/"},{"@type":"ListItem","position":3,"name":"Hidratante Facial Hidra Melon Maria Margarida"}]},{"@type":"WebSite","@id":"https:\/\/daniellebeatrizmakeup.com.br\/loja\/#website","url":"https:\/\/daniellebeatrizmakeup.com.br\/loja\/","name":"Loja DB Makeup","description":"A melhor loja de maquiagem para real\u00e7ar a sua beleza","publisher":{"@id":"https:\/\/daniellebeatrizmakeup.com.br\/loja\/#organization"},"potentialAction":[{"@type":"SearchAction","target":{"@type":"EntryPoint","urlTemplate":"https:\/\/daniellebeatrizmakeup.com.br\/loja\/?s={search_term_string}"},"query-input":{"@type":"PropertyValueSpecification","valueRequired":true,"valueName":"search_term_string"}}],"inLanguage":"pt-BR"},{"@type":"Organization","@id":"https:\/\/daniellebeatrizmakeup.com.br\/loja\/#organization","name":"Danielle Beatriz Makeup","url":"https:\/\/daniellebeatrizmakeup.com.br\/loja\/","logo":{"@type":"ImageObject","inLanguage":"pt-BR","@id":"https:\/\/daniellebeatrizmakeup.com.br\/loja\/#\/schema\/logo\/image\/","url":"https:\/\/daniellebeatrizmakeup.com.br\/loja\/wp-content\/uploads\/2020\/10\/logo-loja-db-makeup.png","contentUrl":"https:\/\/daniellebeatrizmakeup.com.br\/loja\/wp-content\/uploads\/2020\/10\/logo-loja-db-makeup.png","width":500,"height":110,"caption":"Danielle Beatriz Makeup"},"image":{"@id":"https:\/\/daniellebeatrizmakeup.com.br\/loja\/#\/schema\/logo\/image\/"},"sameAs":["https:\/\/www.facebook.com\/daniellebeatrizmakeup","https:\/\/x.com\/danibetriz","https:\/\/www.instagram.com\/daniellebeatrizmakeup","https:\/\/pinterest.com\/daniellebeatrizmakeup","https:\/\/www.youtube.com\/DanielleBeatriz"]}]}},"jetpack_sharing_enabled":true,"_links":{"self":[{"href":"https:\/\/daniellebeatrizmakeup.com.br\/loja\/wp-json\/wp\/v2\/product\/15811","targetHints":{"allow":["GET"]}}],"collection":[{"href":"https:\/\/daniellebeatrizmakeup.com.br\/loja\/wp-json\/wp\/v2\/product"}],"about":[{"href":"https:\/\/daniellebeatrizmakeup.com.br\/loja\/wp-json\/wp\/v2\/types\/product"}],"replies":[{"embeddable":true,"href":"https:\/\/daniellebeatrizmakeup.com.br\/loja\/wp-json\/wp\/v2\/comments?post=15811"}],"version-history":[{"count":2,"href":"https:\/\/daniellebeatrizmakeup.com.br\/loja\/wp-json\/wp\/v2\/product\/15811\/revisions"}],"predecessor-version":[{"id":54767,"href":"https:\/\/daniellebeatrizmakeup.com.br\/loja\/wp-json\/wp\/v2\/product\/15811\/revisions\/54767"}],"wp:featuredmedia":[{"embeddable":true,"href":"https:\/\/daniellebeatrizmakeup.com.br\/loja\/wp-json\/wp\/v2\/media\/26591"}],"wp:attachment":[{"href":"https:\/\/daniellebeatrizmakeup.com.br\/loja\/wp-json\/wp\/v2\/media?parent=15811"}],"wp:term":[{"taxonomy":"product_brand","embeddable":true,"href":"https:\/\/daniellebeatrizmakeup.com.br\/loja\/wp-json\/wp\/v2\/product_brand?post=15811"},{"taxonomy":"product_cat","embeddable":true,"href":"https:\/\/daniellebeatrizmakeup.com.br\/loja\/wp-json\/wp\/v2\/product_cat?post=15811"},{"taxonomy":"product_tag","embeddable":true,"href":"https:\/\/daniellebeatrizmakeup.com.br\/loja\/wp-json\/wp\/v2\/product_tag?post=15811"},{"taxonomy":"woo-feed-brand","embeddable":true,"href":"https:\/\/daniellebeatrizmakeup.com.br\/loja\/wp-json\/wp\/v2\/woo-feed-brand?post=15811"}],"curies":[{"name":"wp","href":"https:\/\/api.w.org\/{rel}","templated":true}]}}