{"id":15810,"date":"2021-03-19T18:31:13","date_gmt":"2021-03-19T21:31:13","guid":{"rendered":"https:\/\/loja.daniellebeatrizmakeup.com.br\/?post_type=product&#038;p=15810"},"modified":"2024-07-22T18:46:26","modified_gmt":"2024-07-22T21:46:26","slug":"hidratante-facial-hidra-plus-maria-margarida","status":"publish","type":"product","link":"https:\/\/daniellebeatrizmakeup.com.br\/loja\/hidratante-facial-hidra-plus-maria-margarida\/","title":{"rendered":"Hidratante Facial Hidra Plus Maria Margarida"},"content":{"rendered":"<p>O Hidratante Facial <a href=\"https:\/\/www.instagram.com\/p\/CLf4xWvhLrp\/\">Hidra Plus<\/a> da <a href=\"https:\/\/daniellebeatrizmakeup.com.br\/loja\/maria-margarida\/\">Maria Margarida<\/a> foi desenvolvido em especial para trabalhar os tr\u00eas pilares da hidrata\u00e7\u00e3o: Umecta\u00e7\u00e3o, Hidrata\u00e7\u00e3o Fisiol\u00f3gica e Oclus\u00e3o. O Hidra Plus ainda conta com a fun\u00e7\u00e3o pr\u00e9 bi\u00f3tica da Inulina! Esse super ativo funciona como uma esp\u00e9cie de alimento para a microbiota para pele. Um conjunto de microrganismos que vivem na nossa pele e s\u00e3o essenciais no combate a bact\u00e9rias e outro microrganismos que podem causar acne e outros tipos de inflama\u00e7\u00e3o.<\/p>\n<p>Um super hidratante que ainda conta com toque suave e sequinho. Nada de pele grudenta!<\/p>\n<h2>Principais ativos do Hidratante Facial Hidra Plus<\/h2>\n<p>Desenvolvido com Nano Tecnologia. Os ativos s\u00e3o envolvidos com uma c\u00e1psula lip\u00eddica que fazem os ativos penetrarem mais profundamente na pele, entregando resultados muito mais efetivos.<\/p>\n<p><strong>Umecta\u00e7\u00e3o <\/strong>&#8211; \u00e9 a respons\u00e1vel pela atra\u00e7\u00e3o de \u00e1gua para a pele. O Panthenol e a Glicerina fazem esse trabalho com maestria.<\/p>\n<p><strong>Hidrata\u00e7\u00e3o Fisiol\u00f3gica<\/strong> &#8211; a pele produz naturalmente o Fator de Hidrata\u00e7\u00e3o Natural (FNH). Um conjunto de componentes qu\u00edmicos respons\u00e1veis por reter a hidrata\u00e7\u00e3o na pele, se ligando \u00e0s mol\u00e9culas de \u00e1gua, evitando sua perda. \u00c9 essencial que seu hidratante reponha o FNH e nessa formula\u00e7\u00e3o o S\u00f3dio PCA faz essa fun\u00e7\u00e3o como ningu\u00e9m! Ele ajuda a manter a pele hidratada e flex\u00edvel mesmo em condi\u00e7\u00f5es de baixa umidade relativa. O Hidra Plus ainda conta o Extrato Glic\u00f3lico de Aveia respons\u00e1vel por repor minerais do FNH como o C\u00e1lcio, Magn\u00e9sico, entre outros.<\/p>\n<p><strong>Oclus\u00e3o <\/strong>&#8211; a pele tem uma barreira de prote\u00e7\u00e3o composta por ceramidas e \u00e1cidos graxos. Essa barreira lip\u00eddica funciona como uma esp\u00e9cie de escudo! Evitando que a \u00e1gua dentro da pele evapore para o meio externo e evitando que a pele seja agredida por fatores externos. O Hidra Plus recomp\u00f5e a barreira lip\u00eddica com Ceramidas, \u00d3leo de Jojoba e Manteiga de Karit\u00e9.<\/p>\n<p><strong>Indicado para peles normais e secas<\/strong><\/p>\n<p>Vegano &#8211; Livre de petrolatos e parabenos &#8211; Embalagem de vidro<\/p>\n","protected":false},"excerpt":{"rendered":"<p>O Hidratante Facial Hidra Plus da Maria Margarida foi desenvolvido em especial para trabalhar os tr\u00eas pilares da hidrata\u00e7\u00e3o: Umecta\u00e7\u00e3o, Hidrata\u00e7\u00e3o Fisiol\u00f3gica e Oclus\u00e3o. O Hidra Plus ainda conta com a fun\u00e7\u00e3o pr\u00e9 bi\u00f3tica da Inulina! Esse super ativo funciona como uma esp\u00e9cie de alimento para a microbiota para pele. Um conjunto de microrganismos que vivem na nossa pele e s\u00e3o essenciais no combate a bact\u00e9rias e outro microrganismos que podem causar acne e outros tipos de inflama\u00e7\u00e3o.<\/p>\n<p>Um super hidratante que ainda conta com toque suave e sequinho. Nada de pele grudenta!<\/p>\n<p>&nbsp;<\/p>\n","protected":false},"featured_media":26606,"comment_status":"open","ping_status":"closed","template":"","meta":{"_mbp_gutenberg_autopost":false},"product_brand":[],"product_cat":[712,73,78,837,111],"product_tag":[145],"woo-feed-brand":[],"class_list":{"0":"post-15810","1":"product","2":"type-product","3":"status-publish","4":"has-post-thumbnail","6":"product_cat-hidratante-facial","7":"product_cat-maria-margarida","8":"product_cat-rosto","9":"product_cat-skin-expert","10":"product_cat-skincare","11":"product_tag-maria-margarida","12":"yith_product_brand-maria-margarida","14":"first","15":"outofstock","16":"shipping-taxable","17":"purchasable","18":"product-type-simple"},"yoast_head":"<!-- This site is optimized with the Yoast SEO plugin v27.3 - https:\/\/yoast.com\/product\/yoast-seo-wordpress\/ -->\n<title>Hidratante Facial Hidra Plus Maria Margarida - Loja DB Makeup<\/title>\n<meta name=\"description\" content=\"O Hidratante Facial Hidra Plus da Maria Margarida conta com toque suave e sequinho. Nada de pele grudenta! Pele Normal a Seca.\" \/>\n<meta name=\"robots\" content=\"index, follow, max-snippet:-1, max-image-preview:large, max-video-preview:-1\" \/>\n<link rel=\"canonical\" href=\"https:\/\/daniellebeatrizmakeup.com.br\/loja\/hidratante-facial-hidra-plus-maria-margarida\/\" \/>\n<meta property=\"og:locale\" content=\"pt_BR\" \/>\n<meta property=\"og:type\" content=\"article\" \/>\n<meta property=\"og:title\" content=\"Hidratante Facial Hidra Plus Maria Margarida - Loja DB Makeup\" \/>\n<meta property=\"og:description\" content=\"O Hidratante Facial Hidra Plus da Maria Margarida conta com toque suave e sequinho. Nada de pele grudenta! Pele Normal a Seca.\" \/>\n<meta property=\"og:url\" content=\"https:\/\/daniellebeatrizmakeup.com.br\/loja\/hidratante-facial-hidra-plus-maria-margarida\/\" \/>\n<meta property=\"og:site_name\" content=\"Loja DB Makeup\" \/>\n<meta property=\"article:publisher\" content=\"https:\/\/www.facebook.com\/daniellebeatrizmakeup\" \/>\n<meta property=\"article:modified_time\" content=\"2024-07-22T21:46:26+00:00\" \/>\n<meta property=\"og:image\" content=\"https:\/\/daniellebeatrizmakeup.com.br\/loja\/wp-content\/uploads\/2021\/03\/hidratante-facial-hidra-plus-maria-margarida.jpg\" \/>\n\t<meta property=\"og:image:width\" content=\"1080\" \/>\n\t<meta property=\"og:image:height\" content=\"1080\" \/>\n\t<meta property=\"og:image:type\" content=\"image\/jpeg\" \/>\n<meta name=\"twitter:card\" content=\"summary_large_image\" \/>\n<meta name=\"twitter:site\" content=\"@danibetriz\" \/>\n<meta name=\"twitter:label1\" content=\"Est. tempo de leitura\" \/>\n\t<meta name=\"twitter:data1\" content=\"2 minutos\" \/>\n<script type=\"application\/ld+json\" class=\"yoast-schema-graph\">{\"@context\":\"https:\\\/\\\/schema.org\",\"@graph\":[{\"@type\":\"WebPage\",\"@id\":\"https:\\\/\\\/daniellebeatrizmakeup.com.br\\\/loja\\\/hidratante-facial-hidra-plus-maria-margarida\\\/\",\"url\":\"https:\\\/\\\/daniellebeatrizmakeup.com.br\\\/loja\\\/hidratante-facial-hidra-plus-maria-margarida\\\/\",\"name\":\"Hidratante Facial Hidra Plus Maria Margarida - Loja DB Makeup\",\"isPartOf\":{\"@id\":\"https:\\\/\\\/daniellebeatrizmakeup.com.br\\\/loja\\\/#website\"},\"primaryImageOfPage\":{\"@id\":\"https:\\\/\\\/daniellebeatrizmakeup.com.br\\\/loja\\\/hidratante-facial-hidra-plus-maria-margarida\\\/#primaryimage\"},\"image\":{\"@id\":\"https:\\\/\\\/daniellebeatrizmakeup.com.br\\\/loja\\\/hidratante-facial-hidra-plus-maria-margarida\\\/#primaryimage\"},\"thumbnailUrl\":\"https:\\\/\\\/daniellebeatrizmakeup.com.br\\\/loja\\\/wp-content\\\/uploads\\\/2021\\\/03\\\/hidratante-facial-hidra-plus-maria-margarida.jpg\",\"datePublished\":\"2021-03-19T21:31:13+00:00\",\"dateModified\":\"2024-07-22T21:46:26+00:00\",\"description\":\"O Hidratante Facial Hidra Plus da Maria Margarida conta com toque suave e sequinho. Nada de pele grudenta! Pele Normal a Seca.\",\"breadcrumb\":{\"@id\":\"https:\\\/\\\/daniellebeatrizmakeup.com.br\\\/loja\\\/hidratante-facial-hidra-plus-maria-margarida\\\/#breadcrumb\"},\"inLanguage\":\"pt-BR\",\"potentialAction\":[{\"@type\":\"ReadAction\",\"target\":[\"https:\\\/\\\/daniellebeatrizmakeup.com.br\\\/loja\\\/hidratante-facial-hidra-plus-maria-margarida\\\/\"]}]},{\"@type\":\"ImageObject\",\"inLanguage\":\"pt-BR\",\"@id\":\"https:\\\/\\\/daniellebeatrizmakeup.com.br\\\/loja\\\/hidratante-facial-hidra-plus-maria-margarida\\\/#primaryimage\",\"url\":\"https:\\\/\\\/daniellebeatrizmakeup.com.br\\\/loja\\\/wp-content\\\/uploads\\\/2021\\\/03\\\/hidratante-facial-hidra-plus-maria-margarida.jpg\",\"contentUrl\":\"https:\\\/\\\/daniellebeatrizmakeup.com.br\\\/loja\\\/wp-content\\\/uploads\\\/2021\\\/03\\\/hidratante-facial-hidra-plus-maria-margarida.jpg\",\"width\":1080,\"height\":1080},{\"@type\":\"BreadcrumbList\",\"@id\":\"https:\\\/\\\/daniellebeatrizmakeup.com.br\\\/loja\\\/hidratante-facial-hidra-plus-maria-margarida\\\/#breadcrumb\",\"itemListElement\":[{\"@type\":\"ListItem\",\"position\":1,\"name\":\"In\u00edcio\",\"item\":\"https:\\\/\\\/daniellebeatrizmakeup.com.br\\\/loja\\\/\"},{\"@type\":\"ListItem\",\"position\":2,\"name\":\"Todos\",\"item\":\"https:\\\/\\\/daniellebeatrizmakeup.com.br\\\/loja\\\/todos\\\/\"},{\"@type\":\"ListItem\",\"position\":3,\"name\":\"Hidratante Facial Hidra Plus Maria Margarida\"}]},{\"@type\":\"WebSite\",\"@id\":\"https:\\\/\\\/daniellebeatrizmakeup.com.br\\\/loja\\\/#website\",\"url\":\"https:\\\/\\\/daniellebeatrizmakeup.com.br\\\/loja\\\/\",\"name\":\"Loja DB Makeup\",\"description\":\"A melhor loja de maquiagem para real\u00e7ar a sua beleza\",\"publisher\":{\"@id\":\"https:\\\/\\\/daniellebeatrizmakeup.com.br\\\/loja\\\/#organization\"},\"potentialAction\":[{\"@type\":\"SearchAction\",\"target\":{\"@type\":\"EntryPoint\",\"urlTemplate\":\"https:\\\/\\\/daniellebeatrizmakeup.com.br\\\/loja\\\/?s={search_term_string}\"},\"query-input\":{\"@type\":\"PropertyValueSpecification\",\"valueRequired\":true,\"valueName\":\"search_term_string\"}}],\"inLanguage\":\"pt-BR\"},{\"@type\":\"Organization\",\"@id\":\"https:\\\/\\\/daniellebeatrizmakeup.com.br\\\/loja\\\/#organization\",\"name\":\"Danielle Beatriz Makeup\",\"url\":\"https:\\\/\\\/daniellebeatrizmakeup.com.br\\\/loja\\\/\",\"logo\":{\"@type\":\"ImageObject\",\"inLanguage\":\"pt-BR\",\"@id\":\"https:\\\/\\\/daniellebeatrizmakeup.com.br\\\/loja\\\/#\\\/schema\\\/logo\\\/image\\\/\",\"url\":\"https:\\\/\\\/daniellebeatrizmakeup.com.br\\\/loja\\\/wp-content\\\/uploads\\\/2020\\\/10\\\/logo-loja-db-makeup.png\",\"contentUrl\":\"https:\\\/\\\/daniellebeatrizmakeup.com.br\\\/loja\\\/wp-content\\\/uploads\\\/2020\\\/10\\\/logo-loja-db-makeup.png\",\"width\":500,\"height\":110,\"caption\":\"Danielle Beatriz Makeup\"},\"image\":{\"@id\":\"https:\\\/\\\/daniellebeatrizmakeup.com.br\\\/loja\\\/#\\\/schema\\\/logo\\\/image\\\/\"},\"sameAs\":[\"https:\\\/\\\/www.facebook.com\\\/daniellebeatrizmakeup\",\"https:\\\/\\\/x.com\\\/danibetriz\",\"https:\\\/\\\/www.instagram.com\\\/daniellebeatrizmakeup\",\"https:\\\/\\\/pinterest.com\\\/daniellebeatrizmakeup\",\"https:\\\/\\\/www.youtube.com\\\/DanielleBeatriz\"]}]}<\/script>\n<!-- \/ Yoast SEO plugin. -->","yoast_head_json":{"title":"Hidratante Facial Hidra Plus Maria Margarida - Loja DB Makeup","description":"O Hidratante Facial Hidra Plus da Maria Margarida conta com toque suave e sequinho. Nada de pele grudenta! Pele Normal a Seca.","robots":{"index":"index","follow":"follow","max-snippet":"max-snippet:-1","max-image-preview":"max-image-preview:large","max-video-preview":"max-video-preview:-1"},"canonical":"https:\/\/daniellebeatrizmakeup.com.br\/loja\/hidratante-facial-hidra-plus-maria-margarida\/","og_locale":"pt_BR","og_type":"article","og_title":"Hidratante Facial Hidra Plus Maria Margarida - Loja DB Makeup","og_description":"O Hidratante Facial Hidra Plus da Maria Margarida conta com toque suave e sequinho. Nada de pele grudenta! Pele Normal a Seca.","og_url":"https:\/\/daniellebeatrizmakeup.com.br\/loja\/hidratante-facial-hidra-plus-maria-margarida\/","og_site_name":"Loja DB Makeup","article_publisher":"https:\/\/www.facebook.com\/daniellebeatrizmakeup","article_modified_time":"2024-07-22T21:46:26+00:00","og_image":[{"width":1080,"height":1080,"url":"https:\/\/daniellebeatrizmakeup.com.br\/loja\/wp-content\/uploads\/2021\/03\/hidratante-facial-hidra-plus-maria-margarida.jpg","type":"image\/jpeg"}],"twitter_card":"summary_large_image","twitter_site":"@danibetriz","twitter_misc":{"Est. tempo de leitura":"2 minutos"},"schema":{"@context":"https:\/\/schema.org","@graph":[{"@type":"WebPage","@id":"https:\/\/daniellebeatrizmakeup.com.br\/loja\/hidratante-facial-hidra-plus-maria-margarida\/","url":"https:\/\/daniellebeatrizmakeup.com.br\/loja\/hidratante-facial-hidra-plus-maria-margarida\/","name":"Hidratante Facial Hidra Plus Maria Margarida - Loja DB Makeup","isPartOf":{"@id":"https:\/\/daniellebeatrizmakeup.com.br\/loja\/#website"},"primaryImageOfPage":{"@id":"https:\/\/daniellebeatrizmakeup.com.br\/loja\/hidratante-facial-hidra-plus-maria-margarida\/#primaryimage"},"image":{"@id":"https:\/\/daniellebeatrizmakeup.com.br\/loja\/hidratante-facial-hidra-plus-maria-margarida\/#primaryimage"},"thumbnailUrl":"https:\/\/daniellebeatrizmakeup.com.br\/loja\/wp-content\/uploads\/2021\/03\/hidratante-facial-hidra-plus-maria-margarida.jpg","datePublished":"2021-03-19T21:31:13+00:00","dateModified":"2024-07-22T21:46:26+00:00","description":"O Hidratante Facial Hidra Plus da Maria Margarida conta com toque suave e sequinho. Nada de pele grudenta! Pele Normal a Seca.","breadcrumb":{"@id":"https:\/\/daniellebeatrizmakeup.com.br\/loja\/hidratante-facial-hidra-plus-maria-margarida\/#breadcrumb"},"inLanguage":"pt-BR","potentialAction":[{"@type":"ReadAction","target":["https:\/\/daniellebeatrizmakeup.com.br\/loja\/hidratante-facial-hidra-plus-maria-margarida\/"]}]},{"@type":"ImageObject","inLanguage":"pt-BR","@id":"https:\/\/daniellebeatrizmakeup.com.br\/loja\/hidratante-facial-hidra-plus-maria-margarida\/#primaryimage","url":"https:\/\/daniellebeatrizmakeup.com.br\/loja\/wp-content\/uploads\/2021\/03\/hidratante-facial-hidra-plus-maria-margarida.jpg","contentUrl":"https:\/\/daniellebeatrizmakeup.com.br\/loja\/wp-content\/uploads\/2021\/03\/hidratante-facial-hidra-plus-maria-margarida.jpg","width":1080,"height":1080},{"@type":"BreadcrumbList","@id":"https:\/\/daniellebeatrizmakeup.com.br\/loja\/hidratante-facial-hidra-plus-maria-margarida\/#breadcrumb","itemListElement":[{"@type":"ListItem","position":1,"name":"In\u00edcio","item":"https:\/\/daniellebeatrizmakeup.com.br\/loja\/"},{"@type":"ListItem","position":2,"name":"Todos","item":"https:\/\/daniellebeatrizmakeup.com.br\/loja\/todos\/"},{"@type":"ListItem","position":3,"name":"Hidratante Facial Hidra Plus Maria Margarida"}]},{"@type":"WebSite","@id":"https:\/\/daniellebeatrizmakeup.com.br\/loja\/#website","url":"https:\/\/daniellebeatrizmakeup.com.br\/loja\/","name":"Loja DB Makeup","description":"A melhor loja de maquiagem para real\u00e7ar a sua beleza","publisher":{"@id":"https:\/\/daniellebeatrizmakeup.com.br\/loja\/#organization"},"potentialAction":[{"@type":"SearchAction","target":{"@type":"EntryPoint","urlTemplate":"https:\/\/daniellebeatrizmakeup.com.br\/loja\/?s={search_term_string}"},"query-input":{"@type":"PropertyValueSpecification","valueRequired":true,"valueName":"search_term_string"}}],"inLanguage":"pt-BR"},{"@type":"Organization","@id":"https:\/\/daniellebeatrizmakeup.com.br\/loja\/#organization","name":"Danielle Beatriz Makeup","url":"https:\/\/daniellebeatrizmakeup.com.br\/loja\/","logo":{"@type":"ImageObject","inLanguage":"pt-BR","@id":"https:\/\/daniellebeatrizmakeup.com.br\/loja\/#\/schema\/logo\/image\/","url":"https:\/\/daniellebeatrizmakeup.com.br\/loja\/wp-content\/uploads\/2020\/10\/logo-loja-db-makeup.png","contentUrl":"https:\/\/daniellebeatrizmakeup.com.br\/loja\/wp-content\/uploads\/2020\/10\/logo-loja-db-makeup.png","width":500,"height":110,"caption":"Danielle Beatriz Makeup"},"image":{"@id":"https:\/\/daniellebeatrizmakeup.com.br\/loja\/#\/schema\/logo\/image\/"},"sameAs":["https:\/\/www.facebook.com\/daniellebeatrizmakeup","https:\/\/x.com\/danibetriz","https:\/\/www.instagram.com\/daniellebeatrizmakeup","https:\/\/pinterest.com\/daniellebeatrizmakeup","https:\/\/www.youtube.com\/DanielleBeatriz"]}]}},"jetpack_sharing_enabled":true,"_links":{"self":[{"href":"https:\/\/daniellebeatrizmakeup.com.br\/loja\/wp-json\/wp\/v2\/product\/15810","targetHints":{"allow":["GET"]}}],"collection":[{"href":"https:\/\/daniellebeatrizmakeup.com.br\/loja\/wp-json\/wp\/v2\/product"}],"about":[{"href":"https:\/\/daniellebeatrizmakeup.com.br\/loja\/wp-json\/wp\/v2\/types\/product"}],"replies":[{"embeddable":true,"href":"https:\/\/daniellebeatrizmakeup.com.br\/loja\/wp-json\/wp\/v2\/comments?post=15810"}],"version-history":[{"count":4,"href":"https:\/\/daniellebeatrizmakeup.com.br\/loja\/wp-json\/wp\/v2\/product\/15810\/revisions"}],"predecessor-version":[{"id":55250,"href":"https:\/\/daniellebeatrizmakeup.com.br\/loja\/wp-json\/wp\/v2\/product\/15810\/revisions\/55250"}],"wp:featuredmedia":[{"embeddable":true,"href":"https:\/\/daniellebeatrizmakeup.com.br\/loja\/wp-json\/wp\/v2\/media\/26606"}],"wp:attachment":[{"href":"https:\/\/daniellebeatrizmakeup.com.br\/loja\/wp-json\/wp\/v2\/media?parent=15810"}],"wp:term":[{"taxonomy":"product_brand","embeddable":true,"href":"https:\/\/daniellebeatrizmakeup.com.br\/loja\/wp-json\/wp\/v2\/product_brand?post=15810"},{"taxonomy":"product_cat","embeddable":true,"href":"https:\/\/daniellebeatrizmakeup.com.br\/loja\/wp-json\/wp\/v2\/product_cat?post=15810"},{"taxonomy":"product_tag","embeddable":true,"href":"https:\/\/daniellebeatrizmakeup.com.br\/loja\/wp-json\/wp\/v2\/product_tag?post=15810"},{"taxonomy":"woo-feed-brand","embeddable":true,"href":"https:\/\/daniellebeatrizmakeup.com.br\/loja\/wp-json\/wp\/v2\/woo-feed-brand?post=15810"}],"curies":[{"name":"wp","href":"https:\/\/api.w.org\/{rel}","templated":true}]}}