{"id":15797,"date":"2021-03-19T17:27:43","date_gmt":"2021-03-19T20:27:43","guid":{"rendered":"https:\/\/loja.daniellebeatrizmakeup.com.br\/?post_type=product&#038;p=15797"},"modified":"2025-10-16T20:35:10","modified_gmt":"2025-10-16T23:35:10","slug":"luminous-elixir-maria-margarida","status":"publish","type":"product","link":"https:\/\/daniellebeatrizmakeup.com.br\/loja\/luminous-elixir-maria-margarida\/","title":{"rendered":"T\u00f4nico Luminous Elixir Maria Margarida"},"content":{"rendered":"<p>O T\u00f4nico Luminous Elixir da <a href=\"https:\/\/daniellebeatrizmakeup.com.br\/loja\/maria-margarida\/\">Maria Margarida<\/a> \u00e9 de uso facial com f\u00f3rmula \u00fanica e completa que garante pele luminosa no seu skincare!<\/p>\n<p>A principal fun\u00e7\u00e3o de um t\u00f4nico \u00e9 regular o PH da pele, essencial para a manuten\u00e7\u00e3o da sua hidrata\u00e7\u00e3o e prote\u00e7\u00e3o. Al\u00e9m de regular a oleosidade da pele. O PH regulado ainda fortalece a microbiota cut\u00e2nea, evitando diversas altera\u00e7\u00f5es como acne e dermatite.<\/p>\n<p>Al\u00e9m dessa fun\u00e7\u00e3o primordial, o T\u00f4nico Luminous Elixir da Maria Margarida ainda garante esfolia\u00e7\u00e3o qu\u00edmica atrav\u00e9s do \u00c1cido Glic\u00f3lico a 5%, retirando c\u00e9lulas mortas, uniformizando a textura da pele, garantindo maior poder de penetra\u00e7\u00e3o de ativos na epiderme, devolvendo vi\u00e7o \u00e0 pele! Diminui apar\u00eancia dos poros e linhas finas.<\/p>\n<p>Essa f\u00f3rmula especial ainda garante hidrata\u00e7\u00e3o completa atrav\u00e9s de ativos umectantes e emolientes!<\/p>\n<h2>O que o Luminous Elixir da Maria Margarida faz pela sua pele:<\/h2>\n<ul>\n<li>Uniformiza tom e textura, diminuindo linhas finas e manchas;<\/li>\n<li>Limpa os poros, removendo o excesso de oleosidade;<\/li>\n<li>Acelera renova\u00e7\u00e3o celular;<\/li>\n<li>Esfolia sem ressecar;<\/li>\n<li>Hidrata e protege a pele de maneira completa;<\/li>\n<li>Minimiza poros dilatados;<\/li>\n<li>Melhora a circula\u00e7\u00e3o e energiza a pele;<\/li>\n<li>Combate envelhecimento da pele e a\u00e7\u00e3o de radicais livres;<\/li>\n<li>Deixa a pele luminosa e com vi\u00e7o.<\/li>\n<\/ul>\n<h2>Conhe\u00e7a melhor os ativos do Luminous Elixir:<\/h2>\n<ul>\n<li><strong>\u00c1cido Glic\u00f3lico<\/strong> &#8211; um poderoso alfa hidroxi\u00e1cido! Ele faz com que as c\u00e9lulas mortas se desprendam da epiderme, deixando a pele renovada e luminosa!<\/li>\n<li><strong>Ureia<\/strong> &#8211; componente do Fator de Hidrata\u00e7\u00e3o Natural, \u00e9 essencial para a reten\u00e7\u00e3o de umidade na pele!<\/li>\n<li><strong>Aloe Vera e Panthenol<\/strong> &#8211; ativos super poderosos que atraem \u00e1gua para a pele, aumentando significativamente seu n\u00edvel de hidrata\u00e7\u00e3o.<\/li>\n<li><strong>Extrato de Flor de Malva<\/strong> &#8211; forma uma camada hidratante e protetora para a pele.<\/li>\n<li><strong>Blend de amino\u00e1cidos <\/strong>&#8211; ret\u00eam hidrata\u00e7\u00e3o, aumentam elasticidade e combatem envelhecimento cut\u00e2neo.<\/li>\n<li><strong>Extrato de Ginseng <\/strong>&#8211; protege a pele contra radicais livres.<\/li>\n<li><strong>Extrato Castanha da \u00cdndia <\/strong>&#8211; ativa a circula\u00e7\u00e3o e tem efeito adstringente.<\/li>\n<li><strong>Extrato de Hamam\u00e9lis &#8211;<\/strong> efeito calmante e adstringente.<\/li>\n<li><strong>Castor Oil <\/strong>&#8211; minimiza a perda de umidade da pele, mantendo seu n\u00edvel de hidrata\u00e7\u00e3o.<\/li>\n<li><strong>Livre de \u00e1lcool!<\/strong><\/li>\n<\/ul>\n<p>PH 5<\/p>\n<p>N\u00e3o indicado para peles sens\u00edveis. \u00c9 imprescind\u00edvel o uso do Protetor Solar quando se utiliza de tratamentos com \u00e1cidos.<\/p>\n<p>F\u00f3rmula Vegana &#8211;\u00a0Embalagem de Vidro &#8211;\u00a0Selo Eu Reciclo &#8211;\u00a0Livre de Parabenos e Petrolatos<\/p>\n<p>60ml<\/p>\n","protected":false},"excerpt":{"rendered":"<p>O T\u00f4nico Luminous Elixir da Maria Margarida \u00e9 de uso facial com f\u00f3rmula \u00fanica e completa que garante pele luminosa no seu skincare!<\/p>\n<p>A principal fun\u00e7\u00e3o de um t\u00f4nico \u00e9 regular o PH da pele, essencial para a manuten\u00e7\u00e3o da sua hidrata\u00e7\u00e3o e prote\u00e7\u00e3o. Al\u00e9m de regular a oleosidade da pele. O PH regulado ainda fortalece a microbiota cut\u00e2nea, evitando diversas altera\u00e7\u00f5es como acne e dermatite.<\/p>\n<p>Validade: 10\/2025.<\/p>\n","protected":false},"featured_media":26588,"comment_status":"open","ping_status":"closed","template":"","meta":{"_mbp_gutenberg_autopost":false},"product_brand":[],"product_cat":[73,78,837,111,713],"product_tag":[145,106],"woo-feed-brand":[],"class_list":{"0":"post-15797","1":"product","2":"type-product","3":"status-publish","4":"has-post-thumbnail","6":"product_cat-maria-margarida","7":"product_cat-rosto","8":"product_cat-skin-expert","9":"product_cat-skincare","10":"product_cat-tonico","11":"product_tag-maria-margarida","12":"product_tag-pele","13":"yith_product_brand-maria-margarida","15":"first","16":"outofstock","17":"shipping-taxable","18":"purchasable","19":"product-type-simple"},"yoast_head":"<!-- This site is optimized with the Yoast SEO plugin v27.3 - https:\/\/yoast.com\/product\/yoast-seo-wordpress\/ -->\n<title>T\u00f4nico Luminous Elixir Maria Margarida - Loja DB Makeup<\/title>\n<meta name=\"description\" content=\"O Luminous Elixir da Maria Margarida \u00e9 um t\u00f4nico facial com f\u00f3rmula \u00fanica e completa que garante pele luminosa no seu skincare!\" \/>\n<meta name=\"robots\" content=\"index, follow, max-snippet:-1, max-image-preview:large, max-video-preview:-1\" \/>\n<link rel=\"canonical\" href=\"https:\/\/daniellebeatrizmakeup.com.br\/loja\/luminous-elixir-maria-margarida\/\" \/>\n<meta property=\"og:locale\" content=\"pt_BR\" \/>\n<meta property=\"og:type\" content=\"article\" \/>\n<meta property=\"og:title\" content=\"T\u00f4nico Luminous Elixir Maria Margarida - Loja DB Makeup\" \/>\n<meta property=\"og:description\" content=\"O Luminous Elixir da Maria Margarida \u00e9 um t\u00f4nico facial com f\u00f3rmula \u00fanica e completa que garante pele luminosa no seu skincare!\" \/>\n<meta property=\"og:url\" content=\"https:\/\/daniellebeatrizmakeup.com.br\/loja\/luminous-elixir-maria-margarida\/\" \/>\n<meta property=\"og:site_name\" content=\"Loja DB Makeup\" \/>\n<meta property=\"article:publisher\" content=\"https:\/\/www.facebook.com\/daniellebeatrizmakeup\" \/>\n<meta property=\"article:modified_time\" content=\"2025-10-16T23:35:10+00:00\" \/>\n<meta property=\"og:image\" content=\"https:\/\/daniellebeatrizmakeup.com.br\/loja\/wp-content\/uploads\/2021\/03\/tonico-facial-luminous-elixir-maria-margarida.jpg\" \/>\n\t<meta property=\"og:image:width\" content=\"1080\" \/>\n\t<meta property=\"og:image:height\" content=\"1080\" \/>\n\t<meta property=\"og:image:type\" content=\"image\/jpeg\" \/>\n<meta name=\"twitter:card\" content=\"summary_large_image\" \/>\n<meta name=\"twitter:site\" content=\"@danibetriz\" \/>\n<meta name=\"twitter:label1\" content=\"Est. tempo de leitura\" \/>\n\t<meta name=\"twitter:data1\" content=\"2 minutos\" \/>\n<script type=\"application\/ld+json\" class=\"yoast-schema-graph\">{\"@context\":\"https:\\\/\\\/schema.org\",\"@graph\":[{\"@type\":\"WebPage\",\"@id\":\"https:\\\/\\\/daniellebeatrizmakeup.com.br\\\/loja\\\/luminous-elixir-maria-margarida\\\/\",\"url\":\"https:\\\/\\\/daniellebeatrizmakeup.com.br\\\/loja\\\/luminous-elixir-maria-margarida\\\/\",\"name\":\"T\u00f4nico Luminous Elixir Maria Margarida - Loja DB Makeup\",\"isPartOf\":{\"@id\":\"https:\\\/\\\/daniellebeatrizmakeup.com.br\\\/loja\\\/#website\"},\"primaryImageOfPage\":{\"@id\":\"https:\\\/\\\/daniellebeatrizmakeup.com.br\\\/loja\\\/luminous-elixir-maria-margarida\\\/#primaryimage\"},\"image\":{\"@id\":\"https:\\\/\\\/daniellebeatrizmakeup.com.br\\\/loja\\\/luminous-elixir-maria-margarida\\\/#primaryimage\"},\"thumbnailUrl\":\"https:\\\/\\\/daniellebeatrizmakeup.com.br\\\/loja\\\/wp-content\\\/uploads\\\/2021\\\/03\\\/tonico-facial-luminous-elixir-maria-margarida.jpg\",\"datePublished\":\"2021-03-19T20:27:43+00:00\",\"dateModified\":\"2025-10-16T23:35:10+00:00\",\"description\":\"O Luminous Elixir da Maria Margarida \u00e9 um t\u00f4nico facial com f\u00f3rmula \u00fanica e completa que garante pele luminosa no seu skincare!\",\"breadcrumb\":{\"@id\":\"https:\\\/\\\/daniellebeatrizmakeup.com.br\\\/loja\\\/luminous-elixir-maria-margarida\\\/#breadcrumb\"},\"inLanguage\":\"pt-BR\",\"potentialAction\":[{\"@type\":\"ReadAction\",\"target\":[\"https:\\\/\\\/daniellebeatrizmakeup.com.br\\\/loja\\\/luminous-elixir-maria-margarida\\\/\"]}]},{\"@type\":\"ImageObject\",\"inLanguage\":\"pt-BR\",\"@id\":\"https:\\\/\\\/daniellebeatrizmakeup.com.br\\\/loja\\\/luminous-elixir-maria-margarida\\\/#primaryimage\",\"url\":\"https:\\\/\\\/daniellebeatrizmakeup.com.br\\\/loja\\\/wp-content\\\/uploads\\\/2021\\\/03\\\/tonico-facial-luminous-elixir-maria-margarida.jpg\",\"contentUrl\":\"https:\\\/\\\/daniellebeatrizmakeup.com.br\\\/loja\\\/wp-content\\\/uploads\\\/2021\\\/03\\\/tonico-facial-luminous-elixir-maria-margarida.jpg\",\"width\":1080,\"height\":1080,\"caption\":\"T\u00f4nico Facial Luminous Elixir Maria Margarida\"},{\"@type\":\"BreadcrumbList\",\"@id\":\"https:\\\/\\\/daniellebeatrizmakeup.com.br\\\/loja\\\/luminous-elixir-maria-margarida\\\/#breadcrumb\",\"itemListElement\":[{\"@type\":\"ListItem\",\"position\":1,\"name\":\"In\u00edcio\",\"item\":\"https:\\\/\\\/daniellebeatrizmakeup.com.br\\\/loja\\\/\"},{\"@type\":\"ListItem\",\"position\":2,\"name\":\"Todos\",\"item\":\"https:\\\/\\\/daniellebeatrizmakeup.com.br\\\/loja\\\/todos\\\/\"},{\"@type\":\"ListItem\",\"position\":3,\"name\":\"T\u00f4nico Luminous Elixir Maria Margarida\"}]},{\"@type\":\"WebSite\",\"@id\":\"https:\\\/\\\/daniellebeatrizmakeup.com.br\\\/loja\\\/#website\",\"url\":\"https:\\\/\\\/daniellebeatrizmakeup.com.br\\\/loja\\\/\",\"name\":\"Loja DB Makeup\",\"description\":\"A melhor loja de maquiagem para real\u00e7ar a sua beleza\",\"publisher\":{\"@id\":\"https:\\\/\\\/daniellebeatrizmakeup.com.br\\\/loja\\\/#organization\"},\"potentialAction\":[{\"@type\":\"SearchAction\",\"target\":{\"@type\":\"EntryPoint\",\"urlTemplate\":\"https:\\\/\\\/daniellebeatrizmakeup.com.br\\\/loja\\\/?s={search_term_string}\"},\"query-input\":{\"@type\":\"PropertyValueSpecification\",\"valueRequired\":true,\"valueName\":\"search_term_string\"}}],\"inLanguage\":\"pt-BR\"},{\"@type\":\"Organization\",\"@id\":\"https:\\\/\\\/daniellebeatrizmakeup.com.br\\\/loja\\\/#organization\",\"name\":\"Danielle Beatriz Makeup\",\"url\":\"https:\\\/\\\/daniellebeatrizmakeup.com.br\\\/loja\\\/\",\"logo\":{\"@type\":\"ImageObject\",\"inLanguage\":\"pt-BR\",\"@id\":\"https:\\\/\\\/daniellebeatrizmakeup.com.br\\\/loja\\\/#\\\/schema\\\/logo\\\/image\\\/\",\"url\":\"https:\\\/\\\/daniellebeatrizmakeup.com.br\\\/loja\\\/wp-content\\\/uploads\\\/2020\\\/10\\\/logo-loja-db-makeup.png\",\"contentUrl\":\"https:\\\/\\\/daniellebeatrizmakeup.com.br\\\/loja\\\/wp-content\\\/uploads\\\/2020\\\/10\\\/logo-loja-db-makeup.png\",\"width\":500,\"height\":110,\"caption\":\"Danielle Beatriz Makeup\"},\"image\":{\"@id\":\"https:\\\/\\\/daniellebeatrizmakeup.com.br\\\/loja\\\/#\\\/schema\\\/logo\\\/image\\\/\"},\"sameAs\":[\"https:\\\/\\\/www.facebook.com\\\/daniellebeatrizmakeup\",\"https:\\\/\\\/x.com\\\/danibetriz\",\"https:\\\/\\\/www.instagram.com\\\/daniellebeatrizmakeup\",\"https:\\\/\\\/pinterest.com\\\/daniellebeatrizmakeup\",\"https:\\\/\\\/www.youtube.com\\\/DanielleBeatriz\"]}]}<\/script>\n<!-- \/ Yoast SEO plugin. -->","yoast_head_json":{"title":"T\u00f4nico Luminous Elixir Maria Margarida - Loja DB Makeup","description":"O Luminous Elixir da Maria Margarida \u00e9 um t\u00f4nico facial com f\u00f3rmula \u00fanica e completa que garante pele luminosa no seu skincare!","robots":{"index":"index","follow":"follow","max-snippet":"max-snippet:-1","max-image-preview":"max-image-preview:large","max-video-preview":"max-video-preview:-1"},"canonical":"https:\/\/daniellebeatrizmakeup.com.br\/loja\/luminous-elixir-maria-margarida\/","og_locale":"pt_BR","og_type":"article","og_title":"T\u00f4nico Luminous Elixir Maria Margarida - Loja DB Makeup","og_description":"O Luminous Elixir da Maria Margarida \u00e9 um t\u00f4nico facial com f\u00f3rmula \u00fanica e completa que garante pele luminosa no seu skincare!","og_url":"https:\/\/daniellebeatrizmakeup.com.br\/loja\/luminous-elixir-maria-margarida\/","og_site_name":"Loja DB Makeup","article_publisher":"https:\/\/www.facebook.com\/daniellebeatrizmakeup","article_modified_time":"2025-10-16T23:35:10+00:00","og_image":[{"width":1080,"height":1080,"url":"https:\/\/daniellebeatrizmakeup.com.br\/loja\/wp-content\/uploads\/2021\/03\/tonico-facial-luminous-elixir-maria-margarida.jpg","type":"image\/jpeg"}],"twitter_card":"summary_large_image","twitter_site":"@danibetriz","twitter_misc":{"Est. tempo de leitura":"2 minutos"},"schema":{"@context":"https:\/\/schema.org","@graph":[{"@type":"WebPage","@id":"https:\/\/daniellebeatrizmakeup.com.br\/loja\/luminous-elixir-maria-margarida\/","url":"https:\/\/daniellebeatrizmakeup.com.br\/loja\/luminous-elixir-maria-margarida\/","name":"T\u00f4nico Luminous Elixir Maria Margarida - Loja DB Makeup","isPartOf":{"@id":"https:\/\/daniellebeatrizmakeup.com.br\/loja\/#website"},"primaryImageOfPage":{"@id":"https:\/\/daniellebeatrizmakeup.com.br\/loja\/luminous-elixir-maria-margarida\/#primaryimage"},"image":{"@id":"https:\/\/daniellebeatrizmakeup.com.br\/loja\/luminous-elixir-maria-margarida\/#primaryimage"},"thumbnailUrl":"https:\/\/daniellebeatrizmakeup.com.br\/loja\/wp-content\/uploads\/2021\/03\/tonico-facial-luminous-elixir-maria-margarida.jpg","datePublished":"2021-03-19T20:27:43+00:00","dateModified":"2025-10-16T23:35:10+00:00","description":"O Luminous Elixir da Maria Margarida \u00e9 um t\u00f4nico facial com f\u00f3rmula \u00fanica e completa que garante pele luminosa no seu skincare!","breadcrumb":{"@id":"https:\/\/daniellebeatrizmakeup.com.br\/loja\/luminous-elixir-maria-margarida\/#breadcrumb"},"inLanguage":"pt-BR","potentialAction":[{"@type":"ReadAction","target":["https:\/\/daniellebeatrizmakeup.com.br\/loja\/luminous-elixir-maria-margarida\/"]}]},{"@type":"ImageObject","inLanguage":"pt-BR","@id":"https:\/\/daniellebeatrizmakeup.com.br\/loja\/luminous-elixir-maria-margarida\/#primaryimage","url":"https:\/\/daniellebeatrizmakeup.com.br\/loja\/wp-content\/uploads\/2021\/03\/tonico-facial-luminous-elixir-maria-margarida.jpg","contentUrl":"https:\/\/daniellebeatrizmakeup.com.br\/loja\/wp-content\/uploads\/2021\/03\/tonico-facial-luminous-elixir-maria-margarida.jpg","width":1080,"height":1080,"caption":"T\u00f4nico Facial Luminous Elixir Maria Margarida"},{"@type":"BreadcrumbList","@id":"https:\/\/daniellebeatrizmakeup.com.br\/loja\/luminous-elixir-maria-margarida\/#breadcrumb","itemListElement":[{"@type":"ListItem","position":1,"name":"In\u00edcio","item":"https:\/\/daniellebeatrizmakeup.com.br\/loja\/"},{"@type":"ListItem","position":2,"name":"Todos","item":"https:\/\/daniellebeatrizmakeup.com.br\/loja\/todos\/"},{"@type":"ListItem","position":3,"name":"T\u00f4nico Luminous Elixir Maria Margarida"}]},{"@type":"WebSite","@id":"https:\/\/daniellebeatrizmakeup.com.br\/loja\/#website","url":"https:\/\/daniellebeatrizmakeup.com.br\/loja\/","name":"Loja DB Makeup","description":"A melhor loja de maquiagem para real\u00e7ar a sua beleza","publisher":{"@id":"https:\/\/daniellebeatrizmakeup.com.br\/loja\/#organization"},"potentialAction":[{"@type":"SearchAction","target":{"@type":"EntryPoint","urlTemplate":"https:\/\/daniellebeatrizmakeup.com.br\/loja\/?s={search_term_string}"},"query-input":{"@type":"PropertyValueSpecification","valueRequired":true,"valueName":"search_term_string"}}],"inLanguage":"pt-BR"},{"@type":"Organization","@id":"https:\/\/daniellebeatrizmakeup.com.br\/loja\/#organization","name":"Danielle Beatriz Makeup","url":"https:\/\/daniellebeatrizmakeup.com.br\/loja\/","logo":{"@type":"ImageObject","inLanguage":"pt-BR","@id":"https:\/\/daniellebeatrizmakeup.com.br\/loja\/#\/schema\/logo\/image\/","url":"https:\/\/daniellebeatrizmakeup.com.br\/loja\/wp-content\/uploads\/2020\/10\/logo-loja-db-makeup.png","contentUrl":"https:\/\/daniellebeatrizmakeup.com.br\/loja\/wp-content\/uploads\/2020\/10\/logo-loja-db-makeup.png","width":500,"height":110,"caption":"Danielle Beatriz Makeup"},"image":{"@id":"https:\/\/daniellebeatrizmakeup.com.br\/loja\/#\/schema\/logo\/image\/"},"sameAs":["https:\/\/www.facebook.com\/daniellebeatrizmakeup","https:\/\/x.com\/danibetriz","https:\/\/www.instagram.com\/daniellebeatrizmakeup","https:\/\/pinterest.com\/daniellebeatrizmakeup","https:\/\/www.youtube.com\/DanielleBeatriz"]}]}},"jetpack_sharing_enabled":true,"_links":{"self":[{"href":"https:\/\/daniellebeatrizmakeup.com.br\/loja\/wp-json\/wp\/v2\/product\/15797","targetHints":{"allow":["GET"]}}],"collection":[{"href":"https:\/\/daniellebeatrizmakeup.com.br\/loja\/wp-json\/wp\/v2\/product"}],"about":[{"href":"https:\/\/daniellebeatrizmakeup.com.br\/loja\/wp-json\/wp\/v2\/types\/product"}],"replies":[{"embeddable":true,"href":"https:\/\/daniellebeatrizmakeup.com.br\/loja\/wp-json\/wp\/v2\/comments?post=15797"}],"version-history":[{"count":4,"href":"https:\/\/daniellebeatrizmakeup.com.br\/loja\/wp-json\/wp\/v2\/product\/15797\/revisions"}],"predecessor-version":[{"id":57441,"href":"https:\/\/daniellebeatrizmakeup.com.br\/loja\/wp-json\/wp\/v2\/product\/15797\/revisions\/57441"}],"wp:featuredmedia":[{"embeddable":true,"href":"https:\/\/daniellebeatrizmakeup.com.br\/loja\/wp-json\/wp\/v2\/media\/26588"}],"wp:attachment":[{"href":"https:\/\/daniellebeatrizmakeup.com.br\/loja\/wp-json\/wp\/v2\/media?parent=15797"}],"wp:term":[{"taxonomy":"product_brand","embeddable":true,"href":"https:\/\/daniellebeatrizmakeup.com.br\/loja\/wp-json\/wp\/v2\/product_brand?post=15797"},{"taxonomy":"product_cat","embeddable":true,"href":"https:\/\/daniellebeatrizmakeup.com.br\/loja\/wp-json\/wp\/v2\/product_cat?post=15797"},{"taxonomy":"product_tag","embeddable":true,"href":"https:\/\/daniellebeatrizmakeup.com.br\/loja\/wp-json\/wp\/v2\/product_tag?post=15797"},{"taxonomy":"woo-feed-brand","embeddable":true,"href":"https:\/\/daniellebeatrizmakeup.com.br\/loja\/wp-json\/wp\/v2\/woo-feed-brand?post=15797"}],"curies":[{"name":"wp","href":"https:\/\/api.w.org\/{rel}","templated":true}]}}