{"id":15785,"date":"2021-03-19T16:46:32","date_gmt":"2021-03-19T19:46:32","guid":{"rendered":"https:\/\/loja.daniellebeatrizmakeup.com.br\/?post_type=product&#038;p=15785"},"modified":"2024-10-20T16:14:15","modified_gmt":"2024-10-20T19:14:15","slug":"sabonete-luminous-soap-maria-margarida","status":"publish","type":"product","link":"https:\/\/daniellebeatrizmakeup.com.br\/loja\/sabonete-luminous-soap-maria-margarida\/","title":{"rendered":"Sabonete Facial Luminous Soap Maria Margarida"},"content":{"rendered":"<p>O Sabonete <a href=\"https:\/\/www.instagram.com\/p\/CLf4xWvhLrp\/\">Luminous Soap<\/a> da <a href=\"https:\/\/daniellebeatrizmakeup.com.br\/loja\/maria-margarida\/\">Maria Margarida<\/a> \u00e9 de uso facial especialmente elaborado com agentes de limpeza suaves que deixam uma sensa\u00e7\u00e3o gostosa de pele limpa sem repuxar!<\/p>\n<p>O Sabonete Luminous Soap da Maria Margarida conta ainda com 5 % de \u00c1cido Glic\u00f3lico. Ideal para realizar a esfolia\u00e7\u00e3o qu\u00edmica, renovando a pele, uniformizando a textura e deixando a pele luminosa!<\/p>\n<p>Essa f\u00f3rmula especial conta ainda com Glicerina, garantindo hidrata\u00e7\u00e3o durante o processo de limpeza e \u00c1cido C\u00edtrico, que regula o PH da pele e mant\u00e9m a sa\u00fade da barreira cut\u00e2nea.<\/p>\n<p>PH 6<\/p>\n<p>N\u00e3o indicado para peles sens\u00edveis. \u00c9 imprescind\u00edvel o uso do Protetor Solar quando se utiliza de tratamentos com \u00e1cidos.<\/p>\n<p>F\u00f3rmula Vegana &#8211;\u00a0Embalagem de Vidro &#8211;\u00a0Selo Eu Reciclo &#8211;\u00a0Livre de Parabenos e Petrolatos<\/p>\n<p>60ml<\/p>\n","protected":false},"excerpt":{"rendered":"<p>O Sabonete Luminous Soap da Maria Margarida \u00e9 de uso facial especialmente elaborado com agentes de limpeza suaves que deixam uma sensa\u00e7\u00e3o gostosa de pele limpa sem repuxar!<\/p>\n","protected":false},"featured_media":27393,"comment_status":"open","ping_status":"closed","template":"","meta":{"_mbp_gutenberg_autopost":false},"product_brand":[],"product_cat":[73,722,78,710,837,111],"product_tag":[145,106],"woo-feed-brand":[780],"class_list":{"0":"post-15785","1":"product","2":"type-product","3":"status-publish","4":"has-post-thumbnail","6":"product_cat-maria-margarida","7":"product_cat-promocao","8":"product_cat-rosto","9":"product_cat-sabonete-facial","10":"product_cat-skin-expert","11":"product_cat-skincare","12":"product_tag-maria-margarida","13":"product_tag-pele","14":"woo-feed-brand-maria-margarida","15":"yith_product_brand-maria-margarida","17":"first","18":"outofstock","19":"sale","20":"shipping-taxable","21":"purchasable","22":"product-type-simple"},"yoast_head":"<!-- This site is optimized with the Yoast SEO plugin v27.3 - https:\/\/yoast.com\/product\/yoast-seo-wordpress\/ -->\n<title>Sabonete Facial Luminous Soap Maria Margarida - Loja DB Makeup<\/title>\n<meta name=\"description\" content=\"Luminous Soap da Maria Margarida \u00e9 um sabonete que limpa a pele, deixa renovada e luminosa! Sem ressecar e renova por esfolia\u00e7\u00e3o qu\u00edmica!\" \/>\n<meta name=\"robots\" content=\"index, follow, max-snippet:-1, max-image-preview:large, max-video-preview:-1\" \/>\n<link rel=\"canonical\" href=\"https:\/\/daniellebeatrizmakeup.com.br\/loja\/sabonete-luminous-soap-maria-margarida\/\" \/>\n<meta property=\"og:locale\" content=\"pt_BR\" \/>\n<meta property=\"og:type\" content=\"article\" \/>\n<meta property=\"og:title\" content=\"Sabonete Facial Luminous Soap Maria Margarida - Loja DB Makeup\" \/>\n<meta property=\"og:description\" content=\"Luminous Soap da Maria Margarida \u00e9 um sabonete que limpa a pele, deixa renovada e luminosa! Sem ressecar e renova por esfolia\u00e7\u00e3o qu\u00edmica!\" \/>\n<meta property=\"og:url\" content=\"https:\/\/daniellebeatrizmakeup.com.br\/loja\/sabonete-luminous-soap-maria-margarida\/\" \/>\n<meta property=\"og:site_name\" content=\"Loja DB Makeup\" \/>\n<meta property=\"article:publisher\" content=\"https:\/\/www.facebook.com\/daniellebeatrizmakeup\" \/>\n<meta property=\"article:modified_time\" content=\"2024-10-20T19:14:15+00:00\" \/>\n<meta property=\"og:image\" content=\"https:\/\/daniellebeatrizmakeup.com.br\/loja\/wp-content\/uploads\/2021\/03\/sabonete-luminous-soap-maria-margarida.jpg\" \/>\n\t<meta property=\"og:image:width\" content=\"1080\" \/>\n\t<meta property=\"og:image:height\" content=\"1080\" \/>\n\t<meta property=\"og:image:type\" content=\"image\/jpeg\" \/>\n<meta name=\"twitter:card\" content=\"summary_large_image\" \/>\n<meta name=\"twitter:site\" content=\"@danibetriz\" \/>\n<meta name=\"twitter:label1\" content=\"Est. tempo de leitura\" \/>\n\t<meta name=\"twitter:data1\" content=\"1 minuto\" \/>\n<script type=\"application\/ld+json\" class=\"yoast-schema-graph\">{\"@context\":\"https:\\\/\\\/schema.org\",\"@graph\":[{\"@type\":\"WebPage\",\"@id\":\"https:\\\/\\\/daniellebeatrizmakeup.com.br\\\/loja\\\/sabonete-luminous-soap-maria-margarida\\\/\",\"url\":\"https:\\\/\\\/daniellebeatrizmakeup.com.br\\\/loja\\\/sabonete-luminous-soap-maria-margarida\\\/\",\"name\":\"Sabonete Facial Luminous Soap Maria Margarida - Loja DB Makeup\",\"isPartOf\":{\"@id\":\"https:\\\/\\\/daniellebeatrizmakeup.com.br\\\/loja\\\/#website\"},\"primaryImageOfPage\":{\"@id\":\"https:\\\/\\\/daniellebeatrizmakeup.com.br\\\/loja\\\/sabonete-luminous-soap-maria-margarida\\\/#primaryimage\"},\"image\":{\"@id\":\"https:\\\/\\\/daniellebeatrizmakeup.com.br\\\/loja\\\/sabonete-luminous-soap-maria-margarida\\\/#primaryimage\"},\"thumbnailUrl\":\"https:\\\/\\\/daniellebeatrizmakeup.com.br\\\/loja\\\/wp-content\\\/uploads\\\/2021\\\/03\\\/sabonete-luminous-soap-maria-margarida.jpg\",\"datePublished\":\"2021-03-19T19:46:32+00:00\",\"dateModified\":\"2024-10-20T19:14:15+00:00\",\"description\":\"Luminous Soap da Maria Margarida \u00e9 um sabonete que limpa a pele, deixa renovada e luminosa! Sem ressecar e renova por esfolia\u00e7\u00e3o qu\u00edmica!\",\"breadcrumb\":{\"@id\":\"https:\\\/\\\/daniellebeatrizmakeup.com.br\\\/loja\\\/sabonete-luminous-soap-maria-margarida\\\/#breadcrumb\"},\"inLanguage\":\"pt-BR\",\"potentialAction\":[{\"@type\":\"ReadAction\",\"target\":[\"https:\\\/\\\/daniellebeatrizmakeup.com.br\\\/loja\\\/sabonete-luminous-soap-maria-margarida\\\/\"]}]},{\"@type\":\"ImageObject\",\"inLanguage\":\"pt-BR\",\"@id\":\"https:\\\/\\\/daniellebeatrizmakeup.com.br\\\/loja\\\/sabonete-luminous-soap-maria-margarida\\\/#primaryimage\",\"url\":\"https:\\\/\\\/daniellebeatrizmakeup.com.br\\\/loja\\\/wp-content\\\/uploads\\\/2021\\\/03\\\/sabonete-luminous-soap-maria-margarida.jpg\",\"contentUrl\":\"https:\\\/\\\/daniellebeatrizmakeup.com.br\\\/loja\\\/wp-content\\\/uploads\\\/2021\\\/03\\\/sabonete-luminous-soap-maria-margarida.jpg\",\"width\":1080,\"height\":1080,\"caption\":\"Sabonete Luminous Soap Maria Margarida\"},{\"@type\":\"BreadcrumbList\",\"@id\":\"https:\\\/\\\/daniellebeatrizmakeup.com.br\\\/loja\\\/sabonete-luminous-soap-maria-margarida\\\/#breadcrumb\",\"itemListElement\":[{\"@type\":\"ListItem\",\"position\":1,\"name\":\"In\u00edcio\",\"item\":\"https:\\\/\\\/daniellebeatrizmakeup.com.br\\\/loja\\\/\"},{\"@type\":\"ListItem\",\"position\":2,\"name\":\"Todos\",\"item\":\"https:\\\/\\\/daniellebeatrizmakeup.com.br\\\/loja\\\/todos\\\/\"},{\"@type\":\"ListItem\",\"position\":3,\"name\":\"Sabonete Facial Luminous Soap Maria Margarida\"}]},{\"@type\":\"WebSite\",\"@id\":\"https:\\\/\\\/daniellebeatrizmakeup.com.br\\\/loja\\\/#website\",\"url\":\"https:\\\/\\\/daniellebeatrizmakeup.com.br\\\/loja\\\/\",\"name\":\"Loja DB Makeup\",\"description\":\"A melhor loja de maquiagem para real\u00e7ar a sua beleza\",\"publisher\":{\"@id\":\"https:\\\/\\\/daniellebeatrizmakeup.com.br\\\/loja\\\/#organization\"},\"potentialAction\":[{\"@type\":\"SearchAction\",\"target\":{\"@type\":\"EntryPoint\",\"urlTemplate\":\"https:\\\/\\\/daniellebeatrizmakeup.com.br\\\/loja\\\/?s={search_term_string}\"},\"query-input\":{\"@type\":\"PropertyValueSpecification\",\"valueRequired\":true,\"valueName\":\"search_term_string\"}}],\"inLanguage\":\"pt-BR\"},{\"@type\":\"Organization\",\"@id\":\"https:\\\/\\\/daniellebeatrizmakeup.com.br\\\/loja\\\/#organization\",\"name\":\"Danielle Beatriz Makeup\",\"url\":\"https:\\\/\\\/daniellebeatrizmakeup.com.br\\\/loja\\\/\",\"logo\":{\"@type\":\"ImageObject\",\"inLanguage\":\"pt-BR\",\"@id\":\"https:\\\/\\\/daniellebeatrizmakeup.com.br\\\/loja\\\/#\\\/schema\\\/logo\\\/image\\\/\",\"url\":\"https:\\\/\\\/daniellebeatrizmakeup.com.br\\\/loja\\\/wp-content\\\/uploads\\\/2020\\\/10\\\/logo-loja-db-makeup.png\",\"contentUrl\":\"https:\\\/\\\/daniellebeatrizmakeup.com.br\\\/loja\\\/wp-content\\\/uploads\\\/2020\\\/10\\\/logo-loja-db-makeup.png\",\"width\":500,\"height\":110,\"caption\":\"Danielle Beatriz Makeup\"},\"image\":{\"@id\":\"https:\\\/\\\/daniellebeatrizmakeup.com.br\\\/loja\\\/#\\\/schema\\\/logo\\\/image\\\/\"},\"sameAs\":[\"https:\\\/\\\/www.facebook.com\\\/daniellebeatrizmakeup\",\"https:\\\/\\\/x.com\\\/danibetriz\",\"https:\\\/\\\/www.instagram.com\\\/daniellebeatrizmakeup\",\"https:\\\/\\\/pinterest.com\\\/daniellebeatrizmakeup\",\"https:\\\/\\\/www.youtube.com\\\/DanielleBeatriz\"]}]}<\/script>\n<!-- \/ Yoast SEO plugin. -->","yoast_head_json":{"title":"Sabonete Facial Luminous Soap Maria Margarida - Loja DB Makeup","description":"Luminous Soap da Maria Margarida \u00e9 um sabonete que limpa a pele, deixa renovada e luminosa! Sem ressecar e renova por esfolia\u00e7\u00e3o qu\u00edmica!","robots":{"index":"index","follow":"follow","max-snippet":"max-snippet:-1","max-image-preview":"max-image-preview:large","max-video-preview":"max-video-preview:-1"},"canonical":"https:\/\/daniellebeatrizmakeup.com.br\/loja\/sabonete-luminous-soap-maria-margarida\/","og_locale":"pt_BR","og_type":"article","og_title":"Sabonete Facial Luminous Soap Maria Margarida - Loja DB Makeup","og_description":"Luminous Soap da Maria Margarida \u00e9 um sabonete que limpa a pele, deixa renovada e luminosa! Sem ressecar e renova por esfolia\u00e7\u00e3o qu\u00edmica!","og_url":"https:\/\/daniellebeatrizmakeup.com.br\/loja\/sabonete-luminous-soap-maria-margarida\/","og_site_name":"Loja DB Makeup","article_publisher":"https:\/\/www.facebook.com\/daniellebeatrizmakeup","article_modified_time":"2024-10-20T19:14:15+00:00","og_image":[{"width":1080,"height":1080,"url":"https:\/\/daniellebeatrizmakeup.com.br\/loja\/wp-content\/uploads\/2021\/03\/sabonete-luminous-soap-maria-margarida.jpg","type":"image\/jpeg"}],"twitter_card":"summary_large_image","twitter_site":"@danibetriz","twitter_misc":{"Est. tempo de leitura":"1 minuto"},"schema":{"@context":"https:\/\/schema.org","@graph":[{"@type":"WebPage","@id":"https:\/\/daniellebeatrizmakeup.com.br\/loja\/sabonete-luminous-soap-maria-margarida\/","url":"https:\/\/daniellebeatrizmakeup.com.br\/loja\/sabonete-luminous-soap-maria-margarida\/","name":"Sabonete Facial Luminous Soap Maria Margarida - Loja DB Makeup","isPartOf":{"@id":"https:\/\/daniellebeatrizmakeup.com.br\/loja\/#website"},"primaryImageOfPage":{"@id":"https:\/\/daniellebeatrizmakeup.com.br\/loja\/sabonete-luminous-soap-maria-margarida\/#primaryimage"},"image":{"@id":"https:\/\/daniellebeatrizmakeup.com.br\/loja\/sabonete-luminous-soap-maria-margarida\/#primaryimage"},"thumbnailUrl":"https:\/\/daniellebeatrizmakeup.com.br\/loja\/wp-content\/uploads\/2021\/03\/sabonete-luminous-soap-maria-margarida.jpg","datePublished":"2021-03-19T19:46:32+00:00","dateModified":"2024-10-20T19:14:15+00:00","description":"Luminous Soap da Maria Margarida \u00e9 um sabonete que limpa a pele, deixa renovada e luminosa! Sem ressecar e renova por esfolia\u00e7\u00e3o qu\u00edmica!","breadcrumb":{"@id":"https:\/\/daniellebeatrizmakeup.com.br\/loja\/sabonete-luminous-soap-maria-margarida\/#breadcrumb"},"inLanguage":"pt-BR","potentialAction":[{"@type":"ReadAction","target":["https:\/\/daniellebeatrizmakeup.com.br\/loja\/sabonete-luminous-soap-maria-margarida\/"]}]},{"@type":"ImageObject","inLanguage":"pt-BR","@id":"https:\/\/daniellebeatrizmakeup.com.br\/loja\/sabonete-luminous-soap-maria-margarida\/#primaryimage","url":"https:\/\/daniellebeatrizmakeup.com.br\/loja\/wp-content\/uploads\/2021\/03\/sabonete-luminous-soap-maria-margarida.jpg","contentUrl":"https:\/\/daniellebeatrizmakeup.com.br\/loja\/wp-content\/uploads\/2021\/03\/sabonete-luminous-soap-maria-margarida.jpg","width":1080,"height":1080,"caption":"Sabonete Luminous Soap Maria Margarida"},{"@type":"BreadcrumbList","@id":"https:\/\/daniellebeatrizmakeup.com.br\/loja\/sabonete-luminous-soap-maria-margarida\/#breadcrumb","itemListElement":[{"@type":"ListItem","position":1,"name":"In\u00edcio","item":"https:\/\/daniellebeatrizmakeup.com.br\/loja\/"},{"@type":"ListItem","position":2,"name":"Todos","item":"https:\/\/daniellebeatrizmakeup.com.br\/loja\/todos\/"},{"@type":"ListItem","position":3,"name":"Sabonete Facial Luminous Soap Maria Margarida"}]},{"@type":"WebSite","@id":"https:\/\/daniellebeatrizmakeup.com.br\/loja\/#website","url":"https:\/\/daniellebeatrizmakeup.com.br\/loja\/","name":"Loja DB Makeup","description":"A melhor loja de maquiagem para real\u00e7ar a sua beleza","publisher":{"@id":"https:\/\/daniellebeatrizmakeup.com.br\/loja\/#organization"},"potentialAction":[{"@type":"SearchAction","target":{"@type":"EntryPoint","urlTemplate":"https:\/\/daniellebeatrizmakeup.com.br\/loja\/?s={search_term_string}"},"query-input":{"@type":"PropertyValueSpecification","valueRequired":true,"valueName":"search_term_string"}}],"inLanguage":"pt-BR"},{"@type":"Organization","@id":"https:\/\/daniellebeatrizmakeup.com.br\/loja\/#organization","name":"Danielle Beatriz Makeup","url":"https:\/\/daniellebeatrizmakeup.com.br\/loja\/","logo":{"@type":"ImageObject","inLanguage":"pt-BR","@id":"https:\/\/daniellebeatrizmakeup.com.br\/loja\/#\/schema\/logo\/image\/","url":"https:\/\/daniellebeatrizmakeup.com.br\/loja\/wp-content\/uploads\/2020\/10\/logo-loja-db-makeup.png","contentUrl":"https:\/\/daniellebeatrizmakeup.com.br\/loja\/wp-content\/uploads\/2020\/10\/logo-loja-db-makeup.png","width":500,"height":110,"caption":"Danielle Beatriz Makeup"},"image":{"@id":"https:\/\/daniellebeatrizmakeup.com.br\/loja\/#\/schema\/logo\/image\/"},"sameAs":["https:\/\/www.facebook.com\/daniellebeatrizmakeup","https:\/\/x.com\/danibetriz","https:\/\/www.instagram.com\/daniellebeatrizmakeup","https:\/\/pinterest.com\/daniellebeatrizmakeup","https:\/\/www.youtube.com\/DanielleBeatriz"]}]}},"jetpack_sharing_enabled":true,"_links":{"self":[{"href":"https:\/\/daniellebeatrizmakeup.com.br\/loja\/wp-json\/wp\/v2\/product\/15785","targetHints":{"allow":["GET"]}}],"collection":[{"href":"https:\/\/daniellebeatrizmakeup.com.br\/loja\/wp-json\/wp\/v2\/product"}],"about":[{"href":"https:\/\/daniellebeatrizmakeup.com.br\/loja\/wp-json\/wp\/v2\/types\/product"}],"replies":[{"embeddable":true,"href":"https:\/\/daniellebeatrizmakeup.com.br\/loja\/wp-json\/wp\/v2\/comments?post=15785"}],"version-history":[{"count":5,"href":"https:\/\/daniellebeatrizmakeup.com.br\/loja\/wp-json\/wp\/v2\/product\/15785\/revisions"}],"predecessor-version":[{"id":57976,"href":"https:\/\/daniellebeatrizmakeup.com.br\/loja\/wp-json\/wp\/v2\/product\/15785\/revisions\/57976"}],"wp:featuredmedia":[{"embeddable":true,"href":"https:\/\/daniellebeatrizmakeup.com.br\/loja\/wp-json\/wp\/v2\/media\/27393"}],"wp:attachment":[{"href":"https:\/\/daniellebeatrizmakeup.com.br\/loja\/wp-json\/wp\/v2\/media?parent=15785"}],"wp:term":[{"taxonomy":"product_brand","embeddable":true,"href":"https:\/\/daniellebeatrizmakeup.com.br\/loja\/wp-json\/wp\/v2\/product_brand?post=15785"},{"taxonomy":"product_cat","embeddable":true,"href":"https:\/\/daniellebeatrizmakeup.com.br\/loja\/wp-json\/wp\/v2\/product_cat?post=15785"},{"taxonomy":"product_tag","embeddable":true,"href":"https:\/\/daniellebeatrizmakeup.com.br\/loja\/wp-json\/wp\/v2\/product_tag?post=15785"},{"taxonomy":"woo-feed-brand","embeddable":true,"href":"https:\/\/daniellebeatrizmakeup.com.br\/loja\/wp-json\/wp\/v2\/woo-feed-brand?post=15785"}],"curies":[{"name":"wp","href":"https:\/\/api.w.org\/{rel}","templated":true}]}}