{"id":15560,"date":"2021-03-19T13:19:46","date_gmt":"2021-03-19T16:19:46","guid":{"rendered":"https:\/\/loja.daniellebeatrizmakeup.com.br\/?post_type=product&#038;p=15560"},"modified":"2025-06-22T02:47:45","modified_gmt":"2025-06-22T05:47:45","slug":"pincel-po-pausa-para-feminices","status":"publish","type":"product","link":"https:\/\/daniellebeatrizmakeup.com.br\/loja\/pincel-po-pausa-para-feminices\/","title":{"rendered":"Pincel P\u00f3 Pausa para Feminices"},"content":{"rendered":"<p>O PPF14 \u00e9 um pincel de p\u00f3 grande da linha Pausa para Feminices e com a qualidade da <a href=\"https:\/\/daniellebeatrizmakeup.com.br\/loja\/maria-margarida\/\">Maria Margarida<\/a>. Ele apresenta um topo fofo, grande e redondo, usado para uma aplica\u00e7\u00e3o difusa de produtos em p\u00f3 em todo o rosto. Este pincel de p\u00f3 da Pausa para Feminices multifuncional \u00e9 perfeito para a finaliza\u00e7\u00e3o de sua make!<\/p>\n<p>Caracter\u00edsticas: Grande e suave escova arredondada com cerdas naturais.<\/p>\n<p>Fun\u00e7\u00e3o: Aplica\u00e7\u00e3o em p\u00f3.<\/p>\n<p>Uso recomendado: Mistura uniforme de produtos em p\u00f3 no rosto e no corpo.<\/p>\n<p>Tipo de cerda: Natural (pelo de cabra)<\/p>\n<p>Tamanho: Comprimento (16cm), Comprimento Cerdas (4,5cm), Largura Cerdas (2,5cm).<\/p>\n<p>Dicas de Cuidados:<\/p>\n<ul>\n<li>Manter a <a href=\"https:\/\/www.instagram.com\/p\/CIywbg7BIWy\/\">higieniza\u00e7\u00e3o<\/a> dos pinc\u00e9is com produtos adequados, para que as cerdas continuem sempre macias e livres de fungos e bact\u00e9rias.<\/li>\n<li>Com as cerdas para baixo lavar com sab\u00e3o neutro, e deixar secar na posi\u00e7\u00e3o horizontal, evitando molhar o cabo.<\/li>\n<\/ul>\n","protected":false},"excerpt":{"rendered":"<p>O PPF14 \u00e9 um pincel de p\u00f3 grande da linha Pausa para Feminices e com a qualidade da Maria Margarida. Ele apresenta um topo fofo, grande e redondo, usado para uma aplica\u00e7\u00e3o difusa de produtos em p\u00f3 em todo o rosto. Este pincel de p\u00f3 da Pausa para Feminices multifuncional \u00e9 perfeito para a finaliza\u00e7\u00e3o de sua make!<\/p>\n<p>&nbsp;<\/p>\n<p>&nbsp;<\/p>\n<p>&nbsp;<\/p>\n<p>&nbsp;<\/p>\n","protected":false},"featured_media":27266,"comment_status":"open","ping_status":"closed","template":"","meta":{"_mbp_gutenberg_autopost":false},"product_brand":[],"product_cat":[313,560,73,126,133,311],"product_tag":[140,145,197,143,144],"woo-feed-brand":[],"class_list":{"0":"post-15560","1":"product","2":"type-product","3":"status-publish","4":"has-post-thumbnail","6":"product_cat-pincel-individual","7":"product_cat-maquiagem-final-de-ano","8":"product_cat-maria-margarida","9":"product_cat-pausa-para-feminices","10":"product_cat-pinceis","11":"product_cat-pincel-para-pele","12":"product_tag-acessorio","13":"product_tag-maria-margarida","14":"product_tag-pausa-para-feminices","15":"product_tag-pincel","16":"product_tag-pincel-de-maquiagem","17":"yith_product_brand-maria-margarida","18":"yith_product_brand-pausa-para-feminices","20":"first","21":"outofstock","22":"shipping-taxable","23":"purchasable","24":"product-type-simple"},"yoast_head":"<!-- This site is optimized with the Yoast SEO plugin v27.3 - https:\/\/yoast.com\/product\/yoast-seo-wordpress\/ -->\n<title>Pincel P\u00f3 Pausa para Feminices - Loja DB Makeup<\/title>\n<meta name=\"description\" content=\"O pincel de p\u00f3 grande da linha Pausa para Feminices e com a qualidade da Maria Margarida \u00e9 perfeito para a finaliza\u00e7\u00e3o de sua make!!\" \/>\n<meta name=\"robots\" content=\"index, follow, max-snippet:-1, max-image-preview:large, max-video-preview:-1\" \/>\n<link rel=\"canonical\" href=\"https:\/\/daniellebeatrizmakeup.com.br\/loja\/pincel-po-pausa-para-feminices\/\" \/>\n<meta property=\"og:locale\" content=\"pt_BR\" \/>\n<meta property=\"og:type\" content=\"article\" \/>\n<meta property=\"og:title\" content=\"Pincel P\u00f3 Pausa para Feminices - Loja DB Makeup\" \/>\n<meta property=\"og:description\" content=\"O pincel de p\u00f3 grande da linha Pausa para Feminices e com a qualidade da Maria Margarida \u00e9 perfeito para a finaliza\u00e7\u00e3o de sua make!!\" \/>\n<meta property=\"og:url\" content=\"https:\/\/daniellebeatrizmakeup.com.br\/loja\/pincel-po-pausa-para-feminices\/\" \/>\n<meta property=\"og:site_name\" content=\"Loja DB Makeup\" \/>\n<meta property=\"article:publisher\" content=\"https:\/\/www.facebook.com\/daniellebeatrizmakeup\" \/>\n<meta property=\"article:modified_time\" content=\"2025-06-22T05:47:45+00:00\" \/>\n<meta property=\"og:image\" content=\"https:\/\/daniellebeatrizmakeup.com.br\/loja\/wp-content\/uploads\/2021\/03\/ppf14-pincel-para-po-pausa-para-feminices-maria-margarida.jpg\" \/>\n\t<meta property=\"og:image:width\" content=\"1200\" \/>\n\t<meta property=\"og:image:height\" content=\"1200\" \/>\n\t<meta property=\"og:image:type\" content=\"image\/jpeg\" \/>\n<meta name=\"twitter:card\" content=\"summary_large_image\" \/>\n<meta name=\"twitter:site\" content=\"@danibetriz\" \/>\n<meta name=\"twitter:label1\" content=\"Est. tempo de leitura\" \/>\n\t<meta name=\"twitter:data1\" content=\"1 minuto\" \/>\n<script type=\"application\/ld+json\" class=\"yoast-schema-graph\">{\"@context\":\"https:\\\/\\\/schema.org\",\"@graph\":[{\"@type\":\"WebPage\",\"@id\":\"https:\\\/\\\/daniellebeatrizmakeup.com.br\\\/loja\\\/pincel-po-pausa-para-feminices\\\/\",\"url\":\"https:\\\/\\\/daniellebeatrizmakeup.com.br\\\/loja\\\/pincel-po-pausa-para-feminices\\\/\",\"name\":\"Pincel P\u00f3 Pausa para Feminices - Loja DB Makeup\",\"isPartOf\":{\"@id\":\"https:\\\/\\\/daniellebeatrizmakeup.com.br\\\/loja\\\/#website\"},\"primaryImageOfPage\":{\"@id\":\"https:\\\/\\\/daniellebeatrizmakeup.com.br\\\/loja\\\/pincel-po-pausa-para-feminices\\\/#primaryimage\"},\"image\":{\"@id\":\"https:\\\/\\\/daniellebeatrizmakeup.com.br\\\/loja\\\/pincel-po-pausa-para-feminices\\\/#primaryimage\"},\"thumbnailUrl\":\"https:\\\/\\\/daniellebeatrizmakeup.com.br\\\/loja\\\/wp-content\\\/uploads\\\/2021\\\/03\\\/ppf14-pincel-para-po-pausa-para-feminices-maria-margarida.jpg\",\"datePublished\":\"2021-03-19T16:19:46+00:00\",\"dateModified\":\"2025-06-22T05:47:45+00:00\",\"description\":\"O pincel de p\u00f3 grande da linha Pausa para Feminices e com a qualidade da Maria Margarida \u00e9 perfeito para a finaliza\u00e7\u00e3o de sua make!!\",\"breadcrumb\":{\"@id\":\"https:\\\/\\\/daniellebeatrizmakeup.com.br\\\/loja\\\/pincel-po-pausa-para-feminices\\\/#breadcrumb\"},\"inLanguage\":\"pt-BR\",\"potentialAction\":[{\"@type\":\"ReadAction\",\"target\":[\"https:\\\/\\\/daniellebeatrizmakeup.com.br\\\/loja\\\/pincel-po-pausa-para-feminices\\\/\"]}]},{\"@type\":\"ImageObject\",\"inLanguage\":\"pt-BR\",\"@id\":\"https:\\\/\\\/daniellebeatrizmakeup.com.br\\\/loja\\\/pincel-po-pausa-para-feminices\\\/#primaryimage\",\"url\":\"https:\\\/\\\/daniellebeatrizmakeup.com.br\\\/loja\\\/wp-content\\\/uploads\\\/2021\\\/03\\\/ppf14-pincel-para-po-pausa-para-feminices-maria-margarida.jpg\",\"contentUrl\":\"https:\\\/\\\/daniellebeatrizmakeup.com.br\\\/loja\\\/wp-content\\\/uploads\\\/2021\\\/03\\\/ppf14-pincel-para-po-pausa-para-feminices-maria-margarida.jpg\",\"width\":1200,\"height\":1200,\"caption\":\"PPF14 Pincel para P\u00f3 Pausa para Feminices\"},{\"@type\":\"BreadcrumbList\",\"@id\":\"https:\\\/\\\/daniellebeatrizmakeup.com.br\\\/loja\\\/pincel-po-pausa-para-feminices\\\/#breadcrumb\",\"itemListElement\":[{\"@type\":\"ListItem\",\"position\":1,\"name\":\"In\u00edcio\",\"item\":\"https:\\\/\\\/daniellebeatrizmakeup.com.br\\\/loja\\\/\"},{\"@type\":\"ListItem\",\"position\":2,\"name\":\"Todos\",\"item\":\"https:\\\/\\\/daniellebeatrizmakeup.com.br\\\/loja\\\/todos\\\/\"},{\"@type\":\"ListItem\",\"position\":3,\"name\":\"Pincel P\u00f3 Pausa para Feminices\"}]},{\"@type\":\"WebSite\",\"@id\":\"https:\\\/\\\/daniellebeatrizmakeup.com.br\\\/loja\\\/#website\",\"url\":\"https:\\\/\\\/daniellebeatrizmakeup.com.br\\\/loja\\\/\",\"name\":\"Loja DB Makeup\",\"description\":\"A melhor loja de maquiagem para real\u00e7ar a sua beleza\",\"publisher\":{\"@id\":\"https:\\\/\\\/daniellebeatrizmakeup.com.br\\\/loja\\\/#organization\"},\"potentialAction\":[{\"@type\":\"SearchAction\",\"target\":{\"@type\":\"EntryPoint\",\"urlTemplate\":\"https:\\\/\\\/daniellebeatrizmakeup.com.br\\\/loja\\\/?s={search_term_string}\"},\"query-input\":{\"@type\":\"PropertyValueSpecification\",\"valueRequired\":true,\"valueName\":\"search_term_string\"}}],\"inLanguage\":\"pt-BR\"},{\"@type\":\"Organization\",\"@id\":\"https:\\\/\\\/daniellebeatrizmakeup.com.br\\\/loja\\\/#organization\",\"name\":\"Danielle Beatriz Makeup\",\"url\":\"https:\\\/\\\/daniellebeatrizmakeup.com.br\\\/loja\\\/\",\"logo\":{\"@type\":\"ImageObject\",\"inLanguage\":\"pt-BR\",\"@id\":\"https:\\\/\\\/daniellebeatrizmakeup.com.br\\\/loja\\\/#\\\/schema\\\/logo\\\/image\\\/\",\"url\":\"https:\\\/\\\/daniellebeatrizmakeup.com.br\\\/loja\\\/wp-content\\\/uploads\\\/2020\\\/10\\\/logo-loja-db-makeup.png\",\"contentUrl\":\"https:\\\/\\\/daniellebeatrizmakeup.com.br\\\/loja\\\/wp-content\\\/uploads\\\/2020\\\/10\\\/logo-loja-db-makeup.png\",\"width\":500,\"height\":110,\"caption\":\"Danielle Beatriz Makeup\"},\"image\":{\"@id\":\"https:\\\/\\\/daniellebeatrizmakeup.com.br\\\/loja\\\/#\\\/schema\\\/logo\\\/image\\\/\"},\"sameAs\":[\"https:\\\/\\\/www.facebook.com\\\/daniellebeatrizmakeup\",\"https:\\\/\\\/x.com\\\/danibetriz\",\"https:\\\/\\\/www.instagram.com\\\/daniellebeatrizmakeup\",\"https:\\\/\\\/pinterest.com\\\/daniellebeatrizmakeup\",\"https:\\\/\\\/www.youtube.com\\\/DanielleBeatriz\"]}]}<\/script>\n<!-- \/ Yoast SEO plugin. -->","yoast_head_json":{"title":"Pincel P\u00f3 Pausa para Feminices - Loja DB Makeup","description":"O pincel de p\u00f3 grande da linha Pausa para Feminices e com a qualidade da Maria Margarida \u00e9 perfeito para a finaliza\u00e7\u00e3o de sua make!!","robots":{"index":"index","follow":"follow","max-snippet":"max-snippet:-1","max-image-preview":"max-image-preview:large","max-video-preview":"max-video-preview:-1"},"canonical":"https:\/\/daniellebeatrizmakeup.com.br\/loja\/pincel-po-pausa-para-feminices\/","og_locale":"pt_BR","og_type":"article","og_title":"Pincel P\u00f3 Pausa para Feminices - Loja DB Makeup","og_description":"O pincel de p\u00f3 grande da linha Pausa para Feminices e com a qualidade da Maria Margarida \u00e9 perfeito para a finaliza\u00e7\u00e3o de sua make!!","og_url":"https:\/\/daniellebeatrizmakeup.com.br\/loja\/pincel-po-pausa-para-feminices\/","og_site_name":"Loja DB Makeup","article_publisher":"https:\/\/www.facebook.com\/daniellebeatrizmakeup","article_modified_time":"2025-06-22T05:47:45+00:00","og_image":[{"width":1200,"height":1200,"url":"https:\/\/daniellebeatrizmakeup.com.br\/loja\/wp-content\/uploads\/2021\/03\/ppf14-pincel-para-po-pausa-para-feminices-maria-margarida.jpg","type":"image\/jpeg"}],"twitter_card":"summary_large_image","twitter_site":"@danibetriz","twitter_misc":{"Est. tempo de leitura":"1 minuto"},"schema":{"@context":"https:\/\/schema.org","@graph":[{"@type":"WebPage","@id":"https:\/\/daniellebeatrizmakeup.com.br\/loja\/pincel-po-pausa-para-feminices\/","url":"https:\/\/daniellebeatrizmakeup.com.br\/loja\/pincel-po-pausa-para-feminices\/","name":"Pincel P\u00f3 Pausa para Feminices - Loja DB Makeup","isPartOf":{"@id":"https:\/\/daniellebeatrizmakeup.com.br\/loja\/#website"},"primaryImageOfPage":{"@id":"https:\/\/daniellebeatrizmakeup.com.br\/loja\/pincel-po-pausa-para-feminices\/#primaryimage"},"image":{"@id":"https:\/\/daniellebeatrizmakeup.com.br\/loja\/pincel-po-pausa-para-feminices\/#primaryimage"},"thumbnailUrl":"https:\/\/daniellebeatrizmakeup.com.br\/loja\/wp-content\/uploads\/2021\/03\/ppf14-pincel-para-po-pausa-para-feminices-maria-margarida.jpg","datePublished":"2021-03-19T16:19:46+00:00","dateModified":"2025-06-22T05:47:45+00:00","description":"O pincel de p\u00f3 grande da linha Pausa para Feminices e com a qualidade da Maria Margarida \u00e9 perfeito para a finaliza\u00e7\u00e3o de sua make!!","breadcrumb":{"@id":"https:\/\/daniellebeatrizmakeup.com.br\/loja\/pincel-po-pausa-para-feminices\/#breadcrumb"},"inLanguage":"pt-BR","potentialAction":[{"@type":"ReadAction","target":["https:\/\/daniellebeatrizmakeup.com.br\/loja\/pincel-po-pausa-para-feminices\/"]}]},{"@type":"ImageObject","inLanguage":"pt-BR","@id":"https:\/\/daniellebeatrizmakeup.com.br\/loja\/pincel-po-pausa-para-feminices\/#primaryimage","url":"https:\/\/daniellebeatrizmakeup.com.br\/loja\/wp-content\/uploads\/2021\/03\/ppf14-pincel-para-po-pausa-para-feminices-maria-margarida.jpg","contentUrl":"https:\/\/daniellebeatrizmakeup.com.br\/loja\/wp-content\/uploads\/2021\/03\/ppf14-pincel-para-po-pausa-para-feminices-maria-margarida.jpg","width":1200,"height":1200,"caption":"PPF14 Pincel para P\u00f3 Pausa para Feminices"},{"@type":"BreadcrumbList","@id":"https:\/\/daniellebeatrizmakeup.com.br\/loja\/pincel-po-pausa-para-feminices\/#breadcrumb","itemListElement":[{"@type":"ListItem","position":1,"name":"In\u00edcio","item":"https:\/\/daniellebeatrizmakeup.com.br\/loja\/"},{"@type":"ListItem","position":2,"name":"Todos","item":"https:\/\/daniellebeatrizmakeup.com.br\/loja\/todos\/"},{"@type":"ListItem","position":3,"name":"Pincel P\u00f3 Pausa para Feminices"}]},{"@type":"WebSite","@id":"https:\/\/daniellebeatrizmakeup.com.br\/loja\/#website","url":"https:\/\/daniellebeatrizmakeup.com.br\/loja\/","name":"Loja DB Makeup","description":"A melhor loja de maquiagem para real\u00e7ar a sua beleza","publisher":{"@id":"https:\/\/daniellebeatrizmakeup.com.br\/loja\/#organization"},"potentialAction":[{"@type":"SearchAction","target":{"@type":"EntryPoint","urlTemplate":"https:\/\/daniellebeatrizmakeup.com.br\/loja\/?s={search_term_string}"},"query-input":{"@type":"PropertyValueSpecification","valueRequired":true,"valueName":"search_term_string"}}],"inLanguage":"pt-BR"},{"@type":"Organization","@id":"https:\/\/daniellebeatrizmakeup.com.br\/loja\/#organization","name":"Danielle Beatriz Makeup","url":"https:\/\/daniellebeatrizmakeup.com.br\/loja\/","logo":{"@type":"ImageObject","inLanguage":"pt-BR","@id":"https:\/\/daniellebeatrizmakeup.com.br\/loja\/#\/schema\/logo\/image\/","url":"https:\/\/daniellebeatrizmakeup.com.br\/loja\/wp-content\/uploads\/2020\/10\/logo-loja-db-makeup.png","contentUrl":"https:\/\/daniellebeatrizmakeup.com.br\/loja\/wp-content\/uploads\/2020\/10\/logo-loja-db-makeup.png","width":500,"height":110,"caption":"Danielle Beatriz Makeup"},"image":{"@id":"https:\/\/daniellebeatrizmakeup.com.br\/loja\/#\/schema\/logo\/image\/"},"sameAs":["https:\/\/www.facebook.com\/daniellebeatrizmakeup","https:\/\/x.com\/danibetriz","https:\/\/www.instagram.com\/daniellebeatrizmakeup","https:\/\/pinterest.com\/daniellebeatrizmakeup","https:\/\/www.youtube.com\/DanielleBeatriz"]}]}},"jetpack_sharing_enabled":true,"_links":{"self":[{"href":"https:\/\/daniellebeatrizmakeup.com.br\/loja\/wp-json\/wp\/v2\/product\/15560","targetHints":{"allow":["GET"]}}],"collection":[{"href":"https:\/\/daniellebeatrizmakeup.com.br\/loja\/wp-json\/wp\/v2\/product"}],"about":[{"href":"https:\/\/daniellebeatrizmakeup.com.br\/loja\/wp-json\/wp\/v2\/types\/product"}],"replies":[{"embeddable":true,"href":"https:\/\/daniellebeatrizmakeup.com.br\/loja\/wp-json\/wp\/v2\/comments?post=15560"}],"version-history":[{"count":2,"href":"https:\/\/daniellebeatrizmakeup.com.br\/loja\/wp-json\/wp\/v2\/product\/15560\/revisions"}],"predecessor-version":[{"id":55441,"href":"https:\/\/daniellebeatrizmakeup.com.br\/loja\/wp-json\/wp\/v2\/product\/15560\/revisions\/55441"}],"wp:featuredmedia":[{"embeddable":true,"href":"https:\/\/daniellebeatrizmakeup.com.br\/loja\/wp-json\/wp\/v2\/media\/27266"}],"wp:attachment":[{"href":"https:\/\/daniellebeatrizmakeup.com.br\/loja\/wp-json\/wp\/v2\/media?parent=15560"}],"wp:term":[{"taxonomy":"product_brand","embeddable":true,"href":"https:\/\/daniellebeatrizmakeup.com.br\/loja\/wp-json\/wp\/v2\/product_brand?post=15560"},{"taxonomy":"product_cat","embeddable":true,"href":"https:\/\/daniellebeatrizmakeup.com.br\/loja\/wp-json\/wp\/v2\/product_cat?post=15560"},{"taxonomy":"product_tag","embeddable":true,"href":"https:\/\/daniellebeatrizmakeup.com.br\/loja\/wp-json\/wp\/v2\/product_tag?post=15560"},{"taxonomy":"woo-feed-brand","embeddable":true,"href":"https:\/\/daniellebeatrizmakeup.com.br\/loja\/wp-json\/wp\/v2\/woo-feed-brand?post=15560"}],"curies":[{"name":"wp","href":"https:\/\/api.w.org\/{rel}","templated":true}]}}