{"id":15460,"date":"2021-03-19T13:16:57","date_gmt":"2021-03-19T16:16:57","guid":{"rendered":"https:\/\/loja.daniellebeatrizmakeup.com.br\/?post_type=product&#038;p=15460"},"modified":"2025-06-18T21:33:25","modified_gmt":"2025-06-19T00:33:25","slug":"mini-pincel-sombra-maria-margarida","status":"publish","type":"product","link":"https:\/\/daniellebeatrizmakeup.com.br\/loja\/mini-pincel-sombra-maria-margarida\/","title":{"rendered":"Mini Pincel Sombra O18 Maria Margarida"},"content":{"rendered":"<p>O O18 da <a href=\"https:\/\/daniellebeatrizmakeup.com.br\/loja\/maria-margarida\/\">Maria Margarida<\/a> \u00e9 um Mini Pincel Sombra que apresenta uma suave e densa cabe\u00e7a de escova quadrada com bordas ligeiramente arredondadas. Este mini pincel de sombra funciona melhor para uma aplica\u00e7\u00e3o completa de cor com tons mais claros. Seu formato mini \u00e9 ideal para aplicar sombra com precis\u00e3o. Voc\u00ea pode ainda esfumar o encontro de duas cores de sombra dando acabamento super profissional. Aplique sombra no cantinho interno do olho, na p\u00e1lpebra m\u00f3vel e tamb\u00e9m abaixo da sobrancelha.<\/p>\n<p>Caracter\u00edsticas: cerdas macias e densas.<\/p>\n<p>Fun\u00e7\u00e3o: aplica\u00e7\u00e3o de cor nas p\u00e1lpebras.<\/p>\n<p>Uso recomendado: coloque a cor em todas as cerdas para uma aplica\u00e7\u00e3o uniforme e forte do produto.<\/p>\n<p>Tipo cerda: Natural (pelo de cabra).<\/p>\n<p>Tamanho: Comprimento (14,7cm) Largura (0,6cm) Comprimento cerdas (0,7cm)<\/p>\n<p>Dicas de cuidados:<\/p>\n<ul>\n<li>Mantenha a <a href=\"https:\/\/www.instagram.com\/p\/Bzyvuhpgcsq\/\">higieniza\u00e7\u00e3o dos pinc\u00e9is<\/a> com produtos adequados, dessa forma as cerdas continuar\u00e3o sempre macias, livres de fungos e bact\u00e9rias.<\/li>\n<li>Com as cerdas para baixo lave com sab\u00e3o neutro, em seguida enx\u00e1gue e remova o excesso de \u00e1gua apertando com os dedos. Deixe secar na posi\u00e7\u00e3o horizontal, e evite molhar o cabo.<\/li>\n<li>O intervalo entre cada lavagem ser\u00e1 de acordo com o seu uso, se usar muito, lave com frequ\u00eancia.<\/li>\n<\/ul>\n","protected":false},"excerpt":{"rendered":"<p>O O18 da Maria Margarida \u00e9 um Mini Pincel Sombra que apresenta uma suave e densa cabe\u00e7a de escova quadrada com bordas ligeiramente arredondadas. Este mini pincel de sombra funciona melhor para uma aplica\u00e7\u00e3o completa de cor com tons mais claros. Seu formato mini \u00e9 ideal para aplicar sombra com precis\u00e3o. Voc\u00ea pode ainda esfumar o encontro de duas cores de sombra dando acabamento super profissional. Aplique sombra no cantinho interno do olho, na p\u00e1lpebra m\u00f3vel e tamb\u00e9m abaixo da sobrancelha.<\/p>\n","protected":false},"featured_media":22993,"comment_status":"open","ping_status":"closed","template":"","meta":{"_mbp_gutenberg_autopost":false},"product_brand":[],"product_cat":[313,73,312,133],"product_tag":[140,145,143,144],"woo-feed-brand":[],"class_list":{"0":"post-15460","1":"product","2":"type-product","3":"status-publish","4":"has-post-thumbnail","6":"product_cat-pincel-individual","7":"product_cat-maria-margarida","8":"product_cat-pincel-para-olhos","9":"product_cat-pinceis","10":"product_tag-acessorio","11":"product_tag-maria-margarida","12":"product_tag-pincel","13":"product_tag-pincel-de-maquiagem","14":"yith_product_brand-maria-margarida","16":"first","17":"instock","18":"featured","19":"shipping-taxable","20":"purchasable","21":"product-type-simple"},"yoast_head":"<!-- This site is optimized with the Yoast SEO plugin v27.5 - https:\/\/yoast.com\/product\/yoast-seo-wordpress\/ -->\n<title>Mini Pincel Sombra O18 Maria Margarida - Loja DB Makeup<\/title>\n<meta name=\"description\" content=\"O O30 \u00e9 um mini pincel sombra com ponta macia e afunilada ideal para marcar o c\u00f4ncavo e para aplicar sombra rente aos c\u00edlios.\" \/>\n<meta name=\"robots\" content=\"index, follow, max-snippet:-1, max-image-preview:large, max-video-preview:-1\" \/>\n<link rel=\"canonical\" href=\"https:\/\/daniellebeatrizmakeup.com.br\/loja\/mini-pincel-sombra-maria-margarida\/\" \/>\n<meta property=\"og:locale\" content=\"pt_BR\" \/>\n<meta property=\"og:type\" content=\"article\" \/>\n<meta property=\"og:title\" content=\"Mini Pincel Sombra O18 Maria Margarida - Loja DB Makeup\" \/>\n<meta property=\"og:description\" content=\"O O30 \u00e9 um mini pincel sombra com ponta macia e afunilada ideal para marcar o c\u00f4ncavo e para aplicar sombra rente aos c\u00edlios.\" \/>\n<meta property=\"og:url\" content=\"https:\/\/daniellebeatrizmakeup.com.br\/loja\/mini-pincel-sombra-maria-margarida\/\" \/>\n<meta property=\"og:site_name\" content=\"Loja DB Makeup\" \/>\n<meta property=\"article:publisher\" content=\"https:\/\/www.facebook.com\/daniellebeatrizmakeup\" \/>\n<meta property=\"article:modified_time\" content=\"2025-06-19T00:33:25+00:00\" \/>\n<meta property=\"og:image\" content=\"https:\/\/daniellebeatrizmakeup.com.br\/loja\/wp-content\/uploads\/2021\/02\/o18-pincel-para-sombra-mini-maria-margarida-2.jpg\" \/>\n\t<meta property=\"og:image:width\" content=\"1200\" \/>\n\t<meta property=\"og:image:height\" content=\"1200\" \/>\n\t<meta property=\"og:image:type\" content=\"image\/jpeg\" \/>\n<meta name=\"twitter:card\" content=\"summary_large_image\" \/>\n<meta name=\"twitter:site\" content=\"@danibetriz\" \/>\n<meta name=\"twitter:label1\" content=\"Est. tempo de leitura\" \/>\n\t<meta name=\"twitter:data1\" content=\"1 minuto\" \/>\n<script type=\"application\/ld+json\" class=\"yoast-schema-graph\">{\"@context\":\"https:\\\/\\\/schema.org\",\"@graph\":[{\"@type\":\"WebPage\",\"@id\":\"https:\\\/\\\/daniellebeatrizmakeup.com.br\\\/loja\\\/mini-pincel-sombra-maria-margarida\\\/\",\"url\":\"https:\\\/\\\/daniellebeatrizmakeup.com.br\\\/loja\\\/mini-pincel-sombra-maria-margarida\\\/\",\"name\":\"Mini Pincel Sombra O18 Maria Margarida - Loja DB Makeup\",\"isPartOf\":{\"@id\":\"https:\\\/\\\/daniellebeatrizmakeup.com.br\\\/loja\\\/#website\"},\"primaryImageOfPage\":{\"@id\":\"https:\\\/\\\/daniellebeatrizmakeup.com.br\\\/loja\\\/mini-pincel-sombra-maria-margarida\\\/#primaryimage\"},\"image\":{\"@id\":\"https:\\\/\\\/daniellebeatrizmakeup.com.br\\\/loja\\\/mini-pincel-sombra-maria-margarida\\\/#primaryimage\"},\"thumbnailUrl\":\"https:\\\/\\\/daniellebeatrizmakeup.com.br\\\/loja\\\/wp-content\\\/uploads\\\/2021\\\/02\\\/o18-pincel-para-sombra-mini-maria-margarida-2.jpg\",\"datePublished\":\"2021-03-19T16:16:57+00:00\",\"dateModified\":\"2025-06-19T00:33:25+00:00\",\"description\":\"O O30 \u00e9 um mini pincel sombra com ponta macia e afunilada ideal para marcar o c\u00f4ncavo e para aplicar sombra rente aos c\u00edlios.\",\"breadcrumb\":{\"@id\":\"https:\\\/\\\/daniellebeatrizmakeup.com.br\\\/loja\\\/mini-pincel-sombra-maria-margarida\\\/#breadcrumb\"},\"inLanguage\":\"pt-BR\",\"potentialAction\":[{\"@type\":\"ReadAction\",\"target\":[\"https:\\\/\\\/daniellebeatrizmakeup.com.br\\\/loja\\\/mini-pincel-sombra-maria-margarida\\\/\"]}]},{\"@type\":\"ImageObject\",\"inLanguage\":\"pt-BR\",\"@id\":\"https:\\\/\\\/daniellebeatrizmakeup.com.br\\\/loja\\\/mini-pincel-sombra-maria-margarida\\\/#primaryimage\",\"url\":\"https:\\\/\\\/daniellebeatrizmakeup.com.br\\\/loja\\\/wp-content\\\/uploads\\\/2021\\\/02\\\/o18-pincel-para-sombra-mini-maria-margarida-2.jpg\",\"contentUrl\":\"https:\\\/\\\/daniellebeatrizmakeup.com.br\\\/loja\\\/wp-content\\\/uploads\\\/2021\\\/02\\\/o18-pincel-para-sombra-mini-maria-margarida-2.jpg\",\"width\":1200,\"height\":1200,\"caption\":\"O18 Pincel para Sombra Mini Maria Margarida\"},{\"@type\":\"BreadcrumbList\",\"@id\":\"https:\\\/\\\/daniellebeatrizmakeup.com.br\\\/loja\\\/mini-pincel-sombra-maria-margarida\\\/#breadcrumb\",\"itemListElement\":[{\"@type\":\"ListItem\",\"position\":1,\"name\":\"In\u00edcio\",\"item\":\"https:\\\/\\\/daniellebeatrizmakeup.com.br\\\/loja\\\/\"},{\"@type\":\"ListItem\",\"position\":2,\"name\":\"Todos\",\"item\":\"https:\\\/\\\/daniellebeatrizmakeup.com.br\\\/loja\\\/todos\\\/\"},{\"@type\":\"ListItem\",\"position\":3,\"name\":\"Mini Pincel Sombra O18 Maria Margarida\"}]},{\"@type\":\"WebSite\",\"@id\":\"https:\\\/\\\/daniellebeatrizmakeup.com.br\\\/loja\\\/#website\",\"url\":\"https:\\\/\\\/daniellebeatrizmakeup.com.br\\\/loja\\\/\",\"name\":\"Loja DB Makeup\",\"description\":\"A melhor loja de maquiagem para real\u00e7ar a sua beleza\",\"publisher\":{\"@id\":\"https:\\\/\\\/daniellebeatrizmakeup.com.br\\\/loja\\\/#organization\"},\"potentialAction\":[{\"@type\":\"SearchAction\",\"target\":{\"@type\":\"EntryPoint\",\"urlTemplate\":\"https:\\\/\\\/daniellebeatrizmakeup.com.br\\\/loja\\\/?s={search_term_string}\"},\"query-input\":{\"@type\":\"PropertyValueSpecification\",\"valueRequired\":true,\"valueName\":\"search_term_string\"}}],\"inLanguage\":\"pt-BR\"},{\"@type\":\"Organization\",\"@id\":\"https:\\\/\\\/daniellebeatrizmakeup.com.br\\\/loja\\\/#organization\",\"name\":\"Danielle Beatriz Makeup\",\"url\":\"https:\\\/\\\/daniellebeatrizmakeup.com.br\\\/loja\\\/\",\"logo\":{\"@type\":\"ImageObject\",\"inLanguage\":\"pt-BR\",\"@id\":\"https:\\\/\\\/daniellebeatrizmakeup.com.br\\\/loja\\\/#\\\/schema\\\/logo\\\/image\\\/\",\"url\":\"https:\\\/\\\/daniellebeatrizmakeup.com.br\\\/loja\\\/wp-content\\\/uploads\\\/2020\\\/10\\\/logo-loja-db-makeup.png\",\"contentUrl\":\"https:\\\/\\\/daniellebeatrizmakeup.com.br\\\/loja\\\/wp-content\\\/uploads\\\/2020\\\/10\\\/logo-loja-db-makeup.png\",\"width\":500,\"height\":110,\"caption\":\"Danielle Beatriz Makeup\"},\"image\":{\"@id\":\"https:\\\/\\\/daniellebeatrizmakeup.com.br\\\/loja\\\/#\\\/schema\\\/logo\\\/image\\\/\"},\"sameAs\":[\"https:\\\/\\\/www.facebook.com\\\/daniellebeatrizmakeup\",\"https:\\\/\\\/x.com\\\/danibetriz\",\"https:\\\/\\\/www.instagram.com\\\/daniellebeatrizmakeup\",\"https:\\\/\\\/pinterest.com\\\/daniellebeatrizmakeup\",\"https:\\\/\\\/www.youtube.com\\\/DanielleBeatriz\"]}]}<\/script>\n<!-- \/ Yoast SEO plugin. -->","yoast_head_json":{"title":"Mini Pincel Sombra O18 Maria Margarida - Loja DB Makeup","description":"O O30 \u00e9 um mini pincel sombra com ponta macia e afunilada ideal para marcar o c\u00f4ncavo e para aplicar sombra rente aos c\u00edlios.","robots":{"index":"index","follow":"follow","max-snippet":"max-snippet:-1","max-image-preview":"max-image-preview:large","max-video-preview":"max-video-preview:-1"},"canonical":"https:\/\/daniellebeatrizmakeup.com.br\/loja\/mini-pincel-sombra-maria-margarida\/","og_locale":"pt_BR","og_type":"article","og_title":"Mini Pincel Sombra O18 Maria Margarida - Loja DB Makeup","og_description":"O O30 \u00e9 um mini pincel sombra com ponta macia e afunilada ideal para marcar o c\u00f4ncavo e para aplicar sombra rente aos c\u00edlios.","og_url":"https:\/\/daniellebeatrizmakeup.com.br\/loja\/mini-pincel-sombra-maria-margarida\/","og_site_name":"Loja DB Makeup","article_publisher":"https:\/\/www.facebook.com\/daniellebeatrizmakeup","article_modified_time":"2025-06-19T00:33:25+00:00","og_image":[{"width":1200,"height":1200,"url":"https:\/\/daniellebeatrizmakeup.com.br\/loja\/wp-content\/uploads\/2021\/02\/o18-pincel-para-sombra-mini-maria-margarida-2.jpg","type":"image\/jpeg"}],"twitter_card":"summary_large_image","twitter_site":"@danibetriz","twitter_misc":{"Est. tempo de leitura":"1 minuto"},"schema":{"@context":"https:\/\/schema.org","@graph":[{"@type":"WebPage","@id":"https:\/\/daniellebeatrizmakeup.com.br\/loja\/mini-pincel-sombra-maria-margarida\/","url":"https:\/\/daniellebeatrizmakeup.com.br\/loja\/mini-pincel-sombra-maria-margarida\/","name":"Mini Pincel Sombra O18 Maria Margarida - Loja DB Makeup","isPartOf":{"@id":"https:\/\/daniellebeatrizmakeup.com.br\/loja\/#website"},"primaryImageOfPage":{"@id":"https:\/\/daniellebeatrizmakeup.com.br\/loja\/mini-pincel-sombra-maria-margarida\/#primaryimage"},"image":{"@id":"https:\/\/daniellebeatrizmakeup.com.br\/loja\/mini-pincel-sombra-maria-margarida\/#primaryimage"},"thumbnailUrl":"https:\/\/daniellebeatrizmakeup.com.br\/loja\/wp-content\/uploads\/2021\/02\/o18-pincel-para-sombra-mini-maria-margarida-2.jpg","datePublished":"2021-03-19T16:16:57+00:00","dateModified":"2025-06-19T00:33:25+00:00","description":"O O30 \u00e9 um mini pincel sombra com ponta macia e afunilada ideal para marcar o c\u00f4ncavo e para aplicar sombra rente aos c\u00edlios.","breadcrumb":{"@id":"https:\/\/daniellebeatrizmakeup.com.br\/loja\/mini-pincel-sombra-maria-margarida\/#breadcrumb"},"inLanguage":"pt-BR","potentialAction":[{"@type":"ReadAction","target":["https:\/\/daniellebeatrizmakeup.com.br\/loja\/mini-pincel-sombra-maria-margarida\/"]}]},{"@type":"ImageObject","inLanguage":"pt-BR","@id":"https:\/\/daniellebeatrizmakeup.com.br\/loja\/mini-pincel-sombra-maria-margarida\/#primaryimage","url":"https:\/\/daniellebeatrizmakeup.com.br\/loja\/wp-content\/uploads\/2021\/02\/o18-pincel-para-sombra-mini-maria-margarida-2.jpg","contentUrl":"https:\/\/daniellebeatrizmakeup.com.br\/loja\/wp-content\/uploads\/2021\/02\/o18-pincel-para-sombra-mini-maria-margarida-2.jpg","width":1200,"height":1200,"caption":"O18 Pincel para Sombra Mini Maria Margarida"},{"@type":"BreadcrumbList","@id":"https:\/\/daniellebeatrizmakeup.com.br\/loja\/mini-pincel-sombra-maria-margarida\/#breadcrumb","itemListElement":[{"@type":"ListItem","position":1,"name":"In\u00edcio","item":"https:\/\/daniellebeatrizmakeup.com.br\/loja\/"},{"@type":"ListItem","position":2,"name":"Todos","item":"https:\/\/daniellebeatrizmakeup.com.br\/loja\/todos\/"},{"@type":"ListItem","position":3,"name":"Mini Pincel Sombra O18 Maria Margarida"}]},{"@type":"WebSite","@id":"https:\/\/daniellebeatrizmakeup.com.br\/loja\/#website","url":"https:\/\/daniellebeatrizmakeup.com.br\/loja\/","name":"Loja DB Makeup","description":"A melhor loja de maquiagem para real\u00e7ar a sua beleza","publisher":{"@id":"https:\/\/daniellebeatrizmakeup.com.br\/loja\/#organization"},"potentialAction":[{"@type":"SearchAction","target":{"@type":"EntryPoint","urlTemplate":"https:\/\/daniellebeatrizmakeup.com.br\/loja\/?s={search_term_string}"},"query-input":{"@type":"PropertyValueSpecification","valueRequired":true,"valueName":"search_term_string"}}],"inLanguage":"pt-BR"},{"@type":"Organization","@id":"https:\/\/daniellebeatrizmakeup.com.br\/loja\/#organization","name":"Danielle Beatriz Makeup","url":"https:\/\/daniellebeatrizmakeup.com.br\/loja\/","logo":{"@type":"ImageObject","inLanguage":"pt-BR","@id":"https:\/\/daniellebeatrizmakeup.com.br\/loja\/#\/schema\/logo\/image\/","url":"https:\/\/daniellebeatrizmakeup.com.br\/loja\/wp-content\/uploads\/2020\/10\/logo-loja-db-makeup.png","contentUrl":"https:\/\/daniellebeatrizmakeup.com.br\/loja\/wp-content\/uploads\/2020\/10\/logo-loja-db-makeup.png","width":500,"height":110,"caption":"Danielle Beatriz Makeup"},"image":{"@id":"https:\/\/daniellebeatrizmakeup.com.br\/loja\/#\/schema\/logo\/image\/"},"sameAs":["https:\/\/www.facebook.com\/daniellebeatrizmakeup","https:\/\/x.com\/danibetriz","https:\/\/www.instagram.com\/daniellebeatrizmakeup","https:\/\/pinterest.com\/daniellebeatrizmakeup","https:\/\/www.youtube.com\/DanielleBeatriz"]}]}},"jetpack_sharing_enabled":true,"_links":{"self":[{"href":"https:\/\/daniellebeatrizmakeup.com.br\/loja\/wp-json\/wp\/v2\/product\/15460","targetHints":{"allow":["GET"]}}],"collection":[{"href":"https:\/\/daniellebeatrizmakeup.com.br\/loja\/wp-json\/wp\/v2\/product"}],"about":[{"href":"https:\/\/daniellebeatrizmakeup.com.br\/loja\/wp-json\/wp\/v2\/types\/product"}],"replies":[{"embeddable":true,"href":"https:\/\/daniellebeatrizmakeup.com.br\/loja\/wp-json\/wp\/v2\/comments?post=15460"}],"version-history":[{"count":4,"href":"https:\/\/daniellebeatrizmakeup.com.br\/loja\/wp-json\/wp\/v2\/product\/15460\/revisions"}],"predecessor-version":[{"id":55442,"href":"https:\/\/daniellebeatrizmakeup.com.br\/loja\/wp-json\/wp\/v2\/product\/15460\/revisions\/55442"}],"wp:featuredmedia":[{"embeddable":true,"href":"https:\/\/daniellebeatrizmakeup.com.br\/loja\/wp-json\/wp\/v2\/media\/22993"}],"wp:attachment":[{"href":"https:\/\/daniellebeatrizmakeup.com.br\/loja\/wp-json\/wp\/v2\/media?parent=15460"}],"wp:term":[{"taxonomy":"product_brand","embeddable":true,"href":"https:\/\/daniellebeatrizmakeup.com.br\/loja\/wp-json\/wp\/v2\/product_brand?post=15460"},{"taxonomy":"product_cat","embeddable":true,"href":"https:\/\/daniellebeatrizmakeup.com.br\/loja\/wp-json\/wp\/v2\/product_cat?post=15460"},{"taxonomy":"product_tag","embeddable":true,"href":"https:\/\/daniellebeatrizmakeup.com.br\/loja\/wp-json\/wp\/v2\/product_tag?post=15460"},{"taxonomy":"woo-feed-brand","embeddable":true,"href":"https:\/\/daniellebeatrizmakeup.com.br\/loja\/wp-json\/wp\/v2\/woo-feed-brand?post=15460"}],"curies":[{"name":"wp","href":"https:\/\/api.w.org\/{rel}","templated":true}]}}