{"id":1226,"date":"2020-07-08T12:34:27","date_gmt":"2020-07-08T15:34:27","guid":{"rendered":"https:\/\/loja.daniellebeatrizmakeup.com.br\/index.php\/produto\/import-placeholder-for-1083\/"},"modified":"2023-12-06T05:41:51","modified_gmt":"2023-12-06T08:41:51","slug":"lapis-delineador-ruby-rose","status":"publish","type":"product","link":"https:\/\/daniellebeatrizmakeup.com.br\/loja\/lapis-delineador-ruby-rose\/","title":{"rendered":"L\u00e1pis Delineador \u00e0 Prova D`\u00c1gua Ruby Rose"},"content":{"rendered":"<p>O <a href=\"https:\/\/www.instagram.com\/p\/B-8dmGkDtRm\/\">L\u00e1pis Delineador para Olhos Ruby<\/a> Rose tem a textura macia, desliza facilmente, e ainda mais com fixa\u00e7\u00e3o duradoura e alta pigmenta\u00e7\u00e3o, utilize como <a href=\"https:\/\/daniellebeatrizmakeup.com.br\/loja\/lapis\/\">l\u00e1pis para olhos<\/a> ou <a href=\"https:\/\/daniellebeatrizmakeup.com.br\/loja\/delineador\/\">delineador<\/a>. Ele \u00e9 muito resistente a \u00e1gua e portanto garante um resultado perfeito por mais tempo.<\/p>\n<ul>\n<li>Cor: Preto<\/li>\n<li>Benef\u00edcios: \u00c0 prova d\u2019agua<\/li>\n<\/ul>\n<h2>Modo de uso<\/h2>\n<ul>\n<li>Ap\u00f3s a finaliza\u00e7\u00e3o da maquiagem, ou at\u00e9 mesmo antes, aplique o L\u00e1pis Delineador Ruby Rose na linha d&#8217;\u00e1gua e rente \u00e0 linha dos c\u00edlios inferiores, assim tamb\u00e9m para um melhor acabamento, esfume a bordinha e finalize com um pouco de sombra.<\/li>\n<li>Voc\u00ea tamb\u00e9m consegue fazer um <a href=\"https:\/\/www.instagram.com\/p\/B-yFCwHD9l5\/\">delineado com esse l\u00e1pis<\/a>, pois \u00e9 bem preto e macio, aplique com um tra\u00e7o mais certinho, ou esfume a bordinha para se adaptar melhor aos seus olhos.<\/li>\n<li>Dica: utilize um apontador de maquiagem para apontar quando necess\u00e1rio, ou quando quiser a ponta mais fina.<\/li>\n<\/ul>\n<h2>Precau\u00e7\u00f5es<\/h2>\n<p>Uso externo. N\u00e3o aplique sobre a pele irritada ou lesionada. Se houver qualquer sinal de irrita\u00e7\u00e3o, descontinue o uso do produto. Evite calor excessivo. Mantenha a embalagem bem fechada e fora do alcance de crian\u00e7as.<\/p>\n","protected":false},"excerpt":{"rendered":"<p>O L\u00e1pis Delineador para Olhos Ruby Rose tem a textura macia, desliza facilmente, e ainda mais com fixa\u00e7\u00e3o duradoura e alta pigmenta\u00e7\u00e3o, utilize como l\u00e1pis para olhos ou delineador. Ele \u00e9 muito resistente a \u00e1gua e portanto garante um resultado perfeito por mais tempo.<\/p>\n","protected":false},"featured_media":1485,"comment_status":"open","ping_status":"closed","template":"","meta":{"_mbp_gutenberg_autopost":false},"product_brand":[],"product_cat":[131,79,74],"product_tag":[175,178,176,177,179,180,805],"woo-feed-brand":[],"class_list":{"0":"post-1226","1":"product","2":"type-product","3":"status-publish","4":"has-post-thumbnail","6":"product_cat-lapis","7":"product_cat-olhos","8":"product_cat-ruby-rose","9":"product_tag-a-prova-dagua","10":"product_tag-delineador","11":"product_tag-lapis","12":"product_tag-lapis-de-olhos","13":"product_tag-lapis-delineador","14":"product_tag-lapis-preto","15":"product_tag-ruby-rose","16":"yith_product_brand-ruby-rose","18":"first","19":"outofstock","20":"shipping-taxable","21":"purchasable","22":"product-type-simple"},"yoast_head":"<!-- This site is optimized with the Yoast SEO plugin v27.5 - https:\/\/yoast.com\/product\/yoast-seo-wordpress\/ -->\n<title>L\u00e1pis Delineador \u00e0 Prova D`\u00c1gua Ruby Rose - Loja DB Makeup<\/title>\n<meta name=\"description\" content=\"O L\u00e1pis Delineador para Olhos Ruby Rose desliza facilmente, tem fixa\u00e7\u00e3o duradoura e alta pigmenta\u00e7\u00e3o, e \u00e9 muito resistente a \u00e1gua.\" \/>\n<meta name=\"robots\" content=\"index, follow, max-snippet:-1, max-image-preview:large, max-video-preview:-1\" \/>\n<link rel=\"canonical\" href=\"https:\/\/daniellebeatrizmakeup.com.br\/loja\/lapis-delineador-ruby-rose\/\" \/>\n<meta property=\"og:locale\" content=\"pt_BR\" \/>\n<meta property=\"og:type\" content=\"article\" \/>\n<meta property=\"og:title\" content=\"L\u00e1pis Delineador \u00e0 Prova D`\u00c1gua Ruby Rose - Loja DB Makeup\" \/>\n<meta property=\"og:description\" content=\"O L\u00e1pis Delineador para Olhos Ruby Rose desliza facilmente, tem fixa\u00e7\u00e3o duradoura e alta pigmenta\u00e7\u00e3o, e \u00e9 muito resistente a \u00e1gua.\" \/>\n<meta property=\"og:url\" content=\"https:\/\/daniellebeatrizmakeup.com.br\/loja\/lapis-delineador-ruby-rose\/\" \/>\n<meta property=\"og:site_name\" content=\"Loja DB Makeup\" \/>\n<meta property=\"article:publisher\" content=\"https:\/\/www.facebook.com\/daniellebeatrizmakeup\" \/>\n<meta property=\"article:modified_time\" content=\"2023-12-06T08:41:51+00:00\" \/>\n<meta property=\"og:image\" content=\"https:\/\/daniellebeatrizmakeup.com.br\/loja\/wp-content\/uploads\/2020\/07\/lapis-para-olhos-ruby-rose-hb050-2.jpg\" \/>\n\t<meta property=\"og:image:width\" content=\"730\" \/>\n\t<meta property=\"og:image:height\" content=\"720\" \/>\n\t<meta property=\"og:image:type\" content=\"image\/jpeg\" \/>\n<meta name=\"twitter:card\" content=\"summary_large_image\" \/>\n<meta name=\"twitter:site\" content=\"@danibetriz\" \/>\n<meta name=\"twitter:label1\" content=\"Est. tempo de leitura\" \/>\n\t<meta name=\"twitter:data1\" content=\"1 minuto\" \/>\n<script type=\"application\/ld+json\" class=\"yoast-schema-graph\">{\"@context\":\"https:\\\/\\\/schema.org\",\"@graph\":[{\"@type\":\"WebPage\",\"@id\":\"https:\\\/\\\/daniellebeatrizmakeup.com.br\\\/loja\\\/lapis-delineador-ruby-rose\\\/\",\"url\":\"https:\\\/\\\/daniellebeatrizmakeup.com.br\\\/loja\\\/lapis-delineador-ruby-rose\\\/\",\"name\":\"L\u00e1pis Delineador \u00e0 Prova D`\u00c1gua Ruby Rose - Loja DB Makeup\",\"isPartOf\":{\"@id\":\"https:\\\/\\\/daniellebeatrizmakeup.com.br\\\/loja\\\/#website\"},\"primaryImageOfPage\":{\"@id\":\"https:\\\/\\\/daniellebeatrizmakeup.com.br\\\/loja\\\/lapis-delineador-ruby-rose\\\/#primaryimage\"},\"image\":{\"@id\":\"https:\\\/\\\/daniellebeatrizmakeup.com.br\\\/loja\\\/lapis-delineador-ruby-rose\\\/#primaryimage\"},\"thumbnailUrl\":\"https:\\\/\\\/daniellebeatrizmakeup.com.br\\\/loja\\\/wp-content\\\/uploads\\\/2020\\\/07\\\/lapis-para-olhos-ruby-rose-hb050-2.jpg\",\"datePublished\":\"2020-07-08T15:34:27+00:00\",\"dateModified\":\"2023-12-06T08:41:51+00:00\",\"description\":\"O L\u00e1pis Delineador para Olhos Ruby Rose desliza facilmente, tem fixa\u00e7\u00e3o duradoura e alta pigmenta\u00e7\u00e3o, e \u00e9 muito resistente a \u00e1gua.\",\"breadcrumb\":{\"@id\":\"https:\\\/\\\/daniellebeatrizmakeup.com.br\\\/loja\\\/lapis-delineador-ruby-rose\\\/#breadcrumb\"},\"inLanguage\":\"pt-BR\",\"potentialAction\":[{\"@type\":\"ReadAction\",\"target\":[\"https:\\\/\\\/daniellebeatrizmakeup.com.br\\\/loja\\\/lapis-delineador-ruby-rose\\\/\"]}]},{\"@type\":\"ImageObject\",\"inLanguage\":\"pt-BR\",\"@id\":\"https:\\\/\\\/daniellebeatrizmakeup.com.br\\\/loja\\\/lapis-delineador-ruby-rose\\\/#primaryimage\",\"url\":\"https:\\\/\\\/daniellebeatrizmakeup.com.br\\\/loja\\\/wp-content\\\/uploads\\\/2020\\\/07\\\/lapis-para-olhos-ruby-rose-hb050-2.jpg\",\"contentUrl\":\"https:\\\/\\\/daniellebeatrizmakeup.com.br\\\/loja\\\/wp-content\\\/uploads\\\/2020\\\/07\\\/lapis-para-olhos-ruby-rose-hb050-2.jpg\",\"width\":730,\"height\":720,\"caption\":\"L\u00e1pis para Olhos Ruby Rose\"},{\"@type\":\"BreadcrumbList\",\"@id\":\"https:\\\/\\\/daniellebeatrizmakeup.com.br\\\/loja\\\/lapis-delineador-ruby-rose\\\/#breadcrumb\",\"itemListElement\":[{\"@type\":\"ListItem\",\"position\":1,\"name\":\"In\u00edcio\",\"item\":\"https:\\\/\\\/daniellebeatrizmakeup.com.br\\\/loja\\\/\"},{\"@type\":\"ListItem\",\"position\":2,\"name\":\"Todos\",\"item\":\"https:\\\/\\\/daniellebeatrizmakeup.com.br\\\/loja\\\/todos\\\/\"},{\"@type\":\"ListItem\",\"position\":3,\"name\":\"L\u00e1pis Delineador \u00e0 Prova D`\u00c1gua Ruby Rose\"}]},{\"@type\":\"WebSite\",\"@id\":\"https:\\\/\\\/daniellebeatrizmakeup.com.br\\\/loja\\\/#website\",\"url\":\"https:\\\/\\\/daniellebeatrizmakeup.com.br\\\/loja\\\/\",\"name\":\"Loja DB Makeup\",\"description\":\"A melhor loja de maquiagem para real\u00e7ar a sua beleza\",\"publisher\":{\"@id\":\"https:\\\/\\\/daniellebeatrizmakeup.com.br\\\/loja\\\/#organization\"},\"potentialAction\":[{\"@type\":\"SearchAction\",\"target\":{\"@type\":\"EntryPoint\",\"urlTemplate\":\"https:\\\/\\\/daniellebeatrizmakeup.com.br\\\/loja\\\/?s={search_term_string}\"},\"query-input\":{\"@type\":\"PropertyValueSpecification\",\"valueRequired\":true,\"valueName\":\"search_term_string\"}}],\"inLanguage\":\"pt-BR\"},{\"@type\":\"Organization\",\"@id\":\"https:\\\/\\\/daniellebeatrizmakeup.com.br\\\/loja\\\/#organization\",\"name\":\"Danielle Beatriz Makeup\",\"url\":\"https:\\\/\\\/daniellebeatrizmakeup.com.br\\\/loja\\\/\",\"logo\":{\"@type\":\"ImageObject\",\"inLanguage\":\"pt-BR\",\"@id\":\"https:\\\/\\\/daniellebeatrizmakeup.com.br\\\/loja\\\/#\\\/schema\\\/logo\\\/image\\\/\",\"url\":\"https:\\\/\\\/daniellebeatrizmakeup.com.br\\\/loja\\\/wp-content\\\/uploads\\\/2020\\\/10\\\/logo-loja-db-makeup.png\",\"contentUrl\":\"https:\\\/\\\/daniellebeatrizmakeup.com.br\\\/loja\\\/wp-content\\\/uploads\\\/2020\\\/10\\\/logo-loja-db-makeup.png\",\"width\":500,\"height\":110,\"caption\":\"Danielle Beatriz Makeup\"},\"image\":{\"@id\":\"https:\\\/\\\/daniellebeatrizmakeup.com.br\\\/loja\\\/#\\\/schema\\\/logo\\\/image\\\/\"},\"sameAs\":[\"https:\\\/\\\/www.facebook.com\\\/daniellebeatrizmakeup\",\"https:\\\/\\\/x.com\\\/danibetriz\",\"https:\\\/\\\/www.instagram.com\\\/daniellebeatrizmakeup\",\"https:\\\/\\\/pinterest.com\\\/daniellebeatrizmakeup\",\"https:\\\/\\\/www.youtube.com\\\/DanielleBeatriz\"]}]}<\/script>\n<!-- \/ Yoast SEO plugin. -->","yoast_head_json":{"title":"L\u00e1pis Delineador \u00e0 Prova D`\u00c1gua Ruby Rose - Loja DB Makeup","description":"O L\u00e1pis Delineador para Olhos Ruby Rose desliza facilmente, tem fixa\u00e7\u00e3o duradoura e alta pigmenta\u00e7\u00e3o, e \u00e9 muito resistente a \u00e1gua.","robots":{"index":"index","follow":"follow","max-snippet":"max-snippet:-1","max-image-preview":"max-image-preview:large","max-video-preview":"max-video-preview:-1"},"canonical":"https:\/\/daniellebeatrizmakeup.com.br\/loja\/lapis-delineador-ruby-rose\/","og_locale":"pt_BR","og_type":"article","og_title":"L\u00e1pis Delineador \u00e0 Prova D`\u00c1gua Ruby Rose - Loja DB Makeup","og_description":"O L\u00e1pis Delineador para Olhos Ruby Rose desliza facilmente, tem fixa\u00e7\u00e3o duradoura e alta pigmenta\u00e7\u00e3o, e \u00e9 muito resistente a \u00e1gua.","og_url":"https:\/\/daniellebeatrizmakeup.com.br\/loja\/lapis-delineador-ruby-rose\/","og_site_name":"Loja DB Makeup","article_publisher":"https:\/\/www.facebook.com\/daniellebeatrizmakeup","article_modified_time":"2023-12-06T08:41:51+00:00","og_image":[{"width":730,"height":720,"url":"https:\/\/daniellebeatrizmakeup.com.br\/loja\/wp-content\/uploads\/2020\/07\/lapis-para-olhos-ruby-rose-hb050-2.jpg","type":"image\/jpeg"}],"twitter_card":"summary_large_image","twitter_site":"@danibetriz","twitter_misc":{"Est. tempo de leitura":"1 minuto"},"schema":{"@context":"https:\/\/schema.org","@graph":[{"@type":"WebPage","@id":"https:\/\/daniellebeatrizmakeup.com.br\/loja\/lapis-delineador-ruby-rose\/","url":"https:\/\/daniellebeatrizmakeup.com.br\/loja\/lapis-delineador-ruby-rose\/","name":"L\u00e1pis Delineador \u00e0 Prova D`\u00c1gua Ruby Rose - Loja DB Makeup","isPartOf":{"@id":"https:\/\/daniellebeatrizmakeup.com.br\/loja\/#website"},"primaryImageOfPage":{"@id":"https:\/\/daniellebeatrizmakeup.com.br\/loja\/lapis-delineador-ruby-rose\/#primaryimage"},"image":{"@id":"https:\/\/daniellebeatrizmakeup.com.br\/loja\/lapis-delineador-ruby-rose\/#primaryimage"},"thumbnailUrl":"https:\/\/daniellebeatrizmakeup.com.br\/loja\/wp-content\/uploads\/2020\/07\/lapis-para-olhos-ruby-rose-hb050-2.jpg","datePublished":"2020-07-08T15:34:27+00:00","dateModified":"2023-12-06T08:41:51+00:00","description":"O L\u00e1pis Delineador para Olhos Ruby Rose desliza facilmente, tem fixa\u00e7\u00e3o duradoura e alta pigmenta\u00e7\u00e3o, e \u00e9 muito resistente a \u00e1gua.","breadcrumb":{"@id":"https:\/\/daniellebeatrizmakeup.com.br\/loja\/lapis-delineador-ruby-rose\/#breadcrumb"},"inLanguage":"pt-BR","potentialAction":[{"@type":"ReadAction","target":["https:\/\/daniellebeatrizmakeup.com.br\/loja\/lapis-delineador-ruby-rose\/"]}]},{"@type":"ImageObject","inLanguage":"pt-BR","@id":"https:\/\/daniellebeatrizmakeup.com.br\/loja\/lapis-delineador-ruby-rose\/#primaryimage","url":"https:\/\/daniellebeatrizmakeup.com.br\/loja\/wp-content\/uploads\/2020\/07\/lapis-para-olhos-ruby-rose-hb050-2.jpg","contentUrl":"https:\/\/daniellebeatrizmakeup.com.br\/loja\/wp-content\/uploads\/2020\/07\/lapis-para-olhos-ruby-rose-hb050-2.jpg","width":730,"height":720,"caption":"L\u00e1pis para Olhos Ruby Rose"},{"@type":"BreadcrumbList","@id":"https:\/\/daniellebeatrizmakeup.com.br\/loja\/lapis-delineador-ruby-rose\/#breadcrumb","itemListElement":[{"@type":"ListItem","position":1,"name":"In\u00edcio","item":"https:\/\/daniellebeatrizmakeup.com.br\/loja\/"},{"@type":"ListItem","position":2,"name":"Todos","item":"https:\/\/daniellebeatrizmakeup.com.br\/loja\/todos\/"},{"@type":"ListItem","position":3,"name":"L\u00e1pis Delineador \u00e0 Prova D`\u00c1gua Ruby Rose"}]},{"@type":"WebSite","@id":"https:\/\/daniellebeatrizmakeup.com.br\/loja\/#website","url":"https:\/\/daniellebeatrizmakeup.com.br\/loja\/","name":"Loja DB Makeup","description":"A melhor loja de maquiagem para real\u00e7ar a sua beleza","publisher":{"@id":"https:\/\/daniellebeatrizmakeup.com.br\/loja\/#organization"},"potentialAction":[{"@type":"SearchAction","target":{"@type":"EntryPoint","urlTemplate":"https:\/\/daniellebeatrizmakeup.com.br\/loja\/?s={search_term_string}"},"query-input":{"@type":"PropertyValueSpecification","valueRequired":true,"valueName":"search_term_string"}}],"inLanguage":"pt-BR"},{"@type":"Organization","@id":"https:\/\/daniellebeatrizmakeup.com.br\/loja\/#organization","name":"Danielle Beatriz Makeup","url":"https:\/\/daniellebeatrizmakeup.com.br\/loja\/","logo":{"@type":"ImageObject","inLanguage":"pt-BR","@id":"https:\/\/daniellebeatrizmakeup.com.br\/loja\/#\/schema\/logo\/image\/","url":"https:\/\/daniellebeatrizmakeup.com.br\/loja\/wp-content\/uploads\/2020\/10\/logo-loja-db-makeup.png","contentUrl":"https:\/\/daniellebeatrizmakeup.com.br\/loja\/wp-content\/uploads\/2020\/10\/logo-loja-db-makeup.png","width":500,"height":110,"caption":"Danielle Beatriz Makeup"},"image":{"@id":"https:\/\/daniellebeatrizmakeup.com.br\/loja\/#\/schema\/logo\/image\/"},"sameAs":["https:\/\/www.facebook.com\/daniellebeatrizmakeup","https:\/\/x.com\/danibetriz","https:\/\/www.instagram.com\/daniellebeatrizmakeup","https:\/\/pinterest.com\/daniellebeatrizmakeup","https:\/\/www.youtube.com\/DanielleBeatriz"]}]}},"jetpack_sharing_enabled":true,"_links":{"self":[{"href":"https:\/\/daniellebeatrizmakeup.com.br\/loja\/wp-json\/wp\/v2\/product\/1226","targetHints":{"allow":["GET"]}}],"collection":[{"href":"https:\/\/daniellebeatrizmakeup.com.br\/loja\/wp-json\/wp\/v2\/product"}],"about":[{"href":"https:\/\/daniellebeatrizmakeup.com.br\/loja\/wp-json\/wp\/v2\/types\/product"}],"replies":[{"embeddable":true,"href":"https:\/\/daniellebeatrizmakeup.com.br\/loja\/wp-json\/wp\/v2\/comments?post=1226"}],"version-history":[{"count":3,"href":"https:\/\/daniellebeatrizmakeup.com.br\/loja\/wp-json\/wp\/v2\/product\/1226\/revisions"}],"predecessor-version":[{"id":54467,"href":"https:\/\/daniellebeatrizmakeup.com.br\/loja\/wp-json\/wp\/v2\/product\/1226\/revisions\/54467"}],"wp:featuredmedia":[{"embeddable":true,"href":"https:\/\/daniellebeatrizmakeup.com.br\/loja\/wp-json\/wp\/v2\/media\/1485"}],"wp:attachment":[{"href":"https:\/\/daniellebeatrizmakeup.com.br\/loja\/wp-json\/wp\/v2\/media?parent=1226"}],"wp:term":[{"taxonomy":"product_brand","embeddable":true,"href":"https:\/\/daniellebeatrizmakeup.com.br\/loja\/wp-json\/wp\/v2\/product_brand?post=1226"},{"taxonomy":"product_cat","embeddable":true,"href":"https:\/\/daniellebeatrizmakeup.com.br\/loja\/wp-json\/wp\/v2\/product_cat?post=1226"},{"taxonomy":"product_tag","embeddable":true,"href":"https:\/\/daniellebeatrizmakeup.com.br\/loja\/wp-json\/wp\/v2\/product_tag?post=1226"},{"taxonomy":"woo-feed-brand","embeddable":true,"href":"https:\/\/daniellebeatrizmakeup.com.br\/loja\/wp-json\/wp\/v2\/woo-feed-brand?post=1226"}],"curies":[{"name":"wp","href":"https:\/\/api.w.org\/{rel}","templated":true}]}}