{"id":1213,"date":"2020-07-08T12:34:22","date_gmt":"2020-07-08T15:34:22","guid":{"rendered":"https:\/\/loja.daniellebeatrizmakeup.com.br\/index.php\/produto\/import-placeholder-for-1070\/"},"modified":"2025-09-30T17:18:47","modified_gmt":"2025-09-30T20:18:47","slug":"demaquilante-derrete-make-maria-margarida","status":"publish","type":"product","link":"https:\/\/daniellebeatrizmakeup.com.br\/loja\/demaquilante-derrete-make-maria-margarida\/","title":{"rendered":"Demaquilante Derrete Make Maria Margarida"},"content":{"rendered":"<p>O Demaquilante <a href=\"https:\/\/www.instagram.com\/p\/CAEO_h8ASA-\/\">Derrete Make<\/a> da <a href=\"https:\/\/daniellebeatrizmakeup.com.br\/loja\/maria-margarida\/\">Maria Margarida<\/a> \u00e9 uma espuma de limpeza especialmente desenvolvida para retirar a make de maneira pr\u00e1tica e r\u00e1pida! Enriquecida com \u00d3leo de Coco, a Derrete Make retira toda a make do rosto com apenas uma lavadinha! Por ter ainda o Extrato de Aloe Vera, a Derrete Make garante a limpeza sem retirar a hidrata\u00e7\u00e3o natural da pele!<\/p>\n<p>Voc\u00ea ainda pode usar a Derrete Make nos cuidados di\u00e1rios de sua pele pela manh\u00e3 e noite!<\/p>\n","protected":false},"excerpt":{"rendered":"<p>O Demaquilante <a href=\"https:\/\/www.instagram.com\/p\/CAEO_h8ASA-\/\">Derrete Make<\/a> da <a href=\"https:\/\/daniellebeatrizmakeup.com.br\/loja\/maria-margarida\/\">Maria Margarida<\/a> \u00e9 uma espuma de limpeza especialmente desenvolvida para retirar a make de maneira pr\u00e1tica e r\u00e1pida! Enriquecida com \u00d3leo de Coco, a Derrete Make retira toda a make do rosto com apenas uma lavadinha! Por ter ainda o Extrato de Aloe Vera, a Derrete Make garante a limpeza sem retirar a hidrata\u00e7\u00e3o natural da pele!<\/p>\n","protected":false},"featured_media":1599,"comment_status":"open","ping_status":"closed","template":"","meta":{"_mbp_gutenberg_autopost":false},"product_brand":[],"product_cat":[711,839,73,78,111],"product_tag":[181,185,145,182,183,184],"woo-feed-brand":[],"class_list":{"0":"post-1213","1":"product","2":"type-product","3":"status-publish","4":"has-post-thumbnail","6":"product_cat-demaquilante","7":"product_cat-hidra-makeup","8":"product_cat-maria-margarida","9":"product_cat-rosto","10":"product_cat-skincare","11":"product_tag-demaquilante","12":"product_tag-limpeza-facial","13":"product_tag-maria-margarida","14":"product_tag-removedor","15":"product_tag-removedor-de-maquiagem","16":"product_tag-sabonete-facial","17":"yith_product_brand-maria-margarida","19":"first","20":"outofstock","21":"shipping-taxable","22":"purchasable","23":"product-type-simple"},"yoast_head":"<!-- This site is optimized with the Yoast SEO plugin v27.3 - https:\/\/yoast.com\/product\/yoast-seo-wordpress\/ -->\n<title>Demaquilante Derrete Make Maria Margarida - Loja DB Makeup<\/title>\n<meta name=\"description\" content=\"O Demaquilante Derrete Make \u00e9 uma espuma de limpeza especialmente desenvolvida para retirar a make de maneira pr\u00e1tica e r\u00e1pida!\" \/>\n<meta name=\"robots\" content=\"index, follow, max-snippet:-1, max-image-preview:large, max-video-preview:-1\" \/>\n<link rel=\"canonical\" href=\"https:\/\/daniellebeatrizmakeup.com.br\/loja\/demaquilante-derrete-make-maria-margarida\/\" \/>\n<meta property=\"og:locale\" content=\"pt_BR\" \/>\n<meta property=\"og:type\" content=\"article\" \/>\n<meta property=\"og:title\" content=\"Demaquilante Derrete Make Maria Margarida - Loja DB Makeup\" \/>\n<meta property=\"og:description\" content=\"O Demaquilante Derrete Make \u00e9 uma espuma de limpeza especialmente desenvolvida para retirar a make de maneira pr\u00e1tica e r\u00e1pida!\" \/>\n<meta property=\"og:url\" content=\"https:\/\/daniellebeatrizmakeup.com.br\/loja\/demaquilante-derrete-make-maria-margarida\/\" \/>\n<meta property=\"og:site_name\" content=\"Loja DB Makeup\" \/>\n<meta property=\"article:publisher\" content=\"https:\/\/www.facebook.com\/daniellebeatrizmakeup\" \/>\n<meta property=\"article:modified_time\" content=\"2025-09-30T20:18:47+00:00\" \/>\n<meta property=\"og:image\" content=\"https:\/\/daniellebeatrizmakeup.com.br\/loja\/wp-content\/uploads\/2020\/07\/espuma-de-limpeza-derrete-make-maria-margarida-2-e1732866524366.jpg\" \/>\n\t<meta property=\"og:image:width\" content=\"583\" \/>\n\t<meta property=\"og:image:height\" content=\"778\" \/>\n\t<meta property=\"og:image:type\" content=\"image\/jpeg\" \/>\n<meta name=\"twitter:card\" content=\"summary_large_image\" \/>\n<meta name=\"twitter:site\" content=\"@danibetriz\" \/>\n<meta name=\"twitter:label1\" content=\"Est. tempo de leitura\" \/>\n\t<meta name=\"twitter:data1\" content=\"1 minuto\" \/>\n<script type=\"application\/ld+json\" class=\"yoast-schema-graph\">{\"@context\":\"https:\\\/\\\/schema.org\",\"@graph\":[{\"@type\":\"WebPage\",\"@id\":\"https:\\\/\\\/daniellebeatrizmakeup.com.br\\\/loja\\\/demaquilante-derrete-make-maria-margarida\\\/\",\"url\":\"https:\\\/\\\/daniellebeatrizmakeup.com.br\\\/loja\\\/demaquilante-derrete-make-maria-margarida\\\/\",\"name\":\"Demaquilante Derrete Make Maria Margarida - Loja DB Makeup\",\"isPartOf\":{\"@id\":\"https:\\\/\\\/daniellebeatrizmakeup.com.br\\\/loja\\\/#website\"},\"primaryImageOfPage\":{\"@id\":\"https:\\\/\\\/daniellebeatrizmakeup.com.br\\\/loja\\\/demaquilante-derrete-make-maria-margarida\\\/#primaryimage\"},\"image\":{\"@id\":\"https:\\\/\\\/daniellebeatrizmakeup.com.br\\\/loja\\\/demaquilante-derrete-make-maria-margarida\\\/#primaryimage\"},\"thumbnailUrl\":\"https:\\\/\\\/daniellebeatrizmakeup.com.br\\\/loja\\\/wp-content\\\/uploads\\\/2020\\\/07\\\/espuma-de-limpeza-derrete-make-maria-margarida-2-e1732866524366.jpg\",\"datePublished\":\"2020-07-08T15:34:22+00:00\",\"dateModified\":\"2025-09-30T20:18:47+00:00\",\"description\":\"O Demaquilante Derrete Make \u00e9 uma espuma de limpeza especialmente desenvolvida para retirar a make de maneira pr\u00e1tica e r\u00e1pida!\",\"breadcrumb\":{\"@id\":\"https:\\\/\\\/daniellebeatrizmakeup.com.br\\\/loja\\\/demaquilante-derrete-make-maria-margarida\\\/#breadcrumb\"},\"inLanguage\":\"pt-BR\",\"potentialAction\":[{\"@type\":\"ReadAction\",\"target\":[\"https:\\\/\\\/daniellebeatrizmakeup.com.br\\\/loja\\\/demaquilante-derrete-make-maria-margarida\\\/\"]}]},{\"@type\":\"ImageObject\",\"inLanguage\":\"pt-BR\",\"@id\":\"https:\\\/\\\/daniellebeatrizmakeup.com.br\\\/loja\\\/demaquilante-derrete-make-maria-margarida\\\/#primaryimage\",\"url\":\"https:\\\/\\\/daniellebeatrizmakeup.com.br\\\/loja\\\/wp-content\\\/uploads\\\/2020\\\/07\\\/espuma-de-limpeza-derrete-make-maria-margarida-2-e1732866524366.jpg\",\"contentUrl\":\"https:\\\/\\\/daniellebeatrizmakeup.com.br\\\/loja\\\/wp-content\\\/uploads\\\/2020\\\/07\\\/espuma-de-limpeza-derrete-make-maria-margarida-2-e1732866524366.jpg\",\"width\":583,\"height\":778,\"caption\":\"Demaquilante Derrete Make Maria Margarida\"},{\"@type\":\"BreadcrumbList\",\"@id\":\"https:\\\/\\\/daniellebeatrizmakeup.com.br\\\/loja\\\/demaquilante-derrete-make-maria-margarida\\\/#breadcrumb\",\"itemListElement\":[{\"@type\":\"ListItem\",\"position\":1,\"name\":\"In\u00edcio\",\"item\":\"https:\\\/\\\/daniellebeatrizmakeup.com.br\\\/loja\\\/\"},{\"@type\":\"ListItem\",\"position\":2,\"name\":\"Todos\",\"item\":\"https:\\\/\\\/daniellebeatrizmakeup.com.br\\\/loja\\\/todos\\\/\"},{\"@type\":\"ListItem\",\"position\":3,\"name\":\"Demaquilante Derrete Make Maria Margarida\"}]},{\"@type\":\"WebSite\",\"@id\":\"https:\\\/\\\/daniellebeatrizmakeup.com.br\\\/loja\\\/#website\",\"url\":\"https:\\\/\\\/daniellebeatrizmakeup.com.br\\\/loja\\\/\",\"name\":\"Loja DB Makeup\",\"description\":\"A melhor loja de maquiagem para real\u00e7ar a sua beleza\",\"publisher\":{\"@id\":\"https:\\\/\\\/daniellebeatrizmakeup.com.br\\\/loja\\\/#organization\"},\"potentialAction\":[{\"@type\":\"SearchAction\",\"target\":{\"@type\":\"EntryPoint\",\"urlTemplate\":\"https:\\\/\\\/daniellebeatrizmakeup.com.br\\\/loja\\\/?s={search_term_string}\"},\"query-input\":{\"@type\":\"PropertyValueSpecification\",\"valueRequired\":true,\"valueName\":\"search_term_string\"}}],\"inLanguage\":\"pt-BR\"},{\"@type\":\"Organization\",\"@id\":\"https:\\\/\\\/daniellebeatrizmakeup.com.br\\\/loja\\\/#organization\",\"name\":\"Danielle Beatriz Makeup\",\"url\":\"https:\\\/\\\/daniellebeatrizmakeup.com.br\\\/loja\\\/\",\"logo\":{\"@type\":\"ImageObject\",\"inLanguage\":\"pt-BR\",\"@id\":\"https:\\\/\\\/daniellebeatrizmakeup.com.br\\\/loja\\\/#\\\/schema\\\/logo\\\/image\\\/\",\"url\":\"https:\\\/\\\/daniellebeatrizmakeup.com.br\\\/loja\\\/wp-content\\\/uploads\\\/2020\\\/10\\\/logo-loja-db-makeup.png\",\"contentUrl\":\"https:\\\/\\\/daniellebeatrizmakeup.com.br\\\/loja\\\/wp-content\\\/uploads\\\/2020\\\/10\\\/logo-loja-db-makeup.png\",\"width\":500,\"height\":110,\"caption\":\"Danielle Beatriz Makeup\"},\"image\":{\"@id\":\"https:\\\/\\\/daniellebeatrizmakeup.com.br\\\/loja\\\/#\\\/schema\\\/logo\\\/image\\\/\"},\"sameAs\":[\"https:\\\/\\\/www.facebook.com\\\/daniellebeatrizmakeup\",\"https:\\\/\\\/x.com\\\/danibetriz\",\"https:\\\/\\\/www.instagram.com\\\/daniellebeatrizmakeup\",\"https:\\\/\\\/pinterest.com\\\/daniellebeatrizmakeup\",\"https:\\\/\\\/www.youtube.com\\\/DanielleBeatriz\"]}]}<\/script>\n<!-- \/ Yoast SEO plugin. -->","yoast_head_json":{"title":"Demaquilante Derrete Make Maria Margarida - Loja DB Makeup","description":"O Demaquilante Derrete Make \u00e9 uma espuma de limpeza especialmente desenvolvida para retirar a make de maneira pr\u00e1tica e r\u00e1pida!","robots":{"index":"index","follow":"follow","max-snippet":"max-snippet:-1","max-image-preview":"max-image-preview:large","max-video-preview":"max-video-preview:-1"},"canonical":"https:\/\/daniellebeatrizmakeup.com.br\/loja\/demaquilante-derrete-make-maria-margarida\/","og_locale":"pt_BR","og_type":"article","og_title":"Demaquilante Derrete Make Maria Margarida - Loja DB Makeup","og_description":"O Demaquilante Derrete Make \u00e9 uma espuma de limpeza especialmente desenvolvida para retirar a make de maneira pr\u00e1tica e r\u00e1pida!","og_url":"https:\/\/daniellebeatrizmakeup.com.br\/loja\/demaquilante-derrete-make-maria-margarida\/","og_site_name":"Loja DB Makeup","article_publisher":"https:\/\/www.facebook.com\/daniellebeatrizmakeup","article_modified_time":"2025-09-30T20:18:47+00:00","og_image":[{"width":583,"height":778,"url":"https:\/\/daniellebeatrizmakeup.com.br\/loja\/wp-content\/uploads\/2020\/07\/espuma-de-limpeza-derrete-make-maria-margarida-2-e1732866524366.jpg","type":"image\/jpeg"}],"twitter_card":"summary_large_image","twitter_site":"@danibetriz","twitter_misc":{"Est. tempo de leitura":"1 minuto"},"schema":{"@context":"https:\/\/schema.org","@graph":[{"@type":"WebPage","@id":"https:\/\/daniellebeatrizmakeup.com.br\/loja\/demaquilante-derrete-make-maria-margarida\/","url":"https:\/\/daniellebeatrizmakeup.com.br\/loja\/demaquilante-derrete-make-maria-margarida\/","name":"Demaquilante Derrete Make Maria Margarida - Loja DB Makeup","isPartOf":{"@id":"https:\/\/daniellebeatrizmakeup.com.br\/loja\/#website"},"primaryImageOfPage":{"@id":"https:\/\/daniellebeatrizmakeup.com.br\/loja\/demaquilante-derrete-make-maria-margarida\/#primaryimage"},"image":{"@id":"https:\/\/daniellebeatrizmakeup.com.br\/loja\/demaquilante-derrete-make-maria-margarida\/#primaryimage"},"thumbnailUrl":"https:\/\/daniellebeatrizmakeup.com.br\/loja\/wp-content\/uploads\/2020\/07\/espuma-de-limpeza-derrete-make-maria-margarida-2-e1732866524366.jpg","datePublished":"2020-07-08T15:34:22+00:00","dateModified":"2025-09-30T20:18:47+00:00","description":"O Demaquilante Derrete Make \u00e9 uma espuma de limpeza especialmente desenvolvida para retirar a make de maneira pr\u00e1tica e r\u00e1pida!","breadcrumb":{"@id":"https:\/\/daniellebeatrizmakeup.com.br\/loja\/demaquilante-derrete-make-maria-margarida\/#breadcrumb"},"inLanguage":"pt-BR","potentialAction":[{"@type":"ReadAction","target":["https:\/\/daniellebeatrizmakeup.com.br\/loja\/demaquilante-derrete-make-maria-margarida\/"]}]},{"@type":"ImageObject","inLanguage":"pt-BR","@id":"https:\/\/daniellebeatrizmakeup.com.br\/loja\/demaquilante-derrete-make-maria-margarida\/#primaryimage","url":"https:\/\/daniellebeatrizmakeup.com.br\/loja\/wp-content\/uploads\/2020\/07\/espuma-de-limpeza-derrete-make-maria-margarida-2-e1732866524366.jpg","contentUrl":"https:\/\/daniellebeatrizmakeup.com.br\/loja\/wp-content\/uploads\/2020\/07\/espuma-de-limpeza-derrete-make-maria-margarida-2-e1732866524366.jpg","width":583,"height":778,"caption":"Demaquilante Derrete Make Maria Margarida"},{"@type":"BreadcrumbList","@id":"https:\/\/daniellebeatrizmakeup.com.br\/loja\/demaquilante-derrete-make-maria-margarida\/#breadcrumb","itemListElement":[{"@type":"ListItem","position":1,"name":"In\u00edcio","item":"https:\/\/daniellebeatrizmakeup.com.br\/loja\/"},{"@type":"ListItem","position":2,"name":"Todos","item":"https:\/\/daniellebeatrizmakeup.com.br\/loja\/todos\/"},{"@type":"ListItem","position":3,"name":"Demaquilante Derrete Make Maria Margarida"}]},{"@type":"WebSite","@id":"https:\/\/daniellebeatrizmakeup.com.br\/loja\/#website","url":"https:\/\/daniellebeatrizmakeup.com.br\/loja\/","name":"Loja DB Makeup","description":"A melhor loja de maquiagem para real\u00e7ar a sua beleza","publisher":{"@id":"https:\/\/daniellebeatrizmakeup.com.br\/loja\/#organization"},"potentialAction":[{"@type":"SearchAction","target":{"@type":"EntryPoint","urlTemplate":"https:\/\/daniellebeatrizmakeup.com.br\/loja\/?s={search_term_string}"},"query-input":{"@type":"PropertyValueSpecification","valueRequired":true,"valueName":"search_term_string"}}],"inLanguage":"pt-BR"},{"@type":"Organization","@id":"https:\/\/daniellebeatrizmakeup.com.br\/loja\/#organization","name":"Danielle Beatriz Makeup","url":"https:\/\/daniellebeatrizmakeup.com.br\/loja\/","logo":{"@type":"ImageObject","inLanguage":"pt-BR","@id":"https:\/\/daniellebeatrizmakeup.com.br\/loja\/#\/schema\/logo\/image\/","url":"https:\/\/daniellebeatrizmakeup.com.br\/loja\/wp-content\/uploads\/2020\/10\/logo-loja-db-makeup.png","contentUrl":"https:\/\/daniellebeatrizmakeup.com.br\/loja\/wp-content\/uploads\/2020\/10\/logo-loja-db-makeup.png","width":500,"height":110,"caption":"Danielle Beatriz Makeup"},"image":{"@id":"https:\/\/daniellebeatrizmakeup.com.br\/loja\/#\/schema\/logo\/image\/"},"sameAs":["https:\/\/www.facebook.com\/daniellebeatrizmakeup","https:\/\/x.com\/danibetriz","https:\/\/www.instagram.com\/daniellebeatrizmakeup","https:\/\/pinterest.com\/daniellebeatrizmakeup","https:\/\/www.youtube.com\/DanielleBeatriz"]}]}},"jetpack_sharing_enabled":true,"_links":{"self":[{"href":"https:\/\/daniellebeatrizmakeup.com.br\/loja\/wp-json\/wp\/v2\/product\/1213","targetHints":{"allow":["GET"]}}],"collection":[{"href":"https:\/\/daniellebeatrizmakeup.com.br\/loja\/wp-json\/wp\/v2\/product"}],"about":[{"href":"https:\/\/daniellebeatrizmakeup.com.br\/loja\/wp-json\/wp\/v2\/types\/product"}],"replies":[{"embeddable":true,"href":"https:\/\/daniellebeatrizmakeup.com.br\/loja\/wp-json\/wp\/v2\/comments?post=1213"}],"version-history":[{"count":6,"href":"https:\/\/daniellebeatrizmakeup.com.br\/loja\/wp-json\/wp\/v2\/product\/1213\/revisions"}],"predecessor-version":[{"id":58733,"href":"https:\/\/daniellebeatrizmakeup.com.br\/loja\/wp-json\/wp\/v2\/product\/1213\/revisions\/58733"}],"wp:featuredmedia":[{"embeddable":true,"href":"https:\/\/daniellebeatrizmakeup.com.br\/loja\/wp-json\/wp\/v2\/media\/1599"}],"wp:attachment":[{"href":"https:\/\/daniellebeatrizmakeup.com.br\/loja\/wp-json\/wp\/v2\/media?parent=1213"}],"wp:term":[{"taxonomy":"product_brand","embeddable":true,"href":"https:\/\/daniellebeatrizmakeup.com.br\/loja\/wp-json\/wp\/v2\/product_brand?post=1213"},{"taxonomy":"product_cat","embeddable":true,"href":"https:\/\/daniellebeatrizmakeup.com.br\/loja\/wp-json\/wp\/v2\/product_cat?post=1213"},{"taxonomy":"product_tag","embeddable":true,"href":"https:\/\/daniellebeatrizmakeup.com.br\/loja\/wp-json\/wp\/v2\/product_tag?post=1213"},{"taxonomy":"woo-feed-brand","embeddable":true,"href":"https:\/\/daniellebeatrizmakeup.com.br\/loja\/wp-json\/wp\/v2\/woo-feed-brand?post=1213"}],"curies":[{"name":"wp","href":"https:\/\/api.w.org\/{rel}","templated":true}]}}